{"id":6115,"date":"2025-02-17T14:24:04","date_gmt":"2025-02-17T14:24:04","guid":{"rendered":"https:\/\/sodablastsystems-europe.com\/specifikation-av-sb-500-trailer-med-dpf\/"},"modified":"2025-02-17T14:26:09","modified_gmt":"2025-02-17T14:26:09","slug":"specifikation-av-sb-500-trailer-med-dpf","status":"publish","type":"page","link":"https:\/\/sodablastsystems-europe.com\/sv\/specifikation-av-sb-500-trailer-med-dpf\/","title":{"rendered":"Specifikation av &#8221;SB-500 Trailer&#8221; med DPF"},"content":{"rendered":"<p><strong>Komplett, trekomponents, transportabel och f\u00e4rdig att anv\u00e4nda kit:<\/strong><\/p>\n\n<p><strong>SodaBlaster bl\u00e4stersektion:<\/strong><\/p>\n\n<ul class=\"wp-block-list\">\n<li>SB-500 bl\u00e4stertank<\/li>\n\n\n\n<li>1 sekunds sj\u00e4lvf\u00f6rseglande trattlucka<\/li>\n\n\n\n<li>Lufttrycksregulator<\/li>\n\n\n\n<li>Regulator f\u00f6r m\u00e4ngd slipmedel<\/li>\n\n\n\n<li>Elektrisk fj\u00e4rrkontroll med 15 m kabel<\/li>\n\n\n\n<li>Renluftsanslutning f\u00f6r valfria verktyg<\/li>\n\n\n\n<li>340o roterande bl\u00e4sterslangutlopp<\/li>\n\n\n\n<li>Ljudd\u00e4mpare f\u00f6r luftutsl\u00e4pp fr\u00e5n bl\u00e4stertank<\/li>\n<\/ul>\n\n<p><strong>Blaster kylsystem:<\/strong><\/p>\n\n<ul class=\"wp-block-list\">\n<li>MT-3 Sj\u00e4lvf\u00f6rs\u00f6rjande lufttork<\/li>\n\n\n\n<li>CF-125 Cyklon luftfilter<\/li>\n\n\n\n<li>10bar tryckkylare<\/li>\n\n\n\n<li>Fl\u00e4kt med h\u00f6g hastighet<\/li>\n<\/ul>\n\n<p><strong>Skruvluftkompressor:<\/strong><\/p>\n\n<ul class=\"wp-block-list\">\n<li>Kubota fyrcylindrig turboladdad motor<\/li>\n\n\n\n<li>33 kW motoreffekt<\/li>\n\n\n\n<li>1.498 liters motorvolym<\/li>\n\n\n\n<li>12V elektrisk installation<\/li>\n\n\n\n<li>45 liters br\u00e4nsletank<\/li>\n\n\n\n<li>LCD-display<\/li>\n\n\n\n<li>STOP n\u00f6dbrytare<\/li>\n\n\n\n<li>Internt ljudisolerad kompressor i huset<\/li>\n\n\n\n<li>Korrosionsskydd f\u00f6r C3-milj\u00f6er med h\u00f6g luftfuktighet<\/li>\n\n\n\n<li>Ljudd\u00e4mpare f\u00f6r kompressorns luftutsl\u00e4pp<\/li>\n\n\n\n<li>\u00d6verensst\u00e4mmer med EU STAGE V-standarden f\u00f6r f\u00f6rbr\u00e4nningsmotorer<\/li>\n\n\n\n<li>\u00d6verensst\u00e4mmer med bullerstandarden 2000\/14\/EG<\/li>\n<\/ul>\n\n<p><strong>V\u00e4gchassi:<\/strong><\/p>\n\n<ul class=\"wp-block-list\">\n<li>Europeisk homologering av specialsl\u00e4pvagn<\/li>\n\n\n\n<li>CNC-tillverkad konstruktion<\/li>\n\n\n\n<li>AL-KO chassikomponenter<\/li>\n\n\n\n<li>2 axlar = 4 hjul, M+S 13C-d\u00e4ck<\/li>\n\n\n\n<li>P\u00e5k\u00f6rnings-, n\u00f6d- och parkeringsbroms<\/li>\n\n\n\n<li>Kulkoppling f\u00f6r dragkrok med koppling och slitageindikator<\/li>\n\n\n\n<li>4 justerbara st\u00f6d f\u00f6r niv\u00e5reglering av chassit<\/li>\n\n\n\n<li>Reservhjul i full storlek<\/li>\n\n\n\n<li>13-polig v\u00e4gbelysning elektrisk installation<\/li>\n<\/ul>\n\n<p><strong>Medf\u00f6ljande tillbeh\u00f6r &#8211; Grundpaket:<\/strong><\/p>\n\n<ul class=\"wp-block-list\">\n<li>HV-5 runt munstycke (8mm)<\/li>\n\n\n\n<li>Vattenadapter f\u00f6r munstycke<\/li>\n\n\n\n<li>Tratt f\u00f6r att h\u00e4lla i slipmedel<\/li>\n\n\n\n<li>15 m styrkabel<\/li>\n\n\n\n<li>15 m vattenslang<\/li>\n\n\n\n<li>Bl\u00e4sterslang 15m<\/li>\n<\/ul>","protected":false},"excerpt":{"rendered":"<p>Komplett, trekomponents, transportabel och f\u00e4rdig att anv\u00e4nda kit: SodaBlaster bl\u00e4stersektion: Blaster kylsystem: Skruvluftkompressor: V\u00e4gchassi: Medf\u00f6ljande tillbeh\u00f6r &#8211; Grundpaket:<\/p>","protected":false},"author":1,"featured_media":0,"parent":0,"menu_order":0,"comment_status":"closed","ping_status":"closed","template":"","meta":{"footnotes":""},"class_list":["post-6115","page","type-page","status-publish","hentry"],"yoast_head":"<!-- This site is optimized with the Yoast SEO Premium plugin v21.5 (Yoast SEO v21.5) - https:\/\/yoast.com\/wordpress\/plugins\/seo\/ -->\n<title>Specifikation av &quot;SB-500 Trailer&quot; med DPF - SodaBlast Systems<\/title>\n<meta name=\"robots\" content=\"index, follow, max-snippet:-1, max-image-preview:large, max-video-preview:-1\" \/>\n<link rel=\"canonical\" href=\"https:\/\/sodablastsystems-europe.com\/sv\/specifikation-av-sb-500-trailer-med-dpf\/\" \/>\n<meta property=\"og:locale\" content=\"sv_SE\" \/>\n<meta property=\"og:type\" content=\"article\" \/>\n<meta property=\"og:title\" content=\"Specifikation av &quot;SB-500 Trailer&quot; med DPF\" \/>\n<meta property=\"og:description\" content=\"Komplett, trekomponents, transportabel och f\u00e4rdig att anv\u00e4nda kit: SodaBlaster bl\u00e4stersektion: Blaster kylsystem: Skruvluftkompressor: V\u00e4gchassi: Medf\u00f6ljande tillbeh\u00f6r &#8211; Grundpaket:\" \/>\n<meta property=\"og:url\" content=\"https:\/\/sodablastsystems-europe.com\/sv\/specifikation-av-sb-500-trailer-med-dpf\/\" \/>\n<meta property=\"og:site_name\" content=\"SodaBlast Systems\" \/>\n<meta property=\"article:publisher\" content=\"https:\/\/www.facebook.com\/sodablastsystems\/\" \/>\n<meta property=\"article:modified_time\" content=\"2025-02-17T14:26:09+00:00\" \/>\n<meta property=\"og:image\" content=\"https:\/\/sodablastsystems-europe.com\/wp-content\/uploads\/2023\/08\/logo-sodablastsystems-usa-1.png\" \/>\n\t<meta property=\"og:image:width\" content=\"200\" \/>\n\t<meta property=\"og:image:height\" content=\"200\" \/>\n\t<meta property=\"og:image:type\" content=\"image\/png\" \/>\n<meta name=\"twitter:card\" content=\"summary_large_image\" \/>\n<meta name=\"twitter:label1\" content=\"Ber\u00e4knad l\u00e4stid\" \/>\n\t<meta name=\"twitter:data1\" content=\"1 minut\" \/>\n<script type=\"application\/ld+json\" class=\"yoast-schema-graph\">{\"@context\":\"https:\/\/schema.org\",\"@graph\":[{\"@type\":\"WebPage\",\"@id\":\"https:\/\/sodablastsystems-europe.com\/sv\/specifikation-av-sb-500-trailer-med-dpf\/\",\"url\":\"https:\/\/sodablastsystems-europe.com\/sv\/specifikation-av-sb-500-trailer-med-dpf\/\",\"name\":\"Specifikation av \\\"SB-500 Trailer\\\" med DPF - SodaBlast Systems\",\"isPartOf\":{\"@id\":\"https:\/\/sodablastsystems-europe.com\/sv\/#website\"},\"datePublished\":\"2025-02-17T14:24:04+00:00\",\"dateModified\":\"2025-02-17T14:26:09+00:00\",\"breadcrumb\":{\"@id\":\"https:\/\/sodablastsystems-europe.com\/sv\/specifikation-av-sb-500-trailer-med-dpf\/#breadcrumb\"},\"inLanguage\":\"sv-SE\",\"potentialAction\":[{\"@type\":\"ReadAction\",\"target\":[\"https:\/\/sodablastsystems-europe.com\/sv\/specifikation-av-sb-500-trailer-med-dpf\/\"]}]},{\"@type\":\"BreadcrumbList\",\"@id\":\"https:\/\/sodablastsystems-europe.com\/sv\/specifikation-av-sb-500-trailer-med-dpf\/#breadcrumb\",\"itemListElement\":[{\"@type\":\"ListItem\",\"position\":1,\"name\":\"Strona g\u0142\u00f3wna\",\"item\":\"https:\/\/sodablastsystems-europe.com\/sv\/\"},{\"@type\":\"ListItem\",\"position\":2,\"name\":\"Specifikation av &#8221;SB-500 Trailer&#8221; med DPF\"}]},{\"@type\":\"WebSite\",\"@id\":\"https:\/\/sodablastsystems-europe.com\/sv\/#website\",\"url\":\"https:\/\/sodablastsystems-europe.com\/sv\/\",\"name\":\"SodaBlast Systems Europe\",\"description\":\"SodaBlasting Machines from USA. Innovative Technology For Your Business.\",\"publisher\":{\"@id\":\"https:\/\/sodablastsystems-europe.com\/sv\/#organization\"},\"potentialAction\":[{\"@type\":\"SearchAction\",\"target\":{\"@type\":\"EntryPoint\",\"urlTemplate\":\"https:\/\/sodablastsystems-europe.com\/sv\/?s={search_term_string}\"},\"query-input\":\"required name=search_term_string\"}],\"inLanguage\":\"sv-SE\"},{\"@type\":\"Organization\",\"@id\":\"https:\/\/sodablastsystems-europe.com\/sv\/#organization\",\"name\":\"SodaBlast Systems Europe\",\"url\":\"https:\/\/sodablastsystems-europe.com\/sv\/\",\"logo\":{\"@type\":\"ImageObject\",\"inLanguage\":\"sv-SE\",\"@id\":\"https:\/\/sodablastsystems-europe.com\/sv\/#\/schema\/logo\/image\/\",\"url\":\"https:\/\/sodablastsystems-europe.com\/wp-content\/uploads\/2023\/08\/logo-sodablastsystems-usa-1.png\",\"contentUrl\":\"https:\/\/sodablastsystems-europe.com\/wp-content\/uploads\/2023\/08\/logo-sodablastsystems-usa-1.png\",\"width\":200,\"height\":200,\"caption\":\"SodaBlast Systems Europe\"},\"image\":{\"@id\":\"https:\/\/sodablastsystems-europe.com\/sv\/#\/schema\/logo\/image\/\"},\"sameAs\":[\"https:\/\/www.facebook.com\/sodablastsystems\/\",\"https:\/\/www.tiktok.com\/@sodablast.systems\",\"https:\/\/www.instagram.com\/sodablastsystems_europe\/\",\"https:\/\/www.youtube.com\/@Sodablastsystems\"]}]}<\/script>\n<!-- \/ Yoast SEO Premium plugin. -->","yoast_head_json":{"title":"Specifikation av \"SB-500 Trailer\" med DPF - SodaBlast Systems","robots":{"index":"index","follow":"follow","max-snippet":"max-snippet:-1","max-image-preview":"max-image-preview:large","max-video-preview":"max-video-preview:-1"},"canonical":"https:\/\/sodablastsystems-europe.com\/sv\/specifikation-av-sb-500-trailer-med-dpf\/","og_locale":"sv_SE","og_type":"article","og_title":"Specifikation av \"SB-500 Trailer\" med DPF","og_description":"Komplett, trekomponents, transportabel och f\u00e4rdig att anv\u00e4nda kit: SodaBlaster bl\u00e4stersektion: Blaster kylsystem: Skruvluftkompressor: V\u00e4gchassi: Medf\u00f6ljande tillbeh\u00f6r &#8211; Grundpaket:","og_url":"https:\/\/sodablastsystems-europe.com\/sv\/specifikation-av-sb-500-trailer-med-dpf\/","og_site_name":"SodaBlast Systems","article_publisher":"https:\/\/www.facebook.com\/sodablastsystems\/","article_modified_time":"2025-02-17T14:26:09+00:00","og_image":[{"width":200,"height":200,"url":"https:\/\/sodablastsystems-europe.com\/wp-content\/uploads\/2023\/08\/logo-sodablastsystems-usa-1.png","type":"image\/png"}],"twitter_card":"summary_large_image","twitter_misc":{"Ber\u00e4knad l\u00e4stid":"1 minut"},"schema":{"@context":"https:\/\/schema.org","@graph":[{"@type":"WebPage","@id":"https:\/\/sodablastsystems-europe.com\/sv\/specifikation-av-sb-500-trailer-med-dpf\/","url":"https:\/\/sodablastsystems-europe.com\/sv\/specifikation-av-sb-500-trailer-med-dpf\/","name":"Specifikation av \"SB-500 Trailer\" med DPF - SodaBlast Systems","isPartOf":{"@id":"https:\/\/sodablastsystems-europe.com\/sv\/#website"},"datePublished":"2025-02-17T14:24:04+00:00","dateModified":"2025-02-17T14:26:09+00:00","breadcrumb":{"@id":"https:\/\/sodablastsystems-europe.com\/sv\/specifikation-av-sb-500-trailer-med-dpf\/#breadcrumb"},"inLanguage":"sv-SE","potentialAction":[{"@type":"ReadAction","target":["https:\/\/sodablastsystems-europe.com\/sv\/specifikation-av-sb-500-trailer-med-dpf\/"]}]},{"@type":"BreadcrumbList","@id":"https:\/\/sodablastsystems-europe.com\/sv\/specifikation-av-sb-500-trailer-med-dpf\/#breadcrumb","itemListElement":[{"@type":"ListItem","position":1,"name":"Strona g\u0142\u00f3wna","item":"https:\/\/sodablastsystems-europe.com\/sv\/"},{"@type":"ListItem","position":2,"name":"Specifikation av &#8221;SB-500 Trailer&#8221; med DPF"}]},{"@type":"WebSite","@id":"https:\/\/sodablastsystems-europe.com\/sv\/#website","url":"https:\/\/sodablastsystems-europe.com\/sv\/","name":"SodaBlast Systems Europe","description":"SodaBlasting Machines from USA. Innovative Technology For Your Business.","publisher":{"@id":"https:\/\/sodablastsystems-europe.com\/sv\/#organization"},"potentialAction":[{"@type":"SearchAction","target":{"@type":"EntryPoint","urlTemplate":"https:\/\/sodablastsystems-europe.com\/sv\/?s={search_term_string}"},"query-input":"required name=search_term_string"}],"inLanguage":"sv-SE"},{"@type":"Organization","@id":"https:\/\/sodablastsystems-europe.com\/sv\/#organization","name":"SodaBlast Systems Europe","url":"https:\/\/sodablastsystems-europe.com\/sv\/","logo":{"@type":"ImageObject","inLanguage":"sv-SE","@id":"https:\/\/sodablastsystems-europe.com\/sv\/#\/schema\/logo\/image\/","url":"https:\/\/sodablastsystems-europe.com\/wp-content\/uploads\/2023\/08\/logo-sodablastsystems-usa-1.png","contentUrl":"https:\/\/sodablastsystems-europe.com\/wp-content\/uploads\/2023\/08\/logo-sodablastsystems-usa-1.png","width":200,"height":200,"caption":"SodaBlast Systems Europe"},"image":{"@id":"https:\/\/sodablastsystems-europe.com\/sv\/#\/schema\/logo\/image\/"},"sameAs":["https:\/\/www.facebook.com\/sodablastsystems\/","https:\/\/www.tiktok.com\/@sodablast.systems","https:\/\/www.instagram.com\/sodablastsystems_europe\/","https:\/\/www.youtube.com\/@Sodablastsystems"]}]}},"_links":{"self":[{"href":"https:\/\/sodablastsystems-europe.com\/sv\/wp-json\/wp\/v2\/pages\/6115","targetHints":{"allow":["GET"]}}],"collection":[{"href":"https:\/\/sodablastsystems-europe.com\/sv\/wp-json\/wp\/v2\/pages"}],"about":[{"href":"https:\/\/sodablastsystems-europe.com\/sv\/wp-json\/wp\/v2\/types\/page"}],"author":[{"embeddable":true,"href":"https:\/\/sodablastsystems-europe.com\/sv\/wp-json\/wp\/v2\/users\/1"}],"replies":[{"embeddable":true,"href":"https:\/\/sodablastsystems-europe.com\/sv\/wp-json\/wp\/v2\/comments?post=6115"}],"version-history":[{"count":1,"href":"https:\/\/sodablastsystems-europe.com\/sv\/wp-json\/wp\/v2\/pages\/6115\/revisions"}],"predecessor-version":[{"id":6118,"href":"https:\/\/sodablastsystems-europe.com\/sv\/wp-json\/wp\/v2\/pages\/6115\/revisions\/6118"}],"wp:attachment":[{"href":"https:\/\/sodablastsystems-europe.com\/sv\/wp-json\/wp\/v2\/media?parent=6115"}],"curies":[{"name":"wp","href":"https:\/\/api.w.org\/{rel}","templated":true}]}}