{"id":1593,"date":"2023-08-27T08:07:29","date_gmt":"2023-08-27T08:07:29","guid":{"rendered":"https:\/\/sodablastsystems-europe.com\/30-minuter-lang-rengoringssammanstallning\/"},"modified":"2026-01-08T09:56:47","modified_gmt":"2026-01-08T09:56:47","slug":"30-minuter-lang-rengoringssammanstallning","status":"publish","type":"page","link":"https:\/\/sodablastsystems-europe.com\/sv\/30-minuter-lang-rengoringssammanstallning\/","title":{"rendered":"Videor"},"content":{"rendered":"<h1 class=\"wp-block-heading\" id=\"h-30-minute-cleaning-compilation\">30 minuter l\u00e5ng reng\u00f6ringssammanst\u00e4llning<\/h1>\n\n<h2 class=\"wp-block-heading has-large-font-size\" id=\"h-authentic-soda-blasting-effects-sodablast-users-in-action\">Autentiska effekter av sodabl\u00e4string &#8211; SodaBlast-anv\u00e4ndare i aktion<\/h2>\n\n<p>Vi inbjuder dig att titta p\u00e5 autentiska videor som skickats av v\u00e5ra anv\u00e4ndare fr\u00e5n hela Europa. Dessa videor visar inte bara hur effektiva SodaBlast Systems maskiner \u00e4r, utan ocks\u00e5 hur m\u00e5nga olika anv\u00e4ndningsomr\u00e5den det finns och vilka tekniker som anv\u00e4nds vid bl\u00e4string med soda. Se hur v\u00e5ra kunder hanterar reng\u00f6ringsutmaningar och de spektakul\u00e4ra resultat som kan uppn\u00e5s med v\u00e5ra l\u00f6sningar. Varje klipp \u00e4r en verklig upplevelse och en verklig f\u00f6rvandling &#8211; renoverade ytor \u00e5terf\u00e5r sin glans och tillfredsst\u00e4llelsen \u00f6ver ett v\u00e4l utf\u00f6rt arbete syns tydligt.<\/p>\n\n<p><strong>Klicka och titta<\/strong>:<\/p>\n\n<lite-vimeo videoid=\"858282701\"><\/lite-vimeo>\n\n<p><\/p>","protected":false},"excerpt":{"rendered":"<p>30 minuter l\u00e5ng reng\u00f6ringssammanst\u00e4llning Autentiska effekter av sodabl\u00e4string &#8211; SodaBlast-anv\u00e4ndare i aktion Vi inbjuder dig att titta p\u00e5 autentiska videor som skickats av v\u00e5ra anv\u00e4ndare fr\u00e5n hela Europa. Dessa videor visar inte bara hur effektiva SodaBlast Systems maskiner \u00e4r, utan ocks\u00e5 hur m\u00e5nga olika anv\u00e4ndningsomr\u00e5den det finns och vilka tekniker som anv\u00e4nds vid bl\u00e4string med [&hellip;]<\/p>","protected":false},"author":1,"featured_media":0,"parent":0,"menu_order":0,"comment_status":"closed","ping_status":"closed","template":"strona-bez-tytu-u","meta":{"footnotes":""},"class_list":["post-1593","page","type-page","status-publish","hentry"],"yoast_head":"<!-- This site is optimized with the Yoast SEO Premium plugin v21.5 (Yoast SEO v21.5) - https:\/\/yoast.com\/wordpress\/plugins\/seo\/ -->\n<title>Soda Blasting Videos Sammanst\u00e4llning - SodaBlast Systems<\/title>\n<meta name=\"description\" content=\"Se v\u00e5r sammanst\u00e4llning av videor om sodabl\u00e4string p\u00e5 SodaBlast Systems Europe. Uppt\u00e4ck verkliga till\u00e4mpningar som visar f\u00e4rg- och rostborttagning, yt\u00e5terst\u00e4llning och milj\u00f6v\u00e4nliga reng\u00f6ringsl\u00f6sningar\" \/>\n<meta name=\"robots\" content=\"index, follow, max-snippet:-1, max-image-preview:large, max-video-preview:-1\" \/>\n<link rel=\"canonical\" href=\"https:\/\/sodablastsystems-europe.com\/sv\/30-minuter-lang-rengoringssammanstallning\/\" \/>\n<meta property=\"og:locale\" content=\"sv_SE\" \/>\n<meta property=\"og:type\" content=\"article\" \/>\n<meta property=\"og:title\" content=\"Soda Blasting Videos Sammanst\u00e4llning - SodaBlast Systems\" \/>\n<meta property=\"og:description\" content=\"Se v\u00e5r sammanst\u00e4llning av videor om sodabl\u00e4string p\u00e5 SodaBlast Systems Europe. Uppt\u00e4ck verkliga till\u00e4mpningar som visar f\u00e4rg- och rostborttagning, yt\u00e5terst\u00e4llning och milj\u00f6v\u00e4nliga reng\u00f6ringsl\u00f6sningar\" \/>\n<meta property=\"og:url\" content=\"https:\/\/sodablastsystems-europe.com\/sv\/30-minuter-lang-rengoringssammanstallning\/\" \/>\n<meta property=\"og:site_name\" content=\"SodaBlast Systems\" \/>\n<meta property=\"article:publisher\" content=\"https:\/\/www.facebook.com\/sodablastsystems\/\" \/>\n<meta property=\"article:modified_time\" content=\"2026-01-08T09:56:47+00:00\" \/>\n<meta property=\"og:image\" content=\"https:\/\/sodablastsystems-europe.com\/wp-content\/uploads\/2024\/01\/img_6871.jpeg\" \/>\n<meta name=\"twitter:card\" content=\"summary_large_image\" \/>\n<meta name=\"twitter:title\" content=\"Soda Blasting Videos Sammanst\u00e4llning - SodaBlast Systems\" \/>\n<meta name=\"twitter:description\" content=\"Se v\u00e5r sammanst\u00e4llning av videor om sodabl\u00e4string p\u00e5 SodaBlast Systems Europe. Uppt\u00e4ck verkliga till\u00e4mpningar som visar f\u00e4rg- och rostborttagning, yt\u00e5terst\u00e4llning och milj\u00f6v\u00e4nliga reng\u00f6ringsl\u00f6sningar\" \/>\n<meta name=\"twitter:label1\" content=\"Ber\u00e4knad l\u00e4stid\" \/>\n\t<meta name=\"twitter:data1\" content=\"1 minut\" \/>\n<script type=\"application\/ld+json\" class=\"yoast-schema-graph\">{\"@context\":\"https:\/\/schema.org\",\"@graph\":[{\"@type\":\"WebPage\",\"@id\":\"https:\/\/sodablastsystems-europe.com\/sv\/30-minuter-lang-rengoringssammanstallning\/\",\"url\":\"https:\/\/sodablastsystems-europe.com\/sv\/30-minuter-lang-rengoringssammanstallning\/\",\"name\":\"Soda Blasting Videos Sammanst\u00e4llning - SodaBlast Systems\",\"isPartOf\":{\"@id\":\"https:\/\/sodablastsystems-europe.com\/sv\/#website\"},\"datePublished\":\"2023-08-27T08:07:29+00:00\",\"dateModified\":\"2026-01-08T09:56:47+00:00\",\"description\":\"Se v\u00e5r sammanst\u00e4llning av videor om sodabl\u00e4string p\u00e5 SodaBlast Systems Europe. Uppt\u00e4ck verkliga till\u00e4mpningar som visar f\u00e4rg- och rostborttagning, yt\u00e5terst\u00e4llning och milj\u00f6v\u00e4nliga reng\u00f6ringsl\u00f6sningar\",\"breadcrumb\":{\"@id\":\"https:\/\/sodablastsystems-europe.com\/sv\/30-minuter-lang-rengoringssammanstallning\/#breadcrumb\"},\"inLanguage\":\"sv-SE\",\"potentialAction\":[{\"@type\":\"ReadAction\",\"target\":[\"https:\/\/sodablastsystems-europe.com\/sv\/30-minuter-lang-rengoringssammanstallning\/\"]}]},{\"@type\":\"BreadcrumbList\",\"@id\":\"https:\/\/sodablastsystems-europe.com\/sv\/30-minuter-lang-rengoringssammanstallning\/#breadcrumb\",\"itemListElement\":[{\"@type\":\"ListItem\",\"position\":1,\"name\":\"Strona g\u0142\u00f3wna\",\"item\":\"https:\/\/sodablastsystems-europe.com\/sv\/\"},{\"@type\":\"ListItem\",\"position\":2,\"name\":\"Videor\"}]},{\"@type\":\"WebSite\",\"@id\":\"https:\/\/sodablastsystems-europe.com\/sv\/#website\",\"url\":\"https:\/\/sodablastsystems-europe.com\/sv\/\",\"name\":\"SodaBlast Systems Europe\",\"description\":\"SodaBlasting Machines from USA. Innovative Technology For Your Business.\",\"publisher\":{\"@id\":\"https:\/\/sodablastsystems-europe.com\/sv\/#organization\"},\"potentialAction\":[{\"@type\":\"SearchAction\",\"target\":{\"@type\":\"EntryPoint\",\"urlTemplate\":\"https:\/\/sodablastsystems-europe.com\/sv\/?s={search_term_string}\"},\"query-input\":\"required name=search_term_string\"}],\"inLanguage\":\"sv-SE\"},{\"@type\":\"Organization\",\"@id\":\"https:\/\/sodablastsystems-europe.com\/sv\/#organization\",\"name\":\"SodaBlast Systems Europe\",\"url\":\"https:\/\/sodablastsystems-europe.com\/sv\/\",\"logo\":{\"@type\":\"ImageObject\",\"inLanguage\":\"sv-SE\",\"@id\":\"https:\/\/sodablastsystems-europe.com\/sv\/#\/schema\/logo\/image\/\",\"url\":\"https:\/\/sodablastsystems-europe.com\/wp-content\/uploads\/2023\/08\/logo-sodablastsystems-usa-1.png\",\"contentUrl\":\"https:\/\/sodablastsystems-europe.com\/wp-content\/uploads\/2023\/08\/logo-sodablastsystems-usa-1.png\",\"width\":200,\"height\":200,\"caption\":\"SodaBlast Systems Europe\"},\"image\":{\"@id\":\"https:\/\/sodablastsystems-europe.com\/sv\/#\/schema\/logo\/image\/\"},\"sameAs\":[\"https:\/\/www.facebook.com\/sodablastsystems\/\",\"https:\/\/www.tiktok.com\/@sodablast.systems\",\"https:\/\/www.instagram.com\/sodablastsystems_europe\/\",\"https:\/\/www.youtube.com\/@Sodablastsystems\"]}]}<\/script>\n<!-- \/ Yoast SEO Premium plugin. -->","yoast_head_json":{"title":"Soda Blasting Videos Sammanst\u00e4llning - SodaBlast Systems","description":"Se v\u00e5r sammanst\u00e4llning av videor om sodabl\u00e4string p\u00e5 SodaBlast Systems Europe. Uppt\u00e4ck verkliga till\u00e4mpningar som visar f\u00e4rg- och rostborttagning, yt\u00e5terst\u00e4llning och milj\u00f6v\u00e4nliga reng\u00f6ringsl\u00f6sningar","robots":{"index":"index","follow":"follow","max-snippet":"max-snippet:-1","max-image-preview":"max-image-preview:large","max-video-preview":"max-video-preview:-1"},"canonical":"https:\/\/sodablastsystems-europe.com\/sv\/30-minuter-lang-rengoringssammanstallning\/","og_locale":"sv_SE","og_type":"article","og_title":"Soda Blasting Videos Sammanst\u00e4llning - SodaBlast Systems","og_description":"Se v\u00e5r sammanst\u00e4llning av videor om sodabl\u00e4string p\u00e5 SodaBlast Systems Europe. Uppt\u00e4ck verkliga till\u00e4mpningar som visar f\u00e4rg- och rostborttagning, yt\u00e5terst\u00e4llning och milj\u00f6v\u00e4nliga reng\u00f6ringsl\u00f6sningar","og_url":"https:\/\/sodablastsystems-europe.com\/sv\/30-minuter-lang-rengoringssammanstallning\/","og_site_name":"SodaBlast Systems","article_publisher":"https:\/\/www.facebook.com\/sodablastsystems\/","article_modified_time":"2026-01-08T09:56:47+00:00","og_image":[{"url":"https:\/\/sodablastsystems-europe.com\/wp-content\/uploads\/2024\/01\/img_6871.jpeg"}],"twitter_card":"summary_large_image","twitter_title":"Soda Blasting Videos Sammanst\u00e4llning - SodaBlast Systems","twitter_description":"Se v\u00e5r sammanst\u00e4llning av videor om sodabl\u00e4string p\u00e5 SodaBlast Systems Europe. Uppt\u00e4ck verkliga till\u00e4mpningar som visar f\u00e4rg- och rostborttagning, yt\u00e5terst\u00e4llning och milj\u00f6v\u00e4nliga reng\u00f6ringsl\u00f6sningar","twitter_misc":{"Ber\u00e4knad l\u00e4stid":"1 minut"},"schema":{"@context":"https:\/\/schema.org","@graph":[{"@type":"WebPage","@id":"https:\/\/sodablastsystems-europe.com\/sv\/30-minuter-lang-rengoringssammanstallning\/","url":"https:\/\/sodablastsystems-europe.com\/sv\/30-minuter-lang-rengoringssammanstallning\/","name":"Soda Blasting Videos Sammanst\u00e4llning - SodaBlast Systems","isPartOf":{"@id":"https:\/\/sodablastsystems-europe.com\/sv\/#website"},"datePublished":"2023-08-27T08:07:29+00:00","dateModified":"2026-01-08T09:56:47+00:00","description":"Se v\u00e5r sammanst\u00e4llning av videor om sodabl\u00e4string p\u00e5 SodaBlast Systems Europe. Uppt\u00e4ck verkliga till\u00e4mpningar som visar f\u00e4rg- och rostborttagning, yt\u00e5terst\u00e4llning och milj\u00f6v\u00e4nliga reng\u00f6ringsl\u00f6sningar","breadcrumb":{"@id":"https:\/\/sodablastsystems-europe.com\/sv\/30-minuter-lang-rengoringssammanstallning\/#breadcrumb"},"inLanguage":"sv-SE","potentialAction":[{"@type":"ReadAction","target":["https:\/\/sodablastsystems-europe.com\/sv\/30-minuter-lang-rengoringssammanstallning\/"]}]},{"@type":"BreadcrumbList","@id":"https:\/\/sodablastsystems-europe.com\/sv\/30-minuter-lang-rengoringssammanstallning\/#breadcrumb","itemListElement":[{"@type":"ListItem","position":1,"name":"Strona g\u0142\u00f3wna","item":"https:\/\/sodablastsystems-europe.com\/sv\/"},{"@type":"ListItem","position":2,"name":"Videor"}]},{"@type":"WebSite","@id":"https:\/\/sodablastsystems-europe.com\/sv\/#website","url":"https:\/\/sodablastsystems-europe.com\/sv\/","name":"SodaBlast Systems Europe","description":"SodaBlasting Machines from USA. Innovative Technology For Your Business.","publisher":{"@id":"https:\/\/sodablastsystems-europe.com\/sv\/#organization"},"potentialAction":[{"@type":"SearchAction","target":{"@type":"EntryPoint","urlTemplate":"https:\/\/sodablastsystems-europe.com\/sv\/?s={search_term_string}"},"query-input":"required name=search_term_string"}],"inLanguage":"sv-SE"},{"@type":"Organization","@id":"https:\/\/sodablastsystems-europe.com\/sv\/#organization","name":"SodaBlast Systems Europe","url":"https:\/\/sodablastsystems-europe.com\/sv\/","logo":{"@type":"ImageObject","inLanguage":"sv-SE","@id":"https:\/\/sodablastsystems-europe.com\/sv\/#\/schema\/logo\/image\/","url":"https:\/\/sodablastsystems-europe.com\/wp-content\/uploads\/2023\/08\/logo-sodablastsystems-usa-1.png","contentUrl":"https:\/\/sodablastsystems-europe.com\/wp-content\/uploads\/2023\/08\/logo-sodablastsystems-usa-1.png","width":200,"height":200,"caption":"SodaBlast Systems Europe"},"image":{"@id":"https:\/\/sodablastsystems-europe.com\/sv\/#\/schema\/logo\/image\/"},"sameAs":["https:\/\/www.facebook.com\/sodablastsystems\/","https:\/\/www.tiktok.com\/@sodablast.systems","https:\/\/www.instagram.com\/sodablastsystems_europe\/","https:\/\/www.youtube.com\/@Sodablastsystems"]}]}},"_links":{"self":[{"href":"https:\/\/sodablastsystems-europe.com\/sv\/wp-json\/wp\/v2\/pages\/1593","targetHints":{"allow":["GET"]}}],"collection":[{"href":"https:\/\/sodablastsystems-europe.com\/sv\/wp-json\/wp\/v2\/pages"}],"about":[{"href":"https:\/\/sodablastsystems-europe.com\/sv\/wp-json\/wp\/v2\/types\/page"}],"author":[{"embeddable":true,"href":"https:\/\/sodablastsystems-europe.com\/sv\/wp-json\/wp\/v2\/users\/1"}],"replies":[{"embeddable":true,"href":"https:\/\/sodablastsystems-europe.com\/sv\/wp-json\/wp\/v2\/comments?post=1593"}],"version-history":[{"count":3,"href":"https:\/\/sodablastsystems-europe.com\/sv\/wp-json\/wp\/v2\/pages\/1593\/revisions"}],"predecessor-version":[{"id":6522,"href":"https:\/\/sodablastsystems-europe.com\/sv\/wp-json\/wp\/v2\/pages\/1593\/revisions\/6522"}],"wp:attachment":[{"href":"https:\/\/sodablastsystems-europe.com\/sv\/wp-json\/wp\/v2\/media?parent=1593"}],"curies":[{"name":"wp","href":"https:\/\/api.w.org\/{rel}","templated":true}]}}