{"id":1336,"date":"2023-08-27T08:06:35","date_gmt":"2023-08-27T08:06:35","guid":{"rendered":"https:\/\/sodablastsystems-europe.com\/fore-och-efter-effekter\/"},"modified":"2024-11-03T01:16:22","modified_gmt":"2024-11-03T01:16:22","slug":"fore-och-efter-effekter","status":"publish","type":"page","link":"https:\/\/sodablastsystems-europe.com\/sv\/fore-och-efter-effekter\/","title":{"rendered":"F\u00f6re och efter effekter"},"content":{"rendered":"<p><\/p>\n\n<h2 class=\"wp-block-heading has-x-large-font-size\" id=\"h-amazing-transformation-with-sodablast-systems\">Fantastisk transformation med SodaBlast-system<\/h2>\n\n<p>Uppt\u00e4ck kraften i l\u00e4skbl\u00e4string med v\u00e5ra &#8221;f\u00f6re och efter&#8221;-f\u00f6rvandlingar. SodaBlast Systems \u00e4r inte bara en teknik, utan ocks\u00e5 en konst att \u00e5terst\u00e4lla ytor till deras ursprungliga glans. Nedan presenterar vi ett galleri av v\u00e5rt arbete, d\u00e4r varje foto ber\u00e4ttar en historia om precision, skonsamhet och effektivitet hos v\u00e5ra sodabl\u00e4stringsmaskiner.<\/p>\n\n<h3 class=\"wp-block-heading has-large-font-size\">&#8221;F\u00f6re&#8221; &#8211; St\u00e4dutmaningen<\/h3>\n\n<p>Varje &#8221;f\u00f6re&#8221; f\u00e5ngar \u00f6gonblick d\u00e5 ytorna verkade vara utom r\u00e4ckh\u00e5ll f\u00f6r f\u00f6rnyelse. Rost, graffiti, f\u00f6roreningar &#8211; alla defekter som kr\u00e4ver en varsam men effektiv hantering.<\/p>\n\n<h3 class=\"wp-block-heading has-large-font-size\">&#8221;Efter&#8221; &#8211; effekten av SodaBlast-systemet<\/h3>\n\n<p>&#8221;Efter&#8221;-effekterna visar resultat som \u00f6vertr\u00e4ffade b\u00e5de v\u00e5ra och v\u00e5ra kunders f\u00f6rv\u00e4ntningar. De vittnar om kraften hos natriumbikarbonat, som \u00e5terst\u00e4ller ytorna till deras ursprungliga utseende utan att skada deras struktur.<\/p>\n\n<p>Vi inbjuder dig att bl\u00e4ddra igenom exempel p\u00e5 v\u00e5ra prestationer. Varje foto \u00e4r ett bevis p\u00e5 att ingen uppgift \u00e4r f\u00f6r sv\u00e5r f\u00f6r SodaBlast Systems.<\/p>\n\n<p>Skjut reglaget p\u00e5 bilden och se skillnaden:<\/p>\n<p>[bafg id=&#8221;320&#8243;]<\/p>\n<p>[bafg id=&#8221;318&#8243;]<\/p>\n<p>[bafg id=&#8221;322&#8243;]<\/p>\n<p>[bafg id=&#8221;324&#8243;]<\/p>\n<p>[bafg id=&#8221;325&#8243;]<\/p>\n<p>[bafg id=&#8221;326&#8243;]<\/p>\n<p>[bafg id=&#8221;328&#8243;]<\/p>\n<p>[bafg id=&#8221;329&#8243;]<\/p>\n<p>[bafg id=&#8221;330&#8243;]<\/p>\n<p>[bafg id=&#8221;331&#8243;]<\/p>\n<p>[bafg id=&#8221;332&#8243;]<\/p>\n<p>[bafg id=&#8221;334&#8243;]<\/p>\n<p>[bafg id=&#8221;335&#8243;]<\/p>\n<p>[bafg id=&#8221;337&#8243;]<\/p>\n<p>[bafg id=&#8221;338&#8243;]<\/p>\n<p>[bafg id=&#8221;339&#8243;]<\/p>\n<p>[bafg id=&#8221;340&#8243;]<\/p>\n<p>[bafg id=&#8221;341&#8243;]<\/p>\n<p>[bafg id=&#8221;342&#8243;]<\/p>\n<p>[bafg id=&#8221;343&#8243;]<\/p>\n<p>[bafg id=&#8221;345&#8243;]<\/p>\n<p>[bafg id=&#8221;346&#8243;]<\/p>\n<p>[bafg id=&#8221;347&#8243;]<\/p>\n<p>[bafg id=&#8221;348&#8243;]<\/p>\n<p>[bafg id=&#8221;349&#8243;]<\/p>\n<p>[bafg id=&#8221;350&#8243;]<\/p>\n<p>[bafg id=&#8221;351&#8243;]<\/p>\n<p>[bafg id=&#8221;352&#8243;]<\/p>\n<p>[bafg id=&#8221;353&#8243;]<\/p>\n<p>[bafg id=&#8221;354&#8243;]<\/p>\n<p>[bafg id=&#8221;355&#8243;]<\/p>\n<p>[bafg id=&#8221;356&#8243;]<\/p>\n<p>[bafg id=&#8221;357&#8243;]<\/p>\n<p>[bafg id=&#8221;358&#8243;]<\/p>\n<p>[bafg id=&#8221;359&#8243;]<\/p>\n<p>[bafg id=&#8221;360&#8243;]<\/p>\n<p>[bafg id=&#8221;361&#8243;]<\/p>","protected":false},"excerpt":{"rendered":"<p>Fantastisk transformation med SodaBlast-system Uppt\u00e4ck kraften i l\u00e4skbl\u00e4string med v\u00e5ra &#8221;f\u00f6re och efter&#8221;-f\u00f6rvandlingar. SodaBlast Systems \u00e4r inte bara en teknik, utan ocks\u00e5 en konst att \u00e5terst\u00e4lla ytor till deras ursprungliga glans. Nedan presenterar vi ett galleri av v\u00e5rt arbete, d\u00e4r varje foto ber\u00e4ttar en historia om precision, skonsamhet och effektivitet hos v\u00e5ra sodabl\u00e4stringsmaskiner. &#8221;F\u00f6re&#8221; &#8211; [&hellip;]<\/p>","protected":false},"author":1,"featured_media":0,"parent":0,"menu_order":0,"comment_status":"closed","ping_status":"closed","template":"","meta":{"footnotes":""},"class_list":["post-1336","page","type-page","status-publish","hentry"],"yoast_head":"<!-- This site is optimized with the Yoast SEO Premium plugin v21.5 (Yoast SEO v21.5) - https:\/\/yoast.com\/wordpress\/plugins\/seo\/ -->\n<title>F\u00f6re- och eftereffekter av sodabl\u00e4string - SodaBlast Systems<\/title>\n<meta name=\"description\" content=\"Uppt\u00e4ck den transformerande kraften i sodabl\u00e4string med SodaBlast Systems Europe. Se v\u00e5rt f\u00f6re- och eftergalleri som visar effektiv f\u00e4rgborttagning, rostborttagning och yt\u00e5terst\u00e4llning f\u00f6r olika till\u00e4mpningar\" \/>\n<meta name=\"robots\" content=\"index, follow, max-snippet:-1, max-image-preview:large, max-video-preview:-1\" \/>\n<link rel=\"canonical\" href=\"https:\/\/sodablastsystems-europe.com\/sv\/fore-och-efter-effekter\/\" \/>\n<meta property=\"og:locale\" content=\"sv_SE\" \/>\n<meta property=\"og:type\" content=\"article\" \/>\n<meta property=\"og:title\" content=\"F\u00f6re och efter effekter\" \/>\n<meta property=\"og:description\" content=\"Uppt\u00e4ck den transformerande kraften i sodabl\u00e4string med SodaBlast Systems Europe. Se v\u00e5rt f\u00f6re- och eftergalleri som visar effektiv f\u00e4rgborttagning, rostborttagning och yt\u00e5terst\u00e4llning f\u00f6r olika till\u00e4mpningar\" \/>\n<meta property=\"og:url\" content=\"https:\/\/sodablastsystems-europe.com\/sv\/fore-och-efter-effekter\/\" \/>\n<meta property=\"og:site_name\" content=\"SodaBlast Systems\" \/>\n<meta property=\"article:publisher\" content=\"https:\/\/www.facebook.com\/sodablastsystems\/\" \/>\n<meta property=\"article:modified_time\" content=\"2024-11-03T01:16:22+00:00\" \/>\n<meta property=\"og:image\" content=\"https:\/\/sodablastsystems-europe.com\/wp-content\/uploads\/2023\/08\/logo-sodablastsystems-usa-1.png\" \/>\n\t<meta property=\"og:image:width\" content=\"200\" \/>\n\t<meta property=\"og:image:height\" content=\"200\" \/>\n\t<meta property=\"og:image:type\" content=\"image\/png\" \/>\n<meta name=\"twitter:card\" content=\"summary_large_image\" \/>\n<meta name=\"twitter:label1\" content=\"Ber\u00e4knad l\u00e4stid\" \/>\n\t<meta name=\"twitter:data1\" content=\"1 minut\" \/>\n<script type=\"application\/ld+json\" class=\"yoast-schema-graph\">{\"@context\":\"https:\/\/schema.org\",\"@graph\":[{\"@type\":\"WebPage\",\"@id\":\"https:\/\/sodablastsystems-europe.com\/sv\/fore-och-efter-effekter\/\",\"url\":\"https:\/\/sodablastsystems-europe.com\/sv\/fore-och-efter-effekter\/\",\"name\":\"F\u00f6re- och eftereffekter av sodabl\u00e4string - SodaBlast Systems\",\"isPartOf\":{\"@id\":\"https:\/\/sodablastsystems-europe.com\/sv\/#website\"},\"datePublished\":\"2023-08-27T08:06:35+00:00\",\"dateModified\":\"2024-11-03T01:16:22+00:00\",\"description\":\"Uppt\u00e4ck den transformerande kraften i sodabl\u00e4string med SodaBlast Systems Europe. Se v\u00e5rt f\u00f6re- och eftergalleri som visar effektiv f\u00e4rgborttagning, rostborttagning och yt\u00e5terst\u00e4llning f\u00f6r olika till\u00e4mpningar\",\"breadcrumb\":{\"@id\":\"https:\/\/sodablastsystems-europe.com\/sv\/fore-och-efter-effekter\/#breadcrumb\"},\"inLanguage\":\"sv-SE\",\"potentialAction\":[{\"@type\":\"ReadAction\",\"target\":[\"https:\/\/sodablastsystems-europe.com\/sv\/fore-och-efter-effekter\/\"]}]},{\"@type\":\"BreadcrumbList\",\"@id\":\"https:\/\/sodablastsystems-europe.com\/sv\/fore-och-efter-effekter\/#breadcrumb\",\"itemListElement\":[{\"@type\":\"ListItem\",\"position\":1,\"name\":\"Strona g\u0142\u00f3wna\",\"item\":\"https:\/\/sodablastsystems-europe.com\/sv\/\"},{\"@type\":\"ListItem\",\"position\":2,\"name\":\"F\u00f6re och efter effekter\"}]},{\"@type\":\"WebSite\",\"@id\":\"https:\/\/sodablastsystems-europe.com\/sv\/#website\",\"url\":\"https:\/\/sodablastsystems-europe.com\/sv\/\",\"name\":\"SodaBlast Systems Europe\",\"description\":\"SodaBlasting Machines from USA. Innovative Technology For Your Business.\",\"publisher\":{\"@id\":\"https:\/\/sodablastsystems-europe.com\/sv\/#organization\"},\"potentialAction\":[{\"@type\":\"SearchAction\",\"target\":{\"@type\":\"EntryPoint\",\"urlTemplate\":\"https:\/\/sodablastsystems-europe.com\/sv\/?s={search_term_string}\"},\"query-input\":\"required name=search_term_string\"}],\"inLanguage\":\"sv-SE\"},{\"@type\":\"Organization\",\"@id\":\"https:\/\/sodablastsystems-europe.com\/sv\/#organization\",\"name\":\"SodaBlast Systems Europe\",\"url\":\"https:\/\/sodablastsystems-europe.com\/sv\/\",\"logo\":{\"@type\":\"ImageObject\",\"inLanguage\":\"sv-SE\",\"@id\":\"https:\/\/sodablastsystems-europe.com\/sv\/#\/schema\/logo\/image\/\",\"url\":\"https:\/\/sodablastsystems-europe.com\/wp-content\/uploads\/2023\/08\/logo-sodablastsystems-usa-1.png\",\"contentUrl\":\"https:\/\/sodablastsystems-europe.com\/wp-content\/uploads\/2023\/08\/logo-sodablastsystems-usa-1.png\",\"width\":200,\"height\":200,\"caption\":\"SodaBlast Systems Europe\"},\"image\":{\"@id\":\"https:\/\/sodablastsystems-europe.com\/sv\/#\/schema\/logo\/image\/\"},\"sameAs\":[\"https:\/\/www.facebook.com\/sodablastsystems\/\",\"https:\/\/www.tiktok.com\/@sodablast.systems\",\"https:\/\/www.instagram.com\/sodablastsystems_europe\/\",\"https:\/\/www.youtube.com\/@Sodablastsystems\"]}]}<\/script>\n<!-- \/ Yoast SEO Premium plugin. -->","yoast_head_json":{"title":"F\u00f6re- och eftereffekter av sodabl\u00e4string - SodaBlast Systems","description":"Uppt\u00e4ck den transformerande kraften i sodabl\u00e4string med SodaBlast Systems Europe. Se v\u00e5rt f\u00f6re- och eftergalleri som visar effektiv f\u00e4rgborttagning, rostborttagning och yt\u00e5terst\u00e4llning f\u00f6r olika till\u00e4mpningar","robots":{"index":"index","follow":"follow","max-snippet":"max-snippet:-1","max-image-preview":"max-image-preview:large","max-video-preview":"max-video-preview:-1"},"canonical":"https:\/\/sodablastsystems-europe.com\/sv\/fore-och-efter-effekter\/","og_locale":"sv_SE","og_type":"article","og_title":"F\u00f6re och efter effekter","og_description":"Uppt\u00e4ck den transformerande kraften i sodabl\u00e4string med SodaBlast Systems Europe. Se v\u00e5rt f\u00f6re- och eftergalleri som visar effektiv f\u00e4rgborttagning, rostborttagning och yt\u00e5terst\u00e4llning f\u00f6r olika till\u00e4mpningar","og_url":"https:\/\/sodablastsystems-europe.com\/sv\/fore-och-efter-effekter\/","og_site_name":"SodaBlast Systems","article_publisher":"https:\/\/www.facebook.com\/sodablastsystems\/","article_modified_time":"2024-11-03T01:16:22+00:00","og_image":[{"width":200,"height":200,"url":"https:\/\/sodablastsystems-europe.com\/wp-content\/uploads\/2023\/08\/logo-sodablastsystems-usa-1.png","type":"image\/png"}],"twitter_card":"summary_large_image","twitter_misc":{"Ber\u00e4knad l\u00e4stid":"1 minut"},"schema":{"@context":"https:\/\/schema.org","@graph":[{"@type":"WebPage","@id":"https:\/\/sodablastsystems-europe.com\/sv\/fore-och-efter-effekter\/","url":"https:\/\/sodablastsystems-europe.com\/sv\/fore-och-efter-effekter\/","name":"F\u00f6re- och eftereffekter av sodabl\u00e4string - SodaBlast Systems","isPartOf":{"@id":"https:\/\/sodablastsystems-europe.com\/sv\/#website"},"datePublished":"2023-08-27T08:06:35+00:00","dateModified":"2024-11-03T01:16:22+00:00","description":"Uppt\u00e4ck den transformerande kraften i sodabl\u00e4string med SodaBlast Systems Europe. Se v\u00e5rt f\u00f6re- och eftergalleri som visar effektiv f\u00e4rgborttagning, rostborttagning och yt\u00e5terst\u00e4llning f\u00f6r olika till\u00e4mpningar","breadcrumb":{"@id":"https:\/\/sodablastsystems-europe.com\/sv\/fore-och-efter-effekter\/#breadcrumb"},"inLanguage":"sv-SE","potentialAction":[{"@type":"ReadAction","target":["https:\/\/sodablastsystems-europe.com\/sv\/fore-och-efter-effekter\/"]}]},{"@type":"BreadcrumbList","@id":"https:\/\/sodablastsystems-europe.com\/sv\/fore-och-efter-effekter\/#breadcrumb","itemListElement":[{"@type":"ListItem","position":1,"name":"Strona g\u0142\u00f3wna","item":"https:\/\/sodablastsystems-europe.com\/sv\/"},{"@type":"ListItem","position":2,"name":"F\u00f6re och efter effekter"}]},{"@type":"WebSite","@id":"https:\/\/sodablastsystems-europe.com\/sv\/#website","url":"https:\/\/sodablastsystems-europe.com\/sv\/","name":"SodaBlast Systems Europe","description":"SodaBlasting Machines from USA. Innovative Technology For Your Business.","publisher":{"@id":"https:\/\/sodablastsystems-europe.com\/sv\/#organization"},"potentialAction":[{"@type":"SearchAction","target":{"@type":"EntryPoint","urlTemplate":"https:\/\/sodablastsystems-europe.com\/sv\/?s={search_term_string}"},"query-input":"required name=search_term_string"}],"inLanguage":"sv-SE"},{"@type":"Organization","@id":"https:\/\/sodablastsystems-europe.com\/sv\/#organization","name":"SodaBlast Systems Europe","url":"https:\/\/sodablastsystems-europe.com\/sv\/","logo":{"@type":"ImageObject","inLanguage":"sv-SE","@id":"https:\/\/sodablastsystems-europe.com\/sv\/#\/schema\/logo\/image\/","url":"https:\/\/sodablastsystems-europe.com\/wp-content\/uploads\/2023\/08\/logo-sodablastsystems-usa-1.png","contentUrl":"https:\/\/sodablastsystems-europe.com\/wp-content\/uploads\/2023\/08\/logo-sodablastsystems-usa-1.png","width":200,"height":200,"caption":"SodaBlast Systems Europe"},"image":{"@id":"https:\/\/sodablastsystems-europe.com\/sv\/#\/schema\/logo\/image\/"},"sameAs":["https:\/\/www.facebook.com\/sodablastsystems\/","https:\/\/www.tiktok.com\/@sodablast.systems","https:\/\/www.instagram.com\/sodablastsystems_europe\/","https:\/\/www.youtube.com\/@Sodablastsystems"]}]}},"_links":{"self":[{"href":"https:\/\/sodablastsystems-europe.com\/sv\/wp-json\/wp\/v2\/pages\/1336","targetHints":{"allow":["GET"]}}],"collection":[{"href":"https:\/\/sodablastsystems-europe.com\/sv\/wp-json\/wp\/v2\/pages"}],"about":[{"href":"https:\/\/sodablastsystems-europe.com\/sv\/wp-json\/wp\/v2\/types\/page"}],"author":[{"embeddable":true,"href":"https:\/\/sodablastsystems-europe.com\/sv\/wp-json\/wp\/v2\/users\/1"}],"replies":[{"embeddable":true,"href":"https:\/\/sodablastsystems-europe.com\/sv\/wp-json\/wp\/v2\/comments?post=1336"}],"version-history":[{"count":1,"href":"https:\/\/sodablastsystems-europe.com\/sv\/wp-json\/wp\/v2\/pages\/1336\/revisions"}],"predecessor-version":[{"id":1340,"href":"https:\/\/sodablastsystems-europe.com\/sv\/wp-json\/wp\/v2\/pages\/1336\/revisions\/1340"}],"wp:attachment":[{"href":"https:\/\/sodablastsystems-europe.com\/sv\/wp-json\/wp\/v2\/media?parent=1336"}],"curies":[{"name":"wp","href":"https:\/\/api.w.org\/{rel}","templated":true}]}}