{"id":6120,"date":"2025-02-17T14:24:04","date_gmt":"2025-02-17T14:24:04","guid":{"rendered":"https:\/\/sodablastsystems-europe.com\/specifikacije-prikolice-sb-500-z-dpf\/"},"modified":"2025-02-17T14:26:09","modified_gmt":"2025-02-17T14:26:09","slug":"specifikacije-prikolice-sb-500-z-dpf","status":"publish","type":"page","link":"https:\/\/sodablastsystems-europe.com\/sl\/specifikacije-prikolice-sb-500-z-dpf\/","title":{"rendered":"Specifikacije prikolice SB-500 z DPF"},"content":{"rendered":"<p><strong>Popoln, trikomponentni, prenosljiv in za uporabo pripravljen komplet:<\/strong><\/p>\n\n<p><strong>Oddelek za peskanje SodaBlaster:<\/strong><\/p>\n\n<ul class=\"wp-block-list\">\n<li>rezervoar za brizgalke SB-500<\/li>\n\n\n\n<li>1-sekundna samotesnilna loputa lijaka<\/li>\n\n\n\n<li>Regulator zra\u010dnega tlaka<\/li>\n\n\n\n<li>Regulator koli\u010dine abraziva<\/li>\n\n\n\n<li>Elektri\u010dni daljinski upravljalnik s 15 m kablom<\/li>\n\n\n\n<li>Priklju\u010dek \u010distega zraka za dodatna orodja<\/li>\n\n\n\n<li>340o vrtljiv izhod cevi za peskanje<\/li>\n\n\n\n<li>Du\u0161ilnik izpu\u0161nih plinov iz rezervoarja blasterja<\/li>\n<\/ul>\n\n<p><strong>Hladilni sistem Blaster:<\/strong><\/p>\n\n<ul class=\"wp-block-list\">\n<li>MT-3 samozadostni su\u0161ilnik zraka<\/li>\n\n\n\n<li>Ciklonski zra\u010dni filter CF-125<\/li>\n\n\n\n<li>10bar tla\u010dni hladilnik<\/li>\n\n\n\n<li>Ventilator z visoko hitrostjo<\/li>\n<\/ul>\n\n<p><strong>Vija\u010dni zra\u010dni kompresor:<\/strong><\/p>\n\n<ul class=\"wp-block-list\">\n<li>Kubotin \u0161tirivaljni motor s turbinskim polnilnikom<\/li>\n\n\n\n<li>Mo\u010d motorja 33 kW<\/li>\n\n\n\n<li>1.498 litrov prostornine motorja<\/li>\n\n\n\n<li>12V elektri\u010dna napeljava<\/li>\n\n\n\n<li>45-litrski rezervoar za gorivo<\/li>\n\n\n\n<li>Zaslon LCD<\/li>\n\n\n\n<li>STOP stikalo v sili<\/li>\n\n\n\n<li>Notranje zvo\u010dno izolirano ohi\u0161je kompresorja<\/li>\n\n\n\n<li>Protikorozijska za\u0161\u010dita za okolje z visoko vla\u017enostjo C3<\/li>\n\n\n\n<li>Du\u0161ilnik izpu\u0161nih plinov kompresorja<\/li>\n\n\n\n<li>Skladnost s standardom EU STAGE V za motorje z notranjim izgorevanjem<\/li>\n\n\n\n<li>Skladno s standardom za emisije hrupa 2000\/14\/ES<\/li>\n<\/ul>\n\n<p><strong>Cestno podvozje:<\/strong><\/p>\n\n<ul class=\"wp-block-list\">\n<li>Evropska homologacija posebnega priklopnika<\/li>\n\n\n\n<li>CNC izdelana konstrukcija<\/li>\n\n\n\n<li>Sestavni deli \u0161asije AL-KO<\/li>\n\n\n\n<li>2 osi = 4 kolesa, pnevmatike M+S 13C<\/li>\n\n\n\n<li>Prehitra, zasilna in parkirna zavora<\/li>\n\n\n\n<li>Krogelna vle\u010dna kljuka za vle\u010dno kljuko s sklopko in indikatorjem obrabe<\/li>\n\n\n\n<li>4 nastavljivi nosilci za izravnavo \u0161asije<\/li>\n\n\n\n<li>Rezervno kolo polne velikosti<\/li>\n\n\n\n<li>13-pinska elektri\u010dna napeljava cestne razsvetljave<\/li>\n<\/ul>\n\n<p><strong>Vklju\u010dena dodatna oprema &#8211; osnovni paket:<\/strong><\/p>\n\n<ul class=\"wp-block-list\">\n<li>HV-5 okrogla \u0161oba (8 mm)<\/li>\n\n\n\n<li>Adapter za vodo za \u0161obo<\/li>\n\n\n\n<li>Lijak za vlivanje abraziva<\/li>\n\n\n\n<li>15 m krmilnega kabla<\/li>\n\n\n\n<li>15 m vodne cevi<\/li>\n\n\n\n<li>Cev za peskanje 15 m<\/li>\n<\/ul>","protected":false},"excerpt":{"rendered":"<p>Popoln, trikomponentni, prenosljiv in za uporabo pripravljen komplet: Oddelek za peskanje SodaBlaster: Hladilni sistem Blaster: Vija\u010dni zra\u010dni kompresor: Cestno podvozje: Vklju\u010dena dodatna oprema &#8211; osnovni paket:<\/p>","protected":false},"author":1,"featured_media":0,"parent":0,"menu_order":0,"comment_status":"closed","ping_status":"closed","template":"","meta":{"footnotes":""},"class_list":["post-6120","page","type-page","status-publish","hentry"],"yoast_head":"<!-- This site is optimized with the Yoast SEO Premium plugin v21.5 (Yoast SEO v21.5) - https:\/\/yoast.com\/wordpress\/plugins\/seo\/ -->\n<title>Specifikacije prikolice SB-500 z DPF - SodaBlast Systems<\/title>\n<meta name=\"robots\" content=\"index, follow, max-snippet:-1, max-image-preview:large, max-video-preview:-1\" \/>\n<link rel=\"canonical\" href=\"https:\/\/sodablastsystems-europe.com\/sl\/specifikacije-prikolice-sb-500-z-dpf\/\" \/>\n<meta property=\"og:locale\" content=\"sl_SI\" \/>\n<meta property=\"og:type\" content=\"article\" \/>\n<meta property=\"og:title\" content=\"Specifikacije prikolice SB-500 z DPF\" \/>\n<meta property=\"og:description\" content=\"Popoln, trikomponentni, prenosljiv in za uporabo pripravljen komplet: Oddelek za peskanje SodaBlaster: Hladilni sistem Blaster: Vija\u010dni zra\u010dni kompresor: Cestno podvozje: Vklju\u010dena dodatna oprema &#8211; osnovni paket:\" \/>\n<meta property=\"og:url\" content=\"https:\/\/sodablastsystems-europe.com\/sl\/specifikacije-prikolice-sb-500-z-dpf\/\" \/>\n<meta property=\"og:site_name\" content=\"SodaBlast Systems\" \/>\n<meta property=\"article:publisher\" content=\"https:\/\/www.facebook.com\/sodablastsystems\/\" \/>\n<meta property=\"article:modified_time\" content=\"2025-02-17T14:26:09+00:00\" \/>\n<meta property=\"og:image\" content=\"https:\/\/sodablastsystems-europe.com\/wp-content\/uploads\/2023\/08\/logo-sodablastsystems-usa-1.png\" \/>\n\t<meta property=\"og:image:width\" content=\"200\" \/>\n\t<meta property=\"og:image:height\" content=\"200\" \/>\n\t<meta property=\"og:image:type\" content=\"image\/png\" \/>\n<meta name=\"twitter:card\" content=\"summary_large_image\" \/>\n<meta name=\"twitter:label1\" content=\"Est. reading time\" \/>\n\t<meta name=\"twitter:data1\" content=\"1 minuta\" \/>\n<script type=\"application\/ld+json\" class=\"yoast-schema-graph\">{\"@context\":\"https:\/\/schema.org\",\"@graph\":[{\"@type\":\"WebPage\",\"@id\":\"https:\/\/sodablastsystems-europe.com\/sl\/specifikacije-prikolice-sb-500-z-dpf\/\",\"url\":\"https:\/\/sodablastsystems-europe.com\/sl\/specifikacije-prikolice-sb-500-z-dpf\/\",\"name\":\"Specifikacije prikolice SB-500 z DPF - SodaBlast Systems\",\"isPartOf\":{\"@id\":\"https:\/\/sodablastsystems-europe.com\/sl\/#website\"},\"datePublished\":\"2025-02-17T14:24:04+00:00\",\"dateModified\":\"2025-02-17T14:26:09+00:00\",\"breadcrumb\":{\"@id\":\"https:\/\/sodablastsystems-europe.com\/sl\/specifikacije-prikolice-sb-500-z-dpf\/#breadcrumb\"},\"inLanguage\":\"sl-SI\",\"potentialAction\":[{\"@type\":\"ReadAction\",\"target\":[\"https:\/\/sodablastsystems-europe.com\/sl\/specifikacije-prikolice-sb-500-z-dpf\/\"]}]},{\"@type\":\"BreadcrumbList\",\"@id\":\"https:\/\/sodablastsystems-europe.com\/sl\/specifikacije-prikolice-sb-500-z-dpf\/#breadcrumb\",\"itemListElement\":[{\"@type\":\"ListItem\",\"position\":1,\"name\":\"Strona g\u0142\u00f3wna\",\"item\":\"https:\/\/sodablastsystems-europe.com\/sl\/\"},{\"@type\":\"ListItem\",\"position\":2,\"name\":\"Specifikacije prikolice SB-500 z DPF\"}]},{\"@type\":\"WebSite\",\"@id\":\"https:\/\/sodablastsystems-europe.com\/sl\/#website\",\"url\":\"https:\/\/sodablastsystems-europe.com\/sl\/\",\"name\":\"SodaBlast Systems Europe\",\"description\":\"SodaBlasting Machines from USA. Innovative Technology For Your Business.\",\"publisher\":{\"@id\":\"https:\/\/sodablastsystems-europe.com\/sl\/#organization\"},\"potentialAction\":[{\"@type\":\"SearchAction\",\"target\":{\"@type\":\"EntryPoint\",\"urlTemplate\":\"https:\/\/sodablastsystems-europe.com\/sl\/?s={search_term_string}\"},\"query-input\":\"required name=search_term_string\"}],\"inLanguage\":\"sl-SI\"},{\"@type\":\"Organization\",\"@id\":\"https:\/\/sodablastsystems-europe.com\/sl\/#organization\",\"name\":\"SodaBlast Systems Europe\",\"url\":\"https:\/\/sodablastsystems-europe.com\/sl\/\",\"logo\":{\"@type\":\"ImageObject\",\"inLanguage\":\"sl-SI\",\"@id\":\"https:\/\/sodablastsystems-europe.com\/sl\/#\/schema\/logo\/image\/\",\"url\":\"https:\/\/sodablastsystems-europe.com\/wp-content\/uploads\/2023\/08\/logo-sodablastsystems-usa-1.png\",\"contentUrl\":\"https:\/\/sodablastsystems-europe.com\/wp-content\/uploads\/2023\/08\/logo-sodablastsystems-usa-1.png\",\"width\":200,\"height\":200,\"caption\":\"SodaBlast Systems Europe\"},\"image\":{\"@id\":\"https:\/\/sodablastsystems-europe.com\/sl\/#\/schema\/logo\/image\/\"},\"sameAs\":[\"https:\/\/www.facebook.com\/sodablastsystems\/\",\"https:\/\/www.tiktok.com\/@sodablast.systems\",\"https:\/\/www.instagram.com\/sodablastsystems_europe\/\",\"https:\/\/www.youtube.com\/@Sodablastsystems\"]}]}<\/script>\n<!-- \/ Yoast SEO Premium plugin. -->","yoast_head_json":{"title":"Specifikacije prikolice SB-500 z DPF - SodaBlast Systems","robots":{"index":"index","follow":"follow","max-snippet":"max-snippet:-1","max-image-preview":"max-image-preview:large","max-video-preview":"max-video-preview:-1"},"canonical":"https:\/\/sodablastsystems-europe.com\/sl\/specifikacije-prikolice-sb-500-z-dpf\/","og_locale":"sl_SI","og_type":"article","og_title":"Specifikacije prikolice SB-500 z DPF","og_description":"Popoln, trikomponentni, prenosljiv in za uporabo pripravljen komplet: Oddelek za peskanje SodaBlaster: Hladilni sistem Blaster: Vija\u010dni zra\u010dni kompresor: Cestno podvozje: Vklju\u010dena dodatna oprema &#8211; osnovni paket:","og_url":"https:\/\/sodablastsystems-europe.com\/sl\/specifikacije-prikolice-sb-500-z-dpf\/","og_site_name":"SodaBlast Systems","article_publisher":"https:\/\/www.facebook.com\/sodablastsystems\/","article_modified_time":"2025-02-17T14:26:09+00:00","og_image":[{"width":200,"height":200,"url":"https:\/\/sodablastsystems-europe.com\/wp-content\/uploads\/2023\/08\/logo-sodablastsystems-usa-1.png","type":"image\/png"}],"twitter_card":"summary_large_image","twitter_misc":{"Est. reading time":"1 minuta"},"schema":{"@context":"https:\/\/schema.org","@graph":[{"@type":"WebPage","@id":"https:\/\/sodablastsystems-europe.com\/sl\/specifikacije-prikolice-sb-500-z-dpf\/","url":"https:\/\/sodablastsystems-europe.com\/sl\/specifikacije-prikolice-sb-500-z-dpf\/","name":"Specifikacije prikolice SB-500 z DPF - SodaBlast Systems","isPartOf":{"@id":"https:\/\/sodablastsystems-europe.com\/sl\/#website"},"datePublished":"2025-02-17T14:24:04+00:00","dateModified":"2025-02-17T14:26:09+00:00","breadcrumb":{"@id":"https:\/\/sodablastsystems-europe.com\/sl\/specifikacije-prikolice-sb-500-z-dpf\/#breadcrumb"},"inLanguage":"sl-SI","potentialAction":[{"@type":"ReadAction","target":["https:\/\/sodablastsystems-europe.com\/sl\/specifikacije-prikolice-sb-500-z-dpf\/"]}]},{"@type":"BreadcrumbList","@id":"https:\/\/sodablastsystems-europe.com\/sl\/specifikacije-prikolice-sb-500-z-dpf\/#breadcrumb","itemListElement":[{"@type":"ListItem","position":1,"name":"Strona g\u0142\u00f3wna","item":"https:\/\/sodablastsystems-europe.com\/sl\/"},{"@type":"ListItem","position":2,"name":"Specifikacije prikolice SB-500 z DPF"}]},{"@type":"WebSite","@id":"https:\/\/sodablastsystems-europe.com\/sl\/#website","url":"https:\/\/sodablastsystems-europe.com\/sl\/","name":"SodaBlast Systems Europe","description":"SodaBlasting Machines from USA. Innovative Technology For Your Business.","publisher":{"@id":"https:\/\/sodablastsystems-europe.com\/sl\/#organization"},"potentialAction":[{"@type":"SearchAction","target":{"@type":"EntryPoint","urlTemplate":"https:\/\/sodablastsystems-europe.com\/sl\/?s={search_term_string}"},"query-input":"required name=search_term_string"}],"inLanguage":"sl-SI"},{"@type":"Organization","@id":"https:\/\/sodablastsystems-europe.com\/sl\/#organization","name":"SodaBlast Systems Europe","url":"https:\/\/sodablastsystems-europe.com\/sl\/","logo":{"@type":"ImageObject","inLanguage":"sl-SI","@id":"https:\/\/sodablastsystems-europe.com\/sl\/#\/schema\/logo\/image\/","url":"https:\/\/sodablastsystems-europe.com\/wp-content\/uploads\/2023\/08\/logo-sodablastsystems-usa-1.png","contentUrl":"https:\/\/sodablastsystems-europe.com\/wp-content\/uploads\/2023\/08\/logo-sodablastsystems-usa-1.png","width":200,"height":200,"caption":"SodaBlast Systems Europe"},"image":{"@id":"https:\/\/sodablastsystems-europe.com\/sl\/#\/schema\/logo\/image\/"},"sameAs":["https:\/\/www.facebook.com\/sodablastsystems\/","https:\/\/www.tiktok.com\/@sodablast.systems","https:\/\/www.instagram.com\/sodablastsystems_europe\/","https:\/\/www.youtube.com\/@Sodablastsystems"]}]}},"_links":{"self":[{"href":"https:\/\/sodablastsystems-europe.com\/sl\/wp-json\/wp\/v2\/pages\/6120","targetHints":{"allow":["GET"]}}],"collection":[{"href":"https:\/\/sodablastsystems-europe.com\/sl\/wp-json\/wp\/v2\/pages"}],"about":[{"href":"https:\/\/sodablastsystems-europe.com\/sl\/wp-json\/wp\/v2\/types\/page"}],"author":[{"embeddable":true,"href":"https:\/\/sodablastsystems-europe.com\/sl\/wp-json\/wp\/v2\/users\/1"}],"replies":[{"embeddable":true,"href":"https:\/\/sodablastsystems-europe.com\/sl\/wp-json\/wp\/v2\/comments?post=6120"}],"version-history":[{"count":1,"href":"https:\/\/sodablastsystems-europe.com\/sl\/wp-json\/wp\/v2\/pages\/6120\/revisions"}],"predecessor-version":[{"id":6122,"href":"https:\/\/sodablastsystems-europe.com\/sl\/wp-json\/wp\/v2\/pages\/6120\/revisions\/6122"}],"wp:attachment":[{"href":"https:\/\/sodablastsystems-europe.com\/sl\/wp-json\/wp\/v2\/media?parent=6120"}],"curies":[{"name":"wp","href":"https:\/\/api.w.org\/{rel}","templated":true}]}}