{"id":1591,"date":"2023-08-27T08:07:29","date_gmt":"2023-08-27T08:07:29","guid":{"rendered":"https:\/\/sodablastsystems-europe.com\/30-minutna-kompilacija-za-ciscenje\/"},"modified":"2026-01-08T09:56:47","modified_gmt":"2026-01-08T09:56:47","slug":"30-minutna-kompilacija-za-ciscenje","status":"publish","type":"page","link":"https:\/\/sodablastsystems-europe.com\/sl\/30-minutna-kompilacija-za-ciscenje\/","title":{"rendered":"Videoposnetki"},"content":{"rendered":"<h1 class=\"wp-block-heading\" id=\"h-30-minute-cleaning-compilation\">30-minutna kompilacija za \u010di\u0161\u010denje<\/h1>\n\n<h2 class=\"wp-block-heading has-large-font-size\" id=\"h-authentic-soda-blasting-effects-sodablast-users-in-action\">Avtenti\u010dni u\u010dinki peskanja s sodo &#8211; Uporabniki SodaBlast v akciji<\/h2>\n\n<p>Vabimo vas, da si ogledate pristne videoposnetke, ki so jih poslali na\u0161i uporabniki iz vse Evrope. Ti videoposnetki ne prikazujejo le u\u010dinkovitosti strojev SodaBlast Systems, temve\u010d tudi raznolikost aplikacij in tehnik peskanja s sodo v \u017eivo. Oglejte si, kako se na\u0161e stranke spopadajo z izzivi \u010di\u0161\u010denja, in si oglejte spektakularne rezultate, ki jih je mogo\u010de dose\u010di z na\u0161imi re\u0161itvami. Vsak posnetek je pravo do\u017eivetje in prava preobrazba &#8211; prenovljene povr\u0161ine ponovno dobijo svoj sijaj, zadovoljstvo ob dobro opravljenem delu pa je jasno vidno.<\/p>\n\n<p><strong>Kliknite in si oglejte<\/strong>:<\/p>\n\n<lite-vimeo videoid=\"858282701\"><\/lite-vimeo>\n\n<p><\/p>","protected":false},"excerpt":{"rendered":"<p>30-minutna kompilacija za \u010di\u0161\u010denje Avtenti\u010dni u\u010dinki peskanja s sodo &#8211; Uporabniki SodaBlast v akciji Vabimo vas, da si ogledate pristne videoposnetke, ki so jih poslali na\u0161i uporabniki iz vse Evrope. Ti videoposnetki ne prikazujejo le u\u010dinkovitosti strojev SodaBlast Systems, temve\u010d tudi raznolikost aplikacij in tehnik peskanja s sodo v \u017eivo. Oglejte si, kako se na\u0161e [&hellip;]<\/p>","protected":false},"author":1,"featured_media":0,"parent":0,"menu_order":0,"comment_status":"closed","ping_status":"closed","template":"strona-bez-tytu-u","meta":{"footnotes":""},"class_list":["post-1591","page","type-page","status-publish","hentry"],"yoast_head":"<!-- This site is optimized with the Yoast SEO Premium plugin v21.5 (Yoast SEO v21.5) - https:\/\/yoast.com\/wordpress\/plugins\/seo\/ -->\n<title>Soda Blasting Videoposnetki Kompilacija - SodaBlast Systems<\/title>\n<meta name=\"description\" content=\"Oglejte si na\u0161o zbirko videoposnetkov o peskanju s sodo v podjetju SodaBlast Systems Europe. Odkrijte resni\u010dne aplikacije, ki prikazujejo odstranjevanje barve in rje, obnovo povr\u0161in in okolju prijazne \u010distilne re\u0161itve.\" \/>\n<meta name=\"robots\" content=\"index, follow, max-snippet:-1, max-image-preview:large, max-video-preview:-1\" \/>\n<link rel=\"canonical\" href=\"https:\/\/sodablastsystems-europe.com\/sl\/30-minutna-kompilacija-za-ciscenje\/\" \/>\n<meta property=\"og:locale\" content=\"sl_SI\" \/>\n<meta property=\"og:type\" content=\"article\" \/>\n<meta property=\"og:title\" content=\"Soda Blasting Videoposnetki Kompilacija - SodaBlast Systems\" \/>\n<meta property=\"og:description\" content=\"Oglejte si na\u0161o zbirko videoposnetkov o peskanju s sodo v podjetju SodaBlast Systems Europe. Odkrijte resni\u010dne aplikacije, ki prikazujejo odstranjevanje barve in rje, obnovo povr\u0161in in okolju prijazne \u010distilne re\u0161itve.\" \/>\n<meta property=\"og:url\" content=\"https:\/\/sodablastsystems-europe.com\/sl\/30-minutna-kompilacija-za-ciscenje\/\" \/>\n<meta property=\"og:site_name\" content=\"SodaBlast Systems\" \/>\n<meta property=\"article:publisher\" content=\"https:\/\/www.facebook.com\/sodablastsystems\/\" \/>\n<meta property=\"article:modified_time\" content=\"2026-01-08T09:56:47+00:00\" \/>\n<meta property=\"og:image\" content=\"https:\/\/sodablastsystems-europe.com\/wp-content\/uploads\/2024\/01\/img_6871.jpeg\" \/>\n<meta name=\"twitter:card\" content=\"summary_large_image\" \/>\n<meta name=\"twitter:title\" content=\"Soda Blasting Videoposnetki Kompilacija - SodaBlast Systems\" \/>\n<meta name=\"twitter:description\" content=\"Oglejte si na\u0161o zbirko videoposnetkov o peskanju s sodo v podjetju SodaBlast Systems Europe. Odkrijte resni\u010dne aplikacije, ki prikazujejo odstranjevanje barve in rje, obnovo povr\u0161in in okolju prijazne \u010distilne re\u0161itve.\" \/>\n<meta name=\"twitter:label1\" content=\"Est. reading time\" \/>\n\t<meta name=\"twitter:data1\" content=\"1 minuta\" \/>\n<script type=\"application\/ld+json\" class=\"yoast-schema-graph\">{\"@context\":\"https:\/\/schema.org\",\"@graph\":[{\"@type\":\"WebPage\",\"@id\":\"https:\/\/sodablastsystems-europe.com\/sl\/30-minutna-kompilacija-za-ciscenje\/\",\"url\":\"https:\/\/sodablastsystems-europe.com\/sl\/30-minutna-kompilacija-za-ciscenje\/\",\"name\":\"Soda Blasting Videoposnetki Kompilacija - SodaBlast Systems\",\"isPartOf\":{\"@id\":\"https:\/\/sodablastsystems-europe.com\/sl\/#website\"},\"datePublished\":\"2023-08-27T08:07:29+00:00\",\"dateModified\":\"2026-01-08T09:56:47+00:00\",\"description\":\"Oglejte si na\u0161o zbirko videoposnetkov o peskanju s sodo v podjetju SodaBlast Systems Europe. Odkrijte resni\u010dne aplikacije, ki prikazujejo odstranjevanje barve in rje, obnovo povr\u0161in in okolju prijazne \u010distilne re\u0161itve.\",\"breadcrumb\":{\"@id\":\"https:\/\/sodablastsystems-europe.com\/sl\/30-minutna-kompilacija-za-ciscenje\/#breadcrumb\"},\"inLanguage\":\"sl-SI\",\"potentialAction\":[{\"@type\":\"ReadAction\",\"target\":[\"https:\/\/sodablastsystems-europe.com\/sl\/30-minutna-kompilacija-za-ciscenje\/\"]}]},{\"@type\":\"BreadcrumbList\",\"@id\":\"https:\/\/sodablastsystems-europe.com\/sl\/30-minutna-kompilacija-za-ciscenje\/#breadcrumb\",\"itemListElement\":[{\"@type\":\"ListItem\",\"position\":1,\"name\":\"Strona g\u0142\u00f3wna\",\"item\":\"https:\/\/sodablastsystems-europe.com\/sl\/\"},{\"@type\":\"ListItem\",\"position\":2,\"name\":\"Videoposnetki\"}]},{\"@type\":\"WebSite\",\"@id\":\"https:\/\/sodablastsystems-europe.com\/sl\/#website\",\"url\":\"https:\/\/sodablastsystems-europe.com\/sl\/\",\"name\":\"SodaBlast Systems Europe\",\"description\":\"SodaBlasting Machines from USA. Innovative Technology For Your Business.\",\"publisher\":{\"@id\":\"https:\/\/sodablastsystems-europe.com\/sl\/#organization\"},\"potentialAction\":[{\"@type\":\"SearchAction\",\"target\":{\"@type\":\"EntryPoint\",\"urlTemplate\":\"https:\/\/sodablastsystems-europe.com\/sl\/?s={search_term_string}\"},\"query-input\":\"required name=search_term_string\"}],\"inLanguage\":\"sl-SI\"},{\"@type\":\"Organization\",\"@id\":\"https:\/\/sodablastsystems-europe.com\/sl\/#organization\",\"name\":\"SodaBlast Systems Europe\",\"url\":\"https:\/\/sodablastsystems-europe.com\/sl\/\",\"logo\":{\"@type\":\"ImageObject\",\"inLanguage\":\"sl-SI\",\"@id\":\"https:\/\/sodablastsystems-europe.com\/sl\/#\/schema\/logo\/image\/\",\"url\":\"https:\/\/sodablastsystems-europe.com\/wp-content\/uploads\/2023\/08\/logo-sodablastsystems-usa-1.png\",\"contentUrl\":\"https:\/\/sodablastsystems-europe.com\/wp-content\/uploads\/2023\/08\/logo-sodablastsystems-usa-1.png\",\"width\":200,\"height\":200,\"caption\":\"SodaBlast Systems Europe\"},\"image\":{\"@id\":\"https:\/\/sodablastsystems-europe.com\/sl\/#\/schema\/logo\/image\/\"},\"sameAs\":[\"https:\/\/www.facebook.com\/sodablastsystems\/\",\"https:\/\/www.tiktok.com\/@sodablast.systems\",\"https:\/\/www.instagram.com\/sodablastsystems_europe\/\",\"https:\/\/www.youtube.com\/@Sodablastsystems\"]}]}<\/script>\n<!-- \/ Yoast SEO Premium plugin. -->","yoast_head_json":{"title":"Soda Blasting Videoposnetki Kompilacija - SodaBlast Systems","description":"Oglejte si na\u0161o zbirko videoposnetkov o peskanju s sodo v podjetju SodaBlast Systems Europe. Odkrijte resni\u010dne aplikacije, ki prikazujejo odstranjevanje barve in rje, obnovo povr\u0161in in okolju prijazne \u010distilne re\u0161itve.","robots":{"index":"index","follow":"follow","max-snippet":"max-snippet:-1","max-image-preview":"max-image-preview:large","max-video-preview":"max-video-preview:-1"},"canonical":"https:\/\/sodablastsystems-europe.com\/sl\/30-minutna-kompilacija-za-ciscenje\/","og_locale":"sl_SI","og_type":"article","og_title":"Soda Blasting Videoposnetki Kompilacija - SodaBlast Systems","og_description":"Oglejte si na\u0161o zbirko videoposnetkov o peskanju s sodo v podjetju SodaBlast Systems Europe. Odkrijte resni\u010dne aplikacije, ki prikazujejo odstranjevanje barve in rje, obnovo povr\u0161in in okolju prijazne \u010distilne re\u0161itve.","og_url":"https:\/\/sodablastsystems-europe.com\/sl\/30-minutna-kompilacija-za-ciscenje\/","og_site_name":"SodaBlast Systems","article_publisher":"https:\/\/www.facebook.com\/sodablastsystems\/","article_modified_time":"2026-01-08T09:56:47+00:00","og_image":[{"url":"https:\/\/sodablastsystems-europe.com\/wp-content\/uploads\/2024\/01\/img_6871.jpeg"}],"twitter_card":"summary_large_image","twitter_title":"Soda Blasting Videoposnetki Kompilacija - SodaBlast Systems","twitter_description":"Oglejte si na\u0161o zbirko videoposnetkov o peskanju s sodo v podjetju SodaBlast Systems Europe. Odkrijte resni\u010dne aplikacije, ki prikazujejo odstranjevanje barve in rje, obnovo povr\u0161in in okolju prijazne \u010distilne re\u0161itve.","twitter_misc":{"Est. reading time":"1 minuta"},"schema":{"@context":"https:\/\/schema.org","@graph":[{"@type":"WebPage","@id":"https:\/\/sodablastsystems-europe.com\/sl\/30-minutna-kompilacija-za-ciscenje\/","url":"https:\/\/sodablastsystems-europe.com\/sl\/30-minutna-kompilacija-za-ciscenje\/","name":"Soda Blasting Videoposnetki Kompilacija - SodaBlast Systems","isPartOf":{"@id":"https:\/\/sodablastsystems-europe.com\/sl\/#website"},"datePublished":"2023-08-27T08:07:29+00:00","dateModified":"2026-01-08T09:56:47+00:00","description":"Oglejte si na\u0161o zbirko videoposnetkov o peskanju s sodo v podjetju SodaBlast Systems Europe. Odkrijte resni\u010dne aplikacije, ki prikazujejo odstranjevanje barve in rje, obnovo povr\u0161in in okolju prijazne \u010distilne re\u0161itve.","breadcrumb":{"@id":"https:\/\/sodablastsystems-europe.com\/sl\/30-minutna-kompilacija-za-ciscenje\/#breadcrumb"},"inLanguage":"sl-SI","potentialAction":[{"@type":"ReadAction","target":["https:\/\/sodablastsystems-europe.com\/sl\/30-minutna-kompilacija-za-ciscenje\/"]}]},{"@type":"BreadcrumbList","@id":"https:\/\/sodablastsystems-europe.com\/sl\/30-minutna-kompilacija-za-ciscenje\/#breadcrumb","itemListElement":[{"@type":"ListItem","position":1,"name":"Strona g\u0142\u00f3wna","item":"https:\/\/sodablastsystems-europe.com\/sl\/"},{"@type":"ListItem","position":2,"name":"Videoposnetki"}]},{"@type":"WebSite","@id":"https:\/\/sodablastsystems-europe.com\/sl\/#website","url":"https:\/\/sodablastsystems-europe.com\/sl\/","name":"SodaBlast Systems Europe","description":"SodaBlasting Machines from USA. Innovative Technology For Your Business.","publisher":{"@id":"https:\/\/sodablastsystems-europe.com\/sl\/#organization"},"potentialAction":[{"@type":"SearchAction","target":{"@type":"EntryPoint","urlTemplate":"https:\/\/sodablastsystems-europe.com\/sl\/?s={search_term_string}"},"query-input":"required name=search_term_string"}],"inLanguage":"sl-SI"},{"@type":"Organization","@id":"https:\/\/sodablastsystems-europe.com\/sl\/#organization","name":"SodaBlast Systems Europe","url":"https:\/\/sodablastsystems-europe.com\/sl\/","logo":{"@type":"ImageObject","inLanguage":"sl-SI","@id":"https:\/\/sodablastsystems-europe.com\/sl\/#\/schema\/logo\/image\/","url":"https:\/\/sodablastsystems-europe.com\/wp-content\/uploads\/2023\/08\/logo-sodablastsystems-usa-1.png","contentUrl":"https:\/\/sodablastsystems-europe.com\/wp-content\/uploads\/2023\/08\/logo-sodablastsystems-usa-1.png","width":200,"height":200,"caption":"SodaBlast Systems Europe"},"image":{"@id":"https:\/\/sodablastsystems-europe.com\/sl\/#\/schema\/logo\/image\/"},"sameAs":["https:\/\/www.facebook.com\/sodablastsystems\/","https:\/\/www.tiktok.com\/@sodablast.systems","https:\/\/www.instagram.com\/sodablastsystems_europe\/","https:\/\/www.youtube.com\/@Sodablastsystems"]}]}},"_links":{"self":[{"href":"https:\/\/sodablastsystems-europe.com\/sl\/wp-json\/wp\/v2\/pages\/1591","targetHints":{"allow":["GET"]}}],"collection":[{"href":"https:\/\/sodablastsystems-europe.com\/sl\/wp-json\/wp\/v2\/pages"}],"about":[{"href":"https:\/\/sodablastsystems-europe.com\/sl\/wp-json\/wp\/v2\/types\/page"}],"author":[{"embeddable":true,"href":"https:\/\/sodablastsystems-europe.com\/sl\/wp-json\/wp\/v2\/users\/1"}],"replies":[{"embeddable":true,"href":"https:\/\/sodablastsystems-europe.com\/sl\/wp-json\/wp\/v2\/comments?post=1591"}],"version-history":[{"count":3,"href":"https:\/\/sodablastsystems-europe.com\/sl\/wp-json\/wp\/v2\/pages\/1591\/revisions"}],"predecessor-version":[{"id":6526,"href":"https:\/\/sodablastsystems-europe.com\/sl\/wp-json\/wp\/v2\/pages\/1591\/revisions\/6526"}],"wp:attachment":[{"href":"https:\/\/sodablastsystems-europe.com\/sl\/wp-json\/wp\/v2\/media?parent=1591"}],"curies":[{"name":"wp","href":"https:\/\/api.w.org\/{rel}","templated":true}]}}