{"id":1585,"date":"2023-08-27T08:06:12","date_gmt":"2023-08-27T08:06:12","guid":{"rendered":"https:\/\/sodablastsystems-europe.com\/cenik\/"},"modified":"2026-01-26T23:56:55","modified_gmt":"2026-01-26T23:56:55","slug":"cenik","status":"publish","type":"page","link":"https:\/\/sodablastsystems-europe.com\/sl\/cenik\/","title":{"rendered":"Cenik"},"content":{"rendered":"<figure class=\"wp-block-image size-large\"><img decoding=\"async\" width=\"1024\" height=\"664\" src=\"https:\/\/sodablastsystems-europe.com\/wp-content\/uploads\/2023\/09\/97BEDAC4-E1E2-4B47-8E6F-AE3210FB5928_Original-1024x664.jpg\" alt=\"2 osebi siedz\u0105ce na maszynie do sodowania\" class=\"wp-image-442\" srcset=\"https:\/\/sodablastsystems-europe.com\/wp-content\/uploads\/2023\/09\/97BEDAC4-E1E2-4B47-8E6F-AE3210FB5928_Original-1024x664.jpg 1024w,  https:\/\/sodablastsystems-europe.com\/wp-content\/uploads\/2023\/09\/97BEDAC4-E1E2-4B47-8E6F-AE3210FB5928_Original-300x194.jpg 300w,  https:\/\/sodablastsystems-europe.com\/wp-content\/uploads\/2023\/09\/97BEDAC4-E1E2-4B47-8E6F-AE3210FB5928_Original-768x498.jpg 768w,  https:\/\/sodablastsystems-europe.com\/wp-content\/uploads\/2023\/09\/97BEDAC4-E1E2-4B47-8E6F-AE3210FB5928_Original-1536x996.jpg 1536w,  https:\/\/sodablastsystems-europe.com\/wp-content\/uploads\/2023\/09\/97BEDAC4-E1E2-4B47-8E6F-AE3210FB5928_Original.jpg 2016w\" sizes=\"(max-width: 1024px) 100vw, 1024px\" \/><\/figure>\n\n\n\n<h2 class=\"wp-block-heading has-x-large-font-size\" id=\"h-spoznajte-cene-strojev-sodablast-systems\">Spoznajte cene strojev SodaBlast Systems<\/h2>\n\n\n\n<p><strong>Avtomati\u010dno po\u0161ljemo cenik strojev v 15 minutah.<\/strong><\/p>\n\n\n\n<div class=\"wpcf7 no-js\" id=\"wpcf7-f1696-o1\" lang=\"sl-SI\" dir=\"ltr\" data-wpcf7-id=\"1696\">\n<div class=\"screen-reader-response\"><p role=\"status\" aria-live=\"polite\" aria-atomic=\"true\"><\/p> <ul><\/ul><\/div>\n<form action=\"\/sl\/wp-json\/wp\/v2\/pages\/1585#wpcf7-f1696-o1\" method=\"post\" class=\"wpcf7-form init vxcf_live_form\" aria-label=\"Contact form\" novalidate=\"novalidate\" data-status=\"init\">\n<fieldset class=\"hidden-fields-container\"><input type=\"hidden\" name=\"_wpcf7\" value=\"1696\" \/><input type=\"hidden\" name=\"_wpcf7_version\" value=\"6.1.5\" \/><input type=\"hidden\" name=\"_wpcf7_locale\" value=\"sl_SI\" \/><input type=\"hidden\" name=\"_wpcf7_unit_tag\" value=\"wpcf7-f1696-o1\" \/><input type=\"hidden\" name=\"_wpcf7_container_post\" value=\"0\" \/><input type=\"hidden\" name=\"_wpcf7_posted_data_hash\" value=\"\" \/>\n<\/fieldset>\n<div class=\"wpcf7-turnstile cf-turnstile\" data-sitekey=\"0x4AAAAAACMyM32TKUTU7EWP\" data-response-field-name=\"_wpcf7_turnstile_response\"><\/div>\n\n<p><label> Va\u0161 e-po\u0161tni naslov:<br \/>\n<span class=\"wpcf7-form-control-wrap\" data-name=\"your-email\"><input size=\"40\" maxlength=\"400\" class=\"wpcf7-form-control wpcf7-email wpcf7-validates-as-required wpcf7-text wpcf7-validates-as-email\" autocomplete=\"email\" aria-required=\"true\" aria-invalid=\"false\" value=\"\" type=\"email\" name=\"your-email\" \/><\/span> <\/label>\n<\/p>\n<p><input class=\"wpcf7-form-control wpcf7-submit has-spinner wp-block-button__link has-text-align-center wp-element-button\" type=\"submit\" value=\"SEND\" \/>\n<\/p><div class=\"wpcf7-response-output\" aria-hidden=\"true\"><\/div>\n<\/form>\n<\/div>\n\n\n\n\n<p class=\"has-small-font-size\">Sporazum GDPR: Z izpolnitvijo obrazca se strinjate s <a data-type=\"page\" data-id=\"3\" href=\"https:\/\/sodablastsystems-europe.com\/privacy-policy\/\">politiko zasebnosti<\/a><\/p>","protected":false},"excerpt":{"rendered":"<p>Spoznajte cene strojev SodaBlast Systems Avtomati\u010dno po\u0161ljemo cenik strojev v 15 minutah. Sporazum GDPR: Z izpolnitvijo obrazca se strinjate s politiko zasebnosti<\/p>","protected":false},"author":1,"featured_media":0,"parent":0,"menu_order":0,"comment_status":"closed","ping_status":"closed","template":"","meta":{"footnotes":""},"class_list":["post-1585","page","type-page","status-publish","hentry"],"yoast_head":"<!-- This site is optimized with the Yoast SEO Premium plugin v21.5 (Yoast SEO v21.5) - https:\/\/yoast.com\/wordpress\/plugins\/seo\/ -->\n<title>Cenik opreme za peskanje s sodo - SodaBlast Systems<\/title>\n<meta name=\"description\" content=\"Poi\u0161\u010dite podrobne cene opreme za peskanje s sodo pri podjetju SodaBlast Systems Europe. Razi\u0161\u010dite na\u0161e cenovno ugodne mo\u017enosti za uporabo v industriji, avtomobilski industriji in restavriranju.\" \/>\n<meta name=\"robots\" content=\"index, follow, max-snippet:-1, max-image-preview:large, max-video-preview:-1\" \/>\n<link rel=\"canonical\" href=\"https:\/\/sodablastsystems-europe.com\/sl\/cenik\/\" \/>\n<meta property=\"og:locale\" content=\"sl_SI\" \/>\n<meta property=\"og:type\" content=\"article\" \/>\n<meta property=\"og:title\" content=\"Cenik\" \/>\n<meta property=\"og:description\" content=\"Poi\u0161\u010dite podrobne cene opreme za peskanje s sodo pri podjetju SodaBlast Systems Europe. Razi\u0161\u010dite na\u0161e cenovno ugodne mo\u017enosti za uporabo v industriji, avtomobilski industriji in restavriranju.\" \/>\n<meta property=\"og:url\" content=\"https:\/\/sodablastsystems-europe.com\/sl\/cenik\/\" \/>\n<meta property=\"og:site_name\" content=\"SodaBlast Systems\" \/>\n<meta property=\"article:publisher\" content=\"https:\/\/www.facebook.com\/sodablastsystems\/\" \/>\n<meta property=\"article:modified_time\" content=\"2026-01-26T23:56:55+00:00\" \/>\n<meta property=\"og:image\" content=\"https:\/\/sodablastsystems-europe.com\/wp-content\/uploads\/2023\/09\/97BEDAC4-E1E2-4B47-8E6F-AE3210FB5928_Original-1024x664.jpg\" \/>\n<meta name=\"twitter:card\" content=\"summary_large_image\" \/>\n<meta name=\"twitter:label1\" content=\"Est. reading time\" \/>\n\t<meta name=\"twitter:data1\" content=\"1 minuta\" \/>\n<script type=\"application\/ld+json\" class=\"yoast-schema-graph\">{\"@context\":\"https:\/\/schema.org\",\"@graph\":[{\"@type\":\"WebPage\",\"@id\":\"https:\/\/sodablastsystems-europe.com\/sl\/cenik\/\",\"url\":\"https:\/\/sodablastsystems-europe.com\/sl\/cenik\/\",\"name\":\"Cenik opreme za peskanje s sodo - SodaBlast Systems\",\"isPartOf\":{\"@id\":\"https:\/\/sodablastsystems-europe.com\/sl\/#website\"},\"datePublished\":\"2023-08-27T08:06:12+00:00\",\"dateModified\":\"2026-01-26T23:56:55+00:00\",\"description\":\"Poi\u0161\u010dite podrobne cene opreme za peskanje s sodo pri podjetju SodaBlast Systems Europe. Razi\u0161\u010dite na\u0161e cenovno ugodne mo\u017enosti za uporabo v industriji, avtomobilski industriji in restavriranju.\",\"breadcrumb\":{\"@id\":\"https:\/\/sodablastsystems-europe.com\/sl\/cenik\/#breadcrumb\"},\"inLanguage\":\"sl-SI\",\"potentialAction\":[{\"@type\":\"ReadAction\",\"target\":[\"https:\/\/sodablastsystems-europe.com\/sl\/cenik\/\"]}]},{\"@type\":\"BreadcrumbList\",\"@id\":\"https:\/\/sodablastsystems-europe.com\/sl\/cenik\/#breadcrumb\",\"itemListElement\":[{\"@type\":\"ListItem\",\"position\":1,\"name\":\"Strona g\u0142\u00f3wna\",\"item\":\"https:\/\/sodablastsystems-europe.com\/sl\/\"},{\"@type\":\"ListItem\",\"position\":2,\"name\":\"Cenik\"}]},{\"@type\":\"WebSite\",\"@id\":\"https:\/\/sodablastsystems-europe.com\/sl\/#website\",\"url\":\"https:\/\/sodablastsystems-europe.com\/sl\/\",\"name\":\"SodaBlast Systems Europe\",\"description\":\"SodaBlasting Machines from USA. Innovative Technology For Your Business.\",\"publisher\":{\"@id\":\"https:\/\/sodablastsystems-europe.com\/sl\/#organization\"},\"potentialAction\":[{\"@type\":\"SearchAction\",\"target\":{\"@type\":\"EntryPoint\",\"urlTemplate\":\"https:\/\/sodablastsystems-europe.com\/sl\/?s={search_term_string}\"},\"query-input\":\"required name=search_term_string\"}],\"inLanguage\":\"sl-SI\"},{\"@type\":\"Organization\",\"@id\":\"https:\/\/sodablastsystems-europe.com\/sl\/#organization\",\"name\":\"SodaBlast Systems Europe\",\"url\":\"https:\/\/sodablastsystems-europe.com\/sl\/\",\"logo\":{\"@type\":\"ImageObject\",\"inLanguage\":\"sl-SI\",\"@id\":\"https:\/\/sodablastsystems-europe.com\/sl\/#\/schema\/logo\/image\/\",\"url\":\"https:\/\/sodablastsystems-europe.com\/wp-content\/uploads\/2023\/08\/logo-sodablastsystems-usa-1.png\",\"contentUrl\":\"https:\/\/sodablastsystems-europe.com\/wp-content\/uploads\/2023\/08\/logo-sodablastsystems-usa-1.png\",\"width\":200,\"height\":200,\"caption\":\"SodaBlast Systems Europe\"},\"image\":{\"@id\":\"https:\/\/sodablastsystems-europe.com\/sl\/#\/schema\/logo\/image\/\"},\"sameAs\":[\"https:\/\/www.facebook.com\/sodablastsystems\/\",\"https:\/\/www.tiktok.com\/@sodablast.systems\",\"https:\/\/www.instagram.com\/sodablastsystems_europe\/\",\"https:\/\/www.youtube.com\/@Sodablastsystems\"]}]}<\/script>\n<!-- \/ Yoast SEO Premium plugin. -->","yoast_head_json":{"title":"Cenik opreme za peskanje s sodo - SodaBlast Systems","description":"Poi\u0161\u010dite podrobne cene opreme za peskanje s sodo pri podjetju SodaBlast Systems Europe. Razi\u0161\u010dite na\u0161e cenovno ugodne mo\u017enosti za uporabo v industriji, avtomobilski industriji in restavriranju.","robots":{"index":"index","follow":"follow","max-snippet":"max-snippet:-1","max-image-preview":"max-image-preview:large","max-video-preview":"max-video-preview:-1"},"canonical":"https:\/\/sodablastsystems-europe.com\/sl\/cenik\/","og_locale":"sl_SI","og_type":"article","og_title":"Cenik","og_description":"Poi\u0161\u010dite podrobne cene opreme za peskanje s sodo pri podjetju SodaBlast Systems Europe. Razi\u0161\u010dite na\u0161e cenovno ugodne mo\u017enosti za uporabo v industriji, avtomobilski industriji in restavriranju.","og_url":"https:\/\/sodablastsystems-europe.com\/sl\/cenik\/","og_site_name":"SodaBlast Systems","article_publisher":"https:\/\/www.facebook.com\/sodablastsystems\/","article_modified_time":"2026-01-26T23:56:55+00:00","og_image":[{"url":"https:\/\/sodablastsystems-europe.com\/wp-content\/uploads\/2023\/09\/97BEDAC4-E1E2-4B47-8E6F-AE3210FB5928_Original-1024x664.jpg"}],"twitter_card":"summary_large_image","twitter_misc":{"Est. reading time":"1 minuta"},"schema":{"@context":"https:\/\/schema.org","@graph":[{"@type":"WebPage","@id":"https:\/\/sodablastsystems-europe.com\/sl\/cenik\/","url":"https:\/\/sodablastsystems-europe.com\/sl\/cenik\/","name":"Cenik opreme za peskanje s sodo - SodaBlast Systems","isPartOf":{"@id":"https:\/\/sodablastsystems-europe.com\/sl\/#website"},"datePublished":"2023-08-27T08:06:12+00:00","dateModified":"2026-01-26T23:56:55+00:00","description":"Poi\u0161\u010dite podrobne cene opreme za peskanje s sodo pri podjetju SodaBlast Systems Europe. Razi\u0161\u010dite na\u0161e cenovno ugodne mo\u017enosti za uporabo v industriji, avtomobilski industriji in restavriranju.","breadcrumb":{"@id":"https:\/\/sodablastsystems-europe.com\/sl\/cenik\/#breadcrumb"},"inLanguage":"sl-SI","potentialAction":[{"@type":"ReadAction","target":["https:\/\/sodablastsystems-europe.com\/sl\/cenik\/"]}]},{"@type":"BreadcrumbList","@id":"https:\/\/sodablastsystems-europe.com\/sl\/cenik\/#breadcrumb","itemListElement":[{"@type":"ListItem","position":1,"name":"Strona g\u0142\u00f3wna","item":"https:\/\/sodablastsystems-europe.com\/sl\/"},{"@type":"ListItem","position":2,"name":"Cenik"}]},{"@type":"WebSite","@id":"https:\/\/sodablastsystems-europe.com\/sl\/#website","url":"https:\/\/sodablastsystems-europe.com\/sl\/","name":"SodaBlast Systems Europe","description":"SodaBlasting Machines from USA. Innovative Technology For Your Business.","publisher":{"@id":"https:\/\/sodablastsystems-europe.com\/sl\/#organization"},"potentialAction":[{"@type":"SearchAction","target":{"@type":"EntryPoint","urlTemplate":"https:\/\/sodablastsystems-europe.com\/sl\/?s={search_term_string}"},"query-input":"required name=search_term_string"}],"inLanguage":"sl-SI"},{"@type":"Organization","@id":"https:\/\/sodablastsystems-europe.com\/sl\/#organization","name":"SodaBlast Systems Europe","url":"https:\/\/sodablastsystems-europe.com\/sl\/","logo":{"@type":"ImageObject","inLanguage":"sl-SI","@id":"https:\/\/sodablastsystems-europe.com\/sl\/#\/schema\/logo\/image\/","url":"https:\/\/sodablastsystems-europe.com\/wp-content\/uploads\/2023\/08\/logo-sodablastsystems-usa-1.png","contentUrl":"https:\/\/sodablastsystems-europe.com\/wp-content\/uploads\/2023\/08\/logo-sodablastsystems-usa-1.png","width":200,"height":200,"caption":"SodaBlast Systems Europe"},"image":{"@id":"https:\/\/sodablastsystems-europe.com\/sl\/#\/schema\/logo\/image\/"},"sameAs":["https:\/\/www.facebook.com\/sodablastsystems\/","https:\/\/www.tiktok.com\/@sodablast.systems","https:\/\/www.instagram.com\/sodablastsystems_europe\/","https:\/\/www.youtube.com\/@Sodablastsystems"]}]}},"_links":{"self":[{"href":"https:\/\/sodablastsystems-europe.com\/sl\/wp-json\/wp\/v2\/pages\/1585","targetHints":{"allow":["GET"]}}],"collection":[{"href":"https:\/\/sodablastsystems-europe.com\/sl\/wp-json\/wp\/v2\/pages"}],"about":[{"href":"https:\/\/sodablastsystems-europe.com\/sl\/wp-json\/wp\/v2\/types\/page"}],"author":[{"embeddable":true,"href":"https:\/\/sodablastsystems-europe.com\/sl\/wp-json\/wp\/v2\/users\/1"}],"replies":[{"embeddable":true,"href":"https:\/\/sodablastsystems-europe.com\/sl\/wp-json\/wp\/v2\/comments?post=1585"}],"version-history":[{"count":4,"href":"https:\/\/sodablastsystems-europe.com\/sl\/wp-json\/wp\/v2\/pages\/1585\/revisions"}],"predecessor-version":[{"id":6779,"href":"https:\/\/sodablastsystems-europe.com\/sl\/wp-json\/wp\/v2\/pages\/1585\/revisions\/6779"}],"wp:attachment":[{"href":"https:\/\/sodablastsystems-europe.com\/sl\/wp-json\/wp\/v2\/media?parent=1585"}],"curies":[{"name":"wp","href":"https:\/\/api.w.org\/{rel}","templated":true}]}}