{"id":1318,"date":"2023-08-27T08:06:35","date_gmt":"2023-08-27T08:06:35","guid":{"rendered":"https:\/\/sodablastsystems-europe.com\/ucinki-pred-in-po\/"},"modified":"2024-11-03T01:16:22","modified_gmt":"2024-11-03T01:16:22","slug":"ucinki-pred-in-po","status":"publish","type":"page","link":"https:\/\/sodablastsystems-europe.com\/sl\/ucinki-pred-in-po\/","title":{"rendered":"U\u010dinki pred in po"},"content":{"rendered":"<p><\/p>\n\n<h2 class=\"wp-block-heading has-x-large-font-size\" id=\"h-amazing-transformation-with-sodablast-systems\">Neverjetna preobrazba s sistemi SodaBlast<\/h2>\n\n<p>Odkrijte mo\u010d pihanja sode z na\u0161imi preobrazbami &#8220;pred in po&#8221;. Sistemi SodaBlast niso le tehnologija, temve\u010d tudi umetnost, kako povr\u0161inam povrniti prvotni sijaj. V nadaljevanju predstavljamo galerijo na\u0161ega dela, kjer vsaka fotografija pripoveduje zgodbo o natan\u010dnosti, ne\u017enosti in u\u010dinkovitosti na\u0161ih strojev za peskanje s sodo.<\/p>\n\n<h3 class=\"wp-block-heading has-large-font-size\">&#8220;Pred&#8221; &#8211; Izziv za \u010disto\u010do<\/h3>\n\n<p>Vsako &#8220;prej&#8221; je zajelo trenutke, ko se je zdelo, da povr\u0161in ni mogo\u010de obnoviti. Rja, grafiti, onesna\u017eenost &#8211; vse napake, ki so zahtevale ne\u017een, a u\u010dinkovit dotik.<\/p>\n\n<h3 class=\"wp-block-heading has-large-font-size\">&#8220;Po&#8221; &#8211; U\u010dinek sistema SodaBlast<\/h3>\n\n<p>U\u010dinki &#8220;po&#8221; ka\u017eejo rezultate, ki so presegli na\u0161a pri\u010dakovanja in pri\u010dakovanja na\u0161ih strank. Dokazujejo mo\u010d natrijevega bikarbonata, ki povr\u0161inam povrne prvotni videz, ne da bi po\u0161kodoval njihovo strukturo.<\/p>\n\n<p>Vabimo vas, da si ogledate primere na\u0161ih dose\u017ekov. Vsaka fotografija je dokaz, da nobena naloga ni prete\u017eka za podjetje SodaBlast Systems.<\/p>\n\n<p>Premaknite drsnik na fotografiji in si oglejte razliko:<\/p>\n<p>[bafg id=&#8221;320&#8243;]<\/p>\n<p>[bafg id=&#8221;318&#8243;]<\/p>\n<p>[bafg id=&#8221;322&#8243;]<\/p>\n<p>[bafg id=&#8221;324&#8243;]<\/p>\n<p>[bafg id=&#8221;325&#8243;]<\/p>\n<p>[bafg id=&#8221;326&#8243;]<\/p>\n<p>[bafg id=&#8221;328&#8243;]<\/p>\n<p>[bafg id=&#8221;329&#8243;]<\/p>\n<p>[bafg id=&#8221;330&#8243;]<\/p>\n<p>[bafg id=&#8221;331&#8243;]<\/p>\n<p>[bafg id=&#8221;332&#8243;]<\/p>\n<p>[bafg id=&#8221;334&#8243;]<\/p>\n<p>[bafg id=&#8221;335&#8243;]<\/p>\n<p>[bafg id=&#8221;337&#8243;]<\/p>\n<p>[bafg id=&#8221;338&#8243;]<\/p>\n<p>[bafg id=&#8221;339&#8243;]<\/p>\n<p>[bafg id=&#8221;340&#8243;]<\/p>\n<p>[bafg id=&#8221;341&#8243;]<\/p>\n<p>[bafg id=&#8221;342&#8243;]<\/p>\n<p>[bafg id=&#8221;343&#8243;]<\/p>\n<p>[bafg id=&#8221;345&#8243;]<\/p>\n<p>[bafg id=&#8221;346&#8243;]<\/p>\n<p>[bafg id=&#8221;347&#8243;]<\/p>\n<p>[bafg id=&#8221;348&#8243;]<\/p>\n<p>[bafg id=&#8221;349&#8243;]<\/p>\n<p>[bafg id=&#8221;350&#8243;]<\/p>\n<p>[bafg id=&#8221;351&#8243;]<\/p>\n<p>[bafg id=&#8221;352&#8243;]<\/p>\n<p>[bafg id=&#8221;353&#8243;]<\/p>\n<p>[bafg id=&#8221;354&#8243;]<\/p>\n<p>[bafg id=&#8221;355&#8243;]<\/p>\n<p>[bafg id=&#8221;356&#8243;]<\/p>\n<p>[bafg id=&#8221;357&#8243;]<\/p>\n<p>[bafg id=&#8221;358&#8243;]<\/p>\n<p>[bafg id=&#8221;359&#8243;]<\/p>\n<p>[bafg id=&#8221;360&#8243;]<\/p>\n<p>[bafg id=&#8221;361&#8243;]<\/p>","protected":false},"excerpt":{"rendered":"<p>Neverjetna preobrazba s sistemi SodaBlast Odkrijte mo\u010d pihanja sode z na\u0161imi preobrazbami &#8220;pred in po&#8221;. Sistemi SodaBlast niso le tehnologija, temve\u010d tudi umetnost, kako povr\u0161inam povrniti prvotni sijaj. V nadaljevanju predstavljamo galerijo na\u0161ega dela, kjer vsaka fotografija pripoveduje zgodbo o natan\u010dnosti, ne\u017enosti in u\u010dinkovitosti na\u0161ih strojev za peskanje s sodo. &#8220;Pred&#8221; &#8211; Izziv za \u010disto\u010do [&hellip;]<\/p>","protected":false},"author":1,"featured_media":0,"parent":0,"menu_order":0,"comment_status":"closed","ping_status":"closed","template":"","meta":{"footnotes":""},"class_list":["post-1318","page","type-page","status-publish","hentry"],"yoast_head":"<!-- This site is optimized with the Yoast SEO Premium plugin v21.5 (Yoast SEO v21.5) - https:\/\/yoast.com\/wordpress\/plugins\/seo\/ -->\n<title>Pred in po u\u010dinkih peskanja s sodo - SodaBlast Systems<\/title>\n<meta name=\"description\" content=\"Odkrijte preobrazbeno mo\u010d peskanja s sodo z dru\u017ebo SodaBlast Systems Europe. Oglejte si na\u0161o galerijo pred in po, ki prikazuje u\u010dinkovito odstranjevanje barve, rje in obnovo povr\u0161in za razli\u010dne aplikacije.\" \/>\n<meta name=\"robots\" content=\"index, follow, max-snippet:-1, max-image-preview:large, max-video-preview:-1\" \/>\n<link rel=\"canonical\" href=\"https:\/\/sodablastsystems-europe.com\/sl\/ucinki-pred-in-po\/\" \/>\n<meta property=\"og:locale\" content=\"sl_SI\" \/>\n<meta property=\"og:type\" content=\"article\" \/>\n<meta property=\"og:title\" content=\"U\u010dinki pred in po\" \/>\n<meta property=\"og:description\" content=\"Odkrijte preobrazbeno mo\u010d peskanja s sodo z dru\u017ebo SodaBlast Systems Europe. Oglejte si na\u0161o galerijo pred in po, ki prikazuje u\u010dinkovito odstranjevanje barve, rje in obnovo povr\u0161in za razli\u010dne aplikacije.\" \/>\n<meta property=\"og:url\" content=\"https:\/\/sodablastsystems-europe.com\/sl\/ucinki-pred-in-po\/\" \/>\n<meta property=\"og:site_name\" content=\"SodaBlast Systems\" \/>\n<meta property=\"article:publisher\" content=\"https:\/\/www.facebook.com\/sodablastsystems\/\" \/>\n<meta property=\"article:modified_time\" content=\"2024-11-03T01:16:22+00:00\" \/>\n<meta property=\"og:image\" content=\"https:\/\/sodablastsystems-europe.com\/wp-content\/uploads\/2023\/08\/logo-sodablastsystems-usa-1.png\" \/>\n\t<meta property=\"og:image:width\" content=\"200\" \/>\n\t<meta property=\"og:image:height\" content=\"200\" \/>\n\t<meta property=\"og:image:type\" content=\"image\/png\" \/>\n<meta name=\"twitter:card\" content=\"summary_large_image\" \/>\n<meta name=\"twitter:label1\" content=\"Est. reading time\" \/>\n\t<meta name=\"twitter:data1\" content=\"1 minuta\" \/>\n<script type=\"application\/ld+json\" class=\"yoast-schema-graph\">{\"@context\":\"https:\/\/schema.org\",\"@graph\":[{\"@type\":\"WebPage\",\"@id\":\"https:\/\/sodablastsystems-europe.com\/sl\/ucinki-pred-in-po\/\",\"url\":\"https:\/\/sodablastsystems-europe.com\/sl\/ucinki-pred-in-po\/\",\"name\":\"Pred in po u\u010dinkih peskanja s sodo - SodaBlast Systems\",\"isPartOf\":{\"@id\":\"https:\/\/sodablastsystems-europe.com\/sl\/#website\"},\"datePublished\":\"2023-08-27T08:06:35+00:00\",\"dateModified\":\"2024-11-03T01:16:22+00:00\",\"description\":\"Odkrijte preobrazbeno mo\u010d peskanja s sodo z dru\u017ebo SodaBlast Systems Europe. Oglejte si na\u0161o galerijo pred in po, ki prikazuje u\u010dinkovito odstranjevanje barve, rje in obnovo povr\u0161in za razli\u010dne aplikacije.\",\"breadcrumb\":{\"@id\":\"https:\/\/sodablastsystems-europe.com\/sl\/ucinki-pred-in-po\/#breadcrumb\"},\"inLanguage\":\"sl-SI\",\"potentialAction\":[{\"@type\":\"ReadAction\",\"target\":[\"https:\/\/sodablastsystems-europe.com\/sl\/ucinki-pred-in-po\/\"]}]},{\"@type\":\"BreadcrumbList\",\"@id\":\"https:\/\/sodablastsystems-europe.com\/sl\/ucinki-pred-in-po\/#breadcrumb\",\"itemListElement\":[{\"@type\":\"ListItem\",\"position\":1,\"name\":\"Strona g\u0142\u00f3wna\",\"item\":\"https:\/\/sodablastsystems-europe.com\/sl\/\"},{\"@type\":\"ListItem\",\"position\":2,\"name\":\"U\u010dinki pred in po\"}]},{\"@type\":\"WebSite\",\"@id\":\"https:\/\/sodablastsystems-europe.com\/sl\/#website\",\"url\":\"https:\/\/sodablastsystems-europe.com\/sl\/\",\"name\":\"SodaBlast Systems Europe\",\"description\":\"SodaBlasting Machines from USA. Innovative Technology For Your Business.\",\"publisher\":{\"@id\":\"https:\/\/sodablastsystems-europe.com\/sl\/#organization\"},\"potentialAction\":[{\"@type\":\"SearchAction\",\"target\":{\"@type\":\"EntryPoint\",\"urlTemplate\":\"https:\/\/sodablastsystems-europe.com\/sl\/?s={search_term_string}\"},\"query-input\":\"required name=search_term_string\"}],\"inLanguage\":\"sl-SI\"},{\"@type\":\"Organization\",\"@id\":\"https:\/\/sodablastsystems-europe.com\/sl\/#organization\",\"name\":\"SodaBlast Systems Europe\",\"url\":\"https:\/\/sodablastsystems-europe.com\/sl\/\",\"logo\":{\"@type\":\"ImageObject\",\"inLanguage\":\"sl-SI\",\"@id\":\"https:\/\/sodablastsystems-europe.com\/sl\/#\/schema\/logo\/image\/\",\"url\":\"https:\/\/sodablastsystems-europe.com\/wp-content\/uploads\/2023\/08\/logo-sodablastsystems-usa-1.png\",\"contentUrl\":\"https:\/\/sodablastsystems-europe.com\/wp-content\/uploads\/2023\/08\/logo-sodablastsystems-usa-1.png\",\"width\":200,\"height\":200,\"caption\":\"SodaBlast Systems Europe\"},\"image\":{\"@id\":\"https:\/\/sodablastsystems-europe.com\/sl\/#\/schema\/logo\/image\/\"},\"sameAs\":[\"https:\/\/www.facebook.com\/sodablastsystems\/\",\"https:\/\/www.tiktok.com\/@sodablast.systems\",\"https:\/\/www.instagram.com\/sodablastsystems_europe\/\",\"https:\/\/www.youtube.com\/@Sodablastsystems\"]}]}<\/script>\n<!-- \/ Yoast SEO Premium plugin. -->","yoast_head_json":{"title":"Pred in po u\u010dinkih peskanja s sodo - SodaBlast Systems","description":"Odkrijte preobrazbeno mo\u010d peskanja s sodo z dru\u017ebo SodaBlast Systems Europe. Oglejte si na\u0161o galerijo pred in po, ki prikazuje u\u010dinkovito odstranjevanje barve, rje in obnovo povr\u0161in za razli\u010dne aplikacije.","robots":{"index":"index","follow":"follow","max-snippet":"max-snippet:-1","max-image-preview":"max-image-preview:large","max-video-preview":"max-video-preview:-1"},"canonical":"https:\/\/sodablastsystems-europe.com\/sl\/ucinki-pred-in-po\/","og_locale":"sl_SI","og_type":"article","og_title":"U\u010dinki pred in po","og_description":"Odkrijte preobrazbeno mo\u010d peskanja s sodo z dru\u017ebo SodaBlast Systems Europe. Oglejte si na\u0161o galerijo pred in po, ki prikazuje u\u010dinkovito odstranjevanje barve, rje in obnovo povr\u0161in za razli\u010dne aplikacije.","og_url":"https:\/\/sodablastsystems-europe.com\/sl\/ucinki-pred-in-po\/","og_site_name":"SodaBlast Systems","article_publisher":"https:\/\/www.facebook.com\/sodablastsystems\/","article_modified_time":"2024-11-03T01:16:22+00:00","og_image":[{"width":200,"height":200,"url":"https:\/\/sodablastsystems-europe.com\/wp-content\/uploads\/2023\/08\/logo-sodablastsystems-usa-1.png","type":"image\/png"}],"twitter_card":"summary_large_image","twitter_misc":{"Est. reading time":"1 minuta"},"schema":{"@context":"https:\/\/schema.org","@graph":[{"@type":"WebPage","@id":"https:\/\/sodablastsystems-europe.com\/sl\/ucinki-pred-in-po\/","url":"https:\/\/sodablastsystems-europe.com\/sl\/ucinki-pred-in-po\/","name":"Pred in po u\u010dinkih peskanja s sodo - SodaBlast Systems","isPartOf":{"@id":"https:\/\/sodablastsystems-europe.com\/sl\/#website"},"datePublished":"2023-08-27T08:06:35+00:00","dateModified":"2024-11-03T01:16:22+00:00","description":"Odkrijte preobrazbeno mo\u010d peskanja s sodo z dru\u017ebo SodaBlast Systems Europe. Oglejte si na\u0161o galerijo pred in po, ki prikazuje u\u010dinkovito odstranjevanje barve, rje in obnovo povr\u0161in za razli\u010dne aplikacije.","breadcrumb":{"@id":"https:\/\/sodablastsystems-europe.com\/sl\/ucinki-pred-in-po\/#breadcrumb"},"inLanguage":"sl-SI","potentialAction":[{"@type":"ReadAction","target":["https:\/\/sodablastsystems-europe.com\/sl\/ucinki-pred-in-po\/"]}]},{"@type":"BreadcrumbList","@id":"https:\/\/sodablastsystems-europe.com\/sl\/ucinki-pred-in-po\/#breadcrumb","itemListElement":[{"@type":"ListItem","position":1,"name":"Strona g\u0142\u00f3wna","item":"https:\/\/sodablastsystems-europe.com\/sl\/"},{"@type":"ListItem","position":2,"name":"U\u010dinki pred in po"}]},{"@type":"WebSite","@id":"https:\/\/sodablastsystems-europe.com\/sl\/#website","url":"https:\/\/sodablastsystems-europe.com\/sl\/","name":"SodaBlast Systems Europe","description":"SodaBlasting Machines from USA. Innovative Technology For Your Business.","publisher":{"@id":"https:\/\/sodablastsystems-europe.com\/sl\/#organization"},"potentialAction":[{"@type":"SearchAction","target":{"@type":"EntryPoint","urlTemplate":"https:\/\/sodablastsystems-europe.com\/sl\/?s={search_term_string}"},"query-input":"required name=search_term_string"}],"inLanguage":"sl-SI"},{"@type":"Organization","@id":"https:\/\/sodablastsystems-europe.com\/sl\/#organization","name":"SodaBlast Systems Europe","url":"https:\/\/sodablastsystems-europe.com\/sl\/","logo":{"@type":"ImageObject","inLanguage":"sl-SI","@id":"https:\/\/sodablastsystems-europe.com\/sl\/#\/schema\/logo\/image\/","url":"https:\/\/sodablastsystems-europe.com\/wp-content\/uploads\/2023\/08\/logo-sodablastsystems-usa-1.png","contentUrl":"https:\/\/sodablastsystems-europe.com\/wp-content\/uploads\/2023\/08\/logo-sodablastsystems-usa-1.png","width":200,"height":200,"caption":"SodaBlast Systems Europe"},"image":{"@id":"https:\/\/sodablastsystems-europe.com\/sl\/#\/schema\/logo\/image\/"},"sameAs":["https:\/\/www.facebook.com\/sodablastsystems\/","https:\/\/www.tiktok.com\/@sodablast.systems","https:\/\/www.instagram.com\/sodablastsystems_europe\/","https:\/\/www.youtube.com\/@Sodablastsystems"]}]}},"_links":{"self":[{"href":"https:\/\/sodablastsystems-europe.com\/sl\/wp-json\/wp\/v2\/pages\/1318","targetHints":{"allow":["GET"]}}],"collection":[{"href":"https:\/\/sodablastsystems-europe.com\/sl\/wp-json\/wp\/v2\/pages"}],"about":[{"href":"https:\/\/sodablastsystems-europe.com\/sl\/wp-json\/wp\/v2\/types\/page"}],"author":[{"embeddable":true,"href":"https:\/\/sodablastsystems-europe.com\/sl\/wp-json\/wp\/v2\/users\/1"}],"replies":[{"embeddable":true,"href":"https:\/\/sodablastsystems-europe.com\/sl\/wp-json\/wp\/v2\/comments?post=1318"}],"version-history":[{"count":1,"href":"https:\/\/sodablastsystems-europe.com\/sl\/wp-json\/wp\/v2\/pages\/1318\/revisions"}],"predecessor-version":[{"id":1322,"href":"https:\/\/sodablastsystems-europe.com\/sl\/wp-json\/wp\/v2\/pages\/1318\/revisions\/1322"}],"wp:attachment":[{"href":"https:\/\/sodablastsystems-europe.com\/sl\/wp-json\/wp\/v2\/media?parent=1318"}],"curies":[{"name":"wp","href":"https:\/\/api.w.org\/{rel}","templated":true}]}}