{"id":6124,"date":"2025-02-17T14:24:04","date_gmt":"2025-02-17T14:24:04","guid":{"rendered":"https:\/\/sodablastsystems-europe.com\/specifikacia-privesu-sb-500-s-dpf\/"},"modified":"2025-02-17T14:26:09","modified_gmt":"2025-02-17T14:26:09","slug":"specifikacia-privesu-sb-500-s-dpf","status":"publish","type":"page","link":"https:\/\/sodablastsystems-europe.com\/sk\/specifikacia-privesu-sb-500-s-dpf\/","title":{"rendered":"\u0160pecifik\u00e1cia pr\u00edvesu &#8222;SB-500&#8220; s DPF"},"content":{"rendered":"<p><strong>Kompletn\u00e1, trojzlo\u017ekov\u00e1, prenosn\u00e1 a na pou\u017eitie pripraven\u00e1 s\u00faprava:<\/strong><\/p>\n\n<p><strong>Sekcia na otrysk\u00e1vanie SodaBlaster:<\/strong><\/p>\n\n<ul class=\"wp-block-list\">\n<li>N\u00e1dr\u017e blasteru SB-500<\/li>\n\n\n\n<li>1-sekundov\u00fd samotesniaci poklop n\u00e1sypky<\/li>\n\n\n\n<li>Regul\u00e1tor tlaku vzduchu<\/li>\n\n\n\n<li>Regul\u00e1tor mno\u017estva abraz\u00edva<\/li>\n\n\n\n<li>Elektrick\u00e9 dia\u013ekov\u00e9 ovl\u00e1danie s 15 m k\u00e1blom<\/li>\n\n\n\n<li>Pr\u00edpojka \u010dist\u00e9ho vzduchu pre volite\u013en\u00e9 n\u00e1radie<\/li>\n\n\n\n<li>340o rota\u010dn\u00fd v\u00fdstup tryskacej hadice<\/li>\n\n\n\n<li>Tlmi\u010d v\u00fdfuku vzduchu z n\u00e1dr\u017ee blasteru<\/li>\n<\/ul>\n\n<p><strong>Chladiaci syst\u00e9m Blaster:<\/strong><\/p>\n\n<ul class=\"wp-block-list\">\n<li>MT-3 Samostatn\u00e1 su\u0161i\u010dka vzduchu<\/li>\n\n\n\n<li>Cykl\u00f3nov\u00fd vzduchov\u00fd filter CF-125<\/li>\n\n\n\n<li>Tlakov\u00fd chladi\u010d 10bar<\/li>\n\n\n\n<li>Vysokor\u00fdchlostn\u00fd ventil\u00e1tor<\/li>\n<\/ul>\n\n<p><strong>Skrutkov\u00fd vzduchov\u00fd kompresor:<\/strong><\/p>\n\n<ul class=\"wp-block-list\">\n<li>\u0160tvorvalcov\u00fd prepl\u0148ovan\u00fd motor Kubota<\/li>\n\n\n\n<li>V\u00fdkon motora 33 kW<\/li>\n\n\n\n<li>Objem motora 1 498 litrov<\/li>\n\n\n\n<li>Elektrick\u00e1 in\u0161tal\u00e1cia 12V<\/li>\n\n\n\n<li>45 litrov\u00e1 palivov\u00e1 n\u00e1dr\u017e<\/li>\n\n\n\n<li>LCD displej<\/li>\n\n\n\n<li>N\u00fadzov\u00fd sp\u00edna\u010d STOP<\/li>\n\n\n\n<li>Kompresor s vn\u00fatornou zvukovou izol\u00e1ciou<\/li>\n\n\n\n<li>Protikor\u00f3zna ochrana pre prostredie C3 s vysokou vlhkos\u0165ou<\/li>\n\n\n\n<li>Tlmi\u010d v\u00fdfuku vzduchu kompresora<\/li>\n\n\n\n<li>V s\u00falade s normou E\u00da STAGE V pre spa\u013eovacie motory<\/li>\n\n\n\n<li>V s\u00falade s normou o emisi\u00e1ch hluku 2000\/14\/ES<\/li>\n<\/ul>\n\n<p><strong>Cestn\u00fd podvozok:<\/strong><\/p>\n\n<ul class=\"wp-block-list\">\n<li>Eur\u00f3pska homologiz\u00e1cia \u0161peci\u00e1lneho pr\u00edvesu<\/li>\n\n\n\n<li>Kon\u0161trukcia vyroben\u00e1 CNC<\/li>\n\n\n\n<li>Komponenty podvozku AL-KO<\/li>\n\n\n\n<li>2 n\u00e1pravy = 4 koles\u00e1, pneumatiky M+S 13C<\/li>\n\n\n\n<li>N\u00e1jazdov\u00e1, z\u00e1chrann\u00e1 a parkovacia brzda<\/li>\n\n\n\n<li>Gu\u013eov\u00e9 z\u00e1vesn\u00e9 zariadenie pre \u0165a\u017en\u00e9 zariadenie so spojkou a indik\u00e1torom opotrebenia<\/li>\n\n\n\n<li>4 nastavite\u013en\u00e9 podpery na vyrovnanie podvozku<\/li>\n\n\n\n<li>Plnohodnotn\u00e9 rezervn\u00e9 koleso<\/li>\n\n\n\n<li>13-pinov\u00e1 elektrick\u00e1 in\u0161tal\u00e1cia cestn\u00e9ho osvetlenia<\/li>\n<\/ul>\n\n<p><strong>Dod\u00e1van\u00e9 pr\u00edslu\u0161enstvo &#8211; z\u00e1kladn\u00e9 balenie:<\/strong><\/p>\n\n<ul class=\"wp-block-list\">\n<li>Okr\u00fahla d\u00fdza HV-5 (8 mm)<\/li>\n\n\n\n<li>Vodn\u00fd adapt\u00e9r pre trysku<\/li>\n\n\n\n<li>Lievik na nalievanie abraz\u00edva<\/li>\n\n\n\n<li>15 m ovl\u00e1dac\u00ed k\u00e1bel<\/li>\n\n\n\n<li>15 m vodn\u00e1 hadica<\/li>\n\n\n\n<li>Tryskacia hadica 15 m<\/li>\n<\/ul>","protected":false},"excerpt":{"rendered":"<p>Kompletn\u00e1, trojzlo\u017ekov\u00e1, prenosn\u00e1 a na pou\u017eitie pripraven\u00e1 s\u00faprava: Sekcia na otrysk\u00e1vanie SodaBlaster: Chladiaci syst\u00e9m Blaster: Skrutkov\u00fd vzduchov\u00fd kompresor: Cestn\u00fd podvozok: Dod\u00e1van\u00e9 pr\u00edslu\u0161enstvo &#8211; z\u00e1kladn\u00e9 balenie:<\/p>","protected":false},"author":1,"featured_media":0,"parent":0,"menu_order":0,"comment_status":"closed","ping_status":"closed","template":"","meta":{"footnotes":""},"class_list":["post-6124","page","type-page","status-publish","hentry"],"yoast_head":"<!-- This site is optimized with the Yoast SEO Premium plugin v21.5 (Yoast SEO v21.5) - https:\/\/yoast.com\/wordpress\/plugins\/seo\/ -->\n<title>\u0160pecifik\u00e1cia pr\u00edvesu &quot;SB-500&quot; s DPF - SodaBlast Systems<\/title>\n<meta name=\"robots\" content=\"index, follow, max-snippet:-1, max-image-preview:large, max-video-preview:-1\" \/>\n<link rel=\"canonical\" href=\"https:\/\/sodablastsystems-europe.com\/sk\/specifikacia-privesu-sb-500-s-dpf\/\" \/>\n<meta property=\"og:locale\" content=\"sk_SK\" \/>\n<meta property=\"og:type\" content=\"article\" \/>\n<meta property=\"og:title\" content=\"\u0160pecifik\u00e1cia pr\u00edvesu &quot;SB-500&quot; s DPF\" \/>\n<meta property=\"og:description\" content=\"Kompletn\u00e1, trojzlo\u017ekov\u00e1, prenosn\u00e1 a na pou\u017eitie pripraven\u00e1 s\u00faprava: Sekcia na otrysk\u00e1vanie SodaBlaster: Chladiaci syst\u00e9m Blaster: Skrutkov\u00fd vzduchov\u00fd kompresor: Cestn\u00fd podvozok: Dod\u00e1van\u00e9 pr\u00edslu\u0161enstvo &#8211; z\u00e1kladn\u00e9 balenie:\" \/>\n<meta property=\"og:url\" content=\"https:\/\/sodablastsystems-europe.com\/sk\/specifikacia-privesu-sb-500-s-dpf\/\" \/>\n<meta property=\"og:site_name\" content=\"SodaBlast Systems\" \/>\n<meta property=\"article:publisher\" content=\"https:\/\/www.facebook.com\/sodablastsystems\/\" \/>\n<meta property=\"article:modified_time\" content=\"2025-02-17T14:26:09+00:00\" \/>\n<meta property=\"og:image\" content=\"https:\/\/sodablastsystems-europe.com\/wp-content\/uploads\/2023\/08\/logo-sodablastsystems-usa-1.png\" \/>\n\t<meta property=\"og:image:width\" content=\"200\" \/>\n\t<meta property=\"og:image:height\" content=\"200\" \/>\n\t<meta property=\"og:image:type\" content=\"image\/png\" \/>\n<meta name=\"twitter:card\" content=\"summary_large_image\" \/>\n<meta name=\"twitter:label1\" content=\"Predpokladan\u00fd \u010das \u010d\u00edtania\" \/>\n\t<meta name=\"twitter:data1\" content=\"1 min\u00fata\" \/>\n<script type=\"application\/ld+json\" class=\"yoast-schema-graph\">{\"@context\":\"https:\/\/schema.org\",\"@graph\":[{\"@type\":\"WebPage\",\"@id\":\"https:\/\/sodablastsystems-europe.com\/sk\/specifikacia-privesu-sb-500-s-dpf\/\",\"url\":\"https:\/\/sodablastsystems-europe.com\/sk\/specifikacia-privesu-sb-500-s-dpf\/\",\"name\":\"\u0160pecifik\u00e1cia pr\u00edvesu \\\"SB-500\\\" s DPF - SodaBlast Systems\",\"isPartOf\":{\"@id\":\"https:\/\/sodablastsystems-europe.com\/sk\/#website\"},\"datePublished\":\"2025-02-17T14:24:04+00:00\",\"dateModified\":\"2025-02-17T14:26:09+00:00\",\"breadcrumb\":{\"@id\":\"https:\/\/sodablastsystems-europe.com\/sk\/specifikacia-privesu-sb-500-s-dpf\/#breadcrumb\"},\"inLanguage\":\"sk-SK\",\"potentialAction\":[{\"@type\":\"ReadAction\",\"target\":[\"https:\/\/sodablastsystems-europe.com\/sk\/specifikacia-privesu-sb-500-s-dpf\/\"]}]},{\"@type\":\"BreadcrumbList\",\"@id\":\"https:\/\/sodablastsystems-europe.com\/sk\/specifikacia-privesu-sb-500-s-dpf\/#breadcrumb\",\"itemListElement\":[{\"@type\":\"ListItem\",\"position\":1,\"name\":\"Strona g\u0142\u00f3wna\",\"item\":\"https:\/\/sodablastsystems-europe.com\/sk\/\"},{\"@type\":\"ListItem\",\"position\":2,\"name\":\"\u0160pecifik\u00e1cia pr\u00edvesu &#8221;SB-500&#8221; s DPF\"}]},{\"@type\":\"WebSite\",\"@id\":\"https:\/\/sodablastsystems-europe.com\/sk\/#website\",\"url\":\"https:\/\/sodablastsystems-europe.com\/sk\/\",\"name\":\"SodaBlast Systems Europe\",\"description\":\"SodaBlasting Machines from USA. Innovative Technology For Your Business.\",\"publisher\":{\"@id\":\"https:\/\/sodablastsystems-europe.com\/sk\/#organization\"},\"potentialAction\":[{\"@type\":\"SearchAction\",\"target\":{\"@type\":\"EntryPoint\",\"urlTemplate\":\"https:\/\/sodablastsystems-europe.com\/sk\/?s={search_term_string}\"},\"query-input\":\"required name=search_term_string\"}],\"inLanguage\":\"sk-SK\"},{\"@type\":\"Organization\",\"@id\":\"https:\/\/sodablastsystems-europe.com\/sk\/#organization\",\"name\":\"SodaBlast Systems Europe\",\"url\":\"https:\/\/sodablastsystems-europe.com\/sk\/\",\"logo\":{\"@type\":\"ImageObject\",\"inLanguage\":\"sk-SK\",\"@id\":\"https:\/\/sodablastsystems-europe.com\/sk\/#\/schema\/logo\/image\/\",\"url\":\"https:\/\/sodablastsystems-europe.com\/wp-content\/uploads\/2023\/08\/logo-sodablastsystems-usa-1.png\",\"contentUrl\":\"https:\/\/sodablastsystems-europe.com\/wp-content\/uploads\/2023\/08\/logo-sodablastsystems-usa-1.png\",\"width\":200,\"height\":200,\"caption\":\"SodaBlast Systems Europe\"},\"image\":{\"@id\":\"https:\/\/sodablastsystems-europe.com\/sk\/#\/schema\/logo\/image\/\"},\"sameAs\":[\"https:\/\/www.facebook.com\/sodablastsystems\/\",\"https:\/\/www.tiktok.com\/@sodablast.systems\",\"https:\/\/www.instagram.com\/sodablastsystems_europe\/\",\"https:\/\/www.youtube.com\/@Sodablastsystems\"]}]}<\/script>\n<!-- \/ Yoast SEO Premium plugin. -->","yoast_head_json":{"title":"\u0160pecifik\u00e1cia pr\u00edvesu \"SB-500\" s DPF - SodaBlast Systems","robots":{"index":"index","follow":"follow","max-snippet":"max-snippet:-1","max-image-preview":"max-image-preview:large","max-video-preview":"max-video-preview:-1"},"canonical":"https:\/\/sodablastsystems-europe.com\/sk\/specifikacia-privesu-sb-500-s-dpf\/","og_locale":"sk_SK","og_type":"article","og_title":"\u0160pecifik\u00e1cia pr\u00edvesu \"SB-500\" s DPF","og_description":"Kompletn\u00e1, trojzlo\u017ekov\u00e1, prenosn\u00e1 a na pou\u017eitie pripraven\u00e1 s\u00faprava: Sekcia na otrysk\u00e1vanie SodaBlaster: Chladiaci syst\u00e9m Blaster: Skrutkov\u00fd vzduchov\u00fd kompresor: Cestn\u00fd podvozok: Dod\u00e1van\u00e9 pr\u00edslu\u0161enstvo &#8211; z\u00e1kladn\u00e9 balenie:","og_url":"https:\/\/sodablastsystems-europe.com\/sk\/specifikacia-privesu-sb-500-s-dpf\/","og_site_name":"SodaBlast Systems","article_publisher":"https:\/\/www.facebook.com\/sodablastsystems\/","article_modified_time":"2025-02-17T14:26:09+00:00","og_image":[{"width":200,"height":200,"url":"https:\/\/sodablastsystems-europe.com\/wp-content\/uploads\/2023\/08\/logo-sodablastsystems-usa-1.png","type":"image\/png"}],"twitter_card":"summary_large_image","twitter_misc":{"Predpokladan\u00fd \u010das \u010d\u00edtania":"1 min\u00fata"},"schema":{"@context":"https:\/\/schema.org","@graph":[{"@type":"WebPage","@id":"https:\/\/sodablastsystems-europe.com\/sk\/specifikacia-privesu-sb-500-s-dpf\/","url":"https:\/\/sodablastsystems-europe.com\/sk\/specifikacia-privesu-sb-500-s-dpf\/","name":"\u0160pecifik\u00e1cia pr\u00edvesu \"SB-500\" s DPF - SodaBlast Systems","isPartOf":{"@id":"https:\/\/sodablastsystems-europe.com\/sk\/#website"},"datePublished":"2025-02-17T14:24:04+00:00","dateModified":"2025-02-17T14:26:09+00:00","breadcrumb":{"@id":"https:\/\/sodablastsystems-europe.com\/sk\/specifikacia-privesu-sb-500-s-dpf\/#breadcrumb"},"inLanguage":"sk-SK","potentialAction":[{"@type":"ReadAction","target":["https:\/\/sodablastsystems-europe.com\/sk\/specifikacia-privesu-sb-500-s-dpf\/"]}]},{"@type":"BreadcrumbList","@id":"https:\/\/sodablastsystems-europe.com\/sk\/specifikacia-privesu-sb-500-s-dpf\/#breadcrumb","itemListElement":[{"@type":"ListItem","position":1,"name":"Strona g\u0142\u00f3wna","item":"https:\/\/sodablastsystems-europe.com\/sk\/"},{"@type":"ListItem","position":2,"name":"\u0160pecifik\u00e1cia pr\u00edvesu &#8221;SB-500&#8221; s DPF"}]},{"@type":"WebSite","@id":"https:\/\/sodablastsystems-europe.com\/sk\/#website","url":"https:\/\/sodablastsystems-europe.com\/sk\/","name":"SodaBlast Systems Europe","description":"SodaBlasting Machines from USA. Innovative Technology For Your Business.","publisher":{"@id":"https:\/\/sodablastsystems-europe.com\/sk\/#organization"},"potentialAction":[{"@type":"SearchAction","target":{"@type":"EntryPoint","urlTemplate":"https:\/\/sodablastsystems-europe.com\/sk\/?s={search_term_string}"},"query-input":"required name=search_term_string"}],"inLanguage":"sk-SK"},{"@type":"Organization","@id":"https:\/\/sodablastsystems-europe.com\/sk\/#organization","name":"SodaBlast Systems Europe","url":"https:\/\/sodablastsystems-europe.com\/sk\/","logo":{"@type":"ImageObject","inLanguage":"sk-SK","@id":"https:\/\/sodablastsystems-europe.com\/sk\/#\/schema\/logo\/image\/","url":"https:\/\/sodablastsystems-europe.com\/wp-content\/uploads\/2023\/08\/logo-sodablastsystems-usa-1.png","contentUrl":"https:\/\/sodablastsystems-europe.com\/wp-content\/uploads\/2023\/08\/logo-sodablastsystems-usa-1.png","width":200,"height":200,"caption":"SodaBlast Systems Europe"},"image":{"@id":"https:\/\/sodablastsystems-europe.com\/sk\/#\/schema\/logo\/image\/"},"sameAs":["https:\/\/www.facebook.com\/sodablastsystems\/","https:\/\/www.tiktok.com\/@sodablast.systems","https:\/\/www.instagram.com\/sodablastsystems_europe\/","https:\/\/www.youtube.com\/@Sodablastsystems"]}]}},"_links":{"self":[{"href":"https:\/\/sodablastsystems-europe.com\/sk\/wp-json\/wp\/v2\/pages\/6124","targetHints":{"allow":["GET"]}}],"collection":[{"href":"https:\/\/sodablastsystems-europe.com\/sk\/wp-json\/wp\/v2\/pages"}],"about":[{"href":"https:\/\/sodablastsystems-europe.com\/sk\/wp-json\/wp\/v2\/types\/page"}],"author":[{"embeddable":true,"href":"https:\/\/sodablastsystems-europe.com\/sk\/wp-json\/wp\/v2\/users\/1"}],"replies":[{"embeddable":true,"href":"https:\/\/sodablastsystems-europe.com\/sk\/wp-json\/wp\/v2\/comments?post=6124"}],"version-history":[{"count":1,"href":"https:\/\/sodablastsystems-europe.com\/sk\/wp-json\/wp\/v2\/pages\/6124\/revisions"}],"predecessor-version":[{"id":6125,"href":"https:\/\/sodablastsystems-europe.com\/sk\/wp-json\/wp\/v2\/pages\/6124\/revisions\/6125"}],"wp:attachment":[{"href":"https:\/\/sodablastsystems-europe.com\/sk\/wp-json\/wp\/v2\/media?parent=6124"}],"curies":[{"name":"wp","href":"https:\/\/api.w.org\/{rel}","templated":true}]}}