{"id":1589,"date":"2023-08-27T08:07:29","date_gmt":"2023-08-27T08:07:29","guid":{"rendered":"https:\/\/sodablastsystems-europe.com\/30-minutova-kompilacia-cistenia\/"},"modified":"2026-01-08T09:56:47","modified_gmt":"2026-01-08T09:56:47","slug":"30-minutova-kompilacia-cistenia","status":"publish","type":"page","link":"https:\/\/sodablastsystems-europe.com\/sk\/30-minutova-kompilacia-cistenia\/","title":{"rendered":"Vide\u00e1"},"content":{"rendered":"<h1 class=\"wp-block-heading\" id=\"h-30-minute-cleaning-compilation\">30-min\u00fatov\u00e1 kompil\u00e1cia \u010distenia<\/h1>\n\n<h2 class=\"wp-block-heading has-large-font-size\" id=\"h-authentic-soda-blasting-effects-sodablast-users-in-action\">Autentick\u00e9 efekty odstre\u013eovania s\u00f3dou &#8211; pou\u017e\u00edvatelia SodaBlast v akcii<\/h2>\n\n<p>Poz\u00fdvame v\u00e1s pozrie\u0165 si autentick\u00e9 vide\u00e1, ktor\u00e9 n\u00e1m poslali na\u0161i pou\u017e\u00edvatelia z celej Eur\u00f3py. Tieto vide\u00e1 nielen\u017ee demon\u0161truj\u00fa \u00fa\u010dinnos\u0165 strojov SodaBlast Systems, ale tie\u017e ukazuj\u00fa rozmanitos\u0165 aplik\u00e1ci\u00ed a techn\u00edk tryskania s\u00f3dou na\u017eivo. Pozrite sa, ako na\u0161i klienti rie\u0161ia v\u00fdzvy v oblasti \u010distenia, a pozrite sa na ve\u013ekolep\u00e9 v\u00fdsledky, ktor\u00e9 sa daj\u00fa dosiahnu\u0165 pomocou na\u0161ich rie\u0161en\u00ed. Ka\u017ed\u00fd klip je skuto\u010dn\u00fdm z\u00e1\u017eitkom a skuto\u010dnou premenou &#8211; zrenovovan\u00e9 povrchy z\u00edskaj\u00fa sp\u00e4\u0165 svoj lesk a spokojnos\u0165 z dobre vykonanej pr\u00e1ce je jasne vidite\u013en\u00e1.<\/p>\n\n<p><strong>Kliknite a pozrite si:<\/strong><\/p>\n\n<lite-vimeo videoid=\"858282701\"><\/lite-vimeo>\n\n<p><\/p>","protected":false},"excerpt":{"rendered":"<p>30-min\u00fatov\u00e1 kompil\u00e1cia \u010distenia Autentick\u00e9 efekty odstre\u013eovania s\u00f3dou &#8211; pou\u017e\u00edvatelia SodaBlast v akcii Poz\u00fdvame v\u00e1s pozrie\u0165 si autentick\u00e9 vide\u00e1, ktor\u00e9 n\u00e1m poslali na\u0161i pou\u017e\u00edvatelia z celej Eur\u00f3py. Tieto vide\u00e1 nielen\u017ee demon\u0161truj\u00fa \u00fa\u010dinnos\u0165 strojov SodaBlast Systems, ale tie\u017e ukazuj\u00fa rozmanitos\u0165 aplik\u00e1ci\u00ed a techn\u00edk tryskania s\u00f3dou na\u017eivo. Pozrite sa, ako na\u0161i klienti rie\u0161ia v\u00fdzvy v oblasti \u010distenia, a [&hellip;]<\/p>","protected":false},"author":1,"featured_media":0,"parent":0,"menu_order":0,"comment_status":"closed","ping_status":"closed","template":"strona-bez-tytu-u","meta":{"footnotes":""},"class_list":["post-1589","page","type-page","status-publish","hentry"],"yoast_head":"<!-- This site is optimized with the Yoast SEO Premium plugin v21.5 (Yoast SEO v21.5) - https:\/\/yoast.com\/wordpress\/plugins\/seo\/ -->\n<title>Soda Blasting Vide\u00e1 Kompil\u00e1cia - SodaBlast Systems<\/title>\n<meta name=\"description\" content=\"Pozrite si na\u0161u kompil\u00e1ciu vide\u00ed o tryskan\u00ed s\u00f3dou v spolo\u010dnosti SodaBlast Systems Europe. Objavte re\u00e1lne aplik\u00e1cie, ktor\u00e9 ukazuj\u00fa odstra\u0148ovanie farieb a hrdze, obnovu povrchov a ekologick\u00e9 \u010distiace rie\u0161enia.\" \/>\n<meta name=\"robots\" content=\"index, follow, max-snippet:-1, max-image-preview:large, max-video-preview:-1\" \/>\n<link rel=\"canonical\" href=\"https:\/\/sodablastsystems-europe.com\/sk\/30-minutova-kompilacia-cistenia\/\" \/>\n<meta property=\"og:locale\" content=\"sk_SK\" \/>\n<meta property=\"og:type\" content=\"article\" \/>\n<meta property=\"og:title\" content=\"Soda Blasting Vide\u00e1 Kompil\u00e1cia - SodaBlast Systems\" \/>\n<meta property=\"og:description\" content=\"Pozrite si na\u0161u kompil\u00e1ciu vide\u00ed o tryskan\u00ed s\u00f3dou v spolo\u010dnosti SodaBlast Systems Europe. Objavte re\u00e1lne aplik\u00e1cie, ktor\u00e9 ukazuj\u00fa odstra\u0148ovanie farieb a hrdze, obnovu povrchov a ekologick\u00e9 \u010distiace rie\u0161enia.\" \/>\n<meta property=\"og:url\" content=\"https:\/\/sodablastsystems-europe.com\/sk\/30-minutova-kompilacia-cistenia\/\" \/>\n<meta property=\"og:site_name\" content=\"SodaBlast Systems\" \/>\n<meta property=\"article:publisher\" content=\"https:\/\/www.facebook.com\/sodablastsystems\/\" \/>\n<meta property=\"article:modified_time\" content=\"2026-01-08T09:56:47+00:00\" \/>\n<meta property=\"og:image\" content=\"https:\/\/sodablastsystems-europe.com\/wp-content\/uploads\/2024\/01\/img_6871.jpeg\" \/>\n<meta name=\"twitter:card\" content=\"summary_large_image\" \/>\n<meta name=\"twitter:title\" content=\"Soda Blasting Vide\u00e1 Kompil\u00e1cia - SodaBlast Systems\" \/>\n<meta name=\"twitter:description\" content=\"Pozrite si na\u0161u kompil\u00e1ciu vide\u00ed o tryskan\u00ed s\u00f3dou v spolo\u010dnosti SodaBlast Systems Europe. Objavte re\u00e1lne aplik\u00e1cie, ktor\u00e9 ukazuj\u00fa odstra\u0148ovanie farieb a hrdze, obnovu povrchov a ekologick\u00e9 \u010distiace rie\u0161enia.\" \/>\n<meta name=\"twitter:label1\" content=\"Predpokladan\u00fd \u010das \u010d\u00edtania\" \/>\n\t<meta name=\"twitter:data1\" content=\"1 min\u00fata\" \/>\n<script type=\"application\/ld+json\" class=\"yoast-schema-graph\">{\"@context\":\"https:\/\/schema.org\",\"@graph\":[{\"@type\":\"WebPage\",\"@id\":\"https:\/\/sodablastsystems-europe.com\/sk\/30-minutova-kompilacia-cistenia\/\",\"url\":\"https:\/\/sodablastsystems-europe.com\/sk\/30-minutova-kompilacia-cistenia\/\",\"name\":\"Soda Blasting Vide\u00e1 Kompil\u00e1cia - SodaBlast Systems\",\"isPartOf\":{\"@id\":\"https:\/\/sodablastsystems-europe.com\/sk\/#website\"},\"datePublished\":\"2023-08-27T08:07:29+00:00\",\"dateModified\":\"2026-01-08T09:56:47+00:00\",\"description\":\"Pozrite si na\u0161u kompil\u00e1ciu vide\u00ed o tryskan\u00ed s\u00f3dou v spolo\u010dnosti SodaBlast Systems Europe. Objavte re\u00e1lne aplik\u00e1cie, ktor\u00e9 ukazuj\u00fa odstra\u0148ovanie farieb a hrdze, obnovu povrchov a ekologick\u00e9 \u010distiace rie\u0161enia.\",\"breadcrumb\":{\"@id\":\"https:\/\/sodablastsystems-europe.com\/sk\/30-minutova-kompilacia-cistenia\/#breadcrumb\"},\"inLanguage\":\"sk-SK\",\"potentialAction\":[{\"@type\":\"ReadAction\",\"target\":[\"https:\/\/sodablastsystems-europe.com\/sk\/30-minutova-kompilacia-cistenia\/\"]}]},{\"@type\":\"BreadcrumbList\",\"@id\":\"https:\/\/sodablastsystems-europe.com\/sk\/30-minutova-kompilacia-cistenia\/#breadcrumb\",\"itemListElement\":[{\"@type\":\"ListItem\",\"position\":1,\"name\":\"Strona g\u0142\u00f3wna\",\"item\":\"https:\/\/sodablastsystems-europe.com\/sk\/\"},{\"@type\":\"ListItem\",\"position\":2,\"name\":\"Vide\u00e1\"}]},{\"@type\":\"WebSite\",\"@id\":\"https:\/\/sodablastsystems-europe.com\/sk\/#website\",\"url\":\"https:\/\/sodablastsystems-europe.com\/sk\/\",\"name\":\"SodaBlast Systems Europe\",\"description\":\"SodaBlasting Machines from USA. Innovative Technology For Your Business.\",\"publisher\":{\"@id\":\"https:\/\/sodablastsystems-europe.com\/sk\/#organization\"},\"potentialAction\":[{\"@type\":\"SearchAction\",\"target\":{\"@type\":\"EntryPoint\",\"urlTemplate\":\"https:\/\/sodablastsystems-europe.com\/sk\/?s={search_term_string}\"},\"query-input\":\"required name=search_term_string\"}],\"inLanguage\":\"sk-SK\"},{\"@type\":\"Organization\",\"@id\":\"https:\/\/sodablastsystems-europe.com\/sk\/#organization\",\"name\":\"SodaBlast Systems Europe\",\"url\":\"https:\/\/sodablastsystems-europe.com\/sk\/\",\"logo\":{\"@type\":\"ImageObject\",\"inLanguage\":\"sk-SK\",\"@id\":\"https:\/\/sodablastsystems-europe.com\/sk\/#\/schema\/logo\/image\/\",\"url\":\"https:\/\/sodablastsystems-europe.com\/wp-content\/uploads\/2023\/08\/logo-sodablastsystems-usa-1.png\",\"contentUrl\":\"https:\/\/sodablastsystems-europe.com\/wp-content\/uploads\/2023\/08\/logo-sodablastsystems-usa-1.png\",\"width\":200,\"height\":200,\"caption\":\"SodaBlast Systems Europe\"},\"image\":{\"@id\":\"https:\/\/sodablastsystems-europe.com\/sk\/#\/schema\/logo\/image\/\"},\"sameAs\":[\"https:\/\/www.facebook.com\/sodablastsystems\/\",\"https:\/\/www.tiktok.com\/@sodablast.systems\",\"https:\/\/www.instagram.com\/sodablastsystems_europe\/\",\"https:\/\/www.youtube.com\/@Sodablastsystems\"]}]}<\/script>\n<!-- \/ Yoast SEO Premium plugin. -->","yoast_head_json":{"title":"Soda Blasting Vide\u00e1 Kompil\u00e1cia - SodaBlast Systems","description":"Pozrite si na\u0161u kompil\u00e1ciu vide\u00ed o tryskan\u00ed s\u00f3dou v spolo\u010dnosti SodaBlast Systems Europe. Objavte re\u00e1lne aplik\u00e1cie, ktor\u00e9 ukazuj\u00fa odstra\u0148ovanie farieb a hrdze, obnovu povrchov a ekologick\u00e9 \u010distiace rie\u0161enia.","robots":{"index":"index","follow":"follow","max-snippet":"max-snippet:-1","max-image-preview":"max-image-preview:large","max-video-preview":"max-video-preview:-1"},"canonical":"https:\/\/sodablastsystems-europe.com\/sk\/30-minutova-kompilacia-cistenia\/","og_locale":"sk_SK","og_type":"article","og_title":"Soda Blasting Vide\u00e1 Kompil\u00e1cia - SodaBlast Systems","og_description":"Pozrite si na\u0161u kompil\u00e1ciu vide\u00ed o tryskan\u00ed s\u00f3dou v spolo\u010dnosti SodaBlast Systems Europe. Objavte re\u00e1lne aplik\u00e1cie, ktor\u00e9 ukazuj\u00fa odstra\u0148ovanie farieb a hrdze, obnovu povrchov a ekologick\u00e9 \u010distiace rie\u0161enia.","og_url":"https:\/\/sodablastsystems-europe.com\/sk\/30-minutova-kompilacia-cistenia\/","og_site_name":"SodaBlast Systems","article_publisher":"https:\/\/www.facebook.com\/sodablastsystems\/","article_modified_time":"2026-01-08T09:56:47+00:00","og_image":[{"url":"https:\/\/sodablastsystems-europe.com\/wp-content\/uploads\/2024\/01\/img_6871.jpeg"}],"twitter_card":"summary_large_image","twitter_title":"Soda Blasting Vide\u00e1 Kompil\u00e1cia - SodaBlast Systems","twitter_description":"Pozrite si na\u0161u kompil\u00e1ciu vide\u00ed o tryskan\u00ed s\u00f3dou v spolo\u010dnosti SodaBlast Systems Europe. Objavte re\u00e1lne aplik\u00e1cie, ktor\u00e9 ukazuj\u00fa odstra\u0148ovanie farieb a hrdze, obnovu povrchov a ekologick\u00e9 \u010distiace rie\u0161enia.","twitter_misc":{"Predpokladan\u00fd \u010das \u010d\u00edtania":"1 min\u00fata"},"schema":{"@context":"https:\/\/schema.org","@graph":[{"@type":"WebPage","@id":"https:\/\/sodablastsystems-europe.com\/sk\/30-minutova-kompilacia-cistenia\/","url":"https:\/\/sodablastsystems-europe.com\/sk\/30-minutova-kompilacia-cistenia\/","name":"Soda Blasting Vide\u00e1 Kompil\u00e1cia - SodaBlast Systems","isPartOf":{"@id":"https:\/\/sodablastsystems-europe.com\/sk\/#website"},"datePublished":"2023-08-27T08:07:29+00:00","dateModified":"2026-01-08T09:56:47+00:00","description":"Pozrite si na\u0161u kompil\u00e1ciu vide\u00ed o tryskan\u00ed s\u00f3dou v spolo\u010dnosti SodaBlast Systems Europe. Objavte re\u00e1lne aplik\u00e1cie, ktor\u00e9 ukazuj\u00fa odstra\u0148ovanie farieb a hrdze, obnovu povrchov a ekologick\u00e9 \u010distiace rie\u0161enia.","breadcrumb":{"@id":"https:\/\/sodablastsystems-europe.com\/sk\/30-minutova-kompilacia-cistenia\/#breadcrumb"},"inLanguage":"sk-SK","potentialAction":[{"@type":"ReadAction","target":["https:\/\/sodablastsystems-europe.com\/sk\/30-minutova-kompilacia-cistenia\/"]}]},{"@type":"BreadcrumbList","@id":"https:\/\/sodablastsystems-europe.com\/sk\/30-minutova-kompilacia-cistenia\/#breadcrumb","itemListElement":[{"@type":"ListItem","position":1,"name":"Strona g\u0142\u00f3wna","item":"https:\/\/sodablastsystems-europe.com\/sk\/"},{"@type":"ListItem","position":2,"name":"Vide\u00e1"}]},{"@type":"WebSite","@id":"https:\/\/sodablastsystems-europe.com\/sk\/#website","url":"https:\/\/sodablastsystems-europe.com\/sk\/","name":"SodaBlast Systems Europe","description":"SodaBlasting Machines from USA. Innovative Technology For Your Business.","publisher":{"@id":"https:\/\/sodablastsystems-europe.com\/sk\/#organization"},"potentialAction":[{"@type":"SearchAction","target":{"@type":"EntryPoint","urlTemplate":"https:\/\/sodablastsystems-europe.com\/sk\/?s={search_term_string}"},"query-input":"required name=search_term_string"}],"inLanguage":"sk-SK"},{"@type":"Organization","@id":"https:\/\/sodablastsystems-europe.com\/sk\/#organization","name":"SodaBlast Systems Europe","url":"https:\/\/sodablastsystems-europe.com\/sk\/","logo":{"@type":"ImageObject","inLanguage":"sk-SK","@id":"https:\/\/sodablastsystems-europe.com\/sk\/#\/schema\/logo\/image\/","url":"https:\/\/sodablastsystems-europe.com\/wp-content\/uploads\/2023\/08\/logo-sodablastsystems-usa-1.png","contentUrl":"https:\/\/sodablastsystems-europe.com\/wp-content\/uploads\/2023\/08\/logo-sodablastsystems-usa-1.png","width":200,"height":200,"caption":"SodaBlast Systems Europe"},"image":{"@id":"https:\/\/sodablastsystems-europe.com\/sk\/#\/schema\/logo\/image\/"},"sameAs":["https:\/\/www.facebook.com\/sodablastsystems\/","https:\/\/www.tiktok.com\/@sodablast.systems","https:\/\/www.instagram.com\/sodablastsystems_europe\/","https:\/\/www.youtube.com\/@Sodablastsystems"]}]}},"_links":{"self":[{"href":"https:\/\/sodablastsystems-europe.com\/sk\/wp-json\/wp\/v2\/pages\/1589","targetHints":{"allow":["GET"]}}],"collection":[{"href":"https:\/\/sodablastsystems-europe.com\/sk\/wp-json\/wp\/v2\/pages"}],"about":[{"href":"https:\/\/sodablastsystems-europe.com\/sk\/wp-json\/wp\/v2\/types\/page"}],"author":[{"embeddable":true,"href":"https:\/\/sodablastsystems-europe.com\/sk\/wp-json\/wp\/v2\/users\/1"}],"replies":[{"embeddable":true,"href":"https:\/\/sodablastsystems-europe.com\/sk\/wp-json\/wp\/v2\/comments?post=1589"}],"version-history":[{"count":3,"href":"https:\/\/sodablastsystems-europe.com\/sk\/wp-json\/wp\/v2\/pages\/1589\/revisions"}],"predecessor-version":[{"id":6530,"href":"https:\/\/sodablastsystems-europe.com\/sk\/wp-json\/wp\/v2\/pages\/1589\/revisions\/6530"}],"wp:attachment":[{"href":"https:\/\/sodablastsystems-europe.com\/sk\/wp-json\/wp\/v2\/media?parent=1589"}],"curies":[{"name":"wp","href":"https:\/\/api.w.org\/{rel}","templated":true}]}}