{"id":1299,"date":"2023-08-27T08:06:35","date_gmt":"2023-08-27T08:06:35","guid":{"rendered":"https:\/\/sodablastsystems-europe.com\/efekty-pred-a-po\/"},"modified":"2024-11-03T01:16:22","modified_gmt":"2024-11-03T01:16:22","slug":"efekty-pred-a-po","status":"publish","type":"page","link":"https:\/\/sodablastsystems-europe.com\/sk\/efekty-pred-a-po\/","title":{"rendered":"Efekty pred a po"},"content":{"rendered":"<p><\/p>\n\n<h2 class=\"wp-block-heading has-x-large-font-size\" id=\"h-amazing-transformation-with-sodablast-systems\">\u00da\u017easn\u00e1 transform\u00e1cia so syst\u00e9mami SodaBlast<\/h2>\n\n<p>Objavte silu tryskania s\u00f3dou s na\u0161imi premenami &#8222;Pred a po&#8220;. SodaBlast Systems nie je len technol\u00f3gia, ale aj umenie obnovi\u0165 p\u00f4vodn\u00fd lesk povrchov. Ni\u017e\u0161ie uv\u00e1dzame gal\u00e9riu na\u0161ej pr\u00e1ce, kde ka\u017ed\u00e1 fotografia rozpr\u00e1va o prec\u00edznosti, \u0161etrnosti a \u00fa\u010dinnosti na\u0161ich strojov na tryskanie s\u00f3dou.<\/p>\n\n<h3 class=\"wp-block-heading has-large-font-size\">&#8222;Pred&#8220; &#8211; v\u00fdzva na \u010distotu<\/h3>\n\n<p>Ka\u017ed\u00e9 &#8222;predt\u00fdm&#8220; zachyt\u00e1va momenty, ke\u010f sa zdalo, \u017ee povrchy s\u00fa mimo dosahu obnovy. Hrdza, graffiti, zne\u010distenie &#8211; to v\u0161etko s\u00fa chyby, ktor\u00e9 si vy\u017eaduj\u00fa jemn\u00fd, ale \u00fa\u010dinn\u00fd z\u00e1sah.<\/p>\n\n<h3 class=\"wp-block-heading has-large-font-size\">&#8222;Po&#8220; &#8211; efekt syst\u00e9mu SodaBlast<\/h3>\n\n<p>Efekty &#8222;po&#8220; ukazuj\u00fa v\u00fdsledky, ktor\u00e9 prekonali na\u0161e o\u010dak\u00e1vania aj o\u010dak\u00e1vania na\u0161ich klientov. Sved\u010dia o sile hydrogenuhli\u010ditanu sodn\u00e9ho, ktor\u00fd obnovuje p\u00f4vodn\u00fd vzh\u013ead povrchov bez po\u0161kodenia ich \u0161trukt\u00fary.<\/p>\n\n<p>Poz\u00fdvame v\u00e1s, aby ste si prezreli pr\u00edklady na\u0161ich \u00faspechov. Ka\u017ed\u00e1 fotografia je d\u00f4kazom toho, \u017ee pre spolo\u010dnos\u0165 SodaBlast Systems nie je \u017eiadna \u00faloha pr\u00edli\u0161 n\u00e1ro\u010dn\u00e1.<\/p>\n\n<p>Posu\u0148te posuvn\u00edk na fotografii a uvid\u00edte rozdiel:<\/p>\n<p>[bafg id=&#8220;320&#8243;]<\/p>\n<p>[bafg id=&#8220;318&#8243;]<\/p>\n<p>[bafg id=&#8220;322&#8243;]<\/p>\n<p>[bafg id=&#8220;324&#8243;]<\/p>\n<p>[bafg id=&#8220;325&#8243;]<\/p>\n<p>[bafg id=&#8220;326&#8243;]<\/p>\n<p>[bafg id=&#8220;328&#8243;]<\/p>\n<p>[bafg id=&#8220;329&#8243;]<\/p>\n<p>[bafg id=&#8220;330&#8243;]<\/p>\n<p>[bafg id=&#8220;331&#8243;]<\/p>\n<p>[bafg id=&#8220;332&#8243;]<\/p>\n<p>[bafg id=&#8220;334&#8243;]<\/p>\n<p>[bafg id=&#8220;335&#8243;]<\/p>\n<p>[bafg id=&#8220;337&#8243;]<\/p>\n<p>[bafg id=&#8220;338&#8243;]<\/p>\n<p>[bafg id=&#8220;339&#8243;]<\/p>\n<p>[bafg id=&#8220;340&#8243;]<\/p>\n<p>[bafg id=&#8220;341&#8243;]<\/p>\n<p>[bafg id=&#8220;342&#8243;]<\/p>\n<p>[bafg id=&#8220;343&#8243;]<\/p>\n<p>[bafg id=&#8220;345&#8243;]<\/p>\n<p>[bafg id=&#8220;346&#8243;]<\/p>\n<p>[bafg id=&#8220;347&#8243;]<\/p>\n<p>[bafg id=&#8220;348&#8243;]<\/p>\n<p>[bafg id=&#8220;349&#8243;]<\/p>\n<p>[bafg id=&#8220;350&#8243;]<\/p>\n<p>[bafg id=&#8220;351&#8243;]<\/p>\n<p>[bafg id=&#8220;352&#8243;]<\/p>\n<p>[bafg id=&#8220;353&#8243;]<\/p>\n<p>[bafg id=&#8220;354&#8243;]<\/p>\n<p>[bafg id=&#8220;355&#8243;]<\/p>\n<p>[bafg id=&#8220;356&#8243;]<\/p>\n<p>[bafg id=&#8220;357&#8243;]<\/p>\n<p>[bafg id=&#8220;358&#8243;]<\/p>\n<p>[bafg id=&#8220;359&#8243;]<\/p>\n<p>[bafg id=&#8220;360&#8243;]<\/p>\n<p>[bafg id=&#8220;361&#8243;]<\/p>","protected":false},"excerpt":{"rendered":"<p>\u00da\u017easn\u00e1 transform\u00e1cia so syst\u00e9mami SodaBlast Objavte silu tryskania s\u00f3dou s na\u0161imi premenami &#8222;Pred a po&#8220;. SodaBlast Systems nie je len technol\u00f3gia, ale aj umenie obnovi\u0165 p\u00f4vodn\u00fd lesk povrchov. Ni\u017e\u0161ie uv\u00e1dzame gal\u00e9riu na\u0161ej pr\u00e1ce, kde ka\u017ed\u00e1 fotografia rozpr\u00e1va o prec\u00edznosti, \u0161etrnosti a \u00fa\u010dinnosti na\u0161ich strojov na tryskanie s\u00f3dou. &#8222;Pred&#8220; &#8211; v\u00fdzva na \u010distotu Ka\u017ed\u00e9 &#8222;predt\u00fdm&#8220; zachyt\u00e1va [&hellip;]<\/p>","protected":false},"author":1,"featured_media":0,"parent":0,"menu_order":0,"comment_status":"closed","ping_status":"closed","template":"","meta":{"footnotes":""},"class_list":["post-1299","page","type-page","status-publish","hentry"],"yoast_head":"<!-- This site is optimized with the Yoast SEO Premium plugin v21.5 (Yoast SEO v21.5) - https:\/\/yoast.com\/wordpress\/plugins\/seo\/ -->\n<title>\u00da\u010dinky pred a po otryskan\u00ed s\u00f3dou - SodaBlast Systems<\/title>\n<meta name=\"description\" content=\"Objavte transforma\u010dn\u00fa silu tryskania s\u00f3dou so spolo\u010dnos\u0165ou SodaBlast Systems Europe. Pozrite si na\u0161u gal\u00e9riu pred a po, ktor\u00e1 ukazuje \u00fa\u010dinn\u00e9 odstra\u0148ovanie n\u00e1terov, hrdzu a obnovu povrchov pre r\u00f4zne aplik\u00e1cie.\" \/>\n<meta name=\"robots\" content=\"index, follow, max-snippet:-1, max-image-preview:large, max-video-preview:-1\" \/>\n<link rel=\"canonical\" href=\"https:\/\/sodablastsystems-europe.com\/sk\/efekty-pred-a-po\/\" \/>\n<meta property=\"og:locale\" content=\"sk_SK\" \/>\n<meta property=\"og:type\" content=\"article\" \/>\n<meta property=\"og:title\" content=\"Efekty pred a po\" \/>\n<meta property=\"og:description\" content=\"Objavte transforma\u010dn\u00fa silu tryskania s\u00f3dou so spolo\u010dnos\u0165ou SodaBlast Systems Europe. Pozrite si na\u0161u gal\u00e9riu pred a po, ktor\u00e1 ukazuje \u00fa\u010dinn\u00e9 odstra\u0148ovanie n\u00e1terov, hrdzu a obnovu povrchov pre r\u00f4zne aplik\u00e1cie.\" \/>\n<meta property=\"og:url\" content=\"https:\/\/sodablastsystems-europe.com\/sk\/efekty-pred-a-po\/\" \/>\n<meta property=\"og:site_name\" content=\"SodaBlast Systems\" \/>\n<meta property=\"article:publisher\" content=\"https:\/\/www.facebook.com\/sodablastsystems\/\" \/>\n<meta property=\"article:modified_time\" content=\"2024-11-03T01:16:22+00:00\" \/>\n<meta property=\"og:image\" content=\"https:\/\/sodablastsystems-europe.com\/wp-content\/uploads\/2023\/08\/logo-sodablastsystems-usa-1.png\" \/>\n\t<meta property=\"og:image:width\" content=\"200\" \/>\n\t<meta property=\"og:image:height\" content=\"200\" \/>\n\t<meta property=\"og:image:type\" content=\"image\/png\" \/>\n<meta name=\"twitter:card\" content=\"summary_large_image\" \/>\n<meta name=\"twitter:label1\" content=\"Predpokladan\u00fd \u010das \u010d\u00edtania\" \/>\n\t<meta name=\"twitter:data1\" content=\"1 min\u00fata\" \/>\n<script type=\"application\/ld+json\" class=\"yoast-schema-graph\">{\"@context\":\"https:\/\/schema.org\",\"@graph\":[{\"@type\":\"WebPage\",\"@id\":\"https:\/\/sodablastsystems-europe.com\/sk\/efekty-pred-a-po\/\",\"url\":\"https:\/\/sodablastsystems-europe.com\/sk\/efekty-pred-a-po\/\",\"name\":\"\u00da\u010dinky pred a po otryskan\u00ed s\u00f3dou - SodaBlast Systems\",\"isPartOf\":{\"@id\":\"https:\/\/sodablastsystems-europe.com\/sk\/#website\"},\"datePublished\":\"2023-08-27T08:06:35+00:00\",\"dateModified\":\"2024-11-03T01:16:22+00:00\",\"description\":\"Objavte transforma\u010dn\u00fa silu tryskania s\u00f3dou so spolo\u010dnos\u0165ou SodaBlast Systems Europe. Pozrite si na\u0161u gal\u00e9riu pred a po, ktor\u00e1 ukazuje \u00fa\u010dinn\u00e9 odstra\u0148ovanie n\u00e1terov, hrdzu a obnovu povrchov pre r\u00f4zne aplik\u00e1cie.\",\"breadcrumb\":{\"@id\":\"https:\/\/sodablastsystems-europe.com\/sk\/efekty-pred-a-po\/#breadcrumb\"},\"inLanguage\":\"sk-SK\",\"potentialAction\":[{\"@type\":\"ReadAction\",\"target\":[\"https:\/\/sodablastsystems-europe.com\/sk\/efekty-pred-a-po\/\"]}]},{\"@type\":\"BreadcrumbList\",\"@id\":\"https:\/\/sodablastsystems-europe.com\/sk\/efekty-pred-a-po\/#breadcrumb\",\"itemListElement\":[{\"@type\":\"ListItem\",\"position\":1,\"name\":\"Strona g\u0142\u00f3wna\",\"item\":\"https:\/\/sodablastsystems-europe.com\/sk\/\"},{\"@type\":\"ListItem\",\"position\":2,\"name\":\"Efekty pred a po\"}]},{\"@type\":\"WebSite\",\"@id\":\"https:\/\/sodablastsystems-europe.com\/sk\/#website\",\"url\":\"https:\/\/sodablastsystems-europe.com\/sk\/\",\"name\":\"SodaBlast Systems Europe\",\"description\":\"SodaBlasting Machines from USA. Innovative Technology For Your Business.\",\"publisher\":{\"@id\":\"https:\/\/sodablastsystems-europe.com\/sk\/#organization\"},\"potentialAction\":[{\"@type\":\"SearchAction\",\"target\":{\"@type\":\"EntryPoint\",\"urlTemplate\":\"https:\/\/sodablastsystems-europe.com\/sk\/?s={search_term_string}\"},\"query-input\":\"required name=search_term_string\"}],\"inLanguage\":\"sk-SK\"},{\"@type\":\"Organization\",\"@id\":\"https:\/\/sodablastsystems-europe.com\/sk\/#organization\",\"name\":\"SodaBlast Systems Europe\",\"url\":\"https:\/\/sodablastsystems-europe.com\/sk\/\",\"logo\":{\"@type\":\"ImageObject\",\"inLanguage\":\"sk-SK\",\"@id\":\"https:\/\/sodablastsystems-europe.com\/sk\/#\/schema\/logo\/image\/\",\"url\":\"https:\/\/sodablastsystems-europe.com\/wp-content\/uploads\/2023\/08\/logo-sodablastsystems-usa-1.png\",\"contentUrl\":\"https:\/\/sodablastsystems-europe.com\/wp-content\/uploads\/2023\/08\/logo-sodablastsystems-usa-1.png\",\"width\":200,\"height\":200,\"caption\":\"SodaBlast Systems Europe\"},\"image\":{\"@id\":\"https:\/\/sodablastsystems-europe.com\/sk\/#\/schema\/logo\/image\/\"},\"sameAs\":[\"https:\/\/www.facebook.com\/sodablastsystems\/\",\"https:\/\/www.tiktok.com\/@sodablast.systems\",\"https:\/\/www.instagram.com\/sodablastsystems_europe\/\",\"https:\/\/www.youtube.com\/@Sodablastsystems\"]}]}<\/script>\n<!-- \/ Yoast SEO Premium plugin. -->","yoast_head_json":{"title":"\u00da\u010dinky pred a po otryskan\u00ed s\u00f3dou - SodaBlast Systems","description":"Objavte transforma\u010dn\u00fa silu tryskania s\u00f3dou so spolo\u010dnos\u0165ou SodaBlast Systems Europe. Pozrite si na\u0161u gal\u00e9riu pred a po, ktor\u00e1 ukazuje \u00fa\u010dinn\u00e9 odstra\u0148ovanie n\u00e1terov, hrdzu a obnovu povrchov pre r\u00f4zne aplik\u00e1cie.","robots":{"index":"index","follow":"follow","max-snippet":"max-snippet:-1","max-image-preview":"max-image-preview:large","max-video-preview":"max-video-preview:-1"},"canonical":"https:\/\/sodablastsystems-europe.com\/sk\/efekty-pred-a-po\/","og_locale":"sk_SK","og_type":"article","og_title":"Efekty pred a po","og_description":"Objavte transforma\u010dn\u00fa silu tryskania s\u00f3dou so spolo\u010dnos\u0165ou SodaBlast Systems Europe. Pozrite si na\u0161u gal\u00e9riu pred a po, ktor\u00e1 ukazuje \u00fa\u010dinn\u00e9 odstra\u0148ovanie n\u00e1terov, hrdzu a obnovu povrchov pre r\u00f4zne aplik\u00e1cie.","og_url":"https:\/\/sodablastsystems-europe.com\/sk\/efekty-pred-a-po\/","og_site_name":"SodaBlast Systems","article_publisher":"https:\/\/www.facebook.com\/sodablastsystems\/","article_modified_time":"2024-11-03T01:16:22+00:00","og_image":[{"width":200,"height":200,"url":"https:\/\/sodablastsystems-europe.com\/wp-content\/uploads\/2023\/08\/logo-sodablastsystems-usa-1.png","type":"image\/png"}],"twitter_card":"summary_large_image","twitter_misc":{"Predpokladan\u00fd \u010das \u010d\u00edtania":"1 min\u00fata"},"schema":{"@context":"https:\/\/schema.org","@graph":[{"@type":"WebPage","@id":"https:\/\/sodablastsystems-europe.com\/sk\/efekty-pred-a-po\/","url":"https:\/\/sodablastsystems-europe.com\/sk\/efekty-pred-a-po\/","name":"\u00da\u010dinky pred a po otryskan\u00ed s\u00f3dou - SodaBlast Systems","isPartOf":{"@id":"https:\/\/sodablastsystems-europe.com\/sk\/#website"},"datePublished":"2023-08-27T08:06:35+00:00","dateModified":"2024-11-03T01:16:22+00:00","description":"Objavte transforma\u010dn\u00fa silu tryskania s\u00f3dou so spolo\u010dnos\u0165ou SodaBlast Systems Europe. Pozrite si na\u0161u gal\u00e9riu pred a po, ktor\u00e1 ukazuje \u00fa\u010dinn\u00e9 odstra\u0148ovanie n\u00e1terov, hrdzu a obnovu povrchov pre r\u00f4zne aplik\u00e1cie.","breadcrumb":{"@id":"https:\/\/sodablastsystems-europe.com\/sk\/efekty-pred-a-po\/#breadcrumb"},"inLanguage":"sk-SK","potentialAction":[{"@type":"ReadAction","target":["https:\/\/sodablastsystems-europe.com\/sk\/efekty-pred-a-po\/"]}]},{"@type":"BreadcrumbList","@id":"https:\/\/sodablastsystems-europe.com\/sk\/efekty-pred-a-po\/#breadcrumb","itemListElement":[{"@type":"ListItem","position":1,"name":"Strona g\u0142\u00f3wna","item":"https:\/\/sodablastsystems-europe.com\/sk\/"},{"@type":"ListItem","position":2,"name":"Efekty pred a po"}]},{"@type":"WebSite","@id":"https:\/\/sodablastsystems-europe.com\/sk\/#website","url":"https:\/\/sodablastsystems-europe.com\/sk\/","name":"SodaBlast Systems Europe","description":"SodaBlasting Machines from USA. Innovative Technology For Your Business.","publisher":{"@id":"https:\/\/sodablastsystems-europe.com\/sk\/#organization"},"potentialAction":[{"@type":"SearchAction","target":{"@type":"EntryPoint","urlTemplate":"https:\/\/sodablastsystems-europe.com\/sk\/?s={search_term_string}"},"query-input":"required name=search_term_string"}],"inLanguage":"sk-SK"},{"@type":"Organization","@id":"https:\/\/sodablastsystems-europe.com\/sk\/#organization","name":"SodaBlast Systems Europe","url":"https:\/\/sodablastsystems-europe.com\/sk\/","logo":{"@type":"ImageObject","inLanguage":"sk-SK","@id":"https:\/\/sodablastsystems-europe.com\/sk\/#\/schema\/logo\/image\/","url":"https:\/\/sodablastsystems-europe.com\/wp-content\/uploads\/2023\/08\/logo-sodablastsystems-usa-1.png","contentUrl":"https:\/\/sodablastsystems-europe.com\/wp-content\/uploads\/2023\/08\/logo-sodablastsystems-usa-1.png","width":200,"height":200,"caption":"SodaBlast Systems Europe"},"image":{"@id":"https:\/\/sodablastsystems-europe.com\/sk\/#\/schema\/logo\/image\/"},"sameAs":["https:\/\/www.facebook.com\/sodablastsystems\/","https:\/\/www.tiktok.com\/@sodablast.systems","https:\/\/www.instagram.com\/sodablastsystems_europe\/","https:\/\/www.youtube.com\/@Sodablastsystems"]}]}},"_links":{"self":[{"href":"https:\/\/sodablastsystems-europe.com\/sk\/wp-json\/wp\/v2\/pages\/1299","targetHints":{"allow":["GET"]}}],"collection":[{"href":"https:\/\/sodablastsystems-europe.com\/sk\/wp-json\/wp\/v2\/pages"}],"about":[{"href":"https:\/\/sodablastsystems-europe.com\/sk\/wp-json\/wp\/v2\/types\/page"}],"author":[{"embeddable":true,"href":"https:\/\/sodablastsystems-europe.com\/sk\/wp-json\/wp\/v2\/users\/1"}],"replies":[{"embeddable":true,"href":"https:\/\/sodablastsystems-europe.com\/sk\/wp-json\/wp\/v2\/comments?post=1299"}],"version-history":[{"count":1,"href":"https:\/\/sodablastsystems-europe.com\/sk\/wp-json\/wp\/v2\/pages\/1299\/revisions"}],"predecessor-version":[{"id":1304,"href":"https:\/\/sodablastsystems-europe.com\/sk\/wp-json\/wp\/v2\/pages\/1299\/revisions\/1304"}],"wp:attachment":[{"href":"https:\/\/sodablastsystems-europe.com\/sk\/wp-json\/wp\/v2\/media?parent=1299"}],"curies":[{"name":"wp","href":"https:\/\/api.w.org\/{rel}","templated":true}]}}