{"id":6132,"date":"2025-02-17T14:24:04","date_gmt":"2025-02-17T14:24:04","guid":{"rendered":"https:\/\/sodablastsystems-europe.com\/specificatii-pentru-sb-500-trailer-cu-dpf\/"},"modified":"2025-02-17T14:26:10","modified_gmt":"2025-02-17T14:26:10","slug":"specificatii-pentru-sb-500-trailer-cu-dpf","status":"publish","type":"page","link":"https:\/\/sodablastsystems-europe.com\/ro\/specificatii-pentru-sb-500-trailer-cu-dpf\/","title":{"rendered":"Specifica\u021bii pentru &#8222;SB-500 Trailer&#8221; cu DPF"},"content":{"rendered":"<p><strong>Kit complet, \u00een trei componente, transportabil \u0219i gata de utilizare:<\/strong><\/p>\n\n<p><strong>Sec\u021biunea de sablare SodaBlaster:<\/strong><\/p>\n\n<ul class=\"wp-block-list\">\n<li>Rezervor blaster SB-500<\/li>\n\n\n\n<li>Trap\u0103 a bunc\u0103rului autosigilant\u0103 \u00een 1 secund\u0103<\/li>\n\n\n\n<li>Regulator de presiune a aerului<\/li>\n\n\n\n<li>Regulator de cantitate de abraziv<\/li>\n\n\n\n<li>Telecomand\u0103 electric\u0103 cu cablu de 15 m<\/li>\n\n\n\n<li>Racord de aer curat pentru unelte op\u021bionale<\/li>\n\n\n\n<li>ie\u0219ire furtun de sablare rotativ\u0103 340o<\/li>\n\n\n\n<li>Silen\u021bios de evacuare a aerului din rezervorul de sablare<\/li>\n<\/ul>\n\n<p><strong>Sistem de r\u0103cire Blaster:<\/strong><\/p>\n\n<ul class=\"wp-block-list\">\n<li>MT-3 Usc\u0103tor de aer autosuficient<\/li>\n\n\n\n<li>CF-125 Filtru de aer cu ciclon<\/li>\n\n\n\n<li>R\u0103citor de presiune 10bar<\/li>\n\n\n\n<li>Ventilator de mare vitez\u0103<\/li>\n<\/ul>\n\n<p><strong>Compresor de aer cu \u0219urub:<\/strong><\/p>\n\n<ul class=\"wp-block-list\">\n<li>Motor turbo Kubota cu patru cilindri<\/li>\n\n\n\n<li>Putere motor 33kW<\/li>\n\n\n\n<li>Capacitatea motorului de 1.498 litri<\/li>\n\n\n\n<li>Instala\u021bie electric\u0103 de 12V<\/li>\n\n\n\n<li>Rezervor de combustibil de 45 litri<\/li>\n\n\n\n<li>Afi\u0219aj LCD<\/li>\n\n\n\n<li>Comutator de urgen\u021b\u0103 STOP<\/li>\n\n\n\n<li>Compresor cu carcas\u0103 izolat\u0103 fonic \u00een interior<\/li>\n\n\n\n<li>Protec\u021bie anti-coroziune pentru mediul C3 cu umiditate ridicat\u0103<\/li>\n\n\n\n<li>Silen\u021bios de evacuare a aerului din compresor<\/li>\n\n\n\n<li>Conform cu standardul UE STAGE V pentru motoarele cu combustie<\/li>\n\n\n\n<li>\u00cen conformitate cu standardul privind emisiile de zgomot 2000\/14\/CE<\/li>\n<\/ul>\n\n<p><strong>\u0218asiu rutier:<\/strong><\/p>\n\n<ul class=\"wp-block-list\">\n<li>Omologarea european\u0103 a remorcii speciale<\/li>\n\n\n\n<li>Construc\u021bie fabricat\u0103 CNC<\/li>\n\n\n\n<li>Componente \u0219asiu AL-KO<\/li>\n\n\n\n<li>2 axe = 4 ro\u021bi, anvelope M+S 13C<\/li>\n\n\n\n<li>Fr\u00e2n\u0103 de dep\u0103\u0219ire, de urgen\u021b\u0103 \u0219i de parcare<\/li>\n\n\n\n<li>Leg\u0103tur\u0103 cu bil\u0103 pentru bara de remorcare cu cuplaj \u0219i indicator de uzur\u0103<\/li>\n\n\n\n<li>4 suporturi reglabile de nivelare a \u0219asiului<\/li>\n\n\n\n<li>Roat\u0103 de rezerv\u0103 de dimensiuni normale<\/li>\n\n\n\n<li>Instala\u021bie electric\u0103 de iluminat rutier cu 13 pini<\/li>\n<\/ul>\n\n<p><strong>Accesorii incluse &#8211; Pachet de baz\u0103:<\/strong><\/p>\n\n<ul class=\"wp-block-list\">\n<li>Duz\u0103 rotund\u0103 HV-5 (8mm)<\/li>\n\n\n\n<li>Adaptor de ap\u0103 pentru duz\u0103<\/li>\n\n\n\n<li>P\u00e2lnie pentru turnarea abrazivului<\/li>\n\n\n\n<li>Cablu de control de 15 m<\/li>\n\n\n\n<li>15m furtun de ap\u0103<\/li>\n\n\n\n<li>Furtun de sablare 15m<\/li>\n<\/ul>","protected":false},"excerpt":{"rendered":"<p>Kit complet, \u00een trei componente, transportabil \u0219i gata de utilizare: Sec\u021biunea de sablare SodaBlaster: Sistem de r\u0103cire Blaster: Compresor de aer cu \u0219urub: \u0218asiu rutier: Accesorii incluse &#8211; Pachet de baz\u0103:<\/p>","protected":false},"author":1,"featured_media":0,"parent":0,"menu_order":0,"comment_status":"closed","ping_status":"closed","template":"","meta":{"footnotes":""},"class_list":["post-6132","page","type-page","status-publish","hentry"],"yoast_head":"<!-- This site is optimized with the Yoast SEO Premium plugin v21.5 (Yoast SEO v21.5) - https:\/\/yoast.com\/wordpress\/plugins\/seo\/ -->\n<title>Specifica\u021bii pentru &quot;SB-500 Trailer&quot; cu DPF - SodaBlast Systems<\/title>\n<meta name=\"robots\" content=\"index, follow, max-snippet:-1, max-image-preview:large, max-video-preview:-1\" \/>\n<link rel=\"canonical\" href=\"https:\/\/sodablastsystems-europe.com\/ro\/specificatii-pentru-sb-500-trailer-cu-dpf\/\" \/>\n<meta property=\"og:locale\" content=\"ro_RO\" \/>\n<meta property=\"og:type\" content=\"article\" \/>\n<meta property=\"og:title\" content=\"Specifica\u021bii pentru &quot;SB-500 Trailer&quot; cu DPF\" \/>\n<meta property=\"og:description\" content=\"Kit complet, \u00een trei componente, transportabil \u0219i gata de utilizare: Sec\u021biunea de sablare SodaBlaster: Sistem de r\u0103cire Blaster: Compresor de aer cu \u0219urub: \u0218asiu rutier: Accesorii incluse &#8211; Pachet de baz\u0103:\" \/>\n<meta property=\"og:url\" content=\"https:\/\/sodablastsystems-europe.com\/ro\/specificatii-pentru-sb-500-trailer-cu-dpf\/\" \/>\n<meta property=\"og:site_name\" content=\"SodaBlast Systems\" \/>\n<meta property=\"article:publisher\" content=\"https:\/\/www.facebook.com\/sodablastsystems\/\" \/>\n<meta property=\"article:modified_time\" content=\"2025-02-17T14:26:10+00:00\" \/>\n<meta property=\"og:image\" content=\"https:\/\/sodablastsystems-europe.com\/wp-content\/uploads\/2023\/08\/logo-sodablastsystems-usa-1.png\" \/>\n\t<meta property=\"og:image:width\" content=\"200\" \/>\n\t<meta property=\"og:image:height\" content=\"200\" \/>\n\t<meta property=\"og:image:type\" content=\"image\/png\" \/>\n<meta name=\"twitter:card\" content=\"summary_large_image\" \/>\n<meta name=\"twitter:label1\" content=\"Timp estimat pentru citire\" \/>\n\t<meta name=\"twitter:data1\" content=\"1 minut\" \/>\n<script type=\"application\/ld+json\" class=\"yoast-schema-graph\">{\"@context\":\"https:\/\/schema.org\",\"@graph\":[{\"@type\":\"WebPage\",\"@id\":\"https:\/\/sodablastsystems-europe.com\/ro\/specificatii-pentru-sb-500-trailer-cu-dpf\/\",\"url\":\"https:\/\/sodablastsystems-europe.com\/ro\/specificatii-pentru-sb-500-trailer-cu-dpf\/\",\"name\":\"Specifica\u021bii pentru \\\"SB-500 Trailer\\\" cu DPF - SodaBlast Systems\",\"isPartOf\":{\"@id\":\"https:\/\/sodablastsystems-europe.com\/ro\/#website\"},\"datePublished\":\"2025-02-17T14:24:04+00:00\",\"dateModified\":\"2025-02-17T14:26:10+00:00\",\"breadcrumb\":{\"@id\":\"https:\/\/sodablastsystems-europe.com\/ro\/specificatii-pentru-sb-500-trailer-cu-dpf\/#breadcrumb\"},\"inLanguage\":\"ro-RO\",\"potentialAction\":[{\"@type\":\"ReadAction\",\"target\":[\"https:\/\/sodablastsystems-europe.com\/ro\/specificatii-pentru-sb-500-trailer-cu-dpf\/\"]}]},{\"@type\":\"BreadcrumbList\",\"@id\":\"https:\/\/sodablastsystems-europe.com\/ro\/specificatii-pentru-sb-500-trailer-cu-dpf\/#breadcrumb\",\"itemListElement\":[{\"@type\":\"ListItem\",\"position\":1,\"name\":\"Strona g\u0142\u00f3wna\",\"item\":\"https:\/\/sodablastsystems-europe.com\/ro\/\"},{\"@type\":\"ListItem\",\"position\":2,\"name\":\"Specifica\u021bii pentru &#8221;SB-500 Trailer&#8221; cu DPF\"}]},{\"@type\":\"WebSite\",\"@id\":\"https:\/\/sodablastsystems-europe.com\/ro\/#website\",\"url\":\"https:\/\/sodablastsystems-europe.com\/ro\/\",\"name\":\"SodaBlast Systems Europe\",\"description\":\"SodaBlasting Machines from USA. Innovative Technology For Your Business.\",\"publisher\":{\"@id\":\"https:\/\/sodablastsystems-europe.com\/ro\/#organization\"},\"potentialAction\":[{\"@type\":\"SearchAction\",\"target\":{\"@type\":\"EntryPoint\",\"urlTemplate\":\"https:\/\/sodablastsystems-europe.com\/ro\/?s={search_term_string}\"},\"query-input\":\"required name=search_term_string\"}],\"inLanguage\":\"ro-RO\"},{\"@type\":\"Organization\",\"@id\":\"https:\/\/sodablastsystems-europe.com\/ro\/#organization\",\"name\":\"SodaBlast Systems Europe\",\"url\":\"https:\/\/sodablastsystems-europe.com\/ro\/\",\"logo\":{\"@type\":\"ImageObject\",\"inLanguage\":\"ro-RO\",\"@id\":\"https:\/\/sodablastsystems-europe.com\/ro\/#\/schema\/logo\/image\/\",\"url\":\"https:\/\/sodablastsystems-europe.com\/wp-content\/uploads\/2023\/08\/logo-sodablastsystems-usa-1.png\",\"contentUrl\":\"https:\/\/sodablastsystems-europe.com\/wp-content\/uploads\/2023\/08\/logo-sodablastsystems-usa-1.png\",\"width\":200,\"height\":200,\"caption\":\"SodaBlast Systems Europe\"},\"image\":{\"@id\":\"https:\/\/sodablastsystems-europe.com\/ro\/#\/schema\/logo\/image\/\"},\"sameAs\":[\"https:\/\/www.facebook.com\/sodablastsystems\/\",\"https:\/\/www.tiktok.com\/@sodablast.systems\",\"https:\/\/www.instagram.com\/sodablastsystems_europe\/\",\"https:\/\/www.youtube.com\/@Sodablastsystems\"]}]}<\/script>\n<!-- \/ Yoast SEO Premium plugin. -->","yoast_head_json":{"title":"Specifica\u021bii pentru \"SB-500 Trailer\" cu DPF - SodaBlast Systems","robots":{"index":"index","follow":"follow","max-snippet":"max-snippet:-1","max-image-preview":"max-image-preview:large","max-video-preview":"max-video-preview:-1"},"canonical":"https:\/\/sodablastsystems-europe.com\/ro\/specificatii-pentru-sb-500-trailer-cu-dpf\/","og_locale":"ro_RO","og_type":"article","og_title":"Specifica\u021bii pentru \"SB-500 Trailer\" cu DPF","og_description":"Kit complet, \u00een trei componente, transportabil \u0219i gata de utilizare: Sec\u021biunea de sablare SodaBlaster: Sistem de r\u0103cire Blaster: Compresor de aer cu \u0219urub: \u0218asiu rutier: Accesorii incluse &#8211; Pachet de baz\u0103:","og_url":"https:\/\/sodablastsystems-europe.com\/ro\/specificatii-pentru-sb-500-trailer-cu-dpf\/","og_site_name":"SodaBlast Systems","article_publisher":"https:\/\/www.facebook.com\/sodablastsystems\/","article_modified_time":"2025-02-17T14:26:10+00:00","og_image":[{"width":200,"height":200,"url":"https:\/\/sodablastsystems-europe.com\/wp-content\/uploads\/2023\/08\/logo-sodablastsystems-usa-1.png","type":"image\/png"}],"twitter_card":"summary_large_image","twitter_misc":{"Timp estimat pentru citire":"1 minut"},"schema":{"@context":"https:\/\/schema.org","@graph":[{"@type":"WebPage","@id":"https:\/\/sodablastsystems-europe.com\/ro\/specificatii-pentru-sb-500-trailer-cu-dpf\/","url":"https:\/\/sodablastsystems-europe.com\/ro\/specificatii-pentru-sb-500-trailer-cu-dpf\/","name":"Specifica\u021bii pentru \"SB-500 Trailer\" cu DPF - SodaBlast Systems","isPartOf":{"@id":"https:\/\/sodablastsystems-europe.com\/ro\/#website"},"datePublished":"2025-02-17T14:24:04+00:00","dateModified":"2025-02-17T14:26:10+00:00","breadcrumb":{"@id":"https:\/\/sodablastsystems-europe.com\/ro\/specificatii-pentru-sb-500-trailer-cu-dpf\/#breadcrumb"},"inLanguage":"ro-RO","potentialAction":[{"@type":"ReadAction","target":["https:\/\/sodablastsystems-europe.com\/ro\/specificatii-pentru-sb-500-trailer-cu-dpf\/"]}]},{"@type":"BreadcrumbList","@id":"https:\/\/sodablastsystems-europe.com\/ro\/specificatii-pentru-sb-500-trailer-cu-dpf\/#breadcrumb","itemListElement":[{"@type":"ListItem","position":1,"name":"Strona g\u0142\u00f3wna","item":"https:\/\/sodablastsystems-europe.com\/ro\/"},{"@type":"ListItem","position":2,"name":"Specifica\u021bii pentru &#8221;SB-500 Trailer&#8221; cu DPF"}]},{"@type":"WebSite","@id":"https:\/\/sodablastsystems-europe.com\/ro\/#website","url":"https:\/\/sodablastsystems-europe.com\/ro\/","name":"SodaBlast Systems Europe","description":"SodaBlasting Machines from USA. Innovative Technology For Your Business.","publisher":{"@id":"https:\/\/sodablastsystems-europe.com\/ro\/#organization"},"potentialAction":[{"@type":"SearchAction","target":{"@type":"EntryPoint","urlTemplate":"https:\/\/sodablastsystems-europe.com\/ro\/?s={search_term_string}"},"query-input":"required name=search_term_string"}],"inLanguage":"ro-RO"},{"@type":"Organization","@id":"https:\/\/sodablastsystems-europe.com\/ro\/#organization","name":"SodaBlast Systems Europe","url":"https:\/\/sodablastsystems-europe.com\/ro\/","logo":{"@type":"ImageObject","inLanguage":"ro-RO","@id":"https:\/\/sodablastsystems-europe.com\/ro\/#\/schema\/logo\/image\/","url":"https:\/\/sodablastsystems-europe.com\/wp-content\/uploads\/2023\/08\/logo-sodablastsystems-usa-1.png","contentUrl":"https:\/\/sodablastsystems-europe.com\/wp-content\/uploads\/2023\/08\/logo-sodablastsystems-usa-1.png","width":200,"height":200,"caption":"SodaBlast Systems Europe"},"image":{"@id":"https:\/\/sodablastsystems-europe.com\/ro\/#\/schema\/logo\/image\/"},"sameAs":["https:\/\/www.facebook.com\/sodablastsystems\/","https:\/\/www.tiktok.com\/@sodablast.systems","https:\/\/www.instagram.com\/sodablastsystems_europe\/","https:\/\/www.youtube.com\/@Sodablastsystems"]}]}},"_links":{"self":[{"href":"https:\/\/sodablastsystems-europe.com\/ro\/wp-json\/wp\/v2\/pages\/6132","targetHints":{"allow":["GET"]}}],"collection":[{"href":"https:\/\/sodablastsystems-europe.com\/ro\/wp-json\/wp\/v2\/pages"}],"about":[{"href":"https:\/\/sodablastsystems-europe.com\/ro\/wp-json\/wp\/v2\/types\/page"}],"author":[{"embeddable":true,"href":"https:\/\/sodablastsystems-europe.com\/ro\/wp-json\/wp\/v2\/users\/1"}],"replies":[{"embeddable":true,"href":"https:\/\/sodablastsystems-europe.com\/ro\/wp-json\/wp\/v2\/comments?post=6132"}],"version-history":[{"count":1,"href":"https:\/\/sodablastsystems-europe.com\/ro\/wp-json\/wp\/v2\/pages\/6132\/revisions"}],"predecessor-version":[{"id":6134,"href":"https:\/\/sodablastsystems-europe.com\/ro\/wp-json\/wp\/v2\/pages\/6132\/revisions\/6134"}],"wp:attachment":[{"href":"https:\/\/sodablastsystems-europe.com\/ro\/wp-json\/wp\/v2\/media?parent=6132"}],"curies":[{"name":"wp","href":"https:\/\/api.w.org\/{rel}","templated":true}]}}