{"id":1466,"date":"2023-08-27T08:07:29","date_gmt":"2023-08-27T08:07:29","guid":{"rendered":"https:\/\/sodablastsystems-europe.com\/compilare-de-curatare-de-30-de-minute\/"},"modified":"2026-01-08T09:56:47","modified_gmt":"2026-01-08T09:56:47","slug":"compilare-de-curatare-de-30-de-minute","status":"publish","type":"page","link":"https:\/\/sodablastsystems-europe.com\/ro\/compilare-de-curatare-de-30-de-minute\/","title":{"rendered":"Videoclipuri"},"content":{"rendered":"<h1 class=\"wp-block-heading\" id=\"h-30-minute-cleaning-compilation\">Compilare de cur\u0103\u021bare de 30 de minute<\/h1>\n\n<h2 class=\"wp-block-heading has-large-font-size\" id=\"h-authentic-soda-blasting-effects-sodablast-users-in-action\">Efecte autentice de sablare cu sifon &#8211; Utilizatorii SodaBlast \u00een ac\u021biune<\/h2>\n\n<p>V\u0103 invit\u0103m s\u0103 viziona\u021bi videoclipuri autentice trimise de utilizatorii no\u0219tri din \u00eentreaga Europ\u0103. Aceste clipuri video nu numai c\u0103 demonstreaz\u0103 eficien\u021ba utilajelor SodaBlast Systems, dar prezint\u0103 \u0219i diversitatea aplica\u021biilor \u0219i a tehnicilor de sablare cu sod\u0103 \u00een direct. Vede\u021bi cum abordeaz\u0103 clien\u021bii no\u0219tri provoc\u0103rile legate de cur\u0103\u021benie \u0219i rezultatele spectaculoase care pot fi ob\u021binute cu solu\u021biile noastre. Fiecare clip este o experien\u021b\u0103 real\u0103 \u0219i o adev\u0103rat\u0103 transformare &#8211; suprafe\u021bele renovate \u00ee\u0219i recap\u0103t\u0103 str\u0103lucirea, iar satisfac\u021bia lucrului bine f\u0103cut este clar vizibil\u0103.<\/p>\n\n<p><strong>Face\u021bi clic \u0219i urm\u0103ri\u021bi<\/strong>:<\/p>\n\n<lite-vimeo videoid=\"858282701\"><\/lite-vimeo>\n\n<p><\/p>","protected":false},"excerpt":{"rendered":"<p>Compilare de cur\u0103\u021bare de 30 de minute Efecte autentice de sablare cu sifon &#8211; Utilizatorii SodaBlast \u00een ac\u021biune V\u0103 invit\u0103m s\u0103 viziona\u021bi videoclipuri autentice trimise de utilizatorii no\u0219tri din \u00eentreaga Europ\u0103. Aceste clipuri video nu numai c\u0103 demonstreaz\u0103 eficien\u021ba utilajelor SodaBlast Systems, dar prezint\u0103 \u0219i diversitatea aplica\u021biilor \u0219i a tehnicilor de sablare cu sod\u0103 \u00een [&hellip;]<\/p>","protected":false},"author":1,"featured_media":0,"parent":0,"menu_order":0,"comment_status":"closed","ping_status":"closed","template":"strona-bez-tytu-u","meta":{"footnotes":""},"class_list":["post-1466","page","type-page","status-publish","hentry"],"yoast_head":"<!-- This site is optimized with the Yoast SEO Premium plugin v21.5 (Yoast SEO v21.5) - https:\/\/yoast.com\/wordpress\/plugins\/seo\/ -->\n<title>Soda Blasting Videos Compilation - SodaBlast Systems<\/title>\n<meta name=\"description\" content=\"Urm\u0103ri\u021bi compila\u021bia noastr\u0103 de videoclipuri despre sablarea cu sod\u0103 la SodaBlast Systems Europe. Descoperi\u021bi aplica\u021bii din via\u021ba real\u0103 care prezint\u0103 \u00eendep\u0103rtarea vopselei \u0219i a ruginii, restaurarea suprafe\u021belor \u0219i solu\u021bii de cur\u0103\u021bare ecologice\" \/>\n<meta name=\"robots\" content=\"index, follow, max-snippet:-1, max-image-preview:large, max-video-preview:-1\" \/>\n<link rel=\"canonical\" href=\"https:\/\/sodablastsystems-europe.com\/ro\/compilare-de-curatare-de-30-de-minute\/\" \/>\n<meta property=\"og:locale\" content=\"ro_RO\" \/>\n<meta property=\"og:type\" content=\"article\" \/>\n<meta property=\"og:title\" content=\"Soda Blasting Videos Compilation - SodaBlast Systems\" \/>\n<meta property=\"og:description\" content=\"Urm\u0103ri\u021bi compila\u021bia noastr\u0103 de videoclipuri despre sablarea cu sod\u0103 la SodaBlast Systems Europe. Descoperi\u021bi aplica\u021bii din via\u021ba real\u0103 care prezint\u0103 \u00eendep\u0103rtarea vopselei \u0219i a ruginii, restaurarea suprafe\u021belor \u0219i solu\u021bii de cur\u0103\u021bare ecologice\" \/>\n<meta property=\"og:url\" content=\"https:\/\/sodablastsystems-europe.com\/ro\/compilare-de-curatare-de-30-de-minute\/\" \/>\n<meta property=\"og:site_name\" content=\"SodaBlast Systems\" \/>\n<meta property=\"article:publisher\" content=\"https:\/\/www.facebook.com\/sodablastsystems\/\" \/>\n<meta property=\"article:modified_time\" content=\"2026-01-08T09:56:47+00:00\" \/>\n<meta property=\"og:image\" content=\"https:\/\/sodablastsystems-europe.com\/wp-content\/uploads\/2024\/01\/img_6871.jpeg\" \/>\n<meta name=\"twitter:card\" content=\"summary_large_image\" \/>\n<meta name=\"twitter:title\" content=\"Soda Blasting Videos Compilation - SodaBlast Systems\" \/>\n<meta name=\"twitter:description\" content=\"Urm\u0103ri\u021bi compila\u021bia noastr\u0103 de videoclipuri despre sablarea cu sod\u0103 la SodaBlast Systems Europe. Descoperi\u021bi aplica\u021bii din via\u021ba real\u0103 care prezint\u0103 \u00eendep\u0103rtarea vopselei \u0219i a ruginii, restaurarea suprafe\u021belor \u0219i solu\u021bii de cur\u0103\u021bare ecologice\" \/>\n<meta name=\"twitter:label1\" content=\"Timp estimat pentru citire\" \/>\n\t<meta name=\"twitter:data1\" content=\"1 minut\" \/>\n<script type=\"application\/ld+json\" class=\"yoast-schema-graph\">{\"@context\":\"https:\/\/schema.org\",\"@graph\":[{\"@type\":\"WebPage\",\"@id\":\"https:\/\/sodablastsystems-europe.com\/ro\/compilare-de-curatare-de-30-de-minute\/\",\"url\":\"https:\/\/sodablastsystems-europe.com\/ro\/compilare-de-curatare-de-30-de-minute\/\",\"name\":\"Soda Blasting Videos Compilation - SodaBlast Systems\",\"isPartOf\":{\"@id\":\"https:\/\/sodablastsystems-europe.com\/ro\/#website\"},\"datePublished\":\"2023-08-27T08:07:29+00:00\",\"dateModified\":\"2026-01-08T09:56:47+00:00\",\"description\":\"Urm\u0103ri\u021bi compila\u021bia noastr\u0103 de videoclipuri despre sablarea cu sod\u0103 la SodaBlast Systems Europe. Descoperi\u021bi aplica\u021bii din via\u021ba real\u0103 care prezint\u0103 \u00eendep\u0103rtarea vopselei \u0219i a ruginii, restaurarea suprafe\u021belor \u0219i solu\u021bii de cur\u0103\u021bare ecologice\",\"breadcrumb\":{\"@id\":\"https:\/\/sodablastsystems-europe.com\/ro\/compilare-de-curatare-de-30-de-minute\/#breadcrumb\"},\"inLanguage\":\"ro-RO\",\"potentialAction\":[{\"@type\":\"ReadAction\",\"target\":[\"https:\/\/sodablastsystems-europe.com\/ro\/compilare-de-curatare-de-30-de-minute\/\"]}]},{\"@type\":\"BreadcrumbList\",\"@id\":\"https:\/\/sodablastsystems-europe.com\/ro\/compilare-de-curatare-de-30-de-minute\/#breadcrumb\",\"itemListElement\":[{\"@type\":\"ListItem\",\"position\":1,\"name\":\"Strona g\u0142\u00f3wna\",\"item\":\"https:\/\/sodablastsystems-europe.com\/ro\/\"},{\"@type\":\"ListItem\",\"position\":2,\"name\":\"Videoclipuri\"}]},{\"@type\":\"WebSite\",\"@id\":\"https:\/\/sodablastsystems-europe.com\/ro\/#website\",\"url\":\"https:\/\/sodablastsystems-europe.com\/ro\/\",\"name\":\"SodaBlast Systems Europe\",\"description\":\"SodaBlasting Machines from USA. Innovative Technology For Your Business.\",\"publisher\":{\"@id\":\"https:\/\/sodablastsystems-europe.com\/ro\/#organization\"},\"potentialAction\":[{\"@type\":\"SearchAction\",\"target\":{\"@type\":\"EntryPoint\",\"urlTemplate\":\"https:\/\/sodablastsystems-europe.com\/ro\/?s={search_term_string}\"},\"query-input\":\"required name=search_term_string\"}],\"inLanguage\":\"ro-RO\"},{\"@type\":\"Organization\",\"@id\":\"https:\/\/sodablastsystems-europe.com\/ro\/#organization\",\"name\":\"SodaBlast Systems Europe\",\"url\":\"https:\/\/sodablastsystems-europe.com\/ro\/\",\"logo\":{\"@type\":\"ImageObject\",\"inLanguage\":\"ro-RO\",\"@id\":\"https:\/\/sodablastsystems-europe.com\/ro\/#\/schema\/logo\/image\/\",\"url\":\"https:\/\/sodablastsystems-europe.com\/wp-content\/uploads\/2023\/08\/logo-sodablastsystems-usa-1.png\",\"contentUrl\":\"https:\/\/sodablastsystems-europe.com\/wp-content\/uploads\/2023\/08\/logo-sodablastsystems-usa-1.png\",\"width\":200,\"height\":200,\"caption\":\"SodaBlast Systems Europe\"},\"image\":{\"@id\":\"https:\/\/sodablastsystems-europe.com\/ro\/#\/schema\/logo\/image\/\"},\"sameAs\":[\"https:\/\/www.facebook.com\/sodablastsystems\/\",\"https:\/\/www.tiktok.com\/@sodablast.systems\",\"https:\/\/www.instagram.com\/sodablastsystems_europe\/\",\"https:\/\/www.youtube.com\/@Sodablastsystems\"]}]}<\/script>\n<!-- \/ Yoast SEO Premium plugin. -->","yoast_head_json":{"title":"Soda Blasting Videos Compilation - SodaBlast Systems","description":"Urm\u0103ri\u021bi compila\u021bia noastr\u0103 de videoclipuri despre sablarea cu sod\u0103 la SodaBlast Systems Europe. Descoperi\u021bi aplica\u021bii din via\u021ba real\u0103 care prezint\u0103 \u00eendep\u0103rtarea vopselei \u0219i a ruginii, restaurarea suprafe\u021belor \u0219i solu\u021bii de cur\u0103\u021bare ecologice","robots":{"index":"index","follow":"follow","max-snippet":"max-snippet:-1","max-image-preview":"max-image-preview:large","max-video-preview":"max-video-preview:-1"},"canonical":"https:\/\/sodablastsystems-europe.com\/ro\/compilare-de-curatare-de-30-de-minute\/","og_locale":"ro_RO","og_type":"article","og_title":"Soda Blasting Videos Compilation - SodaBlast Systems","og_description":"Urm\u0103ri\u021bi compila\u021bia noastr\u0103 de videoclipuri despre sablarea cu sod\u0103 la SodaBlast Systems Europe. Descoperi\u021bi aplica\u021bii din via\u021ba real\u0103 care prezint\u0103 \u00eendep\u0103rtarea vopselei \u0219i a ruginii, restaurarea suprafe\u021belor \u0219i solu\u021bii de cur\u0103\u021bare ecologice","og_url":"https:\/\/sodablastsystems-europe.com\/ro\/compilare-de-curatare-de-30-de-minute\/","og_site_name":"SodaBlast Systems","article_publisher":"https:\/\/www.facebook.com\/sodablastsystems\/","article_modified_time":"2026-01-08T09:56:47+00:00","og_image":[{"url":"https:\/\/sodablastsystems-europe.com\/wp-content\/uploads\/2024\/01\/img_6871.jpeg"}],"twitter_card":"summary_large_image","twitter_title":"Soda Blasting Videos Compilation - SodaBlast Systems","twitter_description":"Urm\u0103ri\u021bi compila\u021bia noastr\u0103 de videoclipuri despre sablarea cu sod\u0103 la SodaBlast Systems Europe. Descoperi\u021bi aplica\u021bii din via\u021ba real\u0103 care prezint\u0103 \u00eendep\u0103rtarea vopselei \u0219i a ruginii, restaurarea suprafe\u021belor \u0219i solu\u021bii de cur\u0103\u021bare ecologice","twitter_misc":{"Timp estimat pentru citire":"1 minut"},"schema":{"@context":"https:\/\/schema.org","@graph":[{"@type":"WebPage","@id":"https:\/\/sodablastsystems-europe.com\/ro\/compilare-de-curatare-de-30-de-minute\/","url":"https:\/\/sodablastsystems-europe.com\/ro\/compilare-de-curatare-de-30-de-minute\/","name":"Soda Blasting Videos Compilation - SodaBlast Systems","isPartOf":{"@id":"https:\/\/sodablastsystems-europe.com\/ro\/#website"},"datePublished":"2023-08-27T08:07:29+00:00","dateModified":"2026-01-08T09:56:47+00:00","description":"Urm\u0103ri\u021bi compila\u021bia noastr\u0103 de videoclipuri despre sablarea cu sod\u0103 la SodaBlast Systems Europe. Descoperi\u021bi aplica\u021bii din via\u021ba real\u0103 care prezint\u0103 \u00eendep\u0103rtarea vopselei \u0219i a ruginii, restaurarea suprafe\u021belor \u0219i solu\u021bii de cur\u0103\u021bare ecologice","breadcrumb":{"@id":"https:\/\/sodablastsystems-europe.com\/ro\/compilare-de-curatare-de-30-de-minute\/#breadcrumb"},"inLanguage":"ro-RO","potentialAction":[{"@type":"ReadAction","target":["https:\/\/sodablastsystems-europe.com\/ro\/compilare-de-curatare-de-30-de-minute\/"]}]},{"@type":"BreadcrumbList","@id":"https:\/\/sodablastsystems-europe.com\/ro\/compilare-de-curatare-de-30-de-minute\/#breadcrumb","itemListElement":[{"@type":"ListItem","position":1,"name":"Strona g\u0142\u00f3wna","item":"https:\/\/sodablastsystems-europe.com\/ro\/"},{"@type":"ListItem","position":2,"name":"Videoclipuri"}]},{"@type":"WebSite","@id":"https:\/\/sodablastsystems-europe.com\/ro\/#website","url":"https:\/\/sodablastsystems-europe.com\/ro\/","name":"SodaBlast Systems Europe","description":"SodaBlasting Machines from USA. Innovative Technology For Your Business.","publisher":{"@id":"https:\/\/sodablastsystems-europe.com\/ro\/#organization"},"potentialAction":[{"@type":"SearchAction","target":{"@type":"EntryPoint","urlTemplate":"https:\/\/sodablastsystems-europe.com\/ro\/?s={search_term_string}"},"query-input":"required name=search_term_string"}],"inLanguage":"ro-RO"},{"@type":"Organization","@id":"https:\/\/sodablastsystems-europe.com\/ro\/#organization","name":"SodaBlast Systems Europe","url":"https:\/\/sodablastsystems-europe.com\/ro\/","logo":{"@type":"ImageObject","inLanguage":"ro-RO","@id":"https:\/\/sodablastsystems-europe.com\/ro\/#\/schema\/logo\/image\/","url":"https:\/\/sodablastsystems-europe.com\/wp-content\/uploads\/2023\/08\/logo-sodablastsystems-usa-1.png","contentUrl":"https:\/\/sodablastsystems-europe.com\/wp-content\/uploads\/2023\/08\/logo-sodablastsystems-usa-1.png","width":200,"height":200,"caption":"SodaBlast Systems Europe"},"image":{"@id":"https:\/\/sodablastsystems-europe.com\/ro\/#\/schema\/logo\/image\/"},"sameAs":["https:\/\/www.facebook.com\/sodablastsystems\/","https:\/\/www.tiktok.com\/@sodablast.systems","https:\/\/www.instagram.com\/sodablastsystems_europe\/","https:\/\/www.youtube.com\/@Sodablastsystems"]}]}},"_links":{"self":[{"href":"https:\/\/sodablastsystems-europe.com\/ro\/wp-json\/wp\/v2\/pages\/1466","targetHints":{"allow":["GET"]}}],"collection":[{"href":"https:\/\/sodablastsystems-europe.com\/ro\/wp-json\/wp\/v2\/pages"}],"about":[{"href":"https:\/\/sodablastsystems-europe.com\/ro\/wp-json\/wp\/v2\/types\/page"}],"author":[{"embeddable":true,"href":"https:\/\/sodablastsystems-europe.com\/ro\/wp-json\/wp\/v2\/users\/1"}],"replies":[{"embeddable":true,"href":"https:\/\/sodablastsystems-europe.com\/ro\/wp-json\/wp\/v2\/comments?post=1466"}],"version-history":[{"count":3,"href":"https:\/\/sodablastsystems-europe.com\/ro\/wp-json\/wp\/v2\/pages\/1466\/revisions"}],"predecessor-version":[{"id":6538,"href":"https:\/\/sodablastsystems-europe.com\/ro\/wp-json\/wp\/v2\/pages\/1466\/revisions\/6538"}],"wp:attachment":[{"href":"https:\/\/sodablastsystems-europe.com\/ro\/wp-json\/wp\/v2\/media?parent=1466"}],"curies":[{"name":"wp","href":"https:\/\/api.w.org\/{rel}","templated":true}]}}