{"id":1352,"date":"2023-08-27T08:06:35","date_gmt":"2023-08-27T08:06:35","guid":{"rendered":"https:\/\/sodablastsystems-europe.com\/inainte-si-dupa-efecte\/"},"modified":"2024-11-03T01:16:23","modified_gmt":"2024-11-03T01:16:23","slug":"inainte-si-dupa-efecte","status":"publish","type":"page","link":"https:\/\/sodablastsystems-europe.com\/ro\/inainte-si-dupa-efecte\/","title":{"rendered":"\u00cenainte \u0219i dup\u0103 efecte"},"content":{"rendered":"<p><\/p>\n\n<h2 class=\"wp-block-heading has-x-large-font-size\" id=\"h-amazing-transformation-with-sodablast-systems\">Transformare uimitoare cu sistemele SodaBlast<\/h2>\n\n<p>Descoperi\u021bi puterea exploziei de sod\u0103 cu transform\u0103rile noastre &#8222;\u00cenainte \u0219i dup\u0103&#8221;. SodaBlast Systems nu este doar o tehnologie, ci \u0219i o art\u0103 de a readuce suprafe\u021bele la str\u0103lucirea lor ini\u021bial\u0103. Mai jos, v\u0103 prezent\u0103m o galerie a muncii noastre, unde fiecare fotografie spune o poveste despre precizia, bl\u00e2nde\u021bea \u0219i eficien\u021ba ma\u0219inilor noastre de sablare cu sod\u0103.<\/p>\n\n<h3 class=\"wp-block-heading has-large-font-size\">&#8222;\u00cenainte&#8221; &#8211; Provocarea cur\u0103\u021beniei<\/h3>\n\n<p>Fiecare &#8222;\u00eenainte&#8221; a surprins momente \u00een care suprafe\u021bele p\u0103reau dincolo de orice posibilitate de re\u00eennoire. Rugin\u0103, graffiti, poluare &#8211; toate aceste defecte necesitau o atingere delicat\u0103, dar eficient\u0103.<\/p>\n\n<h3 class=\"wp-block-heading has-large-font-size\">&#8222;Dup\u0103&#8221; &#8211; Efectul sistemului SodaBlast<\/h3>\n\n<p>Efectele &#8222;dup\u0103&#8221; arat\u0103 rezultate care au dep\u0103\u0219it at\u00e2t a\u0219tept\u0103rile noastre, c\u00e2t \u0219i ale clien\u021bilor no\u0219tri. Acestea atest\u0103 puterea bicarbonatului de sodiu, care red\u0103 suprafe\u021belor aspectul lor original f\u0103r\u0103 a le deteriora structura.<\/p>\n\n<p>V\u0103 invit\u0103m s\u0103 parcurge\u021bi exemplele realiz\u0103rilor noastre. Fiecare fotografie este o dovad\u0103 c\u0103 nicio sarcin\u0103 nu este prea dificil\u0103 pentru SodaBlast Systems.<\/p>\n\n<p>Glisa\u021bi cursorul pe fotografie \u0219i vede\u021bi diferen\u021ba:<\/p>\n<p>[bafg id=&#8221;320&#8243;]<\/p>\n<p>[bafg id=&#8221;318&#8243;]<\/p>\n<p>[bafg id=&#8221;322&#8243;]<\/p>\n<p>[bafg id=&#8221;324&#8243;]<\/p>\n<p>[bafg id=&#8221;325&#8243;]<\/p>\n<p>[bafg id=&#8221;326&#8243;]<\/p>\n<p>[bafg id=&#8221;328&#8243;]<\/p>\n<p>[bafg id=&#8221;329&#8243;]<\/p>\n<p>[bafg id=&#8221;330&#8243;]<\/p>\n<p>[bafg id=&#8221;331&#8243;]<\/p>\n<p>[bafg id=&#8221;332&#8243;]<\/p>\n<p>[bafg id=&#8221;334&#8243;]<\/p>\n<p>[bafg id=&#8221;335&#8243;]<\/p>\n<p>[bafg id=&#8221;337&#8243;]<\/p>\n<p>[bafg id=&#8221;338&#8243;]<\/p>\n<p>[bafg id=&#8221;339&#8243;]<\/p>\n<p>[bafg id=&#8221;340&#8243;]<\/p>\n<p>[bafg id=&#8221;341&#8243;]<\/p>\n<p>[bafg id=&#8221;342&#8243;]<\/p>\n<p>[bafg id=&#8221;343&#8243;]<\/p>\n<p>[bafg id=&#8221;345&#8243;]<\/p>\n<p>[bafg id=&#8221;346&#8243;]<\/p>\n<p>[bafg id=&#8221;347&#8243;]<\/p>\n<p>[bafg id=&#8221;348&#8243;]<\/p>\n<p>[bafg id=&#8221;349&#8243;]<\/p>\n<p>[bafg id=&#8221;350&#8243;]<\/p>\n<p>[bafg id=&#8221;351&#8243;]<\/p>\n<p>[bafg id=&#8221;352&#8243;]<\/p>\n<p>[bafg id=&#8221;353&#8243;]<\/p>\n<p>[bafg id=&#8221;354&#8243;]<\/p>\n<p>[bafg id=&#8221;355&#8243;]<\/p>\n<p>[bafg id=&#8221;356&#8243;]<\/p>\n<p>[bafg id=&#8221;357&#8243;]<\/p>\n<p>[bafg id=&#8221;358&#8243;]<\/p>\n<p>[bafg id=&#8221;359&#8243;]<\/p>\n<p>[bafg id=&#8221;360&#8243;]<\/p>\n<p>[bafg id=&#8221;361&#8243;]<\/p>","protected":false},"excerpt":{"rendered":"<p>Transformare uimitoare cu sistemele SodaBlast Descoperi\u021bi puterea exploziei de sod\u0103 cu transform\u0103rile noastre &#8222;\u00cenainte \u0219i dup\u0103&#8221;. SodaBlast Systems nu este doar o tehnologie, ci \u0219i o art\u0103 de a readuce suprafe\u021bele la str\u0103lucirea lor ini\u021bial\u0103. Mai jos, v\u0103 prezent\u0103m o galerie a muncii noastre, unde fiecare fotografie spune o poveste despre precizia, bl\u00e2nde\u021bea \u0219i eficien\u021ba [&hellip;]<\/p>","protected":false},"author":1,"featured_media":0,"parent":0,"menu_order":0,"comment_status":"closed","ping_status":"closed","template":"","meta":{"footnotes":""},"class_list":["post-1352","page","type-page","status-publish","hentry"],"yoast_head":"<!-- This site is optimized with the Yoast SEO Premium plugin v21.5 (Yoast SEO v21.5) - https:\/\/yoast.com\/wordpress\/plugins\/seo\/ -->\n<title>\u00cenainte \u0219i dup\u0103 efectele sabl\u0103rii cu sod\u0103 - SodaBlast Systems<\/title>\n<meta name=\"description\" content=\"Descoperi\u021bi puterea transformatoare a sabl\u0103rii cu sod\u0103 cu SodaBlast Systems Europe. Vede\u021bi galeria noastr\u0103 \u00eenainte \u0219i dup\u0103, care prezint\u0103 \u00eendep\u0103rtarea eficient\u0103 a vopselei, \u00eendep\u0103rtarea ruginii \u0219i restaurarea suprafe\u021belor pentru diverse aplica\u021bii\" \/>\n<meta name=\"robots\" content=\"index, follow, max-snippet:-1, max-image-preview:large, max-video-preview:-1\" \/>\n<link rel=\"canonical\" href=\"https:\/\/sodablastsystems-europe.com\/ro\/inainte-si-dupa-efecte\/\" \/>\n<meta property=\"og:locale\" content=\"ro_RO\" \/>\n<meta property=\"og:type\" content=\"article\" \/>\n<meta property=\"og:title\" content=\"\u00cenainte \u0219i dup\u0103 efecte\" \/>\n<meta property=\"og:description\" content=\"Descoperi\u021bi puterea transformatoare a sabl\u0103rii cu sod\u0103 cu SodaBlast Systems Europe. Vede\u021bi galeria noastr\u0103 \u00eenainte \u0219i dup\u0103, care prezint\u0103 \u00eendep\u0103rtarea eficient\u0103 a vopselei, \u00eendep\u0103rtarea ruginii \u0219i restaurarea suprafe\u021belor pentru diverse aplica\u021bii\" \/>\n<meta property=\"og:url\" content=\"https:\/\/sodablastsystems-europe.com\/ro\/inainte-si-dupa-efecte\/\" \/>\n<meta property=\"og:site_name\" content=\"SodaBlast Systems\" \/>\n<meta property=\"article:publisher\" content=\"https:\/\/www.facebook.com\/sodablastsystems\/\" \/>\n<meta property=\"article:modified_time\" content=\"2024-11-03T01:16:23+00:00\" \/>\n<meta property=\"og:image\" content=\"https:\/\/sodablastsystems-europe.com\/wp-content\/uploads\/2023\/08\/logo-sodablastsystems-usa-1.png\" \/>\n\t<meta property=\"og:image:width\" content=\"200\" \/>\n\t<meta property=\"og:image:height\" content=\"200\" \/>\n\t<meta property=\"og:image:type\" content=\"image\/png\" \/>\n<meta name=\"twitter:card\" content=\"summary_large_image\" \/>\n<meta name=\"twitter:label1\" content=\"Timp estimat pentru citire\" \/>\n\t<meta name=\"twitter:data1\" content=\"1 minut\" \/>\n<script type=\"application\/ld+json\" class=\"yoast-schema-graph\">{\"@context\":\"https:\/\/schema.org\",\"@graph\":[{\"@type\":\"WebPage\",\"@id\":\"https:\/\/sodablastsystems-europe.com\/ro\/inainte-si-dupa-efecte\/\",\"url\":\"https:\/\/sodablastsystems-europe.com\/ro\/inainte-si-dupa-efecte\/\",\"name\":\"\u00cenainte \u0219i dup\u0103 efectele sabl\u0103rii cu sod\u0103 - SodaBlast Systems\",\"isPartOf\":{\"@id\":\"https:\/\/sodablastsystems-europe.com\/ro\/#website\"},\"datePublished\":\"2023-08-27T08:06:35+00:00\",\"dateModified\":\"2024-11-03T01:16:23+00:00\",\"description\":\"Descoperi\u021bi puterea transformatoare a sabl\u0103rii cu sod\u0103 cu SodaBlast Systems Europe. Vede\u021bi galeria noastr\u0103 \u00eenainte \u0219i dup\u0103, care prezint\u0103 \u00eendep\u0103rtarea eficient\u0103 a vopselei, \u00eendep\u0103rtarea ruginii \u0219i restaurarea suprafe\u021belor pentru diverse aplica\u021bii\",\"breadcrumb\":{\"@id\":\"https:\/\/sodablastsystems-europe.com\/ro\/inainte-si-dupa-efecte\/#breadcrumb\"},\"inLanguage\":\"ro-RO\",\"potentialAction\":[{\"@type\":\"ReadAction\",\"target\":[\"https:\/\/sodablastsystems-europe.com\/ro\/inainte-si-dupa-efecte\/\"]}]},{\"@type\":\"BreadcrumbList\",\"@id\":\"https:\/\/sodablastsystems-europe.com\/ro\/inainte-si-dupa-efecte\/#breadcrumb\",\"itemListElement\":[{\"@type\":\"ListItem\",\"position\":1,\"name\":\"Strona g\u0142\u00f3wna\",\"item\":\"https:\/\/sodablastsystems-europe.com\/ro\/\"},{\"@type\":\"ListItem\",\"position\":2,\"name\":\"\u00cenainte \u0219i dup\u0103 efecte\"}]},{\"@type\":\"WebSite\",\"@id\":\"https:\/\/sodablastsystems-europe.com\/ro\/#website\",\"url\":\"https:\/\/sodablastsystems-europe.com\/ro\/\",\"name\":\"SodaBlast Systems Europe\",\"description\":\"SodaBlasting Machines from USA. Innovative Technology For Your Business.\",\"publisher\":{\"@id\":\"https:\/\/sodablastsystems-europe.com\/ro\/#organization\"},\"potentialAction\":[{\"@type\":\"SearchAction\",\"target\":{\"@type\":\"EntryPoint\",\"urlTemplate\":\"https:\/\/sodablastsystems-europe.com\/ro\/?s={search_term_string}\"},\"query-input\":\"required name=search_term_string\"}],\"inLanguage\":\"ro-RO\"},{\"@type\":\"Organization\",\"@id\":\"https:\/\/sodablastsystems-europe.com\/ro\/#organization\",\"name\":\"SodaBlast Systems Europe\",\"url\":\"https:\/\/sodablastsystems-europe.com\/ro\/\",\"logo\":{\"@type\":\"ImageObject\",\"inLanguage\":\"ro-RO\",\"@id\":\"https:\/\/sodablastsystems-europe.com\/ro\/#\/schema\/logo\/image\/\",\"url\":\"https:\/\/sodablastsystems-europe.com\/wp-content\/uploads\/2023\/08\/logo-sodablastsystems-usa-1.png\",\"contentUrl\":\"https:\/\/sodablastsystems-europe.com\/wp-content\/uploads\/2023\/08\/logo-sodablastsystems-usa-1.png\",\"width\":200,\"height\":200,\"caption\":\"SodaBlast Systems Europe\"},\"image\":{\"@id\":\"https:\/\/sodablastsystems-europe.com\/ro\/#\/schema\/logo\/image\/\"},\"sameAs\":[\"https:\/\/www.facebook.com\/sodablastsystems\/\",\"https:\/\/www.tiktok.com\/@sodablast.systems\",\"https:\/\/www.instagram.com\/sodablastsystems_europe\/\",\"https:\/\/www.youtube.com\/@Sodablastsystems\"]}]}<\/script>\n<!-- \/ Yoast SEO Premium plugin. -->","yoast_head_json":{"title":"\u00cenainte \u0219i dup\u0103 efectele sabl\u0103rii cu sod\u0103 - SodaBlast Systems","description":"Descoperi\u021bi puterea transformatoare a sabl\u0103rii cu sod\u0103 cu SodaBlast Systems Europe. Vede\u021bi galeria noastr\u0103 \u00eenainte \u0219i dup\u0103, care prezint\u0103 \u00eendep\u0103rtarea eficient\u0103 a vopselei, \u00eendep\u0103rtarea ruginii \u0219i restaurarea suprafe\u021belor pentru diverse aplica\u021bii","robots":{"index":"index","follow":"follow","max-snippet":"max-snippet:-1","max-image-preview":"max-image-preview:large","max-video-preview":"max-video-preview:-1"},"canonical":"https:\/\/sodablastsystems-europe.com\/ro\/inainte-si-dupa-efecte\/","og_locale":"ro_RO","og_type":"article","og_title":"\u00cenainte \u0219i dup\u0103 efecte","og_description":"Descoperi\u021bi puterea transformatoare a sabl\u0103rii cu sod\u0103 cu SodaBlast Systems Europe. Vede\u021bi galeria noastr\u0103 \u00eenainte \u0219i dup\u0103, care prezint\u0103 \u00eendep\u0103rtarea eficient\u0103 a vopselei, \u00eendep\u0103rtarea ruginii \u0219i restaurarea suprafe\u021belor pentru diverse aplica\u021bii","og_url":"https:\/\/sodablastsystems-europe.com\/ro\/inainte-si-dupa-efecte\/","og_site_name":"SodaBlast Systems","article_publisher":"https:\/\/www.facebook.com\/sodablastsystems\/","article_modified_time":"2024-11-03T01:16:23+00:00","og_image":[{"width":200,"height":200,"url":"https:\/\/sodablastsystems-europe.com\/wp-content\/uploads\/2023\/08\/logo-sodablastsystems-usa-1.png","type":"image\/png"}],"twitter_card":"summary_large_image","twitter_misc":{"Timp estimat pentru citire":"1 minut"},"schema":{"@context":"https:\/\/schema.org","@graph":[{"@type":"WebPage","@id":"https:\/\/sodablastsystems-europe.com\/ro\/inainte-si-dupa-efecte\/","url":"https:\/\/sodablastsystems-europe.com\/ro\/inainte-si-dupa-efecte\/","name":"\u00cenainte \u0219i dup\u0103 efectele sabl\u0103rii cu sod\u0103 - SodaBlast Systems","isPartOf":{"@id":"https:\/\/sodablastsystems-europe.com\/ro\/#website"},"datePublished":"2023-08-27T08:06:35+00:00","dateModified":"2024-11-03T01:16:23+00:00","description":"Descoperi\u021bi puterea transformatoare a sabl\u0103rii cu sod\u0103 cu SodaBlast Systems Europe. Vede\u021bi galeria noastr\u0103 \u00eenainte \u0219i dup\u0103, care prezint\u0103 \u00eendep\u0103rtarea eficient\u0103 a vopselei, \u00eendep\u0103rtarea ruginii \u0219i restaurarea suprafe\u021belor pentru diverse aplica\u021bii","breadcrumb":{"@id":"https:\/\/sodablastsystems-europe.com\/ro\/inainte-si-dupa-efecte\/#breadcrumb"},"inLanguage":"ro-RO","potentialAction":[{"@type":"ReadAction","target":["https:\/\/sodablastsystems-europe.com\/ro\/inainte-si-dupa-efecte\/"]}]},{"@type":"BreadcrumbList","@id":"https:\/\/sodablastsystems-europe.com\/ro\/inainte-si-dupa-efecte\/#breadcrumb","itemListElement":[{"@type":"ListItem","position":1,"name":"Strona g\u0142\u00f3wna","item":"https:\/\/sodablastsystems-europe.com\/ro\/"},{"@type":"ListItem","position":2,"name":"\u00cenainte \u0219i dup\u0103 efecte"}]},{"@type":"WebSite","@id":"https:\/\/sodablastsystems-europe.com\/ro\/#website","url":"https:\/\/sodablastsystems-europe.com\/ro\/","name":"SodaBlast Systems Europe","description":"SodaBlasting Machines from USA. Innovative Technology For Your Business.","publisher":{"@id":"https:\/\/sodablastsystems-europe.com\/ro\/#organization"},"potentialAction":[{"@type":"SearchAction","target":{"@type":"EntryPoint","urlTemplate":"https:\/\/sodablastsystems-europe.com\/ro\/?s={search_term_string}"},"query-input":"required name=search_term_string"}],"inLanguage":"ro-RO"},{"@type":"Organization","@id":"https:\/\/sodablastsystems-europe.com\/ro\/#organization","name":"SodaBlast Systems Europe","url":"https:\/\/sodablastsystems-europe.com\/ro\/","logo":{"@type":"ImageObject","inLanguage":"ro-RO","@id":"https:\/\/sodablastsystems-europe.com\/ro\/#\/schema\/logo\/image\/","url":"https:\/\/sodablastsystems-europe.com\/wp-content\/uploads\/2023\/08\/logo-sodablastsystems-usa-1.png","contentUrl":"https:\/\/sodablastsystems-europe.com\/wp-content\/uploads\/2023\/08\/logo-sodablastsystems-usa-1.png","width":200,"height":200,"caption":"SodaBlast Systems Europe"},"image":{"@id":"https:\/\/sodablastsystems-europe.com\/ro\/#\/schema\/logo\/image\/"},"sameAs":["https:\/\/www.facebook.com\/sodablastsystems\/","https:\/\/www.tiktok.com\/@sodablast.systems","https:\/\/www.instagram.com\/sodablastsystems_europe\/","https:\/\/www.youtube.com\/@Sodablastsystems"]}]}},"_links":{"self":[{"href":"https:\/\/sodablastsystems-europe.com\/ro\/wp-json\/wp\/v2\/pages\/1352","targetHints":{"allow":["GET"]}}],"collection":[{"href":"https:\/\/sodablastsystems-europe.com\/ro\/wp-json\/wp\/v2\/pages"}],"about":[{"href":"https:\/\/sodablastsystems-europe.com\/ro\/wp-json\/wp\/v2\/types\/page"}],"author":[{"embeddable":true,"href":"https:\/\/sodablastsystems-europe.com\/ro\/wp-json\/wp\/v2\/users\/1"}],"replies":[{"embeddable":true,"href":"https:\/\/sodablastsystems-europe.com\/ro\/wp-json\/wp\/v2\/comments?post=1352"}],"version-history":[{"count":1,"href":"https:\/\/sodablastsystems-europe.com\/ro\/wp-json\/wp\/v2\/pages\/1352\/revisions"}],"predecessor-version":[{"id":1356,"href":"https:\/\/sodablastsystems-europe.com\/ro\/wp-json\/wp\/v2\/pages\/1352\/revisions\/1356"}],"wp:attachment":[{"href":"https:\/\/sodablastsystems-europe.com\/ro\/wp-json\/wp\/v2\/media?parent=1352"}],"curies":[{"name":"wp","href":"https:\/\/api.w.org\/{rel}","templated":true}]}}