{"id":1328,"date":"2023-08-27T08:06:52","date_gmt":"2023-08-27T08:06:52","guid":{"rendered":"https:\/\/sodablastsystems-europe.com\/contactati\/"},"modified":"2026-01-08T10:19:18","modified_gmt":"2026-01-08T10:19:18","slug":"contactati","status":"publish","type":"page","link":"https:\/\/sodablastsystems-europe.com\/ro\/contactati\/","title":{"rendered":"Contacta\u021bi-ne"},"content":{"rendered":"<h1 class=\"wp-block-heading\" id=\"h-contact\">Contacta\u021bi<\/h1>\n\n<h2 class=\"wp-block-heading has-x-large-font-size\" id=\"h-sodablast-systems-europe\"><strong>SodaBlast Systems Europe<\/strong><\/h2>\n\n<p>Distribuitor exclusiv al produc\u0103torului.<\/p>\n\n<figure class=\"wp-block-gallery has-nested-images columns-default is-cropped wp-block-gallery-1 is-layout-flex wp-block-gallery-is-layout-flex\">\n<figure class=\"wp-block-image size-large\"><img decoding=\"async\" width=\"1024\" height=\"927\" data-id=\"445\" src=\"https:\/\/sodablastsystems-europe.com\/wp-content\/uploads\/2023\/09\/IMG_1163-1024x927.jpg\" alt=\"Maszyna do sodowania ze swoim w&#x142;a&#x15B;cicielem\" class=\"wp-image-445\" srcset=\"https:\/\/sodablastsystems-europe.com\/wp-content\/uploads\/2023\/09\/IMG_1163-1024x927.jpg 1024w,  https:\/\/sodablastsystems-europe.com\/wp-content\/uploads\/2023\/09\/IMG_1163-300x272.jpg 300w,  https:\/\/sodablastsystems-europe.com\/wp-content\/uploads\/2023\/09\/IMG_1163-768x695.jpg 768w,  https:\/\/sodablastsystems-europe.com\/wp-content\/uploads\/2023\/09\/IMG_1163-1536x1390.jpg 1536w,  https:\/\/sodablastsystems-europe.com\/wp-content\/uploads\/2023\/09\/IMG_1163-2048x1854.jpg 2048w\" sizes=\"(max-width: 1024px) 100vw, 1024px\" \/><\/figure>\n\n\n\n<figure class=\"wp-block-image size-large\"><img decoding=\"async\" width=\"1024\" height=\"768\" data-id=\"449\" src=\"https:\/\/sodablastsystems-europe.com\/wp-content\/uploads\/2023\/09\/IMG_8765_Original-1024x768.jpg\" alt=\"Maszyna do sodowania ze swoim w&#x142;a&#x15B;cicielem\" class=\"wp-image-449\" srcset=\"https:\/\/sodablastsystems-europe.com\/wp-content\/uploads\/2023\/09\/IMG_8765_Original-1024x768.jpg 1024w,  https:\/\/sodablastsystems-europe.com\/wp-content\/uploads\/2023\/09\/IMG_8765_Original-300x225.jpg 300w,  https:\/\/sodablastsystems-europe.com\/wp-content\/uploads\/2023\/09\/IMG_8765_Original-768x576.jpg 768w,  https:\/\/sodablastsystems-europe.com\/wp-content\/uploads\/2023\/09\/IMG_8765_Original-1536x1152.jpg 1536w,  https:\/\/sodablastsystems-europe.com\/wp-content\/uploads\/2023\/09\/IMG_8765_Original-2048x1536.jpg 2048w\" sizes=\"(max-width: 1024px) 100vw, 1024px\" \/><\/figure>\n\n\n\n<figure class=\"wp-block-image size-large\"><img decoding=\"async\" width=\"1024\" height=\"664\" data-id=\"442\" src=\"https:\/\/sodablastsystems-europe.com\/wp-content\/uploads\/2023\/09\/97BEDAC4-E1E2-4B47-8E6F-AE3210FB5928_Original-1024x664.jpg\" alt=\"Maszyna do sodowania ze swoim w&#x142;a&#x15B;cicielem\" class=\"wp-image-442\" srcset=\"https:\/\/sodablastsystems-europe.com\/wp-content\/uploads\/2023\/09\/97BEDAC4-E1E2-4B47-8E6F-AE3210FB5928_Original-1024x664.jpg 1024w,  https:\/\/sodablastsystems-europe.com\/wp-content\/uploads\/2023\/09\/97BEDAC4-E1E2-4B47-8E6F-AE3210FB5928_Original-300x194.jpg 300w,  https:\/\/sodablastsystems-europe.com\/wp-content\/uploads\/2023\/09\/97BEDAC4-E1E2-4B47-8E6F-AE3210FB5928_Original-768x498.jpg 768w,  https:\/\/sodablastsystems-europe.com\/wp-content\/uploads\/2023\/09\/97BEDAC4-E1E2-4B47-8E6F-AE3210FB5928_Original-1536x996.jpg 1536w,  https:\/\/sodablastsystems-europe.com\/wp-content\/uploads\/2023\/09\/97BEDAC4-E1E2-4B47-8E6F-AE3210FB5928_Original.jpg 2016w\" sizes=\"(max-width: 1024px) 100vw, 1024px\" \/><\/figure>\n\n\n\n<figure class=\"wp-block-image size-large\"><img decoding=\"async\" width=\"1024\" height=\"576\" data-id=\"444\" src=\"https:\/\/sodablastsystems-europe.com\/wp-content\/uploads\/2023\/09\/ef9fc96e-c72e-48aa-b96d-57eb6852e01e.jpg\" alt=\"Maszyna do sodowania ze swoim w&#x142;a&#x15B;cicielem\" class=\"wp-image-444\" srcset=\"https:\/\/sodablastsystems-europe.com\/wp-content\/uploads\/2023\/09\/ef9fc96e-c72e-48aa-b96d-57eb6852e01e.jpg 1024w,  https:\/\/sodablastsystems-europe.com\/wp-content\/uploads\/2023\/09\/ef9fc96e-c72e-48aa-b96d-57eb6852e01e-300x169.jpg 300w,  https:\/\/sodablastsystems-europe.com\/wp-content\/uploads\/2023\/09\/ef9fc96e-c72e-48aa-b96d-57eb6852e01e-768x432.jpg 768w\" sizes=\"(max-width: 1024px) 100vw, 1024px\" \/><\/figure>\n\n\n\n<figure class=\"wp-block-image size-large\"><img decoding=\"async\" width=\"1024\" height=\"768\" data-id=\"441\" src=\"https:\/\/sodablastsystems-europe.com\/wp-content\/uploads\/2023\/09\/83dbe4c7-d15c-4852-831a-3b081bc9f53d-1024x768.jpg\" alt=\"Maszyna do sodowania ze swoim w&#x142;a&#x15B;cicielem\" class=\"wp-image-441\" srcset=\"https:\/\/sodablastsystems-europe.com\/wp-content\/uploads\/2023\/09\/83dbe4c7-d15c-4852-831a-3b081bc9f53d-1024x768.jpg 1024w,  https:\/\/sodablastsystems-europe.com\/wp-content\/uploads\/2023\/09\/83dbe4c7-d15c-4852-831a-3b081bc9f53d-300x225.jpg 300w,  https:\/\/sodablastsystems-europe.com\/wp-content\/uploads\/2023\/09\/83dbe4c7-d15c-4852-831a-3b081bc9f53d-768x576.jpg 768w,  https:\/\/sodablastsystems-europe.com\/wp-content\/uploads\/2023\/09\/83dbe4c7-d15c-4852-831a-3b081bc9f53d-1536x1152.jpg 1536w,  https:\/\/sodablastsystems-europe.com\/wp-content\/uploads\/2023\/09\/83dbe4c7-d15c-4852-831a-3b081bc9f53d.jpg 1600w\" sizes=\"(max-width: 1024px) 100vw, 1024px\" \/><\/figure>\n<\/figure>\n\n<p><strong>Showroom de v\u00e2nz\u0103ri:<\/strong><br\/>Konstantynowska 34<br\/>Sala num\u0103rul 3<br\/>94-303 \u0141\u00f3d\u017a, Polonia<\/p>\n\n<p><strong>Suna\u021bi-ne:<\/strong><\/p>\n\n<p><strong>Comenzi<\/strong> tel. <a href=\"tel:+48696461448\">+48 696461448<\/a> (englez\u0103)<br\/><strong>Informa\u021bii tehnologice<\/strong> tel. <a href=\"tel:+48422031530\">+48 422031530<\/a> (englez\u0103)<br\/><strong>Regiunea Africa<\/strong> tel. <a href=\"callto:+48576973043\">+48 576973043<\/a> (numai \u00een limba englez\u0103)<\/p>\n\n<p><a data-type=\"link\" data-id=\"https:\/\/wa.me\/+48696461448\" href=\"https:\/\/wa.me\/+48696461448\" target=\"_blank\" rel=\"noreferrer noopener\"><img decoding=\"async\" width=\"150\" height=\"55\" class=\"wp-image-271\" style=\"width: 150px;\" src=\"https:\/\/sodablastsystems-europe.com\/wp-content\/uploads\/2023\/08\/Whatsapp_logo.svg_.png\" alt=\"\" srcset=\"https:\/\/sodablastsystems-europe.com\/wp-content\/uploads\/2023\/08\/Whatsapp_logo.svg_.png 1200w,  https:\/\/sodablastsystems-europe.com\/wp-content\/uploads\/2023\/08\/Whatsapp_logo.svg_-300x109.png 300w,  https:\/\/sodablastsystems-europe.com\/wp-content\/uploads\/2023\/08\/Whatsapp_logo.svg_-1024x372.png 1024w,  https:\/\/sodablastsystems-europe.com\/wp-content\/uploads\/2023\/08\/Whatsapp_logo.svg_-768x279.png 768w\" sizes=\"(max-width: 150px) 100vw, 150px\" \/><\/a><br\/><a data-type=\"link\" data-id=\"https:\/\/wa.me\/+48696461448\" href=\"https:\/\/wa.me\/+48696461448\" target=\"_blank\" rel=\"noreferrer noopener\">+48696461448<\/a> (englez\u0103 \u0219i polonez\u0103)<\/p>\n\n<p><strong>Orele de lucru:<\/strong><br\/>de luni p\u00e2n\u0103 vineri de la 10:00 la 18:00<\/p>\n\n<p><strong>Link c\u0103tre loca\u021bia de pe Google Maps:<\/strong><br\/><a href=\"https:\/\/goo.gl\/maps\/WfFQNiXEVfjD6boc9\" target=\"_blank\" rel=\"noreferrer noopener\">https:\/\/goo.gl\/maps\/WfFQNiXEVfjD6boc9<\/a><\/p>\n\n<p align=\"center\">\n<iframe src=\"https:\/\/www.google.com\/maps\/embed?pb=!1m18!1m12!1m3!1d2678572.457235805!2d17.032420048341304!3d51.71560253239082!2m3!1f0!2f0!3f0!3m2!1i1024!2i768!4f13.1!3m3!1m2!1s0x47198d68b8cf966d%3A0x93b408ee101a45cd!2sSodaBlast%20Systems%20Polska!5e0!3m2!1spl!2spl!4v1692879213420!5m2!1spl!2spl\" width=\"100%\" height=\"450\" style=\"border:0;\" allowfullscreen=\"\" loading=\"lazy\" referrerpolicy=\"no-referrer-when-downgrade\"><\/iframe>\n<\/p>\n\n<p><\/p>\n\n<figure class=\"wp-block-image size-full\"><img decoding=\"async\" width=\"819\" height=\"1024\" src=\"https:\/\/sodablastsystems-europe.com\/wp-content\/uploads\/2023\/09\/sodablastsystems-sb500trailer-graffiti.jpeg\" alt=\"Maszyna do sodowania prezentacja\" class=\"wp-image-600\" srcset=\"https:\/\/sodablastsystems-europe.com\/wp-content\/uploads\/2023\/09\/sodablastsystems-sb500trailer-graffiti.jpeg 819w,  https:\/\/sodablastsystems-europe.com\/wp-content\/uploads\/2023\/09\/sodablastsystems-sb500trailer-graffiti-240x300.jpeg 240w,  https:\/\/sodablastsystems-europe.com\/wp-content\/uploads\/2023\/09\/sodablastsystems-sb500trailer-graffiti-768x960.jpeg 768w\" sizes=\"(max-width: 819px) 100vw, 819px\" \/><\/figure>","protected":false},"excerpt":{"rendered":"<p>Contacta\u021bi SodaBlast Systems Europe Distribuitor exclusiv al produc\u0103torului. Showroom de v\u00e2nz\u0103ri:Konstantynowska 34Sala num\u0103rul 394-303 \u0141\u00f3d\u017a, Polonia Suna\u021bi-ne: Comenzi tel. +48 696461448 (englez\u0103)Informa\u021bii tehnologice tel. +48 422031530 (englez\u0103)Regiunea Africa tel. +48 576973043 (numai \u00een limba englez\u0103) +48696461448 (englez\u0103 \u0219i polonez\u0103) Orele de lucru:de luni p\u00e2n\u0103 vineri de la 10:00 la 18:00 Link c\u0103tre loca\u021bia de pe [&hellip;]<\/p>","protected":false},"author":1,"featured_media":0,"parent":0,"menu_order":0,"comment_status":"closed","ping_status":"closed","template":"strona-bez-tytu-u","meta":{"footnotes":""},"class_list":["post-1328","page","type-page","status-publish","hentry"],"yoast_head":"<!-- This site is optimized with the Yoast SEO Premium plugin v21.5 (Yoast SEO v21.5) - https:\/\/yoast.com\/wordpress\/plugins\/seo\/ -->\n<title>Contacta\u021bi SodaBlast Systems pentru echipamente de sablare cu sod\u0103<\/title>\n<meta name=\"description\" content=\"Lua\u021bi leg\u0103tura cu SodaBlast Systems Europe pentru \u00eentreb\u0103ri, asisten\u021b\u0103 \u0219i informa\u021bii privind echipamentele \u0219i serviciile de sablare cu sod\u0103. Suntem aici pentru a v\u0103 ajuta cu nevoile dvs. de cur\u0103\u021bare a suprafe\u021belor\" \/>\n<meta name=\"robots\" content=\"index, follow, max-snippet:-1, max-image-preview:large, max-video-preview:-1\" \/>\n<link rel=\"canonical\" href=\"https:\/\/sodablastsystems-europe.com\/ro\/contactati\/\" \/>\n<meta property=\"og:locale\" content=\"ro_RO\" \/>\n<meta property=\"og:type\" content=\"article\" \/>\n<meta property=\"og:title\" content=\"Contacta\u021bi-ne\" \/>\n<meta property=\"og:description\" content=\"Lua\u021bi leg\u0103tura cu SodaBlast Systems Europe pentru \u00eentreb\u0103ri, asisten\u021b\u0103 \u0219i informa\u021bii privind echipamentele \u0219i serviciile de sablare cu sod\u0103. Suntem aici pentru a v\u0103 ajuta cu nevoile dvs. de cur\u0103\u021bare a suprafe\u021belor\" \/>\n<meta property=\"og:url\" content=\"https:\/\/sodablastsystems-europe.com\/ro\/contactati\/\" \/>\n<meta property=\"og:site_name\" content=\"SodaBlast Systems\" \/>\n<meta property=\"article:publisher\" content=\"https:\/\/www.facebook.com\/sodablastsystems\/\" \/>\n<meta property=\"article:modified_time\" content=\"2026-01-08T10:19:18+00:00\" \/>\n<meta property=\"og:image\" content=\"https:\/\/sodablastsystems-europe.com\/wp-content\/uploads\/2023\/09\/IMG_1163-1024x927.jpg\" \/>\n<meta name=\"twitter:card\" content=\"summary_large_image\" \/>\n<script type=\"application\/ld+json\" class=\"yoast-schema-graph\">{\"@context\":\"https:\/\/schema.org\",\"@graph\":[{\"@type\":\"WebPage\",\"@id\":\"https:\/\/sodablastsystems-europe.com\/ro\/contactati\/\",\"url\":\"https:\/\/sodablastsystems-europe.com\/ro\/contactati\/\",\"name\":\"Contacta\u021bi SodaBlast Systems pentru echipamente de sablare cu sod\u0103\",\"isPartOf\":{\"@id\":\"https:\/\/sodablastsystems-europe.com\/ro\/#website\"},\"datePublished\":\"2023-08-27T08:06:52+00:00\",\"dateModified\":\"2026-01-08T10:19:18+00:00\",\"description\":\"Lua\u021bi leg\u0103tura cu SodaBlast Systems Europe pentru \u00eentreb\u0103ri, asisten\u021b\u0103 \u0219i informa\u021bii privind echipamentele \u0219i serviciile de sablare cu sod\u0103. Suntem aici pentru a v\u0103 ajuta cu nevoile dvs. de cur\u0103\u021bare a suprafe\u021belor\",\"breadcrumb\":{\"@id\":\"https:\/\/sodablastsystems-europe.com\/ro\/contactati\/#breadcrumb\"},\"inLanguage\":\"ro-RO\",\"potentialAction\":[{\"@type\":\"ReadAction\",\"target\":[\"https:\/\/sodablastsystems-europe.com\/ro\/contactati\/\"]}]},{\"@type\":\"BreadcrumbList\",\"@id\":\"https:\/\/sodablastsystems-europe.com\/ro\/contactati\/#breadcrumb\",\"itemListElement\":[{\"@type\":\"ListItem\",\"position\":1,\"name\":\"Strona g\u0142\u00f3wna\",\"item\":\"https:\/\/sodablastsystems-europe.com\/ro\/\"},{\"@type\":\"ListItem\",\"position\":2,\"name\":\"Contacta\u021bi-ne\"}]},{\"@type\":\"WebSite\",\"@id\":\"https:\/\/sodablastsystems-europe.com\/ro\/#website\",\"url\":\"https:\/\/sodablastsystems-europe.com\/ro\/\",\"name\":\"SodaBlast Systems Europe\",\"description\":\"SodaBlasting Machines from USA. Innovative Technology For Your Business.\",\"publisher\":{\"@id\":\"https:\/\/sodablastsystems-europe.com\/ro\/#organization\"},\"potentialAction\":[{\"@type\":\"SearchAction\",\"target\":{\"@type\":\"EntryPoint\",\"urlTemplate\":\"https:\/\/sodablastsystems-europe.com\/ro\/?s={search_term_string}\"},\"query-input\":\"required name=search_term_string\"}],\"inLanguage\":\"ro-RO\"},{\"@type\":\"Organization\",\"@id\":\"https:\/\/sodablastsystems-europe.com\/ro\/#organization\",\"name\":\"SodaBlast Systems Europe\",\"url\":\"https:\/\/sodablastsystems-europe.com\/ro\/\",\"logo\":{\"@type\":\"ImageObject\",\"inLanguage\":\"ro-RO\",\"@id\":\"https:\/\/sodablastsystems-europe.com\/ro\/#\/schema\/logo\/image\/\",\"url\":\"https:\/\/sodablastsystems-europe.com\/wp-content\/uploads\/2023\/08\/logo-sodablastsystems-usa-1.png\",\"contentUrl\":\"https:\/\/sodablastsystems-europe.com\/wp-content\/uploads\/2023\/08\/logo-sodablastsystems-usa-1.png\",\"width\":200,\"height\":200,\"caption\":\"SodaBlast Systems Europe\"},\"image\":{\"@id\":\"https:\/\/sodablastsystems-europe.com\/ro\/#\/schema\/logo\/image\/\"},\"sameAs\":[\"https:\/\/www.facebook.com\/sodablastsystems\/\",\"https:\/\/www.tiktok.com\/@sodablast.systems\",\"https:\/\/www.instagram.com\/sodablastsystems_europe\/\",\"https:\/\/www.youtube.com\/@Sodablastsystems\"]}]}<\/script>\n<!-- \/ Yoast SEO Premium plugin. -->","yoast_head_json":{"title":"Contacta\u021bi SodaBlast Systems pentru echipamente de sablare cu sod\u0103","description":"Lua\u021bi leg\u0103tura cu SodaBlast Systems Europe pentru \u00eentreb\u0103ri, asisten\u021b\u0103 \u0219i informa\u021bii privind echipamentele \u0219i serviciile de sablare cu sod\u0103. Suntem aici pentru a v\u0103 ajuta cu nevoile dvs. de cur\u0103\u021bare a suprafe\u021belor","robots":{"index":"index","follow":"follow","max-snippet":"max-snippet:-1","max-image-preview":"max-image-preview:large","max-video-preview":"max-video-preview:-1"},"canonical":"https:\/\/sodablastsystems-europe.com\/ro\/contactati\/","og_locale":"ro_RO","og_type":"article","og_title":"Contacta\u021bi-ne","og_description":"Lua\u021bi leg\u0103tura cu SodaBlast Systems Europe pentru \u00eentreb\u0103ri, asisten\u021b\u0103 \u0219i informa\u021bii privind echipamentele \u0219i serviciile de sablare cu sod\u0103. Suntem aici pentru a v\u0103 ajuta cu nevoile dvs. de cur\u0103\u021bare a suprafe\u021belor","og_url":"https:\/\/sodablastsystems-europe.com\/ro\/contactati\/","og_site_name":"SodaBlast Systems","article_publisher":"https:\/\/www.facebook.com\/sodablastsystems\/","article_modified_time":"2026-01-08T10:19:18+00:00","og_image":[{"url":"https:\/\/sodablastsystems-europe.com\/wp-content\/uploads\/2023\/09\/IMG_1163-1024x927.jpg"}],"twitter_card":"summary_large_image","schema":{"@context":"https:\/\/schema.org","@graph":[{"@type":"WebPage","@id":"https:\/\/sodablastsystems-europe.com\/ro\/contactati\/","url":"https:\/\/sodablastsystems-europe.com\/ro\/contactati\/","name":"Contacta\u021bi SodaBlast Systems pentru echipamente de sablare cu sod\u0103","isPartOf":{"@id":"https:\/\/sodablastsystems-europe.com\/ro\/#website"},"datePublished":"2023-08-27T08:06:52+00:00","dateModified":"2026-01-08T10:19:18+00:00","description":"Lua\u021bi leg\u0103tura cu SodaBlast Systems Europe pentru \u00eentreb\u0103ri, asisten\u021b\u0103 \u0219i informa\u021bii privind echipamentele \u0219i serviciile de sablare cu sod\u0103. Suntem aici pentru a v\u0103 ajuta cu nevoile dvs. de cur\u0103\u021bare a suprafe\u021belor","breadcrumb":{"@id":"https:\/\/sodablastsystems-europe.com\/ro\/contactati\/#breadcrumb"},"inLanguage":"ro-RO","potentialAction":[{"@type":"ReadAction","target":["https:\/\/sodablastsystems-europe.com\/ro\/contactati\/"]}]},{"@type":"BreadcrumbList","@id":"https:\/\/sodablastsystems-europe.com\/ro\/contactati\/#breadcrumb","itemListElement":[{"@type":"ListItem","position":1,"name":"Strona g\u0142\u00f3wna","item":"https:\/\/sodablastsystems-europe.com\/ro\/"},{"@type":"ListItem","position":2,"name":"Contacta\u021bi-ne"}]},{"@type":"WebSite","@id":"https:\/\/sodablastsystems-europe.com\/ro\/#website","url":"https:\/\/sodablastsystems-europe.com\/ro\/","name":"SodaBlast Systems Europe","description":"SodaBlasting Machines from USA. Innovative Technology For Your Business.","publisher":{"@id":"https:\/\/sodablastsystems-europe.com\/ro\/#organization"},"potentialAction":[{"@type":"SearchAction","target":{"@type":"EntryPoint","urlTemplate":"https:\/\/sodablastsystems-europe.com\/ro\/?s={search_term_string}"},"query-input":"required name=search_term_string"}],"inLanguage":"ro-RO"},{"@type":"Organization","@id":"https:\/\/sodablastsystems-europe.com\/ro\/#organization","name":"SodaBlast Systems Europe","url":"https:\/\/sodablastsystems-europe.com\/ro\/","logo":{"@type":"ImageObject","inLanguage":"ro-RO","@id":"https:\/\/sodablastsystems-europe.com\/ro\/#\/schema\/logo\/image\/","url":"https:\/\/sodablastsystems-europe.com\/wp-content\/uploads\/2023\/08\/logo-sodablastsystems-usa-1.png","contentUrl":"https:\/\/sodablastsystems-europe.com\/wp-content\/uploads\/2023\/08\/logo-sodablastsystems-usa-1.png","width":200,"height":200,"caption":"SodaBlast Systems Europe"},"image":{"@id":"https:\/\/sodablastsystems-europe.com\/ro\/#\/schema\/logo\/image\/"},"sameAs":["https:\/\/www.facebook.com\/sodablastsystems\/","https:\/\/www.tiktok.com\/@sodablast.systems","https:\/\/www.instagram.com\/sodablastsystems_europe\/","https:\/\/www.youtube.com\/@Sodablastsystems"]}]}},"_links":{"self":[{"href":"https:\/\/sodablastsystems-europe.com\/ro\/wp-json\/wp\/v2\/pages\/1328","targetHints":{"allow":["GET"]}}],"collection":[{"href":"https:\/\/sodablastsystems-europe.com\/ro\/wp-json\/wp\/v2\/pages"}],"about":[{"href":"https:\/\/sodablastsystems-europe.com\/ro\/wp-json\/wp\/v2\/types\/page"}],"author":[{"embeddable":true,"href":"https:\/\/sodablastsystems-europe.com\/ro\/wp-json\/wp\/v2\/users\/1"}],"replies":[{"embeddable":true,"href":"https:\/\/sodablastsystems-europe.com\/ro\/wp-json\/wp\/v2\/comments?post=1328"}],"version-history":[{"count":5,"href":"https:\/\/sodablastsystems-europe.com\/ro\/wp-json\/wp\/v2\/pages\/1328\/revisions"}],"predecessor-version":[{"id":6573,"href":"https:\/\/sodablastsystems-europe.com\/ro\/wp-json\/wp\/v2\/pages\/1328\/revisions\/6573"}],"wp:attachment":[{"href":"https:\/\/sodablastsystems-europe.com\/ro\/wp-json\/wp\/v2\/media?parent=1328"}],"curies":[{"name":"wp","href":"https:\/\/api.w.org\/{rel}","templated":true}]}}