{"id":6116,"date":"2025-02-17T14:24:04","date_gmt":"2025-02-17T14:24:04","guid":{"rendered":"https:\/\/sodablastsystems-europe.com\/spesifikasjon-av-sb-500-trailer-med-dpf\/"},"modified":"2025-02-17T14:26:09","modified_gmt":"2025-02-17T14:26:09","slug":"spesifikasjon-av-sb-500-trailer-med-dpf","status":"publish","type":"page","link":"https:\/\/sodablastsystems-europe.com\/no\/spesifikasjon-av-sb-500-trailer-med-dpf\/","title":{"rendered":"Spesifikasjon av &laquo;SB-500 Trailer&raquo; med DPF"},"content":{"rendered":"<p><strong>Komplett, transportabelt trekomponentsett som er klart til bruk:<\/strong><\/p>\n\n<p><strong>SodaBlaster sprengningsseksjon:<\/strong><\/p>\n\n<ul class=\"wp-block-list\">\n<li>SB-500 sprengtank<\/li>\n\n\n\n<li>1 sekunds selvforseglende beholderluke<\/li>\n\n\n\n<li>Lufttrykkregulator<\/li>\n\n\n\n<li>Regulator for slipemiddelmengde<\/li>\n\n\n\n<li>Elektrisk fjernkontroll med 15 m kabel<\/li>\n\n\n\n<li>Renlufttilkobling for valgfritt verkt\u00f8y<\/li>\n\n\n\n<li>340o roterende bl\u00e5seslangeutl\u00f8p<\/li>\n\n\n\n<li>Lyddemper for luftutbl\u00e5sing fra bl\u00e5setank<\/li>\n<\/ul>\n\n<p><strong>Blaster kj\u00f8lesystem:<\/strong><\/p>\n\n<ul class=\"wp-block-list\">\n<li>MT-3 Selvforsynt luftt\u00f8rker<\/li>\n\n\n\n<li>CF-125 Cyclone luftfilter<\/li>\n\n\n\n<li>10 bar trykk-kj\u00f8ler<\/li>\n\n\n\n<li>Vifte med h\u00f8y hastighet<\/li>\n<\/ul>\n\n<p><strong>Skrueluftkompressor:<\/strong><\/p>\n\n<ul class=\"wp-block-list\">\n<li>Kubota firesylindret turbomotor med turbolader<\/li>\n\n\n\n<li>33 kW motoreffekt<\/li>\n\n\n\n<li>1 498 liter motorkapasitet<\/li>\n\n\n\n<li>12 V elektrisk installasjon<\/li>\n\n\n\n<li>45 liters drivstofftank<\/li>\n\n\n\n<li>LCD-skjerm<\/li>\n\n\n\n<li>STOP n\u00f8dbryter<\/li>\n\n\n\n<li>Innvendig lydisolert kompressorhus<\/li>\n\n\n\n<li>Korrosjonsbeskyttelse for C3-milj\u00f8er med h\u00f8y luftfuktighet<\/li>\n\n\n\n<li>Lyddemper for kompressorens luftutbl\u00e5sning<\/li>\n\n\n\n<li>I samsvar med EU STAGE V-standarden for forbrenningsmotorer<\/li>\n\n\n\n<li>I samsvar med st\u00f8yutslippsstandard 2000\/14\/EF<\/li>\n<\/ul>\n\n<p><strong>Road chassis:<\/strong><\/p>\n\n<ul class=\"wp-block-list\">\n<li>Europeisk godkjenning av spesialtilhenger<\/li>\n\n\n\n<li>CNC-produsert konstruksjon<\/li>\n\n\n\n<li>AL-KO chassis-komponenter<\/li>\n\n\n\n<li>2 aksler = 4 hjul, M+S 13C-dekk<\/li>\n\n\n\n<li>P\u00e5l\u00f8ps-, n\u00f8d- og parkeringsbrems<\/li>\n\n\n\n<li>Kulefeste for tilhengerfeste med kobling og slitasjeindikator<\/li>\n\n\n\n<li>4 justerbare nivelleringsst\u00f8tter for chassiset<\/li>\n\n\n\n<li>Reservehjul i full st\u00f8rrelse<\/li>\n\n\n\n<li>13-polet elektrisk installasjon for veibelysning<\/li>\n<\/ul>\n\n<p><strong>Inkludert tilbeh\u00f8r &#8211; grunnpakke:<\/strong><\/p>\n\n<ul class=\"wp-block-list\">\n<li>HV-5 rund dyse (8 mm)<\/li>\n\n\n\n<li>Vannadapter for dyse<\/li>\n\n\n\n<li>Trakt for p\u00e5fylling av slipemiddel<\/li>\n\n\n\n<li>15 m kontrollkabel<\/li>\n\n\n\n<li>15m vannslange<\/li>\n\n\n\n<li>Bl\u00e5seslange 15 m<\/li>\n<\/ul>","protected":false},"excerpt":{"rendered":"<p>Komplett, transportabelt trekomponentsett som er klart til bruk: SodaBlaster sprengningsseksjon: Blaster kj\u00f8lesystem: Skrueluftkompressor: Road chassis: Inkludert tilbeh\u00f8r &#8211; grunnpakke:<\/p>","protected":false},"author":1,"featured_media":0,"parent":0,"menu_order":0,"comment_status":"closed","ping_status":"closed","template":"","meta":{"footnotes":""},"class_list":["post-6116","page","type-page","status-publish","hentry"],"yoast_head":"<!-- This site is optimized with the Yoast SEO Premium plugin v21.5 (Yoast SEO v21.5) - https:\/\/yoast.com\/wordpress\/plugins\/seo\/ -->\n<title>Spesifikasjon av &quot;SB-500 Trailer&quot; med DPF - SodaBlast Systems<\/title>\n<meta name=\"robots\" content=\"index, follow, max-snippet:-1, max-image-preview:large, max-video-preview:-1\" \/>\n<link rel=\"canonical\" href=\"https:\/\/sodablastsystems-europe.com\/no\/spesifikasjon-av-sb-500-trailer-med-dpf\/\" \/>\n<meta property=\"og:locale\" content=\"nb_NO\" \/>\n<meta property=\"og:type\" content=\"article\" \/>\n<meta property=\"og:title\" content=\"Spesifikasjon av &quot;SB-500 Trailer&quot; med DPF\" \/>\n<meta property=\"og:description\" content=\"Komplett, transportabelt trekomponentsett som er klart til bruk: SodaBlaster sprengningsseksjon: Blaster kj\u00f8lesystem: Skrueluftkompressor: Road chassis: Inkludert tilbeh\u00f8r &#8211; grunnpakke:\" \/>\n<meta property=\"og:url\" content=\"https:\/\/sodablastsystems-europe.com\/no\/spesifikasjon-av-sb-500-trailer-med-dpf\/\" \/>\n<meta property=\"og:site_name\" content=\"SodaBlast Systems\" \/>\n<meta property=\"article:publisher\" content=\"https:\/\/www.facebook.com\/sodablastsystems\/\" \/>\n<meta property=\"article:modified_time\" content=\"2025-02-17T14:26:09+00:00\" \/>\n<meta property=\"og:image\" content=\"https:\/\/sodablastsystems-europe.com\/wp-content\/uploads\/2023\/08\/logo-sodablastsystems-usa-1.png\" \/>\n\t<meta property=\"og:image:width\" content=\"200\" \/>\n\t<meta property=\"og:image:height\" content=\"200\" \/>\n\t<meta property=\"og:image:type\" content=\"image\/png\" \/>\n<meta name=\"twitter:card\" content=\"summary_large_image\" \/>\n<meta name=\"twitter:label1\" content=\"Ansl. lesetid\" \/>\n\t<meta name=\"twitter:data1\" content=\"1 minutt\" \/>\n<script type=\"application\/ld+json\" class=\"yoast-schema-graph\">{\"@context\":\"https:\/\/schema.org\",\"@graph\":[{\"@type\":\"WebPage\",\"@id\":\"https:\/\/sodablastsystems-europe.com\/no\/spesifikasjon-av-sb-500-trailer-med-dpf\/\",\"url\":\"https:\/\/sodablastsystems-europe.com\/no\/spesifikasjon-av-sb-500-trailer-med-dpf\/\",\"name\":\"Spesifikasjon av \\\"SB-500 Trailer\\\" med DPF - SodaBlast Systems\",\"isPartOf\":{\"@id\":\"https:\/\/sodablastsystems-europe.com\/no\/#website\"},\"datePublished\":\"2025-02-17T14:24:04+00:00\",\"dateModified\":\"2025-02-17T14:26:09+00:00\",\"breadcrumb\":{\"@id\":\"https:\/\/sodablastsystems-europe.com\/no\/spesifikasjon-av-sb-500-trailer-med-dpf\/#breadcrumb\"},\"inLanguage\":\"nb-NO\",\"potentialAction\":[{\"@type\":\"ReadAction\",\"target\":[\"https:\/\/sodablastsystems-europe.com\/no\/spesifikasjon-av-sb-500-trailer-med-dpf\/\"]}]},{\"@type\":\"BreadcrumbList\",\"@id\":\"https:\/\/sodablastsystems-europe.com\/no\/spesifikasjon-av-sb-500-trailer-med-dpf\/#breadcrumb\",\"itemListElement\":[{\"@type\":\"ListItem\",\"position\":1,\"name\":\"Strona g\u0142\u00f3wna\",\"item\":\"https:\/\/sodablastsystems-europe.com\/no\/\"},{\"@type\":\"ListItem\",\"position\":2,\"name\":\"Spesifikasjon av &laquo;SB-500 Trailer&raquo; med DPF\"}]},{\"@type\":\"WebSite\",\"@id\":\"https:\/\/sodablastsystems-europe.com\/no\/#website\",\"url\":\"https:\/\/sodablastsystems-europe.com\/no\/\",\"name\":\"SodaBlast Systems Europe\",\"description\":\"SodaBlasting Machines from USA. Innovative Technology For Your Business.\",\"publisher\":{\"@id\":\"https:\/\/sodablastsystems-europe.com\/no\/#organization\"},\"potentialAction\":[{\"@type\":\"SearchAction\",\"target\":{\"@type\":\"EntryPoint\",\"urlTemplate\":\"https:\/\/sodablastsystems-europe.com\/no\/?s={search_term_string}\"},\"query-input\":\"required name=search_term_string\"}],\"inLanguage\":\"nb-NO\"},{\"@type\":\"Organization\",\"@id\":\"https:\/\/sodablastsystems-europe.com\/no\/#organization\",\"name\":\"SodaBlast Systems Europe\",\"url\":\"https:\/\/sodablastsystems-europe.com\/no\/\",\"logo\":{\"@type\":\"ImageObject\",\"inLanguage\":\"nb-NO\",\"@id\":\"https:\/\/sodablastsystems-europe.com\/no\/#\/schema\/logo\/image\/\",\"url\":\"https:\/\/sodablastsystems-europe.com\/wp-content\/uploads\/2023\/08\/logo-sodablastsystems-usa-1.png\",\"contentUrl\":\"https:\/\/sodablastsystems-europe.com\/wp-content\/uploads\/2023\/08\/logo-sodablastsystems-usa-1.png\",\"width\":200,\"height\":200,\"caption\":\"SodaBlast Systems Europe\"},\"image\":{\"@id\":\"https:\/\/sodablastsystems-europe.com\/no\/#\/schema\/logo\/image\/\"},\"sameAs\":[\"https:\/\/www.facebook.com\/sodablastsystems\/\",\"https:\/\/www.tiktok.com\/@sodablast.systems\",\"https:\/\/www.instagram.com\/sodablastsystems_europe\/\",\"https:\/\/www.youtube.com\/@Sodablastsystems\"]}]}<\/script>\n<!-- \/ Yoast SEO Premium plugin. -->","yoast_head_json":{"title":"Spesifikasjon av \"SB-500 Trailer\" med DPF - SodaBlast Systems","robots":{"index":"index","follow":"follow","max-snippet":"max-snippet:-1","max-image-preview":"max-image-preview:large","max-video-preview":"max-video-preview:-1"},"canonical":"https:\/\/sodablastsystems-europe.com\/no\/spesifikasjon-av-sb-500-trailer-med-dpf\/","og_locale":"nb_NO","og_type":"article","og_title":"Spesifikasjon av \"SB-500 Trailer\" med DPF","og_description":"Komplett, transportabelt trekomponentsett som er klart til bruk: SodaBlaster sprengningsseksjon: Blaster kj\u00f8lesystem: Skrueluftkompressor: Road chassis: Inkludert tilbeh\u00f8r &#8211; grunnpakke:","og_url":"https:\/\/sodablastsystems-europe.com\/no\/spesifikasjon-av-sb-500-trailer-med-dpf\/","og_site_name":"SodaBlast Systems","article_publisher":"https:\/\/www.facebook.com\/sodablastsystems\/","article_modified_time":"2025-02-17T14:26:09+00:00","og_image":[{"width":200,"height":200,"url":"https:\/\/sodablastsystems-europe.com\/wp-content\/uploads\/2023\/08\/logo-sodablastsystems-usa-1.png","type":"image\/png"}],"twitter_card":"summary_large_image","twitter_misc":{"Ansl. lesetid":"1 minutt"},"schema":{"@context":"https:\/\/schema.org","@graph":[{"@type":"WebPage","@id":"https:\/\/sodablastsystems-europe.com\/no\/spesifikasjon-av-sb-500-trailer-med-dpf\/","url":"https:\/\/sodablastsystems-europe.com\/no\/spesifikasjon-av-sb-500-trailer-med-dpf\/","name":"Spesifikasjon av \"SB-500 Trailer\" med DPF - SodaBlast Systems","isPartOf":{"@id":"https:\/\/sodablastsystems-europe.com\/no\/#website"},"datePublished":"2025-02-17T14:24:04+00:00","dateModified":"2025-02-17T14:26:09+00:00","breadcrumb":{"@id":"https:\/\/sodablastsystems-europe.com\/no\/spesifikasjon-av-sb-500-trailer-med-dpf\/#breadcrumb"},"inLanguage":"nb-NO","potentialAction":[{"@type":"ReadAction","target":["https:\/\/sodablastsystems-europe.com\/no\/spesifikasjon-av-sb-500-trailer-med-dpf\/"]}]},{"@type":"BreadcrumbList","@id":"https:\/\/sodablastsystems-europe.com\/no\/spesifikasjon-av-sb-500-trailer-med-dpf\/#breadcrumb","itemListElement":[{"@type":"ListItem","position":1,"name":"Strona g\u0142\u00f3wna","item":"https:\/\/sodablastsystems-europe.com\/no\/"},{"@type":"ListItem","position":2,"name":"Spesifikasjon av &laquo;SB-500 Trailer&raquo; med DPF"}]},{"@type":"WebSite","@id":"https:\/\/sodablastsystems-europe.com\/no\/#website","url":"https:\/\/sodablastsystems-europe.com\/no\/","name":"SodaBlast Systems Europe","description":"SodaBlasting Machines from USA. Innovative Technology For Your Business.","publisher":{"@id":"https:\/\/sodablastsystems-europe.com\/no\/#organization"},"potentialAction":[{"@type":"SearchAction","target":{"@type":"EntryPoint","urlTemplate":"https:\/\/sodablastsystems-europe.com\/no\/?s={search_term_string}"},"query-input":"required name=search_term_string"}],"inLanguage":"nb-NO"},{"@type":"Organization","@id":"https:\/\/sodablastsystems-europe.com\/no\/#organization","name":"SodaBlast Systems Europe","url":"https:\/\/sodablastsystems-europe.com\/no\/","logo":{"@type":"ImageObject","inLanguage":"nb-NO","@id":"https:\/\/sodablastsystems-europe.com\/no\/#\/schema\/logo\/image\/","url":"https:\/\/sodablastsystems-europe.com\/wp-content\/uploads\/2023\/08\/logo-sodablastsystems-usa-1.png","contentUrl":"https:\/\/sodablastsystems-europe.com\/wp-content\/uploads\/2023\/08\/logo-sodablastsystems-usa-1.png","width":200,"height":200,"caption":"SodaBlast Systems Europe"},"image":{"@id":"https:\/\/sodablastsystems-europe.com\/no\/#\/schema\/logo\/image\/"},"sameAs":["https:\/\/www.facebook.com\/sodablastsystems\/","https:\/\/www.tiktok.com\/@sodablast.systems","https:\/\/www.instagram.com\/sodablastsystems_europe\/","https:\/\/www.youtube.com\/@Sodablastsystems"]}]}},"_links":{"self":[{"href":"https:\/\/sodablastsystems-europe.com\/no\/wp-json\/wp\/v2\/pages\/6116","targetHints":{"allow":["GET"]}}],"collection":[{"href":"https:\/\/sodablastsystems-europe.com\/no\/wp-json\/wp\/v2\/pages"}],"about":[{"href":"https:\/\/sodablastsystems-europe.com\/no\/wp-json\/wp\/v2\/types\/page"}],"author":[{"embeddable":true,"href":"https:\/\/sodablastsystems-europe.com\/no\/wp-json\/wp\/v2\/users\/1"}],"replies":[{"embeddable":true,"href":"https:\/\/sodablastsystems-europe.com\/no\/wp-json\/wp\/v2\/comments?post=6116"}],"version-history":[{"count":1,"href":"https:\/\/sodablastsystems-europe.com\/no\/wp-json\/wp\/v2\/pages\/6116\/revisions"}],"predecessor-version":[{"id":6117,"href":"https:\/\/sodablastsystems-europe.com\/no\/wp-json\/wp\/v2\/pages\/6116\/revisions\/6117"}],"wp:attachment":[{"href":"https:\/\/sodablastsystems-europe.com\/no\/wp-json\/wp\/v2\/media?parent=6116"}],"curies":[{"name":"wp","href":"https:\/\/api.w.org\/{rel}","templated":true}]}}