{"id":2654,"date":"2023-08-27T08:07:29","date_gmt":"2023-08-27T08:07:29","guid":{"rendered":"https:\/\/sodablastsystems-europe.com\/30-minutters-rengjoringskompilering\/"},"modified":"2026-01-08T09:56:46","modified_gmt":"2026-01-08T09:56:46","slug":"30-minutters-rengjoringskompilering","status":"publish","type":"page","link":"https:\/\/sodablastsystems-europe.com\/no\/30-minutters-rengjoringskompilering\/","title":{"rendered":"Videoer"},"content":{"rendered":"<h1 class=\"wp-block-heading\" id=\"h-30-minute-cleaning-compilation\">30-minutters rengj\u00f8ringskompilering<\/h1>\n\n<h2 class=\"wp-block-heading has-large-font-size\" id=\"h-authentic-soda-blasting-effects-sodablast-users-in-action\">Autentiske brussprengningseffekter &#8211; SodaBlast-brukere i aksjon<\/h2>\n\n<p>Vi inviterer deg til \u00e5 se autentiske videoer sendt av v\u00e5re brukere fra hele Europa. Disse videoene demonstrerer ikke bare effektiviteten til SodaBlast Systems-maskiner, men viser ogs\u00e5 mangfoldet av bruksomr\u00e5der og levende brus-sprengningsteknikker. Se hvordan v\u00e5re kunder takler rengj\u00f8ringsutfordringer og de spektakul\u00e6re resultatene som kan oppn\u00e5s med v\u00e5re l\u00f8sninger. Hvert klipp er en ekte opplevelse og en sann transformasjon \u2013 renoverte overflater gjenvinner sin glans, og tilfredsstillelsen av en godt utf\u00f8rt jobb er tydelig synlig.<\/p>\n\n<p><strong>Klikk og se<\/strong> :<\/p>\n\n<lite-vimeo videoid=\"858282701\"><\/lite-vimeo>\n\n<p><\/p>","protected":false},"excerpt":{"rendered":"<p>30-minutters rengj\u00f8ringskompilering Autentiske brussprengningseffekter &#8211; SodaBlast-brukere i aksjon Vi inviterer deg til \u00e5 se autentiske videoer sendt av v\u00e5re brukere fra hele Europa. Disse videoene demonstrerer ikke bare effektiviteten til SodaBlast Systems-maskiner, men viser ogs\u00e5 mangfoldet av bruksomr\u00e5der og levende brus-sprengningsteknikker. Se hvordan v\u00e5re kunder takler rengj\u00f8ringsutfordringer og de spektakul\u00e6re resultatene som kan oppn\u00e5s med [&hellip;]<\/p>","protected":false},"author":1,"featured_media":0,"parent":0,"menu_order":0,"comment_status":"closed","ping_status":"closed","template":"strona-bez-tytu-u","meta":{"footnotes":""},"class_list":["post-2654","page","type-page","status-publish","hentry"],"yoast_head":"<!-- This site is optimized with the Yoast SEO Premium plugin v21.5 (Yoast SEO v21.5) - https:\/\/yoast.com\/wordpress\/plugins\/seo\/ -->\n<title>Soda Blasting Videos Compilation - SodaBlast Systems<\/title>\n<meta name=\"description\" content=\"Se v\u00e5r samling av videoer om sodabl\u00e5sing hos SodaBlast Systems Europe. Oppdag virkelige bruksomr\u00e5der som viser fjerning av maling og rust, restaurering av overflater og milj\u00f8vennlige rengj\u00f8ringsl\u00f8sninger\" \/>\n<meta name=\"robots\" content=\"index, follow, max-snippet:-1, max-image-preview:large, max-video-preview:-1\" \/>\n<link rel=\"canonical\" href=\"https:\/\/sodablastsystems-europe.com\/no\/30-minutters-rengjoringskompilering\/\" \/>\n<meta property=\"og:locale\" content=\"nb_NO\" \/>\n<meta property=\"og:type\" content=\"article\" \/>\n<meta property=\"og:title\" content=\"Soda Blasting Videos Compilation - SodaBlast Systems\" \/>\n<meta property=\"og:description\" content=\"Se v\u00e5r samling av videoer om sodabl\u00e5sing hos SodaBlast Systems Europe. Oppdag virkelige bruksomr\u00e5der som viser fjerning av maling og rust, restaurering av overflater og milj\u00f8vennlige rengj\u00f8ringsl\u00f8sninger\" \/>\n<meta property=\"og:url\" content=\"https:\/\/sodablastsystems-europe.com\/no\/30-minutters-rengjoringskompilering\/\" \/>\n<meta property=\"og:site_name\" content=\"SodaBlast Systems\" \/>\n<meta property=\"article:publisher\" content=\"https:\/\/www.facebook.com\/sodablastsystems\/\" \/>\n<meta property=\"article:modified_time\" content=\"2026-01-08T09:56:46+00:00\" \/>\n<meta property=\"og:image\" content=\"https:\/\/sodablastsystems-europe.com\/wp-content\/uploads\/2024\/01\/img_6871.jpeg\" \/>\n<meta name=\"twitter:card\" content=\"summary_large_image\" \/>\n<meta name=\"twitter:title\" content=\"Soda Blasting Videos Compilation - SodaBlast Systems\" \/>\n<meta name=\"twitter:description\" content=\"Se v\u00e5r samling av videoer om sodabl\u00e5sing hos SodaBlast Systems Europe. Oppdag virkelige bruksomr\u00e5der som viser fjerning av maling og rust, restaurering av overflater og milj\u00f8vennlige rengj\u00f8ringsl\u00f8sninger\" \/>\n<script type=\"application\/ld+json\" class=\"yoast-schema-graph\">{\"@context\":\"https:\/\/schema.org\",\"@graph\":[{\"@type\":\"WebPage\",\"@id\":\"https:\/\/sodablastsystems-europe.com\/no\/30-minutters-rengjoringskompilering\/\",\"url\":\"https:\/\/sodablastsystems-europe.com\/no\/30-minutters-rengjoringskompilering\/\",\"name\":\"Soda Blasting Videos Compilation - SodaBlast Systems\",\"isPartOf\":{\"@id\":\"https:\/\/sodablastsystems-europe.com\/no\/#website\"},\"datePublished\":\"2023-08-27T08:07:29+00:00\",\"dateModified\":\"2026-01-08T09:56:46+00:00\",\"description\":\"Se v\u00e5r samling av videoer om sodabl\u00e5sing hos SodaBlast Systems Europe. Oppdag virkelige bruksomr\u00e5der som viser fjerning av maling og rust, restaurering av overflater og milj\u00f8vennlige rengj\u00f8ringsl\u00f8sninger\",\"breadcrumb\":{\"@id\":\"https:\/\/sodablastsystems-europe.com\/no\/30-minutters-rengjoringskompilering\/#breadcrumb\"},\"inLanguage\":\"nb-NO\",\"potentialAction\":[{\"@type\":\"ReadAction\",\"target\":[\"https:\/\/sodablastsystems-europe.com\/no\/30-minutters-rengjoringskompilering\/\"]}]},{\"@type\":\"BreadcrumbList\",\"@id\":\"https:\/\/sodablastsystems-europe.com\/no\/30-minutters-rengjoringskompilering\/#breadcrumb\",\"itemListElement\":[{\"@type\":\"ListItem\",\"position\":1,\"name\":\"Strona g\u0142\u00f3wna\",\"item\":\"https:\/\/sodablastsystems-europe.com\/no\/\"},{\"@type\":\"ListItem\",\"position\":2,\"name\":\"Videoer\"}]},{\"@type\":\"WebSite\",\"@id\":\"https:\/\/sodablastsystems-europe.com\/no\/#website\",\"url\":\"https:\/\/sodablastsystems-europe.com\/no\/\",\"name\":\"SodaBlast Systems Europe\",\"description\":\"SodaBlasting Machines from USA. Innovative Technology For Your Business.\",\"publisher\":{\"@id\":\"https:\/\/sodablastsystems-europe.com\/no\/#organization\"},\"potentialAction\":[{\"@type\":\"SearchAction\",\"target\":{\"@type\":\"EntryPoint\",\"urlTemplate\":\"https:\/\/sodablastsystems-europe.com\/no\/?s={search_term_string}\"},\"query-input\":\"required name=search_term_string\"}],\"inLanguage\":\"nb-NO\"},{\"@type\":\"Organization\",\"@id\":\"https:\/\/sodablastsystems-europe.com\/no\/#organization\",\"name\":\"SodaBlast Systems Europe\",\"url\":\"https:\/\/sodablastsystems-europe.com\/no\/\",\"logo\":{\"@type\":\"ImageObject\",\"inLanguage\":\"nb-NO\",\"@id\":\"https:\/\/sodablastsystems-europe.com\/no\/#\/schema\/logo\/image\/\",\"url\":\"https:\/\/sodablastsystems-europe.com\/wp-content\/uploads\/2023\/08\/logo-sodablastsystems-usa-1.png\",\"contentUrl\":\"https:\/\/sodablastsystems-europe.com\/wp-content\/uploads\/2023\/08\/logo-sodablastsystems-usa-1.png\",\"width\":200,\"height\":200,\"caption\":\"SodaBlast Systems Europe\"},\"image\":{\"@id\":\"https:\/\/sodablastsystems-europe.com\/no\/#\/schema\/logo\/image\/\"},\"sameAs\":[\"https:\/\/www.facebook.com\/sodablastsystems\/\",\"https:\/\/www.tiktok.com\/@sodablast.systems\",\"https:\/\/www.instagram.com\/sodablastsystems_europe\/\",\"https:\/\/www.youtube.com\/@Sodablastsystems\"]}]}<\/script>\n<!-- \/ Yoast SEO Premium plugin. -->","yoast_head_json":{"title":"Soda Blasting Videos Compilation - SodaBlast Systems","description":"Se v\u00e5r samling av videoer om sodabl\u00e5sing hos SodaBlast Systems Europe. Oppdag virkelige bruksomr\u00e5der som viser fjerning av maling og rust, restaurering av overflater og milj\u00f8vennlige rengj\u00f8ringsl\u00f8sninger","robots":{"index":"index","follow":"follow","max-snippet":"max-snippet:-1","max-image-preview":"max-image-preview:large","max-video-preview":"max-video-preview:-1"},"canonical":"https:\/\/sodablastsystems-europe.com\/no\/30-minutters-rengjoringskompilering\/","og_locale":"nb_NO","og_type":"article","og_title":"Soda Blasting Videos Compilation - SodaBlast Systems","og_description":"Se v\u00e5r samling av videoer om sodabl\u00e5sing hos SodaBlast Systems Europe. Oppdag virkelige bruksomr\u00e5der som viser fjerning av maling og rust, restaurering av overflater og milj\u00f8vennlige rengj\u00f8ringsl\u00f8sninger","og_url":"https:\/\/sodablastsystems-europe.com\/no\/30-minutters-rengjoringskompilering\/","og_site_name":"SodaBlast Systems","article_publisher":"https:\/\/www.facebook.com\/sodablastsystems\/","article_modified_time":"2026-01-08T09:56:46+00:00","og_image":[{"url":"https:\/\/sodablastsystems-europe.com\/wp-content\/uploads\/2024\/01\/img_6871.jpeg"}],"twitter_card":"summary_large_image","twitter_title":"Soda Blasting Videos Compilation - SodaBlast Systems","twitter_description":"Se v\u00e5r samling av videoer om sodabl\u00e5sing hos SodaBlast Systems Europe. Oppdag virkelige bruksomr\u00e5der som viser fjerning av maling og rust, restaurering av overflater og milj\u00f8vennlige rengj\u00f8ringsl\u00f8sninger","schema":{"@context":"https:\/\/schema.org","@graph":[{"@type":"WebPage","@id":"https:\/\/sodablastsystems-europe.com\/no\/30-minutters-rengjoringskompilering\/","url":"https:\/\/sodablastsystems-europe.com\/no\/30-minutters-rengjoringskompilering\/","name":"Soda Blasting Videos Compilation - SodaBlast Systems","isPartOf":{"@id":"https:\/\/sodablastsystems-europe.com\/no\/#website"},"datePublished":"2023-08-27T08:07:29+00:00","dateModified":"2026-01-08T09:56:46+00:00","description":"Se v\u00e5r samling av videoer om sodabl\u00e5sing hos SodaBlast Systems Europe. Oppdag virkelige bruksomr\u00e5der som viser fjerning av maling og rust, restaurering av overflater og milj\u00f8vennlige rengj\u00f8ringsl\u00f8sninger","breadcrumb":{"@id":"https:\/\/sodablastsystems-europe.com\/no\/30-minutters-rengjoringskompilering\/#breadcrumb"},"inLanguage":"nb-NO","potentialAction":[{"@type":"ReadAction","target":["https:\/\/sodablastsystems-europe.com\/no\/30-minutters-rengjoringskompilering\/"]}]},{"@type":"BreadcrumbList","@id":"https:\/\/sodablastsystems-europe.com\/no\/30-minutters-rengjoringskompilering\/#breadcrumb","itemListElement":[{"@type":"ListItem","position":1,"name":"Strona g\u0142\u00f3wna","item":"https:\/\/sodablastsystems-europe.com\/no\/"},{"@type":"ListItem","position":2,"name":"Videoer"}]},{"@type":"WebSite","@id":"https:\/\/sodablastsystems-europe.com\/no\/#website","url":"https:\/\/sodablastsystems-europe.com\/no\/","name":"SodaBlast Systems Europe","description":"SodaBlasting Machines from USA. Innovative Technology For Your Business.","publisher":{"@id":"https:\/\/sodablastsystems-europe.com\/no\/#organization"},"potentialAction":[{"@type":"SearchAction","target":{"@type":"EntryPoint","urlTemplate":"https:\/\/sodablastsystems-europe.com\/no\/?s={search_term_string}"},"query-input":"required name=search_term_string"}],"inLanguage":"nb-NO"},{"@type":"Organization","@id":"https:\/\/sodablastsystems-europe.com\/no\/#organization","name":"SodaBlast Systems Europe","url":"https:\/\/sodablastsystems-europe.com\/no\/","logo":{"@type":"ImageObject","inLanguage":"nb-NO","@id":"https:\/\/sodablastsystems-europe.com\/no\/#\/schema\/logo\/image\/","url":"https:\/\/sodablastsystems-europe.com\/wp-content\/uploads\/2023\/08\/logo-sodablastsystems-usa-1.png","contentUrl":"https:\/\/sodablastsystems-europe.com\/wp-content\/uploads\/2023\/08\/logo-sodablastsystems-usa-1.png","width":200,"height":200,"caption":"SodaBlast Systems Europe"},"image":{"@id":"https:\/\/sodablastsystems-europe.com\/no\/#\/schema\/logo\/image\/"},"sameAs":["https:\/\/www.facebook.com\/sodablastsystems\/","https:\/\/www.tiktok.com\/@sodablast.systems","https:\/\/www.instagram.com\/sodablastsystems_europe\/","https:\/\/www.youtube.com\/@Sodablastsystems"]}]}},"_links":{"self":[{"href":"https:\/\/sodablastsystems-europe.com\/no\/wp-json\/wp\/v2\/pages\/2654","targetHints":{"allow":["GET"]}}],"collection":[{"href":"https:\/\/sodablastsystems-europe.com\/no\/wp-json\/wp\/v2\/pages"}],"about":[{"href":"https:\/\/sodablastsystems-europe.com\/no\/wp-json\/wp\/v2\/types\/page"}],"author":[{"embeddable":true,"href":"https:\/\/sodablastsystems-europe.com\/no\/wp-json\/wp\/v2\/users\/1"}],"replies":[{"embeddable":true,"href":"https:\/\/sodablastsystems-europe.com\/no\/wp-json\/wp\/v2\/comments?post=2654"}],"version-history":[{"count":3,"href":"https:\/\/sodablastsystems-europe.com\/no\/wp-json\/wp\/v2\/pages\/2654\/revisions"}],"predecessor-version":[{"id":6521,"href":"https:\/\/sodablastsystems-europe.com\/no\/wp-json\/wp\/v2\/pages\/2654\/revisions\/6521"}],"wp:attachment":[{"href":"https:\/\/sodablastsystems-europe.com\/no\/wp-json\/wp\/v2\/media?parent=2654"}],"curies":[{"name":"wp","href":"https:\/\/api.w.org\/{rel}","templated":true}]}}