{"id":2634,"date":"2023-08-27T08:06:35","date_gmt":"2023-08-27T08:06:35","guid":{"rendered":"https:\/\/sodablastsystems-europe.com\/for-og-etter-effekter\/"},"modified":"2024-11-03T01:16:22","modified_gmt":"2024-11-03T01:16:22","slug":"for-og-etter-effekter","status":"publish","type":"page","link":"https:\/\/sodablastsystems-europe.com\/no\/for-og-etter-effekter\/","title":{"rendered":"F\u00f8r og etter effekter"},"content":{"rendered":"<p><\/p>\n\n<h2 class=\"wp-block-heading has-x-large-font-size\" id=\"h-amazing-transformation-with-sodablast-systems\">Utrolig transformasjon med SodaBlast-systemer<\/h2>\n\n<p>Oppdag kraften til brussprengning med v\u00e5re &#8216;F\u00f8r og etter&#8217;-transformasjoner. SodaBlast Systems er ikke bare en teknologi, men ogs\u00e5 en kunst \u00e5 gjenopprette overflater til sin opprinnelige glans. Nedenfor presenterer vi et galleri av arbeidet v\u00e5rt, der hvert bilde forteller en historie om presisjon, sk\u00e5nsomhet og effektivitet til v\u00e5re brusbl\u00e5semaskiner.<\/p>\n\n<h3 class=\"wp-block-heading has-large-font-size\">&laquo;F\u00f8r&raquo; &#8211; Renhetsutfordringen<\/h3>\n\n<p>Hver &laquo;f\u00f8r&raquo; fanget \u00f8yeblikk da overflater virket utenfor rekkevidden av fornyelse. Rust, graffiti, forurensning \u2013 alle defekter som krevde en delikat, men effektiv ber\u00f8ring.<\/p>\n\n<h3 class=\"wp-block-heading has-large-font-size\">&laquo;Etter&raquo; &#8211; SodaBlast System Effect<\/h3>\n\n<p>\u00abEtter\u00bb-effektene viser resultater som overgikk b\u00e5de v\u00e5re og v\u00e5re kunders forventninger. De vitner om kraften til natriumbikarbonat, som gjenoppretter overflater til sitt opprinnelige utseende uten \u00e5 skade strukturen.<\/p>\n\n<p>Vi inviterer deg til \u00e5 bla gjennom eksempler p\u00e5 v\u00e5re prestasjoner. Hvert bilde er bevis p\u00e5 at ingen oppgave er for vanskelig for SodaBlast Systems.<\/p>\n\n<p>Skyv glidebryteren p\u00e5 bildet og se forskjellen:<\/p>\n<p>[bafg id=&raquo;320&#8243;]<\/p>\n<p>[bafg id=&raquo;318&#8243;]<\/p>\n<p>[bafg id=&raquo;322&#8243;]<\/p>\n<p>[bafg id=&raquo;324&#8243;]<\/p>\n<p>[bafg id=&raquo;325&#8243;]<\/p>\n<p>[bafg id=&raquo;326&#8243;]<\/p>\n<p>[bafg id=&raquo;328&#8243;]<\/p>\n<p>[bafg id=&raquo;329&#8243;]<\/p>\n<p>[bafg id=&raquo;330&#8243;]<\/p>\n<p>[bafg id=&raquo;331&#8243;]<\/p>\n<p>[bafg id=&raquo;332&#8243;]<\/p>\n<p>[bafg id=&raquo;334&#8243;]<\/p>\n<p>[bafg id=&raquo;335&#8243;]<\/p>\n<p>[bafg id=&raquo;337&#8243;]<\/p>\n<p>[bafg id=&raquo;338&#8243;]<\/p>\n<p>[bafg id=&raquo;339&#8243;]<\/p>\n<p>[bafg id=&raquo;340&#8243;]<\/p>\n<p>[bafg id=&raquo;341&#8243;]<\/p>\n<p>[bafg id=&raquo;342&#8243;]<\/p>\n<p>[bafg id=&raquo;343&#8243;]<\/p>\n<p>[bafg id=&raquo;345&#8243;]<\/p>\n<p>[bafg id=&raquo;346&#8243;]<\/p>\n<p>[bafg id=&raquo;347&#8243;]<\/p>\n<p>[bafg id=&raquo;348&#8243;]<\/p>\n<p>[bafg id=&raquo;349&#8243;]<\/p>\n<p>[bafg id=&raquo;350&#8243;]<\/p>\n<p>[bafg id=&raquo;351&#8243;]<\/p>\n<p>[bafg id=&raquo;352&#8243;]<\/p>\n<p>[bafg id=&raquo;353&#8243;]<\/p>\n<p>[bafg id=&raquo;354&#8243;]<\/p>\n<p>[bafg id=&raquo;355&#8243;]<\/p>\n<p>[bafg id=&raquo;356&#8243;]<\/p>\n<p>[bafg id=&raquo;357&#8243;]<\/p>\n<p>[bafg id=&raquo;358&#8243;]<\/p>\n<p>[bafg id=&raquo;359&#8243;]<\/p>\n<p>[bafg id=&raquo;360&#8243;]<\/p>\n<p>[bafg id=&raquo;361&#8243;]<\/p>","protected":false},"excerpt":{"rendered":"<p>Utrolig transformasjon med SodaBlast-systemer Oppdag kraften til brussprengning med v\u00e5re &#8216;F\u00f8r og etter&#8217;-transformasjoner. SodaBlast Systems er ikke bare en teknologi, men ogs\u00e5 en kunst \u00e5 gjenopprette overflater til sin opprinnelige glans. Nedenfor presenterer vi et galleri av arbeidet v\u00e5rt, der hvert bilde forteller en historie om presisjon, sk\u00e5nsomhet og effektivitet til v\u00e5re brusbl\u00e5semaskiner. &laquo;F\u00f8r&raquo; &#8211; [&hellip;]<\/p>","protected":false},"author":1,"featured_media":0,"parent":0,"menu_order":0,"comment_status":"closed","ping_status":"closed","template":"","meta":{"footnotes":""},"class_list":["post-2634","page","type-page","status-publish","hentry"],"yoast_head":"<!-- This site is optimized with the Yoast SEO Premium plugin v21.5 (Yoast SEO v21.5) - https:\/\/yoast.com\/wordpress\/plugins\/seo\/ -->\n<title>F\u00f8r- og ettereffekter av sodabl\u00e5sing - SodaBlast Systems<\/title>\n<meta name=\"description\" content=\"Oppdag den transformerende kraften i sodabl\u00e5sing med SodaBlast Systems Europe. Se v\u00e5rt f\u00f8r- og etter-galleri som viser effektiv fjerning av maling, rustfjerning og overflaterestaurering for ulike bruksomr\u00e5der\" \/>\n<meta name=\"robots\" content=\"index, follow, max-snippet:-1, max-image-preview:large, max-video-preview:-1\" \/>\n<link rel=\"canonical\" href=\"https:\/\/sodablastsystems-europe.com\/no\/for-og-etter-effekter\/\" \/>\n<meta property=\"og:locale\" content=\"nb_NO\" \/>\n<meta property=\"og:type\" content=\"article\" \/>\n<meta property=\"og:title\" content=\"F\u00f8r og etter effekter\" \/>\n<meta property=\"og:description\" content=\"Oppdag den transformerende kraften i sodabl\u00e5sing med SodaBlast Systems Europe. Se v\u00e5rt f\u00f8r- og etter-galleri som viser effektiv fjerning av maling, rustfjerning og overflaterestaurering for ulike bruksomr\u00e5der\" \/>\n<meta property=\"og:url\" content=\"https:\/\/sodablastsystems-europe.com\/no\/for-og-etter-effekter\/\" \/>\n<meta property=\"og:site_name\" content=\"SodaBlast Systems\" \/>\n<meta property=\"article:publisher\" content=\"https:\/\/www.facebook.com\/sodablastsystems\/\" \/>\n<meta property=\"article:modified_time\" content=\"2024-11-03T01:16:22+00:00\" \/>\n<meta property=\"og:image\" content=\"https:\/\/sodablastsystems-europe.com\/wp-content\/uploads\/2023\/08\/logo-sodablastsystems-usa-1.png\" \/>\n\t<meta property=\"og:image:width\" content=\"200\" \/>\n\t<meta property=\"og:image:height\" content=\"200\" \/>\n\t<meta property=\"og:image:type\" content=\"image\/png\" \/>\n<meta name=\"twitter:card\" content=\"summary_large_image\" \/>\n<meta name=\"twitter:label1\" content=\"Ansl. lesetid\" \/>\n\t<meta name=\"twitter:data1\" content=\"1 minutt\" \/>\n<script type=\"application\/ld+json\" class=\"yoast-schema-graph\">{\"@context\":\"https:\/\/schema.org\",\"@graph\":[{\"@type\":\"WebPage\",\"@id\":\"https:\/\/sodablastsystems-europe.com\/no\/for-og-etter-effekter\/\",\"url\":\"https:\/\/sodablastsystems-europe.com\/no\/for-og-etter-effekter\/\",\"name\":\"F\u00f8r- og ettereffekter av sodabl\u00e5sing - SodaBlast Systems\",\"isPartOf\":{\"@id\":\"https:\/\/sodablastsystems-europe.com\/no\/#website\"},\"datePublished\":\"2023-08-27T08:06:35+00:00\",\"dateModified\":\"2024-11-03T01:16:22+00:00\",\"description\":\"Oppdag den transformerende kraften i sodabl\u00e5sing med SodaBlast Systems Europe. Se v\u00e5rt f\u00f8r- og etter-galleri som viser effektiv fjerning av maling, rustfjerning og overflaterestaurering for ulike bruksomr\u00e5der\",\"breadcrumb\":{\"@id\":\"https:\/\/sodablastsystems-europe.com\/no\/for-og-etter-effekter\/#breadcrumb\"},\"inLanguage\":\"nb-NO\",\"potentialAction\":[{\"@type\":\"ReadAction\",\"target\":[\"https:\/\/sodablastsystems-europe.com\/no\/for-og-etter-effekter\/\"]}]},{\"@type\":\"BreadcrumbList\",\"@id\":\"https:\/\/sodablastsystems-europe.com\/no\/for-og-etter-effekter\/#breadcrumb\",\"itemListElement\":[{\"@type\":\"ListItem\",\"position\":1,\"name\":\"Strona g\u0142\u00f3wna\",\"item\":\"https:\/\/sodablastsystems-europe.com\/no\/\"},{\"@type\":\"ListItem\",\"position\":2,\"name\":\"F\u00f8r og etter effekter\"}]},{\"@type\":\"WebSite\",\"@id\":\"https:\/\/sodablastsystems-europe.com\/no\/#website\",\"url\":\"https:\/\/sodablastsystems-europe.com\/no\/\",\"name\":\"SodaBlast Systems Europe\",\"description\":\"SodaBlasting Machines from USA. Innovative Technology For Your Business.\",\"publisher\":{\"@id\":\"https:\/\/sodablastsystems-europe.com\/no\/#organization\"},\"potentialAction\":[{\"@type\":\"SearchAction\",\"target\":{\"@type\":\"EntryPoint\",\"urlTemplate\":\"https:\/\/sodablastsystems-europe.com\/no\/?s={search_term_string}\"},\"query-input\":\"required name=search_term_string\"}],\"inLanguage\":\"nb-NO\"},{\"@type\":\"Organization\",\"@id\":\"https:\/\/sodablastsystems-europe.com\/no\/#organization\",\"name\":\"SodaBlast Systems Europe\",\"url\":\"https:\/\/sodablastsystems-europe.com\/no\/\",\"logo\":{\"@type\":\"ImageObject\",\"inLanguage\":\"nb-NO\",\"@id\":\"https:\/\/sodablastsystems-europe.com\/no\/#\/schema\/logo\/image\/\",\"url\":\"https:\/\/sodablastsystems-europe.com\/wp-content\/uploads\/2023\/08\/logo-sodablastsystems-usa-1.png\",\"contentUrl\":\"https:\/\/sodablastsystems-europe.com\/wp-content\/uploads\/2023\/08\/logo-sodablastsystems-usa-1.png\",\"width\":200,\"height\":200,\"caption\":\"SodaBlast Systems Europe\"},\"image\":{\"@id\":\"https:\/\/sodablastsystems-europe.com\/no\/#\/schema\/logo\/image\/\"},\"sameAs\":[\"https:\/\/www.facebook.com\/sodablastsystems\/\",\"https:\/\/www.tiktok.com\/@sodablast.systems\",\"https:\/\/www.instagram.com\/sodablastsystems_europe\/\",\"https:\/\/www.youtube.com\/@Sodablastsystems\"]}]}<\/script>\n<!-- \/ Yoast SEO Premium plugin. -->","yoast_head_json":{"title":"F\u00f8r- og ettereffekter av sodabl\u00e5sing - SodaBlast Systems","description":"Oppdag den transformerende kraften i sodabl\u00e5sing med SodaBlast Systems Europe. Se v\u00e5rt f\u00f8r- og etter-galleri som viser effektiv fjerning av maling, rustfjerning og overflaterestaurering for ulike bruksomr\u00e5der","robots":{"index":"index","follow":"follow","max-snippet":"max-snippet:-1","max-image-preview":"max-image-preview:large","max-video-preview":"max-video-preview:-1"},"canonical":"https:\/\/sodablastsystems-europe.com\/no\/for-og-etter-effekter\/","og_locale":"nb_NO","og_type":"article","og_title":"F\u00f8r og etter effekter","og_description":"Oppdag den transformerende kraften i sodabl\u00e5sing med SodaBlast Systems Europe. Se v\u00e5rt f\u00f8r- og etter-galleri som viser effektiv fjerning av maling, rustfjerning og overflaterestaurering for ulike bruksomr\u00e5der","og_url":"https:\/\/sodablastsystems-europe.com\/no\/for-og-etter-effekter\/","og_site_name":"SodaBlast Systems","article_publisher":"https:\/\/www.facebook.com\/sodablastsystems\/","article_modified_time":"2024-11-03T01:16:22+00:00","og_image":[{"width":200,"height":200,"url":"https:\/\/sodablastsystems-europe.com\/wp-content\/uploads\/2023\/08\/logo-sodablastsystems-usa-1.png","type":"image\/png"}],"twitter_card":"summary_large_image","twitter_misc":{"Ansl. lesetid":"1 minutt"},"schema":{"@context":"https:\/\/schema.org","@graph":[{"@type":"WebPage","@id":"https:\/\/sodablastsystems-europe.com\/no\/for-og-etter-effekter\/","url":"https:\/\/sodablastsystems-europe.com\/no\/for-og-etter-effekter\/","name":"F\u00f8r- og ettereffekter av sodabl\u00e5sing - SodaBlast Systems","isPartOf":{"@id":"https:\/\/sodablastsystems-europe.com\/no\/#website"},"datePublished":"2023-08-27T08:06:35+00:00","dateModified":"2024-11-03T01:16:22+00:00","description":"Oppdag den transformerende kraften i sodabl\u00e5sing med SodaBlast Systems Europe. Se v\u00e5rt f\u00f8r- og etter-galleri som viser effektiv fjerning av maling, rustfjerning og overflaterestaurering for ulike bruksomr\u00e5der","breadcrumb":{"@id":"https:\/\/sodablastsystems-europe.com\/no\/for-og-etter-effekter\/#breadcrumb"},"inLanguage":"nb-NO","potentialAction":[{"@type":"ReadAction","target":["https:\/\/sodablastsystems-europe.com\/no\/for-og-etter-effekter\/"]}]},{"@type":"BreadcrumbList","@id":"https:\/\/sodablastsystems-europe.com\/no\/for-og-etter-effekter\/#breadcrumb","itemListElement":[{"@type":"ListItem","position":1,"name":"Strona g\u0142\u00f3wna","item":"https:\/\/sodablastsystems-europe.com\/no\/"},{"@type":"ListItem","position":2,"name":"F\u00f8r og etter effekter"}]},{"@type":"WebSite","@id":"https:\/\/sodablastsystems-europe.com\/no\/#website","url":"https:\/\/sodablastsystems-europe.com\/no\/","name":"SodaBlast Systems Europe","description":"SodaBlasting Machines from USA. Innovative Technology For Your Business.","publisher":{"@id":"https:\/\/sodablastsystems-europe.com\/no\/#organization"},"potentialAction":[{"@type":"SearchAction","target":{"@type":"EntryPoint","urlTemplate":"https:\/\/sodablastsystems-europe.com\/no\/?s={search_term_string}"},"query-input":"required name=search_term_string"}],"inLanguage":"nb-NO"},{"@type":"Organization","@id":"https:\/\/sodablastsystems-europe.com\/no\/#organization","name":"SodaBlast Systems Europe","url":"https:\/\/sodablastsystems-europe.com\/no\/","logo":{"@type":"ImageObject","inLanguage":"nb-NO","@id":"https:\/\/sodablastsystems-europe.com\/no\/#\/schema\/logo\/image\/","url":"https:\/\/sodablastsystems-europe.com\/wp-content\/uploads\/2023\/08\/logo-sodablastsystems-usa-1.png","contentUrl":"https:\/\/sodablastsystems-europe.com\/wp-content\/uploads\/2023\/08\/logo-sodablastsystems-usa-1.png","width":200,"height":200,"caption":"SodaBlast Systems Europe"},"image":{"@id":"https:\/\/sodablastsystems-europe.com\/no\/#\/schema\/logo\/image\/"},"sameAs":["https:\/\/www.facebook.com\/sodablastsystems\/","https:\/\/www.tiktok.com\/@sodablast.systems","https:\/\/www.instagram.com\/sodablastsystems_europe\/","https:\/\/www.youtube.com\/@Sodablastsystems"]}]}},"_links":{"self":[{"href":"https:\/\/sodablastsystems-europe.com\/no\/wp-json\/wp\/v2\/pages\/2634","targetHints":{"allow":["GET"]}}],"collection":[{"href":"https:\/\/sodablastsystems-europe.com\/no\/wp-json\/wp\/v2\/pages"}],"about":[{"href":"https:\/\/sodablastsystems-europe.com\/no\/wp-json\/wp\/v2\/types\/page"}],"author":[{"embeddable":true,"href":"https:\/\/sodablastsystems-europe.com\/no\/wp-json\/wp\/v2\/users\/1"}],"replies":[{"embeddable":true,"href":"https:\/\/sodablastsystems-europe.com\/no\/wp-json\/wp\/v2\/comments?post=2634"}],"version-history":[{"count":1,"href":"https:\/\/sodablastsystems-europe.com\/no\/wp-json\/wp\/v2\/pages\/2634\/revisions"}],"predecessor-version":[{"id":2637,"href":"https:\/\/sodablastsystems-europe.com\/no\/wp-json\/wp\/v2\/pages\/2634\/revisions\/2637"}],"wp:attachment":[{"href":"https:\/\/sodablastsystems-europe.com\/no\/wp-json\/wp\/v2\/media?parent=2634"}],"curies":[{"name":"wp","href":"https:\/\/api.w.org\/{rel}","templated":true}]}}