{"id":6123,"date":"2025-02-17T14:24:04","date_gmt":"2025-02-17T14:24:04","guid":{"rendered":"https:\/\/sodablastsystems-europe.com\/sb-500-priekabos-su-dpf-specifikacija\/"},"modified":"2025-02-17T14:26:09","modified_gmt":"2025-02-17T14:26:09","slug":"sb-500-priekabos-su-dpf-specifikacija","status":"publish","type":"page","link":"https:\/\/sodablastsystems-europe.com\/lt\/sb-500-priekabos-su-dpf-specifikacija\/","title":{"rendered":"&#8222;SB-500&#8221; priekabos su DPF specifikacija"},"content":{"rendered":"<p><strong>Pilnas, trij\u0173 komponent\u0173, transportabilus ir paruo\u0161tas naudoti rinkinys:<\/strong><\/p>\n\n<p><strong>&#8222;SodaBlaster&#8221; sm\u0117liavimo skyrius:<\/strong><\/p>\n\n<ul class=\"wp-block-list\">\n<li>SB-500 blasterio bakas<\/li>\n\n\n\n<li>1 sekund\u0117s savaiminio u\u017esandarinimo bunkerio liukas<\/li>\n\n\n\n<li>Oro sl\u0117gio reguliatorius<\/li>\n\n\n\n<li>Abrazyvo kiekio reguliatorius<\/li>\n\n\n\n<li>Elektrinis nuotolinio valdymo pultas su 15 m kabeliu<\/li>\n\n\n\n<li>\u0160varaus oro jungtis papildomiems \u012frankiams<\/li>\n\n\n\n<li>340o kampu besisukanti \u0161virk\u0161timo \u017earnos i\u0161vestis<\/li>\n\n\n\n<li>Oro i\u0161metimo i\u0161 blasterio bako duslintuvas<\/li>\n<\/ul>\n\n<p><strong>Blaster au\u0161inimo sistema:<\/strong><\/p>\n\n<ul class=\"wp-block-list\">\n<li>MT-3 Savaranki\u0161kas oro d\u017eiovintuvas<\/li>\n\n\n\n<li>CF-125 cikloninis oro filtras<\/li>\n\n\n\n<li>10 bar sl\u0117gio au\u0161intuvas<\/li>\n\n\n\n<li>Didelio grei\u010dio ventiliatorius<\/li>\n<\/ul>\n\n<p><strong>Sraigtinis oro kompresorius:<\/strong><\/p>\n\n<ul class=\"wp-block-list\">\n<li>&#8222;Kubota&#8221; keturi\u0173 cilindr\u0173 variklis su turbokompresoriumi<\/li>\n\n\n\n<li>33 kW variklio galia<\/li>\n\n\n\n<li>1 498 litr\u0173 variklio darbinis t\u016bris<\/li>\n\n\n\n<li>12V elektros instaliacija<\/li>\n\n\n\n<li>45 litr\u0173 degal\u0173 bakas<\/li>\n\n\n\n<li>LCD ekranas<\/li>\n\n\n\n<li>STOP avarinis jungiklis<\/li>\n\n\n\n<li>Viduje esantis garso nepraleid\u017eiantis korpuso kompresorius<\/li>\n\n\n\n<li>Antikorozin\u0117 apsauga nuo korozijos didel\u0117s dr\u0117gm\u0117s C3 aplinkoje<\/li>\n\n\n\n<li>Kompresoriaus oro i\u0161metimo duslintuvas<\/li>\n\n\n\n<li>Atitinka ES vidaus degimo varikliams taikom\u0105 STAGE V standart\u0105<\/li>\n\n\n\n<li>Atitinka 2000\/14\/EB triuk\u0161mo emisijos standart\u0105<\/li>\n<\/ul>\n\n<p><strong>Kelio va\u017eiuokl\u0117:<\/strong><\/p>\n\n<ul class=\"wp-block-list\">\n<li>Specialios priekabos europinis patvirtinimas<\/li>\n\n\n\n<li>CNC gaminama konstrukcija<\/li>\n\n\n\n<li>AL-KO va\u017eiuokl\u0117s komponentai<\/li>\n\n\n\n<li>2 a\u0161ys = 4 ratai, M+S 13C padangos<\/li>\n\n\n\n<li>Vir\u0161ijimo, avarinis ir stov\u0117jimo stabdys<\/li>\n\n\n\n<li>Kamuolinis vilkimo \u012ftaiso sukabinimo \u012ftaisas su jungtimi ir nusid\u0117v\u0117jimo indikatoriumi<\/li>\n\n\n\n<li>4 reguliuojamos va\u017eiuokl\u0117s i\u0161lyginimo atramos<\/li>\n\n\n\n<li>Viso dyd\u017eio atsarginis ratas<\/li>\n\n\n\n<li>13 kontakt\u0173 kelio ap\u0161vietimo elektros instaliacija<\/li>\n<\/ul>\n\n<p><strong>\u012etraukti priedai &#8211; pagrindinis paketas:<\/strong><\/p>\n\n<ul class=\"wp-block-list\">\n<li>HV-5 apvalus antgalis (8 mm)<\/li>\n\n\n\n<li>Vandens adapteris antgaliui<\/li>\n\n\n\n<li>Piltuv\u0117lis abrazyvui pilti<\/li>\n\n\n\n<li>15 m valdymo kabelis<\/li>\n\n\n\n<li>15 m ilgio vandens \u017earna<\/li>\n\n\n\n<li>Sprogimo \u017earna 15 m<\/li>\n<\/ul>","protected":false},"excerpt":{"rendered":"<p>Pilnas, trij\u0173 komponent\u0173, transportabilus ir paruo\u0161tas naudoti rinkinys: &#8222;SodaBlaster&#8221; sm\u0117liavimo skyrius: Blaster au\u0161inimo sistema: Sraigtinis oro kompresorius: Kelio va\u017eiuokl\u0117: \u012etraukti priedai &#8211; pagrindinis paketas:<\/p>","protected":false},"author":1,"featured_media":0,"parent":0,"menu_order":0,"comment_status":"closed","ping_status":"closed","template":"","meta":{"footnotes":""},"class_list":["post-6123","page","type-page","status-publish","hentry"],"yoast_head":"<!-- This site is optimized with the Yoast SEO Premium plugin v21.5 (Yoast SEO v21.5) - https:\/\/yoast.com\/wordpress\/plugins\/seo\/ -->\n<title>&quot;SB-500&quot; priekabos su DPF specifikacija - SodaBlast Systems<\/title>\n<meta name=\"robots\" content=\"index, follow, max-snippet:-1, max-image-preview:large, max-video-preview:-1\" \/>\n<link rel=\"canonical\" href=\"https:\/\/sodablastsystems-europe.com\/lt\/sb-500-priekabos-su-dpf-specifikacija\/\" \/>\n<meta property=\"og:locale\" content=\"lt_LT\" \/>\n<meta property=\"og:type\" content=\"article\" \/>\n<meta property=\"og:title\" content=\"&quot;SB-500&quot; priekabos su DPF specifikacija\" \/>\n<meta property=\"og:description\" content=\"Pilnas, trij\u0173 komponent\u0173, transportabilus ir paruo\u0161tas naudoti rinkinys: &#8222;SodaBlaster&#8221; sm\u0117liavimo skyrius: Blaster au\u0161inimo sistema: Sraigtinis oro kompresorius: Kelio va\u017eiuokl\u0117: \u012etraukti priedai &#8211; pagrindinis paketas:\" \/>\n<meta property=\"og:url\" content=\"https:\/\/sodablastsystems-europe.com\/lt\/sb-500-priekabos-su-dpf-specifikacija\/\" \/>\n<meta property=\"og:site_name\" content=\"SodaBlast Systems\" \/>\n<meta property=\"article:publisher\" content=\"https:\/\/www.facebook.com\/sodablastsystems\/\" \/>\n<meta property=\"article:modified_time\" content=\"2025-02-17T14:26:09+00:00\" \/>\n<meta property=\"og:image\" content=\"https:\/\/sodablastsystems-europe.com\/wp-content\/uploads\/2023\/08\/logo-sodablastsystems-usa-1.png\" \/>\n\t<meta property=\"og:image:width\" content=\"200\" \/>\n\t<meta property=\"og:image:height\" content=\"200\" \/>\n\t<meta property=\"og:image:type\" content=\"image\/png\" \/>\n<meta name=\"twitter:card\" content=\"summary_large_image\" \/>\n<meta name=\"twitter:label1\" content=\"Est. reading time\" \/>\n\t<meta name=\"twitter:data1\" content=\"1 minut\u0117\" \/>\n<script type=\"application\/ld+json\" class=\"yoast-schema-graph\">{\"@context\":\"https:\/\/schema.org\",\"@graph\":[{\"@type\":\"WebPage\",\"@id\":\"https:\/\/sodablastsystems-europe.com\/lt\/sb-500-priekabos-su-dpf-specifikacija\/\",\"url\":\"https:\/\/sodablastsystems-europe.com\/lt\/sb-500-priekabos-su-dpf-specifikacija\/\",\"name\":\"\\\"SB-500\\\" priekabos su DPF specifikacija - SodaBlast Systems\",\"isPartOf\":{\"@id\":\"https:\/\/sodablastsystems-europe.com\/lt\/#website\"},\"datePublished\":\"2025-02-17T14:24:04+00:00\",\"dateModified\":\"2025-02-17T14:26:09+00:00\",\"breadcrumb\":{\"@id\":\"https:\/\/sodablastsystems-europe.com\/lt\/sb-500-priekabos-su-dpf-specifikacija\/#breadcrumb\"},\"inLanguage\":\"lt-LT\",\"potentialAction\":[{\"@type\":\"ReadAction\",\"target\":[\"https:\/\/sodablastsystems-europe.com\/lt\/sb-500-priekabos-su-dpf-specifikacija\/\"]}]},{\"@type\":\"BreadcrumbList\",\"@id\":\"https:\/\/sodablastsystems-europe.com\/lt\/sb-500-priekabos-su-dpf-specifikacija\/#breadcrumb\",\"itemListElement\":[{\"@type\":\"ListItem\",\"position\":1,\"name\":\"Strona g\u0142\u00f3wna\",\"item\":\"https:\/\/sodablastsystems-europe.com\/lt\/\"},{\"@type\":\"ListItem\",\"position\":2,\"name\":\"&laquo;SB-500&raquo; priekabos su DPF specifikacija\"}]},{\"@type\":\"WebSite\",\"@id\":\"https:\/\/sodablastsystems-europe.com\/lt\/#website\",\"url\":\"https:\/\/sodablastsystems-europe.com\/lt\/\",\"name\":\"SodaBlast Systems Europe\",\"description\":\"SodaBlasting Machines from USA. Innovative Technology For Your Business.\",\"publisher\":{\"@id\":\"https:\/\/sodablastsystems-europe.com\/lt\/#organization\"},\"potentialAction\":[{\"@type\":\"SearchAction\",\"target\":{\"@type\":\"EntryPoint\",\"urlTemplate\":\"https:\/\/sodablastsystems-europe.com\/lt\/?s={search_term_string}\"},\"query-input\":\"required name=search_term_string\"}],\"inLanguage\":\"lt-LT\"},{\"@type\":\"Organization\",\"@id\":\"https:\/\/sodablastsystems-europe.com\/lt\/#organization\",\"name\":\"SodaBlast Systems Europe\",\"url\":\"https:\/\/sodablastsystems-europe.com\/lt\/\",\"logo\":{\"@type\":\"ImageObject\",\"inLanguage\":\"lt-LT\",\"@id\":\"https:\/\/sodablastsystems-europe.com\/lt\/#\/schema\/logo\/image\/\",\"url\":\"https:\/\/sodablastsystems-europe.com\/wp-content\/uploads\/2023\/08\/logo-sodablastsystems-usa-1.png\",\"contentUrl\":\"https:\/\/sodablastsystems-europe.com\/wp-content\/uploads\/2023\/08\/logo-sodablastsystems-usa-1.png\",\"width\":200,\"height\":200,\"caption\":\"SodaBlast Systems Europe\"},\"image\":{\"@id\":\"https:\/\/sodablastsystems-europe.com\/lt\/#\/schema\/logo\/image\/\"},\"sameAs\":[\"https:\/\/www.facebook.com\/sodablastsystems\/\",\"https:\/\/www.tiktok.com\/@sodablast.systems\",\"https:\/\/www.instagram.com\/sodablastsystems_europe\/\",\"https:\/\/www.youtube.com\/@Sodablastsystems\"]}]}<\/script>\n<!-- \/ Yoast SEO Premium plugin. -->","yoast_head_json":{"title":"\"SB-500\" priekabos su DPF specifikacija - SodaBlast Systems","robots":{"index":"index","follow":"follow","max-snippet":"max-snippet:-1","max-image-preview":"max-image-preview:large","max-video-preview":"max-video-preview:-1"},"canonical":"https:\/\/sodablastsystems-europe.com\/lt\/sb-500-priekabos-su-dpf-specifikacija\/","og_locale":"lt_LT","og_type":"article","og_title":"\"SB-500\" priekabos su DPF specifikacija","og_description":"Pilnas, trij\u0173 komponent\u0173, transportabilus ir paruo\u0161tas naudoti rinkinys: &#8222;SodaBlaster&#8221; sm\u0117liavimo skyrius: Blaster au\u0161inimo sistema: Sraigtinis oro kompresorius: Kelio va\u017eiuokl\u0117: \u012etraukti priedai &#8211; pagrindinis paketas:","og_url":"https:\/\/sodablastsystems-europe.com\/lt\/sb-500-priekabos-su-dpf-specifikacija\/","og_site_name":"SodaBlast Systems","article_publisher":"https:\/\/www.facebook.com\/sodablastsystems\/","article_modified_time":"2025-02-17T14:26:09+00:00","og_image":[{"width":200,"height":200,"url":"https:\/\/sodablastsystems-europe.com\/wp-content\/uploads\/2023\/08\/logo-sodablastsystems-usa-1.png","type":"image\/png"}],"twitter_card":"summary_large_image","twitter_misc":{"Est. reading time":"1 minut\u0117"},"schema":{"@context":"https:\/\/schema.org","@graph":[{"@type":"WebPage","@id":"https:\/\/sodablastsystems-europe.com\/lt\/sb-500-priekabos-su-dpf-specifikacija\/","url":"https:\/\/sodablastsystems-europe.com\/lt\/sb-500-priekabos-su-dpf-specifikacija\/","name":"\"SB-500\" priekabos su DPF specifikacija - SodaBlast Systems","isPartOf":{"@id":"https:\/\/sodablastsystems-europe.com\/lt\/#website"},"datePublished":"2025-02-17T14:24:04+00:00","dateModified":"2025-02-17T14:26:09+00:00","breadcrumb":{"@id":"https:\/\/sodablastsystems-europe.com\/lt\/sb-500-priekabos-su-dpf-specifikacija\/#breadcrumb"},"inLanguage":"lt-LT","potentialAction":[{"@type":"ReadAction","target":["https:\/\/sodablastsystems-europe.com\/lt\/sb-500-priekabos-su-dpf-specifikacija\/"]}]},{"@type":"BreadcrumbList","@id":"https:\/\/sodablastsystems-europe.com\/lt\/sb-500-priekabos-su-dpf-specifikacija\/#breadcrumb","itemListElement":[{"@type":"ListItem","position":1,"name":"Strona g\u0142\u00f3wna","item":"https:\/\/sodablastsystems-europe.com\/lt\/"},{"@type":"ListItem","position":2,"name":"&laquo;SB-500&raquo; priekabos su DPF specifikacija"}]},{"@type":"WebSite","@id":"https:\/\/sodablastsystems-europe.com\/lt\/#website","url":"https:\/\/sodablastsystems-europe.com\/lt\/","name":"SodaBlast Systems Europe","description":"SodaBlasting Machines from USA. Innovative Technology For Your Business.","publisher":{"@id":"https:\/\/sodablastsystems-europe.com\/lt\/#organization"},"potentialAction":[{"@type":"SearchAction","target":{"@type":"EntryPoint","urlTemplate":"https:\/\/sodablastsystems-europe.com\/lt\/?s={search_term_string}"},"query-input":"required name=search_term_string"}],"inLanguage":"lt-LT"},{"@type":"Organization","@id":"https:\/\/sodablastsystems-europe.com\/lt\/#organization","name":"SodaBlast Systems Europe","url":"https:\/\/sodablastsystems-europe.com\/lt\/","logo":{"@type":"ImageObject","inLanguage":"lt-LT","@id":"https:\/\/sodablastsystems-europe.com\/lt\/#\/schema\/logo\/image\/","url":"https:\/\/sodablastsystems-europe.com\/wp-content\/uploads\/2023\/08\/logo-sodablastsystems-usa-1.png","contentUrl":"https:\/\/sodablastsystems-europe.com\/wp-content\/uploads\/2023\/08\/logo-sodablastsystems-usa-1.png","width":200,"height":200,"caption":"SodaBlast Systems Europe"},"image":{"@id":"https:\/\/sodablastsystems-europe.com\/lt\/#\/schema\/logo\/image\/"},"sameAs":["https:\/\/www.facebook.com\/sodablastsystems\/","https:\/\/www.tiktok.com\/@sodablast.systems","https:\/\/www.instagram.com\/sodablastsystems_europe\/","https:\/\/www.youtube.com\/@Sodablastsystems"]}]}},"_links":{"self":[{"href":"https:\/\/sodablastsystems-europe.com\/lt\/wp-json\/wp\/v2\/pages\/6123","targetHints":{"allow":["GET"]}}],"collection":[{"href":"https:\/\/sodablastsystems-europe.com\/lt\/wp-json\/wp\/v2\/pages"}],"about":[{"href":"https:\/\/sodablastsystems-europe.com\/lt\/wp-json\/wp\/v2\/types\/page"}],"author":[{"embeddable":true,"href":"https:\/\/sodablastsystems-europe.com\/lt\/wp-json\/wp\/v2\/users\/1"}],"replies":[{"embeddable":true,"href":"https:\/\/sodablastsystems-europe.com\/lt\/wp-json\/wp\/v2\/comments?post=6123"}],"version-history":[{"count":1,"href":"https:\/\/sodablastsystems-europe.com\/lt\/wp-json\/wp\/v2\/pages\/6123\/revisions"}],"predecessor-version":[{"id":6126,"href":"https:\/\/sodablastsystems-europe.com\/lt\/wp-json\/wp\/v2\/pages\/6123\/revisions\/6126"}],"wp:attachment":[{"href":"https:\/\/sodablastsystems-europe.com\/lt\/wp-json\/wp\/v2\/media?parent=6123"}],"curies":[{"name":"wp","href":"https:\/\/api.w.org\/{rel}","templated":true}]}}