{"id":1434,"date":"2023-08-27T08:07:29","date_gmt":"2023-08-27T08:07:29","guid":{"rendered":"https:\/\/sodablastsystems-europe.com\/30-minuciu-valymo-kompiliacija\/"},"modified":"2026-01-08T09:56:46","modified_gmt":"2026-01-08T09:56:46","slug":"30-minuciu-valymo-kompiliacija","status":"publish","type":"page","link":"https:\/\/sodablastsystems-europe.com\/lt\/30-minuciu-valymo-kompiliacija\/","title":{"rendered":"Vaizdo \u012fra\u0161ai"},"content":{"rendered":"<h1 class=\"wp-block-heading\" id=\"h-30-minute-cleaning-compilation\">30 minu\u010di\u0173 valymo kompiliacija<\/h1>\n\n<h2 class=\"wp-block-heading has-large-font-size\" id=\"h-authentic-soda-blasting-effects-sodablast-users-in-action\">Autenti\u0161ki sodos sprogdinimo efektai &#8211; &#8222;SodaBlast&#8221; naudotoj\u0173 veiksmai<\/h2>\n\n<p>Kvie\u010diame \u017ei\u016br\u0117ti autenti\u0161kus vaizdo \u012fra\u0161us, kuriuos atsiunt\u0117 m\u016bs\u0173 naudotojai i\u0161 visos Europos. \u0160iuose vaizdo \u012fra\u0161uose ne tik demonstruojamas &#8222;SodaBlast Systems&#8221; ma\u0161in\u0173 veiksmingumas, bet ir parodoma taikymo sri\u010di\u0173 \u012fvairov\u0117 bei gyvi sodos sm\u0117liavimo b\u016bdai. Pamatykite, kaip m\u016bs\u0173 klientai sprend\u017eia valymo i\u0161\u0161\u016bkius, ir su\u017einokite, koki\u0173 \u012fsp\u016bding\u0173 rezultat\u0173 galima pasiekti naudojant m\u016bs\u0173 sprendimus. Kiekvienas klipas &#8211; tai tikra patirtis ir tikra transformacija &#8211; atnaujinti pavir\u0161iai v\u0117l \u012fgauna blizges\u012f, o pasitenkinimas gerai atliktu darbu yra ai\u0161kiai matomas.<\/p>\n\n<p><strong>Spustel\u0117kite ir \u017ei\u016br\u0117kite<\/strong>:<\/p>\n\n<lite-vimeo videoid=\"858282701\"><\/lite-vimeo>\n\n<p><\/p>","protected":false},"excerpt":{"rendered":"<p>30 minu\u010di\u0173 valymo kompiliacija Autenti\u0161ki sodos sprogdinimo efektai &#8211; &#8222;SodaBlast&#8221; naudotoj\u0173 veiksmai Kvie\u010diame \u017ei\u016br\u0117ti autenti\u0161kus vaizdo \u012fra\u0161us, kuriuos atsiunt\u0117 m\u016bs\u0173 naudotojai i\u0161 visos Europos. \u0160iuose vaizdo \u012fra\u0161uose ne tik demonstruojamas &#8222;SodaBlast Systems&#8221; ma\u0161in\u0173 veiksmingumas, bet ir parodoma taikymo sri\u010di\u0173 \u012fvairov\u0117 bei gyvi sodos sm\u0117liavimo b\u016bdai. Pamatykite, kaip m\u016bs\u0173 klientai sprend\u017eia valymo i\u0161\u0161\u016bkius, ir su\u017einokite, koki\u0173 [&hellip;]<\/p>","protected":false},"author":1,"featured_media":0,"parent":0,"menu_order":0,"comment_status":"closed","ping_status":"closed","template":"strona-bez-tytu-u","meta":{"footnotes":""},"class_list":["post-1434","page","type-page","status-publish","hentry"],"yoast_head":"<!-- This site is optimized with the Yoast SEO Premium plugin v21.5 (Yoast SEO v21.5) - https:\/\/yoast.com\/wordpress\/plugins\/seo\/ -->\n<title>Soda sprogdinimas Vaizdo \u012fra\u0161\u0173 kompiliacija - SodaBlast Systems<\/title>\n<meta name=\"description\" content=\"\u017di\u016br\u0117kite m\u016bs\u0173 sodos sm\u0117liavimo vaizdo \u012fra\u0161\u0173 rinkin\u012f &quot;SodaBlast Systems Europe&quot;. Susipa\u017einkite su realiomis programomis, kuriose demonstruojamas da\u017e\u0173 ir r\u016bd\u017ei\u0173 \u0161alinimas, pavir\u0161i\u0173 restauravimas ir ekologi\u0161ki valymo sprendimai.\" \/>\n<meta name=\"robots\" content=\"index, follow, max-snippet:-1, max-image-preview:large, max-video-preview:-1\" \/>\n<link rel=\"canonical\" href=\"https:\/\/sodablastsystems-europe.com\/lt\/30-minuciu-valymo-kompiliacija\/\" \/>\n<meta property=\"og:locale\" content=\"lt_LT\" \/>\n<meta property=\"og:type\" content=\"article\" \/>\n<meta property=\"og:title\" content=\"Soda sprogdinimas Vaizdo \u012fra\u0161\u0173 kompiliacija - SodaBlast Systems\" \/>\n<meta property=\"og:description\" content=\"\u017di\u016br\u0117kite m\u016bs\u0173 sodos sm\u0117liavimo vaizdo \u012fra\u0161\u0173 rinkin\u012f &quot;SodaBlast Systems Europe&quot;. Susipa\u017einkite su realiomis programomis, kuriose demonstruojamas da\u017e\u0173 ir r\u016bd\u017ei\u0173 \u0161alinimas, pavir\u0161i\u0173 restauravimas ir ekologi\u0161ki valymo sprendimai.\" \/>\n<meta property=\"og:url\" content=\"https:\/\/sodablastsystems-europe.com\/lt\/30-minuciu-valymo-kompiliacija\/\" \/>\n<meta property=\"og:site_name\" content=\"SodaBlast Systems\" \/>\n<meta property=\"article:publisher\" content=\"https:\/\/www.facebook.com\/sodablastsystems\/\" \/>\n<meta property=\"article:modified_time\" content=\"2026-01-08T09:56:46+00:00\" \/>\n<meta property=\"og:image\" content=\"https:\/\/sodablastsystems-europe.com\/wp-content\/uploads\/2024\/01\/img_6871.jpeg\" \/>\n<meta name=\"twitter:card\" content=\"summary_large_image\" \/>\n<meta name=\"twitter:title\" content=\"Soda sprogdinimas Vaizdo \u012fra\u0161\u0173 kompiliacija - SodaBlast Systems\" \/>\n<meta name=\"twitter:description\" content=\"\u017di\u016br\u0117kite m\u016bs\u0173 sodos sm\u0117liavimo vaizdo \u012fra\u0161\u0173 rinkin\u012f &quot;SodaBlast Systems Europe&quot;. Susipa\u017einkite su realiomis programomis, kuriose demonstruojamas da\u017e\u0173 ir r\u016bd\u017ei\u0173 \u0161alinimas, pavir\u0161i\u0173 restauravimas ir ekologi\u0161ki valymo sprendimai.\" \/>\n<meta name=\"twitter:label1\" content=\"Est. reading time\" \/>\n\t<meta name=\"twitter:data1\" content=\"1 minut\u0117\" \/>\n<script type=\"application\/ld+json\" class=\"yoast-schema-graph\">{\"@context\":\"https:\/\/schema.org\",\"@graph\":[{\"@type\":\"WebPage\",\"@id\":\"https:\/\/sodablastsystems-europe.com\/lt\/30-minuciu-valymo-kompiliacija\/\",\"url\":\"https:\/\/sodablastsystems-europe.com\/lt\/30-minuciu-valymo-kompiliacija\/\",\"name\":\"Soda sprogdinimas Vaizdo \u012fra\u0161\u0173 kompiliacija - SodaBlast Systems\",\"isPartOf\":{\"@id\":\"https:\/\/sodablastsystems-europe.com\/lt\/#website\"},\"datePublished\":\"2023-08-27T08:07:29+00:00\",\"dateModified\":\"2026-01-08T09:56:46+00:00\",\"description\":\"\u017di\u016br\u0117kite m\u016bs\u0173 sodos sm\u0117liavimo vaizdo \u012fra\u0161\u0173 rinkin\u012f \\\"SodaBlast Systems Europe\\\". Susipa\u017einkite su realiomis programomis, kuriose demonstruojamas da\u017e\u0173 ir r\u016bd\u017ei\u0173 \u0161alinimas, pavir\u0161i\u0173 restauravimas ir ekologi\u0161ki valymo sprendimai.\",\"breadcrumb\":{\"@id\":\"https:\/\/sodablastsystems-europe.com\/lt\/30-minuciu-valymo-kompiliacija\/#breadcrumb\"},\"inLanguage\":\"lt-LT\",\"potentialAction\":[{\"@type\":\"ReadAction\",\"target\":[\"https:\/\/sodablastsystems-europe.com\/lt\/30-minuciu-valymo-kompiliacija\/\"]}]},{\"@type\":\"BreadcrumbList\",\"@id\":\"https:\/\/sodablastsystems-europe.com\/lt\/30-minuciu-valymo-kompiliacija\/#breadcrumb\",\"itemListElement\":[{\"@type\":\"ListItem\",\"position\":1,\"name\":\"Strona g\u0142\u00f3wna\",\"item\":\"https:\/\/sodablastsystems-europe.com\/lt\/\"},{\"@type\":\"ListItem\",\"position\":2,\"name\":\"Vaizdo \u012fra\u0161ai\"}]},{\"@type\":\"WebSite\",\"@id\":\"https:\/\/sodablastsystems-europe.com\/lt\/#website\",\"url\":\"https:\/\/sodablastsystems-europe.com\/lt\/\",\"name\":\"SodaBlast Systems Europe\",\"description\":\"SodaBlasting Machines from USA. Innovative Technology For Your Business.\",\"publisher\":{\"@id\":\"https:\/\/sodablastsystems-europe.com\/lt\/#organization\"},\"potentialAction\":[{\"@type\":\"SearchAction\",\"target\":{\"@type\":\"EntryPoint\",\"urlTemplate\":\"https:\/\/sodablastsystems-europe.com\/lt\/?s={search_term_string}\"},\"query-input\":\"required name=search_term_string\"}],\"inLanguage\":\"lt-LT\"},{\"@type\":\"Organization\",\"@id\":\"https:\/\/sodablastsystems-europe.com\/lt\/#organization\",\"name\":\"SodaBlast Systems Europe\",\"url\":\"https:\/\/sodablastsystems-europe.com\/lt\/\",\"logo\":{\"@type\":\"ImageObject\",\"inLanguage\":\"lt-LT\",\"@id\":\"https:\/\/sodablastsystems-europe.com\/lt\/#\/schema\/logo\/image\/\",\"url\":\"https:\/\/sodablastsystems-europe.com\/wp-content\/uploads\/2023\/08\/logo-sodablastsystems-usa-1.png\",\"contentUrl\":\"https:\/\/sodablastsystems-europe.com\/wp-content\/uploads\/2023\/08\/logo-sodablastsystems-usa-1.png\",\"width\":200,\"height\":200,\"caption\":\"SodaBlast Systems Europe\"},\"image\":{\"@id\":\"https:\/\/sodablastsystems-europe.com\/lt\/#\/schema\/logo\/image\/\"},\"sameAs\":[\"https:\/\/www.facebook.com\/sodablastsystems\/\",\"https:\/\/www.tiktok.com\/@sodablast.systems\",\"https:\/\/www.instagram.com\/sodablastsystems_europe\/\",\"https:\/\/www.youtube.com\/@Sodablastsystems\"]}]}<\/script>\n<!-- \/ Yoast SEO Premium plugin. -->","yoast_head_json":{"title":"Soda sprogdinimas Vaizdo \u012fra\u0161\u0173 kompiliacija - SodaBlast Systems","description":"\u017di\u016br\u0117kite m\u016bs\u0173 sodos sm\u0117liavimo vaizdo \u012fra\u0161\u0173 rinkin\u012f \"SodaBlast Systems Europe\". Susipa\u017einkite su realiomis programomis, kuriose demonstruojamas da\u017e\u0173 ir r\u016bd\u017ei\u0173 \u0161alinimas, pavir\u0161i\u0173 restauravimas ir ekologi\u0161ki valymo sprendimai.","robots":{"index":"index","follow":"follow","max-snippet":"max-snippet:-1","max-image-preview":"max-image-preview:large","max-video-preview":"max-video-preview:-1"},"canonical":"https:\/\/sodablastsystems-europe.com\/lt\/30-minuciu-valymo-kompiliacija\/","og_locale":"lt_LT","og_type":"article","og_title":"Soda sprogdinimas Vaizdo \u012fra\u0161\u0173 kompiliacija - SodaBlast Systems","og_description":"\u017di\u016br\u0117kite m\u016bs\u0173 sodos sm\u0117liavimo vaizdo \u012fra\u0161\u0173 rinkin\u012f \"SodaBlast Systems Europe\". Susipa\u017einkite su realiomis programomis, kuriose demonstruojamas da\u017e\u0173 ir r\u016bd\u017ei\u0173 \u0161alinimas, pavir\u0161i\u0173 restauravimas ir ekologi\u0161ki valymo sprendimai.","og_url":"https:\/\/sodablastsystems-europe.com\/lt\/30-minuciu-valymo-kompiliacija\/","og_site_name":"SodaBlast Systems","article_publisher":"https:\/\/www.facebook.com\/sodablastsystems\/","article_modified_time":"2026-01-08T09:56:46+00:00","og_image":[{"url":"https:\/\/sodablastsystems-europe.com\/wp-content\/uploads\/2024\/01\/img_6871.jpeg"}],"twitter_card":"summary_large_image","twitter_title":"Soda sprogdinimas Vaizdo \u012fra\u0161\u0173 kompiliacija - SodaBlast Systems","twitter_description":"\u017di\u016br\u0117kite m\u016bs\u0173 sodos sm\u0117liavimo vaizdo \u012fra\u0161\u0173 rinkin\u012f \"SodaBlast Systems Europe\". Susipa\u017einkite su realiomis programomis, kuriose demonstruojamas da\u017e\u0173 ir r\u016bd\u017ei\u0173 \u0161alinimas, pavir\u0161i\u0173 restauravimas ir ekologi\u0161ki valymo sprendimai.","twitter_misc":{"Est. reading time":"1 minut\u0117"},"schema":{"@context":"https:\/\/schema.org","@graph":[{"@type":"WebPage","@id":"https:\/\/sodablastsystems-europe.com\/lt\/30-minuciu-valymo-kompiliacija\/","url":"https:\/\/sodablastsystems-europe.com\/lt\/30-minuciu-valymo-kompiliacija\/","name":"Soda sprogdinimas Vaizdo \u012fra\u0161\u0173 kompiliacija - SodaBlast Systems","isPartOf":{"@id":"https:\/\/sodablastsystems-europe.com\/lt\/#website"},"datePublished":"2023-08-27T08:07:29+00:00","dateModified":"2026-01-08T09:56:46+00:00","description":"\u017di\u016br\u0117kite m\u016bs\u0173 sodos sm\u0117liavimo vaizdo \u012fra\u0161\u0173 rinkin\u012f \"SodaBlast Systems Europe\". Susipa\u017einkite su realiomis programomis, kuriose demonstruojamas da\u017e\u0173 ir r\u016bd\u017ei\u0173 \u0161alinimas, pavir\u0161i\u0173 restauravimas ir ekologi\u0161ki valymo sprendimai.","breadcrumb":{"@id":"https:\/\/sodablastsystems-europe.com\/lt\/30-minuciu-valymo-kompiliacija\/#breadcrumb"},"inLanguage":"lt-LT","potentialAction":[{"@type":"ReadAction","target":["https:\/\/sodablastsystems-europe.com\/lt\/30-minuciu-valymo-kompiliacija\/"]}]},{"@type":"BreadcrumbList","@id":"https:\/\/sodablastsystems-europe.com\/lt\/30-minuciu-valymo-kompiliacija\/#breadcrumb","itemListElement":[{"@type":"ListItem","position":1,"name":"Strona g\u0142\u00f3wna","item":"https:\/\/sodablastsystems-europe.com\/lt\/"},{"@type":"ListItem","position":2,"name":"Vaizdo \u012fra\u0161ai"}]},{"@type":"WebSite","@id":"https:\/\/sodablastsystems-europe.com\/lt\/#website","url":"https:\/\/sodablastsystems-europe.com\/lt\/","name":"SodaBlast Systems Europe","description":"SodaBlasting Machines from USA. Innovative Technology For Your Business.","publisher":{"@id":"https:\/\/sodablastsystems-europe.com\/lt\/#organization"},"potentialAction":[{"@type":"SearchAction","target":{"@type":"EntryPoint","urlTemplate":"https:\/\/sodablastsystems-europe.com\/lt\/?s={search_term_string}"},"query-input":"required name=search_term_string"}],"inLanguage":"lt-LT"},{"@type":"Organization","@id":"https:\/\/sodablastsystems-europe.com\/lt\/#organization","name":"SodaBlast Systems Europe","url":"https:\/\/sodablastsystems-europe.com\/lt\/","logo":{"@type":"ImageObject","inLanguage":"lt-LT","@id":"https:\/\/sodablastsystems-europe.com\/lt\/#\/schema\/logo\/image\/","url":"https:\/\/sodablastsystems-europe.com\/wp-content\/uploads\/2023\/08\/logo-sodablastsystems-usa-1.png","contentUrl":"https:\/\/sodablastsystems-europe.com\/wp-content\/uploads\/2023\/08\/logo-sodablastsystems-usa-1.png","width":200,"height":200,"caption":"SodaBlast Systems Europe"},"image":{"@id":"https:\/\/sodablastsystems-europe.com\/lt\/#\/schema\/logo\/image\/"},"sameAs":["https:\/\/www.facebook.com\/sodablastsystems\/","https:\/\/www.tiktok.com\/@sodablast.systems","https:\/\/www.instagram.com\/sodablastsystems_europe\/","https:\/\/www.youtube.com\/@Sodablastsystems"]}]}},"_links":{"self":[{"href":"https:\/\/sodablastsystems-europe.com\/lt\/wp-json\/wp\/v2\/pages\/1434","targetHints":{"allow":["GET"]}}],"collection":[{"href":"https:\/\/sodablastsystems-europe.com\/lt\/wp-json\/wp\/v2\/pages"}],"about":[{"href":"https:\/\/sodablastsystems-europe.com\/lt\/wp-json\/wp\/v2\/types\/page"}],"author":[{"embeddable":true,"href":"https:\/\/sodablastsystems-europe.com\/lt\/wp-json\/wp\/v2\/users\/1"}],"replies":[{"embeddable":true,"href":"https:\/\/sodablastsystems-europe.com\/lt\/wp-json\/wp\/v2\/comments?post=1434"}],"version-history":[{"count":3,"href":"https:\/\/sodablastsystems-europe.com\/lt\/wp-json\/wp\/v2\/pages\/1434\/revisions"}],"predecessor-version":[{"id":6524,"href":"https:\/\/sodablastsystems-europe.com\/lt\/wp-json\/wp\/v2\/pages\/1434\/revisions\/6524"}],"wp:attachment":[{"href":"https:\/\/sodablastsystems-europe.com\/lt\/wp-json\/wp\/v2\/media?parent=1434"}],"curies":[{"name":"wp","href":"https:\/\/api.w.org\/{rel}","templated":true}]}}