{"id":1342,"date":"2023-08-27T08:06:12","date_gmt":"2023-08-27T08:06:12","guid":{"rendered":"https:\/\/sodablastsystems-europe.com\/kainorastis\/"},"modified":"2026-01-26T23:55:04","modified_gmt":"2026-01-26T23:55:04","slug":"kainorastis","status":"publish","type":"page","link":"https:\/\/sodablastsystems-europe.com\/lt\/kainorastis\/","title":{"rendered":"Kainora\u0161tis"},"content":{"rendered":"<figure class=\"wp-block-image size-large\"><img decoding=\"async\" width=\"1024\" height=\"664\" src=\"https:\/\/sodablastsystems-europe.com\/wp-content\/uploads\/2023\/09\/97BEDAC4-E1E2-4B47-8E6F-AE3210FB5928_Original-1024x664.jpg\" alt=\"2 asmenys, s\u0117dintys ant ma\u0161in\u0173 iki sodybos\" class=\"wp-image-442\" srcset=\"https:\/\/sodablastsystems-europe.com\/wp-content\/uploads\/2023\/09\/97BEDAC4-E1E2-4B47-8E6F-AE3210FB5928_Original-1024x664.jpg 1024w,  https:\/\/sodablastsystems-europe.com\/wp-content\/uploads\/2023\/09\/97BEDAC4-E1E2-4B47-8E6F-AE3210FB5928_Original-300x194.jpg 300w,  https:\/\/sodablastsystems-europe.com\/wp-content\/uploads\/2023\/09\/97BEDAC4-E1E2-4B47-8E6F-AE3210FB5928_Original-768x498.jpg 768w,  https:\/\/sodablastsystems-europe.com\/wp-content\/uploads\/2023\/09\/97BEDAC4-E1E2-4B47-8E6F-AE3210FB5928_Original-1536x996.jpg 1536w,  https:\/\/sodablastsystems-europe.com\/wp-content\/uploads\/2023\/09\/97BEDAC4-E1E2-4B47-8E6F-AE3210FB5928_Original.jpg 2016w\" sizes=\"(max-width: 1024px) 100vw, 1024px\" \/><\/figure>\n\n\n\n<h2 class=\"wp-block-heading has-x-large-font-size\" id=\"h-suzinokite-apie-sodablast-systems-masinu-kainas\">Su\u017einokite apie &#8222;SodaBlast Systems&#8221; ma\u0161in\u0173 kainas<\/h2>\n\n\n\n<p><strong>Automati\u0161kai i\u0161siun\u010diame ma\u0161in\u0173 kainora\u0161t\u012f per 15 minu\u010di\u0173.<\/strong><\/p>\n\n\n\n<div class=\"wpcf7 no-js\" id=\"wpcf7-f1695-o1\" lang=\"lt-LT\" dir=\"ltr\" data-wpcf7-id=\"1695\">\n<div class=\"screen-reader-response\"><p role=\"status\" aria-live=\"polite\" aria-atomic=\"true\"><\/p> <ul><\/ul><\/div>\n<form action=\"\/lt\/wp-json\/wp\/v2\/pages\/1342#wpcf7-f1695-o1\" method=\"post\" class=\"wpcf7-form init vxcf_live_form\" aria-label=\"Kontakt\u0173 forma\" novalidate=\"novalidate\" data-status=\"init\">\n<fieldset class=\"hidden-fields-container\"><input type=\"hidden\" name=\"_wpcf7\" value=\"1695\" \/><input type=\"hidden\" name=\"_wpcf7_version\" value=\"6.1.5\" \/><input type=\"hidden\" name=\"_wpcf7_locale\" value=\"lt_LT\" \/><input type=\"hidden\" name=\"_wpcf7_unit_tag\" value=\"wpcf7-f1695-o1\" \/><input type=\"hidden\" name=\"_wpcf7_container_post\" value=\"0\" \/><input type=\"hidden\" name=\"_wpcf7_posted_data_hash\" value=\"\" \/>\n<\/fieldset>\n<div class=\"wpcf7-turnstile cf-turnstile\" data-sitekey=\"0x4AAAAAACMyM32TKUTU7EWP\" data-response-field-name=\"_wpcf7_turnstile_response\"><\/div>\n\n<p><label> J\u016bs\u0173 el. pa\u0161to adresas:<br \/>\n<span class=\"wpcf7-form-control-wrap\" data-name=\"your-email\"><input size=\"40\" maxlength=\"400\" class=\"wpcf7-form-control wpcf7-email wpcf7-validates-as-required wpcf7-text wpcf7-validates-as-email\" autocomplete=\"email\" aria-required=\"true\" aria-invalid=\"false\" value=\"\" type=\"email\" name=\"your-email\" \/><\/span> <\/label>\n<\/p>\n<p><input class=\"wpcf7-form-control wpcf7-submit has-spinner wp-block-button__link has-text-align-center wp-element-button\" type=\"submit\" value=\"SEND\" \/>\n<\/p><div class=\"wpcf7-response-output\" aria-hidden=\"true\"><\/div>\n<\/form>\n<\/div>\n\n\n\n\n<p class=\"has-small-font-size\">BDAR susitarimas: U\u017epildydami form\u0105 sutinkate su <a data-type=\"page\" data-id=\"3\" href=\"https:\/\/sodablastsystems-europe.com\/privacy-policy\/\">privatumo politika<\/a><\/p>","protected":false},"excerpt":{"rendered":"<p>Su\u017einokite apie &#8222;SodaBlast Systems&#8221; ma\u0161in\u0173 kainas Automati\u0161kai i\u0161siun\u010diame ma\u0161in\u0173 kainora\u0161t\u012f per 15 minu\u010di\u0173. BDAR susitarimas: U\u017epildydami form\u0105 sutinkate su privatumo politika<\/p>","protected":false},"author":1,"featured_media":0,"parent":0,"menu_order":0,"comment_status":"closed","ping_status":"closed","template":"","meta":{"footnotes":""},"class_list":["post-1342","page","type-page","status-publish","hentry"],"yoast_head":"<!-- This site is optimized with the Yoast SEO Premium plugin v21.5 (Yoast SEO v21.5) - https:\/\/yoast.com\/wordpress\/plugins\/seo\/ -->\n<title>Sodos sm\u0117liavimo \u012frangos kainora\u0161tis - SodaBlast Systems<\/title>\n<meta name=\"description\" content=\"I\u0161samias sodos sm\u0117liavimo \u012frangos kainas rasite &quot;SodaBlast Systems Europe&quot;. Susipa\u017einkite su m\u016bs\u0173 prieinamomis galimyb\u0117mis pramonin\u0117ms, automobili\u0173 ir restauravimo reikm\u0117ms.\" \/>\n<meta name=\"robots\" content=\"index, follow, max-snippet:-1, max-image-preview:large, max-video-preview:-1\" \/>\n<link rel=\"canonical\" href=\"https:\/\/sodablastsystems-europe.com\/lt\/kainorastis\/\" \/>\n<meta property=\"og:locale\" content=\"lt_LT\" \/>\n<meta property=\"og:type\" content=\"article\" \/>\n<meta property=\"og:title\" content=\"Kainora\u0161tis\" \/>\n<meta property=\"og:description\" content=\"I\u0161samias sodos sm\u0117liavimo \u012frangos kainas rasite &quot;SodaBlast Systems Europe&quot;. Susipa\u017einkite su m\u016bs\u0173 prieinamomis galimyb\u0117mis pramonin\u0117ms, automobili\u0173 ir restauravimo reikm\u0117ms.\" \/>\n<meta property=\"og:url\" content=\"https:\/\/sodablastsystems-europe.com\/lt\/kainorastis\/\" \/>\n<meta property=\"og:site_name\" content=\"SodaBlast Systems\" \/>\n<meta property=\"article:publisher\" content=\"https:\/\/www.facebook.com\/sodablastsystems\/\" \/>\n<meta property=\"article:modified_time\" content=\"2026-01-26T23:55:04+00:00\" \/>\n<meta property=\"og:image\" content=\"https:\/\/sodablastsystems-europe.com\/wp-content\/uploads\/2023\/09\/97BEDAC4-E1E2-4B47-8E6F-AE3210FB5928_Original-1024x664.jpg\" \/>\n<meta name=\"twitter:card\" content=\"summary_large_image\" \/>\n<script type=\"application\/ld+json\" class=\"yoast-schema-graph\">{\"@context\":\"https:\/\/schema.org\",\"@graph\":[{\"@type\":\"WebPage\",\"@id\":\"https:\/\/sodablastsystems-europe.com\/lt\/kainorastis\/\",\"url\":\"https:\/\/sodablastsystems-europe.com\/lt\/kainorastis\/\",\"name\":\"Sodos sm\u0117liavimo \u012frangos kainora\u0161tis - SodaBlast Systems\",\"isPartOf\":{\"@id\":\"https:\/\/sodablastsystems-europe.com\/lt\/#website\"},\"datePublished\":\"2023-08-27T08:06:12+00:00\",\"dateModified\":\"2026-01-26T23:55:04+00:00\",\"description\":\"I\u0161samias sodos sm\u0117liavimo \u012frangos kainas rasite \\\"SodaBlast Systems Europe\\\". Susipa\u017einkite su m\u016bs\u0173 prieinamomis galimyb\u0117mis pramonin\u0117ms, automobili\u0173 ir restauravimo reikm\u0117ms.\",\"breadcrumb\":{\"@id\":\"https:\/\/sodablastsystems-europe.com\/lt\/kainorastis\/#breadcrumb\"},\"inLanguage\":\"lt-LT\",\"potentialAction\":[{\"@type\":\"ReadAction\",\"target\":[\"https:\/\/sodablastsystems-europe.com\/lt\/kainorastis\/\"]}]},{\"@type\":\"BreadcrumbList\",\"@id\":\"https:\/\/sodablastsystems-europe.com\/lt\/kainorastis\/#breadcrumb\",\"itemListElement\":[{\"@type\":\"ListItem\",\"position\":1,\"name\":\"Strona g\u0142\u00f3wna\",\"item\":\"https:\/\/sodablastsystems-europe.com\/lt\/\"},{\"@type\":\"ListItem\",\"position\":2,\"name\":\"Kainora\u0161tis\"}]},{\"@type\":\"WebSite\",\"@id\":\"https:\/\/sodablastsystems-europe.com\/lt\/#website\",\"url\":\"https:\/\/sodablastsystems-europe.com\/lt\/\",\"name\":\"SodaBlast Systems Europe\",\"description\":\"SodaBlasting Machines from USA. Innovative Technology For Your Business.\",\"publisher\":{\"@id\":\"https:\/\/sodablastsystems-europe.com\/lt\/#organization\"},\"potentialAction\":[{\"@type\":\"SearchAction\",\"target\":{\"@type\":\"EntryPoint\",\"urlTemplate\":\"https:\/\/sodablastsystems-europe.com\/lt\/?s={search_term_string}\"},\"query-input\":\"required name=search_term_string\"}],\"inLanguage\":\"lt-LT\"},{\"@type\":\"Organization\",\"@id\":\"https:\/\/sodablastsystems-europe.com\/lt\/#organization\",\"name\":\"SodaBlast Systems Europe\",\"url\":\"https:\/\/sodablastsystems-europe.com\/lt\/\",\"logo\":{\"@type\":\"ImageObject\",\"inLanguage\":\"lt-LT\",\"@id\":\"https:\/\/sodablastsystems-europe.com\/lt\/#\/schema\/logo\/image\/\",\"url\":\"https:\/\/sodablastsystems-europe.com\/wp-content\/uploads\/2023\/08\/logo-sodablastsystems-usa-1.png\",\"contentUrl\":\"https:\/\/sodablastsystems-europe.com\/wp-content\/uploads\/2023\/08\/logo-sodablastsystems-usa-1.png\",\"width\":200,\"height\":200,\"caption\":\"SodaBlast Systems Europe\"},\"image\":{\"@id\":\"https:\/\/sodablastsystems-europe.com\/lt\/#\/schema\/logo\/image\/\"},\"sameAs\":[\"https:\/\/www.facebook.com\/sodablastsystems\/\",\"https:\/\/www.tiktok.com\/@sodablast.systems\",\"https:\/\/www.instagram.com\/sodablastsystems_europe\/\",\"https:\/\/www.youtube.com\/@Sodablastsystems\"]}]}<\/script>\n<!-- \/ Yoast SEO Premium plugin. -->","yoast_head_json":{"title":"Sodos sm\u0117liavimo \u012frangos kainora\u0161tis - SodaBlast Systems","description":"I\u0161samias sodos sm\u0117liavimo \u012frangos kainas rasite \"SodaBlast Systems Europe\". Susipa\u017einkite su m\u016bs\u0173 prieinamomis galimyb\u0117mis pramonin\u0117ms, automobili\u0173 ir restauravimo reikm\u0117ms.","robots":{"index":"index","follow":"follow","max-snippet":"max-snippet:-1","max-image-preview":"max-image-preview:large","max-video-preview":"max-video-preview:-1"},"canonical":"https:\/\/sodablastsystems-europe.com\/lt\/kainorastis\/","og_locale":"lt_LT","og_type":"article","og_title":"Kainora\u0161tis","og_description":"I\u0161samias sodos sm\u0117liavimo \u012frangos kainas rasite \"SodaBlast Systems Europe\". Susipa\u017einkite su m\u016bs\u0173 prieinamomis galimyb\u0117mis pramonin\u0117ms, automobili\u0173 ir restauravimo reikm\u0117ms.","og_url":"https:\/\/sodablastsystems-europe.com\/lt\/kainorastis\/","og_site_name":"SodaBlast Systems","article_publisher":"https:\/\/www.facebook.com\/sodablastsystems\/","article_modified_time":"2026-01-26T23:55:04+00:00","og_image":[{"url":"https:\/\/sodablastsystems-europe.com\/wp-content\/uploads\/2023\/09\/97BEDAC4-E1E2-4B47-8E6F-AE3210FB5928_Original-1024x664.jpg"}],"twitter_card":"summary_large_image","schema":{"@context":"https:\/\/schema.org","@graph":[{"@type":"WebPage","@id":"https:\/\/sodablastsystems-europe.com\/lt\/kainorastis\/","url":"https:\/\/sodablastsystems-europe.com\/lt\/kainorastis\/","name":"Sodos sm\u0117liavimo \u012frangos kainora\u0161tis - SodaBlast Systems","isPartOf":{"@id":"https:\/\/sodablastsystems-europe.com\/lt\/#website"},"datePublished":"2023-08-27T08:06:12+00:00","dateModified":"2026-01-26T23:55:04+00:00","description":"I\u0161samias sodos sm\u0117liavimo \u012frangos kainas rasite \"SodaBlast Systems Europe\". Susipa\u017einkite su m\u016bs\u0173 prieinamomis galimyb\u0117mis pramonin\u0117ms, automobili\u0173 ir restauravimo reikm\u0117ms.","breadcrumb":{"@id":"https:\/\/sodablastsystems-europe.com\/lt\/kainorastis\/#breadcrumb"},"inLanguage":"lt-LT","potentialAction":[{"@type":"ReadAction","target":["https:\/\/sodablastsystems-europe.com\/lt\/kainorastis\/"]}]},{"@type":"BreadcrumbList","@id":"https:\/\/sodablastsystems-europe.com\/lt\/kainorastis\/#breadcrumb","itemListElement":[{"@type":"ListItem","position":1,"name":"Strona g\u0142\u00f3wna","item":"https:\/\/sodablastsystems-europe.com\/lt\/"},{"@type":"ListItem","position":2,"name":"Kainora\u0161tis"}]},{"@type":"WebSite","@id":"https:\/\/sodablastsystems-europe.com\/lt\/#website","url":"https:\/\/sodablastsystems-europe.com\/lt\/","name":"SodaBlast Systems Europe","description":"SodaBlasting Machines from USA. Innovative Technology For Your Business.","publisher":{"@id":"https:\/\/sodablastsystems-europe.com\/lt\/#organization"},"potentialAction":[{"@type":"SearchAction","target":{"@type":"EntryPoint","urlTemplate":"https:\/\/sodablastsystems-europe.com\/lt\/?s={search_term_string}"},"query-input":"required name=search_term_string"}],"inLanguage":"lt-LT"},{"@type":"Organization","@id":"https:\/\/sodablastsystems-europe.com\/lt\/#organization","name":"SodaBlast Systems Europe","url":"https:\/\/sodablastsystems-europe.com\/lt\/","logo":{"@type":"ImageObject","inLanguage":"lt-LT","@id":"https:\/\/sodablastsystems-europe.com\/lt\/#\/schema\/logo\/image\/","url":"https:\/\/sodablastsystems-europe.com\/wp-content\/uploads\/2023\/08\/logo-sodablastsystems-usa-1.png","contentUrl":"https:\/\/sodablastsystems-europe.com\/wp-content\/uploads\/2023\/08\/logo-sodablastsystems-usa-1.png","width":200,"height":200,"caption":"SodaBlast Systems Europe"},"image":{"@id":"https:\/\/sodablastsystems-europe.com\/lt\/#\/schema\/logo\/image\/"},"sameAs":["https:\/\/www.facebook.com\/sodablastsystems\/","https:\/\/www.tiktok.com\/@sodablast.systems","https:\/\/www.instagram.com\/sodablastsystems_europe\/","https:\/\/www.youtube.com\/@Sodablastsystems"]}]}},"_links":{"self":[{"href":"https:\/\/sodablastsystems-europe.com\/lt\/wp-json\/wp\/v2\/pages\/1342","targetHints":{"allow":["GET"]}}],"collection":[{"href":"https:\/\/sodablastsystems-europe.com\/lt\/wp-json\/wp\/v2\/pages"}],"about":[{"href":"https:\/\/sodablastsystems-europe.com\/lt\/wp-json\/wp\/v2\/types\/page"}],"author":[{"embeddable":true,"href":"https:\/\/sodablastsystems-europe.com\/lt\/wp-json\/wp\/v2\/users\/1"}],"replies":[{"embeddable":true,"href":"https:\/\/sodablastsystems-europe.com\/lt\/wp-json\/wp\/v2\/comments?post=1342"}],"version-history":[{"count":4,"href":"https:\/\/sodablastsystems-europe.com\/lt\/wp-json\/wp\/v2\/pages\/1342\/revisions"}],"predecessor-version":[{"id":6771,"href":"https:\/\/sodablastsystems-europe.com\/lt\/wp-json\/wp\/v2\/pages\/1342\/revisions\/6771"}],"wp:attachment":[{"href":"https:\/\/sodablastsystems-europe.com\/lt\/wp-json\/wp\/v2\/media?parent=1342"}],"curies":[{"name":"wp","href":"https:\/\/api.w.org\/{rel}","templated":true}]}}