{"id":1321,"date":"2023-08-27T08:06:35","date_gmt":"2023-08-27T08:06:35","guid":{"rendered":"https:\/\/sodablastsystems-europe.com\/poveikis-pries-ir-po\/"},"modified":"2024-11-03T01:16:22","modified_gmt":"2024-11-03T01:16:22","slug":"poveikis-pries-ir-po","status":"publish","type":"page","link":"https:\/\/sodablastsystems-europe.com\/lt\/poveikis-pries-ir-po\/","title":{"rendered":"Poveikis prie\u0161 ir po"},"content":{"rendered":"<p><\/p>\n\n<h2 class=\"wp-block-heading has-x-large-font-size\" id=\"h-amazing-transformation-with-sodablast-systems\">Nuostabi transformacija su &#8222;SodaBlast&#8221; sistemomis<\/h2>\n\n<p>Atraskite sodos valymo gali\u0105 su m\u016bs\u0173 &#8222;Prie\u0161 ir po&#8221; transformacijomis. &#8222;SodaBlast Systems&#8221; &#8211; tai ne tik technologija, bet ir menas atkurti pirmin\u012f pavir\u0161i\u0173 spindes\u012f. Toliau pateikiame m\u016bs\u0173 darb\u0173 galerij\u0105, kurioje kiekviena nuotrauka pasakoja apie m\u016bs\u0173 sodos sm\u0117liavimo ma\u0161in\u0173 tikslum\u0105, \u0161velnum\u0105 ir efektyvum\u0105.<\/p>\n\n<h3 class=\"wp-block-heading has-large-font-size\">&#8222;Prie\u0161&#8221; &#8211; \u0161varos i\u0161\u0161\u016bkis<\/h3>\n\n<p>Kiekviename &#8222;prie\u0161&#8221; u\u017efiksuotos akimirkos, kai pavir\u0161iai atrod\u0117 nepasiekiami atsinaujinimui. R\u016bdys, grafi\u010diai, tar\u0161a &#8211; visi defektai, kuriuos reik\u0117jo subtiliai, bet efektyviai pa\u0161alinti.<\/p>\n\n<h3 class=\"wp-block-heading has-large-font-size\">&#8222;Po&#8221; &#8211; &#8222;SodaBlast&#8221; sistemos poveikis<\/h3>\n\n<p>&#8222;Po&#8221; rezultatai vir\u0161ijo m\u016bs\u0173 ir klient\u0173 l\u016bkes\u010dius. Jie liudija apie natrio bikarbonato gali\u0105, kuris atkuria pirmin\u0119 pavir\u0161i\u0173 i\u0161vaizd\u0105 nepa\u017eeisdamas j\u0173 strukt\u016bros.<\/p>\n\n<p>Kvie\u010diame susipa\u017einti su m\u016bs\u0173 pasiekim\u0173 pavyzd\u017eiais. Kiekviena nuotrauka \u012frodo, kad &#8222;SodaBlast Systems&#8221; jokia u\u017eduotis n\u0117ra per sunki.<\/p>\n\n<p>Pastumkite slankikl\u012f ant nuotraukos ir pamatysite skirtum\u0105:<\/p>\n<p>[bafg id=&#8221;320&#8243;]<\/p>\n<p>[bafg id=&#8221;318&#8243;]<\/p>\n<p>[bafg id=&#8221;322&#8243;]<\/p>\n<p>[bafg id=&#8221;324&#8243;]<\/p>\n<p>[bafg id=&#8221;325&#8243;]<\/p>\n<p>[bafg id=&#8221;326&#8243;]<\/p>\n<p>[bafg id=&#8221;328&#8243;]<\/p>\n<p>[bafg id=&#8221;329&#8243;]<\/p>\n<p>[bafg id=&#8221;330&#8243;]<\/p>\n<p>[bafg id=&#8221;331&#8243;]<\/p>\n<p>[bafg id=&#8221;332&#8243;]<\/p>\n<p>[bafg id=&#8221;334&#8243;]<\/p>\n<p>[bafg id=&#8221;335&#8243;]<\/p>\n<p>[bafg id=&#8221;337&#8243;]<\/p>\n<p>[bafg id=&#8221;338&#8243;]<\/p>\n<p>[bafg id=&#8221;339&#8243;]<\/p>\n<p>[bafg id=&#8221;340&#8243;]<\/p>\n<p>[bafg id=&#8221;341&#8243;]<\/p>\n<p>[bafg id=&#8221;342&#8243;]<\/p>\n<p>[bafg id=&#8221;343&#8243;]<\/p>\n<p>[bafg id=&#8221;345&#8243;]<\/p>\n<p>[bafg id=&#8221;346&#8243;]<\/p>\n<p>[bafg id=&#8221;347&#8243;]<\/p>\n<p>[bafg id=&#8221;348&#8243;]<\/p>\n<p>[bafg id=&#8221;349&#8243;]<\/p>\n<p>[bafg id=&#8221;350&#8243;]<\/p>\n<p>[bafg id=&#8221;351&#8243;]<\/p>\n<p>[bafg id=&#8221;352&#8243;]<\/p>\n<p>[bafg id=&#8221;353&#8243;]<\/p>\n<p>[bafg id=&#8221;354&#8243;]<\/p>\n<p>[bafg id=&#8221;355&#8243;]<\/p>\n<p>[bafg id=&#8221;356&#8243;]<\/p>\n<p>[bafg id=&#8221;357&#8243;]<\/p>\n<p>[bafg id=&#8221;358&#8243;]<\/p>\n<p>[bafg id=&#8221;359&#8243;]<\/p>\n<p>[bafg id=&#8221;360&#8243;]<\/p>\n<p>[bafg id=&#8221;361&#8243;]<\/p>","protected":false},"excerpt":{"rendered":"<p>Nuostabi transformacija su &#8222;SodaBlast&#8221; sistemomis Atraskite sodos valymo gali\u0105 su m\u016bs\u0173 &#8222;Prie\u0161 ir po&#8221; transformacijomis. &#8222;SodaBlast Systems&#8221; &#8211; tai ne tik technologija, bet ir menas atkurti pirmin\u012f pavir\u0161i\u0173 spindes\u012f. Toliau pateikiame m\u016bs\u0173 darb\u0173 galerij\u0105, kurioje kiekviena nuotrauka pasakoja apie m\u016bs\u0173 sodos sm\u0117liavimo ma\u0161in\u0173 tikslum\u0105, \u0161velnum\u0105 ir efektyvum\u0105. &#8222;Prie\u0161&#8221; &#8211; \u0161varos i\u0161\u0161\u016bkis Kiekviename &#8222;prie\u0161&#8221; u\u017efiksuotos akimirkos, [&hellip;]<\/p>","protected":false},"author":1,"featured_media":0,"parent":0,"menu_order":0,"comment_status":"closed","ping_status":"closed","template":"","meta":{"footnotes":""},"class_list":["post-1321","page","type-page","status-publish","hentry"],"yoast_head":"<!-- This site is optimized with the Yoast SEO Premium plugin v21.5 (Yoast SEO v21.5) - https:\/\/yoast.com\/wordpress\/plugins\/seo\/ -->\n<title>Prie\u0161 ir po sodos sm\u0117liavimo - SodaBlast Systems<\/title>\n<meta name=\"description\" content=\"Atraskite transformuojan\u010di\u0105 sodos valymo gali\u0105 su &quot;SodaBlast Systems Europe&quot;. Per\u017ei\u016br\u0117kite m\u016bs\u0173 galerij\u0105 &quot;prie\u0161&quot; ir &quot;po&quot;, kurioje demonstruojamas veiksmingas da\u017e\u0173 \u0161alinimas, r\u016bd\u017ei\u0173 \u0161alinimas ir pavir\u0161iaus atstatymas \u012fvairiose srityse.\" \/>\n<meta name=\"robots\" content=\"index, follow, max-snippet:-1, max-image-preview:large, max-video-preview:-1\" \/>\n<link rel=\"canonical\" href=\"https:\/\/sodablastsystems-europe.com\/lt\/poveikis-pries-ir-po\/\" \/>\n<meta property=\"og:locale\" content=\"lt_LT\" \/>\n<meta property=\"og:type\" content=\"article\" \/>\n<meta property=\"og:title\" content=\"Poveikis prie\u0161 ir po\" \/>\n<meta property=\"og:description\" content=\"Atraskite transformuojan\u010di\u0105 sodos valymo gali\u0105 su &quot;SodaBlast Systems Europe&quot;. Per\u017ei\u016br\u0117kite m\u016bs\u0173 galerij\u0105 &quot;prie\u0161&quot; ir &quot;po&quot;, kurioje demonstruojamas veiksmingas da\u017e\u0173 \u0161alinimas, r\u016bd\u017ei\u0173 \u0161alinimas ir pavir\u0161iaus atstatymas \u012fvairiose srityse.\" \/>\n<meta property=\"og:url\" content=\"https:\/\/sodablastsystems-europe.com\/lt\/poveikis-pries-ir-po\/\" \/>\n<meta property=\"og:site_name\" content=\"SodaBlast Systems\" \/>\n<meta property=\"article:publisher\" content=\"https:\/\/www.facebook.com\/sodablastsystems\/\" \/>\n<meta property=\"article:modified_time\" content=\"2024-11-03T01:16:22+00:00\" \/>\n<meta property=\"og:image\" content=\"https:\/\/sodablastsystems-europe.com\/wp-content\/uploads\/2023\/08\/logo-sodablastsystems-usa-1.png\" \/>\n\t<meta property=\"og:image:width\" content=\"200\" \/>\n\t<meta property=\"og:image:height\" content=\"200\" \/>\n\t<meta property=\"og:image:type\" content=\"image\/png\" \/>\n<meta name=\"twitter:card\" content=\"summary_large_image\" \/>\n<meta name=\"twitter:label1\" content=\"Est. reading time\" \/>\n\t<meta name=\"twitter:data1\" content=\"1 minut\u0117\" \/>\n<script type=\"application\/ld+json\" class=\"yoast-schema-graph\">{\"@context\":\"https:\/\/schema.org\",\"@graph\":[{\"@type\":\"WebPage\",\"@id\":\"https:\/\/sodablastsystems-europe.com\/lt\/poveikis-pries-ir-po\/\",\"url\":\"https:\/\/sodablastsystems-europe.com\/lt\/poveikis-pries-ir-po\/\",\"name\":\"Prie\u0161 ir po sodos sm\u0117liavimo - SodaBlast Systems\",\"isPartOf\":{\"@id\":\"https:\/\/sodablastsystems-europe.com\/lt\/#website\"},\"datePublished\":\"2023-08-27T08:06:35+00:00\",\"dateModified\":\"2024-11-03T01:16:22+00:00\",\"description\":\"Atraskite transformuojan\u010di\u0105 sodos valymo gali\u0105 su \\\"SodaBlast Systems Europe\\\". Per\u017ei\u016br\u0117kite m\u016bs\u0173 galerij\u0105 \\\"prie\u0161\\\" ir \\\"po\\\", kurioje demonstruojamas veiksmingas da\u017e\u0173 \u0161alinimas, r\u016bd\u017ei\u0173 \u0161alinimas ir pavir\u0161iaus atstatymas \u012fvairiose srityse.\",\"breadcrumb\":{\"@id\":\"https:\/\/sodablastsystems-europe.com\/lt\/poveikis-pries-ir-po\/#breadcrumb\"},\"inLanguage\":\"lt-LT\",\"potentialAction\":[{\"@type\":\"ReadAction\",\"target\":[\"https:\/\/sodablastsystems-europe.com\/lt\/poveikis-pries-ir-po\/\"]}]},{\"@type\":\"BreadcrumbList\",\"@id\":\"https:\/\/sodablastsystems-europe.com\/lt\/poveikis-pries-ir-po\/#breadcrumb\",\"itemListElement\":[{\"@type\":\"ListItem\",\"position\":1,\"name\":\"Strona g\u0142\u00f3wna\",\"item\":\"https:\/\/sodablastsystems-europe.com\/lt\/\"},{\"@type\":\"ListItem\",\"position\":2,\"name\":\"Poveikis prie\u0161 ir po\"}]},{\"@type\":\"WebSite\",\"@id\":\"https:\/\/sodablastsystems-europe.com\/lt\/#website\",\"url\":\"https:\/\/sodablastsystems-europe.com\/lt\/\",\"name\":\"SodaBlast Systems Europe\",\"description\":\"SodaBlasting Machines from USA. Innovative Technology For Your Business.\",\"publisher\":{\"@id\":\"https:\/\/sodablastsystems-europe.com\/lt\/#organization\"},\"potentialAction\":[{\"@type\":\"SearchAction\",\"target\":{\"@type\":\"EntryPoint\",\"urlTemplate\":\"https:\/\/sodablastsystems-europe.com\/lt\/?s={search_term_string}\"},\"query-input\":\"required name=search_term_string\"}],\"inLanguage\":\"lt-LT\"},{\"@type\":\"Organization\",\"@id\":\"https:\/\/sodablastsystems-europe.com\/lt\/#organization\",\"name\":\"SodaBlast Systems Europe\",\"url\":\"https:\/\/sodablastsystems-europe.com\/lt\/\",\"logo\":{\"@type\":\"ImageObject\",\"inLanguage\":\"lt-LT\",\"@id\":\"https:\/\/sodablastsystems-europe.com\/lt\/#\/schema\/logo\/image\/\",\"url\":\"https:\/\/sodablastsystems-europe.com\/wp-content\/uploads\/2023\/08\/logo-sodablastsystems-usa-1.png\",\"contentUrl\":\"https:\/\/sodablastsystems-europe.com\/wp-content\/uploads\/2023\/08\/logo-sodablastsystems-usa-1.png\",\"width\":200,\"height\":200,\"caption\":\"SodaBlast Systems Europe\"},\"image\":{\"@id\":\"https:\/\/sodablastsystems-europe.com\/lt\/#\/schema\/logo\/image\/\"},\"sameAs\":[\"https:\/\/www.facebook.com\/sodablastsystems\/\",\"https:\/\/www.tiktok.com\/@sodablast.systems\",\"https:\/\/www.instagram.com\/sodablastsystems_europe\/\",\"https:\/\/www.youtube.com\/@Sodablastsystems\"]}]}<\/script>\n<!-- \/ Yoast SEO Premium plugin. -->","yoast_head_json":{"title":"Prie\u0161 ir po sodos sm\u0117liavimo - SodaBlast Systems","description":"Atraskite transformuojan\u010di\u0105 sodos valymo gali\u0105 su \"SodaBlast Systems Europe\". Per\u017ei\u016br\u0117kite m\u016bs\u0173 galerij\u0105 \"prie\u0161\" ir \"po\", kurioje demonstruojamas veiksmingas da\u017e\u0173 \u0161alinimas, r\u016bd\u017ei\u0173 \u0161alinimas ir pavir\u0161iaus atstatymas \u012fvairiose srityse.","robots":{"index":"index","follow":"follow","max-snippet":"max-snippet:-1","max-image-preview":"max-image-preview:large","max-video-preview":"max-video-preview:-1"},"canonical":"https:\/\/sodablastsystems-europe.com\/lt\/poveikis-pries-ir-po\/","og_locale":"lt_LT","og_type":"article","og_title":"Poveikis prie\u0161 ir po","og_description":"Atraskite transformuojan\u010di\u0105 sodos valymo gali\u0105 su \"SodaBlast Systems Europe\". Per\u017ei\u016br\u0117kite m\u016bs\u0173 galerij\u0105 \"prie\u0161\" ir \"po\", kurioje demonstruojamas veiksmingas da\u017e\u0173 \u0161alinimas, r\u016bd\u017ei\u0173 \u0161alinimas ir pavir\u0161iaus atstatymas \u012fvairiose srityse.","og_url":"https:\/\/sodablastsystems-europe.com\/lt\/poveikis-pries-ir-po\/","og_site_name":"SodaBlast Systems","article_publisher":"https:\/\/www.facebook.com\/sodablastsystems\/","article_modified_time":"2024-11-03T01:16:22+00:00","og_image":[{"width":200,"height":200,"url":"https:\/\/sodablastsystems-europe.com\/wp-content\/uploads\/2023\/08\/logo-sodablastsystems-usa-1.png","type":"image\/png"}],"twitter_card":"summary_large_image","twitter_misc":{"Est. reading time":"1 minut\u0117"},"schema":{"@context":"https:\/\/schema.org","@graph":[{"@type":"WebPage","@id":"https:\/\/sodablastsystems-europe.com\/lt\/poveikis-pries-ir-po\/","url":"https:\/\/sodablastsystems-europe.com\/lt\/poveikis-pries-ir-po\/","name":"Prie\u0161 ir po sodos sm\u0117liavimo - SodaBlast Systems","isPartOf":{"@id":"https:\/\/sodablastsystems-europe.com\/lt\/#website"},"datePublished":"2023-08-27T08:06:35+00:00","dateModified":"2024-11-03T01:16:22+00:00","description":"Atraskite transformuojan\u010di\u0105 sodos valymo gali\u0105 su \"SodaBlast Systems Europe\". Per\u017ei\u016br\u0117kite m\u016bs\u0173 galerij\u0105 \"prie\u0161\" ir \"po\", kurioje demonstruojamas veiksmingas da\u017e\u0173 \u0161alinimas, r\u016bd\u017ei\u0173 \u0161alinimas ir pavir\u0161iaus atstatymas \u012fvairiose srityse.","breadcrumb":{"@id":"https:\/\/sodablastsystems-europe.com\/lt\/poveikis-pries-ir-po\/#breadcrumb"},"inLanguage":"lt-LT","potentialAction":[{"@type":"ReadAction","target":["https:\/\/sodablastsystems-europe.com\/lt\/poveikis-pries-ir-po\/"]}]},{"@type":"BreadcrumbList","@id":"https:\/\/sodablastsystems-europe.com\/lt\/poveikis-pries-ir-po\/#breadcrumb","itemListElement":[{"@type":"ListItem","position":1,"name":"Strona g\u0142\u00f3wna","item":"https:\/\/sodablastsystems-europe.com\/lt\/"},{"@type":"ListItem","position":2,"name":"Poveikis prie\u0161 ir po"}]},{"@type":"WebSite","@id":"https:\/\/sodablastsystems-europe.com\/lt\/#website","url":"https:\/\/sodablastsystems-europe.com\/lt\/","name":"SodaBlast Systems Europe","description":"SodaBlasting Machines from USA. Innovative Technology For Your Business.","publisher":{"@id":"https:\/\/sodablastsystems-europe.com\/lt\/#organization"},"potentialAction":[{"@type":"SearchAction","target":{"@type":"EntryPoint","urlTemplate":"https:\/\/sodablastsystems-europe.com\/lt\/?s={search_term_string}"},"query-input":"required name=search_term_string"}],"inLanguage":"lt-LT"},{"@type":"Organization","@id":"https:\/\/sodablastsystems-europe.com\/lt\/#organization","name":"SodaBlast Systems Europe","url":"https:\/\/sodablastsystems-europe.com\/lt\/","logo":{"@type":"ImageObject","inLanguage":"lt-LT","@id":"https:\/\/sodablastsystems-europe.com\/lt\/#\/schema\/logo\/image\/","url":"https:\/\/sodablastsystems-europe.com\/wp-content\/uploads\/2023\/08\/logo-sodablastsystems-usa-1.png","contentUrl":"https:\/\/sodablastsystems-europe.com\/wp-content\/uploads\/2023\/08\/logo-sodablastsystems-usa-1.png","width":200,"height":200,"caption":"SodaBlast Systems Europe"},"image":{"@id":"https:\/\/sodablastsystems-europe.com\/lt\/#\/schema\/logo\/image\/"},"sameAs":["https:\/\/www.facebook.com\/sodablastsystems\/","https:\/\/www.tiktok.com\/@sodablast.systems","https:\/\/www.instagram.com\/sodablastsystems_europe\/","https:\/\/www.youtube.com\/@Sodablastsystems"]}]}},"_links":{"self":[{"href":"https:\/\/sodablastsystems-europe.com\/lt\/wp-json\/wp\/v2\/pages\/1321","targetHints":{"allow":["GET"]}}],"collection":[{"href":"https:\/\/sodablastsystems-europe.com\/lt\/wp-json\/wp\/v2\/pages"}],"about":[{"href":"https:\/\/sodablastsystems-europe.com\/lt\/wp-json\/wp\/v2\/types\/page"}],"author":[{"embeddable":true,"href":"https:\/\/sodablastsystems-europe.com\/lt\/wp-json\/wp\/v2\/users\/1"}],"replies":[{"embeddable":true,"href":"https:\/\/sodablastsystems-europe.com\/lt\/wp-json\/wp\/v2\/comments?post=1321"}],"version-history":[{"count":1,"href":"https:\/\/sodablastsystems-europe.com\/lt\/wp-json\/wp\/v2\/pages\/1321\/revisions"}],"predecessor-version":[{"id":1323,"href":"https:\/\/sodablastsystems-europe.com\/lt\/wp-json\/wp\/v2\/pages\/1321\/revisions\/1323"}],"wp:attachment":[{"href":"https:\/\/sodablastsystems-europe.com\/lt\/wp-json\/wp\/v2\/media?parent=1321"}],"curies":[{"name":"wp","href":"https:\/\/api.w.org\/{rel}","templated":true}]}}