{"id":6127,"date":"2025-02-17T14:24:04","date_gmt":"2025-02-17T14:24:04","guid":{"rendered":"https:\/\/sodablastsystems-europe.com\/az-sb-500-trailer-dpf-fel-szerelt-potkocsi-muszaki-adatai\/"},"modified":"2025-02-17T14:26:09","modified_gmt":"2025-02-17T14:26:09","slug":"az-sb-500-trailer-dpf-fel-szerelt-potkocsi-muszaki-adatai","status":"publish","type":"page","link":"https:\/\/sodablastsystems-europe.com\/hu\/az-sb-500-trailer-dpf-fel-szerelt-potkocsi-muszaki-adatai\/","title":{"rendered":"Az &#8220;SB-500 Trailer&#8221; DPF-fel szerelt p\u00f3tkocsi m\u0171szaki adatai"},"content":{"rendered":"<p><strong>Teljes, h\u00e1romkomponens\u0171, sz\u00e1ll\u00edthat\u00f3 \u00e9s azonnal haszn\u00e1lhat\u00f3 k\u00e9szlet:<\/strong><\/p>\n\n<p><strong>SodaBlaster robbant\u00e1si r\u00e9szleg:<\/strong><\/p>\n\n<ul class=\"wp-block-list\">\n<li>SB-500 robban\u00f3 tart\u00e1ly<\/li>\n\n\n\n<li>1 m\u00e1sodperces \u00f6nt\u00f6m\u00edt\u0151 tart\u00e1lyny\u00edl\u00e1s<\/li>\n\n\n\n<li>L\u00e9gnyom\u00e1sszab\u00e1lyoz\u00f3<\/li>\n\n\n\n<li>Csiszol\u00f3anyag-mennyis\u00e9g szab\u00e1lyoz\u00f3<\/li>\n\n\n\n<li>Elektromos t\u00e1vir\u00e1ny\u00edt\u00f3 15 m-es k\u00e1bellel<\/li>\n\n\n\n<li>Tiszta leveg\u0151 csatlakoz\u00f3 az opcion\u00e1lis szersz\u00e1mokhoz<\/li>\n\n\n\n<li>340o forg\u00f3 f\u00fav\u00f3cs\u0151 kivezet\u00e9s<\/li>\n\n\n\n<li>Leveg\u0151 kipufog\u00f3 hangtomp\u00edt\u00f3 a f\u00fav\u00f3ka tart\u00e1lyb\u00f3l<\/li>\n<\/ul>\n\n<p><strong>Blaster h\u0171t\u0151rendszer:<\/strong><\/p>\n\n<ul class=\"wp-block-list\">\n<li>MT-3 \u00d6nell\u00e1t\u00f3 l\u00e9gsz\u00e1r\u00edt\u00f3<\/li>\n\n\n\n<li>CF-125 ciklon l\u00e9gsz\u0171r\u0151<\/li>\n\n\n\n<li>10bar nyom\u00e1sh\u0171t\u0151<\/li>\n\n\n\n<li>Nagy sebess\u00e9g\u0171 ventil\u00e1tor<\/li>\n<\/ul>\n\n<p><strong>Csavaros l\u00e9gkompresszor:<\/strong><\/p>\n\n<ul class=\"wp-block-list\">\n<li>Kubota n\u00e9gyhengeres turb\u00f3felt\u00f6lt\u0151s motor<\/li>\n\n\n\n<li>33 kW motorteljes\u00edtm\u00e9ny<\/li>\n\n\n\n<li>1,498 literes motort\u00e9rfogat<\/li>\n\n\n\n<li>12V-os elektromos telep\u00edt\u00e9s<\/li>\n\n\n\n<li>45 literes \u00fczemanyagtart\u00e1ly<\/li>\n\n\n\n<li>LCD kijelz\u0151<\/li>\n\n\n\n<li>STOP v\u00e9szkapcsol\u00f3<\/li>\n\n\n\n<li>Bels\u0151 hangszigetelt h\u00e1zas kompresszor<\/li>\n\n\n\n<li>Korr\u00f3zi\u00f3 elleni v\u00e9delem magas p\u00e1ratartalm\u00fa C3 k\u00f6rnyezethez<\/li>\n\n\n\n<li>Kompresszor leveg\u0151 kipufog\u00f3 hangtomp\u00edt\u00f3ja<\/li>\n\n\n\n<li>Megfelel a bels\u0151 \u00e9g\u00e9s\u0171 motorokra vonatkoz\u00f3 EU STAGE V szabv\u00e1nynak<\/li>\n\n\n\n<li>Megfelel a 2000\/14\/EK zajkibocs\u00e1t\u00e1si szabv\u00e1nynak<\/li>\n<\/ul>\n\n<p><strong>K\u00f6z\u00fati alv\u00e1z:<\/strong><\/p>\n\n<ul class=\"wp-block-list\">\n<li>Speci\u00e1lis p\u00f3tkocsi eur\u00f3pai homologiz\u00e1ci\u00f3ja<\/li>\n\n\n\n<li>CNC gy\u00e1rt\u00e1s\u00fa konstrukci\u00f3<\/li>\n\n\n\n<li>AL-KO alv\u00e1z alkatr\u00e9szek<\/li>\n\n\n\n<li>2 tengely = 4 ker\u00e9k, M+S 13C gumiabroncsok<\/li>\n\n\n\n<li>Fel\u00fclfut\u00e1s, v\u00e9szf\u00e9k \u00e9s r\u00f6gz\u00edt\u0151f\u00e9k<\/li>\n\n\n\n<li>Goly\u00f3s von\u00f3horog von\u00f3horoghoz csatlakoz\u00f3val \u00e9s kop\u00e1sjelz\u0151vel<\/li>\n\n\n\n<li>4 \u00e1ll\u00edthat\u00f3 alv\u00e1zkiegyenl\u00edt\u0151 t\u00e1masz<\/li>\n\n\n\n<li>Teljes m\u00e9ret\u0171 p\u00f3tker\u00e9k<\/li>\n\n\n\n<li>13 p\u00f3lus\u00fa k\u00f6z\u00fati vil\u00e1g\u00edt\u00e1s elektromos szerel\u00e9se<\/li>\n<\/ul>\n\n<p><strong>Tartalmazott tartoz\u00e9kok &#8211; Alapcsomag:<\/strong><\/p>\n\n<ul class=\"wp-block-list\">\n<li>HV-5 kerek f\u00fav\u00f3ka (8mm)<\/li>\n\n\n\n<li>V\u00edzadapter a f\u00fav\u00f3k\u00e1hoz<\/li>\n\n\n\n<li>T\u00f6lcs\u00e9r a csiszol\u00f3anyag ki\u00f6nt\u00e9s\u00e9hez<\/li>\n\n\n\n<li>15m vez\u00e9rl\u0151k\u00e1bel<\/li>\n\n\n\n<li>15m v\u00edzcs\u0151<\/li>\n\n\n\n<li>F\u00fav\u00f3t\u00f6ml\u0151 15m<\/li>\n<\/ul>","protected":false},"excerpt":{"rendered":"<p>Teljes, h\u00e1romkomponens\u0171, sz\u00e1ll\u00edthat\u00f3 \u00e9s azonnal haszn\u00e1lhat\u00f3 k\u00e9szlet: SodaBlaster robbant\u00e1si r\u00e9szleg: Blaster h\u0171t\u0151rendszer: Csavaros l\u00e9gkompresszor: K\u00f6z\u00fati alv\u00e1z: Tartalmazott tartoz\u00e9kok &#8211; Alapcsomag:<\/p>","protected":false},"author":1,"featured_media":0,"parent":0,"menu_order":0,"comment_status":"closed","ping_status":"closed","template":"","meta":{"footnotes":""},"class_list":["post-6127","page","type-page","status-publish","hentry"],"yoast_head":"<!-- This site is optimized with the Yoast SEO Premium plugin v21.5 (Yoast SEO v21.5) - https:\/\/yoast.com\/wordpress\/plugins\/seo\/ -->\n<title>Az &quot;SB-500 Trailer&quot; DPF-fel szerelt p\u00f3tkocsi m\u0171szaki adatai - SodaBlast Systems<\/title>\n<meta name=\"robots\" content=\"index, follow, max-snippet:-1, max-image-preview:large, max-video-preview:-1\" \/>\n<link rel=\"canonical\" href=\"https:\/\/sodablastsystems-europe.com\/hu\/az-sb-500-trailer-dpf-fel-szerelt-potkocsi-muszaki-adatai\/\" \/>\n<meta property=\"og:locale\" content=\"hu_HU\" \/>\n<meta property=\"og:type\" content=\"article\" \/>\n<meta property=\"og:title\" content=\"Az &quot;SB-500 Trailer&quot; DPF-fel szerelt p\u00f3tkocsi m\u0171szaki adatai\" \/>\n<meta property=\"og:description\" content=\"Teljes, h\u00e1romkomponens\u0171, sz\u00e1ll\u00edthat\u00f3 \u00e9s azonnal haszn\u00e1lhat\u00f3 k\u00e9szlet: SodaBlaster robbant\u00e1si r\u00e9szleg: Blaster h\u0171t\u0151rendszer: Csavaros l\u00e9gkompresszor: K\u00f6z\u00fati alv\u00e1z: Tartalmazott tartoz\u00e9kok &#8211; Alapcsomag:\" \/>\n<meta property=\"og:url\" content=\"https:\/\/sodablastsystems-europe.com\/hu\/az-sb-500-trailer-dpf-fel-szerelt-potkocsi-muszaki-adatai\/\" \/>\n<meta property=\"og:site_name\" content=\"SodaBlast Systems\" \/>\n<meta property=\"article:publisher\" content=\"https:\/\/www.facebook.com\/sodablastsystems\/\" \/>\n<meta property=\"article:modified_time\" content=\"2025-02-17T14:26:09+00:00\" \/>\n<meta property=\"og:image\" content=\"https:\/\/sodablastsystems-europe.com\/wp-content\/uploads\/2023\/08\/logo-sodablastsystems-usa-1.png\" \/>\n\t<meta property=\"og:image:width\" content=\"200\" \/>\n\t<meta property=\"og:image:height\" content=\"200\" \/>\n\t<meta property=\"og:image:type\" content=\"image\/png\" \/>\n<meta name=\"twitter:card\" content=\"summary_large_image\" \/>\n<meta name=\"twitter:label1\" content=\"Becs\u00fclt olvas\u00e1si id\u0151\" \/>\n\t<meta name=\"twitter:data1\" content=\"1 minute\" \/>\n<script type=\"application\/ld+json\" class=\"yoast-schema-graph\">{\"@context\":\"https:\/\/schema.org\",\"@graph\":[{\"@type\":\"WebPage\",\"@id\":\"https:\/\/sodablastsystems-europe.com\/hu\/az-sb-500-trailer-dpf-fel-szerelt-potkocsi-muszaki-adatai\/\",\"url\":\"https:\/\/sodablastsystems-europe.com\/hu\/az-sb-500-trailer-dpf-fel-szerelt-potkocsi-muszaki-adatai\/\",\"name\":\"Az \\\"SB-500 Trailer\\\" DPF-fel szerelt p\u00f3tkocsi m\u0171szaki adatai - SodaBlast Systems\",\"isPartOf\":{\"@id\":\"https:\/\/sodablastsystems-europe.com\/hu\/#website\"},\"datePublished\":\"2025-02-17T14:24:04+00:00\",\"dateModified\":\"2025-02-17T14:26:09+00:00\",\"breadcrumb\":{\"@id\":\"https:\/\/sodablastsystems-europe.com\/hu\/az-sb-500-trailer-dpf-fel-szerelt-potkocsi-muszaki-adatai\/#breadcrumb\"},\"inLanguage\":\"hu-HU\",\"potentialAction\":[{\"@type\":\"ReadAction\",\"target\":[\"https:\/\/sodablastsystems-europe.com\/hu\/az-sb-500-trailer-dpf-fel-szerelt-potkocsi-muszaki-adatai\/\"]}]},{\"@type\":\"BreadcrumbList\",\"@id\":\"https:\/\/sodablastsystems-europe.com\/hu\/az-sb-500-trailer-dpf-fel-szerelt-potkocsi-muszaki-adatai\/#breadcrumb\",\"itemListElement\":[{\"@type\":\"ListItem\",\"position\":1,\"name\":\"Strona g\u0142\u00f3wna\",\"item\":\"https:\/\/sodablastsystems-europe.com\/hu\/\"},{\"@type\":\"ListItem\",\"position\":2,\"name\":\"Az &laquo;SB-500 Trailer&raquo; DPF-fel szerelt p\u00f3tkocsi m\u0171szaki adatai\"}]},{\"@type\":\"WebSite\",\"@id\":\"https:\/\/sodablastsystems-europe.com\/hu\/#website\",\"url\":\"https:\/\/sodablastsystems-europe.com\/hu\/\",\"name\":\"SodaBlast Systems Europe\",\"description\":\"SodaBlasting Machines from USA. Innovative Technology For Your Business.\",\"publisher\":{\"@id\":\"https:\/\/sodablastsystems-europe.com\/hu\/#organization\"},\"potentialAction\":[{\"@type\":\"SearchAction\",\"target\":{\"@type\":\"EntryPoint\",\"urlTemplate\":\"https:\/\/sodablastsystems-europe.com\/hu\/?s={search_term_string}\"},\"query-input\":\"required name=search_term_string\"}],\"inLanguage\":\"hu-HU\"},{\"@type\":\"Organization\",\"@id\":\"https:\/\/sodablastsystems-europe.com\/hu\/#organization\",\"name\":\"SodaBlast Systems Europe\",\"url\":\"https:\/\/sodablastsystems-europe.com\/hu\/\",\"logo\":{\"@type\":\"ImageObject\",\"inLanguage\":\"hu-HU\",\"@id\":\"https:\/\/sodablastsystems-europe.com\/hu\/#\/schema\/logo\/image\/\",\"url\":\"https:\/\/sodablastsystems-europe.com\/wp-content\/uploads\/2023\/08\/logo-sodablastsystems-usa-1.png\",\"contentUrl\":\"https:\/\/sodablastsystems-europe.com\/wp-content\/uploads\/2023\/08\/logo-sodablastsystems-usa-1.png\",\"width\":200,\"height\":200,\"caption\":\"SodaBlast Systems Europe\"},\"image\":{\"@id\":\"https:\/\/sodablastsystems-europe.com\/hu\/#\/schema\/logo\/image\/\"},\"sameAs\":[\"https:\/\/www.facebook.com\/sodablastsystems\/\",\"https:\/\/www.tiktok.com\/@sodablast.systems\",\"https:\/\/www.instagram.com\/sodablastsystems_europe\/\",\"https:\/\/www.youtube.com\/@Sodablastsystems\"]}]}<\/script>\n<!-- \/ Yoast SEO Premium plugin. -->","yoast_head_json":{"title":"Az \"SB-500 Trailer\" DPF-fel szerelt p\u00f3tkocsi m\u0171szaki adatai - SodaBlast Systems","robots":{"index":"index","follow":"follow","max-snippet":"max-snippet:-1","max-image-preview":"max-image-preview:large","max-video-preview":"max-video-preview:-1"},"canonical":"https:\/\/sodablastsystems-europe.com\/hu\/az-sb-500-trailer-dpf-fel-szerelt-potkocsi-muszaki-adatai\/","og_locale":"hu_HU","og_type":"article","og_title":"Az \"SB-500 Trailer\" DPF-fel szerelt p\u00f3tkocsi m\u0171szaki adatai","og_description":"Teljes, h\u00e1romkomponens\u0171, sz\u00e1ll\u00edthat\u00f3 \u00e9s azonnal haszn\u00e1lhat\u00f3 k\u00e9szlet: SodaBlaster robbant\u00e1si r\u00e9szleg: Blaster h\u0171t\u0151rendszer: Csavaros l\u00e9gkompresszor: K\u00f6z\u00fati alv\u00e1z: Tartalmazott tartoz\u00e9kok &#8211; Alapcsomag:","og_url":"https:\/\/sodablastsystems-europe.com\/hu\/az-sb-500-trailer-dpf-fel-szerelt-potkocsi-muszaki-adatai\/","og_site_name":"SodaBlast Systems","article_publisher":"https:\/\/www.facebook.com\/sodablastsystems\/","article_modified_time":"2025-02-17T14:26:09+00:00","og_image":[{"width":200,"height":200,"url":"https:\/\/sodablastsystems-europe.com\/wp-content\/uploads\/2023\/08\/logo-sodablastsystems-usa-1.png","type":"image\/png"}],"twitter_card":"summary_large_image","twitter_misc":{"Becs\u00fclt olvas\u00e1si id\u0151":"1 minute"},"schema":{"@context":"https:\/\/schema.org","@graph":[{"@type":"WebPage","@id":"https:\/\/sodablastsystems-europe.com\/hu\/az-sb-500-trailer-dpf-fel-szerelt-potkocsi-muszaki-adatai\/","url":"https:\/\/sodablastsystems-europe.com\/hu\/az-sb-500-trailer-dpf-fel-szerelt-potkocsi-muszaki-adatai\/","name":"Az \"SB-500 Trailer\" DPF-fel szerelt p\u00f3tkocsi m\u0171szaki adatai - SodaBlast Systems","isPartOf":{"@id":"https:\/\/sodablastsystems-europe.com\/hu\/#website"},"datePublished":"2025-02-17T14:24:04+00:00","dateModified":"2025-02-17T14:26:09+00:00","breadcrumb":{"@id":"https:\/\/sodablastsystems-europe.com\/hu\/az-sb-500-trailer-dpf-fel-szerelt-potkocsi-muszaki-adatai\/#breadcrumb"},"inLanguage":"hu-HU","potentialAction":[{"@type":"ReadAction","target":["https:\/\/sodablastsystems-europe.com\/hu\/az-sb-500-trailer-dpf-fel-szerelt-potkocsi-muszaki-adatai\/"]}]},{"@type":"BreadcrumbList","@id":"https:\/\/sodablastsystems-europe.com\/hu\/az-sb-500-trailer-dpf-fel-szerelt-potkocsi-muszaki-adatai\/#breadcrumb","itemListElement":[{"@type":"ListItem","position":1,"name":"Strona g\u0142\u00f3wna","item":"https:\/\/sodablastsystems-europe.com\/hu\/"},{"@type":"ListItem","position":2,"name":"Az &laquo;SB-500 Trailer&raquo; DPF-fel szerelt p\u00f3tkocsi m\u0171szaki adatai"}]},{"@type":"WebSite","@id":"https:\/\/sodablastsystems-europe.com\/hu\/#website","url":"https:\/\/sodablastsystems-europe.com\/hu\/","name":"SodaBlast Systems Europe","description":"SodaBlasting Machines from USA. Innovative Technology For Your Business.","publisher":{"@id":"https:\/\/sodablastsystems-europe.com\/hu\/#organization"},"potentialAction":[{"@type":"SearchAction","target":{"@type":"EntryPoint","urlTemplate":"https:\/\/sodablastsystems-europe.com\/hu\/?s={search_term_string}"},"query-input":"required name=search_term_string"}],"inLanguage":"hu-HU"},{"@type":"Organization","@id":"https:\/\/sodablastsystems-europe.com\/hu\/#organization","name":"SodaBlast Systems Europe","url":"https:\/\/sodablastsystems-europe.com\/hu\/","logo":{"@type":"ImageObject","inLanguage":"hu-HU","@id":"https:\/\/sodablastsystems-europe.com\/hu\/#\/schema\/logo\/image\/","url":"https:\/\/sodablastsystems-europe.com\/wp-content\/uploads\/2023\/08\/logo-sodablastsystems-usa-1.png","contentUrl":"https:\/\/sodablastsystems-europe.com\/wp-content\/uploads\/2023\/08\/logo-sodablastsystems-usa-1.png","width":200,"height":200,"caption":"SodaBlast Systems Europe"},"image":{"@id":"https:\/\/sodablastsystems-europe.com\/hu\/#\/schema\/logo\/image\/"},"sameAs":["https:\/\/www.facebook.com\/sodablastsystems\/","https:\/\/www.tiktok.com\/@sodablast.systems","https:\/\/www.instagram.com\/sodablastsystems_europe\/","https:\/\/www.youtube.com\/@Sodablastsystems"]}]}},"_links":{"self":[{"href":"https:\/\/sodablastsystems-europe.com\/hu\/wp-json\/wp\/v2\/pages\/6127","targetHints":{"allow":["GET"]}}],"collection":[{"href":"https:\/\/sodablastsystems-europe.com\/hu\/wp-json\/wp\/v2\/pages"}],"about":[{"href":"https:\/\/sodablastsystems-europe.com\/hu\/wp-json\/wp\/v2\/types\/page"}],"author":[{"embeddable":true,"href":"https:\/\/sodablastsystems-europe.com\/hu\/wp-json\/wp\/v2\/users\/1"}],"replies":[{"embeddable":true,"href":"https:\/\/sodablastsystems-europe.com\/hu\/wp-json\/wp\/v2\/comments?post=6127"}],"version-history":[{"count":1,"href":"https:\/\/sodablastsystems-europe.com\/hu\/wp-json\/wp\/v2\/pages\/6127\/revisions"}],"predecessor-version":[{"id":6129,"href":"https:\/\/sodablastsystems-europe.com\/hu\/wp-json\/wp\/v2\/pages\/6127\/revisions\/6129"}],"wp:attachment":[{"href":"https:\/\/sodablastsystems-europe.com\/hu\/wp-json\/wp\/v2\/media?parent=6127"}],"curies":[{"name":"wp","href":"https:\/\/api.w.org\/{rel}","templated":true}]}}