{"id":1412,"date":"2023-08-27T08:07:29","date_gmt":"2023-08-27T08:07:29","guid":{"rendered":"https:\/\/sodablastsystems-europe.com\/30-perces-takaritas-osszeallitas\/"},"modified":"2026-01-08T09:56:46","modified_gmt":"2026-01-08T09:56:46","slug":"30-perces-takaritas-osszeallitas","status":"publish","type":"page","link":"https:\/\/sodablastsystems-europe.com\/hu\/30-perces-takaritas-osszeallitas\/","title":{"rendered":"Vide\u00f3k"},"content":{"rendered":"<h1 class=\"wp-block-heading\" id=\"h-30-minute-cleaning-compilation\">30 perces takar\u00edt\u00e1s \u00f6ssze\u00e1ll\u00edt\u00e1s<\/h1>\n\n<h2 class=\"wp-block-heading has-large-font-size\" id=\"h-authentic-soda-blasting-effects-sodablast-users-in-action\">Hiteles sz\u00f3dabomba effektek &#8211; SodaBlast felhaszn\u00e1l\u00f3k akci\u00f3ban<\/h2>\n\n<p>Megh\u00edvjuk \u00d6nt, hogy n\u00e9zze meg a felhaszn\u00e1l\u00f3ink \u00e1ltal Eur\u00f3pa-szerte k\u00fcld\u00f6tt hiteles vide\u00f3kat. Ezek a vide\u00f3k nemcsak a SodaBlast Systems g\u00e9pek hat\u00e9konys\u00e1g\u00e1t mutatj\u00e1k be, hanem az alkalmaz\u00e1sok sokf\u00e9les\u00e9g\u00e9t \u00e9s az \u00e9l\u0151 sz\u00f3daf\u00fav\u00e1si technik\u00e1kat is. N\u00e9zze meg, hogyan oldj\u00e1k meg \u00fcgyfeleink a tiszt\u00edt\u00e1si kih\u00edv\u00e1sokat, \u00e9s milyen l\u00e1tv\u00e1nyos eredm\u00e9nyeket \u00e9rhetnek el megold\u00e1sainkkal. Minden egyes klip igazi \u00e9lm\u00e9nyt \u00e9s val\u00f3di \u00e1talakul\u00e1st jelent &#8211; a fel\u00faj\u00edtott fel\u00fcletek \u00fajra f\u00e9ny\u00fcket nyerik, \u00e9s a j\u00f3l v\u00e9gzett munka el\u00e9gedetts\u00e9ge j\u00f3l l\u00e1that\u00f3.<\/p>\n\n<p><strong>Kattintson \u00e9s n\u00e9zze meg<\/strong>:<\/p>\n\n<lite-vimeo videoid=\"858282701\"><\/lite-vimeo>\n\n<p><\/p>","protected":false},"excerpt":{"rendered":"<p>30 perces takar\u00edt\u00e1s \u00f6ssze\u00e1ll\u00edt\u00e1s Hiteles sz\u00f3dabomba effektek &#8211; SodaBlast felhaszn\u00e1l\u00f3k akci\u00f3ban Megh\u00edvjuk \u00d6nt, hogy n\u00e9zze meg a felhaszn\u00e1l\u00f3ink \u00e1ltal Eur\u00f3pa-szerte k\u00fcld\u00f6tt hiteles vide\u00f3kat. Ezek a vide\u00f3k nemcsak a SodaBlast Systems g\u00e9pek hat\u00e9konys\u00e1g\u00e1t mutatj\u00e1k be, hanem az alkalmaz\u00e1sok sokf\u00e9les\u00e9g\u00e9t \u00e9s az \u00e9l\u0151 sz\u00f3daf\u00fav\u00e1si technik\u00e1kat is. N\u00e9zze meg, hogyan oldj\u00e1k meg \u00fcgyfeleink a tiszt\u00edt\u00e1si kih\u00edv\u00e1sokat, \u00e9s milyen [&hellip;]<\/p>","protected":false},"author":1,"featured_media":0,"parent":0,"menu_order":0,"comment_status":"closed","ping_status":"closed","template":"strona-bez-tytu-u","meta":{"footnotes":""},"class_list":["post-1412","page","type-page","status-publish","hentry"],"yoast_head":"<!-- This site is optimized with the Yoast SEO Premium plugin v21.5 (Yoast SEO v21.5) - https:\/\/yoast.com\/wordpress\/plugins\/seo\/ -->\n<title>Soda Blasting vide\u00f3k \u00f6ssze\u00e1ll\u00edt\u00e1sa - SodaBlast Systems<\/title>\n<meta name=\"description\" content=\"N\u00e9zze meg a SodaBlast Systems Europe sz\u00f3daf\u00fav\u00e1sos vide\u00f3kat tartalmaz\u00f3 \u00f6ssze\u00e1ll\u00edt\u00e1sunkat. Fedezze fel a val\u00f3s \u00e9letb\u0151l vett alkalmaz\u00e1sokat, amelyek a fest\u00e9k- \u00e9s rozsdaelt\u00e1vol\u00edt\u00e1st, a fel\u00fclet helyre\u00e1ll\u00edt\u00e1s\u00e1t \u00e9s a k\u00f6rnyezetbar\u00e1t tiszt\u00edt\u00e1si megold\u00e1sokat mutatj\u00e1k be.\" \/>\n<meta name=\"robots\" content=\"index, follow, max-snippet:-1, max-image-preview:large, max-video-preview:-1\" \/>\n<link rel=\"canonical\" href=\"https:\/\/sodablastsystems-europe.com\/hu\/30-perces-takaritas-osszeallitas\/\" \/>\n<meta property=\"og:locale\" content=\"hu_HU\" \/>\n<meta property=\"og:type\" content=\"article\" \/>\n<meta property=\"og:title\" content=\"Soda Blasting vide\u00f3k \u00f6ssze\u00e1ll\u00edt\u00e1sa - SodaBlast Systems\" \/>\n<meta property=\"og:description\" content=\"N\u00e9zze meg a SodaBlast Systems Europe sz\u00f3daf\u00fav\u00e1sos vide\u00f3kat tartalmaz\u00f3 \u00f6ssze\u00e1ll\u00edt\u00e1sunkat. Fedezze fel a val\u00f3s \u00e9letb\u0151l vett alkalmaz\u00e1sokat, amelyek a fest\u00e9k- \u00e9s rozsdaelt\u00e1vol\u00edt\u00e1st, a fel\u00fclet helyre\u00e1ll\u00edt\u00e1s\u00e1t \u00e9s a k\u00f6rnyezetbar\u00e1t tiszt\u00edt\u00e1si megold\u00e1sokat mutatj\u00e1k be.\" \/>\n<meta property=\"og:url\" content=\"https:\/\/sodablastsystems-europe.com\/hu\/30-perces-takaritas-osszeallitas\/\" \/>\n<meta property=\"og:site_name\" content=\"SodaBlast Systems\" \/>\n<meta property=\"article:publisher\" content=\"https:\/\/www.facebook.com\/sodablastsystems\/\" \/>\n<meta property=\"article:modified_time\" content=\"2026-01-08T09:56:46+00:00\" \/>\n<meta property=\"og:image\" content=\"https:\/\/sodablastsystems-europe.com\/wp-content\/uploads\/2024\/01\/img_6871.jpeg\" \/>\n<meta name=\"twitter:card\" content=\"summary_large_image\" \/>\n<meta name=\"twitter:title\" content=\"Soda Blasting vide\u00f3k \u00f6ssze\u00e1ll\u00edt\u00e1sa - SodaBlast Systems\" \/>\n<meta name=\"twitter:description\" content=\"N\u00e9zze meg a SodaBlast Systems Europe sz\u00f3daf\u00fav\u00e1sos vide\u00f3kat tartalmaz\u00f3 \u00f6ssze\u00e1ll\u00edt\u00e1sunkat. Fedezze fel a val\u00f3s \u00e9letb\u0151l vett alkalmaz\u00e1sokat, amelyek a fest\u00e9k- \u00e9s rozsdaelt\u00e1vol\u00edt\u00e1st, a fel\u00fclet helyre\u00e1ll\u00edt\u00e1s\u00e1t \u00e9s a k\u00f6rnyezetbar\u00e1t tiszt\u00edt\u00e1si megold\u00e1sokat mutatj\u00e1k be.\" \/>\n<meta name=\"twitter:label1\" content=\"Becs\u00fclt olvas\u00e1si id\u0151\" \/>\n\t<meta name=\"twitter:data1\" content=\"1 minute\" \/>\n<script type=\"application\/ld+json\" class=\"yoast-schema-graph\">{\"@context\":\"https:\/\/schema.org\",\"@graph\":[{\"@type\":\"WebPage\",\"@id\":\"https:\/\/sodablastsystems-europe.com\/hu\/30-perces-takaritas-osszeallitas\/\",\"url\":\"https:\/\/sodablastsystems-europe.com\/hu\/30-perces-takaritas-osszeallitas\/\",\"name\":\"Soda Blasting vide\u00f3k \u00f6ssze\u00e1ll\u00edt\u00e1sa - SodaBlast Systems\",\"isPartOf\":{\"@id\":\"https:\/\/sodablastsystems-europe.com\/hu\/#website\"},\"datePublished\":\"2023-08-27T08:07:29+00:00\",\"dateModified\":\"2026-01-08T09:56:46+00:00\",\"description\":\"N\u00e9zze meg a SodaBlast Systems Europe sz\u00f3daf\u00fav\u00e1sos vide\u00f3kat tartalmaz\u00f3 \u00f6ssze\u00e1ll\u00edt\u00e1sunkat. Fedezze fel a val\u00f3s \u00e9letb\u0151l vett alkalmaz\u00e1sokat, amelyek a fest\u00e9k- \u00e9s rozsdaelt\u00e1vol\u00edt\u00e1st, a fel\u00fclet helyre\u00e1ll\u00edt\u00e1s\u00e1t \u00e9s a k\u00f6rnyezetbar\u00e1t tiszt\u00edt\u00e1si megold\u00e1sokat mutatj\u00e1k be.\",\"breadcrumb\":{\"@id\":\"https:\/\/sodablastsystems-europe.com\/hu\/30-perces-takaritas-osszeallitas\/#breadcrumb\"},\"inLanguage\":\"hu-HU\",\"potentialAction\":[{\"@type\":\"ReadAction\",\"target\":[\"https:\/\/sodablastsystems-europe.com\/hu\/30-perces-takaritas-osszeallitas\/\"]}]},{\"@type\":\"BreadcrumbList\",\"@id\":\"https:\/\/sodablastsystems-europe.com\/hu\/30-perces-takaritas-osszeallitas\/#breadcrumb\",\"itemListElement\":[{\"@type\":\"ListItem\",\"position\":1,\"name\":\"Strona g\u0142\u00f3wna\",\"item\":\"https:\/\/sodablastsystems-europe.com\/hu\/\"},{\"@type\":\"ListItem\",\"position\":2,\"name\":\"Vide\u00f3k\"}]},{\"@type\":\"WebSite\",\"@id\":\"https:\/\/sodablastsystems-europe.com\/hu\/#website\",\"url\":\"https:\/\/sodablastsystems-europe.com\/hu\/\",\"name\":\"SodaBlast Systems Europe\",\"description\":\"SodaBlasting Machines from USA. Innovative Technology For Your Business.\",\"publisher\":{\"@id\":\"https:\/\/sodablastsystems-europe.com\/hu\/#organization\"},\"potentialAction\":[{\"@type\":\"SearchAction\",\"target\":{\"@type\":\"EntryPoint\",\"urlTemplate\":\"https:\/\/sodablastsystems-europe.com\/hu\/?s={search_term_string}\"},\"query-input\":\"required name=search_term_string\"}],\"inLanguage\":\"hu-HU\"},{\"@type\":\"Organization\",\"@id\":\"https:\/\/sodablastsystems-europe.com\/hu\/#organization\",\"name\":\"SodaBlast Systems Europe\",\"url\":\"https:\/\/sodablastsystems-europe.com\/hu\/\",\"logo\":{\"@type\":\"ImageObject\",\"inLanguage\":\"hu-HU\",\"@id\":\"https:\/\/sodablastsystems-europe.com\/hu\/#\/schema\/logo\/image\/\",\"url\":\"https:\/\/sodablastsystems-europe.com\/wp-content\/uploads\/2023\/08\/logo-sodablastsystems-usa-1.png\",\"contentUrl\":\"https:\/\/sodablastsystems-europe.com\/wp-content\/uploads\/2023\/08\/logo-sodablastsystems-usa-1.png\",\"width\":200,\"height\":200,\"caption\":\"SodaBlast Systems Europe\"},\"image\":{\"@id\":\"https:\/\/sodablastsystems-europe.com\/hu\/#\/schema\/logo\/image\/\"},\"sameAs\":[\"https:\/\/www.facebook.com\/sodablastsystems\/\",\"https:\/\/www.tiktok.com\/@sodablast.systems\",\"https:\/\/www.instagram.com\/sodablastsystems_europe\/\",\"https:\/\/www.youtube.com\/@Sodablastsystems\"]}]}<\/script>\n<!-- \/ Yoast SEO Premium plugin. -->","yoast_head_json":{"title":"Soda Blasting vide\u00f3k \u00f6ssze\u00e1ll\u00edt\u00e1sa - SodaBlast Systems","description":"N\u00e9zze meg a SodaBlast Systems Europe sz\u00f3daf\u00fav\u00e1sos vide\u00f3kat tartalmaz\u00f3 \u00f6ssze\u00e1ll\u00edt\u00e1sunkat. Fedezze fel a val\u00f3s \u00e9letb\u0151l vett alkalmaz\u00e1sokat, amelyek a fest\u00e9k- \u00e9s rozsdaelt\u00e1vol\u00edt\u00e1st, a fel\u00fclet helyre\u00e1ll\u00edt\u00e1s\u00e1t \u00e9s a k\u00f6rnyezetbar\u00e1t tiszt\u00edt\u00e1si megold\u00e1sokat mutatj\u00e1k be.","robots":{"index":"index","follow":"follow","max-snippet":"max-snippet:-1","max-image-preview":"max-image-preview:large","max-video-preview":"max-video-preview:-1"},"canonical":"https:\/\/sodablastsystems-europe.com\/hu\/30-perces-takaritas-osszeallitas\/","og_locale":"hu_HU","og_type":"article","og_title":"Soda Blasting vide\u00f3k \u00f6ssze\u00e1ll\u00edt\u00e1sa - SodaBlast Systems","og_description":"N\u00e9zze meg a SodaBlast Systems Europe sz\u00f3daf\u00fav\u00e1sos vide\u00f3kat tartalmaz\u00f3 \u00f6ssze\u00e1ll\u00edt\u00e1sunkat. Fedezze fel a val\u00f3s \u00e9letb\u0151l vett alkalmaz\u00e1sokat, amelyek a fest\u00e9k- \u00e9s rozsdaelt\u00e1vol\u00edt\u00e1st, a fel\u00fclet helyre\u00e1ll\u00edt\u00e1s\u00e1t \u00e9s a k\u00f6rnyezetbar\u00e1t tiszt\u00edt\u00e1si megold\u00e1sokat mutatj\u00e1k be.","og_url":"https:\/\/sodablastsystems-europe.com\/hu\/30-perces-takaritas-osszeallitas\/","og_site_name":"SodaBlast Systems","article_publisher":"https:\/\/www.facebook.com\/sodablastsystems\/","article_modified_time":"2026-01-08T09:56:46+00:00","og_image":[{"url":"https:\/\/sodablastsystems-europe.com\/wp-content\/uploads\/2024\/01\/img_6871.jpeg"}],"twitter_card":"summary_large_image","twitter_title":"Soda Blasting vide\u00f3k \u00f6ssze\u00e1ll\u00edt\u00e1sa - SodaBlast Systems","twitter_description":"N\u00e9zze meg a SodaBlast Systems Europe sz\u00f3daf\u00fav\u00e1sos vide\u00f3kat tartalmaz\u00f3 \u00f6ssze\u00e1ll\u00edt\u00e1sunkat. Fedezze fel a val\u00f3s \u00e9letb\u0151l vett alkalmaz\u00e1sokat, amelyek a fest\u00e9k- \u00e9s rozsdaelt\u00e1vol\u00edt\u00e1st, a fel\u00fclet helyre\u00e1ll\u00edt\u00e1s\u00e1t \u00e9s a k\u00f6rnyezetbar\u00e1t tiszt\u00edt\u00e1si megold\u00e1sokat mutatj\u00e1k be.","twitter_misc":{"Becs\u00fclt olvas\u00e1si id\u0151":"1 minute"},"schema":{"@context":"https:\/\/schema.org","@graph":[{"@type":"WebPage","@id":"https:\/\/sodablastsystems-europe.com\/hu\/30-perces-takaritas-osszeallitas\/","url":"https:\/\/sodablastsystems-europe.com\/hu\/30-perces-takaritas-osszeallitas\/","name":"Soda Blasting vide\u00f3k \u00f6ssze\u00e1ll\u00edt\u00e1sa - SodaBlast Systems","isPartOf":{"@id":"https:\/\/sodablastsystems-europe.com\/hu\/#website"},"datePublished":"2023-08-27T08:07:29+00:00","dateModified":"2026-01-08T09:56:46+00:00","description":"N\u00e9zze meg a SodaBlast Systems Europe sz\u00f3daf\u00fav\u00e1sos vide\u00f3kat tartalmaz\u00f3 \u00f6ssze\u00e1ll\u00edt\u00e1sunkat. Fedezze fel a val\u00f3s \u00e9letb\u0151l vett alkalmaz\u00e1sokat, amelyek a fest\u00e9k- \u00e9s rozsdaelt\u00e1vol\u00edt\u00e1st, a fel\u00fclet helyre\u00e1ll\u00edt\u00e1s\u00e1t \u00e9s a k\u00f6rnyezetbar\u00e1t tiszt\u00edt\u00e1si megold\u00e1sokat mutatj\u00e1k be.","breadcrumb":{"@id":"https:\/\/sodablastsystems-europe.com\/hu\/30-perces-takaritas-osszeallitas\/#breadcrumb"},"inLanguage":"hu-HU","potentialAction":[{"@type":"ReadAction","target":["https:\/\/sodablastsystems-europe.com\/hu\/30-perces-takaritas-osszeallitas\/"]}]},{"@type":"BreadcrumbList","@id":"https:\/\/sodablastsystems-europe.com\/hu\/30-perces-takaritas-osszeallitas\/#breadcrumb","itemListElement":[{"@type":"ListItem","position":1,"name":"Strona g\u0142\u00f3wna","item":"https:\/\/sodablastsystems-europe.com\/hu\/"},{"@type":"ListItem","position":2,"name":"Vide\u00f3k"}]},{"@type":"WebSite","@id":"https:\/\/sodablastsystems-europe.com\/hu\/#website","url":"https:\/\/sodablastsystems-europe.com\/hu\/","name":"SodaBlast Systems Europe","description":"SodaBlasting Machines from USA. Innovative Technology For Your Business.","publisher":{"@id":"https:\/\/sodablastsystems-europe.com\/hu\/#organization"},"potentialAction":[{"@type":"SearchAction","target":{"@type":"EntryPoint","urlTemplate":"https:\/\/sodablastsystems-europe.com\/hu\/?s={search_term_string}"},"query-input":"required name=search_term_string"}],"inLanguage":"hu-HU"},{"@type":"Organization","@id":"https:\/\/sodablastsystems-europe.com\/hu\/#organization","name":"SodaBlast Systems Europe","url":"https:\/\/sodablastsystems-europe.com\/hu\/","logo":{"@type":"ImageObject","inLanguage":"hu-HU","@id":"https:\/\/sodablastsystems-europe.com\/hu\/#\/schema\/logo\/image\/","url":"https:\/\/sodablastsystems-europe.com\/wp-content\/uploads\/2023\/08\/logo-sodablastsystems-usa-1.png","contentUrl":"https:\/\/sodablastsystems-europe.com\/wp-content\/uploads\/2023\/08\/logo-sodablastsystems-usa-1.png","width":200,"height":200,"caption":"SodaBlast Systems Europe"},"image":{"@id":"https:\/\/sodablastsystems-europe.com\/hu\/#\/schema\/logo\/image\/"},"sameAs":["https:\/\/www.facebook.com\/sodablastsystems\/","https:\/\/www.tiktok.com\/@sodablast.systems","https:\/\/www.instagram.com\/sodablastsystems_europe\/","https:\/\/www.youtube.com\/@Sodablastsystems"]}]}},"_links":{"self":[{"href":"https:\/\/sodablastsystems-europe.com\/hu\/wp-json\/wp\/v2\/pages\/1412","targetHints":{"allow":["GET"]}}],"collection":[{"href":"https:\/\/sodablastsystems-europe.com\/hu\/wp-json\/wp\/v2\/pages"}],"about":[{"href":"https:\/\/sodablastsystems-europe.com\/hu\/wp-json\/wp\/v2\/types\/page"}],"author":[{"embeddable":true,"href":"https:\/\/sodablastsystems-europe.com\/hu\/wp-json\/wp\/v2\/users\/1"}],"replies":[{"embeddable":true,"href":"https:\/\/sodablastsystems-europe.com\/hu\/wp-json\/wp\/v2\/comments?post=1412"}],"version-history":[{"count":3,"href":"https:\/\/sodablastsystems-europe.com\/hu\/wp-json\/wp\/v2\/pages\/1412\/revisions"}],"predecessor-version":[{"id":6528,"href":"https:\/\/sodablastsystems-europe.com\/hu\/wp-json\/wp\/v2\/pages\/1412\/revisions\/6528"}],"wp:attachment":[{"href":"https:\/\/sodablastsystems-europe.com\/hu\/wp-json\/wp\/v2\/media?parent=1412"}],"curies":[{"name":"wp","href":"https:\/\/api.w.org\/{rel}","templated":true}]}}