{"id":1294,"date":"2023-08-27T08:06:35","date_gmt":"2023-08-27T08:06:35","guid":{"rendered":"https:\/\/sodablastsystems-europe.com\/elotte-es-utana-hatasok\/"},"modified":"2024-11-03T01:16:22","modified_gmt":"2024-11-03T01:16:22","slug":"elotte-es-utana-hatasok","status":"publish","type":"page","link":"https:\/\/sodablastsystems-europe.com\/hu\/elotte-es-utana-hatasok\/","title":{"rendered":"El\u0151tte \u00e9s ut\u00e1na hat\u00e1sok"},"content":{"rendered":"<p><\/p>\n\n<h2 class=\"wp-block-heading has-x-large-font-size\" id=\"h-amazing-transformation-with-sodablast-systems\">Csod\u00e1latos \u00e1talakul\u00e1s a SodaBlast rendszerekkel<\/h2>\n\n<p>Fedezze fel a sz\u00f3dabomba erej\u00e9t a &#8220;Miel\u0151tt \u00e9s ut\u00e1na&#8221; \u00e1talak\u00edt\u00e1sainkkal. A SodaBlast Systems nem csup\u00e1n egy technol\u00f3gia, hanem a fel\u00fcletek eredeti ragyog\u00e1suk vissza\u00e1ll\u00edt\u00e1s\u00e1nak m\u0171v\u00e9szete is. Az al\u00e1bbiakban bemutatunk egy gal\u00e9ri\u00e1t a munk\u00e1inkr\u00f3l, ahol minden egyes fot\u00f3 a sz\u00f3daf\u00fav\u00f3 g\u00e9peink pontoss\u00e1g\u00e1r\u00f3l, k\u00edm\u00e9letess\u00e9g\u00e9r\u0151l \u00e9s hat\u00e9konys\u00e1g\u00e1r\u00f3l sz\u00f3l.<\/p>\n\n<h3 class=\"wp-block-heading has-large-font-size\">&#8220;Miel\u0151tt&#8221; &#8211; A tisztas\u00e1gi kih\u00edv\u00e1s<\/h3>\n\n<p>Minden &#8220;el\u0151tte&#8221; olyan pillanatokat \u00f6r\u00f6k\u00edtett meg, amikor a fel\u00fcletek a meg\u00fajul\u00e1s el\u00e9rhetetlennek t\u0171ntek. Rozsda, graffiti, szennyez\u00e9s &#8211; mind olyan hib\u00e1k, amelyek finom, de hat\u00e9kony beavatkoz\u00e1st ig\u00e9nyeltek.<\/p>\n\n<h3 class=\"wp-block-heading has-large-font-size\">&#8220;Ut\u00e1na&#8221; &#8211; A SodaBlast rendszer hat\u00e1sa<\/h3>\n\n<p>Az &#8220;ut\u00f3lagos&#8221; hat\u00e1sok olyan eredm\u00e9nyeket mutatnak, amelyek meghaladt\u00e1k mind a mi, mind az \u00fcgyfeleink elv\u00e1r\u00e1sait. A n\u00e1trium-hidrog\u00e9nkarbon\u00e1t erej\u00e9r\u0151l tan\u00faskodnak, amely a fel\u00fcletek eredeti kin\u00e9zet\u00e9t \u00e1ll\u00edtja vissza an\u00e9lk\u00fcl, hogy k\u00e1ros\u00edtan\u00e1 a szerkezet\u00fcket.<\/p>\n\n<p>K\u00e9rj\u00fck, tekintse meg eredm\u00e9nyeink p\u00e9ld\u00e1it. Minden egyes fot\u00f3 azt bizony\u00edtja, hogy a SodaBlast Systems sz\u00e1m\u00e1ra nincs t\u00fal neh\u00e9z feladat.<\/p>\n\n<p>Cs\u00fasztassa a cs\u00faszk\u00e1t a f\u00e9nyk\u00e9pen, \u00e9s n\u00e9zze meg a k\u00fcl\u00f6nbs\u00e9get:<\/p>\n<p>[bafg id=&#8221;320&#8243;]<\/p>\n<p>[bafg id=&#8221;318&#8243;]<\/p>\n<p>[bafg id=&#8221;322&#8243;]<\/p>\n<p>[bafg id=&#8221;324&#8243;]<\/p>\n<p>[bafg id=&#8221;325&#8243;]<\/p>\n<p>[bafg id=&#8221;326&#8243;]<\/p>\n<p>[bafg id=&#8221;328&#8243;]<\/p>\n<p>[bafg id=&#8221;329&#8243;]<\/p>\n<p>[bafg id=&#8221;330&#8243;]<\/p>\n<p>[bafg id=&#8221;331&#8243;]<\/p>\n<p>[bafg id=&#8221;332&#8243;]<\/p>\n<p>[bafg id=&#8221;334&#8243;]<\/p>\n<p>[bafg id=&#8221;335&#8243;]<\/p>\n<p>[bafg id=&#8221;337&#8243;]<\/p>\n<p>[bafg id=&#8221;338&#8243;]<\/p>\n<p>[bafg id=&#8221;339&#8243;]<\/p>\n<p>[bafg id=&#8221;340&#8243;]<\/p>\n<p>[bafg id=&#8221;341&#8243;]<\/p>\n<p>[bafg id=&#8221;342&#8243;]<\/p>\n<p>[bafg id=&#8221;343&#8243;]<\/p>\n<p>[bafg id=&#8221;345&#8243;]<\/p>\n<p>[bafg id=&#8221;346&#8243;]<\/p>\n<p>[bafg id=&#8221;347&#8243;]<\/p>\n<p>[bafg id=&#8221;348&#8243;]<\/p>\n<p>[bafg id=&#8221;349&#8243;]<\/p>\n<p>[bafg id=&#8221;350&#8243;]<\/p>\n<p>[bafg id=&#8221;351&#8243;]<\/p>\n<p>[bafg id=&#8221;352&#8243;]<\/p>\n<p>[bafg id=&#8221;353&#8243;]<\/p>\n<p>[bafg id=&#8221;354&#8243;]<\/p>\n<p>[bafg id=&#8221;355&#8243;]<\/p>\n<p>[bafg id=&#8221;356&#8243;]<\/p>\n<p>[bafg id=&#8221;357&#8243;]<\/p>\n<p>[bafg id=&#8221;358&#8243;]<\/p>\n<p>[bafg id=&#8221;359&#8243;]<\/p>\n<p>[bafg id=&#8221;360&#8243;]<\/p>\n<p>[bafg id=&#8221;361&#8243;]<\/p>","protected":false},"excerpt":{"rendered":"<p>Csod\u00e1latos \u00e1talakul\u00e1s a SodaBlast rendszerekkel Fedezze fel a sz\u00f3dabomba erej\u00e9t a &#8220;Miel\u0151tt \u00e9s ut\u00e1na&#8221; \u00e1talak\u00edt\u00e1sainkkal. A SodaBlast Systems nem csup\u00e1n egy technol\u00f3gia, hanem a fel\u00fcletek eredeti ragyog\u00e1suk vissza\u00e1ll\u00edt\u00e1s\u00e1nak m\u0171v\u00e9szete is. Az al\u00e1bbiakban bemutatunk egy gal\u00e9ri\u00e1t a munk\u00e1inkr\u00f3l, ahol minden egyes fot\u00f3 a sz\u00f3daf\u00fav\u00f3 g\u00e9peink pontoss\u00e1g\u00e1r\u00f3l, k\u00edm\u00e9letess\u00e9g\u00e9r\u0151l \u00e9s hat\u00e9konys\u00e1g\u00e1r\u00f3l sz\u00f3l. &#8220;Miel\u0151tt&#8221; &#8211; A tisztas\u00e1gi kih\u00edv\u00e1s Minden [&hellip;]<\/p>","protected":false},"author":1,"featured_media":0,"parent":0,"menu_order":0,"comment_status":"closed","ping_status":"closed","template":"","meta":{"footnotes":""},"class_list":["post-1294","page","type-page","status-publish","hentry"],"yoast_head":"<!-- This site is optimized with the Yoast SEO Premium plugin v21.5 (Yoast SEO v21.5) - https:\/\/yoast.com\/wordpress\/plugins\/seo\/ -->\n<title>A sz\u00f3dabikarb\u00f3na robbant\u00e1s el\u0151tti \u00e9s ut\u00e1ni hat\u00e1sai - SodaBlast Systems<\/title>\n<meta name=\"description\" content=\"Fedezze fel a SodaBlast Systems Europe seg\u00edts\u00e9g\u00e9vel a sz\u00f3daf\u00fav\u00e1s \u00e1talak\u00edt\u00f3 erej\u00e9t. Tekintse meg a k\u00fcl\u00f6nb\u00f6z\u0151 alkalmaz\u00e1sok hat\u00e9kony fest\u00e9kelt\u00e1vol\u00edt\u00e1s\u00e1t, rozsdaelt\u00e1vol\u00edt\u00e1s\u00e1t \u00e9s a fel\u00fclet helyre\u00e1ll\u00edt\u00e1s\u00e1t bemutat\u00f3 el\u0151tte-ut\u00e1na gal\u00e9ri\u00e1nkat.\" \/>\n<meta name=\"robots\" content=\"index, follow, max-snippet:-1, max-image-preview:large, max-video-preview:-1\" \/>\n<link rel=\"canonical\" href=\"https:\/\/sodablastsystems-europe.com\/hu\/elotte-es-utana-hatasok\/\" \/>\n<meta property=\"og:locale\" content=\"hu_HU\" \/>\n<meta property=\"og:type\" content=\"article\" \/>\n<meta property=\"og:title\" content=\"El\u0151tte \u00e9s ut\u00e1na hat\u00e1sok\" \/>\n<meta property=\"og:description\" content=\"Fedezze fel a SodaBlast Systems Europe seg\u00edts\u00e9g\u00e9vel a sz\u00f3daf\u00fav\u00e1s \u00e1talak\u00edt\u00f3 erej\u00e9t. Tekintse meg a k\u00fcl\u00f6nb\u00f6z\u0151 alkalmaz\u00e1sok hat\u00e9kony fest\u00e9kelt\u00e1vol\u00edt\u00e1s\u00e1t, rozsdaelt\u00e1vol\u00edt\u00e1s\u00e1t \u00e9s a fel\u00fclet helyre\u00e1ll\u00edt\u00e1s\u00e1t bemutat\u00f3 el\u0151tte-ut\u00e1na gal\u00e9ri\u00e1nkat.\" \/>\n<meta property=\"og:url\" content=\"https:\/\/sodablastsystems-europe.com\/hu\/elotte-es-utana-hatasok\/\" \/>\n<meta property=\"og:site_name\" content=\"SodaBlast Systems\" \/>\n<meta property=\"article:publisher\" content=\"https:\/\/www.facebook.com\/sodablastsystems\/\" \/>\n<meta property=\"article:modified_time\" content=\"2024-11-03T01:16:22+00:00\" \/>\n<meta property=\"og:image\" content=\"https:\/\/sodablastsystems-europe.com\/wp-content\/uploads\/2023\/08\/logo-sodablastsystems-usa-1.png\" \/>\n\t<meta property=\"og:image:width\" content=\"200\" \/>\n\t<meta property=\"og:image:height\" content=\"200\" \/>\n\t<meta property=\"og:image:type\" content=\"image\/png\" \/>\n<meta name=\"twitter:card\" content=\"summary_large_image\" \/>\n<meta name=\"twitter:label1\" content=\"Becs\u00fclt olvas\u00e1si id\u0151\" \/>\n\t<meta name=\"twitter:data1\" content=\"2 minutes\" \/>\n<script type=\"application\/ld+json\" class=\"yoast-schema-graph\">{\"@context\":\"https:\/\/schema.org\",\"@graph\":[{\"@type\":\"WebPage\",\"@id\":\"https:\/\/sodablastsystems-europe.com\/hu\/elotte-es-utana-hatasok\/\",\"url\":\"https:\/\/sodablastsystems-europe.com\/hu\/elotte-es-utana-hatasok\/\",\"name\":\"A sz\u00f3dabikarb\u00f3na robbant\u00e1s el\u0151tti \u00e9s ut\u00e1ni hat\u00e1sai - SodaBlast Systems\",\"isPartOf\":{\"@id\":\"https:\/\/sodablastsystems-europe.com\/hu\/#website\"},\"datePublished\":\"2023-08-27T08:06:35+00:00\",\"dateModified\":\"2024-11-03T01:16:22+00:00\",\"description\":\"Fedezze fel a SodaBlast Systems Europe seg\u00edts\u00e9g\u00e9vel a sz\u00f3daf\u00fav\u00e1s \u00e1talak\u00edt\u00f3 erej\u00e9t. Tekintse meg a k\u00fcl\u00f6nb\u00f6z\u0151 alkalmaz\u00e1sok hat\u00e9kony fest\u00e9kelt\u00e1vol\u00edt\u00e1s\u00e1t, rozsdaelt\u00e1vol\u00edt\u00e1s\u00e1t \u00e9s a fel\u00fclet helyre\u00e1ll\u00edt\u00e1s\u00e1t bemutat\u00f3 el\u0151tte-ut\u00e1na gal\u00e9ri\u00e1nkat.\",\"breadcrumb\":{\"@id\":\"https:\/\/sodablastsystems-europe.com\/hu\/elotte-es-utana-hatasok\/#breadcrumb\"},\"inLanguage\":\"hu-HU\",\"potentialAction\":[{\"@type\":\"ReadAction\",\"target\":[\"https:\/\/sodablastsystems-europe.com\/hu\/elotte-es-utana-hatasok\/\"]}]},{\"@type\":\"BreadcrumbList\",\"@id\":\"https:\/\/sodablastsystems-europe.com\/hu\/elotte-es-utana-hatasok\/#breadcrumb\",\"itemListElement\":[{\"@type\":\"ListItem\",\"position\":1,\"name\":\"Strona g\u0142\u00f3wna\",\"item\":\"https:\/\/sodablastsystems-europe.com\/hu\/\"},{\"@type\":\"ListItem\",\"position\":2,\"name\":\"El\u0151tte \u00e9s ut\u00e1na hat\u00e1sok\"}]},{\"@type\":\"WebSite\",\"@id\":\"https:\/\/sodablastsystems-europe.com\/hu\/#website\",\"url\":\"https:\/\/sodablastsystems-europe.com\/hu\/\",\"name\":\"SodaBlast Systems Europe\",\"description\":\"SodaBlasting Machines from USA. Innovative Technology For Your Business.\",\"publisher\":{\"@id\":\"https:\/\/sodablastsystems-europe.com\/hu\/#organization\"},\"potentialAction\":[{\"@type\":\"SearchAction\",\"target\":{\"@type\":\"EntryPoint\",\"urlTemplate\":\"https:\/\/sodablastsystems-europe.com\/hu\/?s={search_term_string}\"},\"query-input\":\"required name=search_term_string\"}],\"inLanguage\":\"hu-HU\"},{\"@type\":\"Organization\",\"@id\":\"https:\/\/sodablastsystems-europe.com\/hu\/#organization\",\"name\":\"SodaBlast Systems Europe\",\"url\":\"https:\/\/sodablastsystems-europe.com\/hu\/\",\"logo\":{\"@type\":\"ImageObject\",\"inLanguage\":\"hu-HU\",\"@id\":\"https:\/\/sodablastsystems-europe.com\/hu\/#\/schema\/logo\/image\/\",\"url\":\"https:\/\/sodablastsystems-europe.com\/wp-content\/uploads\/2023\/08\/logo-sodablastsystems-usa-1.png\",\"contentUrl\":\"https:\/\/sodablastsystems-europe.com\/wp-content\/uploads\/2023\/08\/logo-sodablastsystems-usa-1.png\",\"width\":200,\"height\":200,\"caption\":\"SodaBlast Systems Europe\"},\"image\":{\"@id\":\"https:\/\/sodablastsystems-europe.com\/hu\/#\/schema\/logo\/image\/\"},\"sameAs\":[\"https:\/\/www.facebook.com\/sodablastsystems\/\",\"https:\/\/www.tiktok.com\/@sodablast.systems\",\"https:\/\/www.instagram.com\/sodablastsystems_europe\/\",\"https:\/\/www.youtube.com\/@Sodablastsystems\"]}]}<\/script>\n<!-- \/ Yoast SEO Premium plugin. -->","yoast_head_json":{"title":"A sz\u00f3dabikarb\u00f3na robbant\u00e1s el\u0151tti \u00e9s ut\u00e1ni hat\u00e1sai - SodaBlast Systems","description":"Fedezze fel a SodaBlast Systems Europe seg\u00edts\u00e9g\u00e9vel a sz\u00f3daf\u00fav\u00e1s \u00e1talak\u00edt\u00f3 erej\u00e9t. Tekintse meg a k\u00fcl\u00f6nb\u00f6z\u0151 alkalmaz\u00e1sok hat\u00e9kony fest\u00e9kelt\u00e1vol\u00edt\u00e1s\u00e1t, rozsdaelt\u00e1vol\u00edt\u00e1s\u00e1t \u00e9s a fel\u00fclet helyre\u00e1ll\u00edt\u00e1s\u00e1t bemutat\u00f3 el\u0151tte-ut\u00e1na gal\u00e9ri\u00e1nkat.","robots":{"index":"index","follow":"follow","max-snippet":"max-snippet:-1","max-image-preview":"max-image-preview:large","max-video-preview":"max-video-preview:-1"},"canonical":"https:\/\/sodablastsystems-europe.com\/hu\/elotte-es-utana-hatasok\/","og_locale":"hu_HU","og_type":"article","og_title":"El\u0151tte \u00e9s ut\u00e1na hat\u00e1sok","og_description":"Fedezze fel a SodaBlast Systems Europe seg\u00edts\u00e9g\u00e9vel a sz\u00f3daf\u00fav\u00e1s \u00e1talak\u00edt\u00f3 erej\u00e9t. Tekintse meg a k\u00fcl\u00f6nb\u00f6z\u0151 alkalmaz\u00e1sok hat\u00e9kony fest\u00e9kelt\u00e1vol\u00edt\u00e1s\u00e1t, rozsdaelt\u00e1vol\u00edt\u00e1s\u00e1t \u00e9s a fel\u00fclet helyre\u00e1ll\u00edt\u00e1s\u00e1t bemutat\u00f3 el\u0151tte-ut\u00e1na gal\u00e9ri\u00e1nkat.","og_url":"https:\/\/sodablastsystems-europe.com\/hu\/elotte-es-utana-hatasok\/","og_site_name":"SodaBlast Systems","article_publisher":"https:\/\/www.facebook.com\/sodablastsystems\/","article_modified_time":"2024-11-03T01:16:22+00:00","og_image":[{"width":200,"height":200,"url":"https:\/\/sodablastsystems-europe.com\/wp-content\/uploads\/2023\/08\/logo-sodablastsystems-usa-1.png","type":"image\/png"}],"twitter_card":"summary_large_image","twitter_misc":{"Becs\u00fclt olvas\u00e1si id\u0151":"2 minutes"},"schema":{"@context":"https:\/\/schema.org","@graph":[{"@type":"WebPage","@id":"https:\/\/sodablastsystems-europe.com\/hu\/elotte-es-utana-hatasok\/","url":"https:\/\/sodablastsystems-europe.com\/hu\/elotte-es-utana-hatasok\/","name":"A sz\u00f3dabikarb\u00f3na robbant\u00e1s el\u0151tti \u00e9s ut\u00e1ni hat\u00e1sai - SodaBlast Systems","isPartOf":{"@id":"https:\/\/sodablastsystems-europe.com\/hu\/#website"},"datePublished":"2023-08-27T08:06:35+00:00","dateModified":"2024-11-03T01:16:22+00:00","description":"Fedezze fel a SodaBlast Systems Europe seg\u00edts\u00e9g\u00e9vel a sz\u00f3daf\u00fav\u00e1s \u00e1talak\u00edt\u00f3 erej\u00e9t. Tekintse meg a k\u00fcl\u00f6nb\u00f6z\u0151 alkalmaz\u00e1sok hat\u00e9kony fest\u00e9kelt\u00e1vol\u00edt\u00e1s\u00e1t, rozsdaelt\u00e1vol\u00edt\u00e1s\u00e1t \u00e9s a fel\u00fclet helyre\u00e1ll\u00edt\u00e1s\u00e1t bemutat\u00f3 el\u0151tte-ut\u00e1na gal\u00e9ri\u00e1nkat.","breadcrumb":{"@id":"https:\/\/sodablastsystems-europe.com\/hu\/elotte-es-utana-hatasok\/#breadcrumb"},"inLanguage":"hu-HU","potentialAction":[{"@type":"ReadAction","target":["https:\/\/sodablastsystems-europe.com\/hu\/elotte-es-utana-hatasok\/"]}]},{"@type":"BreadcrumbList","@id":"https:\/\/sodablastsystems-europe.com\/hu\/elotte-es-utana-hatasok\/#breadcrumb","itemListElement":[{"@type":"ListItem","position":1,"name":"Strona g\u0142\u00f3wna","item":"https:\/\/sodablastsystems-europe.com\/hu\/"},{"@type":"ListItem","position":2,"name":"El\u0151tte \u00e9s ut\u00e1na hat\u00e1sok"}]},{"@type":"WebSite","@id":"https:\/\/sodablastsystems-europe.com\/hu\/#website","url":"https:\/\/sodablastsystems-europe.com\/hu\/","name":"SodaBlast Systems Europe","description":"SodaBlasting Machines from USA. Innovative Technology For Your Business.","publisher":{"@id":"https:\/\/sodablastsystems-europe.com\/hu\/#organization"},"potentialAction":[{"@type":"SearchAction","target":{"@type":"EntryPoint","urlTemplate":"https:\/\/sodablastsystems-europe.com\/hu\/?s={search_term_string}"},"query-input":"required name=search_term_string"}],"inLanguage":"hu-HU"},{"@type":"Organization","@id":"https:\/\/sodablastsystems-europe.com\/hu\/#organization","name":"SodaBlast Systems Europe","url":"https:\/\/sodablastsystems-europe.com\/hu\/","logo":{"@type":"ImageObject","inLanguage":"hu-HU","@id":"https:\/\/sodablastsystems-europe.com\/hu\/#\/schema\/logo\/image\/","url":"https:\/\/sodablastsystems-europe.com\/wp-content\/uploads\/2023\/08\/logo-sodablastsystems-usa-1.png","contentUrl":"https:\/\/sodablastsystems-europe.com\/wp-content\/uploads\/2023\/08\/logo-sodablastsystems-usa-1.png","width":200,"height":200,"caption":"SodaBlast Systems Europe"},"image":{"@id":"https:\/\/sodablastsystems-europe.com\/hu\/#\/schema\/logo\/image\/"},"sameAs":["https:\/\/www.facebook.com\/sodablastsystems\/","https:\/\/www.tiktok.com\/@sodablast.systems","https:\/\/www.instagram.com\/sodablastsystems_europe\/","https:\/\/www.youtube.com\/@Sodablastsystems"]}]}},"_links":{"self":[{"href":"https:\/\/sodablastsystems-europe.com\/hu\/wp-json\/wp\/v2\/pages\/1294","targetHints":{"allow":["GET"]}}],"collection":[{"href":"https:\/\/sodablastsystems-europe.com\/hu\/wp-json\/wp\/v2\/pages"}],"about":[{"href":"https:\/\/sodablastsystems-europe.com\/hu\/wp-json\/wp\/v2\/types\/page"}],"author":[{"embeddable":true,"href":"https:\/\/sodablastsystems-europe.com\/hu\/wp-json\/wp\/v2\/users\/1"}],"replies":[{"embeddable":true,"href":"https:\/\/sodablastsystems-europe.com\/hu\/wp-json\/wp\/v2\/comments?post=1294"}],"version-history":[{"count":1,"href":"https:\/\/sodablastsystems-europe.com\/hu\/wp-json\/wp\/v2\/pages\/1294\/revisions"}],"predecessor-version":[{"id":1305,"href":"https:\/\/sodablastsystems-europe.com\/hu\/wp-json\/wp\/v2\/pages\/1294\/revisions\/1305"}],"wp:attachment":[{"href":"https:\/\/sodablastsystems-europe.com\/hu\/wp-json\/wp\/v2\/media?parent=1294"}],"curies":[{"name":"wp","href":"https:\/\/api.w.org\/{rel}","templated":true}]}}