{"id":6130,"date":"2025-02-17T14:24:04","date_gmt":"2025-02-17T14:24:04","guid":{"rendered":"https:\/\/sodablastsystems-europe.com\/specifikacija-sb-500-trailer-s-dpf-om\/"},"modified":"2025-02-17T14:26:09","modified_gmt":"2025-02-17T14:26:09","slug":"specifikacija-sb-500-trailer-s-dpf-om","status":"publish","type":"page","link":"https:\/\/sodablastsystems-europe.com\/hr\/specifikacija-sb-500-trailer-s-dpf-om\/","title":{"rendered":"Specifikacija &#8220;SB-500 Trailer&#8221; s DPF-om"},"content":{"rendered":"<p><strong>Kompletan, trokomponentni, prenosiv i spreman za upotrebu komplet:<\/strong><\/p>\n\n<p><strong>SodaBlaster dio za pjeskarenje:<\/strong><\/p>\n\n<ul class=\"wp-block-list\">\n<li>SB-500 spremnik za pjeskarenje<\/li>\n\n\n\n<li>1-sekundni samobrtveni otvor lijevka<\/li>\n\n\n\n<li>Regulator tlaka zraka<\/li>\n\n\n\n<li>Regulator koli\u010dine abraziva<\/li>\n\n\n\n<li>Elektri\u010dni daljinski upravlja\u010d sa kablom od 15m<\/li>\n\n\n\n<li>Priklju\u010dak za \u010disti zrak za dodatne alate<\/li>\n\n\n\n<li>340o rotiraju\u0107i izlaz crijeva za pjeskarenje<\/li>\n\n\n\n<li>Prigu\u0161iva\u010d ispuha zraka iz spremnika mlaznice<\/li>\n<\/ul>\n\n<p><strong>Blaster sustav hla\u0111enja:<\/strong><\/p>\n\n<ul class=\"wp-block-list\">\n<li>MT-3 Samodostatni su\u0161a\u010d zraka<\/li>\n\n\n\n<li>CF-125 Ciklonski filtar zraka<\/li>\n\n\n\n<li>Hladnjak pod pritiskom od 10 bara<\/li>\n\n\n\n<li>Ventilator velike brzine<\/li>\n<\/ul>\n\n<p><strong>Vij\u010dani zra\u010dni kompresor:<\/strong><\/p>\n\n<ul class=\"wp-block-list\">\n<li>Kubota \u010detverocilindri\u010dni turbo motor<\/li>\n\n\n\n<li>Snaga motora 33kW<\/li>\n\n\n\n<li>Zapremina motora 1.498 litara<\/li>\n\n\n\n<li>Elektri\u010dna instalacija 12V<\/li>\n\n\n\n<li>Spremnik goriva od 45 litara<\/li>\n\n\n\n<li>LCD zaslon<\/li>\n\n\n\n<li>STOP prekida\u010d za hitne slu\u010dajeve<\/li>\n\n\n\n<li>Ku\u0107i\u0161te kompresora s unutarnjom zvu\u010dnom izolacijom<\/li>\n\n\n\n<li>Za\u0161tita od korozije za okru\u017eenje visoke vla\u017enosti C3<\/li>\n\n\n\n<li>Prigu\u0161iva\u010d ispu\u0161nog zraka kompresora<\/li>\n\n\n\n<li>U skladu s EU STAGE V standardom za motore s unutarnjim izgaranjem<\/li>\n\n\n\n<li>U skladu sa standardom emisije buke 2000\/14\/EC<\/li>\n<\/ul>\n\n<p><strong>Cestovna \u0161asija:<\/strong><\/p>\n\n<ul class=\"wp-block-list\">\n<li>Europska homologacija posebne prikolice<\/li>\n\n\n\n<li>CNC proizvedena konstrukcija<\/li>\n\n\n\n<li>AL-KO komponente \u0161asije<\/li>\n\n\n\n<li>2 osovine = 4 kota\u010da, gume M+S 13C<\/li>\n\n\n\n<li>Naletna, hitna i parkirna ko\u010dnica<\/li>\n\n\n\n<li>Kugli\u010dna kuka za vu\u010dnu kuku sa spojnicom i indikatorom istro\u0161enosti<\/li>\n\n\n\n<li>4 podesive podloge za niveliranje \u0161asije<\/li>\n\n\n\n<li>Rezervni kota\u010d pune veli\u010dine<\/li>\n\n\n\n<li>13-pinska elektri\u010dna instalacija cestovne rasvjete<\/li>\n<\/ul>\n\n<p><strong>Uklju\u010deni dodaci &#8211; osnovni paket:<\/strong><\/p>\n\n<ul class=\"wp-block-list\">\n<li>HV-5 okrugla mlaznica (8mm)<\/li>\n\n\n\n<li>Adapter za vodu za mlaznicu<\/li>\n\n\n\n<li>Lijevak za sipanje abraziva<\/li>\n\n\n\n<li>15m upravlja\u010dki kabel<\/li>\n\n\n\n<li>Cijev za vodu 15m<\/li>\n\n\n\n<li>Cijev za pjeskarenje 15m<\/li>\n<\/ul>","protected":false},"excerpt":{"rendered":"<p>Kompletan, trokomponentni, prenosiv i spreman za upotrebu komplet: SodaBlaster dio za pjeskarenje: Blaster sustav hla\u0111enja: Vij\u010dani zra\u010dni kompresor: Cestovna \u0161asija: Uklju\u010deni dodaci &#8211; osnovni paket:<\/p>","protected":false},"author":1,"featured_media":0,"parent":0,"menu_order":0,"comment_status":"closed","ping_status":"closed","template":"","meta":{"footnotes":""},"class_list":["post-6130","page","type-page","status-publish","hentry"],"yoast_head":"<!-- This site is optimized with the Yoast SEO Premium plugin v21.5 (Yoast SEO v21.5) - https:\/\/yoast.com\/wordpress\/plugins\/seo\/ -->\n<title>Specifikacija &quot;SB-500 Trailer&quot; s DPF-om - SodaBlast Systems<\/title>\n<meta name=\"robots\" content=\"index, follow, max-snippet:-1, max-image-preview:large, max-video-preview:-1\" \/>\n<link rel=\"canonical\" href=\"https:\/\/sodablastsystems-europe.com\/hr\/specifikacija-sb-500-trailer-s-dpf-om\/\" \/>\n<meta property=\"og:locale\" content=\"hr_HR\" \/>\n<meta property=\"og:type\" content=\"article\" \/>\n<meta property=\"og:title\" content=\"Specifikacija &quot;SB-500 Trailer&quot; s DPF-om\" \/>\n<meta property=\"og:description\" content=\"Kompletan, trokomponentni, prenosiv i spreman za upotrebu komplet: SodaBlaster dio za pjeskarenje: Blaster sustav hla\u0111enja: Vij\u010dani zra\u010dni kompresor: Cestovna \u0161asija: Uklju\u010deni dodaci &#8211; osnovni paket:\" \/>\n<meta property=\"og:url\" content=\"https:\/\/sodablastsystems-europe.com\/hr\/specifikacija-sb-500-trailer-s-dpf-om\/\" \/>\n<meta property=\"og:site_name\" content=\"SodaBlast Systems\" \/>\n<meta property=\"article:publisher\" content=\"https:\/\/www.facebook.com\/sodablastsystems\/\" \/>\n<meta property=\"article:modified_time\" content=\"2025-02-17T14:26:09+00:00\" \/>\n<meta property=\"og:image\" content=\"https:\/\/sodablastsystems-europe.com\/wp-content\/uploads\/2023\/08\/logo-sodablastsystems-usa-1.png\" \/>\n\t<meta property=\"og:image:width\" content=\"200\" \/>\n\t<meta property=\"og:image:height\" content=\"200\" \/>\n\t<meta property=\"og:image:type\" content=\"image\/png\" \/>\n<meta name=\"twitter:card\" content=\"summary_large_image\" \/>\n<meta name=\"twitter:label1\" content=\"Procijenjeno vrijeme \u010ditanja\" \/>\n\t<meta name=\"twitter:data1\" content=\"1 minuta\" \/>\n<script type=\"application\/ld+json\" class=\"yoast-schema-graph\">{\"@context\":\"https:\/\/schema.org\",\"@graph\":[{\"@type\":\"WebPage\",\"@id\":\"https:\/\/sodablastsystems-europe.com\/hr\/specifikacija-sb-500-trailer-s-dpf-om\/\",\"url\":\"https:\/\/sodablastsystems-europe.com\/hr\/specifikacija-sb-500-trailer-s-dpf-om\/\",\"name\":\"Specifikacija \\\"SB-500 Trailer\\\" s DPF-om - SodaBlast Systems\",\"isPartOf\":{\"@id\":\"https:\/\/sodablastsystems-europe.com\/hr\/#website\"},\"datePublished\":\"2025-02-17T14:24:04+00:00\",\"dateModified\":\"2025-02-17T14:26:09+00:00\",\"breadcrumb\":{\"@id\":\"https:\/\/sodablastsystems-europe.com\/hr\/specifikacija-sb-500-trailer-s-dpf-om\/#breadcrumb\"},\"inLanguage\":\"hr\",\"potentialAction\":[{\"@type\":\"ReadAction\",\"target\":[\"https:\/\/sodablastsystems-europe.com\/hr\/specifikacija-sb-500-trailer-s-dpf-om\/\"]}]},{\"@type\":\"BreadcrumbList\",\"@id\":\"https:\/\/sodablastsystems-europe.com\/hr\/specifikacija-sb-500-trailer-s-dpf-om\/#breadcrumb\",\"itemListElement\":[{\"@type\":\"ListItem\",\"position\":1,\"name\":\"Strona g\u0142\u00f3wna\",\"item\":\"https:\/\/sodablastsystems-europe.com\/hr\/\"},{\"@type\":\"ListItem\",\"position\":2,\"name\":\"Specifikacija &laquo;SB-500 Trailer&raquo; s DPF-om\"}]},{\"@type\":\"WebSite\",\"@id\":\"https:\/\/sodablastsystems-europe.com\/hr\/#website\",\"url\":\"https:\/\/sodablastsystems-europe.com\/hr\/\",\"name\":\"SodaBlast Systems Europe\",\"description\":\"SodaBlasting Machines from USA. Innovative Technology For Your Business.\",\"publisher\":{\"@id\":\"https:\/\/sodablastsystems-europe.com\/hr\/#organization\"},\"potentialAction\":[{\"@type\":\"SearchAction\",\"target\":{\"@type\":\"EntryPoint\",\"urlTemplate\":\"https:\/\/sodablastsystems-europe.com\/hr\/?s={search_term_string}\"},\"query-input\":\"required name=search_term_string\"}],\"inLanguage\":\"hr\"},{\"@type\":\"Organization\",\"@id\":\"https:\/\/sodablastsystems-europe.com\/hr\/#organization\",\"name\":\"SodaBlast Systems Europe\",\"url\":\"https:\/\/sodablastsystems-europe.com\/hr\/\",\"logo\":{\"@type\":\"ImageObject\",\"inLanguage\":\"hr\",\"@id\":\"https:\/\/sodablastsystems-europe.com\/hr\/#\/schema\/logo\/image\/\",\"url\":\"https:\/\/sodablastsystems-europe.com\/wp-content\/uploads\/2023\/08\/logo-sodablastsystems-usa-1.png\",\"contentUrl\":\"https:\/\/sodablastsystems-europe.com\/wp-content\/uploads\/2023\/08\/logo-sodablastsystems-usa-1.png\",\"width\":200,\"height\":200,\"caption\":\"SodaBlast Systems Europe\"},\"image\":{\"@id\":\"https:\/\/sodablastsystems-europe.com\/hr\/#\/schema\/logo\/image\/\"},\"sameAs\":[\"https:\/\/www.facebook.com\/sodablastsystems\/\",\"https:\/\/www.tiktok.com\/@sodablast.systems\",\"https:\/\/www.instagram.com\/sodablastsystems_europe\/\",\"https:\/\/www.youtube.com\/@Sodablastsystems\"]}]}<\/script>\n<!-- \/ Yoast SEO Premium plugin. -->","yoast_head_json":{"title":"Specifikacija \"SB-500 Trailer\" s DPF-om - SodaBlast Systems","robots":{"index":"index","follow":"follow","max-snippet":"max-snippet:-1","max-image-preview":"max-image-preview:large","max-video-preview":"max-video-preview:-1"},"canonical":"https:\/\/sodablastsystems-europe.com\/hr\/specifikacija-sb-500-trailer-s-dpf-om\/","og_locale":"hr_HR","og_type":"article","og_title":"Specifikacija \"SB-500 Trailer\" s DPF-om","og_description":"Kompletan, trokomponentni, prenosiv i spreman za upotrebu komplet: SodaBlaster dio za pjeskarenje: Blaster sustav hla\u0111enja: Vij\u010dani zra\u010dni kompresor: Cestovna \u0161asija: Uklju\u010deni dodaci &#8211; osnovni paket:","og_url":"https:\/\/sodablastsystems-europe.com\/hr\/specifikacija-sb-500-trailer-s-dpf-om\/","og_site_name":"SodaBlast Systems","article_publisher":"https:\/\/www.facebook.com\/sodablastsystems\/","article_modified_time":"2025-02-17T14:26:09+00:00","og_image":[{"width":200,"height":200,"url":"https:\/\/sodablastsystems-europe.com\/wp-content\/uploads\/2023\/08\/logo-sodablastsystems-usa-1.png","type":"image\/png"}],"twitter_card":"summary_large_image","twitter_misc":{"Procijenjeno vrijeme \u010ditanja":"1 minuta"},"schema":{"@context":"https:\/\/schema.org","@graph":[{"@type":"WebPage","@id":"https:\/\/sodablastsystems-europe.com\/hr\/specifikacija-sb-500-trailer-s-dpf-om\/","url":"https:\/\/sodablastsystems-europe.com\/hr\/specifikacija-sb-500-trailer-s-dpf-om\/","name":"Specifikacija \"SB-500 Trailer\" s DPF-om - SodaBlast Systems","isPartOf":{"@id":"https:\/\/sodablastsystems-europe.com\/hr\/#website"},"datePublished":"2025-02-17T14:24:04+00:00","dateModified":"2025-02-17T14:26:09+00:00","breadcrumb":{"@id":"https:\/\/sodablastsystems-europe.com\/hr\/specifikacija-sb-500-trailer-s-dpf-om\/#breadcrumb"},"inLanguage":"hr","potentialAction":[{"@type":"ReadAction","target":["https:\/\/sodablastsystems-europe.com\/hr\/specifikacija-sb-500-trailer-s-dpf-om\/"]}]},{"@type":"BreadcrumbList","@id":"https:\/\/sodablastsystems-europe.com\/hr\/specifikacija-sb-500-trailer-s-dpf-om\/#breadcrumb","itemListElement":[{"@type":"ListItem","position":1,"name":"Strona g\u0142\u00f3wna","item":"https:\/\/sodablastsystems-europe.com\/hr\/"},{"@type":"ListItem","position":2,"name":"Specifikacija &laquo;SB-500 Trailer&raquo; s DPF-om"}]},{"@type":"WebSite","@id":"https:\/\/sodablastsystems-europe.com\/hr\/#website","url":"https:\/\/sodablastsystems-europe.com\/hr\/","name":"SodaBlast Systems Europe","description":"SodaBlasting Machines from USA. Innovative Technology For Your Business.","publisher":{"@id":"https:\/\/sodablastsystems-europe.com\/hr\/#organization"},"potentialAction":[{"@type":"SearchAction","target":{"@type":"EntryPoint","urlTemplate":"https:\/\/sodablastsystems-europe.com\/hr\/?s={search_term_string}"},"query-input":"required name=search_term_string"}],"inLanguage":"hr"},{"@type":"Organization","@id":"https:\/\/sodablastsystems-europe.com\/hr\/#organization","name":"SodaBlast Systems Europe","url":"https:\/\/sodablastsystems-europe.com\/hr\/","logo":{"@type":"ImageObject","inLanguage":"hr","@id":"https:\/\/sodablastsystems-europe.com\/hr\/#\/schema\/logo\/image\/","url":"https:\/\/sodablastsystems-europe.com\/wp-content\/uploads\/2023\/08\/logo-sodablastsystems-usa-1.png","contentUrl":"https:\/\/sodablastsystems-europe.com\/wp-content\/uploads\/2023\/08\/logo-sodablastsystems-usa-1.png","width":200,"height":200,"caption":"SodaBlast Systems Europe"},"image":{"@id":"https:\/\/sodablastsystems-europe.com\/hr\/#\/schema\/logo\/image\/"},"sameAs":["https:\/\/www.facebook.com\/sodablastsystems\/","https:\/\/www.tiktok.com\/@sodablast.systems","https:\/\/www.instagram.com\/sodablastsystems_europe\/","https:\/\/www.youtube.com\/@Sodablastsystems"]}]}},"_links":{"self":[{"href":"https:\/\/sodablastsystems-europe.com\/hr\/wp-json\/wp\/v2\/pages\/6130","targetHints":{"allow":["GET"]}}],"collection":[{"href":"https:\/\/sodablastsystems-europe.com\/hr\/wp-json\/wp\/v2\/pages"}],"about":[{"href":"https:\/\/sodablastsystems-europe.com\/hr\/wp-json\/wp\/v2\/types\/page"}],"author":[{"embeddable":true,"href":"https:\/\/sodablastsystems-europe.com\/hr\/wp-json\/wp\/v2\/users\/1"}],"replies":[{"embeddable":true,"href":"https:\/\/sodablastsystems-europe.com\/hr\/wp-json\/wp\/v2\/comments?post=6130"}],"version-history":[{"count":1,"href":"https:\/\/sodablastsystems-europe.com\/hr\/wp-json\/wp\/v2\/pages\/6130\/revisions"}],"predecessor-version":[{"id":6133,"href":"https:\/\/sodablastsystems-europe.com\/hr\/wp-json\/wp\/v2\/pages\/6130\/revisions\/6133"}],"wp:attachment":[{"href":"https:\/\/sodablastsystems-europe.com\/hr\/wp-json\/wp\/v2\/media?parent=6130"}],"curies":[{"name":"wp","href":"https:\/\/api.w.org\/{rel}","templated":true}]}}