{"id":2649,"date":"2023-08-27T08:07:29","date_gmt":"2023-08-27T08:07:29","guid":{"rendered":"https:\/\/sodablastsystems-europe.com\/30-minutna-kompilacija-ciscenja\/"},"modified":"2026-01-08T09:56:10","modified_gmt":"2026-01-08T09:56:10","slug":"30-minutna-kompilacija-ciscenja","status":"publish","type":"page","link":"https:\/\/sodablastsystems-europe.com\/hr\/30-minutna-kompilacija-ciscenja\/","title":{"rendered":"Video zapisi"},"content":{"rendered":"<h1 class=\"wp-block-heading\" id=\"h-30-minute-cleaning-compilation\">30-minutna kompilacija \u010di\u0161\u0107enja<\/h1>\n\n<h2 class=\"wp-block-heading has-large-font-size\" id=\"h-authentic-soda-blasting-effects-sodablast-users-in-action\">Autenti\u010dni u\u010dinci pjeskarenja sodom &#8211; korisnici SodaBlasta u akciji<\/h2>\n\n<p>Pozivamo vas da pogledate autenti\u010dne videozapise koje \u0161alju na\u0161i korisnici iz cijele Europe. Ovi videozapisi ne samo da demonstriraju u\u010dinkovitost strojeva SodaBlast Systems, ve\u0107 tako\u0111er prikazuju raznolikost primjena i \u017eivih tehnika pjeskarenja sodom. Pogledajte kako se na\u0161i klijenti nose s izazovima \u010di\u0161\u0107enja i spektakularne rezultate koji se mogu posti\u0107i na\u0161im rje\u0161enjima. Svaki isje\u010dak pravi je do\u017eivljaj i istinska transformacija \u2013 obnovljene povr\u0161ine ponovno dobivaju sjaj, a zadovoljstvo dobro obavljenim poslom jasno je vidljivo.<\/p>\n\n<p><strong>Kliknite i pogledajte<\/strong> :<\/p>\n\n<lite-vimeo videoid=\"858282701\"><\/lite-vimeo>\n\n<p><\/p>","protected":false},"excerpt":{"rendered":"<p>30-minutna kompilacija \u010di\u0161\u0107enja Autenti\u010dni u\u010dinci pjeskarenja sodom &#8211; korisnici SodaBlasta u akciji Pozivamo vas da pogledate autenti\u010dne videozapise koje \u0161alju na\u0161i korisnici iz cijele Europe. Ovi videozapisi ne samo da demonstriraju u\u010dinkovitost strojeva SodaBlast Systems, ve\u0107 tako\u0111er prikazuju raznolikost primjena i \u017eivih tehnika pjeskarenja sodom. Pogledajte kako se na\u0161i klijenti nose s izazovima \u010di\u0161\u0107enja i [&hellip;]<\/p>","protected":false},"author":1,"featured_media":0,"parent":0,"menu_order":0,"comment_status":"closed","ping_status":"closed","template":"strona-bez-tytu-u","meta":{"footnotes":""},"class_list":["post-2649","page","type-page","status-publish","hentry"],"yoast_head":"<!-- This site is optimized with the Yoast SEO Premium plugin v21.5 (Yoast SEO v21.5) - https:\/\/yoast.com\/wordpress\/plugins\/seo\/ -->\n<title>Kompilacija videozapisa o miniranju sodom - SodaBlast Systems<\/title>\n<meta name=\"description\" content=\"Pogledajte na\u0161u kompilaciju videozapisa o pjeskarenju sodom u SodaBlast Systems Europe. Otkrijte stvarne primjene koje prikazuju uklanjanje boje i hr\u0111e, obnavljanje povr\u0161ine i ekolo\u0161ki prihvatljiva rje\u0161enja za \u010di\u0161\u0107enje\" \/>\n<meta name=\"robots\" content=\"index, follow, max-snippet:-1, max-image-preview:large, max-video-preview:-1\" \/>\n<link rel=\"canonical\" href=\"https:\/\/sodablastsystems-europe.com\/hr\/30-minutna-kompilacija-ciscenja\/\" \/>\n<meta property=\"og:locale\" content=\"hr_HR\" \/>\n<meta property=\"og:type\" content=\"article\" \/>\n<meta property=\"og:title\" content=\"Kompilacija videozapisa o miniranju sodom - SodaBlast Systems\" \/>\n<meta property=\"og:description\" content=\"Pogledajte na\u0161u kompilaciju videozapisa o pjeskarenju sodom u SodaBlast Systems Europe. Otkrijte stvarne primjene koje prikazuju uklanjanje boje i hr\u0111e, obnavljanje povr\u0161ine i ekolo\u0161ki prihvatljiva rje\u0161enja za \u010di\u0161\u0107enje\" \/>\n<meta property=\"og:url\" content=\"https:\/\/sodablastsystems-europe.com\/hr\/30-minutna-kompilacija-ciscenja\/\" \/>\n<meta property=\"og:site_name\" content=\"SodaBlast Systems\" \/>\n<meta property=\"article:publisher\" content=\"https:\/\/www.facebook.com\/sodablastsystems\/\" \/>\n<meta property=\"article:modified_time\" content=\"2026-01-08T09:56:10+00:00\" \/>\n<meta property=\"og:image\" content=\"https:\/\/sodablastsystems-europe.com\/wp-content\/uploads\/2024\/01\/img_6871.jpeg\" \/>\n<meta name=\"twitter:card\" content=\"summary_large_image\" \/>\n<meta name=\"twitter:title\" content=\"Kompilacija videozapisa o miniranju sodom - SodaBlast Systems\" \/>\n<meta name=\"twitter:description\" content=\"Pogledajte na\u0161u kompilaciju videozapisa o pjeskarenju sodom u SodaBlast Systems Europe. Otkrijte stvarne primjene koje prikazuju uklanjanje boje i hr\u0111e, obnavljanje povr\u0161ine i ekolo\u0161ki prihvatljiva rje\u0161enja za \u010di\u0161\u0107enje\" \/>\n<meta name=\"twitter:label1\" content=\"Procijenjeno vrijeme \u010ditanja\" \/>\n\t<meta name=\"twitter:data1\" content=\"1 minuta\" \/>\n<script type=\"application\/ld+json\" class=\"yoast-schema-graph\">{\"@context\":\"https:\/\/schema.org\",\"@graph\":[{\"@type\":\"WebPage\",\"@id\":\"https:\/\/sodablastsystems-europe.com\/hr\/30-minutna-kompilacija-ciscenja\/\",\"url\":\"https:\/\/sodablastsystems-europe.com\/hr\/30-minutna-kompilacija-ciscenja\/\",\"name\":\"Kompilacija videozapisa o miniranju sodom - SodaBlast Systems\",\"isPartOf\":{\"@id\":\"https:\/\/sodablastsystems-europe.com\/hr\/#website\"},\"datePublished\":\"2023-08-27T08:07:29+00:00\",\"dateModified\":\"2026-01-08T09:56:10+00:00\",\"description\":\"Pogledajte na\u0161u kompilaciju videozapisa o pjeskarenju sodom u SodaBlast Systems Europe. Otkrijte stvarne primjene koje prikazuju uklanjanje boje i hr\u0111e, obnavljanje povr\u0161ine i ekolo\u0161ki prihvatljiva rje\u0161enja za \u010di\u0161\u0107enje\",\"breadcrumb\":{\"@id\":\"https:\/\/sodablastsystems-europe.com\/hr\/30-minutna-kompilacija-ciscenja\/#breadcrumb\"},\"inLanguage\":\"hr\",\"potentialAction\":[{\"@type\":\"ReadAction\",\"target\":[\"https:\/\/sodablastsystems-europe.com\/hr\/30-minutna-kompilacija-ciscenja\/\"]}]},{\"@type\":\"BreadcrumbList\",\"@id\":\"https:\/\/sodablastsystems-europe.com\/hr\/30-minutna-kompilacija-ciscenja\/#breadcrumb\",\"itemListElement\":[{\"@type\":\"ListItem\",\"position\":1,\"name\":\"Strona g\u0142\u00f3wna\",\"item\":\"https:\/\/sodablastsystems-europe.com\/hr\/\"},{\"@type\":\"ListItem\",\"position\":2,\"name\":\"Video zapisi\"}]},{\"@type\":\"WebSite\",\"@id\":\"https:\/\/sodablastsystems-europe.com\/hr\/#website\",\"url\":\"https:\/\/sodablastsystems-europe.com\/hr\/\",\"name\":\"SodaBlast Systems Europe\",\"description\":\"SodaBlasting Machines from USA. Innovative Technology For Your Business.\",\"publisher\":{\"@id\":\"https:\/\/sodablastsystems-europe.com\/hr\/#organization\"},\"potentialAction\":[{\"@type\":\"SearchAction\",\"target\":{\"@type\":\"EntryPoint\",\"urlTemplate\":\"https:\/\/sodablastsystems-europe.com\/hr\/?s={search_term_string}\"},\"query-input\":\"required name=search_term_string\"}],\"inLanguage\":\"hr\"},{\"@type\":\"Organization\",\"@id\":\"https:\/\/sodablastsystems-europe.com\/hr\/#organization\",\"name\":\"SodaBlast Systems Europe\",\"url\":\"https:\/\/sodablastsystems-europe.com\/hr\/\",\"logo\":{\"@type\":\"ImageObject\",\"inLanguage\":\"hr\",\"@id\":\"https:\/\/sodablastsystems-europe.com\/hr\/#\/schema\/logo\/image\/\",\"url\":\"https:\/\/sodablastsystems-europe.com\/wp-content\/uploads\/2023\/08\/logo-sodablastsystems-usa-1.png\",\"contentUrl\":\"https:\/\/sodablastsystems-europe.com\/wp-content\/uploads\/2023\/08\/logo-sodablastsystems-usa-1.png\",\"width\":200,\"height\":200,\"caption\":\"SodaBlast Systems Europe\"},\"image\":{\"@id\":\"https:\/\/sodablastsystems-europe.com\/hr\/#\/schema\/logo\/image\/\"},\"sameAs\":[\"https:\/\/www.facebook.com\/sodablastsystems\/\",\"https:\/\/www.tiktok.com\/@sodablast.systems\",\"https:\/\/www.instagram.com\/sodablastsystems_europe\/\",\"https:\/\/www.youtube.com\/@Sodablastsystems\"]}]}<\/script>\n<!-- \/ Yoast SEO Premium plugin. -->","yoast_head_json":{"title":"Kompilacija videozapisa o miniranju sodom - SodaBlast Systems","description":"Pogledajte na\u0161u kompilaciju videozapisa o pjeskarenju sodom u SodaBlast Systems Europe. Otkrijte stvarne primjene koje prikazuju uklanjanje boje i hr\u0111e, obnavljanje povr\u0161ine i ekolo\u0161ki prihvatljiva rje\u0161enja za \u010di\u0161\u0107enje","robots":{"index":"index","follow":"follow","max-snippet":"max-snippet:-1","max-image-preview":"max-image-preview:large","max-video-preview":"max-video-preview:-1"},"canonical":"https:\/\/sodablastsystems-europe.com\/hr\/30-minutna-kompilacija-ciscenja\/","og_locale":"hr_HR","og_type":"article","og_title":"Kompilacija videozapisa o miniranju sodom - SodaBlast Systems","og_description":"Pogledajte na\u0161u kompilaciju videozapisa o pjeskarenju sodom u SodaBlast Systems Europe. Otkrijte stvarne primjene koje prikazuju uklanjanje boje i hr\u0111e, obnavljanje povr\u0161ine i ekolo\u0161ki prihvatljiva rje\u0161enja za \u010di\u0161\u0107enje","og_url":"https:\/\/sodablastsystems-europe.com\/hr\/30-minutna-kompilacija-ciscenja\/","og_site_name":"SodaBlast Systems","article_publisher":"https:\/\/www.facebook.com\/sodablastsystems\/","article_modified_time":"2026-01-08T09:56:10+00:00","og_image":[{"url":"https:\/\/sodablastsystems-europe.com\/wp-content\/uploads\/2024\/01\/img_6871.jpeg"}],"twitter_card":"summary_large_image","twitter_title":"Kompilacija videozapisa o miniranju sodom - SodaBlast Systems","twitter_description":"Pogledajte na\u0161u kompilaciju videozapisa o pjeskarenju sodom u SodaBlast Systems Europe. Otkrijte stvarne primjene koje prikazuju uklanjanje boje i hr\u0111e, obnavljanje povr\u0161ine i ekolo\u0161ki prihvatljiva rje\u0161enja za \u010di\u0161\u0107enje","twitter_misc":{"Procijenjeno vrijeme \u010ditanja":"1 minuta"},"schema":{"@context":"https:\/\/schema.org","@graph":[{"@type":"WebPage","@id":"https:\/\/sodablastsystems-europe.com\/hr\/30-minutna-kompilacija-ciscenja\/","url":"https:\/\/sodablastsystems-europe.com\/hr\/30-minutna-kompilacija-ciscenja\/","name":"Kompilacija videozapisa o miniranju sodom - SodaBlast Systems","isPartOf":{"@id":"https:\/\/sodablastsystems-europe.com\/hr\/#website"},"datePublished":"2023-08-27T08:07:29+00:00","dateModified":"2026-01-08T09:56:10+00:00","description":"Pogledajte na\u0161u kompilaciju videozapisa o pjeskarenju sodom u SodaBlast Systems Europe. Otkrijte stvarne primjene koje prikazuju uklanjanje boje i hr\u0111e, obnavljanje povr\u0161ine i ekolo\u0161ki prihvatljiva rje\u0161enja za \u010di\u0161\u0107enje","breadcrumb":{"@id":"https:\/\/sodablastsystems-europe.com\/hr\/30-minutna-kompilacija-ciscenja\/#breadcrumb"},"inLanguage":"hr","potentialAction":[{"@type":"ReadAction","target":["https:\/\/sodablastsystems-europe.com\/hr\/30-minutna-kompilacija-ciscenja\/"]}]},{"@type":"BreadcrumbList","@id":"https:\/\/sodablastsystems-europe.com\/hr\/30-minutna-kompilacija-ciscenja\/#breadcrumb","itemListElement":[{"@type":"ListItem","position":1,"name":"Strona g\u0142\u00f3wna","item":"https:\/\/sodablastsystems-europe.com\/hr\/"},{"@type":"ListItem","position":2,"name":"Video zapisi"}]},{"@type":"WebSite","@id":"https:\/\/sodablastsystems-europe.com\/hr\/#website","url":"https:\/\/sodablastsystems-europe.com\/hr\/","name":"SodaBlast Systems Europe","description":"SodaBlasting Machines from USA. Innovative Technology For Your Business.","publisher":{"@id":"https:\/\/sodablastsystems-europe.com\/hr\/#organization"},"potentialAction":[{"@type":"SearchAction","target":{"@type":"EntryPoint","urlTemplate":"https:\/\/sodablastsystems-europe.com\/hr\/?s={search_term_string}"},"query-input":"required name=search_term_string"}],"inLanguage":"hr"},{"@type":"Organization","@id":"https:\/\/sodablastsystems-europe.com\/hr\/#organization","name":"SodaBlast Systems Europe","url":"https:\/\/sodablastsystems-europe.com\/hr\/","logo":{"@type":"ImageObject","inLanguage":"hr","@id":"https:\/\/sodablastsystems-europe.com\/hr\/#\/schema\/logo\/image\/","url":"https:\/\/sodablastsystems-europe.com\/wp-content\/uploads\/2023\/08\/logo-sodablastsystems-usa-1.png","contentUrl":"https:\/\/sodablastsystems-europe.com\/wp-content\/uploads\/2023\/08\/logo-sodablastsystems-usa-1.png","width":200,"height":200,"caption":"SodaBlast Systems Europe"},"image":{"@id":"https:\/\/sodablastsystems-europe.com\/hr\/#\/schema\/logo\/image\/"},"sameAs":["https:\/\/www.facebook.com\/sodablastsystems\/","https:\/\/www.tiktok.com\/@sodablast.systems","https:\/\/www.instagram.com\/sodablastsystems_europe\/","https:\/\/www.youtube.com\/@Sodablastsystems"]}]}},"_links":{"self":[{"href":"https:\/\/sodablastsystems-europe.com\/hr\/wp-json\/wp\/v2\/pages\/2649","targetHints":{"allow":["GET"]}}],"collection":[{"href":"https:\/\/sodablastsystems-europe.com\/hr\/wp-json\/wp\/v2\/pages"}],"about":[{"href":"https:\/\/sodablastsystems-europe.com\/hr\/wp-json\/wp\/v2\/types\/page"}],"author":[{"embeddable":true,"href":"https:\/\/sodablastsystems-europe.com\/hr\/wp-json\/wp\/v2\/users\/1"}],"replies":[{"embeddable":true,"href":"https:\/\/sodablastsystems-europe.com\/hr\/wp-json\/wp\/v2\/comments?post=2649"}],"version-history":[{"count":3,"href":"https:\/\/sodablastsystems-europe.com\/hr\/wp-json\/wp\/v2\/pages\/2649\/revisions"}],"predecessor-version":[{"id":6512,"href":"https:\/\/sodablastsystems-europe.com\/hr\/wp-json\/wp\/v2\/pages\/2649\/revisions\/6512"}],"wp:attachment":[{"href":"https:\/\/sodablastsystems-europe.com\/hr\/wp-json\/wp\/v2\/media?parent=2649"}],"curies":[{"name":"wp","href":"https:\/\/api.w.org\/{rel}","templated":true}]}}