{"id":2617,"date":"2023-08-27T08:06:35","date_gmt":"2023-08-27T08:06:35","guid":{"rendered":"https:\/\/sodablastsystems-europe.com\/efekti-prije-i-poslije\/"},"modified":"2024-11-03T01:16:22","modified_gmt":"2024-11-03T01:16:22","slug":"efekti-prije-i-poslije","status":"publish","type":"page","link":"https:\/\/sodablastsystems-europe.com\/hr\/efekti-prije-i-poslije\/","title":{"rendered":"Efekti prije i poslije"},"content":{"rendered":"<p><\/p>\n\n<h2 class=\"wp-block-heading has-x-large-font-size\" id=\"h-amazing-transformation-with-sodablast-systems\">Nevjerojatna transformacija uz SodaBlast Systems<\/h2>\n\n<p>Otkrijte snagu pjeskarenja sodom uz na\u0161e transformacije &#8216;Prije i poslije&#8217;. SodaBlast Systems nije samo tehnologija, ve\u0107 i umjetnost vra\u0107anja povr\u0161inama njihovog izvornog sjaja. U nastavku vam predstavljamo galeriju na\u0161ih radova, gdje svaka fotografija pri\u010da pri\u010du o preciznosti, nje\u017enosti i u\u010dinkovitosti na\u0161ih strojeva za pjeskarenje sodom.<\/p>\n\n<h3 class=\"wp-block-heading has-large-font-size\">&#8220;Prije&#8221; &#8211; Izazov \u010disto\u0107e<\/h3>\n\n<p>Svako &#8220;prije&#8221; uhvatilo je trenutke kada se povr\u0161ine \u010dinilo izvan dosega obnove. Hr\u0111a, grafiti, one\u010di\u0161\u0107enje \u2013 svi nedostaci koji su zahtijevali nje\u017ean, ali u\u010dinkovit dodir.<\/p>\n\n<h3 class=\"wp-block-heading has-large-font-size\">&#8220;Poslije&#8221; &#8211; U\u010dinak sustava SodaBlast<\/h3>\n\n<p>Efekti &#8220;poslije&#8221; pokazuju rezultate koji su nadma\u0161ili o\u010dekivanja i na\u0161ih i na\u0161ih klijenata. Svjedo\u010de o snazi \u200b\u200bnatrijevog bikarbonata koji povr\u0161inama vra\u0107a njihov izvorni izgled bez o\u0161te\u0107enja strukture.<\/p>\n\n<p>Pozivamo vas da pregledate primjere na\u0161ih postignu\u0107a. Svaka fotografija je dokaz da za SodaBlast Systems nijedan zadatak nije prete\u017eak.<\/p>\n\n<p>Kliznite kliza\u010d na fotografiji i vidite razliku:<\/p>\n<p>[bafg id=&#8221;320&#8243;]<\/p>\n<p>[bafg id=&#8221;318&#8243;]<\/p>\n<p>[bafg id=&#8221;322&#8243;]<\/p>\n<p>[bafg id=&#8221;324&#8243;]<\/p>\n<p>[bafg id=&#8221;325&#8243;]<\/p>\n<p>[bafg id=&#8221;326&#8243;]<\/p>\n<p>[bafg id=&#8221;328&#8243;]<\/p>\n<p>[bafg id=&#8221;329&#8243;]<\/p>\n<p>[bafg id=&#8221;330&#8243;]<\/p>\n<p>[bafg id=&#8221;331&#8243;]<\/p>\n<p>[bafg id=&#8221;332&#8243;]<\/p>\n<p>[bafg id=&#8221;334&#8243;]<\/p>\n<p>[bafg id=&#8221;335&#8243;]<\/p>\n<p>[bafg id=&#8221;337&#8243;]<\/p>\n<p>[bafg id=&#8221;338&#8243;]<\/p>\n<p>[bafg id=&#8221;339&#8243;]<\/p>\n<p>[bafg id=&#8221;340&#8243;]<\/p>\n<p>[bafg id=&#8221;341&#8243;]<\/p>\n<p>[bafg id=&#8221;342&#8243;]<\/p>\n<p>[bafg id=&#8221;343&#8243;]<\/p>\n<p>[bafg id=&#8221;345&#8243;]<\/p>\n<p>[bafg id=&#8221;346&#8243;]<\/p>\n<p>[bafg id=&#8221;347&#8243;]<\/p>\n<p>[bafg id=&#8221;348&#8243;]<\/p>\n<p>[bafg id=&#8221;349&#8243;]<\/p>\n<p>[bafg id=&#8221;350&#8243;]<\/p>\n<p>[bafg id=&#8221;351&#8243;]<\/p>\n<p>[bafg id=&#8221;352&#8243;]<\/p>\n<p>[bafg id=&#8221;353&#8243;]<\/p>\n<p>[bafg id=&#8221;354&#8243;]<\/p>\n<p>[bafg id=&#8221;355&#8243;]<\/p>\n<p>[bafg id=&#8221;356&#8243;]<\/p>\n<p>[bafg id=&#8221;357&#8243;]<\/p>\n<p>[bafg id=&#8221;358&#8243;]<\/p>\n<p>[bafg id=&#8221;359&#8243;]<\/p>\n<p>[bafg id=&#8221;360&#8243;]<\/p>\n<p>[bafg id=&#8221;361&#8243;]<\/p>","protected":false},"excerpt":{"rendered":"<p>Nevjerojatna transformacija uz SodaBlast Systems Otkrijte snagu pjeskarenja sodom uz na\u0161e transformacije &#8216;Prije i poslije&#8217;. SodaBlast Systems nije samo tehnologija, ve\u0107 i umjetnost vra\u0107anja povr\u0161inama njihovog izvornog sjaja. U nastavku vam predstavljamo galeriju na\u0161ih radova, gdje svaka fotografija pri\u010da pri\u010du o preciznosti, nje\u017enosti i u\u010dinkovitosti na\u0161ih strojeva za pjeskarenje sodom. &#8220;Prije&#8221; &#8211; Izazov \u010disto\u0107e Svako [&hellip;]<\/p>","protected":false},"author":1,"featured_media":0,"parent":0,"menu_order":0,"comment_status":"closed","ping_status":"closed","template":"","meta":{"footnotes":""},"class_list":["post-2617","page","type-page","status-publish","hentry"],"yoast_head":"<!-- This site is optimized with the Yoast SEO Premium plugin v21.5 (Yoast SEO v21.5) - https:\/\/yoast.com\/wordpress\/plugins\/seo\/ -->\n<title>U\u010dinci prije i poslije \u010di\u0161\u0107enja sodom - SodaBlast Systems<\/title>\n<meta name=\"description\" content=\"Otkrijte transformativnu mo\u0107 pjeskarenja sodom uz SodaBlast Systems Europe. Pogledajte na\u0161u galeriju prije i poslije koja prikazuje u\u010dinkovito uklanjanje boje, hr\u0111e i povr\u0161insku obnovu za razli\u010dite primjene\" \/>\n<meta name=\"robots\" content=\"index, follow, max-snippet:-1, max-image-preview:large, max-video-preview:-1\" \/>\n<link rel=\"canonical\" href=\"https:\/\/sodablastsystems-europe.com\/hr\/efekti-prije-i-poslije\/\" \/>\n<meta property=\"og:locale\" content=\"hr_HR\" \/>\n<meta property=\"og:type\" content=\"article\" \/>\n<meta property=\"og:title\" content=\"Efekti prije i poslije\" \/>\n<meta property=\"og:description\" content=\"Otkrijte transformativnu mo\u0107 pjeskarenja sodom uz SodaBlast Systems Europe. Pogledajte na\u0161u galeriju prije i poslije koja prikazuje u\u010dinkovito uklanjanje boje, hr\u0111e i povr\u0161insku obnovu za razli\u010dite primjene\" \/>\n<meta property=\"og:url\" content=\"https:\/\/sodablastsystems-europe.com\/hr\/efekti-prije-i-poslije\/\" \/>\n<meta property=\"og:site_name\" content=\"SodaBlast Systems\" \/>\n<meta property=\"article:publisher\" content=\"https:\/\/www.facebook.com\/sodablastsystems\/\" \/>\n<meta property=\"article:modified_time\" content=\"2024-11-03T01:16:22+00:00\" \/>\n<meta property=\"og:image\" content=\"https:\/\/sodablastsystems-europe.com\/wp-content\/uploads\/2023\/08\/logo-sodablastsystems-usa-1.png\" \/>\n\t<meta property=\"og:image:width\" content=\"200\" \/>\n\t<meta property=\"og:image:height\" content=\"200\" \/>\n\t<meta property=\"og:image:type\" content=\"image\/png\" \/>\n<meta name=\"twitter:card\" content=\"summary_large_image\" \/>\n<meta name=\"twitter:label1\" content=\"Procijenjeno vrijeme \u010ditanja\" \/>\n\t<meta name=\"twitter:data1\" content=\"1 minuta\" \/>\n<script type=\"application\/ld+json\" class=\"yoast-schema-graph\">{\"@context\":\"https:\/\/schema.org\",\"@graph\":[{\"@type\":\"WebPage\",\"@id\":\"https:\/\/sodablastsystems-europe.com\/hr\/efekti-prije-i-poslije\/\",\"url\":\"https:\/\/sodablastsystems-europe.com\/hr\/efekti-prije-i-poslije\/\",\"name\":\"U\u010dinci prije i poslije \u010di\u0161\u0107enja sodom - SodaBlast Systems\",\"isPartOf\":{\"@id\":\"https:\/\/sodablastsystems-europe.com\/hr\/#website\"},\"datePublished\":\"2023-08-27T08:06:35+00:00\",\"dateModified\":\"2024-11-03T01:16:22+00:00\",\"description\":\"Otkrijte transformativnu mo\u0107 pjeskarenja sodom uz SodaBlast Systems Europe. Pogledajte na\u0161u galeriju prije i poslije koja prikazuje u\u010dinkovito uklanjanje boje, hr\u0111e i povr\u0161insku obnovu za razli\u010dite primjene\",\"breadcrumb\":{\"@id\":\"https:\/\/sodablastsystems-europe.com\/hr\/efekti-prije-i-poslije\/#breadcrumb\"},\"inLanguage\":\"hr\",\"potentialAction\":[{\"@type\":\"ReadAction\",\"target\":[\"https:\/\/sodablastsystems-europe.com\/hr\/efekti-prije-i-poslije\/\"]}]},{\"@type\":\"BreadcrumbList\",\"@id\":\"https:\/\/sodablastsystems-europe.com\/hr\/efekti-prije-i-poslije\/#breadcrumb\",\"itemListElement\":[{\"@type\":\"ListItem\",\"position\":1,\"name\":\"Strona g\u0142\u00f3wna\",\"item\":\"https:\/\/sodablastsystems-europe.com\/hr\/\"},{\"@type\":\"ListItem\",\"position\":2,\"name\":\"Efekti prije i poslije\"}]},{\"@type\":\"WebSite\",\"@id\":\"https:\/\/sodablastsystems-europe.com\/hr\/#website\",\"url\":\"https:\/\/sodablastsystems-europe.com\/hr\/\",\"name\":\"SodaBlast Systems Europe\",\"description\":\"SodaBlasting Machines from USA. Innovative Technology For Your Business.\",\"publisher\":{\"@id\":\"https:\/\/sodablastsystems-europe.com\/hr\/#organization\"},\"potentialAction\":[{\"@type\":\"SearchAction\",\"target\":{\"@type\":\"EntryPoint\",\"urlTemplate\":\"https:\/\/sodablastsystems-europe.com\/hr\/?s={search_term_string}\"},\"query-input\":\"required name=search_term_string\"}],\"inLanguage\":\"hr\"},{\"@type\":\"Organization\",\"@id\":\"https:\/\/sodablastsystems-europe.com\/hr\/#organization\",\"name\":\"SodaBlast Systems Europe\",\"url\":\"https:\/\/sodablastsystems-europe.com\/hr\/\",\"logo\":{\"@type\":\"ImageObject\",\"inLanguage\":\"hr\",\"@id\":\"https:\/\/sodablastsystems-europe.com\/hr\/#\/schema\/logo\/image\/\",\"url\":\"https:\/\/sodablastsystems-europe.com\/wp-content\/uploads\/2023\/08\/logo-sodablastsystems-usa-1.png\",\"contentUrl\":\"https:\/\/sodablastsystems-europe.com\/wp-content\/uploads\/2023\/08\/logo-sodablastsystems-usa-1.png\",\"width\":200,\"height\":200,\"caption\":\"SodaBlast Systems Europe\"},\"image\":{\"@id\":\"https:\/\/sodablastsystems-europe.com\/hr\/#\/schema\/logo\/image\/\"},\"sameAs\":[\"https:\/\/www.facebook.com\/sodablastsystems\/\",\"https:\/\/www.tiktok.com\/@sodablast.systems\",\"https:\/\/www.instagram.com\/sodablastsystems_europe\/\",\"https:\/\/www.youtube.com\/@Sodablastsystems\"]}]}<\/script>\n<!-- \/ Yoast SEO Premium plugin. -->","yoast_head_json":{"title":"U\u010dinci prije i poslije \u010di\u0161\u0107enja sodom - SodaBlast Systems","description":"Otkrijte transformativnu mo\u0107 pjeskarenja sodom uz SodaBlast Systems Europe. Pogledajte na\u0161u galeriju prije i poslije koja prikazuje u\u010dinkovito uklanjanje boje, hr\u0111e i povr\u0161insku obnovu za razli\u010dite primjene","robots":{"index":"index","follow":"follow","max-snippet":"max-snippet:-1","max-image-preview":"max-image-preview:large","max-video-preview":"max-video-preview:-1"},"canonical":"https:\/\/sodablastsystems-europe.com\/hr\/efekti-prije-i-poslije\/","og_locale":"hr_HR","og_type":"article","og_title":"Efekti prije i poslije","og_description":"Otkrijte transformativnu mo\u0107 pjeskarenja sodom uz SodaBlast Systems Europe. Pogledajte na\u0161u galeriju prije i poslije koja prikazuje u\u010dinkovito uklanjanje boje, hr\u0111e i povr\u0161insku obnovu za razli\u010dite primjene","og_url":"https:\/\/sodablastsystems-europe.com\/hr\/efekti-prije-i-poslije\/","og_site_name":"SodaBlast Systems","article_publisher":"https:\/\/www.facebook.com\/sodablastsystems\/","article_modified_time":"2024-11-03T01:16:22+00:00","og_image":[{"width":200,"height":200,"url":"https:\/\/sodablastsystems-europe.com\/wp-content\/uploads\/2023\/08\/logo-sodablastsystems-usa-1.png","type":"image\/png"}],"twitter_card":"summary_large_image","twitter_misc":{"Procijenjeno vrijeme \u010ditanja":"1 minuta"},"schema":{"@context":"https:\/\/schema.org","@graph":[{"@type":"WebPage","@id":"https:\/\/sodablastsystems-europe.com\/hr\/efekti-prije-i-poslije\/","url":"https:\/\/sodablastsystems-europe.com\/hr\/efekti-prije-i-poslije\/","name":"U\u010dinci prije i poslije \u010di\u0161\u0107enja sodom - SodaBlast Systems","isPartOf":{"@id":"https:\/\/sodablastsystems-europe.com\/hr\/#website"},"datePublished":"2023-08-27T08:06:35+00:00","dateModified":"2024-11-03T01:16:22+00:00","description":"Otkrijte transformativnu mo\u0107 pjeskarenja sodom uz SodaBlast Systems Europe. Pogledajte na\u0161u galeriju prije i poslije koja prikazuje u\u010dinkovito uklanjanje boje, hr\u0111e i povr\u0161insku obnovu za razli\u010dite primjene","breadcrumb":{"@id":"https:\/\/sodablastsystems-europe.com\/hr\/efekti-prije-i-poslije\/#breadcrumb"},"inLanguage":"hr","potentialAction":[{"@type":"ReadAction","target":["https:\/\/sodablastsystems-europe.com\/hr\/efekti-prije-i-poslije\/"]}]},{"@type":"BreadcrumbList","@id":"https:\/\/sodablastsystems-europe.com\/hr\/efekti-prije-i-poslije\/#breadcrumb","itemListElement":[{"@type":"ListItem","position":1,"name":"Strona g\u0142\u00f3wna","item":"https:\/\/sodablastsystems-europe.com\/hr\/"},{"@type":"ListItem","position":2,"name":"Efekti prije i poslije"}]},{"@type":"WebSite","@id":"https:\/\/sodablastsystems-europe.com\/hr\/#website","url":"https:\/\/sodablastsystems-europe.com\/hr\/","name":"SodaBlast Systems Europe","description":"SodaBlasting Machines from USA. Innovative Technology For Your Business.","publisher":{"@id":"https:\/\/sodablastsystems-europe.com\/hr\/#organization"},"potentialAction":[{"@type":"SearchAction","target":{"@type":"EntryPoint","urlTemplate":"https:\/\/sodablastsystems-europe.com\/hr\/?s={search_term_string}"},"query-input":"required name=search_term_string"}],"inLanguage":"hr"},{"@type":"Organization","@id":"https:\/\/sodablastsystems-europe.com\/hr\/#organization","name":"SodaBlast Systems Europe","url":"https:\/\/sodablastsystems-europe.com\/hr\/","logo":{"@type":"ImageObject","inLanguage":"hr","@id":"https:\/\/sodablastsystems-europe.com\/hr\/#\/schema\/logo\/image\/","url":"https:\/\/sodablastsystems-europe.com\/wp-content\/uploads\/2023\/08\/logo-sodablastsystems-usa-1.png","contentUrl":"https:\/\/sodablastsystems-europe.com\/wp-content\/uploads\/2023\/08\/logo-sodablastsystems-usa-1.png","width":200,"height":200,"caption":"SodaBlast Systems Europe"},"image":{"@id":"https:\/\/sodablastsystems-europe.com\/hr\/#\/schema\/logo\/image\/"},"sameAs":["https:\/\/www.facebook.com\/sodablastsystems\/","https:\/\/www.tiktok.com\/@sodablast.systems","https:\/\/www.instagram.com\/sodablastsystems_europe\/","https:\/\/www.youtube.com\/@Sodablastsystems"]}]}},"_links":{"self":[{"href":"https:\/\/sodablastsystems-europe.com\/hr\/wp-json\/wp\/v2\/pages\/2617","targetHints":{"allow":["GET"]}}],"collection":[{"href":"https:\/\/sodablastsystems-europe.com\/hr\/wp-json\/wp\/v2\/pages"}],"about":[{"href":"https:\/\/sodablastsystems-europe.com\/hr\/wp-json\/wp\/v2\/types\/page"}],"author":[{"embeddable":true,"href":"https:\/\/sodablastsystems-europe.com\/hr\/wp-json\/wp\/v2\/users\/1"}],"replies":[{"embeddable":true,"href":"https:\/\/sodablastsystems-europe.com\/hr\/wp-json\/wp\/v2\/comments?post=2617"}],"version-history":[{"count":1,"href":"https:\/\/sodablastsystems-europe.com\/hr\/wp-json\/wp\/v2\/pages\/2617\/revisions"}],"predecessor-version":[{"id":2625,"href":"https:\/\/sodablastsystems-europe.com\/hr\/wp-json\/wp\/v2\/pages\/2617\/revisions\/2625"}],"wp:attachment":[{"href":"https:\/\/sodablastsystems-europe.com\/hr\/wp-json\/wp\/v2\/media?parent=2617"}],"curies":[{"name":"wp","href":"https:\/\/api.w.org\/{rel}","templated":true}]}}