{"id":2600,"date":"2023-08-27T08:06:12","date_gmt":"2023-08-27T08:06:12","guid":{"rendered":"https:\/\/sodablastsystems-europe.com\/naslov\/"},"modified":"2026-01-27T00:01:00","modified_gmt":"2026-01-27T00:01:00","slug":"naslov","status":"publish","type":"page","link":"https:\/\/sodablastsystems-europe.com\/hr\/naslov\/","title":{"rendered":"Naslov"},"content":{"rendered":"<figure class=\"wp-block-image size-large\"><img decoding=\"async\" width=\"1024\" height=\"664\" src=\"https:\/\/sodablastsystems-europe.com\/wp-content\/uploads\/2023\/09\/97BEDAC4-E1E2-4B47-8E6F-AE3210FB5928_Original-1024x664.jpg\" alt=\"2 osobe sjede na stroju za sodablastanje\" class=\"wp-image-442\" srcset=\"https:\/\/sodablastsystems-europe.com\/wp-content\/uploads\/2023\/09\/97BEDAC4-E1E2-4B47-8E6F-AE3210FB5928_Original-1024x664.jpg 1024w,  https:\/\/sodablastsystems-europe.com\/wp-content\/uploads\/2023\/09\/97BEDAC4-E1E2-4B47-8E6F-AE3210FB5928_Original-300x194.jpg 300w,  https:\/\/sodablastsystems-europe.com\/wp-content\/uploads\/2023\/09\/97BEDAC4-E1E2-4B47-8E6F-AE3210FB5928_Original-768x498.jpg 768w,  https:\/\/sodablastsystems-europe.com\/wp-content\/uploads\/2023\/09\/97BEDAC4-E1E2-4B47-8E6F-AE3210FB5928_Original-1536x996.jpg 1536w,  https:\/\/sodablastsystems-europe.com\/wp-content\/uploads\/2023\/09\/97BEDAC4-E1E2-4B47-8E6F-AE3210FB5928_Original.jpg 2016w\" sizes=\"(max-width: 1024px) 100vw, 1024px\" \/><\/figure>\n\n\n\n<h2 class=\"wp-block-heading has-x-large-font-size\" id=\"h-saznajte-cijene-strojeva-sodablast-systems\">Saznajte cijene strojeva SodaBlast Systems<\/h2>\n\n\n\n<p><strong>AUTOMATSKI \u0161aljemo cjenik strojeva unutar 15 minuta<\/strong><\/p>\n\n\n\n<div class=\"wpcf7 no-js\" id=\"wpcf7-f2539-o1\" lang=\"hr\" dir=\"ltr\" data-wpcf7-id=\"2539\">\n<div class=\"screen-reader-response\"><p role=\"status\" aria-live=\"polite\" aria-atomic=\"true\"><\/p> <ul><\/ul><\/div>\n<form action=\"\/hr\/wp-json\/wp\/v2\/pages\/2600#wpcf7-f2539-o1\" method=\"post\" class=\"wpcf7-form init vxcf_live_form\" aria-label=\"Kontakt obrazac\" novalidate=\"novalidate\" data-status=\"init\">\n<fieldset class=\"hidden-fields-container\"><input type=\"hidden\" name=\"_wpcf7\" value=\"2539\" \/><input type=\"hidden\" name=\"_wpcf7_version\" value=\"6.1.5\" \/><input type=\"hidden\" name=\"_wpcf7_locale\" value=\"hr\" \/><input type=\"hidden\" name=\"_wpcf7_unit_tag\" value=\"wpcf7-f2539-o1\" \/><input type=\"hidden\" name=\"_wpcf7_container_post\" value=\"0\" \/><input type=\"hidden\" name=\"_wpcf7_posted_data_hash\" value=\"\" \/>\n<\/fieldset>\n<div class=\"wpcf7-turnstile cf-turnstile\" data-sitekey=\"0x4AAAAAACMyM32TKUTU7EWP\" data-response-field-name=\"_wpcf7_turnstile_response\"><\/div>\n\n<p><label> Va\u0161a email adresa:<br \/>\n<span class=\"wpcf7-form-control-wrap\" data-name=\"your-email\"><input size=\"40\" maxlength=\"400\" class=\"wpcf7-form-control wpcf7-email wpcf7-validates-as-required wpcf7-text wpcf7-validates-as-email\" autocomplete=\"email\" aria-required=\"true\" aria-invalid=\"false\" value=\"\" type=\"email\" name=\"your-email\" \/><\/span> <\/label>\n<\/p>\n<p><input class=\"wpcf7-form-control wpcf7-submit has-spinner wp-block-button__link has-text-align-center wp-element-button\" type=\"submit\" value=\"SEND\" \/>\n<\/p><div class=\"wpcf7-response-output\" aria-hidden=\"true\"><\/div>\n<\/form>\n<\/div>\n\n\n\n\n<p class=\"has-small-font-size\">Suglasnost GDPR-a: Popunjavanjem obrasca sla\u017eete se s pravilima o privatnosti<a data-type=\"page\" data-id=\"3\" href=\"https:\/\/sodablastsystems-europe.com\/privacy-policy\/\"><\/a><\/p>","protected":false},"excerpt":{"rendered":"<p>Saznajte cijene strojeva SodaBlast Systems AUTOMATSKI \u0161aljemo cjenik strojeva unutar 15 minuta Suglasnost GDPR-a: Popunjavanjem obrasca sla\u017eete se s pravilima o privatnosti<\/p>","protected":false},"author":1,"featured_media":0,"parent":0,"menu_order":0,"comment_status":"closed","ping_status":"closed","template":"","meta":{"footnotes":""},"class_list":["post-2600","page","type-page","status-publish","hentry"],"yoast_head":"<!-- This site is optimized with the Yoast SEO Premium plugin v21.5 (Yoast SEO v21.5) - https:\/\/yoast.com\/wordpress\/plugins\/seo\/ -->\n<title>Cjenik opreme za pjeskarenje sodom - SodaBlast Systems<\/title>\n<meta name=\"description\" content=\"Prona\u0111ite detaljne cijene opreme za pjeskarenje sodom u SodaBlast Systems Europe. Istra\u017eite na\u0161e pristupa\u010dne opcije za industrijske, automobilske i restauracijske primjene\" \/>\n<meta name=\"robots\" content=\"index, follow, max-snippet:-1, max-image-preview:large, max-video-preview:-1\" \/>\n<link rel=\"canonical\" href=\"https:\/\/sodablastsystems-europe.com\/hr\/naslov\/\" \/>\n<meta property=\"og:locale\" content=\"hr_HR\" \/>\n<meta property=\"og:type\" content=\"article\" \/>\n<meta property=\"og:title\" content=\"Naslov\" \/>\n<meta property=\"og:description\" content=\"Prona\u0111ite detaljne cijene opreme za pjeskarenje sodom u SodaBlast Systems Europe. Istra\u017eite na\u0161e pristupa\u010dne opcije za industrijske, automobilske i restauracijske primjene\" \/>\n<meta property=\"og:url\" content=\"https:\/\/sodablastsystems-europe.com\/hr\/naslov\/\" \/>\n<meta property=\"og:site_name\" content=\"SodaBlast Systems\" \/>\n<meta property=\"article:publisher\" content=\"https:\/\/www.facebook.com\/sodablastsystems\/\" \/>\n<meta property=\"article:modified_time\" content=\"2026-01-27T00:01:00+00:00\" \/>\n<meta property=\"og:image\" content=\"https:\/\/sodablastsystems-europe.com\/wp-content\/uploads\/2023\/09\/97BEDAC4-E1E2-4B47-8E6F-AE3210FB5928_Original-1024x664.jpg\" \/>\n<meta name=\"twitter:card\" content=\"summary_large_image\" \/>\n<meta name=\"twitter:label1\" content=\"Procijenjeno vrijeme \u010ditanja\" \/>\n\t<meta name=\"twitter:data1\" content=\"1 minuta\" \/>\n<script type=\"application\/ld+json\" class=\"yoast-schema-graph\">{\"@context\":\"https:\/\/schema.org\",\"@graph\":[{\"@type\":\"WebPage\",\"@id\":\"https:\/\/sodablastsystems-europe.com\/hr\/naslov\/\",\"url\":\"https:\/\/sodablastsystems-europe.com\/hr\/naslov\/\",\"name\":\"Cjenik opreme za pjeskarenje sodom - SodaBlast Systems\",\"isPartOf\":{\"@id\":\"https:\/\/sodablastsystems-europe.com\/hr\/#website\"},\"datePublished\":\"2023-08-27T08:06:12+00:00\",\"dateModified\":\"2026-01-27T00:01:00+00:00\",\"description\":\"Prona\u0111ite detaljne cijene opreme za pjeskarenje sodom u SodaBlast Systems Europe. Istra\u017eite na\u0161e pristupa\u010dne opcije za industrijske, automobilske i restauracijske primjene\",\"breadcrumb\":{\"@id\":\"https:\/\/sodablastsystems-europe.com\/hr\/naslov\/#breadcrumb\"},\"inLanguage\":\"hr\",\"potentialAction\":[{\"@type\":\"ReadAction\",\"target\":[\"https:\/\/sodablastsystems-europe.com\/hr\/naslov\/\"]}]},{\"@type\":\"BreadcrumbList\",\"@id\":\"https:\/\/sodablastsystems-europe.com\/hr\/naslov\/#breadcrumb\",\"itemListElement\":[{\"@type\":\"ListItem\",\"position\":1,\"name\":\"Strona g\u0142\u00f3wna\",\"item\":\"https:\/\/sodablastsystems-europe.com\/hr\/\"},{\"@type\":\"ListItem\",\"position\":2,\"name\":\"Naslov\"}]},{\"@type\":\"WebSite\",\"@id\":\"https:\/\/sodablastsystems-europe.com\/hr\/#website\",\"url\":\"https:\/\/sodablastsystems-europe.com\/hr\/\",\"name\":\"SodaBlast Systems Europe\",\"description\":\"SodaBlasting Machines from USA. Innovative Technology For Your Business.\",\"publisher\":{\"@id\":\"https:\/\/sodablastsystems-europe.com\/hr\/#organization\"},\"potentialAction\":[{\"@type\":\"SearchAction\",\"target\":{\"@type\":\"EntryPoint\",\"urlTemplate\":\"https:\/\/sodablastsystems-europe.com\/hr\/?s={search_term_string}\"},\"query-input\":\"required name=search_term_string\"}],\"inLanguage\":\"hr\"},{\"@type\":\"Organization\",\"@id\":\"https:\/\/sodablastsystems-europe.com\/hr\/#organization\",\"name\":\"SodaBlast Systems Europe\",\"url\":\"https:\/\/sodablastsystems-europe.com\/hr\/\",\"logo\":{\"@type\":\"ImageObject\",\"inLanguage\":\"hr\",\"@id\":\"https:\/\/sodablastsystems-europe.com\/hr\/#\/schema\/logo\/image\/\",\"url\":\"https:\/\/sodablastsystems-europe.com\/wp-content\/uploads\/2023\/08\/logo-sodablastsystems-usa-1.png\",\"contentUrl\":\"https:\/\/sodablastsystems-europe.com\/wp-content\/uploads\/2023\/08\/logo-sodablastsystems-usa-1.png\",\"width\":200,\"height\":200,\"caption\":\"SodaBlast Systems Europe\"},\"image\":{\"@id\":\"https:\/\/sodablastsystems-europe.com\/hr\/#\/schema\/logo\/image\/\"},\"sameAs\":[\"https:\/\/www.facebook.com\/sodablastsystems\/\",\"https:\/\/www.tiktok.com\/@sodablast.systems\",\"https:\/\/www.instagram.com\/sodablastsystems_europe\/\",\"https:\/\/www.youtube.com\/@Sodablastsystems\"]}]}<\/script>\n<!-- \/ Yoast SEO Premium plugin. -->","yoast_head_json":{"title":"Cjenik opreme za pjeskarenje sodom - SodaBlast Systems","description":"Prona\u0111ite detaljne cijene opreme za pjeskarenje sodom u SodaBlast Systems Europe. Istra\u017eite na\u0161e pristupa\u010dne opcije za industrijske, automobilske i restauracijske primjene","robots":{"index":"index","follow":"follow","max-snippet":"max-snippet:-1","max-image-preview":"max-image-preview:large","max-video-preview":"max-video-preview:-1"},"canonical":"https:\/\/sodablastsystems-europe.com\/hr\/naslov\/","og_locale":"hr_HR","og_type":"article","og_title":"Naslov","og_description":"Prona\u0111ite detaljne cijene opreme za pjeskarenje sodom u SodaBlast Systems Europe. Istra\u017eite na\u0161e pristupa\u010dne opcije za industrijske, automobilske i restauracijske primjene","og_url":"https:\/\/sodablastsystems-europe.com\/hr\/naslov\/","og_site_name":"SodaBlast Systems","article_publisher":"https:\/\/www.facebook.com\/sodablastsystems\/","article_modified_time":"2026-01-27T00:01:00+00:00","og_image":[{"url":"https:\/\/sodablastsystems-europe.com\/wp-content\/uploads\/2023\/09\/97BEDAC4-E1E2-4B47-8E6F-AE3210FB5928_Original-1024x664.jpg"}],"twitter_card":"summary_large_image","twitter_misc":{"Procijenjeno vrijeme \u010ditanja":"1 minuta"},"schema":{"@context":"https:\/\/schema.org","@graph":[{"@type":"WebPage","@id":"https:\/\/sodablastsystems-europe.com\/hr\/naslov\/","url":"https:\/\/sodablastsystems-europe.com\/hr\/naslov\/","name":"Cjenik opreme za pjeskarenje sodom - SodaBlast Systems","isPartOf":{"@id":"https:\/\/sodablastsystems-europe.com\/hr\/#website"},"datePublished":"2023-08-27T08:06:12+00:00","dateModified":"2026-01-27T00:01:00+00:00","description":"Prona\u0111ite detaljne cijene opreme za pjeskarenje sodom u SodaBlast Systems Europe. Istra\u017eite na\u0161e pristupa\u010dne opcije za industrijske, automobilske i restauracijske primjene","breadcrumb":{"@id":"https:\/\/sodablastsystems-europe.com\/hr\/naslov\/#breadcrumb"},"inLanguage":"hr","potentialAction":[{"@type":"ReadAction","target":["https:\/\/sodablastsystems-europe.com\/hr\/naslov\/"]}]},{"@type":"BreadcrumbList","@id":"https:\/\/sodablastsystems-europe.com\/hr\/naslov\/#breadcrumb","itemListElement":[{"@type":"ListItem","position":1,"name":"Strona g\u0142\u00f3wna","item":"https:\/\/sodablastsystems-europe.com\/hr\/"},{"@type":"ListItem","position":2,"name":"Naslov"}]},{"@type":"WebSite","@id":"https:\/\/sodablastsystems-europe.com\/hr\/#website","url":"https:\/\/sodablastsystems-europe.com\/hr\/","name":"SodaBlast Systems Europe","description":"SodaBlasting Machines from USA. Innovative Technology For Your Business.","publisher":{"@id":"https:\/\/sodablastsystems-europe.com\/hr\/#organization"},"potentialAction":[{"@type":"SearchAction","target":{"@type":"EntryPoint","urlTemplate":"https:\/\/sodablastsystems-europe.com\/hr\/?s={search_term_string}"},"query-input":"required name=search_term_string"}],"inLanguage":"hr"},{"@type":"Organization","@id":"https:\/\/sodablastsystems-europe.com\/hr\/#organization","name":"SodaBlast Systems Europe","url":"https:\/\/sodablastsystems-europe.com\/hr\/","logo":{"@type":"ImageObject","inLanguage":"hr","@id":"https:\/\/sodablastsystems-europe.com\/hr\/#\/schema\/logo\/image\/","url":"https:\/\/sodablastsystems-europe.com\/wp-content\/uploads\/2023\/08\/logo-sodablastsystems-usa-1.png","contentUrl":"https:\/\/sodablastsystems-europe.com\/wp-content\/uploads\/2023\/08\/logo-sodablastsystems-usa-1.png","width":200,"height":200,"caption":"SodaBlast Systems Europe"},"image":{"@id":"https:\/\/sodablastsystems-europe.com\/hr\/#\/schema\/logo\/image\/"},"sameAs":["https:\/\/www.facebook.com\/sodablastsystems\/","https:\/\/www.tiktok.com\/@sodablast.systems","https:\/\/www.instagram.com\/sodablastsystems_europe\/","https:\/\/www.youtube.com\/@Sodablastsystems"]}]}},"_links":{"self":[{"href":"https:\/\/sodablastsystems-europe.com\/hr\/wp-json\/wp\/v2\/pages\/2600","targetHints":{"allow":["GET"]}}],"collection":[{"href":"https:\/\/sodablastsystems-europe.com\/hr\/wp-json\/wp\/v2\/pages"}],"about":[{"href":"https:\/\/sodablastsystems-europe.com\/hr\/wp-json\/wp\/v2\/types\/page"}],"author":[{"embeddable":true,"href":"https:\/\/sodablastsystems-europe.com\/hr\/wp-json\/wp\/v2\/users\/1"}],"replies":[{"embeddable":true,"href":"https:\/\/sodablastsystems-europe.com\/hr\/wp-json\/wp\/v2\/comments?post=2600"}],"version-history":[{"count":2,"href":"https:\/\/sodablastsystems-europe.com\/hr\/wp-json\/wp\/v2\/pages\/2600\/revisions"}],"predecessor-version":[{"id":6783,"href":"https:\/\/sodablastsystems-europe.com\/hr\/wp-json\/wp\/v2\/pages\/2600\/revisions\/6783"}],"wp:attachment":[{"href":"https:\/\/sodablastsystems-europe.com\/hr\/wp-json\/wp\/v2\/media?parent=2600"}],"curies":[{"name":"wp","href":"https:\/\/api.w.org\/{rel}","templated":true}]}}