{"id":6135,"date":"2025-02-17T14:24:04","date_gmt":"2025-02-17T14:24:04","guid":{"rendered":"https:\/\/sodablastsystems-europe.com\/specifications-de-la-remorque-sb-500-avec-dpf\/"},"modified":"2025-02-17T14:26:41","modified_gmt":"2025-02-17T14:26:41","slug":"specifications-de-la-remorque-sb-500-avec-dpf","status":"publish","type":"page","link":"https:\/\/sodablastsystems-europe.com\/fr\/specifications-de-la-remorque-sb-500-avec-dpf\/","title":{"rendered":"Sp\u00e9cifications de la \u00ab\u00a0remorque SB-500\u00a0\u00bb avec DPF"},"content":{"rendered":"<p><strong>Kit complet \u00e0 trois composants, transportable et pr\u00eat \u00e0 l&#8217;emploi :<\/strong><\/p>\n\n<p><strong>Section de sablage SodaBlaster :<\/strong><\/p>\n\n<ul class=\"wp-block-list\">\n<li>R\u00e9servoir SB-500<\/li>\n\n\n\n<li>Trappe de tr\u00e9mie auto-obturante en 1 seconde<\/li>\n\n\n\n<li>R\u00e9gulateur de pression d&rsquo;air<\/li>\n\n\n\n<li>R\u00e9gulateur de quantit\u00e9 d&rsquo;abrasif<\/li>\n\n\n\n<li>T\u00e9l\u00e9commande \u00e9lectrique avec c\u00e2ble de 15m<\/li>\n\n\n\n<li>Raccord d&rsquo;air propre pour les outils en option<\/li>\n\n\n\n<li>Sortie du tuyau de soufflage rotatif \u00e0 340o<\/li>\n\n\n\n<li>Silencieux d&rsquo;\u00e9chappement d&rsquo;air du r\u00e9servoir de la sableuse<\/li>\n<\/ul>\n\n<p><strong>Syst\u00e8me de refroidissement Blaster :<\/strong><\/p>\n\n<ul class=\"wp-block-list\">\n<li>MT-3 S\u00e9cheur d&rsquo;air autonome<\/li>\n\n\n\n<li>Filtre \u00e0 air CF-125 Cyclone<\/li>\n\n\n\n<li>Refroidisseur \u00e0 pression 10bar<\/li>\n\n\n\n<li>Ventilateur \u00e0 grande vitesse<\/li>\n<\/ul>\n\n<p><strong>Compresseur d&rsquo;air \u00e0 vis :<\/strong><\/p>\n\n<ul class=\"wp-block-list\">\n<li>Moteur Kubota quatre cylindres turbocompress\u00e9<\/li>\n\n\n\n<li>Puissance du moteur 33kW<\/li>\n\n\n\n<li>Capacit\u00e9 du moteur de 1 498 litres<\/li>\n\n\n\n<li>Installation \u00e9lectrique 12V<\/li>\n\n\n\n<li>R\u00e9servoir de carburant de 45 litres<\/li>\n\n\n\n<li>\u00c9cran LCD<\/li>\n\n\n\n<li>Interrupteur d&rsquo;urgence STOP<\/li>\n\n\n\n<li>Bo\u00eetier insonoris\u00e9 compresseur<\/li>\n\n\n\n<li>Protection anticorrosion pour les environnements C3 \u00e0 forte humidit\u00e9<\/li>\n\n\n\n<li>Silencieux d&rsquo;\u00e9chappement d&rsquo;air du compresseur<\/li>\n\n\n\n<li>Conforme \u00e0 la norme europ\u00e9enne STAGE V pour les moteurs \u00e0 combustion<\/li>\n\n\n\n<li>Conforme \u00e0 la norme d&rsquo;\u00e9mission sonore 2000\/14\/CE<\/li>\n<\/ul>\n\n<p><strong>Ch\u00e2ssis de route :<\/strong><\/p>\n\n<ul class=\"wp-block-list\">\n<li>Homologation europ\u00e9enne de la remorque sp\u00e9ciale<\/li>\n\n\n\n<li>Fabrication CNC<\/li>\n\n\n\n<li>Composants du ch\u00e2ssis AL-KO<\/li>\n\n\n\n<li>2 essieux = 4 roues, pneus M+S 13C<\/li>\n\n\n\n<li>Frein \u00e0 inertie, d&rsquo;urgence et de stationnement<\/li>\n\n\n\n<li>Crochet \u00e0 boule pour barre d&rsquo;attelage avec accouplement et indicateur d&rsquo;usure<\/li>\n\n\n\n<li>4 supports de mise \u00e0 niveau du ch\u00e2ssis r\u00e9glables<\/li>\n\n\n\n<li>Roue de secours de taille normale<\/li>\n\n\n\n<li>Installation \u00e9lectrique de l&rsquo;\u00e9clairage routier \u00e0 13 broches<\/li>\n<\/ul>\n\n<p><strong>Accessoires inclus &#8211; Ensemble de base :<\/strong><\/p>\n\n<ul class=\"wp-block-list\">\n<li>Buse ronde HV-5 (8mm)<\/li>\n\n\n\n<li>Adaptateur d&rsquo;eau pour la buse<\/li>\n\n\n\n<li>Entonnoir pour verser l&rsquo;abrasif<\/li>\n\n\n\n<li>C\u00e2ble de contr\u00f4le de 15 m<\/li>\n\n\n\n<li>Tuyau d&rsquo;eau de 15 m<\/li>\n\n\n\n<li>Tuyau de soufflage 15m<\/li>\n<\/ul>","protected":false},"excerpt":{"rendered":"<p>Kit complet \u00e0 trois composants, transportable et pr\u00eat \u00e0 l&#8217;emploi : Section de sablage SodaBlaster : Syst\u00e8me de refroidissement Blaster : Compresseur d&rsquo;air \u00e0 vis : Ch\u00e2ssis de route : Accessoires inclus &#8211; Ensemble de base :<\/p>","protected":false},"author":1,"featured_media":0,"parent":0,"menu_order":0,"comment_status":"closed","ping_status":"closed","template":"","meta":{"footnotes":""},"class_list":["post-6135","page","type-page","status-publish","hentry"],"yoast_head":"<!-- This site is optimized with the Yoast SEO Premium plugin v21.5 (Yoast SEO v21.5) - https:\/\/yoast.com\/wordpress\/plugins\/seo\/ -->\n<title>Sp\u00e9cifications de la &quot;remorque SB-500&quot; avec DPF - SodaBlast Systems<\/title>\n<meta name=\"robots\" content=\"index, follow, max-snippet:-1, max-image-preview:large, max-video-preview:-1\" \/>\n<link rel=\"canonical\" href=\"https:\/\/sodablastsystems-europe.com\/fr\/specifications-de-la-remorque-sb-500-avec-dpf\/\" \/>\n<meta property=\"og:locale\" content=\"fr_FR\" \/>\n<meta property=\"og:type\" content=\"article\" \/>\n<meta property=\"og:title\" content=\"Sp\u00e9cifications de la &quot;remorque SB-500&quot; avec DPF\" \/>\n<meta property=\"og:description\" content=\"Kit complet \u00e0 trois composants, transportable et pr\u00eat \u00e0 l&#8217;emploi : Section de sablage SodaBlaster : Syst\u00e8me de refroidissement Blaster : Compresseur d&rsquo;air \u00e0 vis : Ch\u00e2ssis de route : Accessoires inclus &#8211; Ensemble de base :\" \/>\n<meta property=\"og:url\" content=\"https:\/\/sodablastsystems-europe.com\/fr\/specifications-de-la-remorque-sb-500-avec-dpf\/\" \/>\n<meta property=\"og:site_name\" content=\"SodaBlast Systems\" \/>\n<meta property=\"article:publisher\" content=\"https:\/\/www.facebook.com\/sodablastsystems\/\" \/>\n<meta property=\"article:modified_time\" content=\"2025-02-17T14:26:41+00:00\" \/>\n<meta property=\"og:image\" content=\"https:\/\/sodablastsystems-europe.com\/wp-content\/uploads\/2023\/08\/logo-sodablastsystems-usa-1.png\" \/>\n\t<meta property=\"og:image:width\" content=\"200\" \/>\n\t<meta property=\"og:image:height\" content=\"200\" \/>\n\t<meta property=\"og:image:type\" content=\"image\/png\" \/>\n<meta name=\"twitter:card\" content=\"summary_large_image\" \/>\n<meta name=\"twitter:label1\" content=\"Dur\u00e9e de lecture estim\u00e9e\" \/>\n\t<meta name=\"twitter:data1\" content=\"1 minute\" \/>\n<script type=\"application\/ld+json\" class=\"yoast-schema-graph\">{\"@context\":\"https:\/\/schema.org\",\"@graph\":[{\"@type\":\"WebPage\",\"@id\":\"https:\/\/sodablastsystems-europe.com\/fr\/specifications-de-la-remorque-sb-500-avec-dpf\/\",\"url\":\"https:\/\/sodablastsystems-europe.com\/fr\/specifications-de-la-remorque-sb-500-avec-dpf\/\",\"name\":\"Sp\u00e9cifications de la \\\"remorque SB-500\\\" avec DPF - SodaBlast Systems\",\"isPartOf\":{\"@id\":\"https:\/\/sodablastsystems-europe.com\/fr\/#website\"},\"datePublished\":\"2025-02-17T14:24:04+00:00\",\"dateModified\":\"2025-02-17T14:26:41+00:00\",\"breadcrumb\":{\"@id\":\"https:\/\/sodablastsystems-europe.com\/fr\/specifications-de-la-remorque-sb-500-avec-dpf\/#breadcrumb\"},\"inLanguage\":\"fr-FR\",\"potentialAction\":[{\"@type\":\"ReadAction\",\"target\":[\"https:\/\/sodablastsystems-europe.com\/fr\/specifications-de-la-remorque-sb-500-avec-dpf\/\"]}]},{\"@type\":\"BreadcrumbList\",\"@id\":\"https:\/\/sodablastsystems-europe.com\/fr\/specifications-de-la-remorque-sb-500-avec-dpf\/#breadcrumb\",\"itemListElement\":[{\"@type\":\"ListItem\",\"position\":1,\"name\":\"Strona g\u0142\u00f3wna\",\"item\":\"https:\/\/sodablastsystems-europe.com\/fr\/\"},{\"@type\":\"ListItem\",\"position\":2,\"name\":\"Sp\u00e9cifications de la \u00ab\u00a0remorque SB-500\u00a0\u00bb avec DPF\"}]},{\"@type\":\"WebSite\",\"@id\":\"https:\/\/sodablastsystems-europe.com\/fr\/#website\",\"url\":\"https:\/\/sodablastsystems-europe.com\/fr\/\",\"name\":\"SodaBlast Systems Europe\",\"description\":\"SodaBlasting Machines from USA. Innovative Technology For Your Business.\",\"publisher\":{\"@id\":\"https:\/\/sodablastsystems-europe.com\/fr\/#organization\"},\"potentialAction\":[{\"@type\":\"SearchAction\",\"target\":{\"@type\":\"EntryPoint\",\"urlTemplate\":\"https:\/\/sodablastsystems-europe.com\/fr\/?s={search_term_string}\"},\"query-input\":\"required name=search_term_string\"}],\"inLanguage\":\"fr-FR\"},{\"@type\":\"Organization\",\"@id\":\"https:\/\/sodablastsystems-europe.com\/fr\/#organization\",\"name\":\"SodaBlast Systems Europe\",\"url\":\"https:\/\/sodablastsystems-europe.com\/fr\/\",\"logo\":{\"@type\":\"ImageObject\",\"inLanguage\":\"fr-FR\",\"@id\":\"https:\/\/sodablastsystems-europe.com\/fr\/#\/schema\/logo\/image\/\",\"url\":\"https:\/\/sodablastsystems-europe.com\/wp-content\/uploads\/2023\/08\/logo-sodablastsystems-usa-1.png\",\"contentUrl\":\"https:\/\/sodablastsystems-europe.com\/wp-content\/uploads\/2023\/08\/logo-sodablastsystems-usa-1.png\",\"width\":200,\"height\":200,\"caption\":\"SodaBlast Systems Europe\"},\"image\":{\"@id\":\"https:\/\/sodablastsystems-europe.com\/fr\/#\/schema\/logo\/image\/\"},\"sameAs\":[\"https:\/\/www.facebook.com\/sodablastsystems\/\",\"https:\/\/www.tiktok.com\/@sodablast.systems\",\"https:\/\/www.instagram.com\/sodablastsystems_europe\/\",\"https:\/\/www.youtube.com\/@Sodablastsystems\"]}]}<\/script>\n<!-- \/ Yoast SEO Premium plugin. -->","yoast_head_json":{"title":"Sp\u00e9cifications de la \"remorque SB-500\" avec DPF - SodaBlast Systems","robots":{"index":"index","follow":"follow","max-snippet":"max-snippet:-1","max-image-preview":"max-image-preview:large","max-video-preview":"max-video-preview:-1"},"canonical":"https:\/\/sodablastsystems-europe.com\/fr\/specifications-de-la-remorque-sb-500-avec-dpf\/","og_locale":"fr_FR","og_type":"article","og_title":"Sp\u00e9cifications de la \"remorque SB-500\" avec DPF","og_description":"Kit complet \u00e0 trois composants, transportable et pr\u00eat \u00e0 l&#8217;emploi : Section de sablage SodaBlaster : Syst\u00e8me de refroidissement Blaster : Compresseur d&rsquo;air \u00e0 vis : Ch\u00e2ssis de route : Accessoires inclus &#8211; Ensemble de base :","og_url":"https:\/\/sodablastsystems-europe.com\/fr\/specifications-de-la-remorque-sb-500-avec-dpf\/","og_site_name":"SodaBlast Systems","article_publisher":"https:\/\/www.facebook.com\/sodablastsystems\/","article_modified_time":"2025-02-17T14:26:41+00:00","og_image":[{"width":200,"height":200,"url":"https:\/\/sodablastsystems-europe.com\/wp-content\/uploads\/2023\/08\/logo-sodablastsystems-usa-1.png","type":"image\/png"}],"twitter_card":"summary_large_image","twitter_misc":{"Dur\u00e9e de lecture estim\u00e9e":"1 minute"},"schema":{"@context":"https:\/\/schema.org","@graph":[{"@type":"WebPage","@id":"https:\/\/sodablastsystems-europe.com\/fr\/specifications-de-la-remorque-sb-500-avec-dpf\/","url":"https:\/\/sodablastsystems-europe.com\/fr\/specifications-de-la-remorque-sb-500-avec-dpf\/","name":"Sp\u00e9cifications de la \"remorque SB-500\" avec DPF - SodaBlast Systems","isPartOf":{"@id":"https:\/\/sodablastsystems-europe.com\/fr\/#website"},"datePublished":"2025-02-17T14:24:04+00:00","dateModified":"2025-02-17T14:26:41+00:00","breadcrumb":{"@id":"https:\/\/sodablastsystems-europe.com\/fr\/specifications-de-la-remorque-sb-500-avec-dpf\/#breadcrumb"},"inLanguage":"fr-FR","potentialAction":[{"@type":"ReadAction","target":["https:\/\/sodablastsystems-europe.com\/fr\/specifications-de-la-remorque-sb-500-avec-dpf\/"]}]},{"@type":"BreadcrumbList","@id":"https:\/\/sodablastsystems-europe.com\/fr\/specifications-de-la-remorque-sb-500-avec-dpf\/#breadcrumb","itemListElement":[{"@type":"ListItem","position":1,"name":"Strona g\u0142\u00f3wna","item":"https:\/\/sodablastsystems-europe.com\/fr\/"},{"@type":"ListItem","position":2,"name":"Sp\u00e9cifications de la \u00ab\u00a0remorque SB-500\u00a0\u00bb avec DPF"}]},{"@type":"WebSite","@id":"https:\/\/sodablastsystems-europe.com\/fr\/#website","url":"https:\/\/sodablastsystems-europe.com\/fr\/","name":"SodaBlast Systems Europe","description":"SodaBlasting Machines from USA. Innovative Technology For Your Business.","publisher":{"@id":"https:\/\/sodablastsystems-europe.com\/fr\/#organization"},"potentialAction":[{"@type":"SearchAction","target":{"@type":"EntryPoint","urlTemplate":"https:\/\/sodablastsystems-europe.com\/fr\/?s={search_term_string}"},"query-input":"required name=search_term_string"}],"inLanguage":"fr-FR"},{"@type":"Organization","@id":"https:\/\/sodablastsystems-europe.com\/fr\/#organization","name":"SodaBlast Systems Europe","url":"https:\/\/sodablastsystems-europe.com\/fr\/","logo":{"@type":"ImageObject","inLanguage":"fr-FR","@id":"https:\/\/sodablastsystems-europe.com\/fr\/#\/schema\/logo\/image\/","url":"https:\/\/sodablastsystems-europe.com\/wp-content\/uploads\/2023\/08\/logo-sodablastsystems-usa-1.png","contentUrl":"https:\/\/sodablastsystems-europe.com\/wp-content\/uploads\/2023\/08\/logo-sodablastsystems-usa-1.png","width":200,"height":200,"caption":"SodaBlast Systems Europe"},"image":{"@id":"https:\/\/sodablastsystems-europe.com\/fr\/#\/schema\/logo\/image\/"},"sameAs":["https:\/\/www.facebook.com\/sodablastsystems\/","https:\/\/www.tiktok.com\/@sodablast.systems","https:\/\/www.instagram.com\/sodablastsystems_europe\/","https:\/\/www.youtube.com\/@Sodablastsystems"]}]}},"_links":{"self":[{"href":"https:\/\/sodablastsystems-europe.com\/fr\/wp-json\/wp\/v2\/pages\/6135","targetHints":{"allow":["GET"]}}],"collection":[{"href":"https:\/\/sodablastsystems-europe.com\/fr\/wp-json\/wp\/v2\/pages"}],"about":[{"href":"https:\/\/sodablastsystems-europe.com\/fr\/wp-json\/wp\/v2\/types\/page"}],"author":[{"embeddable":true,"href":"https:\/\/sodablastsystems-europe.com\/fr\/wp-json\/wp\/v2\/users\/1"}],"replies":[{"embeddable":true,"href":"https:\/\/sodablastsystems-europe.com\/fr\/wp-json\/wp\/v2\/comments?post=6135"}],"version-history":[{"count":1,"href":"https:\/\/sodablastsystems-europe.com\/fr\/wp-json\/wp\/v2\/pages\/6135\/revisions"}],"predecessor-version":[{"id":6138,"href":"https:\/\/sodablastsystems-europe.com\/fr\/wp-json\/wp\/v2\/pages\/6135\/revisions\/6138"}],"wp:attachment":[{"href":"https:\/\/sodablastsystems-europe.com\/fr\/wp-json\/wp\/v2\/media?parent=6135"}],"curies":[{"name":"wp","href":"https:\/\/api.w.org\/{rel}","templated":true}]}}