{"id":1481,"date":"2023-08-27T08:07:29","date_gmt":"2023-08-27T08:07:29","guid":{"rendered":"https:\/\/sodablastsystems-europe.com\/compilation-de-30-minutes-sur-le-nettoyage\/"},"modified":"2026-01-08T09:56:16","modified_gmt":"2026-01-08T09:56:16","slug":"compilation-de-30-minutes-sur-le-nettoyage","status":"publish","type":"page","link":"https:\/\/sodablastsystems-europe.com\/fr\/compilation-de-30-minutes-sur-le-nettoyage\/","title":{"rendered":"Vid\u00e9os"},"content":{"rendered":"<h1 class=\"wp-block-heading\" id=\"h-30-minute-cleaning-compilation\">Compilation de 30 minutes sur le nettoyage<\/h1>\n\n<h2 class=\"wp-block-heading has-large-font-size\" id=\"h-authentic-soda-blasting-effects-sodablast-users-in-action\">Effets authentiques de la projection de soda &#8211; Utilisateurs de SodaBlast en action<\/h2>\n\n<p>Nous vous invitons \u00e0 regarder des vid\u00e9os authentiques envoy\u00e9es par nos utilisateurs de toute l&rsquo;Europe. Ces vid\u00e9os d\u00e9montrent non seulement l&rsquo;efficacit\u00e9 des machines SodaBlast Systems, mais aussi la diversit\u00e9 des applications et des techniques de soda blasting en direct. D\u00e9couvrez comment nos clients rel\u00e8vent les d\u00e9fis du nettoyage et les r\u00e9sultats spectaculaires qui peuvent \u00eatre obtenus gr\u00e2ce \u00e0 nos solutions. Chaque clip est une v\u00e9ritable exp\u00e9rience et une v\u00e9ritable transformation &#8211; les surfaces r\u00e9nov\u00e9es retrouvent leur \u00e9clat et la satisfaction du travail bien fait est clairement visible.<\/p>\n\n<p><strong>Cliquez et regardez<\/strong>:<\/p>\n\n<lite-vimeo videoid=\"858282701\"><\/lite-vimeo>\n\n<p><\/p>","protected":false},"excerpt":{"rendered":"<p>Compilation de 30 minutes sur le nettoyage Effets authentiques de la projection de soda &#8211; Utilisateurs de SodaBlast en action Nous vous invitons \u00e0 regarder des vid\u00e9os authentiques envoy\u00e9es par nos utilisateurs de toute l&rsquo;Europe. Ces vid\u00e9os d\u00e9montrent non seulement l&rsquo;efficacit\u00e9 des machines SodaBlast Systems, mais aussi la diversit\u00e9 des applications et des techniques de [&hellip;]<\/p>","protected":false},"author":1,"featured_media":0,"parent":0,"menu_order":0,"comment_status":"closed","ping_status":"closed","template":"strona-bez-tytu-u","meta":{"footnotes":""},"class_list":["post-1481","page","type-page","status-publish","hentry"],"yoast_head":"<!-- This site is optimized with the Yoast SEO Premium plugin v21.5 (Yoast SEO v21.5) - https:\/\/yoast.com\/wordpress\/plugins\/seo\/ -->\n<title>Compilation de vid\u00e9os sur le soda - SodaBlast Systems<\/title>\n<meta name=\"description\" content=\"Regardez notre compilation de vid\u00e9os sur le soda blasting chez SodaBlast Systems Europe. D\u00e9couvrez des applications r\u00e9elles illustrant le d\u00e9capage de la peinture et de la rouille, la restauration de surfaces et des solutions de nettoyage \u00e9cologiques.\" \/>\n<meta name=\"robots\" content=\"index, follow, max-snippet:-1, max-image-preview:large, max-video-preview:-1\" \/>\n<link rel=\"canonical\" href=\"https:\/\/sodablastsystems-europe.com\/fr\/compilation-de-30-minutes-sur-le-nettoyage\/\" \/>\n<meta property=\"og:locale\" content=\"fr_FR\" \/>\n<meta property=\"og:type\" content=\"article\" \/>\n<meta property=\"og:title\" content=\"Compilation de vid\u00e9os sur le soda - SodaBlast Systems\" \/>\n<meta property=\"og:description\" content=\"Regardez notre compilation de vid\u00e9os sur le soda blasting chez SodaBlast Systems Europe. D\u00e9couvrez des applications r\u00e9elles illustrant le d\u00e9capage de la peinture et de la rouille, la restauration de surfaces et des solutions de nettoyage \u00e9cologiques.\" \/>\n<meta property=\"og:url\" content=\"https:\/\/sodablastsystems-europe.com\/fr\/compilation-de-30-minutes-sur-le-nettoyage\/\" \/>\n<meta property=\"og:site_name\" content=\"SodaBlast Systems\" \/>\n<meta property=\"article:publisher\" content=\"https:\/\/www.facebook.com\/sodablastsystems\/\" \/>\n<meta property=\"article:modified_time\" content=\"2026-01-08T09:56:16+00:00\" \/>\n<meta property=\"og:image\" content=\"https:\/\/sodablastsystems-europe.com\/wp-content\/uploads\/2024\/01\/img_6871.jpeg\" \/>\n<meta name=\"twitter:card\" content=\"summary_large_image\" \/>\n<meta name=\"twitter:title\" content=\"Compilation de vid\u00e9os sur le soda - SodaBlast Systems\" \/>\n<meta name=\"twitter:description\" content=\"Regardez notre compilation de vid\u00e9os sur le soda blasting chez SodaBlast Systems Europe. D\u00e9couvrez des applications r\u00e9elles illustrant le d\u00e9capage de la peinture et de la rouille, la restauration de surfaces et des solutions de nettoyage \u00e9cologiques.\" \/>\n<meta name=\"twitter:label1\" content=\"Dur\u00e9e de lecture estim\u00e9e\" \/>\n\t<meta name=\"twitter:data1\" content=\"1 minute\" \/>\n<script type=\"application\/ld+json\" class=\"yoast-schema-graph\">{\"@context\":\"https:\/\/schema.org\",\"@graph\":[{\"@type\":\"WebPage\",\"@id\":\"https:\/\/sodablastsystems-europe.com\/fr\/compilation-de-30-minutes-sur-le-nettoyage\/\",\"url\":\"https:\/\/sodablastsystems-europe.com\/fr\/compilation-de-30-minutes-sur-le-nettoyage\/\",\"name\":\"Compilation de vid\u00e9os sur le soda - SodaBlast Systems\",\"isPartOf\":{\"@id\":\"https:\/\/sodablastsystems-europe.com\/fr\/#website\"},\"datePublished\":\"2023-08-27T08:07:29+00:00\",\"dateModified\":\"2026-01-08T09:56:16+00:00\",\"description\":\"Regardez notre compilation de vid\u00e9os sur le soda blasting chez SodaBlast Systems Europe. D\u00e9couvrez des applications r\u00e9elles illustrant le d\u00e9capage de la peinture et de la rouille, la restauration de surfaces et des solutions de nettoyage \u00e9cologiques.\",\"breadcrumb\":{\"@id\":\"https:\/\/sodablastsystems-europe.com\/fr\/compilation-de-30-minutes-sur-le-nettoyage\/#breadcrumb\"},\"inLanguage\":\"fr-FR\",\"potentialAction\":[{\"@type\":\"ReadAction\",\"target\":[\"https:\/\/sodablastsystems-europe.com\/fr\/compilation-de-30-minutes-sur-le-nettoyage\/\"]}]},{\"@type\":\"BreadcrumbList\",\"@id\":\"https:\/\/sodablastsystems-europe.com\/fr\/compilation-de-30-minutes-sur-le-nettoyage\/#breadcrumb\",\"itemListElement\":[{\"@type\":\"ListItem\",\"position\":1,\"name\":\"Strona g\u0142\u00f3wna\",\"item\":\"https:\/\/sodablastsystems-europe.com\/fr\/\"},{\"@type\":\"ListItem\",\"position\":2,\"name\":\"Vid\u00e9os\"}]},{\"@type\":\"WebSite\",\"@id\":\"https:\/\/sodablastsystems-europe.com\/fr\/#website\",\"url\":\"https:\/\/sodablastsystems-europe.com\/fr\/\",\"name\":\"SodaBlast Systems Europe\",\"description\":\"SodaBlasting Machines from USA. Innovative Technology For Your Business.\",\"publisher\":{\"@id\":\"https:\/\/sodablastsystems-europe.com\/fr\/#organization\"},\"potentialAction\":[{\"@type\":\"SearchAction\",\"target\":{\"@type\":\"EntryPoint\",\"urlTemplate\":\"https:\/\/sodablastsystems-europe.com\/fr\/?s={search_term_string}\"},\"query-input\":\"required name=search_term_string\"}],\"inLanguage\":\"fr-FR\"},{\"@type\":\"Organization\",\"@id\":\"https:\/\/sodablastsystems-europe.com\/fr\/#organization\",\"name\":\"SodaBlast Systems Europe\",\"url\":\"https:\/\/sodablastsystems-europe.com\/fr\/\",\"logo\":{\"@type\":\"ImageObject\",\"inLanguage\":\"fr-FR\",\"@id\":\"https:\/\/sodablastsystems-europe.com\/fr\/#\/schema\/logo\/image\/\",\"url\":\"https:\/\/sodablastsystems-europe.com\/wp-content\/uploads\/2023\/08\/logo-sodablastsystems-usa-1.png\",\"contentUrl\":\"https:\/\/sodablastsystems-europe.com\/wp-content\/uploads\/2023\/08\/logo-sodablastsystems-usa-1.png\",\"width\":200,\"height\":200,\"caption\":\"SodaBlast Systems Europe\"},\"image\":{\"@id\":\"https:\/\/sodablastsystems-europe.com\/fr\/#\/schema\/logo\/image\/\"},\"sameAs\":[\"https:\/\/www.facebook.com\/sodablastsystems\/\",\"https:\/\/www.tiktok.com\/@sodablast.systems\",\"https:\/\/www.instagram.com\/sodablastsystems_europe\/\",\"https:\/\/www.youtube.com\/@Sodablastsystems\"]}]}<\/script>\n<!-- \/ Yoast SEO Premium plugin. -->","yoast_head_json":{"title":"Compilation de vid\u00e9os sur le soda - SodaBlast Systems","description":"Regardez notre compilation de vid\u00e9os sur le soda blasting chez SodaBlast Systems Europe. D\u00e9couvrez des applications r\u00e9elles illustrant le d\u00e9capage de la peinture et de la rouille, la restauration de surfaces et des solutions de nettoyage \u00e9cologiques.","robots":{"index":"index","follow":"follow","max-snippet":"max-snippet:-1","max-image-preview":"max-image-preview:large","max-video-preview":"max-video-preview:-1"},"canonical":"https:\/\/sodablastsystems-europe.com\/fr\/compilation-de-30-minutes-sur-le-nettoyage\/","og_locale":"fr_FR","og_type":"article","og_title":"Compilation de vid\u00e9os sur le soda - SodaBlast Systems","og_description":"Regardez notre compilation de vid\u00e9os sur le soda blasting chez SodaBlast Systems Europe. D\u00e9couvrez des applications r\u00e9elles illustrant le d\u00e9capage de la peinture et de la rouille, la restauration de surfaces et des solutions de nettoyage \u00e9cologiques.","og_url":"https:\/\/sodablastsystems-europe.com\/fr\/compilation-de-30-minutes-sur-le-nettoyage\/","og_site_name":"SodaBlast Systems","article_publisher":"https:\/\/www.facebook.com\/sodablastsystems\/","article_modified_time":"2026-01-08T09:56:16+00:00","og_image":[{"url":"https:\/\/sodablastsystems-europe.com\/wp-content\/uploads\/2024\/01\/img_6871.jpeg"}],"twitter_card":"summary_large_image","twitter_title":"Compilation de vid\u00e9os sur le soda - SodaBlast Systems","twitter_description":"Regardez notre compilation de vid\u00e9os sur le soda blasting chez SodaBlast Systems Europe. D\u00e9couvrez des applications r\u00e9elles illustrant le d\u00e9capage de la peinture et de la rouille, la restauration de surfaces et des solutions de nettoyage \u00e9cologiques.","twitter_misc":{"Dur\u00e9e de lecture estim\u00e9e":"1 minute"},"schema":{"@context":"https:\/\/schema.org","@graph":[{"@type":"WebPage","@id":"https:\/\/sodablastsystems-europe.com\/fr\/compilation-de-30-minutes-sur-le-nettoyage\/","url":"https:\/\/sodablastsystems-europe.com\/fr\/compilation-de-30-minutes-sur-le-nettoyage\/","name":"Compilation de vid\u00e9os sur le soda - SodaBlast Systems","isPartOf":{"@id":"https:\/\/sodablastsystems-europe.com\/fr\/#website"},"datePublished":"2023-08-27T08:07:29+00:00","dateModified":"2026-01-08T09:56:16+00:00","description":"Regardez notre compilation de vid\u00e9os sur le soda blasting chez SodaBlast Systems Europe. D\u00e9couvrez des applications r\u00e9elles illustrant le d\u00e9capage de la peinture et de la rouille, la restauration de surfaces et des solutions de nettoyage \u00e9cologiques.","breadcrumb":{"@id":"https:\/\/sodablastsystems-europe.com\/fr\/compilation-de-30-minutes-sur-le-nettoyage\/#breadcrumb"},"inLanguage":"fr-FR","potentialAction":[{"@type":"ReadAction","target":["https:\/\/sodablastsystems-europe.com\/fr\/compilation-de-30-minutes-sur-le-nettoyage\/"]}]},{"@type":"BreadcrumbList","@id":"https:\/\/sodablastsystems-europe.com\/fr\/compilation-de-30-minutes-sur-le-nettoyage\/#breadcrumb","itemListElement":[{"@type":"ListItem","position":1,"name":"Strona g\u0142\u00f3wna","item":"https:\/\/sodablastsystems-europe.com\/fr\/"},{"@type":"ListItem","position":2,"name":"Vid\u00e9os"}]},{"@type":"WebSite","@id":"https:\/\/sodablastsystems-europe.com\/fr\/#website","url":"https:\/\/sodablastsystems-europe.com\/fr\/","name":"SodaBlast Systems Europe","description":"SodaBlasting Machines from USA. Innovative Technology For Your Business.","publisher":{"@id":"https:\/\/sodablastsystems-europe.com\/fr\/#organization"},"potentialAction":[{"@type":"SearchAction","target":{"@type":"EntryPoint","urlTemplate":"https:\/\/sodablastsystems-europe.com\/fr\/?s={search_term_string}"},"query-input":"required name=search_term_string"}],"inLanguage":"fr-FR"},{"@type":"Organization","@id":"https:\/\/sodablastsystems-europe.com\/fr\/#organization","name":"SodaBlast Systems Europe","url":"https:\/\/sodablastsystems-europe.com\/fr\/","logo":{"@type":"ImageObject","inLanguage":"fr-FR","@id":"https:\/\/sodablastsystems-europe.com\/fr\/#\/schema\/logo\/image\/","url":"https:\/\/sodablastsystems-europe.com\/wp-content\/uploads\/2023\/08\/logo-sodablastsystems-usa-1.png","contentUrl":"https:\/\/sodablastsystems-europe.com\/wp-content\/uploads\/2023\/08\/logo-sodablastsystems-usa-1.png","width":200,"height":200,"caption":"SodaBlast Systems Europe"},"image":{"@id":"https:\/\/sodablastsystems-europe.com\/fr\/#\/schema\/logo\/image\/"},"sameAs":["https:\/\/www.facebook.com\/sodablastsystems\/","https:\/\/www.tiktok.com\/@sodablast.systems","https:\/\/www.instagram.com\/sodablastsystems_europe\/","https:\/\/www.youtube.com\/@Sodablastsystems"]}]}},"_links":{"self":[{"href":"https:\/\/sodablastsystems-europe.com\/fr\/wp-json\/wp\/v2\/pages\/1481","targetHints":{"allow":["GET"]}}],"collection":[{"href":"https:\/\/sodablastsystems-europe.com\/fr\/wp-json\/wp\/v2\/pages"}],"about":[{"href":"https:\/\/sodablastsystems-europe.com\/fr\/wp-json\/wp\/v2\/types\/page"}],"author":[{"embeddable":true,"href":"https:\/\/sodablastsystems-europe.com\/fr\/wp-json\/wp\/v2\/users\/1"}],"replies":[{"embeddable":true,"href":"https:\/\/sodablastsystems-europe.com\/fr\/wp-json\/wp\/v2\/comments?post=1481"}],"version-history":[{"count":3,"href":"https:\/\/sodablastsystems-europe.com\/fr\/wp-json\/wp\/v2\/pages\/1481\/revisions"}],"predecessor-version":[{"id":6507,"href":"https:\/\/sodablastsystems-europe.com\/fr\/wp-json\/wp\/v2\/pages\/1481\/revisions\/6507"}],"wp:attachment":[{"href":"https:\/\/sodablastsystems-europe.com\/fr\/wp-json\/wp\/v2\/media?parent=1481"}],"curies":[{"name":"wp","href":"https:\/\/api.w.org\/{rel}","templated":true}]}}