{"id":1364,"date":"2023-08-27T08:06:52","date_gmt":"2023-08-27T08:06:52","guid":{"rendered":"https:\/\/sodablastsystems-europe.com\/contact\/"},"modified":"2026-01-08T10:19:18","modified_gmt":"2026-01-08T10:19:18","slug":"contact","status":"publish","type":"page","link":"https:\/\/sodablastsystems-europe.com\/fr\/contact\/","title":{"rendered":"Contactez nous"},"content":{"rendered":"<h1 class=\"wp-block-heading\" id=\"h-contact\">Contact<\/h1>\n\n<h2 class=\"wp-block-heading has-x-large-font-size\" id=\"h-sodablast-systems-europe\"><strong>SodaBlast Systems Europe<\/strong><\/h2>\n\n<p>Distributeur exclusif du fabricant.<\/p>\n\n<figure class=\"wp-block-gallery has-nested-images columns-default is-cropped wp-block-gallery-1 is-layout-flex wp-block-gallery-is-layout-flex\">\n<figure class=\"wp-block-image size-large\"><img decoding=\"async\" width=\"1024\" height=\"927\" data-id=\"445\" src=\"https:\/\/sodablastsystems-europe.com\/wp-content\/uploads\/2023\/09\/IMG_1163-1024x927.jpg\" alt=\"Les femmes &#xE0; la recherche d'un emploi dans le secteur de la sant&#xE9;\" class=\"wp-image-445\" srcset=\"https:\/\/sodablastsystems-europe.com\/wp-content\/uploads\/2023\/09\/IMG_1163-1024x927.jpg 1024w,  https:\/\/sodablastsystems-europe.com\/wp-content\/uploads\/2023\/09\/IMG_1163-300x272.jpg 300w,  https:\/\/sodablastsystems-europe.com\/wp-content\/uploads\/2023\/09\/IMG_1163-768x695.jpg 768w,  https:\/\/sodablastsystems-europe.com\/wp-content\/uploads\/2023\/09\/IMG_1163-1536x1390.jpg 1536w,  https:\/\/sodablastsystems-europe.com\/wp-content\/uploads\/2023\/09\/IMG_1163-2048x1854.jpg 2048w\" sizes=\"(max-width: 1024px) 100vw, 1024px\" \/><\/figure>\n\n\n\n<figure class=\"wp-block-image size-large\"><img decoding=\"async\" width=\"1024\" height=\"768\" data-id=\"449\" src=\"https:\/\/sodablastsystems-europe.com\/wp-content\/uploads\/2023\/09\/IMG_8765_Original-1024x768.jpg\" alt=\"Les femmes &#xE0; la recherche d'un emploi dans le secteur de la sant&#xE9;\" class=\"wp-image-449\" srcset=\"https:\/\/sodablastsystems-europe.com\/wp-content\/uploads\/2023\/09\/IMG_8765_Original-1024x768.jpg 1024w,  https:\/\/sodablastsystems-europe.com\/wp-content\/uploads\/2023\/09\/IMG_8765_Original-300x225.jpg 300w,  https:\/\/sodablastsystems-europe.com\/wp-content\/uploads\/2023\/09\/IMG_8765_Original-768x576.jpg 768w,  https:\/\/sodablastsystems-europe.com\/wp-content\/uploads\/2023\/09\/IMG_8765_Original-1536x1152.jpg 1536w,  https:\/\/sodablastsystems-europe.com\/wp-content\/uploads\/2023\/09\/IMG_8765_Original-2048x1536.jpg 2048w\" sizes=\"(max-width: 1024px) 100vw, 1024px\" \/><\/figure>\n\n\n\n<figure class=\"wp-block-image size-large\"><img decoding=\"async\" width=\"1024\" height=\"664\" data-id=\"442\" src=\"https:\/\/sodablastsystems-europe.com\/wp-content\/uploads\/2023\/09\/97BEDAC4-E1E2-4B47-8E6F-AE3210FB5928_Original-1024x664.jpg\" alt=\"Les femmes &#xE0; la recherche d'un emploi dans le secteur de la sant&#xE9;\" class=\"wp-image-442\" srcset=\"https:\/\/sodablastsystems-europe.com\/wp-content\/uploads\/2023\/09\/97BEDAC4-E1E2-4B47-8E6F-AE3210FB5928_Original-1024x664.jpg 1024w,  https:\/\/sodablastsystems-europe.com\/wp-content\/uploads\/2023\/09\/97BEDAC4-E1E2-4B47-8E6F-AE3210FB5928_Original-300x194.jpg 300w,  https:\/\/sodablastsystems-europe.com\/wp-content\/uploads\/2023\/09\/97BEDAC4-E1E2-4B47-8E6F-AE3210FB5928_Original-768x498.jpg 768w,  https:\/\/sodablastsystems-europe.com\/wp-content\/uploads\/2023\/09\/97BEDAC4-E1E2-4B47-8E6F-AE3210FB5928_Original-1536x996.jpg 1536w,  https:\/\/sodablastsystems-europe.com\/wp-content\/uploads\/2023\/09\/97BEDAC4-E1E2-4B47-8E6F-AE3210FB5928_Original.jpg 2016w\" sizes=\"(max-width: 1024px) 100vw, 1024px\" \/><\/figure>\n\n\n\n<figure class=\"wp-block-image size-large\"><img decoding=\"async\" width=\"1024\" height=\"576\" data-id=\"444\" src=\"https:\/\/sodablastsystems-europe.com\/wp-content\/uploads\/2023\/09\/ef9fc96e-c72e-48aa-b96d-57eb6852e01e.jpg\" alt=\"Les femmes &#xE0; la recherche d'un emploi dans le secteur de la sant&#xE9;\" class=\"wp-image-444\" srcset=\"https:\/\/sodablastsystems-europe.com\/wp-content\/uploads\/2023\/09\/ef9fc96e-c72e-48aa-b96d-57eb6852e01e.jpg 1024w,  https:\/\/sodablastsystems-europe.com\/wp-content\/uploads\/2023\/09\/ef9fc96e-c72e-48aa-b96d-57eb6852e01e-300x169.jpg 300w,  https:\/\/sodablastsystems-europe.com\/wp-content\/uploads\/2023\/09\/ef9fc96e-c72e-48aa-b96d-57eb6852e01e-768x432.jpg 768w\" sizes=\"(max-width: 1024px) 100vw, 1024px\" \/><\/figure>\n\n\n\n<figure class=\"wp-block-image size-large\"><img decoding=\"async\" width=\"1024\" height=\"768\" data-id=\"441\" src=\"https:\/\/sodablastsystems-europe.com\/wp-content\/uploads\/2023\/09\/83dbe4c7-d15c-4852-831a-3b081bc9f53d-1024x768.jpg\" alt=\"Les femmes &#xE0; la recherche d'un emploi dans le secteur de la sant&#xE9;\" class=\"wp-image-441\" srcset=\"https:\/\/sodablastsystems-europe.com\/wp-content\/uploads\/2023\/09\/83dbe4c7-d15c-4852-831a-3b081bc9f53d-1024x768.jpg 1024w,  https:\/\/sodablastsystems-europe.com\/wp-content\/uploads\/2023\/09\/83dbe4c7-d15c-4852-831a-3b081bc9f53d-300x225.jpg 300w,  https:\/\/sodablastsystems-europe.com\/wp-content\/uploads\/2023\/09\/83dbe4c7-d15c-4852-831a-3b081bc9f53d-768x576.jpg 768w,  https:\/\/sodablastsystems-europe.com\/wp-content\/uploads\/2023\/09\/83dbe4c7-d15c-4852-831a-3b081bc9f53d-1536x1152.jpg 1536w,  https:\/\/sodablastsystems-europe.com\/wp-content\/uploads\/2023\/09\/83dbe4c7-d15c-4852-831a-3b081bc9f53d.jpg 1600w\" sizes=\"(max-width: 1024px) 100vw, 1024px\" \/><\/figure>\n<\/figure>\n\n<p><strong>Sales Showroom :<\/strong><br\/>Konstantynowska 34<br\/>Hall number 3<br\/>94-303 \u0141\u00f3d\u017a, Poland<\/p>\n\n<p><strong>Appelez-nous :<\/strong><\/p>\n\n<p><strong>Commandes<\/strong> t\u00e9l. <a href=\"tel:+48696461448\">+48 696461448<\/a> (anglais)<br\/><strong>Technology info<\/strong> tel. <a href=\"tel:+48422031530\">+48 422031530<\/a> (anglais)<br\/><strong>R\u00e9gion Afrique<\/strong> t\u00e9l. <a href=\"callto:+48576973043\">+48 576973043<\/a> (en anglais uniquement)<\/p>\n\n<p><a data-type=\"link\" data-id=\"https:\/\/wa.me\/+48696461448\" href=\"https:\/\/wa.me\/+48696461448\" target=\"_blank\" rel=\"noreferrer noopener\"><img decoding=\"async\" width=\"150\" height=\"55\" class=\"wp-image-271\" style=\"width: 150px;\" src=\"https:\/\/sodablastsystems-europe.com\/wp-content\/uploads\/2023\/08\/Whatsapp_logo.svg_.png\" alt=\"\" srcset=\"https:\/\/sodablastsystems-europe.com\/wp-content\/uploads\/2023\/08\/Whatsapp_logo.svg_.png 1200w,  https:\/\/sodablastsystems-europe.com\/wp-content\/uploads\/2023\/08\/Whatsapp_logo.svg_-300x109.png 300w,  https:\/\/sodablastsystems-europe.com\/wp-content\/uploads\/2023\/08\/Whatsapp_logo.svg_-1024x372.png 1024w,  https:\/\/sodablastsystems-europe.com\/wp-content\/uploads\/2023\/08\/Whatsapp_logo.svg_-768x279.png 768w\" sizes=\"(max-width: 150px) 100vw, 150px\" \/><\/a><br\/><a data-type=\"link\" data-id=\"https:\/\/wa.me\/+48696461448\" href=\"https:\/\/wa.me\/+48696461448\" target=\"_blank\" rel=\"noreferrer noopener\">+48696461448<\/a> (anglais et polonais)<\/p>\n\n<p><strong>Heures d&rsquo;ouverture :<\/strong><br\/>du lundi au vendredi de 10h00 \u00e0 18h00<\/p>\n\n<p><strong>Lien vers l&#8217;emplacement sur Google Maps :<\/strong><br\/><a href=\"https:\/\/goo.gl\/maps\/WfFQNiXEVfjD6boc9\" target=\"_blank\" rel=\"noreferrer noopener\">https:\/\/goo.gl\/maps\/WfFQNiXEVfjD6boc9<\/a><\/p>\n\n<p align=\"center\">\n<iframe src=\"https:\/\/www.google.com\/maps\/embed?pb=!1m18!1m12!1m3!1d2678572.457235805!2d17.032420048341304!3d51.71560253239082!2m3!1f0!2f0!3f0!3m2!1i1024!2i768!4f13.1!3m3!1m2!1s0x47198d68b8cf966d%3A0x93b408ee101a45cd!2sSodaBlast%20Systems%20Polska!5e0!3m2!1spl!2spl!4v1692879213420!5m2!1spl!2spl\" width=\"100%\" height=\"450\" style=\"border:0;\" allowfullscreen=\"\" loading=\"lazy\" referrerpolicy=\"no-referrer-when-downgrade\"><\/iframe>\n<\/p>\n\n<p><\/p>\n\n<figure class=\"wp-block-image size-full\"><img decoding=\"async\" width=\"819\" height=\"1024\" src=\"https:\/\/sodablastsystems-europe.com\/wp-content\/uploads\/2023\/09\/sodablastsystems-sb500trailer-graffiti.jpeg\" alt=\"Maszyna do sodowania prezentacja\" class=\"wp-image-600\" srcset=\"https:\/\/sodablastsystems-europe.com\/wp-content\/uploads\/2023\/09\/sodablastsystems-sb500trailer-graffiti.jpeg 819w,  https:\/\/sodablastsystems-europe.com\/wp-content\/uploads\/2023\/09\/sodablastsystems-sb500trailer-graffiti-240x300.jpeg 240w,  https:\/\/sodablastsystems-europe.com\/wp-content\/uploads\/2023\/09\/sodablastsystems-sb500trailer-graffiti-768x960.jpeg 768w\" sizes=\"(max-width: 819px) 100vw, 819px\" \/><\/figure>","protected":false},"excerpt":{"rendered":"<p>Contact SodaBlast Systems Europe Distributeur exclusif du fabricant. Sales Showroom :Konstantynowska 34Hall number 394-303 \u0141\u00f3d\u017a, Poland Appelez-nous : Commandes t\u00e9l. +48 696461448 (anglais)Technology info tel. +48 422031530 (anglais)R\u00e9gion Afrique t\u00e9l. +48 576973043 (en anglais uniquement) +48696461448 (anglais et polonais) Heures d&rsquo;ouverture :du lundi au vendredi de 10h00 \u00e0 18h00 Lien vers l&#8217;emplacement sur Google Maps [&hellip;]<\/p>","protected":false},"author":1,"featured_media":0,"parent":0,"menu_order":0,"comment_status":"closed","ping_status":"closed","template":"strona-bez-tytu-u","meta":{"footnotes":""},"class_list":["post-1364","page","type-page","status-publish","hentry"],"yoast_head":"<!-- This site is optimized with the Yoast SEO Premium plugin v21.5 (Yoast SEO v21.5) - https:\/\/yoast.com\/wordpress\/plugins\/seo\/ -->\n<title>Contactez SodaBlast Systems pour l&#039;\u00e9quipement de sablage \u00e0 la soude<\/title>\n<meta name=\"description\" content=\"Contactez SodaBlast Systems Europe pour toute demande de renseignements, d&#039;assistance et d&#039;informations sur les \u00e9quipements et les services de sodage. Nous sommes l\u00e0 pour vous aider \u00e0 r\u00e9pondre \u00e0 vos besoins en mati\u00e8re de nettoyage de surface.\" \/>\n<meta name=\"robots\" content=\"index, follow, max-snippet:-1, max-image-preview:large, max-video-preview:-1\" \/>\n<link rel=\"canonical\" href=\"https:\/\/sodablastsystems-europe.com\/fr\/contact\/\" \/>\n<meta property=\"og:locale\" content=\"fr_FR\" \/>\n<meta property=\"og:type\" content=\"article\" \/>\n<meta property=\"og:title\" content=\"Contactez nous\" \/>\n<meta property=\"og:description\" content=\"Contactez SodaBlast Systems Europe pour toute demande de renseignements, d&#039;assistance et d&#039;informations sur les \u00e9quipements et les services de sodage. Nous sommes l\u00e0 pour vous aider \u00e0 r\u00e9pondre \u00e0 vos besoins en mati\u00e8re de nettoyage de surface.\" \/>\n<meta property=\"og:url\" content=\"https:\/\/sodablastsystems-europe.com\/fr\/contact\/\" \/>\n<meta property=\"og:site_name\" content=\"SodaBlast Systems\" \/>\n<meta property=\"article:publisher\" content=\"https:\/\/www.facebook.com\/sodablastsystems\/\" \/>\n<meta property=\"article:modified_time\" content=\"2026-01-08T10:19:18+00:00\" \/>\n<meta property=\"og:image\" content=\"https:\/\/sodablastsystems-europe.com\/wp-content\/uploads\/2023\/09\/IMG_1163-1024x927.jpg\" \/>\n<meta name=\"twitter:card\" content=\"summary_large_image\" \/>\n<script type=\"application\/ld+json\" class=\"yoast-schema-graph\">{\"@context\":\"https:\/\/schema.org\",\"@graph\":[{\"@type\":\"WebPage\",\"@id\":\"https:\/\/sodablastsystems-europe.com\/fr\/contact\/\",\"url\":\"https:\/\/sodablastsystems-europe.com\/fr\/contact\/\",\"name\":\"Contactez SodaBlast Systems pour l'\u00e9quipement de sablage \u00e0 la soude\",\"isPartOf\":{\"@id\":\"https:\/\/sodablastsystems-europe.com\/fr\/#website\"},\"datePublished\":\"2023-08-27T08:06:52+00:00\",\"dateModified\":\"2026-01-08T10:19:18+00:00\",\"description\":\"Contactez SodaBlast Systems Europe pour toute demande de renseignements, d'assistance et d'informations sur les \u00e9quipements et les services de sodage. Nous sommes l\u00e0 pour vous aider \u00e0 r\u00e9pondre \u00e0 vos besoins en mati\u00e8re de nettoyage de surface.\",\"breadcrumb\":{\"@id\":\"https:\/\/sodablastsystems-europe.com\/fr\/contact\/#breadcrumb\"},\"inLanguage\":\"fr-FR\",\"potentialAction\":[{\"@type\":\"ReadAction\",\"target\":[\"https:\/\/sodablastsystems-europe.com\/fr\/contact\/\"]}]},{\"@type\":\"BreadcrumbList\",\"@id\":\"https:\/\/sodablastsystems-europe.com\/fr\/contact\/#breadcrumb\",\"itemListElement\":[{\"@type\":\"ListItem\",\"position\":1,\"name\":\"Strona g\u0142\u00f3wna\",\"item\":\"https:\/\/sodablastsystems-europe.com\/fr\/\"},{\"@type\":\"ListItem\",\"position\":2,\"name\":\"Contactez nous\"}]},{\"@type\":\"WebSite\",\"@id\":\"https:\/\/sodablastsystems-europe.com\/fr\/#website\",\"url\":\"https:\/\/sodablastsystems-europe.com\/fr\/\",\"name\":\"SodaBlast Systems Europe\",\"description\":\"SodaBlasting Machines from USA. Innovative Technology For Your Business.\",\"publisher\":{\"@id\":\"https:\/\/sodablastsystems-europe.com\/fr\/#organization\"},\"potentialAction\":[{\"@type\":\"SearchAction\",\"target\":{\"@type\":\"EntryPoint\",\"urlTemplate\":\"https:\/\/sodablastsystems-europe.com\/fr\/?s={search_term_string}\"},\"query-input\":\"required name=search_term_string\"}],\"inLanguage\":\"fr-FR\"},{\"@type\":\"Organization\",\"@id\":\"https:\/\/sodablastsystems-europe.com\/fr\/#organization\",\"name\":\"SodaBlast Systems Europe\",\"url\":\"https:\/\/sodablastsystems-europe.com\/fr\/\",\"logo\":{\"@type\":\"ImageObject\",\"inLanguage\":\"fr-FR\",\"@id\":\"https:\/\/sodablastsystems-europe.com\/fr\/#\/schema\/logo\/image\/\",\"url\":\"https:\/\/sodablastsystems-europe.com\/wp-content\/uploads\/2023\/08\/logo-sodablastsystems-usa-1.png\",\"contentUrl\":\"https:\/\/sodablastsystems-europe.com\/wp-content\/uploads\/2023\/08\/logo-sodablastsystems-usa-1.png\",\"width\":200,\"height\":200,\"caption\":\"SodaBlast Systems Europe\"},\"image\":{\"@id\":\"https:\/\/sodablastsystems-europe.com\/fr\/#\/schema\/logo\/image\/\"},\"sameAs\":[\"https:\/\/www.facebook.com\/sodablastsystems\/\",\"https:\/\/www.tiktok.com\/@sodablast.systems\",\"https:\/\/www.instagram.com\/sodablastsystems_europe\/\",\"https:\/\/www.youtube.com\/@Sodablastsystems\"]}]}<\/script>\n<!-- \/ Yoast SEO Premium plugin. -->","yoast_head_json":{"title":"Contactez SodaBlast Systems pour l'\u00e9quipement de sablage \u00e0 la soude","description":"Contactez SodaBlast Systems Europe pour toute demande de renseignements, d'assistance et d'informations sur les \u00e9quipements et les services de sodage. Nous sommes l\u00e0 pour vous aider \u00e0 r\u00e9pondre \u00e0 vos besoins en mati\u00e8re de nettoyage de surface.","robots":{"index":"index","follow":"follow","max-snippet":"max-snippet:-1","max-image-preview":"max-image-preview:large","max-video-preview":"max-video-preview:-1"},"canonical":"https:\/\/sodablastsystems-europe.com\/fr\/contact\/","og_locale":"fr_FR","og_type":"article","og_title":"Contactez nous","og_description":"Contactez SodaBlast Systems Europe pour toute demande de renseignements, d'assistance et d'informations sur les \u00e9quipements et les services de sodage. Nous sommes l\u00e0 pour vous aider \u00e0 r\u00e9pondre \u00e0 vos besoins en mati\u00e8re de nettoyage de surface.","og_url":"https:\/\/sodablastsystems-europe.com\/fr\/contact\/","og_site_name":"SodaBlast Systems","article_publisher":"https:\/\/www.facebook.com\/sodablastsystems\/","article_modified_time":"2026-01-08T10:19:18+00:00","og_image":[{"url":"https:\/\/sodablastsystems-europe.com\/wp-content\/uploads\/2023\/09\/IMG_1163-1024x927.jpg"}],"twitter_card":"summary_large_image","schema":{"@context":"https:\/\/schema.org","@graph":[{"@type":"WebPage","@id":"https:\/\/sodablastsystems-europe.com\/fr\/contact\/","url":"https:\/\/sodablastsystems-europe.com\/fr\/contact\/","name":"Contactez SodaBlast Systems pour l'\u00e9quipement de sablage \u00e0 la soude","isPartOf":{"@id":"https:\/\/sodablastsystems-europe.com\/fr\/#website"},"datePublished":"2023-08-27T08:06:52+00:00","dateModified":"2026-01-08T10:19:18+00:00","description":"Contactez SodaBlast Systems Europe pour toute demande de renseignements, d'assistance et d'informations sur les \u00e9quipements et les services de sodage. Nous sommes l\u00e0 pour vous aider \u00e0 r\u00e9pondre \u00e0 vos besoins en mati\u00e8re de nettoyage de surface.","breadcrumb":{"@id":"https:\/\/sodablastsystems-europe.com\/fr\/contact\/#breadcrumb"},"inLanguage":"fr-FR","potentialAction":[{"@type":"ReadAction","target":["https:\/\/sodablastsystems-europe.com\/fr\/contact\/"]}]},{"@type":"BreadcrumbList","@id":"https:\/\/sodablastsystems-europe.com\/fr\/contact\/#breadcrumb","itemListElement":[{"@type":"ListItem","position":1,"name":"Strona g\u0142\u00f3wna","item":"https:\/\/sodablastsystems-europe.com\/fr\/"},{"@type":"ListItem","position":2,"name":"Contactez nous"}]},{"@type":"WebSite","@id":"https:\/\/sodablastsystems-europe.com\/fr\/#website","url":"https:\/\/sodablastsystems-europe.com\/fr\/","name":"SodaBlast Systems Europe","description":"SodaBlasting Machines from USA. Innovative Technology For Your Business.","publisher":{"@id":"https:\/\/sodablastsystems-europe.com\/fr\/#organization"},"potentialAction":[{"@type":"SearchAction","target":{"@type":"EntryPoint","urlTemplate":"https:\/\/sodablastsystems-europe.com\/fr\/?s={search_term_string}"},"query-input":"required name=search_term_string"}],"inLanguage":"fr-FR"},{"@type":"Organization","@id":"https:\/\/sodablastsystems-europe.com\/fr\/#organization","name":"SodaBlast Systems Europe","url":"https:\/\/sodablastsystems-europe.com\/fr\/","logo":{"@type":"ImageObject","inLanguage":"fr-FR","@id":"https:\/\/sodablastsystems-europe.com\/fr\/#\/schema\/logo\/image\/","url":"https:\/\/sodablastsystems-europe.com\/wp-content\/uploads\/2023\/08\/logo-sodablastsystems-usa-1.png","contentUrl":"https:\/\/sodablastsystems-europe.com\/wp-content\/uploads\/2023\/08\/logo-sodablastsystems-usa-1.png","width":200,"height":200,"caption":"SodaBlast Systems Europe"},"image":{"@id":"https:\/\/sodablastsystems-europe.com\/fr\/#\/schema\/logo\/image\/"},"sameAs":["https:\/\/www.facebook.com\/sodablastsystems\/","https:\/\/www.tiktok.com\/@sodablast.systems","https:\/\/www.instagram.com\/sodablastsystems_europe\/","https:\/\/www.youtube.com\/@Sodablastsystems"]}]}},"_links":{"self":[{"href":"https:\/\/sodablastsystems-europe.com\/fr\/wp-json\/wp\/v2\/pages\/1364","targetHints":{"allow":["GET"]}}],"collection":[{"href":"https:\/\/sodablastsystems-europe.com\/fr\/wp-json\/wp\/v2\/pages"}],"about":[{"href":"https:\/\/sodablastsystems-europe.com\/fr\/wp-json\/wp\/v2\/types\/page"}],"author":[{"embeddable":true,"href":"https:\/\/sodablastsystems-europe.com\/fr\/wp-json\/wp\/v2\/users\/1"}],"replies":[{"embeddable":true,"href":"https:\/\/sodablastsystems-europe.com\/fr\/wp-json\/wp\/v2\/comments?post=1364"}],"version-history":[{"count":5,"href":"https:\/\/sodablastsystems-europe.com\/fr\/wp-json\/wp\/v2\/pages\/1364\/revisions"}],"predecessor-version":[{"id":6568,"href":"https:\/\/sodablastsystems-europe.com\/fr\/wp-json\/wp\/v2\/pages\/1364\/revisions\/6568"}],"wp:attachment":[{"href":"https:\/\/sodablastsystems-europe.com\/fr\/wp-json\/wp\/v2\/media?parent=1364"}],"curies":[{"name":"wp","href":"https:\/\/api.w.org\/{rel}","templated":true}]}}