{"id":1363,"date":"2023-08-27T08:06:35","date_gmt":"2023-08-27T08:06:35","guid":{"rendered":"https:\/\/sodablastsystems-europe.com\/effets-avant-et-apres\/"},"modified":"2024-11-03T01:16:29","modified_gmt":"2024-11-03T01:16:29","slug":"effets-avant-et-apres","status":"publish","type":"page","link":"https:\/\/sodablastsystems-europe.com\/fr\/effets-avant-et-apres\/","title":{"rendered":"Effets avant et apr\u00e8s"},"content":{"rendered":"<p><\/p>\n\n<h2 class=\"wp-block-heading has-x-large-font-size\" id=\"h-amazing-transformation-with-sodablast-systems\">Transformation \u00e9tonnante avec les syst\u00e8mes SodaBlast<\/h2>\n\n<p>D\u00e9couvrez le pouvoir du soda blasting avec nos transformations \u00ab\u00a0avant et apr\u00e8s\u00a0\u00bb. SodaBlast Systems n&rsquo;est pas seulement une technologie, mais aussi un art de redonner aux surfaces leur \u00e9clat d&rsquo;origine. Ci-dessous, nous pr\u00e9sentons une galerie de notre travail, o\u00f9 chaque photo raconte l&rsquo;histoire de la pr\u00e9cision, de la douceur et de l&rsquo;efficacit\u00e9 de nos machines de soda blasting.<\/p>\n\n<h3 class=\"wp-block-heading has-large-font-size\">\u00ab\u00a0Avant\u00a0\u00bb &#8211; Le d\u00e9fi de la propret\u00e9<\/h3>\n\n<p>Chaque \u00ab\u00a0avant\u00a0\u00bb a captur\u00e9 des moments o\u00f9 les surfaces semblaient hors de port\u00e9e du renouveau. Rouille, graffitis, pollution, autant de d\u00e9fauts qui n\u00e9cessitent une intervention d\u00e9licate mais efficace.<\/p>\n\n<h3 class=\"wp-block-heading has-large-font-size\">\u00ab\u00a0Apr\u00e8s &#8211; L&rsquo;effet du syst\u00e8me SodaBlast<\/h3>\n\n<p>Les effets \u00ab\u00a0apr\u00e8s\u00a0\u00bb montrent des r\u00e9sultats qui ont d\u00e9pass\u00e9 nos attentes et celles de nos clients. Ils t\u00e9moignent du pouvoir du bicarbonate de sodium, qui redonne aux surfaces leur aspect d&rsquo;origine sans endommager leur structure.<\/p>\n\n<p>Nous vous invitons \u00e0 parcourir des exemples de nos r\u00e9alisations. Chaque photo est la preuve qu&rsquo;aucune t\u00e2che n&rsquo;est trop difficile pour SodaBlast Systems.<\/p>\n\n<p>Faites glisser le curseur sur la photo et voyez la diff\u00e9rence :<\/p>\n<p>[bafg id=\u00a0\u00bb320&Prime;]<\/p>\n<p>[bafg id=\u00a0\u00bb318&Prime;]<\/p>\n<p>[bafg id=\u00a0\u00bb322&Prime;]<\/p>\n<p>[bafg id=\u00a0\u00bb324&Prime;]<\/p>\n<p>[bafg id=\u00a0\u00bb325&Prime;]<\/p>\n<p>[bafg id=\u00a0\u00bb326&Prime;]<\/p>\n<p>[bafg id=\u00a0\u00bb328&Prime;]<\/p>\n<p>[bafg id=\u00a0\u00bb329&Prime;]<\/p>\n<p>[bafg id=\u00a0\u00bb330&Prime;]<\/p>\n<p>[bafg id=\u00a0\u00bb331&Prime;]<\/p>\n<p>[bafg id=\u00a0\u00bb332&Prime;]<\/p>\n<p>[bafg id=\u00a0\u00bb334&Prime;]<\/p>\n<p>[bafg id=\u00a0\u00bb335&Prime;]<\/p>\n<p>[bafg id=\u00a0\u00bb337&Prime;]<\/p>\n<p>[bafg id=\u00a0\u00bb338&Prime;]<\/p>\n<p>[bafg id=\u00a0\u00bb339&Prime;]<\/p>\n<p>[bafg id=\u00a0\u00bb340&Prime;]<\/p>\n<p>[bafg id=\u00a0\u00bb341&Prime;]<\/p>\n<p>[bafg id=\u00a0\u00bb342&Prime;]<\/p>\n<p>[bafg id=\u00a0\u00bb343&Prime;]<\/p>\n<p>[bafg id=\u00a0\u00bb345&Prime;]<\/p>\n<p>[bafg id=\u00a0\u00bb346&Prime;]<\/p>\n<p>[bafg id=\u00a0\u00bb347&Prime;]<\/p>\n<p>[bafg id=\u00a0\u00bb348&Prime;]<\/p>\n<p>[bafg id=\u00a0\u00bb349&Prime;]<\/p>\n<p>[bafg id=\u00a0\u00bb350&Prime;]<\/p>\n<p>[bafg id=\u00a0\u00bb351&Prime;]<\/p>\n<p>[bafg id=\u00a0\u00bb352&Prime;]<\/p>\n<p>[bafg id=\u00a0\u00bb353&Prime;]<\/p>\n<p>[bafg id=\u00a0\u00bb354&Prime;]<\/p>\n<p>[bafg id=\u00a0\u00bb355&Prime;]<\/p>\n<p>[bafg id=\u00a0\u00bb356&Prime;]<\/p>\n<p>[bafg id=\u00a0\u00bb357&Prime;]<\/p>\n<p>[bafg id=\u00a0\u00bb358&Prime;]<\/p>\n<p>[bafg id=\u00a0\u00bb359&Prime;]<\/p>\n<p>[bafg id=\u00a0\u00bb360&Prime;]<\/p>\n<p>[bafg id=\u00a0\u00bb361&Prime;]<\/p>","protected":false},"excerpt":{"rendered":"<p>Transformation \u00e9tonnante avec les syst\u00e8mes SodaBlast D\u00e9couvrez le pouvoir du soda blasting avec nos transformations \u00ab\u00a0avant et apr\u00e8s\u00a0\u00bb. SodaBlast Systems n&rsquo;est pas seulement une technologie, mais aussi un art de redonner aux surfaces leur \u00e9clat d&rsquo;origine. Ci-dessous, nous pr\u00e9sentons une galerie de notre travail, o\u00f9 chaque photo raconte l&rsquo;histoire de la pr\u00e9cision, de la douceur [&hellip;]<\/p>","protected":false},"author":1,"featured_media":0,"parent":0,"menu_order":0,"comment_status":"closed","ping_status":"closed","template":"","meta":{"footnotes":""},"class_list":["post-1363","page","type-page","status-publish","hentry"],"yoast_head":"<!-- This site is optimized with the Yoast SEO Premium plugin v21.5 (Yoast SEO v21.5) - https:\/\/yoast.com\/wordpress\/plugins\/seo\/ -->\n<title>Effets avant et apr\u00e8s le sablage au jet de soude - SodaBlast Systems<\/title>\n<meta name=\"description\" content=\"D\u00e9couvrez le pouvoir de transformation du sablage \u00e0 la soude avec SodaBlast Systems Europe. Consultez notre galerie &quot;avant-apr\u00e8s&quot; qui illustre l&#039;efficacit\u00e9 du d\u00e9capage, de l&#039;\u00e9limination de la rouille et de la restauration des surfaces pour diverses applications.\" \/>\n<meta name=\"robots\" content=\"index, follow, max-snippet:-1, max-image-preview:large, max-video-preview:-1\" \/>\n<link rel=\"canonical\" href=\"https:\/\/sodablastsystems-europe.com\/fr\/effets-avant-et-apres\/\" \/>\n<meta property=\"og:locale\" content=\"fr_FR\" \/>\n<meta property=\"og:type\" content=\"article\" \/>\n<meta property=\"og:title\" content=\"Effets avant et apr\u00e8s\" \/>\n<meta property=\"og:description\" content=\"D\u00e9couvrez le pouvoir de transformation du sablage \u00e0 la soude avec SodaBlast Systems Europe. Consultez notre galerie &quot;avant-apr\u00e8s&quot; qui illustre l&#039;efficacit\u00e9 du d\u00e9capage, de l&#039;\u00e9limination de la rouille et de la restauration des surfaces pour diverses applications.\" \/>\n<meta property=\"og:url\" content=\"https:\/\/sodablastsystems-europe.com\/fr\/effets-avant-et-apres\/\" \/>\n<meta property=\"og:site_name\" content=\"SodaBlast Systems\" \/>\n<meta property=\"article:publisher\" content=\"https:\/\/www.facebook.com\/sodablastsystems\/\" \/>\n<meta property=\"article:modified_time\" content=\"2024-11-03T01:16:29+00:00\" \/>\n<meta property=\"og:image\" content=\"https:\/\/sodablastsystems-europe.com\/wp-content\/uploads\/2023\/08\/logo-sodablastsystems-usa-1.png\" \/>\n\t<meta property=\"og:image:width\" content=\"200\" \/>\n\t<meta property=\"og:image:height\" content=\"200\" \/>\n\t<meta property=\"og:image:type\" content=\"image\/png\" \/>\n<meta name=\"twitter:card\" content=\"summary_large_image\" \/>\n<meta name=\"twitter:label1\" content=\"Dur\u00e9e de lecture estim\u00e9e\" \/>\n\t<meta name=\"twitter:data1\" content=\"1 minute\" \/>\n<script type=\"application\/ld+json\" class=\"yoast-schema-graph\">{\"@context\":\"https:\/\/schema.org\",\"@graph\":[{\"@type\":\"WebPage\",\"@id\":\"https:\/\/sodablastsystems-europe.com\/fr\/effets-avant-et-apres\/\",\"url\":\"https:\/\/sodablastsystems-europe.com\/fr\/effets-avant-et-apres\/\",\"name\":\"Effets avant et apr\u00e8s le sablage au jet de soude - SodaBlast Systems\",\"isPartOf\":{\"@id\":\"https:\/\/sodablastsystems-europe.com\/fr\/#website\"},\"datePublished\":\"2023-08-27T08:06:35+00:00\",\"dateModified\":\"2024-11-03T01:16:29+00:00\",\"description\":\"D\u00e9couvrez le pouvoir de transformation du sablage \u00e0 la soude avec SodaBlast Systems Europe. Consultez notre galerie \\\"avant-apr\u00e8s\\\" qui illustre l'efficacit\u00e9 du d\u00e9capage, de l'\u00e9limination de la rouille et de la restauration des surfaces pour diverses applications.\",\"breadcrumb\":{\"@id\":\"https:\/\/sodablastsystems-europe.com\/fr\/effets-avant-et-apres\/#breadcrumb\"},\"inLanguage\":\"fr-FR\",\"potentialAction\":[{\"@type\":\"ReadAction\",\"target\":[\"https:\/\/sodablastsystems-europe.com\/fr\/effets-avant-et-apres\/\"]}]},{\"@type\":\"BreadcrumbList\",\"@id\":\"https:\/\/sodablastsystems-europe.com\/fr\/effets-avant-et-apres\/#breadcrumb\",\"itemListElement\":[{\"@type\":\"ListItem\",\"position\":1,\"name\":\"Strona g\u0142\u00f3wna\",\"item\":\"https:\/\/sodablastsystems-europe.com\/fr\/\"},{\"@type\":\"ListItem\",\"position\":2,\"name\":\"Effets avant et apr\u00e8s\"}]},{\"@type\":\"WebSite\",\"@id\":\"https:\/\/sodablastsystems-europe.com\/fr\/#website\",\"url\":\"https:\/\/sodablastsystems-europe.com\/fr\/\",\"name\":\"SodaBlast Systems Europe\",\"description\":\"SodaBlasting Machines from USA. Innovative Technology For Your Business.\",\"publisher\":{\"@id\":\"https:\/\/sodablastsystems-europe.com\/fr\/#organization\"},\"potentialAction\":[{\"@type\":\"SearchAction\",\"target\":{\"@type\":\"EntryPoint\",\"urlTemplate\":\"https:\/\/sodablastsystems-europe.com\/fr\/?s={search_term_string}\"},\"query-input\":\"required name=search_term_string\"}],\"inLanguage\":\"fr-FR\"},{\"@type\":\"Organization\",\"@id\":\"https:\/\/sodablastsystems-europe.com\/fr\/#organization\",\"name\":\"SodaBlast Systems Europe\",\"url\":\"https:\/\/sodablastsystems-europe.com\/fr\/\",\"logo\":{\"@type\":\"ImageObject\",\"inLanguage\":\"fr-FR\",\"@id\":\"https:\/\/sodablastsystems-europe.com\/fr\/#\/schema\/logo\/image\/\",\"url\":\"https:\/\/sodablastsystems-europe.com\/wp-content\/uploads\/2023\/08\/logo-sodablastsystems-usa-1.png\",\"contentUrl\":\"https:\/\/sodablastsystems-europe.com\/wp-content\/uploads\/2023\/08\/logo-sodablastsystems-usa-1.png\",\"width\":200,\"height\":200,\"caption\":\"SodaBlast Systems Europe\"},\"image\":{\"@id\":\"https:\/\/sodablastsystems-europe.com\/fr\/#\/schema\/logo\/image\/\"},\"sameAs\":[\"https:\/\/www.facebook.com\/sodablastsystems\/\",\"https:\/\/www.tiktok.com\/@sodablast.systems\",\"https:\/\/www.instagram.com\/sodablastsystems_europe\/\",\"https:\/\/www.youtube.com\/@Sodablastsystems\"]}]}<\/script>\n<!-- \/ Yoast SEO Premium plugin. -->","yoast_head_json":{"title":"Effets avant et apr\u00e8s le sablage au jet de soude - SodaBlast Systems","description":"D\u00e9couvrez le pouvoir de transformation du sablage \u00e0 la soude avec SodaBlast Systems Europe. Consultez notre galerie \"avant-apr\u00e8s\" qui illustre l'efficacit\u00e9 du d\u00e9capage, de l'\u00e9limination de la rouille et de la restauration des surfaces pour diverses applications.","robots":{"index":"index","follow":"follow","max-snippet":"max-snippet:-1","max-image-preview":"max-image-preview:large","max-video-preview":"max-video-preview:-1"},"canonical":"https:\/\/sodablastsystems-europe.com\/fr\/effets-avant-et-apres\/","og_locale":"fr_FR","og_type":"article","og_title":"Effets avant et apr\u00e8s","og_description":"D\u00e9couvrez le pouvoir de transformation du sablage \u00e0 la soude avec SodaBlast Systems Europe. Consultez notre galerie \"avant-apr\u00e8s\" qui illustre l'efficacit\u00e9 du d\u00e9capage, de l'\u00e9limination de la rouille et de la restauration des surfaces pour diverses applications.","og_url":"https:\/\/sodablastsystems-europe.com\/fr\/effets-avant-et-apres\/","og_site_name":"SodaBlast Systems","article_publisher":"https:\/\/www.facebook.com\/sodablastsystems\/","article_modified_time":"2024-11-03T01:16:29+00:00","og_image":[{"width":200,"height":200,"url":"https:\/\/sodablastsystems-europe.com\/wp-content\/uploads\/2023\/08\/logo-sodablastsystems-usa-1.png","type":"image\/png"}],"twitter_card":"summary_large_image","twitter_misc":{"Dur\u00e9e de lecture estim\u00e9e":"1 minute"},"schema":{"@context":"https:\/\/schema.org","@graph":[{"@type":"WebPage","@id":"https:\/\/sodablastsystems-europe.com\/fr\/effets-avant-et-apres\/","url":"https:\/\/sodablastsystems-europe.com\/fr\/effets-avant-et-apres\/","name":"Effets avant et apr\u00e8s le sablage au jet de soude - SodaBlast Systems","isPartOf":{"@id":"https:\/\/sodablastsystems-europe.com\/fr\/#website"},"datePublished":"2023-08-27T08:06:35+00:00","dateModified":"2024-11-03T01:16:29+00:00","description":"D\u00e9couvrez le pouvoir de transformation du sablage \u00e0 la soude avec SodaBlast Systems Europe. Consultez notre galerie \"avant-apr\u00e8s\" qui illustre l'efficacit\u00e9 du d\u00e9capage, de l'\u00e9limination de la rouille et de la restauration des surfaces pour diverses applications.","breadcrumb":{"@id":"https:\/\/sodablastsystems-europe.com\/fr\/effets-avant-et-apres\/#breadcrumb"},"inLanguage":"fr-FR","potentialAction":[{"@type":"ReadAction","target":["https:\/\/sodablastsystems-europe.com\/fr\/effets-avant-et-apres\/"]}]},{"@type":"BreadcrumbList","@id":"https:\/\/sodablastsystems-europe.com\/fr\/effets-avant-et-apres\/#breadcrumb","itemListElement":[{"@type":"ListItem","position":1,"name":"Strona g\u0142\u00f3wna","item":"https:\/\/sodablastsystems-europe.com\/fr\/"},{"@type":"ListItem","position":2,"name":"Effets avant et apr\u00e8s"}]},{"@type":"WebSite","@id":"https:\/\/sodablastsystems-europe.com\/fr\/#website","url":"https:\/\/sodablastsystems-europe.com\/fr\/","name":"SodaBlast Systems Europe","description":"SodaBlasting Machines from USA. Innovative Technology For Your Business.","publisher":{"@id":"https:\/\/sodablastsystems-europe.com\/fr\/#organization"},"potentialAction":[{"@type":"SearchAction","target":{"@type":"EntryPoint","urlTemplate":"https:\/\/sodablastsystems-europe.com\/fr\/?s={search_term_string}"},"query-input":"required name=search_term_string"}],"inLanguage":"fr-FR"},{"@type":"Organization","@id":"https:\/\/sodablastsystems-europe.com\/fr\/#organization","name":"SodaBlast Systems Europe","url":"https:\/\/sodablastsystems-europe.com\/fr\/","logo":{"@type":"ImageObject","inLanguage":"fr-FR","@id":"https:\/\/sodablastsystems-europe.com\/fr\/#\/schema\/logo\/image\/","url":"https:\/\/sodablastsystems-europe.com\/wp-content\/uploads\/2023\/08\/logo-sodablastsystems-usa-1.png","contentUrl":"https:\/\/sodablastsystems-europe.com\/wp-content\/uploads\/2023\/08\/logo-sodablastsystems-usa-1.png","width":200,"height":200,"caption":"SodaBlast Systems Europe"},"image":{"@id":"https:\/\/sodablastsystems-europe.com\/fr\/#\/schema\/logo\/image\/"},"sameAs":["https:\/\/www.facebook.com\/sodablastsystems\/","https:\/\/www.tiktok.com\/@sodablast.systems","https:\/\/www.instagram.com\/sodablastsystems_europe\/","https:\/\/www.youtube.com\/@Sodablastsystems"]}]}},"_links":{"self":[{"href":"https:\/\/sodablastsystems-europe.com\/fr\/wp-json\/wp\/v2\/pages\/1363","targetHints":{"allow":["GET"]}}],"collection":[{"href":"https:\/\/sodablastsystems-europe.com\/fr\/wp-json\/wp\/v2\/pages"}],"about":[{"href":"https:\/\/sodablastsystems-europe.com\/fr\/wp-json\/wp\/v2\/types\/page"}],"author":[{"embeddable":true,"href":"https:\/\/sodablastsystems-europe.com\/fr\/wp-json\/wp\/v2\/users\/1"}],"replies":[{"embeddable":true,"href":"https:\/\/sodablastsystems-europe.com\/fr\/wp-json\/wp\/v2\/comments?post=1363"}],"version-history":[{"count":1,"href":"https:\/\/sodablastsystems-europe.com\/fr\/wp-json\/wp\/v2\/pages\/1363\/revisions"}],"predecessor-version":[{"id":1370,"href":"https:\/\/sodablastsystems-europe.com\/fr\/wp-json\/wp\/v2\/pages\/1363\/revisions\/1370"}],"wp:attachment":[{"href":"https:\/\/sodablastsystems-europe.com\/fr\/wp-json\/wp\/v2\/media?parent=1363"}],"curies":[{"name":"wp","href":"https:\/\/api.w.org\/{rel}","templated":true}]}}