{"id":1306,"date":"2023-08-27T08:06:12","date_gmt":"2023-08-27T08:06:12","guid":{"rendered":"https:\/\/sodablastsystems-europe.com\/liste-de-prix\/"},"modified":"2026-01-26T23:47:52","modified_gmt":"2026-01-26T23:47:52","slug":"liste-de-prix","status":"publish","type":"page","link":"https:\/\/sodablastsystems-europe.com\/fr\/liste-de-prix\/","title":{"rendered":"Liste de prix"},"content":{"rendered":"<figure class=\"wp-block-image size-large\"><img decoding=\"async\" width=\"1024\" height=\"664\" src=\"https:\/\/sodablastsystems-europe.com\/wp-content\/uploads\/2023\/09\/97BEDAC4-E1E2-4B47-8E6F-AE3210FB5928_Original-1024x664.jpg\" alt=\"2 osoby siedz\u0105ce na maszynie do sodowania\" class=\"wp-image-442\" srcset=\"https:\/\/sodablastsystems-europe.com\/wp-content\/uploads\/2023\/09\/97BEDAC4-E1E2-4B47-8E6F-AE3210FB5928_Original-1024x664.jpg 1024w,  https:\/\/sodablastsystems-europe.com\/wp-content\/uploads\/2023\/09\/97BEDAC4-E1E2-4B47-8E6F-AE3210FB5928_Original-300x194.jpg 300w,  https:\/\/sodablastsystems-europe.com\/wp-content\/uploads\/2023\/09\/97BEDAC4-E1E2-4B47-8E6F-AE3210FB5928_Original-768x498.jpg 768w,  https:\/\/sodablastsystems-europe.com\/wp-content\/uploads\/2023\/09\/97BEDAC4-E1E2-4B47-8E6F-AE3210FB5928_Original-1536x996.jpg 1536w,  https:\/\/sodablastsystems-europe.com\/wp-content\/uploads\/2023\/09\/97BEDAC4-E1E2-4B47-8E6F-AE3210FB5928_Original.jpg 2016w\" sizes=\"(max-width: 1024px) 100vw, 1024px\" \/><\/figure>\n\n\n\n<h2 class=\"wp-block-heading has-x-large-font-size\" id=\"h-decouvrez-les-prix-des-machines-sodablast-systems\">D\u00e9couvrez les prix des machines SodaBlast Systems<\/h2>\n\n\n\n<p><strong>Nous envoyons AUTOMATIQUEMENT la liste des prix des machines dans un d\u00e9lai de 15 minutes.<\/strong><\/p>\n\n\n\n<div class=\"wpcf7 no-js\" id=\"wpcf7-f1686-o1\" lang=\"fr-FR\" dir=\"ltr\" data-wpcf7-id=\"1686\">\n<div class=\"screen-reader-response\"><p role=\"status\" aria-live=\"polite\" aria-atomic=\"true\"><\/p> <ul><\/ul><\/div>\n<form action=\"\/fr\/wp-json\/wp\/v2\/pages\/1306#wpcf7-f1686-o1\" method=\"post\" class=\"wpcf7-form init vxcf_live_form\" aria-label=\"Formulaire de contact\" novalidate=\"novalidate\" data-status=\"init\">\n<fieldset class=\"hidden-fields-container\"><input type=\"hidden\" name=\"_wpcf7\" value=\"1686\" \/><input type=\"hidden\" name=\"_wpcf7_version\" value=\"6.1.5\" \/><input type=\"hidden\" name=\"_wpcf7_locale\" value=\"fr_FR\" \/><input type=\"hidden\" name=\"_wpcf7_unit_tag\" value=\"wpcf7-f1686-o1\" \/><input type=\"hidden\" name=\"_wpcf7_container_post\" value=\"0\" \/><input type=\"hidden\" name=\"_wpcf7_posted_data_hash\" value=\"\" \/>\n<\/fieldset>\n<div class=\"wpcf7-turnstile cf-turnstile\" data-sitekey=\"0x4AAAAAACMyM32TKUTU7EWP\" data-response-field-name=\"_wpcf7_turnstile_response\"><\/div>\n\n<p><label> Votre adresse \u00e9lectronique :<br \/>\n<span class=\"wpcf7-form-control-wrap\" data-name=\"your-email\"><input size=\"40\" maxlength=\"400\" class=\"wpcf7-form-control wpcf7-email wpcf7-validates-as-required wpcf7-text wpcf7-validates-as-email\" autocomplete=\"email\" aria-required=\"true\" aria-invalid=\"false\" value=\"\" type=\"email\" name=\"your-email\" \/><\/span> <\/label>\n<\/p>\n<p><input class=\"wpcf7-form-control wpcf7-submit has-spinner wp-block-button__link has-text-align-center wp-element-button\" type=\"submit\" value=\"SEND\" \/>\n<\/p><div class=\"wpcf7-response-output\" aria-hidden=\"true\"><\/div>\n<\/form>\n<\/div>\n\n\n\n\n<p class=\"has-small-font-size\">Accord GDPR : En remplissant le formulaire, vous acceptez la <a data-type=\"page\" data-id=\"3\" href=\"https:\/\/sodablastsystems-europe.com\/privacy-policy\/\">politique de confidentialit\u00e9<\/a>.<\/p>","protected":false},"excerpt":{"rendered":"<p>D\u00e9couvrez les prix des machines SodaBlast Systems Nous envoyons AUTOMATIQUEMENT la liste des prix des machines dans un d\u00e9lai de 15 minutes. Accord GDPR : En remplissant le formulaire, vous acceptez la politique de confidentialit\u00e9.<\/p>","protected":false},"author":1,"featured_media":0,"parent":0,"menu_order":0,"comment_status":"closed","ping_status":"closed","template":"","meta":{"footnotes":""},"class_list":["post-1306","page","type-page","status-publish","hentry"],"yoast_head":"<!-- This site is optimized with the Yoast SEO Premium plugin v21.5 (Yoast SEO v21.5) - https:\/\/yoast.com\/wordpress\/plugins\/seo\/ -->\n<title>Liste de prix pour les \u00e9quipements de sablage \u00e0 la soude - SodaBlast Systems<\/title>\n<meta name=\"description\" content=\"Trouvez des prix d\u00e9taill\u00e9s pour les \u00e9quipements de soda blasting chez SodaBlast Systems Europe. D\u00e9couvrez nos options abordables pour les applications industrielles, automobiles et de restauration.\" \/>\n<meta name=\"robots\" content=\"index, follow, max-snippet:-1, max-image-preview:large, max-video-preview:-1\" \/>\n<link rel=\"canonical\" href=\"https:\/\/sodablastsystems-europe.com\/fr\/liste-de-prix\/\" \/>\n<meta property=\"og:locale\" content=\"fr_FR\" \/>\n<meta property=\"og:type\" content=\"article\" \/>\n<meta property=\"og:title\" content=\"Liste de prix\" \/>\n<meta property=\"og:description\" content=\"Trouvez des prix d\u00e9taill\u00e9s pour les \u00e9quipements de soda blasting chez SodaBlast Systems Europe. D\u00e9couvrez nos options abordables pour les applications industrielles, automobiles et de restauration.\" \/>\n<meta property=\"og:url\" content=\"https:\/\/sodablastsystems-europe.com\/fr\/liste-de-prix\/\" \/>\n<meta property=\"og:site_name\" content=\"SodaBlast Systems\" \/>\n<meta property=\"article:publisher\" content=\"https:\/\/www.facebook.com\/sodablastsystems\/\" \/>\n<meta property=\"article:modified_time\" content=\"2026-01-26T23:47:52+00:00\" \/>\n<meta property=\"og:image\" content=\"https:\/\/sodablastsystems-europe.com\/wp-content\/uploads\/2023\/09\/97BEDAC4-E1E2-4B47-8E6F-AE3210FB5928_Original-1024x664.jpg\" \/>\n<meta name=\"twitter:card\" content=\"summary_large_image\" \/>\n<meta name=\"twitter:label1\" content=\"Dur\u00e9e de lecture estim\u00e9e\" \/>\n\t<meta name=\"twitter:data1\" content=\"1 minute\" \/>\n<script type=\"application\/ld+json\" class=\"yoast-schema-graph\">{\"@context\":\"https:\/\/schema.org\",\"@graph\":[{\"@type\":\"WebPage\",\"@id\":\"https:\/\/sodablastsystems-europe.com\/fr\/liste-de-prix\/\",\"url\":\"https:\/\/sodablastsystems-europe.com\/fr\/liste-de-prix\/\",\"name\":\"Liste de prix pour les \u00e9quipements de sablage \u00e0 la soude - SodaBlast Systems\",\"isPartOf\":{\"@id\":\"https:\/\/sodablastsystems-europe.com\/fr\/#website\"},\"datePublished\":\"2023-08-27T08:06:12+00:00\",\"dateModified\":\"2026-01-26T23:47:52+00:00\",\"description\":\"Trouvez des prix d\u00e9taill\u00e9s pour les \u00e9quipements de soda blasting chez SodaBlast Systems Europe. D\u00e9couvrez nos options abordables pour les applications industrielles, automobiles et de restauration.\",\"breadcrumb\":{\"@id\":\"https:\/\/sodablastsystems-europe.com\/fr\/liste-de-prix\/#breadcrumb\"},\"inLanguage\":\"fr-FR\",\"potentialAction\":[{\"@type\":\"ReadAction\",\"target\":[\"https:\/\/sodablastsystems-europe.com\/fr\/liste-de-prix\/\"]}]},{\"@type\":\"BreadcrumbList\",\"@id\":\"https:\/\/sodablastsystems-europe.com\/fr\/liste-de-prix\/#breadcrumb\",\"itemListElement\":[{\"@type\":\"ListItem\",\"position\":1,\"name\":\"Strona g\u0142\u00f3wna\",\"item\":\"https:\/\/sodablastsystems-europe.com\/fr\/\"},{\"@type\":\"ListItem\",\"position\":2,\"name\":\"Liste de prix\"}]},{\"@type\":\"WebSite\",\"@id\":\"https:\/\/sodablastsystems-europe.com\/fr\/#website\",\"url\":\"https:\/\/sodablastsystems-europe.com\/fr\/\",\"name\":\"SodaBlast Systems Europe\",\"description\":\"SodaBlasting Machines from USA. Innovative Technology For Your Business.\",\"publisher\":{\"@id\":\"https:\/\/sodablastsystems-europe.com\/fr\/#organization\"},\"potentialAction\":[{\"@type\":\"SearchAction\",\"target\":{\"@type\":\"EntryPoint\",\"urlTemplate\":\"https:\/\/sodablastsystems-europe.com\/fr\/?s={search_term_string}\"},\"query-input\":\"required name=search_term_string\"}],\"inLanguage\":\"fr-FR\"},{\"@type\":\"Organization\",\"@id\":\"https:\/\/sodablastsystems-europe.com\/fr\/#organization\",\"name\":\"SodaBlast Systems Europe\",\"url\":\"https:\/\/sodablastsystems-europe.com\/fr\/\",\"logo\":{\"@type\":\"ImageObject\",\"inLanguage\":\"fr-FR\",\"@id\":\"https:\/\/sodablastsystems-europe.com\/fr\/#\/schema\/logo\/image\/\",\"url\":\"https:\/\/sodablastsystems-europe.com\/wp-content\/uploads\/2023\/08\/logo-sodablastsystems-usa-1.png\",\"contentUrl\":\"https:\/\/sodablastsystems-europe.com\/wp-content\/uploads\/2023\/08\/logo-sodablastsystems-usa-1.png\",\"width\":200,\"height\":200,\"caption\":\"SodaBlast Systems Europe\"},\"image\":{\"@id\":\"https:\/\/sodablastsystems-europe.com\/fr\/#\/schema\/logo\/image\/\"},\"sameAs\":[\"https:\/\/www.facebook.com\/sodablastsystems\/\",\"https:\/\/www.tiktok.com\/@sodablast.systems\",\"https:\/\/www.instagram.com\/sodablastsystems_europe\/\",\"https:\/\/www.youtube.com\/@Sodablastsystems\"]}]}<\/script>\n<!-- \/ Yoast SEO Premium plugin. -->","yoast_head_json":{"title":"Liste de prix pour les \u00e9quipements de sablage \u00e0 la soude - SodaBlast Systems","description":"Trouvez des prix d\u00e9taill\u00e9s pour les \u00e9quipements de soda blasting chez SodaBlast Systems Europe. D\u00e9couvrez nos options abordables pour les applications industrielles, automobiles et de restauration.","robots":{"index":"index","follow":"follow","max-snippet":"max-snippet:-1","max-image-preview":"max-image-preview:large","max-video-preview":"max-video-preview:-1"},"canonical":"https:\/\/sodablastsystems-europe.com\/fr\/liste-de-prix\/","og_locale":"fr_FR","og_type":"article","og_title":"Liste de prix","og_description":"Trouvez des prix d\u00e9taill\u00e9s pour les \u00e9quipements de soda blasting chez SodaBlast Systems Europe. D\u00e9couvrez nos options abordables pour les applications industrielles, automobiles et de restauration.","og_url":"https:\/\/sodablastsystems-europe.com\/fr\/liste-de-prix\/","og_site_name":"SodaBlast Systems","article_publisher":"https:\/\/www.facebook.com\/sodablastsystems\/","article_modified_time":"2026-01-26T23:47:52+00:00","og_image":[{"url":"https:\/\/sodablastsystems-europe.com\/wp-content\/uploads\/2023\/09\/97BEDAC4-E1E2-4B47-8E6F-AE3210FB5928_Original-1024x664.jpg"}],"twitter_card":"summary_large_image","twitter_misc":{"Dur\u00e9e de lecture estim\u00e9e":"1 minute"},"schema":{"@context":"https:\/\/schema.org","@graph":[{"@type":"WebPage","@id":"https:\/\/sodablastsystems-europe.com\/fr\/liste-de-prix\/","url":"https:\/\/sodablastsystems-europe.com\/fr\/liste-de-prix\/","name":"Liste de prix pour les \u00e9quipements de sablage \u00e0 la soude - SodaBlast Systems","isPartOf":{"@id":"https:\/\/sodablastsystems-europe.com\/fr\/#website"},"datePublished":"2023-08-27T08:06:12+00:00","dateModified":"2026-01-26T23:47:52+00:00","description":"Trouvez des prix d\u00e9taill\u00e9s pour les \u00e9quipements de soda blasting chez SodaBlast Systems Europe. D\u00e9couvrez nos options abordables pour les applications industrielles, automobiles et de restauration.","breadcrumb":{"@id":"https:\/\/sodablastsystems-europe.com\/fr\/liste-de-prix\/#breadcrumb"},"inLanguage":"fr-FR","potentialAction":[{"@type":"ReadAction","target":["https:\/\/sodablastsystems-europe.com\/fr\/liste-de-prix\/"]}]},{"@type":"BreadcrumbList","@id":"https:\/\/sodablastsystems-europe.com\/fr\/liste-de-prix\/#breadcrumb","itemListElement":[{"@type":"ListItem","position":1,"name":"Strona g\u0142\u00f3wna","item":"https:\/\/sodablastsystems-europe.com\/fr\/"},{"@type":"ListItem","position":2,"name":"Liste de prix"}]},{"@type":"WebSite","@id":"https:\/\/sodablastsystems-europe.com\/fr\/#website","url":"https:\/\/sodablastsystems-europe.com\/fr\/","name":"SodaBlast Systems Europe","description":"SodaBlasting Machines from USA. Innovative Technology For Your Business.","publisher":{"@id":"https:\/\/sodablastsystems-europe.com\/fr\/#organization"},"potentialAction":[{"@type":"SearchAction","target":{"@type":"EntryPoint","urlTemplate":"https:\/\/sodablastsystems-europe.com\/fr\/?s={search_term_string}"},"query-input":"required name=search_term_string"}],"inLanguage":"fr-FR"},{"@type":"Organization","@id":"https:\/\/sodablastsystems-europe.com\/fr\/#organization","name":"SodaBlast Systems Europe","url":"https:\/\/sodablastsystems-europe.com\/fr\/","logo":{"@type":"ImageObject","inLanguage":"fr-FR","@id":"https:\/\/sodablastsystems-europe.com\/fr\/#\/schema\/logo\/image\/","url":"https:\/\/sodablastsystems-europe.com\/wp-content\/uploads\/2023\/08\/logo-sodablastsystems-usa-1.png","contentUrl":"https:\/\/sodablastsystems-europe.com\/wp-content\/uploads\/2023\/08\/logo-sodablastsystems-usa-1.png","width":200,"height":200,"caption":"SodaBlast Systems Europe"},"image":{"@id":"https:\/\/sodablastsystems-europe.com\/fr\/#\/schema\/logo\/image\/"},"sameAs":["https:\/\/www.facebook.com\/sodablastsystems\/","https:\/\/www.tiktok.com\/@sodablast.systems","https:\/\/www.instagram.com\/sodablastsystems_europe\/","https:\/\/www.youtube.com\/@Sodablastsystems"]}]}},"_links":{"self":[{"href":"https:\/\/sodablastsystems-europe.com\/fr\/wp-json\/wp\/v2\/pages\/1306","targetHints":{"allow":["GET"]}}],"collection":[{"href":"https:\/\/sodablastsystems-europe.com\/fr\/wp-json\/wp\/v2\/pages"}],"about":[{"href":"https:\/\/sodablastsystems-europe.com\/fr\/wp-json\/wp\/v2\/types\/page"}],"author":[{"embeddable":true,"href":"https:\/\/sodablastsystems-europe.com\/fr\/wp-json\/wp\/v2\/users\/1"}],"replies":[{"embeddable":true,"href":"https:\/\/sodablastsystems-europe.com\/fr\/wp-json\/wp\/v2\/comments?post=1306"}],"version-history":[{"count":4,"href":"https:\/\/sodablastsystems-europe.com\/fr\/wp-json\/wp\/v2\/pages\/1306\/revisions"}],"predecessor-version":[{"id":6765,"href":"https:\/\/sodablastsystems-europe.com\/fr\/wp-json\/wp\/v2\/pages\/1306\/revisions\/6765"}],"wp:attachment":[{"href":"https:\/\/sodablastsystems-europe.com\/fr\/wp-json\/wp\/v2\/media?parent=1306"}],"curies":[{"name":"wp","href":"https:\/\/api.w.org\/{rel}","templated":true}]}}