{"id":6140,"date":"2025-02-17T14:24:04","date_gmt":"2025-02-17T14:24:04","guid":{"rendered":"https:\/\/sodablastsystems-europe.com\/hiukkassuodattimella-varustetun-sb-500-peravaunun-tekniset-tiedot\/"},"modified":"2025-02-17T14:26:41","modified_gmt":"2025-02-17T14:26:41","slug":"hiukkassuodattimella-varustetun-sb-500-peravaunun-tekniset-tiedot","status":"publish","type":"page","link":"https:\/\/sodablastsystems-europe.com\/fi\/hiukkassuodattimella-varustetun-sb-500-peravaunun-tekniset-tiedot\/","title":{"rendered":"Hiukkassuodattimella varustetun SB-500-per\u00e4vaunun tekniset tiedot"},"content":{"rendered":"<p><strong>T\u00e4ydellinen, kolmikomponenttinen, siirrett\u00e4v\u00e4 ja k\u00e4ytt\u00f6valmis pakkaus:<\/strong><\/p>\n\n<p><strong>SodaBlaster-r\u00e4j\u00e4ytysosasto:<\/strong><\/p>\n\n<ul class=\"wp-block-list\">\n<li>SB-500 r\u00e4j\u00e4ytyss\u00e4ili\u00f6<\/li>\n\n\n\n<li>1 sekunnin itsetiivistyv\u00e4 suppiloluukku<\/li>\n\n\n\n<li>Ilmanpaineen s\u00e4\u00e4din<\/li>\n\n\n\n<li>Hioma-aineen m\u00e4\u00e4r\u00e4n s\u00e4\u00e4din<\/li>\n\n\n\n<li>S\u00e4hk\u00f6inen kaukos\u00e4\u00e4din, jossa on 15 metrin kaapeli<\/li>\n\n\n\n<li>Puhdasilmaliit\u00e4nt\u00e4 valinnaisia ty\u00f6kaluja varten<\/li>\n\n\n\n<li>340o py\u00f6riv\u00e4 puhallusletkun ulostulo<\/li>\n\n\n\n<li>Ilman poistoilman \u00e4\u00e4nenvaimennin puhalluss\u00e4ili\u00f6st\u00e4<\/li>\n<\/ul>\n\n<p><strong>Blaster-j\u00e4\u00e4hdytysj\u00e4rjestelm\u00e4:<\/strong><\/p>\n\n<ul class=\"wp-block-list\">\n<li>MT-3 Itsen\u00e4inen ilmankuivain<\/li>\n\n\n\n<li>CF-125 Sykloni-ilmansuodatin<\/li>\n\n\n\n<li>10bar painej\u00e4\u00e4hdytin<\/li>\n\n\n\n<li>Nopea tuuletin<\/li>\n<\/ul>\n\n<p><strong>Ruuviilmakompressori:<\/strong><\/p>\n\n<ul class=\"wp-block-list\">\n<li>Kubotan nelisylinterinen turbomoottori<\/li>\n\n\n\n<li>33 kW moottorin teho<\/li>\n\n\n\n<li>1,498 litran moottoritilavuus<\/li>\n\n\n\n<li>12V s\u00e4hk\u00f6asennus<\/li>\n\n\n\n<li>45 litran polttoaines\u00e4ili\u00f6<\/li>\n\n\n\n<li>LCD-n\u00e4ytt\u00f6<\/li>\n\n\n\n<li>STOP-h\u00e4t\u00e4kytkin<\/li>\n\n\n\n<li>Sis\u00e4isesti \u00e4\u00e4nieristetty kotelokompressori<\/li>\n\n\n\n<li>Korroosiosuojaus korkean kosteuden C3-ymp\u00e4rist\u00f6ss\u00e4<\/li>\n\n\n\n<li>Kompressorin pakokaasun \u00e4\u00e4nenvaimennin<\/li>\n\n\n\n<li>Polttomoottoreita koskevan EU STAGE V -standardin mukainen.<\/li>\n\n\n\n<li>Melup\u00e4\u00e4st\u00f6standardin 2000\/14\/EY mukainen.<\/li>\n<\/ul>\n\n<p><strong>Maantiealusta:<\/strong><\/p>\n\n<ul class=\"wp-block-list\">\n<li>Erikoisper\u00e4vaunun eurooppalainen homologointi<\/li>\n\n\n\n<li>CNC-valmisteinen rakenne<\/li>\n\n\n\n<li>AL-KO-alustan osat<\/li>\n\n\n\n<li>2 akselia = 4 py\u00f6r\u00e4\u00e4, M+S 13C renkaat.<\/li>\n\n\n\n<li>Yliajo-, h\u00e4t\u00e4- ja seisontajarru<\/li>\n\n\n\n<li>Vetokoukun kuulakytkin, jossa on kytkin ja kulumisen merkkivalo<\/li>\n\n\n\n<li>4 s\u00e4\u00e4dett\u00e4v\u00e4\u00e4 alustan tasaustukea<\/li>\n\n\n\n<li>T\u00e4ysikokoinen varapy\u00f6r\u00e4<\/li>\n\n\n\n<li>13-napainen tievalaistuksen s\u00e4hk\u00f6asennus<\/li>\n<\/ul>\n\n<p><strong>Mukana tulevat lis\u00e4varusteet &#8211; Peruspaketti:<\/strong><\/p>\n\n<ul class=\"wp-block-list\">\n<li>HV-5 py\u00f6re\u00e4 suutin (8mm)<\/li>\n\n\n\n<li>Vesisovitin suutinta varten<\/li>\n\n\n\n<li>Suppilo hioma-aineen kaatamista varten<\/li>\n\n\n\n<li>15m ohjauskaapeli<\/li>\n\n\n\n<li>15m vesiletku<\/li>\n\n\n\n<li>Puhallusletku 15m<\/li>\n<\/ul>","protected":false},"excerpt":{"rendered":"<p>T\u00e4ydellinen, kolmikomponenttinen, siirrett\u00e4v\u00e4 ja k\u00e4ytt\u00f6valmis pakkaus: SodaBlaster-r\u00e4j\u00e4ytysosasto: Blaster-j\u00e4\u00e4hdytysj\u00e4rjestelm\u00e4: Ruuviilmakompressori: Maantiealusta: Mukana tulevat lis\u00e4varusteet &#8211; Peruspaketti:<\/p>","protected":false},"author":1,"featured_media":0,"parent":0,"menu_order":0,"comment_status":"closed","ping_status":"closed","template":"","meta":{"footnotes":""},"class_list":["post-6140","page","type-page","status-publish","hentry"],"yoast_head":"<!-- This site is optimized with the Yoast SEO Premium plugin v21.5 (Yoast SEO v21.5) - https:\/\/yoast.com\/wordpress\/plugins\/seo\/ -->\n<title>Hiukkassuodattimella varustetun SB-500-per\u00e4vaunun tekniset tiedot - SodaBlast Systems<\/title>\n<meta name=\"robots\" content=\"index, follow, max-snippet:-1, max-image-preview:large, max-video-preview:-1\" \/>\n<link rel=\"canonical\" href=\"https:\/\/sodablastsystems-europe.com\/fi\/hiukkassuodattimella-varustetun-sb-500-peravaunun-tekniset-tiedot\/\" \/>\n<meta property=\"og:locale\" content=\"fi_FI\" \/>\n<meta property=\"og:type\" content=\"article\" \/>\n<meta property=\"og:title\" content=\"Hiukkassuodattimella varustetun SB-500-per\u00e4vaunun tekniset tiedot\" \/>\n<meta property=\"og:description\" content=\"T\u00e4ydellinen, kolmikomponenttinen, siirrett\u00e4v\u00e4 ja k\u00e4ytt\u00f6valmis pakkaus: SodaBlaster-r\u00e4j\u00e4ytysosasto: Blaster-j\u00e4\u00e4hdytysj\u00e4rjestelm\u00e4: Ruuviilmakompressori: Maantiealusta: Mukana tulevat lis\u00e4varusteet &#8211; Peruspaketti:\" \/>\n<meta property=\"og:url\" content=\"https:\/\/sodablastsystems-europe.com\/fi\/hiukkassuodattimella-varustetun-sb-500-peravaunun-tekniset-tiedot\/\" \/>\n<meta property=\"og:site_name\" content=\"SodaBlast Systems\" \/>\n<meta property=\"article:publisher\" content=\"https:\/\/www.facebook.com\/sodablastsystems\/\" \/>\n<meta property=\"article:modified_time\" content=\"2025-02-17T14:26:41+00:00\" \/>\n<meta property=\"og:image\" content=\"https:\/\/sodablastsystems-europe.com\/wp-content\/uploads\/2023\/08\/logo-sodablastsystems-usa-1.png\" \/>\n\t<meta property=\"og:image:width\" content=\"200\" \/>\n\t<meta property=\"og:image:height\" content=\"200\" \/>\n\t<meta property=\"og:image:type\" content=\"image\/png\" \/>\n<meta name=\"twitter:card\" content=\"summary_large_image\" \/>\n<meta name=\"twitter:label1\" content=\"Arvioitu lukuaika\" \/>\n\t<meta name=\"twitter:data1\" content=\"1 minuutti\" \/>\n<script type=\"application\/ld+json\" class=\"yoast-schema-graph\">{\"@context\":\"https:\/\/schema.org\",\"@graph\":[{\"@type\":\"WebPage\",\"@id\":\"https:\/\/sodablastsystems-europe.com\/fi\/hiukkassuodattimella-varustetun-sb-500-peravaunun-tekniset-tiedot\/\",\"url\":\"https:\/\/sodablastsystems-europe.com\/fi\/hiukkassuodattimella-varustetun-sb-500-peravaunun-tekniset-tiedot\/\",\"name\":\"Hiukkassuodattimella varustetun SB-500-per\u00e4vaunun tekniset tiedot - SodaBlast Systems\",\"isPartOf\":{\"@id\":\"https:\/\/sodablastsystems-europe.com\/fi\/#website\"},\"datePublished\":\"2025-02-17T14:24:04+00:00\",\"dateModified\":\"2025-02-17T14:26:41+00:00\",\"breadcrumb\":{\"@id\":\"https:\/\/sodablastsystems-europe.com\/fi\/hiukkassuodattimella-varustetun-sb-500-peravaunun-tekniset-tiedot\/#breadcrumb\"},\"inLanguage\":\"fi\",\"potentialAction\":[{\"@type\":\"ReadAction\",\"target\":[\"https:\/\/sodablastsystems-europe.com\/fi\/hiukkassuodattimella-varustetun-sb-500-peravaunun-tekniset-tiedot\/\"]}]},{\"@type\":\"BreadcrumbList\",\"@id\":\"https:\/\/sodablastsystems-europe.com\/fi\/hiukkassuodattimella-varustetun-sb-500-peravaunun-tekniset-tiedot\/#breadcrumb\",\"itemListElement\":[{\"@type\":\"ListItem\",\"position\":1,\"name\":\"Strona g\u0142\u00f3wna\",\"item\":\"https:\/\/sodablastsystems-europe.com\/fi\/\"},{\"@type\":\"ListItem\",\"position\":2,\"name\":\"Hiukkassuodattimella varustetun SB-500-per\u00e4vaunun tekniset tiedot\"}]},{\"@type\":\"WebSite\",\"@id\":\"https:\/\/sodablastsystems-europe.com\/fi\/#website\",\"url\":\"https:\/\/sodablastsystems-europe.com\/fi\/\",\"name\":\"SodaBlast Systems Europe\",\"description\":\"SodaBlasting Machines from USA. Innovative Technology For Your Business.\",\"publisher\":{\"@id\":\"https:\/\/sodablastsystems-europe.com\/fi\/#organization\"},\"potentialAction\":[{\"@type\":\"SearchAction\",\"target\":{\"@type\":\"EntryPoint\",\"urlTemplate\":\"https:\/\/sodablastsystems-europe.com\/fi\/?s={search_term_string}\"},\"query-input\":\"required name=search_term_string\"}],\"inLanguage\":\"fi\"},{\"@type\":\"Organization\",\"@id\":\"https:\/\/sodablastsystems-europe.com\/fi\/#organization\",\"name\":\"SodaBlast Systems Europe\",\"url\":\"https:\/\/sodablastsystems-europe.com\/fi\/\",\"logo\":{\"@type\":\"ImageObject\",\"inLanguage\":\"fi\",\"@id\":\"https:\/\/sodablastsystems-europe.com\/fi\/#\/schema\/logo\/image\/\",\"url\":\"https:\/\/sodablastsystems-europe.com\/wp-content\/uploads\/2023\/08\/logo-sodablastsystems-usa-1.png\",\"contentUrl\":\"https:\/\/sodablastsystems-europe.com\/wp-content\/uploads\/2023\/08\/logo-sodablastsystems-usa-1.png\",\"width\":200,\"height\":200,\"caption\":\"SodaBlast Systems Europe\"},\"image\":{\"@id\":\"https:\/\/sodablastsystems-europe.com\/fi\/#\/schema\/logo\/image\/\"},\"sameAs\":[\"https:\/\/www.facebook.com\/sodablastsystems\/\",\"https:\/\/www.tiktok.com\/@sodablast.systems\",\"https:\/\/www.instagram.com\/sodablastsystems_europe\/\",\"https:\/\/www.youtube.com\/@Sodablastsystems\"]}]}<\/script>\n<!-- \/ Yoast SEO Premium plugin. -->","yoast_head_json":{"title":"Hiukkassuodattimella varustetun SB-500-per\u00e4vaunun tekniset tiedot - SodaBlast Systems","robots":{"index":"index","follow":"follow","max-snippet":"max-snippet:-1","max-image-preview":"max-image-preview:large","max-video-preview":"max-video-preview:-1"},"canonical":"https:\/\/sodablastsystems-europe.com\/fi\/hiukkassuodattimella-varustetun-sb-500-peravaunun-tekniset-tiedot\/","og_locale":"fi_FI","og_type":"article","og_title":"Hiukkassuodattimella varustetun SB-500-per\u00e4vaunun tekniset tiedot","og_description":"T\u00e4ydellinen, kolmikomponenttinen, siirrett\u00e4v\u00e4 ja k\u00e4ytt\u00f6valmis pakkaus: SodaBlaster-r\u00e4j\u00e4ytysosasto: Blaster-j\u00e4\u00e4hdytysj\u00e4rjestelm\u00e4: Ruuviilmakompressori: Maantiealusta: Mukana tulevat lis\u00e4varusteet &#8211; Peruspaketti:","og_url":"https:\/\/sodablastsystems-europe.com\/fi\/hiukkassuodattimella-varustetun-sb-500-peravaunun-tekniset-tiedot\/","og_site_name":"SodaBlast Systems","article_publisher":"https:\/\/www.facebook.com\/sodablastsystems\/","article_modified_time":"2025-02-17T14:26:41+00:00","og_image":[{"width":200,"height":200,"url":"https:\/\/sodablastsystems-europe.com\/wp-content\/uploads\/2023\/08\/logo-sodablastsystems-usa-1.png","type":"image\/png"}],"twitter_card":"summary_large_image","twitter_misc":{"Arvioitu lukuaika":"1 minuutti"},"schema":{"@context":"https:\/\/schema.org","@graph":[{"@type":"WebPage","@id":"https:\/\/sodablastsystems-europe.com\/fi\/hiukkassuodattimella-varustetun-sb-500-peravaunun-tekniset-tiedot\/","url":"https:\/\/sodablastsystems-europe.com\/fi\/hiukkassuodattimella-varustetun-sb-500-peravaunun-tekniset-tiedot\/","name":"Hiukkassuodattimella varustetun SB-500-per\u00e4vaunun tekniset tiedot - SodaBlast Systems","isPartOf":{"@id":"https:\/\/sodablastsystems-europe.com\/fi\/#website"},"datePublished":"2025-02-17T14:24:04+00:00","dateModified":"2025-02-17T14:26:41+00:00","breadcrumb":{"@id":"https:\/\/sodablastsystems-europe.com\/fi\/hiukkassuodattimella-varustetun-sb-500-peravaunun-tekniset-tiedot\/#breadcrumb"},"inLanguage":"fi","potentialAction":[{"@type":"ReadAction","target":["https:\/\/sodablastsystems-europe.com\/fi\/hiukkassuodattimella-varustetun-sb-500-peravaunun-tekniset-tiedot\/"]}]},{"@type":"BreadcrumbList","@id":"https:\/\/sodablastsystems-europe.com\/fi\/hiukkassuodattimella-varustetun-sb-500-peravaunun-tekniset-tiedot\/#breadcrumb","itemListElement":[{"@type":"ListItem","position":1,"name":"Strona g\u0142\u00f3wna","item":"https:\/\/sodablastsystems-europe.com\/fi\/"},{"@type":"ListItem","position":2,"name":"Hiukkassuodattimella varustetun SB-500-per\u00e4vaunun tekniset tiedot"}]},{"@type":"WebSite","@id":"https:\/\/sodablastsystems-europe.com\/fi\/#website","url":"https:\/\/sodablastsystems-europe.com\/fi\/","name":"SodaBlast Systems Europe","description":"SodaBlasting Machines from USA. Innovative Technology For Your Business.","publisher":{"@id":"https:\/\/sodablastsystems-europe.com\/fi\/#organization"},"potentialAction":[{"@type":"SearchAction","target":{"@type":"EntryPoint","urlTemplate":"https:\/\/sodablastsystems-europe.com\/fi\/?s={search_term_string}"},"query-input":"required name=search_term_string"}],"inLanguage":"fi"},{"@type":"Organization","@id":"https:\/\/sodablastsystems-europe.com\/fi\/#organization","name":"SodaBlast Systems Europe","url":"https:\/\/sodablastsystems-europe.com\/fi\/","logo":{"@type":"ImageObject","inLanguage":"fi","@id":"https:\/\/sodablastsystems-europe.com\/fi\/#\/schema\/logo\/image\/","url":"https:\/\/sodablastsystems-europe.com\/wp-content\/uploads\/2023\/08\/logo-sodablastsystems-usa-1.png","contentUrl":"https:\/\/sodablastsystems-europe.com\/wp-content\/uploads\/2023\/08\/logo-sodablastsystems-usa-1.png","width":200,"height":200,"caption":"SodaBlast Systems Europe"},"image":{"@id":"https:\/\/sodablastsystems-europe.com\/fi\/#\/schema\/logo\/image\/"},"sameAs":["https:\/\/www.facebook.com\/sodablastsystems\/","https:\/\/www.tiktok.com\/@sodablast.systems","https:\/\/www.instagram.com\/sodablastsystems_europe\/","https:\/\/www.youtube.com\/@Sodablastsystems"]}]}},"_links":{"self":[{"href":"https:\/\/sodablastsystems-europe.com\/fi\/wp-json\/wp\/v2\/pages\/6140","targetHints":{"allow":["GET"]}}],"collection":[{"href":"https:\/\/sodablastsystems-europe.com\/fi\/wp-json\/wp\/v2\/pages"}],"about":[{"href":"https:\/\/sodablastsystems-europe.com\/fi\/wp-json\/wp\/v2\/types\/page"}],"author":[{"embeddable":true,"href":"https:\/\/sodablastsystems-europe.com\/fi\/wp-json\/wp\/v2\/users\/1"}],"replies":[{"embeddable":true,"href":"https:\/\/sodablastsystems-europe.com\/fi\/wp-json\/wp\/v2\/comments?post=6140"}],"version-history":[{"count":1,"href":"https:\/\/sodablastsystems-europe.com\/fi\/wp-json\/wp\/v2\/pages\/6140\/revisions"}],"predecessor-version":[{"id":6142,"href":"https:\/\/sodablastsystems-europe.com\/fi\/wp-json\/wp\/v2\/pages\/6140\/revisions\/6142"}],"wp:attachment":[{"href":"https:\/\/sodablastsystems-europe.com\/fi\/wp-json\/wp\/v2\/media?parent=6140"}],"curies":[{"name":"wp","href":"https:\/\/api.w.org\/{rel}","templated":true}]}}