{"id":1464,"date":"2023-08-27T08:07:29","date_gmt":"2023-08-27T08:07:29","guid":{"rendered":"https:\/\/sodablastsystems-europe.com\/30-minuutin-siivous-kooste\/"},"modified":"2026-01-08T09:56:16","modified_gmt":"2026-01-08T09:56:16","slug":"30-minuutin-siivous-kooste","status":"publish","type":"page","link":"https:\/\/sodablastsystems-europe.com\/fi\/30-minuutin-siivous-kooste\/","title":{"rendered":"Videot"},"content":{"rendered":"<h1 class=\"wp-block-heading\" id=\"h-30-minute-cleaning-compilation\">30 minuutin siivous kooste<\/h1>\n\n<h2 class=\"wp-block-heading has-large-font-size\" id=\"h-authentic-soda-blasting-effects-sodablast-users-in-action\">Aidot soodapuhallusvaikutukset &#8211; SodaBlast-k\u00e4ytt\u00e4j\u00e4t toiminnassa<\/h2>\n\n<p>Kutsumme sinut katsomaan aitoja videoita, joita k\u00e4ytt\u00e4j\u00e4mme ovat l\u00e4hett\u00e4neet eri puolilta Eurooppaa. N\u00e4iss\u00e4 videoissa ei ainoastaan esitell\u00e4 SodaBlast Systems -laitteiden tehokkuutta, vaan my\u00f6s erilaisia sovelluksia ja soodapuhallustekniikoita. Katso, miten asiakkaamme ratkaisevat siivoushaasteita ja millaisia upeita tuloksia ratkaisuillamme voidaan saavuttaa. Jokainen klipsi on todellinen kokemus ja todellinen muutos &#8211; kunnostetut pinnat saavat kiiltonsa takaisin, ja tyytyv\u00e4isyys hyvin tehtyyn ty\u00f6h\u00f6n on selv\u00e4sti n\u00e4kyviss\u00e4.<\/p>\n\n<p><strong>Klikkaa ja katso<\/strong>:<\/p>\n\n<lite-vimeo videoid=\"858282701\"><\/lite-vimeo>\n\n<p><\/p>","protected":false},"excerpt":{"rendered":"<p>30 minuutin siivous kooste Aidot soodapuhallusvaikutukset &#8211; SodaBlast-k\u00e4ytt\u00e4j\u00e4t toiminnassa Kutsumme sinut katsomaan aitoja videoita, joita k\u00e4ytt\u00e4j\u00e4mme ovat l\u00e4hett\u00e4neet eri puolilta Eurooppaa. N\u00e4iss\u00e4 videoissa ei ainoastaan esitell\u00e4 SodaBlast Systems -laitteiden tehokkuutta, vaan my\u00f6s erilaisia sovelluksia ja soodapuhallustekniikoita. Katso, miten asiakkaamme ratkaisevat siivoushaasteita ja millaisia upeita tuloksia ratkaisuillamme voidaan saavuttaa. Jokainen klipsi on todellinen kokemus ja todellinen [&hellip;]<\/p>","protected":false},"author":1,"featured_media":0,"parent":0,"menu_order":0,"comment_status":"closed","ping_status":"closed","template":"strona-bez-tytu-u","meta":{"footnotes":""},"class_list":["post-1464","page","type-page","status-publish","hentry"],"yoast_head":"<!-- This site is optimized with the Yoast SEO Premium plugin v21.5 (Yoast SEO v21.5) - https:\/\/yoast.com\/wordpress\/plugins\/seo\/ -->\n<title>Soodapuhallus videot kooste - SodaBlast Systems<\/title>\n<meta name=\"description\" content=\"Katso kooste soodapuhallusvideoistamme osoitteessa SodaBlast Systems Europe. Tutustu tosiel\u00e4m\u00e4n sovelluksiin, joissa esitell\u00e4\u00e4n maalin ja ruosteen poistoa, pintojen kunnostusta ja ymp\u00e4rist\u00f6yst\u00e4v\u00e4llisi\u00e4 puhdistusratkaisuja.\" \/>\n<meta name=\"robots\" content=\"index, follow, max-snippet:-1, max-image-preview:large, max-video-preview:-1\" \/>\n<link rel=\"canonical\" href=\"https:\/\/sodablastsystems-europe.com\/fi\/30-minuutin-siivous-kooste\/\" \/>\n<meta property=\"og:locale\" content=\"fi_FI\" \/>\n<meta property=\"og:type\" content=\"article\" \/>\n<meta property=\"og:title\" content=\"Soodapuhallus videot kooste - SodaBlast Systems\" \/>\n<meta property=\"og:description\" content=\"Katso kooste soodapuhallusvideoistamme osoitteessa SodaBlast Systems Europe. Tutustu tosiel\u00e4m\u00e4n sovelluksiin, joissa esitell\u00e4\u00e4n maalin ja ruosteen poistoa, pintojen kunnostusta ja ymp\u00e4rist\u00f6yst\u00e4v\u00e4llisi\u00e4 puhdistusratkaisuja.\" \/>\n<meta property=\"og:url\" content=\"https:\/\/sodablastsystems-europe.com\/fi\/30-minuutin-siivous-kooste\/\" \/>\n<meta property=\"og:site_name\" content=\"SodaBlast Systems\" \/>\n<meta property=\"article:publisher\" content=\"https:\/\/www.facebook.com\/sodablastsystems\/\" \/>\n<meta property=\"article:modified_time\" content=\"2026-01-08T09:56:16+00:00\" \/>\n<meta property=\"og:image\" content=\"https:\/\/sodablastsystems-europe.com\/wp-content\/uploads\/2024\/01\/img_6871.jpeg\" \/>\n<meta name=\"twitter:card\" content=\"summary_large_image\" \/>\n<meta name=\"twitter:title\" content=\"Soodapuhallus videot kooste - SodaBlast Systems\" \/>\n<meta name=\"twitter:description\" content=\"Katso kooste soodapuhallusvideoistamme osoitteessa SodaBlast Systems Europe. Tutustu tosiel\u00e4m\u00e4n sovelluksiin, joissa esitell\u00e4\u00e4n maalin ja ruosteen poistoa, pintojen kunnostusta ja ymp\u00e4rist\u00f6yst\u00e4v\u00e4llisi\u00e4 puhdistusratkaisuja.\" \/>\n<script type=\"application\/ld+json\" class=\"yoast-schema-graph\">{\"@context\":\"https:\/\/schema.org\",\"@graph\":[{\"@type\":\"WebPage\",\"@id\":\"https:\/\/sodablastsystems-europe.com\/fi\/30-minuutin-siivous-kooste\/\",\"url\":\"https:\/\/sodablastsystems-europe.com\/fi\/30-minuutin-siivous-kooste\/\",\"name\":\"Soodapuhallus videot kooste - SodaBlast Systems\",\"isPartOf\":{\"@id\":\"https:\/\/sodablastsystems-europe.com\/fi\/#website\"},\"datePublished\":\"2023-08-27T08:07:29+00:00\",\"dateModified\":\"2026-01-08T09:56:16+00:00\",\"description\":\"Katso kooste soodapuhallusvideoistamme osoitteessa SodaBlast Systems Europe. Tutustu tosiel\u00e4m\u00e4n sovelluksiin, joissa esitell\u00e4\u00e4n maalin ja ruosteen poistoa, pintojen kunnostusta ja ymp\u00e4rist\u00f6yst\u00e4v\u00e4llisi\u00e4 puhdistusratkaisuja.\",\"breadcrumb\":{\"@id\":\"https:\/\/sodablastsystems-europe.com\/fi\/30-minuutin-siivous-kooste\/#breadcrumb\"},\"inLanguage\":\"fi\",\"potentialAction\":[{\"@type\":\"ReadAction\",\"target\":[\"https:\/\/sodablastsystems-europe.com\/fi\/30-minuutin-siivous-kooste\/\"]}]},{\"@type\":\"BreadcrumbList\",\"@id\":\"https:\/\/sodablastsystems-europe.com\/fi\/30-minuutin-siivous-kooste\/#breadcrumb\",\"itemListElement\":[{\"@type\":\"ListItem\",\"position\":1,\"name\":\"Strona g\u0142\u00f3wna\",\"item\":\"https:\/\/sodablastsystems-europe.com\/fi\/\"},{\"@type\":\"ListItem\",\"position\":2,\"name\":\"Videot\"}]},{\"@type\":\"WebSite\",\"@id\":\"https:\/\/sodablastsystems-europe.com\/fi\/#website\",\"url\":\"https:\/\/sodablastsystems-europe.com\/fi\/\",\"name\":\"SodaBlast Systems Europe\",\"description\":\"SodaBlasting Machines from USA. Innovative Technology For Your Business.\",\"publisher\":{\"@id\":\"https:\/\/sodablastsystems-europe.com\/fi\/#organization\"},\"potentialAction\":[{\"@type\":\"SearchAction\",\"target\":{\"@type\":\"EntryPoint\",\"urlTemplate\":\"https:\/\/sodablastsystems-europe.com\/fi\/?s={search_term_string}\"},\"query-input\":\"required name=search_term_string\"}],\"inLanguage\":\"fi\"},{\"@type\":\"Organization\",\"@id\":\"https:\/\/sodablastsystems-europe.com\/fi\/#organization\",\"name\":\"SodaBlast Systems Europe\",\"url\":\"https:\/\/sodablastsystems-europe.com\/fi\/\",\"logo\":{\"@type\":\"ImageObject\",\"inLanguage\":\"fi\",\"@id\":\"https:\/\/sodablastsystems-europe.com\/fi\/#\/schema\/logo\/image\/\",\"url\":\"https:\/\/sodablastsystems-europe.com\/wp-content\/uploads\/2023\/08\/logo-sodablastsystems-usa-1.png\",\"contentUrl\":\"https:\/\/sodablastsystems-europe.com\/wp-content\/uploads\/2023\/08\/logo-sodablastsystems-usa-1.png\",\"width\":200,\"height\":200,\"caption\":\"SodaBlast Systems Europe\"},\"image\":{\"@id\":\"https:\/\/sodablastsystems-europe.com\/fi\/#\/schema\/logo\/image\/\"},\"sameAs\":[\"https:\/\/www.facebook.com\/sodablastsystems\/\",\"https:\/\/www.tiktok.com\/@sodablast.systems\",\"https:\/\/www.instagram.com\/sodablastsystems_europe\/\",\"https:\/\/www.youtube.com\/@Sodablastsystems\"]}]}<\/script>\n<!-- \/ Yoast SEO Premium plugin. -->","yoast_head_json":{"title":"Soodapuhallus videot kooste - SodaBlast Systems","description":"Katso kooste soodapuhallusvideoistamme osoitteessa SodaBlast Systems Europe. Tutustu tosiel\u00e4m\u00e4n sovelluksiin, joissa esitell\u00e4\u00e4n maalin ja ruosteen poistoa, pintojen kunnostusta ja ymp\u00e4rist\u00f6yst\u00e4v\u00e4llisi\u00e4 puhdistusratkaisuja.","robots":{"index":"index","follow":"follow","max-snippet":"max-snippet:-1","max-image-preview":"max-image-preview:large","max-video-preview":"max-video-preview:-1"},"canonical":"https:\/\/sodablastsystems-europe.com\/fi\/30-minuutin-siivous-kooste\/","og_locale":"fi_FI","og_type":"article","og_title":"Soodapuhallus videot kooste - SodaBlast Systems","og_description":"Katso kooste soodapuhallusvideoistamme osoitteessa SodaBlast Systems Europe. Tutustu tosiel\u00e4m\u00e4n sovelluksiin, joissa esitell\u00e4\u00e4n maalin ja ruosteen poistoa, pintojen kunnostusta ja ymp\u00e4rist\u00f6yst\u00e4v\u00e4llisi\u00e4 puhdistusratkaisuja.","og_url":"https:\/\/sodablastsystems-europe.com\/fi\/30-minuutin-siivous-kooste\/","og_site_name":"SodaBlast Systems","article_publisher":"https:\/\/www.facebook.com\/sodablastsystems\/","article_modified_time":"2026-01-08T09:56:16+00:00","og_image":[{"url":"https:\/\/sodablastsystems-europe.com\/wp-content\/uploads\/2024\/01\/img_6871.jpeg"}],"twitter_card":"summary_large_image","twitter_title":"Soodapuhallus videot kooste - SodaBlast Systems","twitter_description":"Katso kooste soodapuhallusvideoistamme osoitteessa SodaBlast Systems Europe. Tutustu tosiel\u00e4m\u00e4n sovelluksiin, joissa esitell\u00e4\u00e4n maalin ja ruosteen poistoa, pintojen kunnostusta ja ymp\u00e4rist\u00f6yst\u00e4v\u00e4llisi\u00e4 puhdistusratkaisuja.","schema":{"@context":"https:\/\/schema.org","@graph":[{"@type":"WebPage","@id":"https:\/\/sodablastsystems-europe.com\/fi\/30-minuutin-siivous-kooste\/","url":"https:\/\/sodablastsystems-europe.com\/fi\/30-minuutin-siivous-kooste\/","name":"Soodapuhallus videot kooste - SodaBlast Systems","isPartOf":{"@id":"https:\/\/sodablastsystems-europe.com\/fi\/#website"},"datePublished":"2023-08-27T08:07:29+00:00","dateModified":"2026-01-08T09:56:16+00:00","description":"Katso kooste soodapuhallusvideoistamme osoitteessa SodaBlast Systems Europe. Tutustu tosiel\u00e4m\u00e4n sovelluksiin, joissa esitell\u00e4\u00e4n maalin ja ruosteen poistoa, pintojen kunnostusta ja ymp\u00e4rist\u00f6yst\u00e4v\u00e4llisi\u00e4 puhdistusratkaisuja.","breadcrumb":{"@id":"https:\/\/sodablastsystems-europe.com\/fi\/30-minuutin-siivous-kooste\/#breadcrumb"},"inLanguage":"fi","potentialAction":[{"@type":"ReadAction","target":["https:\/\/sodablastsystems-europe.com\/fi\/30-minuutin-siivous-kooste\/"]}]},{"@type":"BreadcrumbList","@id":"https:\/\/sodablastsystems-europe.com\/fi\/30-minuutin-siivous-kooste\/#breadcrumb","itemListElement":[{"@type":"ListItem","position":1,"name":"Strona g\u0142\u00f3wna","item":"https:\/\/sodablastsystems-europe.com\/fi\/"},{"@type":"ListItem","position":2,"name":"Videot"}]},{"@type":"WebSite","@id":"https:\/\/sodablastsystems-europe.com\/fi\/#website","url":"https:\/\/sodablastsystems-europe.com\/fi\/","name":"SodaBlast Systems Europe","description":"SodaBlasting Machines from USA. Innovative Technology For Your Business.","publisher":{"@id":"https:\/\/sodablastsystems-europe.com\/fi\/#organization"},"potentialAction":[{"@type":"SearchAction","target":{"@type":"EntryPoint","urlTemplate":"https:\/\/sodablastsystems-europe.com\/fi\/?s={search_term_string}"},"query-input":"required name=search_term_string"}],"inLanguage":"fi"},{"@type":"Organization","@id":"https:\/\/sodablastsystems-europe.com\/fi\/#organization","name":"SodaBlast Systems Europe","url":"https:\/\/sodablastsystems-europe.com\/fi\/","logo":{"@type":"ImageObject","inLanguage":"fi","@id":"https:\/\/sodablastsystems-europe.com\/fi\/#\/schema\/logo\/image\/","url":"https:\/\/sodablastsystems-europe.com\/wp-content\/uploads\/2023\/08\/logo-sodablastsystems-usa-1.png","contentUrl":"https:\/\/sodablastsystems-europe.com\/wp-content\/uploads\/2023\/08\/logo-sodablastsystems-usa-1.png","width":200,"height":200,"caption":"SodaBlast Systems Europe"},"image":{"@id":"https:\/\/sodablastsystems-europe.com\/fi\/#\/schema\/logo\/image\/"},"sameAs":["https:\/\/www.facebook.com\/sodablastsystems\/","https:\/\/www.tiktok.com\/@sodablast.systems","https:\/\/www.instagram.com\/sodablastsystems_europe\/","https:\/\/www.youtube.com\/@Sodablastsystems"]}]}},"_links":{"self":[{"href":"https:\/\/sodablastsystems-europe.com\/fi\/wp-json\/wp\/v2\/pages\/1464","targetHints":{"allow":["GET"]}}],"collection":[{"href":"https:\/\/sodablastsystems-europe.com\/fi\/wp-json\/wp\/v2\/pages"}],"about":[{"href":"https:\/\/sodablastsystems-europe.com\/fi\/wp-json\/wp\/v2\/types\/page"}],"author":[{"embeddable":true,"href":"https:\/\/sodablastsystems-europe.com\/fi\/wp-json\/wp\/v2\/users\/1"}],"replies":[{"embeddable":true,"href":"https:\/\/sodablastsystems-europe.com\/fi\/wp-json\/wp\/v2\/comments?post=1464"}],"version-history":[{"count":3,"href":"https:\/\/sodablastsystems-europe.com\/fi\/wp-json\/wp\/v2\/pages\/1464\/revisions"}],"predecessor-version":[{"id":6511,"href":"https:\/\/sodablastsystems-europe.com\/fi\/wp-json\/wp\/v2\/pages\/1464\/revisions\/6511"}],"wp:attachment":[{"href":"https:\/\/sodablastsystems-europe.com\/fi\/wp-json\/wp\/v2\/media?parent=1464"}],"curies":[{"name":"wp","href":"https:\/\/api.w.org\/{rel}","templated":true}]}}