{"id":1346,"date":"2023-08-27T08:06:35","date_gmt":"2023-08-27T08:06:35","guid":{"rendered":"https:\/\/sodablastsystems-europe.com\/ennen-ja-jalkeen-vaikutukset\/"},"modified":"2024-11-03T01:16:29","modified_gmt":"2024-11-03T01:16:29","slug":"ennen-ja-jalkeen-vaikutukset","status":"publish","type":"page","link":"https:\/\/sodablastsystems-europe.com\/fi\/ennen-ja-jalkeen-vaikutukset\/","title":{"rendered":"Ennen ja j\u00e4lkeen vaikutukset"},"content":{"rendered":"<p><\/p>\n\n<h2 class=\"wp-block-heading has-x-large-font-size\" id=\"h-amazing-transformation-with-sodablast-systems\">H\u00e4mm\u00e4stytt\u00e4v\u00e4 muodonmuutos SodaBlast-j\u00e4rjestelmien kanssa<\/h2>\n\n<p>Tutustu soodapuhalluksen voimaan ennen ja j\u00e4lkeen -muodonmuutoksissamme. SodaBlast Systems ei ole vain teknologia, vaan my\u00f6s taito palauttaa pinnat alkuper\u00e4iseen loistoonsa. Alla esittelemme gallerian t\u00f6ist\u00e4mme, joissa jokainen kuva kertoo tarinan soodapuhalluskoneidemme tarkkuudesta, hell\u00e4varaisuudesta ja tehokkuudesta.<\/p>\n\n<h3 class=\"wp-block-heading has-large-font-size\">&#8221;Ennen&#8221; &#8211; Siisteyshaaste<\/h3>\n\n<p>Jokainen &#8221;ennen&#8221; kuvasi hetki\u00e4, jolloin pinnat n\u00e4yttiv\u00e4t olevan uudistumisen ulottumattomissa. Ruoste, graffiti, saasteet &#8211; kaikki vikoja, jotka vaativat herkk\u00e4\u00e4 mutta tehokasta k\u00e4sittely\u00e4.<\/p>\n\n<h3 class=\"wp-block-heading has-large-font-size\">&#8221;J\u00e4lkeen&#8221; &#8211; SodaBlast-j\u00e4rjestelm\u00e4n vaikutus<\/h3>\n\n<p>J\u00e4lkivaikutukset osoittavat tuloksia, jotka ylittiv\u00e4t sek\u00e4 meid\u00e4n ett\u00e4 asiakkaidemme odotukset. Ne todistavat natriumbikarbonaatin voimasta, joka palauttaa pintojen alkuper\u00e4isen ilmeen vahingoittamatta niiden rakennetta.<\/p>\n\n<p>Pyyd\u00e4mme sinua selaamaan esimerkkej\u00e4 saavutuksistamme. Jokainen kuva on todiste siit\u00e4, ett\u00e4 mik\u00e4\u00e4n teht\u00e4v\u00e4 ei ole liian vaikea SodaBlast Systemsille.<\/p>\n\n<p>Liu&#8217;uta liukus\u00e4\u00e4dint\u00e4 kuvan p\u00e4\u00e4ll\u00e4 ja n\u00e4e ero:<\/p>\n<p>[bafg id=&#8221;320&#8243;]<\/p>\n<p>[bafg id=&#8221;318&#8243;]<\/p>\n<p>[bafg id=&#8221;322&#8243;]<\/p>\n<p>[bafg id=&#8221;324&#8243;]<\/p>\n<p>[bafg id=&#8221;325&#8243;]<\/p>\n<p>[bafg id=&#8221;326&#8243;]<\/p>\n<p>[bafg id=&#8221;328&#8243;]<\/p>\n<p>[bafg id=&#8221;329&#8243;]<\/p>\n<p>[bafg id=&#8221;330&#8243;]<\/p>\n<p>[bafg id=&#8221;331&#8243;]<\/p>\n<p>[bafg id=&#8221;332&#8243;]<\/p>\n<p>[bafg id=&#8221;334&#8243;]<\/p>\n<p>[bafg id=&#8221;335&#8243;]<\/p>\n<p>[bafg id=&#8221;337&#8243;]<\/p>\n<p>[bafg id=&#8221;338&#8243;]<\/p>\n<p>[bafg id=&#8221;339&#8243;]<\/p>\n<p>[bafg id=&#8221;340&#8243;]<\/p>\n<p>[bafg id=&#8221;341&#8243;]<\/p>\n<p>[bafg id=&#8221;342&#8243;]<\/p>\n<p>[bafg id=&#8221;343&#8243;]<\/p>\n<p>[bafg id=&#8221;345&#8243;]<\/p>\n<p>[bafg id=&#8221;346&#8243;]<\/p>\n<p>[bafg id=&#8221;347&#8243;]<\/p>\n<p>[bafg id=&#8221;348&#8243;]<\/p>\n<p>[bafg id=&#8221;349&#8243;]<\/p>\n<p>[bafg id=&#8221;350&#8243;]<\/p>\n<p>[bafg id=&#8221;351&#8243;]<\/p>\n<p>[bafg id=&#8221;352&#8243;]<\/p>\n<p>[bafg id=&#8221;353&#8243;]<\/p>\n<p>[bafg id=&#8221;354&#8243;]<\/p>\n<p>[bafg id=&#8221;355&#8243;]<\/p>\n<p>[bafg id=&#8221;356&#8243;]<\/p>\n<p>[bafg id=&#8221;357&#8243;]<\/p>\n<p>[bafg id=&#8221;358&#8243;]<\/p>\n<p>[bafg id=&#8221;359&#8243;]<\/p>\n<p>[bafg id=&#8221;360&#8243;]<\/p>\n<p>[bafg id=&#8221;361&#8243;]<\/p>","protected":false},"excerpt":{"rendered":"<p>H\u00e4mm\u00e4stytt\u00e4v\u00e4 muodonmuutos SodaBlast-j\u00e4rjestelmien kanssa Tutustu soodapuhalluksen voimaan ennen ja j\u00e4lkeen -muodonmuutoksissamme. SodaBlast Systems ei ole vain teknologia, vaan my\u00f6s taito palauttaa pinnat alkuper\u00e4iseen loistoonsa. Alla esittelemme gallerian t\u00f6ist\u00e4mme, joissa jokainen kuva kertoo tarinan soodapuhalluskoneidemme tarkkuudesta, hell\u00e4varaisuudesta ja tehokkuudesta. &#8221;Ennen&#8221; &#8211; Siisteyshaaste Jokainen &#8221;ennen&#8221; kuvasi hetki\u00e4, jolloin pinnat n\u00e4yttiv\u00e4t olevan uudistumisen ulottumattomissa. Ruoste, graffiti, saasteet &#8211; [&hellip;]<\/p>","protected":false},"author":1,"featured_media":0,"parent":0,"menu_order":0,"comment_status":"closed","ping_status":"closed","template":"","meta":{"footnotes":""},"class_list":["post-1346","page","type-page","status-publish","hentry"],"yoast_head":"<!-- This site is optimized with the Yoast SEO Premium plugin v21.5 (Yoast SEO v21.5) - https:\/\/yoast.com\/wordpress\/plugins\/seo\/ -->\n<title>Ennen ja j\u00e4lkeen soodapuhalluksen vaikutukset - SodaBlast Systems<\/title>\n<meta name=\"description\" content=\"Tutustu soodapuhalluksen mullistavaan voimaan SodaBlast Systems Europen kanssa. Katso ennen ja j\u00e4lkeen -galleriamme, jossa esitell\u00e4\u00e4n tehokasta maalinpoistoa, ruosteenpoistoa ja pintojen kunnostusta eri sovelluksissa.\" \/>\n<meta name=\"robots\" content=\"index, follow, max-snippet:-1, max-image-preview:large, max-video-preview:-1\" \/>\n<link rel=\"canonical\" href=\"https:\/\/sodablastsystems-europe.com\/fi\/ennen-ja-jalkeen-vaikutukset\/\" \/>\n<meta property=\"og:locale\" content=\"fi_FI\" \/>\n<meta property=\"og:type\" content=\"article\" \/>\n<meta property=\"og:title\" content=\"Ennen ja j\u00e4lkeen vaikutukset\" \/>\n<meta property=\"og:description\" content=\"Tutustu soodapuhalluksen mullistavaan voimaan SodaBlast Systems Europen kanssa. Katso ennen ja j\u00e4lkeen -galleriamme, jossa esitell\u00e4\u00e4n tehokasta maalinpoistoa, ruosteenpoistoa ja pintojen kunnostusta eri sovelluksissa.\" \/>\n<meta property=\"og:url\" content=\"https:\/\/sodablastsystems-europe.com\/fi\/ennen-ja-jalkeen-vaikutukset\/\" \/>\n<meta property=\"og:site_name\" content=\"SodaBlast Systems\" \/>\n<meta property=\"article:publisher\" content=\"https:\/\/www.facebook.com\/sodablastsystems\/\" \/>\n<meta property=\"article:modified_time\" content=\"2024-11-03T01:16:29+00:00\" \/>\n<meta property=\"og:image\" content=\"https:\/\/sodablastsystems-europe.com\/wp-content\/uploads\/2023\/08\/logo-sodablastsystems-usa-1.png\" \/>\n\t<meta property=\"og:image:width\" content=\"200\" \/>\n\t<meta property=\"og:image:height\" content=\"200\" \/>\n\t<meta property=\"og:image:type\" content=\"image\/png\" \/>\n<meta name=\"twitter:card\" content=\"summary_large_image\" \/>\n<meta name=\"twitter:label1\" content=\"Arvioitu lukuaika\" \/>\n\t<meta name=\"twitter:data1\" content=\"1 minuutti\" \/>\n<script type=\"application\/ld+json\" class=\"yoast-schema-graph\">{\"@context\":\"https:\/\/schema.org\",\"@graph\":[{\"@type\":\"WebPage\",\"@id\":\"https:\/\/sodablastsystems-europe.com\/fi\/ennen-ja-jalkeen-vaikutukset\/\",\"url\":\"https:\/\/sodablastsystems-europe.com\/fi\/ennen-ja-jalkeen-vaikutukset\/\",\"name\":\"Ennen ja j\u00e4lkeen soodapuhalluksen vaikutukset - SodaBlast Systems\",\"isPartOf\":{\"@id\":\"https:\/\/sodablastsystems-europe.com\/fi\/#website\"},\"datePublished\":\"2023-08-27T08:06:35+00:00\",\"dateModified\":\"2024-11-03T01:16:29+00:00\",\"description\":\"Tutustu soodapuhalluksen mullistavaan voimaan SodaBlast Systems Europen kanssa. Katso ennen ja j\u00e4lkeen -galleriamme, jossa esitell\u00e4\u00e4n tehokasta maalinpoistoa, ruosteenpoistoa ja pintojen kunnostusta eri sovelluksissa.\",\"breadcrumb\":{\"@id\":\"https:\/\/sodablastsystems-europe.com\/fi\/ennen-ja-jalkeen-vaikutukset\/#breadcrumb\"},\"inLanguage\":\"fi\",\"potentialAction\":[{\"@type\":\"ReadAction\",\"target\":[\"https:\/\/sodablastsystems-europe.com\/fi\/ennen-ja-jalkeen-vaikutukset\/\"]}]},{\"@type\":\"BreadcrumbList\",\"@id\":\"https:\/\/sodablastsystems-europe.com\/fi\/ennen-ja-jalkeen-vaikutukset\/#breadcrumb\",\"itemListElement\":[{\"@type\":\"ListItem\",\"position\":1,\"name\":\"Strona g\u0142\u00f3wna\",\"item\":\"https:\/\/sodablastsystems-europe.com\/fi\/\"},{\"@type\":\"ListItem\",\"position\":2,\"name\":\"Ennen ja j\u00e4lkeen vaikutukset\"}]},{\"@type\":\"WebSite\",\"@id\":\"https:\/\/sodablastsystems-europe.com\/fi\/#website\",\"url\":\"https:\/\/sodablastsystems-europe.com\/fi\/\",\"name\":\"SodaBlast Systems Europe\",\"description\":\"SodaBlasting Machines from USA. Innovative Technology For Your Business.\",\"publisher\":{\"@id\":\"https:\/\/sodablastsystems-europe.com\/fi\/#organization\"},\"potentialAction\":[{\"@type\":\"SearchAction\",\"target\":{\"@type\":\"EntryPoint\",\"urlTemplate\":\"https:\/\/sodablastsystems-europe.com\/fi\/?s={search_term_string}\"},\"query-input\":\"required name=search_term_string\"}],\"inLanguage\":\"fi\"},{\"@type\":\"Organization\",\"@id\":\"https:\/\/sodablastsystems-europe.com\/fi\/#organization\",\"name\":\"SodaBlast Systems Europe\",\"url\":\"https:\/\/sodablastsystems-europe.com\/fi\/\",\"logo\":{\"@type\":\"ImageObject\",\"inLanguage\":\"fi\",\"@id\":\"https:\/\/sodablastsystems-europe.com\/fi\/#\/schema\/logo\/image\/\",\"url\":\"https:\/\/sodablastsystems-europe.com\/wp-content\/uploads\/2023\/08\/logo-sodablastsystems-usa-1.png\",\"contentUrl\":\"https:\/\/sodablastsystems-europe.com\/wp-content\/uploads\/2023\/08\/logo-sodablastsystems-usa-1.png\",\"width\":200,\"height\":200,\"caption\":\"SodaBlast Systems Europe\"},\"image\":{\"@id\":\"https:\/\/sodablastsystems-europe.com\/fi\/#\/schema\/logo\/image\/\"},\"sameAs\":[\"https:\/\/www.facebook.com\/sodablastsystems\/\",\"https:\/\/www.tiktok.com\/@sodablast.systems\",\"https:\/\/www.instagram.com\/sodablastsystems_europe\/\",\"https:\/\/www.youtube.com\/@Sodablastsystems\"]}]}<\/script>\n<!-- \/ Yoast SEO Premium plugin. -->","yoast_head_json":{"title":"Ennen ja j\u00e4lkeen soodapuhalluksen vaikutukset - SodaBlast Systems","description":"Tutustu soodapuhalluksen mullistavaan voimaan SodaBlast Systems Europen kanssa. Katso ennen ja j\u00e4lkeen -galleriamme, jossa esitell\u00e4\u00e4n tehokasta maalinpoistoa, ruosteenpoistoa ja pintojen kunnostusta eri sovelluksissa.","robots":{"index":"index","follow":"follow","max-snippet":"max-snippet:-1","max-image-preview":"max-image-preview:large","max-video-preview":"max-video-preview:-1"},"canonical":"https:\/\/sodablastsystems-europe.com\/fi\/ennen-ja-jalkeen-vaikutukset\/","og_locale":"fi_FI","og_type":"article","og_title":"Ennen ja j\u00e4lkeen vaikutukset","og_description":"Tutustu soodapuhalluksen mullistavaan voimaan SodaBlast Systems Europen kanssa. Katso ennen ja j\u00e4lkeen -galleriamme, jossa esitell\u00e4\u00e4n tehokasta maalinpoistoa, ruosteenpoistoa ja pintojen kunnostusta eri sovelluksissa.","og_url":"https:\/\/sodablastsystems-europe.com\/fi\/ennen-ja-jalkeen-vaikutukset\/","og_site_name":"SodaBlast Systems","article_publisher":"https:\/\/www.facebook.com\/sodablastsystems\/","article_modified_time":"2024-11-03T01:16:29+00:00","og_image":[{"width":200,"height":200,"url":"https:\/\/sodablastsystems-europe.com\/wp-content\/uploads\/2023\/08\/logo-sodablastsystems-usa-1.png","type":"image\/png"}],"twitter_card":"summary_large_image","twitter_misc":{"Arvioitu lukuaika":"1 minuutti"},"schema":{"@context":"https:\/\/schema.org","@graph":[{"@type":"WebPage","@id":"https:\/\/sodablastsystems-europe.com\/fi\/ennen-ja-jalkeen-vaikutukset\/","url":"https:\/\/sodablastsystems-europe.com\/fi\/ennen-ja-jalkeen-vaikutukset\/","name":"Ennen ja j\u00e4lkeen soodapuhalluksen vaikutukset - SodaBlast Systems","isPartOf":{"@id":"https:\/\/sodablastsystems-europe.com\/fi\/#website"},"datePublished":"2023-08-27T08:06:35+00:00","dateModified":"2024-11-03T01:16:29+00:00","description":"Tutustu soodapuhalluksen mullistavaan voimaan SodaBlast Systems Europen kanssa. Katso ennen ja j\u00e4lkeen -galleriamme, jossa esitell\u00e4\u00e4n tehokasta maalinpoistoa, ruosteenpoistoa ja pintojen kunnostusta eri sovelluksissa.","breadcrumb":{"@id":"https:\/\/sodablastsystems-europe.com\/fi\/ennen-ja-jalkeen-vaikutukset\/#breadcrumb"},"inLanguage":"fi","potentialAction":[{"@type":"ReadAction","target":["https:\/\/sodablastsystems-europe.com\/fi\/ennen-ja-jalkeen-vaikutukset\/"]}]},{"@type":"BreadcrumbList","@id":"https:\/\/sodablastsystems-europe.com\/fi\/ennen-ja-jalkeen-vaikutukset\/#breadcrumb","itemListElement":[{"@type":"ListItem","position":1,"name":"Strona g\u0142\u00f3wna","item":"https:\/\/sodablastsystems-europe.com\/fi\/"},{"@type":"ListItem","position":2,"name":"Ennen ja j\u00e4lkeen vaikutukset"}]},{"@type":"WebSite","@id":"https:\/\/sodablastsystems-europe.com\/fi\/#website","url":"https:\/\/sodablastsystems-europe.com\/fi\/","name":"SodaBlast Systems Europe","description":"SodaBlasting Machines from USA. Innovative Technology For Your Business.","publisher":{"@id":"https:\/\/sodablastsystems-europe.com\/fi\/#organization"},"potentialAction":[{"@type":"SearchAction","target":{"@type":"EntryPoint","urlTemplate":"https:\/\/sodablastsystems-europe.com\/fi\/?s={search_term_string}"},"query-input":"required name=search_term_string"}],"inLanguage":"fi"},{"@type":"Organization","@id":"https:\/\/sodablastsystems-europe.com\/fi\/#organization","name":"SodaBlast Systems Europe","url":"https:\/\/sodablastsystems-europe.com\/fi\/","logo":{"@type":"ImageObject","inLanguage":"fi","@id":"https:\/\/sodablastsystems-europe.com\/fi\/#\/schema\/logo\/image\/","url":"https:\/\/sodablastsystems-europe.com\/wp-content\/uploads\/2023\/08\/logo-sodablastsystems-usa-1.png","contentUrl":"https:\/\/sodablastsystems-europe.com\/wp-content\/uploads\/2023\/08\/logo-sodablastsystems-usa-1.png","width":200,"height":200,"caption":"SodaBlast Systems Europe"},"image":{"@id":"https:\/\/sodablastsystems-europe.com\/fi\/#\/schema\/logo\/image\/"},"sameAs":["https:\/\/www.facebook.com\/sodablastsystems\/","https:\/\/www.tiktok.com\/@sodablast.systems","https:\/\/www.instagram.com\/sodablastsystems_europe\/","https:\/\/www.youtube.com\/@Sodablastsystems"]}]}},"_links":{"self":[{"href":"https:\/\/sodablastsystems-europe.com\/fi\/wp-json\/wp\/v2\/pages\/1346","targetHints":{"allow":["GET"]}}],"collection":[{"href":"https:\/\/sodablastsystems-europe.com\/fi\/wp-json\/wp\/v2\/pages"}],"about":[{"href":"https:\/\/sodablastsystems-europe.com\/fi\/wp-json\/wp\/v2\/types\/page"}],"author":[{"embeddable":true,"href":"https:\/\/sodablastsystems-europe.com\/fi\/wp-json\/wp\/v2\/users\/1"}],"replies":[{"embeddable":true,"href":"https:\/\/sodablastsystems-europe.com\/fi\/wp-json\/wp\/v2\/comments?post=1346"}],"version-history":[{"count":1,"href":"https:\/\/sodablastsystems-europe.com\/fi\/wp-json\/wp\/v2\/pages\/1346\/revisions"}],"predecessor-version":[{"id":1355,"href":"https:\/\/sodablastsystems-europe.com\/fi\/wp-json\/wp\/v2\/pages\/1346\/revisions\/1355"}],"wp:attachment":[{"href":"https:\/\/sodablastsystems-europe.com\/fi\/wp-json\/wp\/v2\/media?parent=1346"}],"curies":[{"name":"wp","href":"https:\/\/api.w.org\/{rel}","templated":true}]}}