{"id":6143,"date":"2025-02-17T14:24:04","date_gmt":"2025-02-17T14:24:04","guid":{"rendered":"https:\/\/sodablastsystems-europe.com\/dpf-iga-sb-500-trailer-spetsifikatsioon\/"},"modified":"2025-02-17T14:26:41","modified_gmt":"2025-02-17T14:26:41","slug":"dpf-iga-sb-500-trailer-spetsifikatsioon","status":"publish","type":"page","link":"https:\/\/sodablastsystems-europe.com\/et\/dpf-iga-sb-500-trailer-spetsifikatsioon\/","title":{"rendered":"DPF-iga &#8220;SB-500 Trailer&#8221; spetsifikatsioon"},"content":{"rendered":"<p><strong>T\u00e4ielik, kolmekomponentne, transporditav ja kasutusvalmis komplekt:<\/strong><\/p>\n\n<p><strong>SodaBlaster&#8217;i l\u00f5hkamisosa:<\/strong><\/p>\n\n<ul class=\"wp-block-list\">\n<li>SB-500 blaster tank<\/li>\n\n\n\n<li>1-sekundiline isetihenduv punkriklaasi luuk<\/li>\n\n\n\n<li>\u00d5hur\u00f5hu regulaator<\/li>\n\n\n\n<li>Abrasiivainete koguse regulaator<\/li>\n\n\n\n<li>Elektriline kaugjuhtimispult 15m kaabliga<\/li>\n\n\n\n<li>Puhta \u00f5hu \u00fchendus lisat\u00f6\u00f6riistade jaoks<\/li>\n\n\n\n<li>340o p\u00f6\u00f6rlev puhurivooliku v\u00e4ljalaskeava<\/li>\n\n\n\n<li>\u00d5hu v\u00e4ljalaske summuti l\u00f5hkeseadme paagist<\/li>\n<\/ul>\n\n<p><strong>Blaster jahutuss\u00fcsteem:<\/strong><\/p>\n\n<ul class=\"wp-block-list\">\n<li>MT-3 Iseseisev \u00f5hukuivati<\/li>\n\n\n\n<li>CF-125 Ts\u00fcklon \u00f5hufilter<\/li>\n\n\n\n<li>10bar r\u00f5hu jahuti<\/li>\n\n\n\n<li>Kiire ventilaator<\/li>\n<\/ul>\n\n<p><strong>Kruvi \u00f5hukompressor:<\/strong><\/p>\n\n<ul class=\"wp-block-list\">\n<li>Kubota neljasilindriline turbomootor<\/li>\n\n\n\n<li>33kW mootoriv\u00f5imsus<\/li>\n\n\n\n<li>1,498-liitrine mootori t\u00f6\u00f6maht<\/li>\n\n\n\n<li>12V elektripaigaldis<\/li>\n\n\n\n<li>45-liitrine k\u00fctusepaak<\/li>\n\n\n\n<li>LCD-ekraan<\/li>\n\n\n\n<li>STOP avariil\u00fcliti<\/li>\n\n\n\n<li>Seestpoolt helikindla korpuse kompressor<\/li>\n\n\n\n<li>Korrosioonikaitse k\u00f5rge \u00f5huniiskuse C3 keskkonnas<\/li>\n\n\n\n<li>Kompressori \u00f5hu v\u00e4ljalaskesummuti<\/li>\n\n\n\n<li>Vastab ELi STAGE V standardile sisep\u00f5lemismootorite puhul.<\/li>\n\n\n\n<li>Vastab m\u00fcranormile 2000\/14\/E\u00dc.<\/li>\n<\/ul>\n\n<p><strong>Maantee \u0161assii:<\/strong><\/p>\n\n<ul class=\"wp-block-list\">\n<li>Erihaagise Euroopa homologatsioon<\/li>\n\n\n\n<li>CNC valmistatud konstruktsioon<\/li>\n\n\n\n<li>AL-KO \u0161assii komponendid<\/li>\n\n\n\n<li>2 telge = 4 ratast, M+S 13C rehvid<\/li>\n\n\n\n<li>\u00dclek\u00e4igurada, h\u00e4dapidur ja seisupidur<\/li>\n\n\n\n<li>Pukseerimiskonks koos haakeseadise ja kulumisindikaatoriga<\/li>\n\n\n\n<li>4 reguleeritavat \u0161assii nivelleerimistuge<\/li>\n\n\n\n<li>T\u00e4issuuruses varuratas<\/li>\n\n\n\n<li>13-poolne teevalgustuse elektripaigaldis<\/li>\n<\/ul>\n\n<p><strong>Kaasasolevad tarvikud &#8211; p\u00f5hipakett:<\/strong><\/p>\n\n<ul class=\"wp-block-list\">\n<li>HV-5 \u00fcmmargune otsik (8mm)<\/li>\n\n\n\n<li>Veeadapter pihusti jaoks<\/li>\n\n\n\n<li>Lehter abrasiivainete valamiseks<\/li>\n\n\n\n<li>15m juhtkaabel<\/li>\n\n\n\n<li>15m veevoolik<\/li>\n\n\n\n<li>L\u00f5hkevoolik 15m<\/li>\n<\/ul>","protected":false},"excerpt":{"rendered":"<p>T\u00e4ielik, kolmekomponentne, transporditav ja kasutusvalmis komplekt: SodaBlaster&#8217;i l\u00f5hkamisosa: Blaster jahutuss\u00fcsteem: Kruvi \u00f5hukompressor: Maantee \u0161assii: Kaasasolevad tarvikud &#8211; p\u00f5hipakett:<\/p>","protected":false},"author":1,"featured_media":0,"parent":0,"menu_order":0,"comment_status":"closed","ping_status":"closed","template":"","meta":{"footnotes":""},"class_list":["post-6143","page","type-page","status-publish","hentry"],"yoast_head":"<!-- This site is optimized with the Yoast SEO Premium plugin v21.5 (Yoast SEO v21.5) - https:\/\/yoast.com\/wordpress\/plugins\/seo\/ -->\n<title>DPF-iga &quot;SB-500 Trailer&quot; spetsifikatsioon - SodaBlast Systems<\/title>\n<meta name=\"robots\" content=\"index, follow, max-snippet:-1, max-image-preview:large, max-video-preview:-1\" \/>\n<link rel=\"canonical\" href=\"https:\/\/sodablastsystems-europe.com\/et\/dpf-iga-sb-500-trailer-spetsifikatsioon\/\" \/>\n<meta property=\"og:locale\" content=\"et_EE\" \/>\n<meta property=\"og:type\" content=\"article\" \/>\n<meta property=\"og:title\" content=\"DPF-iga &quot;SB-500 Trailer&quot; spetsifikatsioon\" \/>\n<meta property=\"og:description\" content=\"T\u00e4ielik, kolmekomponentne, transporditav ja kasutusvalmis komplekt: SodaBlaster&#8217;i l\u00f5hkamisosa: Blaster jahutuss\u00fcsteem: Kruvi \u00f5hukompressor: Maantee \u0161assii: Kaasasolevad tarvikud &#8211; p\u00f5hipakett:\" \/>\n<meta property=\"og:url\" content=\"https:\/\/sodablastsystems-europe.com\/et\/dpf-iga-sb-500-trailer-spetsifikatsioon\/\" \/>\n<meta property=\"og:site_name\" content=\"SodaBlast Systems\" \/>\n<meta property=\"article:publisher\" content=\"https:\/\/www.facebook.com\/sodablastsystems\/\" \/>\n<meta property=\"article:modified_time\" content=\"2025-02-17T14:26:41+00:00\" \/>\n<meta property=\"og:image\" content=\"https:\/\/sodablastsystems-europe.com\/wp-content\/uploads\/2023\/08\/logo-sodablastsystems-usa-1.png\" \/>\n\t<meta property=\"og:image:width\" content=\"200\" \/>\n\t<meta property=\"og:image:height\" content=\"200\" \/>\n\t<meta property=\"og:image:type\" content=\"image\/png\" \/>\n<meta name=\"twitter:card\" content=\"summary_large_image\" \/>\n<meta name=\"twitter:label1\" content=\"Est. reading time\" \/>\n\t<meta name=\"twitter:data1\" content=\"1 minut\" \/>\n<script type=\"application\/ld+json\" class=\"yoast-schema-graph\">{\"@context\":\"https:\/\/schema.org\",\"@graph\":[{\"@type\":\"WebPage\",\"@id\":\"https:\/\/sodablastsystems-europe.com\/et\/dpf-iga-sb-500-trailer-spetsifikatsioon\/\",\"url\":\"https:\/\/sodablastsystems-europe.com\/et\/dpf-iga-sb-500-trailer-spetsifikatsioon\/\",\"name\":\"DPF-iga \\\"SB-500 Trailer\\\" spetsifikatsioon - SodaBlast Systems\",\"isPartOf\":{\"@id\":\"https:\/\/sodablastsystems-europe.com\/et\/#website\"},\"datePublished\":\"2025-02-17T14:24:04+00:00\",\"dateModified\":\"2025-02-17T14:26:41+00:00\",\"breadcrumb\":{\"@id\":\"https:\/\/sodablastsystems-europe.com\/et\/dpf-iga-sb-500-trailer-spetsifikatsioon\/#breadcrumb\"},\"inLanguage\":\"et\",\"potentialAction\":[{\"@type\":\"ReadAction\",\"target\":[\"https:\/\/sodablastsystems-europe.com\/et\/dpf-iga-sb-500-trailer-spetsifikatsioon\/\"]}]},{\"@type\":\"BreadcrumbList\",\"@id\":\"https:\/\/sodablastsystems-europe.com\/et\/dpf-iga-sb-500-trailer-spetsifikatsioon\/#breadcrumb\",\"itemListElement\":[{\"@type\":\"ListItem\",\"position\":1,\"name\":\"Strona g\u0142\u00f3wna\",\"item\":\"https:\/\/sodablastsystems-europe.com\/et\/\"},{\"@type\":\"ListItem\",\"position\":2,\"name\":\"DPF-iga \u00ab\u00a0SB-500 Trailer\u00a0\u00bb spetsifikatsioon\"}]},{\"@type\":\"WebSite\",\"@id\":\"https:\/\/sodablastsystems-europe.com\/et\/#website\",\"url\":\"https:\/\/sodablastsystems-europe.com\/et\/\",\"name\":\"SodaBlast Systems Europe\",\"description\":\"SodaBlasting Machines from USA. Innovative Technology For Your Business.\",\"publisher\":{\"@id\":\"https:\/\/sodablastsystems-europe.com\/et\/#organization\"},\"potentialAction\":[{\"@type\":\"SearchAction\",\"target\":{\"@type\":\"EntryPoint\",\"urlTemplate\":\"https:\/\/sodablastsystems-europe.com\/et\/?s={search_term_string}\"},\"query-input\":\"required name=search_term_string\"}],\"inLanguage\":\"et\"},{\"@type\":\"Organization\",\"@id\":\"https:\/\/sodablastsystems-europe.com\/et\/#organization\",\"name\":\"SodaBlast Systems Europe\",\"url\":\"https:\/\/sodablastsystems-europe.com\/et\/\",\"logo\":{\"@type\":\"ImageObject\",\"inLanguage\":\"et\",\"@id\":\"https:\/\/sodablastsystems-europe.com\/et\/#\/schema\/logo\/image\/\",\"url\":\"https:\/\/sodablastsystems-europe.com\/wp-content\/uploads\/2023\/08\/logo-sodablastsystems-usa-1.png\",\"contentUrl\":\"https:\/\/sodablastsystems-europe.com\/wp-content\/uploads\/2023\/08\/logo-sodablastsystems-usa-1.png\",\"width\":200,\"height\":200,\"caption\":\"SodaBlast Systems Europe\"},\"image\":{\"@id\":\"https:\/\/sodablastsystems-europe.com\/et\/#\/schema\/logo\/image\/\"},\"sameAs\":[\"https:\/\/www.facebook.com\/sodablastsystems\/\",\"https:\/\/www.tiktok.com\/@sodablast.systems\",\"https:\/\/www.instagram.com\/sodablastsystems_europe\/\",\"https:\/\/www.youtube.com\/@Sodablastsystems\"]}]}<\/script>\n<!-- \/ Yoast SEO Premium plugin. -->","yoast_head_json":{"title":"DPF-iga \"SB-500 Trailer\" spetsifikatsioon - SodaBlast Systems","robots":{"index":"index","follow":"follow","max-snippet":"max-snippet:-1","max-image-preview":"max-image-preview:large","max-video-preview":"max-video-preview:-1"},"canonical":"https:\/\/sodablastsystems-europe.com\/et\/dpf-iga-sb-500-trailer-spetsifikatsioon\/","og_locale":"et_EE","og_type":"article","og_title":"DPF-iga \"SB-500 Trailer\" spetsifikatsioon","og_description":"T\u00e4ielik, kolmekomponentne, transporditav ja kasutusvalmis komplekt: SodaBlaster&#8217;i l\u00f5hkamisosa: Blaster jahutuss\u00fcsteem: Kruvi \u00f5hukompressor: Maantee \u0161assii: Kaasasolevad tarvikud &#8211; p\u00f5hipakett:","og_url":"https:\/\/sodablastsystems-europe.com\/et\/dpf-iga-sb-500-trailer-spetsifikatsioon\/","og_site_name":"SodaBlast Systems","article_publisher":"https:\/\/www.facebook.com\/sodablastsystems\/","article_modified_time":"2025-02-17T14:26:41+00:00","og_image":[{"width":200,"height":200,"url":"https:\/\/sodablastsystems-europe.com\/wp-content\/uploads\/2023\/08\/logo-sodablastsystems-usa-1.png","type":"image\/png"}],"twitter_card":"summary_large_image","twitter_misc":{"Est. reading time":"1 minut"},"schema":{"@context":"https:\/\/schema.org","@graph":[{"@type":"WebPage","@id":"https:\/\/sodablastsystems-europe.com\/et\/dpf-iga-sb-500-trailer-spetsifikatsioon\/","url":"https:\/\/sodablastsystems-europe.com\/et\/dpf-iga-sb-500-trailer-spetsifikatsioon\/","name":"DPF-iga \"SB-500 Trailer\" spetsifikatsioon - SodaBlast Systems","isPartOf":{"@id":"https:\/\/sodablastsystems-europe.com\/et\/#website"},"datePublished":"2025-02-17T14:24:04+00:00","dateModified":"2025-02-17T14:26:41+00:00","breadcrumb":{"@id":"https:\/\/sodablastsystems-europe.com\/et\/dpf-iga-sb-500-trailer-spetsifikatsioon\/#breadcrumb"},"inLanguage":"et","potentialAction":[{"@type":"ReadAction","target":["https:\/\/sodablastsystems-europe.com\/et\/dpf-iga-sb-500-trailer-spetsifikatsioon\/"]}]},{"@type":"BreadcrumbList","@id":"https:\/\/sodablastsystems-europe.com\/et\/dpf-iga-sb-500-trailer-spetsifikatsioon\/#breadcrumb","itemListElement":[{"@type":"ListItem","position":1,"name":"Strona g\u0142\u00f3wna","item":"https:\/\/sodablastsystems-europe.com\/et\/"},{"@type":"ListItem","position":2,"name":"DPF-iga \u00ab\u00a0SB-500 Trailer\u00a0\u00bb spetsifikatsioon"}]},{"@type":"WebSite","@id":"https:\/\/sodablastsystems-europe.com\/et\/#website","url":"https:\/\/sodablastsystems-europe.com\/et\/","name":"SodaBlast Systems Europe","description":"SodaBlasting Machines from USA. Innovative Technology For Your Business.","publisher":{"@id":"https:\/\/sodablastsystems-europe.com\/et\/#organization"},"potentialAction":[{"@type":"SearchAction","target":{"@type":"EntryPoint","urlTemplate":"https:\/\/sodablastsystems-europe.com\/et\/?s={search_term_string}"},"query-input":"required name=search_term_string"}],"inLanguage":"et"},{"@type":"Organization","@id":"https:\/\/sodablastsystems-europe.com\/et\/#organization","name":"SodaBlast Systems Europe","url":"https:\/\/sodablastsystems-europe.com\/et\/","logo":{"@type":"ImageObject","inLanguage":"et","@id":"https:\/\/sodablastsystems-europe.com\/et\/#\/schema\/logo\/image\/","url":"https:\/\/sodablastsystems-europe.com\/wp-content\/uploads\/2023\/08\/logo-sodablastsystems-usa-1.png","contentUrl":"https:\/\/sodablastsystems-europe.com\/wp-content\/uploads\/2023\/08\/logo-sodablastsystems-usa-1.png","width":200,"height":200,"caption":"SodaBlast Systems Europe"},"image":{"@id":"https:\/\/sodablastsystems-europe.com\/et\/#\/schema\/logo\/image\/"},"sameAs":["https:\/\/www.facebook.com\/sodablastsystems\/","https:\/\/www.tiktok.com\/@sodablast.systems","https:\/\/www.instagram.com\/sodablastsystems_europe\/","https:\/\/www.youtube.com\/@Sodablastsystems"]}]}},"_links":{"self":[{"href":"https:\/\/sodablastsystems-europe.com\/et\/wp-json\/wp\/v2\/pages\/6143","targetHints":{"allow":["GET"]}}],"collection":[{"href":"https:\/\/sodablastsystems-europe.com\/et\/wp-json\/wp\/v2\/pages"}],"about":[{"href":"https:\/\/sodablastsystems-europe.com\/et\/wp-json\/wp\/v2\/types\/page"}],"author":[{"embeddable":true,"href":"https:\/\/sodablastsystems-europe.com\/et\/wp-json\/wp\/v2\/users\/1"}],"replies":[{"embeddable":true,"href":"https:\/\/sodablastsystems-europe.com\/et\/wp-json\/wp\/v2\/comments?post=6143"}],"version-history":[{"count":1,"href":"https:\/\/sodablastsystems-europe.com\/et\/wp-json\/wp\/v2\/pages\/6143\/revisions"}],"predecessor-version":[{"id":6144,"href":"https:\/\/sodablastsystems-europe.com\/et\/wp-json\/wp\/v2\/pages\/6143\/revisions\/6144"}],"wp:attachment":[{"href":"https:\/\/sodablastsystems-europe.com\/et\/wp-json\/wp\/v2\/media?parent=6143"}],"curies":[{"name":"wp","href":"https:\/\/api.w.org\/{rel}","templated":true}]}}