{"id":1445,"date":"2023-08-27T08:07:29","date_gmt":"2023-08-27T08:07:29","guid":{"rendered":"https:\/\/sodablastsystems-europe.com\/30-minutiline-puhastuskoostis\/"},"modified":"2026-01-08T09:56:16","modified_gmt":"2026-01-08T09:56:16","slug":"30-minutiline-puhastuskoostis","status":"publish","type":"page","link":"https:\/\/sodablastsystems-europe.com\/et\/30-minutiline-puhastuskoostis\/","title":{"rendered":"Videod"},"content":{"rendered":"<h1 class=\"wp-block-heading\" id=\"h-30-minute-cleaning-compilation\">30-minutiline puhastuskoostis<\/h1>\n\n<h2 class=\"wp-block-heading has-large-font-size\" id=\"h-authentic-soda-blasting-effects-sodablast-users-in-action\">Autentsed Soda Blasting efektid &#8211; SodaBlast kasutajad in Action<\/h2>\n\n<p>Kutsume teid \u00fcles vaatama autentseid videoid, mida meie kasutajad on saatnud kogu Euroopast. Need videod ei n\u00e4ita mitte ainult SodaBlast Systems masinate t\u00f5husust, vaid n\u00e4itavad ka erinevaid rakendusi ja sooda l\u00f5hkamise tehnikaid. Vaadake, kuidas meie kliendid lahendavad puhastusprobleeme ja milliseid suurep\u00e4raseid tulemusi on v\u00f5imalik saavutada meie lahenduste abil. Iga klipp on t\u00f5eline elamus ja t\u00f5eline muutumine &#8211; renoveeritud pinnad saavad tagasi oma s\u00e4ra ja rahulolu h\u00e4sti tehtud t\u00f6\u00f6st on selgelt n\u00e4htav.<\/p>\n\n<p><strong>Kl\u00f5psake ja vaadake<\/strong>:<\/p>\n\n<lite-vimeo videoid=\"858282701\"><\/lite-vimeo>\n\n<p><\/p>","protected":false},"excerpt":{"rendered":"<p>30-minutiline puhastuskoostis Autentsed Soda Blasting efektid &#8211; SodaBlast kasutajad in Action Kutsume teid \u00fcles vaatama autentseid videoid, mida meie kasutajad on saatnud kogu Euroopast. Need videod ei n\u00e4ita mitte ainult SodaBlast Systems masinate t\u00f5husust, vaid n\u00e4itavad ka erinevaid rakendusi ja sooda l\u00f5hkamise tehnikaid. Vaadake, kuidas meie kliendid lahendavad puhastusprobleeme ja milliseid suurep\u00e4raseid tulemusi on v\u00f5imalik [&hellip;]<\/p>","protected":false},"author":1,"featured_media":0,"parent":0,"menu_order":0,"comment_status":"closed","ping_status":"closed","template":"strona-bez-tytu-u","meta":{"footnotes":""},"class_list":["post-1445","page","type-page","status-publish","hentry"],"yoast_head":"<!-- This site is optimized with the Yoast SEO Premium plugin v21.5 (Yoast SEO v21.5) - https:\/\/yoast.com\/wordpress\/plugins\/seo\/ -->\n<title>Sooda l\u00f5hkamise videote kogumik - SodaBlast Systems<\/title>\n<meta name=\"description\" content=\"Vaadake meie kokkuv\u00f5tet SodaBlast Systems Europe&#039;i sooda l\u00f5hkamise videotest. Avastage reaalseid rakendusi, kus n\u00e4idatakse v\u00e4rvi ja rooste eemaldamist, pindade taastamist ja keskkonnas\u00f5bralikke puhastuslahendusi.\" \/>\n<meta name=\"robots\" content=\"index, follow, max-snippet:-1, max-image-preview:large, max-video-preview:-1\" \/>\n<link rel=\"canonical\" href=\"https:\/\/sodablastsystems-europe.com\/et\/30-minutiline-puhastuskoostis\/\" \/>\n<meta property=\"og:locale\" content=\"et_EE\" \/>\n<meta property=\"og:type\" content=\"article\" \/>\n<meta property=\"og:title\" content=\"Sooda l\u00f5hkamise videote kogumik - SodaBlast Systems\" \/>\n<meta property=\"og:description\" content=\"Vaadake meie kokkuv\u00f5tet SodaBlast Systems Europe&#039;i sooda l\u00f5hkamise videotest. Avastage reaalseid rakendusi, kus n\u00e4idatakse v\u00e4rvi ja rooste eemaldamist, pindade taastamist ja keskkonnas\u00f5bralikke puhastuslahendusi.\" \/>\n<meta property=\"og:url\" content=\"https:\/\/sodablastsystems-europe.com\/et\/30-minutiline-puhastuskoostis\/\" \/>\n<meta property=\"og:site_name\" content=\"SodaBlast Systems\" \/>\n<meta property=\"article:publisher\" content=\"https:\/\/www.facebook.com\/sodablastsystems\/\" \/>\n<meta property=\"article:modified_time\" content=\"2026-01-08T09:56:16+00:00\" \/>\n<meta property=\"og:image\" content=\"https:\/\/sodablastsystems-europe.com\/wp-content\/uploads\/2024\/01\/img_6871.jpeg\" \/>\n<meta name=\"twitter:card\" content=\"summary_large_image\" \/>\n<meta name=\"twitter:title\" content=\"Sooda l\u00f5hkamise videote kogumik - SodaBlast Systems\" \/>\n<meta name=\"twitter:description\" content=\"Vaadake meie kokkuv\u00f5tet SodaBlast Systems Europe&#039;i sooda l\u00f5hkamise videotest. Avastage reaalseid rakendusi, kus n\u00e4idatakse v\u00e4rvi ja rooste eemaldamist, pindade taastamist ja keskkonnas\u00f5bralikke puhastuslahendusi.\" \/>\n<script type=\"application\/ld+json\" class=\"yoast-schema-graph\">{\"@context\":\"https:\/\/schema.org\",\"@graph\":[{\"@type\":\"WebPage\",\"@id\":\"https:\/\/sodablastsystems-europe.com\/et\/30-minutiline-puhastuskoostis\/\",\"url\":\"https:\/\/sodablastsystems-europe.com\/et\/30-minutiline-puhastuskoostis\/\",\"name\":\"Sooda l\u00f5hkamise videote kogumik - SodaBlast Systems\",\"isPartOf\":{\"@id\":\"https:\/\/sodablastsystems-europe.com\/et\/#website\"},\"datePublished\":\"2023-08-27T08:07:29+00:00\",\"dateModified\":\"2026-01-08T09:56:16+00:00\",\"description\":\"Vaadake meie kokkuv\u00f5tet SodaBlast Systems Europe'i sooda l\u00f5hkamise videotest. Avastage reaalseid rakendusi, kus n\u00e4idatakse v\u00e4rvi ja rooste eemaldamist, pindade taastamist ja keskkonnas\u00f5bralikke puhastuslahendusi.\",\"breadcrumb\":{\"@id\":\"https:\/\/sodablastsystems-europe.com\/et\/30-minutiline-puhastuskoostis\/#breadcrumb\"},\"inLanguage\":\"et\",\"potentialAction\":[{\"@type\":\"ReadAction\",\"target\":[\"https:\/\/sodablastsystems-europe.com\/et\/30-minutiline-puhastuskoostis\/\"]}]},{\"@type\":\"BreadcrumbList\",\"@id\":\"https:\/\/sodablastsystems-europe.com\/et\/30-minutiline-puhastuskoostis\/#breadcrumb\",\"itemListElement\":[{\"@type\":\"ListItem\",\"position\":1,\"name\":\"Strona g\u0142\u00f3wna\",\"item\":\"https:\/\/sodablastsystems-europe.com\/et\/\"},{\"@type\":\"ListItem\",\"position\":2,\"name\":\"Videod\"}]},{\"@type\":\"WebSite\",\"@id\":\"https:\/\/sodablastsystems-europe.com\/et\/#website\",\"url\":\"https:\/\/sodablastsystems-europe.com\/et\/\",\"name\":\"SodaBlast Systems Europe\",\"description\":\"SodaBlasting Machines from USA. Innovative Technology For Your Business.\",\"publisher\":{\"@id\":\"https:\/\/sodablastsystems-europe.com\/et\/#organization\"},\"potentialAction\":[{\"@type\":\"SearchAction\",\"target\":{\"@type\":\"EntryPoint\",\"urlTemplate\":\"https:\/\/sodablastsystems-europe.com\/et\/?s={search_term_string}\"},\"query-input\":\"required name=search_term_string\"}],\"inLanguage\":\"et\"},{\"@type\":\"Organization\",\"@id\":\"https:\/\/sodablastsystems-europe.com\/et\/#organization\",\"name\":\"SodaBlast Systems Europe\",\"url\":\"https:\/\/sodablastsystems-europe.com\/et\/\",\"logo\":{\"@type\":\"ImageObject\",\"inLanguage\":\"et\",\"@id\":\"https:\/\/sodablastsystems-europe.com\/et\/#\/schema\/logo\/image\/\",\"url\":\"https:\/\/sodablastsystems-europe.com\/wp-content\/uploads\/2023\/08\/logo-sodablastsystems-usa-1.png\",\"contentUrl\":\"https:\/\/sodablastsystems-europe.com\/wp-content\/uploads\/2023\/08\/logo-sodablastsystems-usa-1.png\",\"width\":200,\"height\":200,\"caption\":\"SodaBlast Systems Europe\"},\"image\":{\"@id\":\"https:\/\/sodablastsystems-europe.com\/et\/#\/schema\/logo\/image\/\"},\"sameAs\":[\"https:\/\/www.facebook.com\/sodablastsystems\/\",\"https:\/\/www.tiktok.com\/@sodablast.systems\",\"https:\/\/www.instagram.com\/sodablastsystems_europe\/\",\"https:\/\/www.youtube.com\/@Sodablastsystems\"]}]}<\/script>\n<!-- \/ Yoast SEO Premium plugin. -->","yoast_head_json":{"title":"Sooda l\u00f5hkamise videote kogumik - SodaBlast Systems","description":"Vaadake meie kokkuv\u00f5tet SodaBlast Systems Europe'i sooda l\u00f5hkamise videotest. Avastage reaalseid rakendusi, kus n\u00e4idatakse v\u00e4rvi ja rooste eemaldamist, pindade taastamist ja keskkonnas\u00f5bralikke puhastuslahendusi.","robots":{"index":"index","follow":"follow","max-snippet":"max-snippet:-1","max-image-preview":"max-image-preview:large","max-video-preview":"max-video-preview:-1"},"canonical":"https:\/\/sodablastsystems-europe.com\/et\/30-minutiline-puhastuskoostis\/","og_locale":"et_EE","og_type":"article","og_title":"Sooda l\u00f5hkamise videote kogumik - SodaBlast Systems","og_description":"Vaadake meie kokkuv\u00f5tet SodaBlast Systems Europe'i sooda l\u00f5hkamise videotest. Avastage reaalseid rakendusi, kus n\u00e4idatakse v\u00e4rvi ja rooste eemaldamist, pindade taastamist ja keskkonnas\u00f5bralikke puhastuslahendusi.","og_url":"https:\/\/sodablastsystems-europe.com\/et\/30-minutiline-puhastuskoostis\/","og_site_name":"SodaBlast Systems","article_publisher":"https:\/\/www.facebook.com\/sodablastsystems\/","article_modified_time":"2026-01-08T09:56:16+00:00","og_image":[{"url":"https:\/\/sodablastsystems-europe.com\/wp-content\/uploads\/2024\/01\/img_6871.jpeg"}],"twitter_card":"summary_large_image","twitter_title":"Sooda l\u00f5hkamise videote kogumik - SodaBlast Systems","twitter_description":"Vaadake meie kokkuv\u00f5tet SodaBlast Systems Europe'i sooda l\u00f5hkamise videotest. Avastage reaalseid rakendusi, kus n\u00e4idatakse v\u00e4rvi ja rooste eemaldamist, pindade taastamist ja keskkonnas\u00f5bralikke puhastuslahendusi.","schema":{"@context":"https:\/\/schema.org","@graph":[{"@type":"WebPage","@id":"https:\/\/sodablastsystems-europe.com\/et\/30-minutiline-puhastuskoostis\/","url":"https:\/\/sodablastsystems-europe.com\/et\/30-minutiline-puhastuskoostis\/","name":"Sooda l\u00f5hkamise videote kogumik - SodaBlast Systems","isPartOf":{"@id":"https:\/\/sodablastsystems-europe.com\/et\/#website"},"datePublished":"2023-08-27T08:07:29+00:00","dateModified":"2026-01-08T09:56:16+00:00","description":"Vaadake meie kokkuv\u00f5tet SodaBlast Systems Europe'i sooda l\u00f5hkamise videotest. Avastage reaalseid rakendusi, kus n\u00e4idatakse v\u00e4rvi ja rooste eemaldamist, pindade taastamist ja keskkonnas\u00f5bralikke puhastuslahendusi.","breadcrumb":{"@id":"https:\/\/sodablastsystems-europe.com\/et\/30-minutiline-puhastuskoostis\/#breadcrumb"},"inLanguage":"et","potentialAction":[{"@type":"ReadAction","target":["https:\/\/sodablastsystems-europe.com\/et\/30-minutiline-puhastuskoostis\/"]}]},{"@type":"BreadcrumbList","@id":"https:\/\/sodablastsystems-europe.com\/et\/30-minutiline-puhastuskoostis\/#breadcrumb","itemListElement":[{"@type":"ListItem","position":1,"name":"Strona g\u0142\u00f3wna","item":"https:\/\/sodablastsystems-europe.com\/et\/"},{"@type":"ListItem","position":2,"name":"Videod"}]},{"@type":"WebSite","@id":"https:\/\/sodablastsystems-europe.com\/et\/#website","url":"https:\/\/sodablastsystems-europe.com\/et\/","name":"SodaBlast Systems Europe","description":"SodaBlasting Machines from USA. Innovative Technology For Your Business.","publisher":{"@id":"https:\/\/sodablastsystems-europe.com\/et\/#organization"},"potentialAction":[{"@type":"SearchAction","target":{"@type":"EntryPoint","urlTemplate":"https:\/\/sodablastsystems-europe.com\/et\/?s={search_term_string}"},"query-input":"required name=search_term_string"}],"inLanguage":"et"},{"@type":"Organization","@id":"https:\/\/sodablastsystems-europe.com\/et\/#organization","name":"SodaBlast Systems Europe","url":"https:\/\/sodablastsystems-europe.com\/et\/","logo":{"@type":"ImageObject","inLanguage":"et","@id":"https:\/\/sodablastsystems-europe.com\/et\/#\/schema\/logo\/image\/","url":"https:\/\/sodablastsystems-europe.com\/wp-content\/uploads\/2023\/08\/logo-sodablastsystems-usa-1.png","contentUrl":"https:\/\/sodablastsystems-europe.com\/wp-content\/uploads\/2023\/08\/logo-sodablastsystems-usa-1.png","width":200,"height":200,"caption":"SodaBlast Systems Europe"},"image":{"@id":"https:\/\/sodablastsystems-europe.com\/et\/#\/schema\/logo\/image\/"},"sameAs":["https:\/\/www.facebook.com\/sodablastsystems\/","https:\/\/www.tiktok.com\/@sodablast.systems","https:\/\/www.instagram.com\/sodablastsystems_europe\/","https:\/\/www.youtube.com\/@Sodablastsystems"]}]}},"_links":{"self":[{"href":"https:\/\/sodablastsystems-europe.com\/et\/wp-json\/wp\/v2\/pages\/1445","targetHints":{"allow":["GET"]}}],"collection":[{"href":"https:\/\/sodablastsystems-europe.com\/et\/wp-json\/wp\/v2\/pages"}],"about":[{"href":"https:\/\/sodablastsystems-europe.com\/et\/wp-json\/wp\/v2\/types\/page"}],"author":[{"embeddable":true,"href":"https:\/\/sodablastsystems-europe.com\/et\/wp-json\/wp\/v2\/users\/1"}],"replies":[{"embeddable":true,"href":"https:\/\/sodablastsystems-europe.com\/et\/wp-json\/wp\/v2\/comments?post=1445"}],"version-history":[{"count":3,"href":"https:\/\/sodablastsystems-europe.com\/et\/wp-json\/wp\/v2\/pages\/1445\/revisions"}],"predecessor-version":[{"id":6514,"href":"https:\/\/sodablastsystems-europe.com\/et\/wp-json\/wp\/v2\/pages\/1445\/revisions\/6514"}],"wp:attachment":[{"href":"https:\/\/sodablastsystems-europe.com\/et\/wp-json\/wp\/v2\/media?parent=1445"}],"curies":[{"name":"wp","href":"https:\/\/api.w.org\/{rel}","templated":true}]}}