{"id":1331,"date":"2023-08-27T08:06:35","date_gmt":"2023-08-27T08:06:35","guid":{"rendered":"https:\/\/sodablastsystems-europe.com\/enne-ja-parast-efektid\/"},"modified":"2024-11-03T01:16:30","modified_gmt":"2024-11-03T01:16:30","slug":"enne-ja-parast-efektid","status":"publish","type":"page","link":"https:\/\/sodablastsystems-europe.com\/et\/enne-ja-parast-efektid\/","title":{"rendered":"Enne ja p\u00e4rast efektid"},"content":{"rendered":"<p><\/p>\n\n<h2 class=\"wp-block-heading has-x-large-font-size\" id=\"h-amazing-transformation-with-sodablast-systems\">H\u00e4mmastav \u00fcmberkujundamine SodaBlast s\u00fcsteemidega<\/h2>\n\n<p>Avastage sooda l\u00f5hkamise v\u00f5imsus meie &#8220;Enne ja p\u00e4rast&#8221; muutuste abil. SodaBlast Systems ei ole mitte ainult tehnoloogia, vaid ka kunst taastada pindade esialgne s\u00e4ra. Allpool esitleme galeriid meie t\u00f6\u00f6st, kus iga foto r\u00e4\u00e4gib meie soodapritsimismasinate t\u00e4psusest, \u00f5rnusest ja t\u00f5hususest.<\/p>\n\n<h3 class=\"wp-block-heading has-large-font-size\">&#8220;Enne&#8221; &#8211; puhtuse v\u00e4ljakutse<\/h3>\n\n<p>Iga &#8220;enne&#8221; j\u00e4\u00e4dvustas hetki, mil pinnad tundusid olevat v\u00e4ljaspool uuendamise v\u00f5imalusi. Rooste, graffiti, reostus &#8211; k\u00f5ik defektid, mis n\u00f5udsid \u00f5rna, kuid t\u00f5husat puudutust.<\/p>\n\n<h3 class=\"wp-block-heading has-large-font-size\">&#8220;P\u00e4rast&#8221; &#8211; SodaBlast s\u00fcsteemi efekt<\/h3>\n\n<p>Tulemused &#8220;p\u00e4rast&#8221; \u00fcletasid nii meie kui ka meie klientide ootusi. Nad annavad tunnistust naatriumbikarbonaadi v\u00f5imsusest, mis taastab pindade esialgse v\u00e4limuse, kahjustamata nende struktuuri.<\/p>\n\n<p>Kutsume teid \u00fcles sirvima n\u00e4iteid meie saavutustest. Iga foto t\u00f5estab, et \u00fckski \u00fclesanne ei ole SodaBlast Systems&#8217;i jaoks liiga raske.<\/p>\n\n<p>Libistage liugurit fotol ja vaadake erinevust:<\/p>\n<p>[bafg id=&#8221;320&#8243;]<\/p>\n<p>[bafg id=&#8221;318&#8243;]<\/p>\n<p>[bafg id=&#8221;322&#8243;]<\/p>\n<p>[bafg id=&#8221;324&#8243;]<\/p>\n<p>[bafg id=&#8221;325&#8243;]<\/p>\n<p>[bafg id=&#8221;326&#8243;]<\/p>\n<p>[bafg id=&#8221;328&#8243;]<\/p>\n<p>[bafg id=&#8221;329&#8243;]<\/p>\n<p>[bafg id=&#8221;330&#8243;]<\/p>\n<p>[bafg id=&#8221;331&#8243;]<\/p>\n<p>[bafg id=&#8221;332&#8243;]<\/p>\n<p>[bafg id=&#8221;334&#8243;]<\/p>\n<p>[bafg id=&#8221;335&#8243;]<\/p>\n<p>[bafg id=&#8221;337&#8243;]<\/p>\n<p>[bafg id=&#8221;338&#8243;]<\/p>\n<p>[bafg id=&#8221;339&#8243;]<\/p>\n<p>[bafg id=&#8221;340&#8243;]<\/p>\n<p>[bafg id=&#8221;341&#8243;]<\/p>\n<p>[bafg id=&#8221;342&#8243;]<\/p>\n<p>[bafg id=&#8221;343&#8243;]<\/p>\n<p>[bafg id=&#8221;345&#8243;]<\/p>\n<p>[bafg id=&#8221;346&#8243;]<\/p>\n<p>[bafg id=&#8221;347&#8243;]<\/p>\n<p>[bafg id=&#8221;348&#8243;]<\/p>\n<p>[bafg id=&#8221;349&#8243;]<\/p>\n<p>[bafg id=&#8221;350&#8243;]<\/p>\n<p>[bafg id=&#8221;351&#8243;]<\/p>\n<p>[bafg id=&#8221;352&#8243;]<\/p>\n<p>[bafg id=&#8221;353&#8243;]<\/p>\n<p>[bafg id=&#8221;354&#8243;]<\/p>\n<p>[bafg id=&#8221;355&#8243;]<\/p>\n<p>[bafg id=&#8221;356&#8243;]<\/p>\n<p>[bafg id=&#8221;357&#8243;]<\/p>\n<p>[bafg id=&#8221;358&#8243;]<\/p>\n<p>[bafg id=&#8221;359&#8243;]<\/p>\n<p>[bafg id=&#8221;360&#8243;]<\/p>\n<p>[bafg id=&#8221;361&#8243;]<\/p>","protected":false},"excerpt":{"rendered":"<p>H\u00e4mmastav \u00fcmberkujundamine SodaBlast s\u00fcsteemidega Avastage sooda l\u00f5hkamise v\u00f5imsus meie &#8220;Enne ja p\u00e4rast&#8221; muutuste abil. SodaBlast Systems ei ole mitte ainult tehnoloogia, vaid ka kunst taastada pindade esialgne s\u00e4ra. Allpool esitleme galeriid meie t\u00f6\u00f6st, kus iga foto r\u00e4\u00e4gib meie soodapritsimismasinate t\u00e4psusest, \u00f5rnusest ja t\u00f5hususest. &#8220;Enne&#8221; &#8211; puhtuse v\u00e4ljakutse Iga &#8220;enne&#8221; j\u00e4\u00e4dvustas hetki, mil pinnad tundusid olevat [&hellip;]<\/p>","protected":false},"author":1,"featured_media":0,"parent":0,"menu_order":0,"comment_status":"closed","ping_status":"closed","template":"","meta":{"footnotes":""},"class_list":["post-1331","page","type-page","status-publish","hentry"],"yoast_head":"<!-- This site is optimized with the Yoast SEO Premium plugin v21.5 (Yoast SEO v21.5) - https:\/\/yoast.com\/wordpress\/plugins\/seo\/ -->\n<title>Enne ja p\u00e4rast sooda l\u00f5hkamist - SodaBlast Systems<\/title>\n<meta name=\"description\" content=\"Avastage SodaBlast Systems Europe&#039;ile soodapritsimise muutev j\u00f5ud. Vaadake meie enne ja p\u00e4rast galeriid, mis n\u00e4itab t\u00f5husat v\u00e4rvi eemaldamist, rooste eemaldamist ja pinna taastamist erinevates rakendustes.\" \/>\n<meta name=\"robots\" content=\"index, follow, max-snippet:-1, max-image-preview:large, max-video-preview:-1\" \/>\n<link rel=\"canonical\" href=\"https:\/\/sodablastsystems-europe.com\/et\/enne-ja-parast-efektid\/\" \/>\n<meta property=\"og:locale\" content=\"et_EE\" \/>\n<meta property=\"og:type\" content=\"article\" \/>\n<meta property=\"og:title\" content=\"Enne ja p\u00e4rast efektid\" \/>\n<meta property=\"og:description\" content=\"Avastage SodaBlast Systems Europe&#039;ile soodapritsimise muutev j\u00f5ud. Vaadake meie enne ja p\u00e4rast galeriid, mis n\u00e4itab t\u00f5husat v\u00e4rvi eemaldamist, rooste eemaldamist ja pinna taastamist erinevates rakendustes.\" \/>\n<meta property=\"og:url\" content=\"https:\/\/sodablastsystems-europe.com\/et\/enne-ja-parast-efektid\/\" \/>\n<meta property=\"og:site_name\" content=\"SodaBlast Systems\" \/>\n<meta property=\"article:publisher\" content=\"https:\/\/www.facebook.com\/sodablastsystems\/\" \/>\n<meta property=\"article:modified_time\" content=\"2024-11-03T01:16:30+00:00\" \/>\n<meta property=\"og:image\" content=\"https:\/\/sodablastsystems-europe.com\/wp-content\/uploads\/2023\/08\/logo-sodablastsystems-usa-1.png\" \/>\n\t<meta property=\"og:image:width\" content=\"200\" \/>\n\t<meta property=\"og:image:height\" content=\"200\" \/>\n\t<meta property=\"og:image:type\" content=\"image\/png\" \/>\n<meta name=\"twitter:card\" content=\"summary_large_image\" \/>\n<meta name=\"twitter:label1\" content=\"Est. reading time\" \/>\n\t<meta name=\"twitter:data1\" content=\"1 minut\" \/>\n<script type=\"application\/ld+json\" class=\"yoast-schema-graph\">{\"@context\":\"https:\/\/schema.org\",\"@graph\":[{\"@type\":\"WebPage\",\"@id\":\"https:\/\/sodablastsystems-europe.com\/et\/enne-ja-parast-efektid\/\",\"url\":\"https:\/\/sodablastsystems-europe.com\/et\/enne-ja-parast-efektid\/\",\"name\":\"Enne ja p\u00e4rast sooda l\u00f5hkamist - SodaBlast Systems\",\"isPartOf\":{\"@id\":\"https:\/\/sodablastsystems-europe.com\/et\/#website\"},\"datePublished\":\"2023-08-27T08:06:35+00:00\",\"dateModified\":\"2024-11-03T01:16:30+00:00\",\"description\":\"Avastage SodaBlast Systems Europe'ile soodapritsimise muutev j\u00f5ud. Vaadake meie enne ja p\u00e4rast galeriid, mis n\u00e4itab t\u00f5husat v\u00e4rvi eemaldamist, rooste eemaldamist ja pinna taastamist erinevates rakendustes.\",\"breadcrumb\":{\"@id\":\"https:\/\/sodablastsystems-europe.com\/et\/enne-ja-parast-efektid\/#breadcrumb\"},\"inLanguage\":\"et\",\"potentialAction\":[{\"@type\":\"ReadAction\",\"target\":[\"https:\/\/sodablastsystems-europe.com\/et\/enne-ja-parast-efektid\/\"]}]},{\"@type\":\"BreadcrumbList\",\"@id\":\"https:\/\/sodablastsystems-europe.com\/et\/enne-ja-parast-efektid\/#breadcrumb\",\"itemListElement\":[{\"@type\":\"ListItem\",\"position\":1,\"name\":\"Strona g\u0142\u00f3wna\",\"item\":\"https:\/\/sodablastsystems-europe.com\/et\/\"},{\"@type\":\"ListItem\",\"position\":2,\"name\":\"Enne ja p\u00e4rast efektid\"}]},{\"@type\":\"WebSite\",\"@id\":\"https:\/\/sodablastsystems-europe.com\/et\/#website\",\"url\":\"https:\/\/sodablastsystems-europe.com\/et\/\",\"name\":\"SodaBlast Systems Europe\",\"description\":\"SodaBlasting Machines from USA. Innovative Technology For Your Business.\",\"publisher\":{\"@id\":\"https:\/\/sodablastsystems-europe.com\/et\/#organization\"},\"potentialAction\":[{\"@type\":\"SearchAction\",\"target\":{\"@type\":\"EntryPoint\",\"urlTemplate\":\"https:\/\/sodablastsystems-europe.com\/et\/?s={search_term_string}\"},\"query-input\":\"required name=search_term_string\"}],\"inLanguage\":\"et\"},{\"@type\":\"Organization\",\"@id\":\"https:\/\/sodablastsystems-europe.com\/et\/#organization\",\"name\":\"SodaBlast Systems Europe\",\"url\":\"https:\/\/sodablastsystems-europe.com\/et\/\",\"logo\":{\"@type\":\"ImageObject\",\"inLanguage\":\"et\",\"@id\":\"https:\/\/sodablastsystems-europe.com\/et\/#\/schema\/logo\/image\/\",\"url\":\"https:\/\/sodablastsystems-europe.com\/wp-content\/uploads\/2023\/08\/logo-sodablastsystems-usa-1.png\",\"contentUrl\":\"https:\/\/sodablastsystems-europe.com\/wp-content\/uploads\/2023\/08\/logo-sodablastsystems-usa-1.png\",\"width\":200,\"height\":200,\"caption\":\"SodaBlast Systems Europe\"},\"image\":{\"@id\":\"https:\/\/sodablastsystems-europe.com\/et\/#\/schema\/logo\/image\/\"},\"sameAs\":[\"https:\/\/www.facebook.com\/sodablastsystems\/\",\"https:\/\/www.tiktok.com\/@sodablast.systems\",\"https:\/\/www.instagram.com\/sodablastsystems_europe\/\",\"https:\/\/www.youtube.com\/@Sodablastsystems\"]}]}<\/script>\n<!-- \/ Yoast SEO Premium plugin. -->","yoast_head_json":{"title":"Enne ja p\u00e4rast sooda l\u00f5hkamist - SodaBlast Systems","description":"Avastage SodaBlast Systems Europe'ile soodapritsimise muutev j\u00f5ud. Vaadake meie enne ja p\u00e4rast galeriid, mis n\u00e4itab t\u00f5husat v\u00e4rvi eemaldamist, rooste eemaldamist ja pinna taastamist erinevates rakendustes.","robots":{"index":"index","follow":"follow","max-snippet":"max-snippet:-1","max-image-preview":"max-image-preview:large","max-video-preview":"max-video-preview:-1"},"canonical":"https:\/\/sodablastsystems-europe.com\/et\/enne-ja-parast-efektid\/","og_locale":"et_EE","og_type":"article","og_title":"Enne ja p\u00e4rast efektid","og_description":"Avastage SodaBlast Systems Europe'ile soodapritsimise muutev j\u00f5ud. Vaadake meie enne ja p\u00e4rast galeriid, mis n\u00e4itab t\u00f5husat v\u00e4rvi eemaldamist, rooste eemaldamist ja pinna taastamist erinevates rakendustes.","og_url":"https:\/\/sodablastsystems-europe.com\/et\/enne-ja-parast-efektid\/","og_site_name":"SodaBlast Systems","article_publisher":"https:\/\/www.facebook.com\/sodablastsystems\/","article_modified_time":"2024-11-03T01:16:30+00:00","og_image":[{"width":200,"height":200,"url":"https:\/\/sodablastsystems-europe.com\/wp-content\/uploads\/2023\/08\/logo-sodablastsystems-usa-1.png","type":"image\/png"}],"twitter_card":"summary_large_image","twitter_misc":{"Est. reading time":"1 minut"},"schema":{"@context":"https:\/\/schema.org","@graph":[{"@type":"WebPage","@id":"https:\/\/sodablastsystems-europe.com\/et\/enne-ja-parast-efektid\/","url":"https:\/\/sodablastsystems-europe.com\/et\/enne-ja-parast-efektid\/","name":"Enne ja p\u00e4rast sooda l\u00f5hkamist - SodaBlast Systems","isPartOf":{"@id":"https:\/\/sodablastsystems-europe.com\/et\/#website"},"datePublished":"2023-08-27T08:06:35+00:00","dateModified":"2024-11-03T01:16:30+00:00","description":"Avastage SodaBlast Systems Europe'ile soodapritsimise muutev j\u00f5ud. Vaadake meie enne ja p\u00e4rast galeriid, mis n\u00e4itab t\u00f5husat v\u00e4rvi eemaldamist, rooste eemaldamist ja pinna taastamist erinevates rakendustes.","breadcrumb":{"@id":"https:\/\/sodablastsystems-europe.com\/et\/enne-ja-parast-efektid\/#breadcrumb"},"inLanguage":"et","potentialAction":[{"@type":"ReadAction","target":["https:\/\/sodablastsystems-europe.com\/et\/enne-ja-parast-efektid\/"]}]},{"@type":"BreadcrumbList","@id":"https:\/\/sodablastsystems-europe.com\/et\/enne-ja-parast-efektid\/#breadcrumb","itemListElement":[{"@type":"ListItem","position":1,"name":"Strona g\u0142\u00f3wna","item":"https:\/\/sodablastsystems-europe.com\/et\/"},{"@type":"ListItem","position":2,"name":"Enne ja p\u00e4rast efektid"}]},{"@type":"WebSite","@id":"https:\/\/sodablastsystems-europe.com\/et\/#website","url":"https:\/\/sodablastsystems-europe.com\/et\/","name":"SodaBlast Systems Europe","description":"SodaBlasting Machines from USA. Innovative Technology For Your Business.","publisher":{"@id":"https:\/\/sodablastsystems-europe.com\/et\/#organization"},"potentialAction":[{"@type":"SearchAction","target":{"@type":"EntryPoint","urlTemplate":"https:\/\/sodablastsystems-europe.com\/et\/?s={search_term_string}"},"query-input":"required name=search_term_string"}],"inLanguage":"et"},{"@type":"Organization","@id":"https:\/\/sodablastsystems-europe.com\/et\/#organization","name":"SodaBlast Systems Europe","url":"https:\/\/sodablastsystems-europe.com\/et\/","logo":{"@type":"ImageObject","inLanguage":"et","@id":"https:\/\/sodablastsystems-europe.com\/et\/#\/schema\/logo\/image\/","url":"https:\/\/sodablastsystems-europe.com\/wp-content\/uploads\/2023\/08\/logo-sodablastsystems-usa-1.png","contentUrl":"https:\/\/sodablastsystems-europe.com\/wp-content\/uploads\/2023\/08\/logo-sodablastsystems-usa-1.png","width":200,"height":200,"caption":"SodaBlast Systems Europe"},"image":{"@id":"https:\/\/sodablastsystems-europe.com\/et\/#\/schema\/logo\/image\/"},"sameAs":["https:\/\/www.facebook.com\/sodablastsystems\/","https:\/\/www.tiktok.com\/@sodablast.systems","https:\/\/www.instagram.com\/sodablastsystems_europe\/","https:\/\/www.youtube.com\/@Sodablastsystems"]}]}},"_links":{"self":[{"href":"https:\/\/sodablastsystems-europe.com\/et\/wp-json\/wp\/v2\/pages\/1331","targetHints":{"allow":["GET"]}}],"collection":[{"href":"https:\/\/sodablastsystems-europe.com\/et\/wp-json\/wp\/v2\/pages"}],"about":[{"href":"https:\/\/sodablastsystems-europe.com\/et\/wp-json\/wp\/v2\/types\/page"}],"author":[{"embeddable":true,"href":"https:\/\/sodablastsystems-europe.com\/et\/wp-json\/wp\/v2\/users\/1"}],"replies":[{"embeddable":true,"href":"https:\/\/sodablastsystems-europe.com\/et\/wp-json\/wp\/v2\/comments?post=1331"}],"version-history":[{"count":1,"href":"https:\/\/sodablastsystems-europe.com\/et\/wp-json\/wp\/v2\/pages\/1331\/revisions"}],"predecessor-version":[{"id":1339,"href":"https:\/\/sodablastsystems-europe.com\/et\/wp-json\/wp\/v2\/pages\/1331\/revisions\/1339"}],"wp:attachment":[{"href":"https:\/\/sodablastsystems-europe.com\/et\/wp-json\/wp\/v2\/media?parent=1331"}],"curies":[{"name":"wp","href":"https:\/\/api.w.org\/{rel}","templated":true}]}}