{"id":6113,"date":"2025-02-17T14:24:04","date_gmt":"2025-02-17T14:24:04","guid":{"rendered":"https:\/\/sodablastsystems-europe.com\/spezifikation-des-sb-500-trailer-mit-dpf\/"},"modified":"2025-02-17T14:25:26","modified_gmt":"2025-02-17T14:25:26","slug":"spezifikation-des-sb-500-trailer-mit-dpf","status":"publish","type":"page","link":"https:\/\/sodablastsystems-europe.com\/de\/spezifikation-des-sb-500-trailer-mit-dpf\/","title":{"rendered":"Spezifikation des &#8222;SB-500 Trailer&#8220; mit DPF"},"content":{"rendered":"<p><strong>Komplettes, transportables und gebrauchsfertiges Drei-Komponenten-Kit:<\/strong><\/p>\n\n<p><strong>SodaBlaster-Strahlbereich:<\/strong><\/p>\n\n<ul class=\"wp-block-list\">\n<li>SB-500 Blaster-Tank<\/li>\n\n\n\n<li>1-Sekunden selbstverschlie\u00dfende Trichterklappe<\/li>\n\n\n\n<li>Luftdruckregler<\/li>\n\n\n\n<li>Regler f\u00fcr die Abrasivmenge<\/li>\n\n\n\n<li>Elektrische Fernsteuerung mit 15m Kabel<\/li>\n\n\n\n<li>Sauberer Luftanschluss f\u00fcr optionale Werkzeuge<\/li>\n\n\n\n<li>340o rotierender Strahlschlauchausgang<\/li>\n\n\n\n<li>Abluftschalld\u00e4mpfer vom Blaster-Tank<\/li>\n<\/ul>\n\n<p><strong>Blaster-K\u00fchlsystem:<\/strong><\/p>\n\n<ul class=\"wp-block-list\">\n<li>MT-3 Autarker Lufttrockner<\/li>\n\n\n\n<li>CF-125 Zyklon-Luftfilter<\/li>\n\n\n\n<li>10bar Druckk\u00fchler<\/li>\n\n\n\n<li>Hochgeschwindigkeitsventilator<\/li>\n<\/ul>\n\n<p><strong>Schraubenluftkompressor:<\/strong><\/p>\n\n<ul class=\"wp-block-list\">\n<li>Kubota Vierzylinder-Motor mit Turboaufladung<\/li>\n\n\n\n<li>33kW Motorleistung<\/li>\n\n\n\n<li>1.498 Liter Hubraum<\/li>\n\n\n\n<li>12V Elektroinstallation<\/li>\n\n\n\n<li>45 Liter Kraftstofftank<\/li>\n\n\n\n<li>LCD-Anzeige<\/li>\n\n\n\n<li>STOP-Notschalter<\/li>\n\n\n\n<li>Intern schallged\u00e4mmter Geh\u00e4usekompressor<\/li>\n\n\n\n<li>Korrosionsschutz f\u00fcr eine Umgebung mit hoher Luftfeuchtigkeit C3<\/li>\n\n\n\n<li>Abluftschalld\u00e4mpfer f\u00fcr den Kompressor<\/li>\n\n\n\n<li>Entspricht der EU-Norm STAGE V f\u00fcr Verbrennungsmotoren<\/li>\n\n\n\n<li>Entspricht der Ger\u00e4uschemissionsnorm 2000\/14\/EC<\/li>\n<\/ul>\n\n<p><strong>Stra\u00dfenfahrwerk:<\/strong><\/p>\n\n<ul class=\"wp-block-list\">\n<li>Europ\u00e4ische Homologation eines Spezialanh\u00e4ngers<\/li>\n\n\n\n<li>CNC-gefertigte Konstruktion<\/li>\n\n\n\n<li>AL-KO Fahrwerkskomponenten<\/li>\n\n\n\n<li>2 Achsen = 4 R\u00e4der, M+S 13C-Reifen<\/li>\n\n\n\n<li>Auflauf-, Not- und Feststellbremse<\/li>\n\n\n\n<li>Kugelkopfkupplung f\u00fcr Anh\u00e4ngevorrichtung mit Kupplung und Verschlei\u00dfanzeige<\/li>\n\n\n\n<li>4 einstellbare Fahrgestell-Nivellierst\u00fctzen<\/li>\n\n\n\n<li>Ersatzrad in voller Gr\u00f6\u00dfe<\/li>\n\n\n\n<li>Elektrische Installation der 13-poligen Stra\u00dfenbeleuchtung<\/li>\n<\/ul>\n\n<p><strong>Enthaltenes Zubeh\u00f6r &#8211; Basispaket:<\/strong><\/p>\n\n<ul class=\"wp-block-list\">\n<li>HV-5 Rundd\u00fcse (8mm)<\/li>\n\n\n\n<li>Wasseradapter f\u00fcr D\u00fcse<\/li>\n\n\n\n<li>Trichter zum Ausgie\u00dfen von Schleifmittel<\/li>\n\n\n\n<li>15m Steuerkabel<\/li>\n\n\n\n<li>15m Wasserschlauch<\/li>\n\n\n\n<li>Strahlschlauch 15m<\/li>\n<\/ul>","protected":false},"excerpt":{"rendered":"<p>Komplettes, transportables und gebrauchsfertiges Drei-Komponenten-Kit: SodaBlaster-Strahlbereich: Blaster-K\u00fchlsystem: Schraubenluftkompressor: Stra\u00dfenfahrwerk: Enthaltenes Zubeh\u00f6r &#8211; Basispaket:<\/p>","protected":false},"author":1,"featured_media":0,"parent":0,"menu_order":0,"comment_status":"closed","ping_status":"closed","template":"","meta":{"footnotes":""},"class_list":["post-6113","page","type-page","status-publish","hentry"],"yoast_head":"<!-- This site is optimized with the Yoast SEO Premium plugin v21.5 (Yoast SEO v21.5) - https:\/\/yoast.com\/wordpress\/plugins\/seo\/ -->\n<title>Spezifikation des &quot;SB-500 Trailer&quot; mit DPF - SodaBlast Systems<\/title>\n<meta name=\"robots\" content=\"index, follow, max-snippet:-1, max-image-preview:large, max-video-preview:-1\" \/>\n<link rel=\"canonical\" href=\"https:\/\/sodablastsystems-europe.com\/de\/spezifikation-des-sb-500-trailer-mit-dpf\/\" \/>\n<meta property=\"og:locale\" content=\"de_DE\" \/>\n<meta property=\"og:type\" content=\"article\" \/>\n<meta property=\"og:title\" content=\"Spezifikation des &quot;SB-500 Trailer&quot; mit DPF\" \/>\n<meta property=\"og:description\" content=\"Komplettes, transportables und gebrauchsfertiges Drei-Komponenten-Kit: SodaBlaster-Strahlbereich: Blaster-K\u00fchlsystem: Schraubenluftkompressor: Stra\u00dfenfahrwerk: Enthaltenes Zubeh\u00f6r &#8211; Basispaket:\" \/>\n<meta property=\"og:url\" content=\"https:\/\/sodablastsystems-europe.com\/de\/spezifikation-des-sb-500-trailer-mit-dpf\/\" \/>\n<meta property=\"og:site_name\" content=\"SodaBlast Systems\" \/>\n<meta property=\"article:publisher\" content=\"https:\/\/www.facebook.com\/sodablastsystems\/\" \/>\n<meta property=\"article:modified_time\" content=\"2025-02-17T14:25:26+00:00\" \/>\n<meta property=\"og:image\" content=\"https:\/\/sodablastsystems-europe.com\/wp-content\/uploads\/2023\/08\/logo-sodablastsystems-usa-1.png\" \/>\n\t<meta property=\"og:image:width\" content=\"200\" \/>\n\t<meta property=\"og:image:height\" content=\"200\" \/>\n\t<meta property=\"og:image:type\" content=\"image\/png\" \/>\n<meta name=\"twitter:card\" content=\"summary_large_image\" \/>\n<meta name=\"twitter:label1\" content=\"Gesch\u00e4tzte Lesezeit\" \/>\n\t<meta name=\"twitter:data1\" content=\"1\u00a0Minute\" \/>\n<script type=\"application\/ld+json\" class=\"yoast-schema-graph\">{\"@context\":\"https:\/\/schema.org\",\"@graph\":[{\"@type\":\"WebPage\",\"@id\":\"https:\/\/sodablastsystems-europe.com\/de\/spezifikation-des-sb-500-trailer-mit-dpf\/\",\"url\":\"https:\/\/sodablastsystems-europe.com\/de\/spezifikation-des-sb-500-trailer-mit-dpf\/\",\"name\":\"Spezifikation des \\\"SB-500 Trailer\\\" mit DPF - SodaBlast Systems\",\"isPartOf\":{\"@id\":\"https:\/\/sodablastsystems-europe.com\/de\/#website\"},\"datePublished\":\"2025-02-17T14:24:04+00:00\",\"dateModified\":\"2025-02-17T14:25:26+00:00\",\"breadcrumb\":{\"@id\":\"https:\/\/sodablastsystems-europe.com\/de\/spezifikation-des-sb-500-trailer-mit-dpf\/#breadcrumb\"},\"inLanguage\":\"de\",\"potentialAction\":[{\"@type\":\"ReadAction\",\"target\":[\"https:\/\/sodablastsystems-europe.com\/de\/spezifikation-des-sb-500-trailer-mit-dpf\/\"]}]},{\"@type\":\"BreadcrumbList\",\"@id\":\"https:\/\/sodablastsystems-europe.com\/de\/spezifikation-des-sb-500-trailer-mit-dpf\/#breadcrumb\",\"itemListElement\":[{\"@type\":\"ListItem\",\"position\":1,\"name\":\"Strona g\u0142\u00f3wna\",\"item\":\"https:\/\/sodablastsystems-europe.com\/de\/\"},{\"@type\":\"ListItem\",\"position\":2,\"name\":\"Spezifikation des &#8222;SB-500 Trailer&#8220; mit DPF\"}]},{\"@type\":\"WebSite\",\"@id\":\"https:\/\/sodablastsystems-europe.com\/de\/#website\",\"url\":\"https:\/\/sodablastsystems-europe.com\/de\/\",\"name\":\"SodaBlast Systems Europe\",\"description\":\"SodaBlasting Machines from USA. Innovative Technology For Your Business.\",\"publisher\":{\"@id\":\"https:\/\/sodablastsystems-europe.com\/de\/#organization\"},\"potentialAction\":[{\"@type\":\"SearchAction\",\"target\":{\"@type\":\"EntryPoint\",\"urlTemplate\":\"https:\/\/sodablastsystems-europe.com\/de\/?s={search_term_string}\"},\"query-input\":\"required name=search_term_string\"}],\"inLanguage\":\"de\"},{\"@type\":\"Organization\",\"@id\":\"https:\/\/sodablastsystems-europe.com\/de\/#organization\",\"name\":\"SodaBlast Systems Europe\",\"url\":\"https:\/\/sodablastsystems-europe.com\/de\/\",\"logo\":{\"@type\":\"ImageObject\",\"inLanguage\":\"de\",\"@id\":\"https:\/\/sodablastsystems-europe.com\/de\/#\/schema\/logo\/image\/\",\"url\":\"https:\/\/sodablastsystems-europe.com\/wp-content\/uploads\/2023\/08\/logo-sodablastsystems-usa-1.png\",\"contentUrl\":\"https:\/\/sodablastsystems-europe.com\/wp-content\/uploads\/2023\/08\/logo-sodablastsystems-usa-1.png\",\"width\":200,\"height\":200,\"caption\":\"SodaBlast Systems Europe\"},\"image\":{\"@id\":\"https:\/\/sodablastsystems-europe.com\/de\/#\/schema\/logo\/image\/\"},\"sameAs\":[\"https:\/\/www.facebook.com\/sodablastsystems\/\",\"https:\/\/www.tiktok.com\/@sodablast.systems\",\"https:\/\/www.instagram.com\/sodablastsystems_europe\/\",\"https:\/\/www.youtube.com\/@Sodablastsystems\"]}]}<\/script>\n<!-- \/ Yoast SEO Premium plugin. -->","yoast_head_json":{"title":"Spezifikation des \"SB-500 Trailer\" mit DPF - SodaBlast Systems","robots":{"index":"index","follow":"follow","max-snippet":"max-snippet:-1","max-image-preview":"max-image-preview:large","max-video-preview":"max-video-preview:-1"},"canonical":"https:\/\/sodablastsystems-europe.com\/de\/spezifikation-des-sb-500-trailer-mit-dpf\/","og_locale":"de_DE","og_type":"article","og_title":"Spezifikation des \"SB-500 Trailer\" mit DPF","og_description":"Komplettes, transportables und gebrauchsfertiges Drei-Komponenten-Kit: SodaBlaster-Strahlbereich: Blaster-K\u00fchlsystem: Schraubenluftkompressor: Stra\u00dfenfahrwerk: Enthaltenes Zubeh\u00f6r &#8211; Basispaket:","og_url":"https:\/\/sodablastsystems-europe.com\/de\/spezifikation-des-sb-500-trailer-mit-dpf\/","og_site_name":"SodaBlast Systems","article_publisher":"https:\/\/www.facebook.com\/sodablastsystems\/","article_modified_time":"2025-02-17T14:25:26+00:00","og_image":[{"width":200,"height":200,"url":"https:\/\/sodablastsystems-europe.com\/wp-content\/uploads\/2023\/08\/logo-sodablastsystems-usa-1.png","type":"image\/png"}],"twitter_card":"summary_large_image","twitter_misc":{"Gesch\u00e4tzte Lesezeit":"1\u00a0Minute"},"schema":{"@context":"https:\/\/schema.org","@graph":[{"@type":"WebPage","@id":"https:\/\/sodablastsystems-europe.com\/de\/spezifikation-des-sb-500-trailer-mit-dpf\/","url":"https:\/\/sodablastsystems-europe.com\/de\/spezifikation-des-sb-500-trailer-mit-dpf\/","name":"Spezifikation des \"SB-500 Trailer\" mit DPF - SodaBlast Systems","isPartOf":{"@id":"https:\/\/sodablastsystems-europe.com\/de\/#website"},"datePublished":"2025-02-17T14:24:04+00:00","dateModified":"2025-02-17T14:25:26+00:00","breadcrumb":{"@id":"https:\/\/sodablastsystems-europe.com\/de\/spezifikation-des-sb-500-trailer-mit-dpf\/#breadcrumb"},"inLanguage":"de","potentialAction":[{"@type":"ReadAction","target":["https:\/\/sodablastsystems-europe.com\/de\/spezifikation-des-sb-500-trailer-mit-dpf\/"]}]},{"@type":"BreadcrumbList","@id":"https:\/\/sodablastsystems-europe.com\/de\/spezifikation-des-sb-500-trailer-mit-dpf\/#breadcrumb","itemListElement":[{"@type":"ListItem","position":1,"name":"Strona g\u0142\u00f3wna","item":"https:\/\/sodablastsystems-europe.com\/de\/"},{"@type":"ListItem","position":2,"name":"Spezifikation des &#8222;SB-500 Trailer&#8220; mit DPF"}]},{"@type":"WebSite","@id":"https:\/\/sodablastsystems-europe.com\/de\/#website","url":"https:\/\/sodablastsystems-europe.com\/de\/","name":"SodaBlast Systems Europe","description":"SodaBlasting Machines from USA. Innovative Technology For Your Business.","publisher":{"@id":"https:\/\/sodablastsystems-europe.com\/de\/#organization"},"potentialAction":[{"@type":"SearchAction","target":{"@type":"EntryPoint","urlTemplate":"https:\/\/sodablastsystems-europe.com\/de\/?s={search_term_string}"},"query-input":"required name=search_term_string"}],"inLanguage":"de"},{"@type":"Organization","@id":"https:\/\/sodablastsystems-europe.com\/de\/#organization","name":"SodaBlast Systems Europe","url":"https:\/\/sodablastsystems-europe.com\/de\/","logo":{"@type":"ImageObject","inLanguage":"de","@id":"https:\/\/sodablastsystems-europe.com\/de\/#\/schema\/logo\/image\/","url":"https:\/\/sodablastsystems-europe.com\/wp-content\/uploads\/2023\/08\/logo-sodablastsystems-usa-1.png","contentUrl":"https:\/\/sodablastsystems-europe.com\/wp-content\/uploads\/2023\/08\/logo-sodablastsystems-usa-1.png","width":200,"height":200,"caption":"SodaBlast Systems Europe"},"image":{"@id":"https:\/\/sodablastsystems-europe.com\/de\/#\/schema\/logo\/image\/"},"sameAs":["https:\/\/www.facebook.com\/sodablastsystems\/","https:\/\/www.tiktok.com\/@sodablast.systems","https:\/\/www.instagram.com\/sodablastsystems_europe\/","https:\/\/www.youtube.com\/@Sodablastsystems"]}]}},"_links":{"self":[{"href":"https:\/\/sodablastsystems-europe.com\/de\/wp-json\/wp\/v2\/pages\/6113","targetHints":{"allow":["GET"]}}],"collection":[{"href":"https:\/\/sodablastsystems-europe.com\/de\/wp-json\/wp\/v2\/pages"}],"about":[{"href":"https:\/\/sodablastsystems-europe.com\/de\/wp-json\/wp\/v2\/types\/page"}],"author":[{"embeddable":true,"href":"https:\/\/sodablastsystems-europe.com\/de\/wp-json\/wp\/v2\/users\/1"}],"replies":[{"embeddable":true,"href":"https:\/\/sodablastsystems-europe.com\/de\/wp-json\/wp\/v2\/comments?post=6113"}],"version-history":[{"count":1,"href":"https:\/\/sodablastsystems-europe.com\/de\/wp-json\/wp\/v2\/pages\/6113\/revisions"}],"predecessor-version":[{"id":6114,"href":"https:\/\/sodablastsystems-europe.com\/de\/wp-json\/wp\/v2\/pages\/6113\/revisions\/6114"}],"wp:attachment":[{"href":"https:\/\/sodablastsystems-europe.com\/de\/wp-json\/wp\/v2\/media?parent=6113"}],"curies":[{"name":"wp","href":"https:\/\/api.w.org\/{rel}","templated":true}]}}