{"id":1259,"date":"2023-08-27T11:22:59","date_gmt":"2023-08-27T11:22:59","guid":{"rendered":"https:\/\/sodablastsystems-europe.com\/allgemeine-geschaeftsbedingungen-fuer-die-website\/"},"modified":"2023-12-05T10:13:47","modified_gmt":"2023-12-05T10:13:47","slug":"allgemeine-geschaeftsbedingungen-fuer-die-website","status":"publish","type":"page","link":"https:\/\/sodablastsystems-europe.com\/de\/allgemeine-geschaeftsbedingungen-fuer-die-website\/","title":{"rendered":"Allgemeine Gesch\u00e4ftsbedingungen f\u00fcr die Website"},"content":{"rendered":"<ol class=\"wp-block-list\">\n<li>Die Website wurde unter der Domain SodaBlastSystems.pl am 27. November 2023 ver\u00f6ffentlicht, mit sp\u00e4teren \u00c4nderungen<\/li>\n\n\n\n<li>Der Eigent\u00fcmer der Website und der Domain ist &#8222;SBS SYSTEM&#8220; (im Folgenden: &#8222;SBS&#8220;) mit Sitz in Dzia\u0142kowa 6\/12, 97-300 Piotrk\u00f3w Tryb., Polen.<\/li>\n\n\n\n<li>Das auf der Website pr\u00e4sentierte Angebot ist kein Angebot im Sinne des Zivilgesetzbuches.<\/li>\n\n\n\n<li>Verk\u00e4ufe an Verbraucher sind ausgeschlossen. Verk\u00e4ufe sind nur f\u00fcr Unternehmen.<\/li>\n\n\n\n<li>Die Preise im Angebot sind Nettopreise + 23% Mehrwertsteuer oder die aktuelle Mehrwertsteuer im Falle gesetzlicher \u00c4nderungen.<\/li>\n\n\n\n<li>Preisgarantie: nur nach Erhalt eines schriftlichen Angebots in Form einer Proforma-Rechnung mit Zahlungsfrist per E-Mail von SBS.<\/li>\n\n\n\n<li>Lieferbedingungen: Selbstabholung in \u0141\u00f3d\u017a (EXW \u0141\u00f3d\u017a gem\u00e4\u00df INCOTERMS 2000).<\/li>\n\n\n\n<li>Geleistete Kautionen sind nicht r\u00fcckzahlbar.<\/li>\n\n\n\n<li>Alle Rechte vorbehalten.<\/li>\n\n\n\n<li>Die Nutzung, Verwertung, Vervielf\u00e4ltigung, Reproduktion und Ver\u00f6ffentlichung von Marken, Logos, Fotos, Grafiken, Filmen und Dokumenten ist ohne die schriftliche Zustimmung von SBS strengstens untersagt.<\/li>\n<\/ol>","protected":false},"excerpt":{"rendered":"","protected":false},"author":1,"featured_media":0,"parent":0,"menu_order":0,"comment_status":"closed","ping_status":"closed","template":"","meta":{"footnotes":""},"class_list":["post-1259","page","type-page","status-publish","hentry"],"yoast_head":"<!-- This site is optimized with the Yoast SEO Premium plugin v21.5 (Yoast SEO v21.5) - https:\/\/yoast.com\/wordpress\/plugins\/seo\/ -->\n<title>Allgemeine Gesch\u00e4ftsbedingungen f\u00fcr die Website - SodaBlast Systems<\/title>\n<meta name=\"robots\" content=\"index, follow, max-snippet:-1, max-image-preview:large, max-video-preview:-1\" \/>\n<link rel=\"canonical\" href=\"https:\/\/sodablastsystems-europe.com\/de\/allgemeine-geschaeftsbedingungen-fuer-die-website\/\" \/>\n<meta property=\"og:locale\" content=\"de_DE\" \/>\n<meta property=\"og:type\" content=\"article\" \/>\n<meta property=\"og:title\" content=\"Allgemeine Gesch\u00e4ftsbedingungen f\u00fcr die Website\" \/>\n<meta property=\"og:url\" content=\"https:\/\/sodablastsystems-europe.com\/de\/allgemeine-geschaeftsbedingungen-fuer-die-website\/\" \/>\n<meta property=\"og:site_name\" content=\"SodaBlast Systems\" \/>\n<meta property=\"article:publisher\" content=\"https:\/\/www.facebook.com\/sodablastsystems\/\" \/>\n<meta property=\"article:modified_time\" content=\"2023-12-05T10:13:47+00:00\" \/>\n<meta property=\"og:image\" content=\"https:\/\/sodablastsystems-europe.com\/wp-content\/uploads\/2023\/08\/logo-sodablastsystems-usa-1.png\" \/>\n\t<meta property=\"og:image:width\" content=\"200\" \/>\n\t<meta property=\"og:image:height\" content=\"200\" \/>\n\t<meta property=\"og:image:type\" content=\"image\/png\" \/>\n<meta name=\"twitter:card\" content=\"summary_large_image\" \/>\n<meta name=\"twitter:label1\" content=\"Gesch\u00e4tzte Lesezeit\" \/>\n\t<meta name=\"twitter:data1\" content=\"1\u00a0Minute\" \/>\n<script type=\"application\/ld+json\" class=\"yoast-schema-graph\">{\"@context\":\"https:\/\/schema.org\",\"@graph\":[{\"@type\":\"WebPage\",\"@id\":\"https:\/\/sodablastsystems-europe.com\/de\/allgemeine-geschaeftsbedingungen-fuer-die-website\/\",\"url\":\"https:\/\/sodablastsystems-europe.com\/de\/allgemeine-geschaeftsbedingungen-fuer-die-website\/\",\"name\":\"Allgemeine Gesch\u00e4ftsbedingungen f\u00fcr die Website - SodaBlast Systems\",\"isPartOf\":{\"@id\":\"https:\/\/sodablastsystems-europe.com\/de\/#website\"},\"datePublished\":\"2023-08-27T11:22:59+00:00\",\"dateModified\":\"2023-12-05T10:13:47+00:00\",\"breadcrumb\":{\"@id\":\"https:\/\/sodablastsystems-europe.com\/de\/allgemeine-geschaeftsbedingungen-fuer-die-website\/#breadcrumb\"},\"inLanguage\":\"de\",\"potentialAction\":[{\"@type\":\"ReadAction\",\"target\":[\"https:\/\/sodablastsystems-europe.com\/de\/allgemeine-geschaeftsbedingungen-fuer-die-website\/\"]}]},{\"@type\":\"BreadcrumbList\",\"@id\":\"https:\/\/sodablastsystems-europe.com\/de\/allgemeine-geschaeftsbedingungen-fuer-die-website\/#breadcrumb\",\"itemListElement\":[{\"@type\":\"ListItem\",\"position\":1,\"name\":\"Strona g\u0142\u00f3wna\",\"item\":\"https:\/\/sodablastsystems-europe.com\/de\/\"},{\"@type\":\"ListItem\",\"position\":2,\"name\":\"Allgemeine Gesch\u00e4ftsbedingungen f\u00fcr die Website\"}]},{\"@type\":\"WebSite\",\"@id\":\"https:\/\/sodablastsystems-europe.com\/de\/#website\",\"url\":\"https:\/\/sodablastsystems-europe.com\/de\/\",\"name\":\"SodaBlast Systems Europe\",\"description\":\"SodaBlasting Machines from USA. Innovative Technology For Your Business.\",\"publisher\":{\"@id\":\"https:\/\/sodablastsystems-europe.com\/de\/#organization\"},\"potentialAction\":[{\"@type\":\"SearchAction\",\"target\":{\"@type\":\"EntryPoint\",\"urlTemplate\":\"https:\/\/sodablastsystems-europe.com\/de\/?s={search_term_string}\"},\"query-input\":\"required name=search_term_string\"}],\"inLanguage\":\"de\"},{\"@type\":\"Organization\",\"@id\":\"https:\/\/sodablastsystems-europe.com\/de\/#organization\",\"name\":\"SodaBlast Systems Europe\",\"url\":\"https:\/\/sodablastsystems-europe.com\/de\/\",\"logo\":{\"@type\":\"ImageObject\",\"inLanguage\":\"de\",\"@id\":\"https:\/\/sodablastsystems-europe.com\/de\/#\/schema\/logo\/image\/\",\"url\":\"https:\/\/sodablastsystems-europe.com\/wp-content\/uploads\/2023\/08\/logo-sodablastsystems-usa-1.png\",\"contentUrl\":\"https:\/\/sodablastsystems-europe.com\/wp-content\/uploads\/2023\/08\/logo-sodablastsystems-usa-1.png\",\"width\":200,\"height\":200,\"caption\":\"SodaBlast Systems Europe\"},\"image\":{\"@id\":\"https:\/\/sodablastsystems-europe.com\/de\/#\/schema\/logo\/image\/\"},\"sameAs\":[\"https:\/\/www.facebook.com\/sodablastsystems\/\",\"https:\/\/www.tiktok.com\/@sodablast.systems\",\"https:\/\/www.instagram.com\/sodablastsystems_europe\/\",\"https:\/\/www.youtube.com\/@Sodablastsystems\"]}]}<\/script>\n<!-- \/ Yoast SEO Premium plugin. -->","yoast_head_json":{"title":"Allgemeine Gesch\u00e4ftsbedingungen f\u00fcr die Website - SodaBlast Systems","robots":{"index":"index","follow":"follow","max-snippet":"max-snippet:-1","max-image-preview":"max-image-preview:large","max-video-preview":"max-video-preview:-1"},"canonical":"https:\/\/sodablastsystems-europe.com\/de\/allgemeine-geschaeftsbedingungen-fuer-die-website\/","og_locale":"de_DE","og_type":"article","og_title":"Allgemeine Gesch\u00e4ftsbedingungen f\u00fcr die Website","og_url":"https:\/\/sodablastsystems-europe.com\/de\/allgemeine-geschaeftsbedingungen-fuer-die-website\/","og_site_name":"SodaBlast Systems","article_publisher":"https:\/\/www.facebook.com\/sodablastsystems\/","article_modified_time":"2023-12-05T10:13:47+00:00","og_image":[{"width":200,"height":200,"url":"https:\/\/sodablastsystems-europe.com\/wp-content\/uploads\/2023\/08\/logo-sodablastsystems-usa-1.png","type":"image\/png"}],"twitter_card":"summary_large_image","twitter_misc":{"Gesch\u00e4tzte Lesezeit":"1\u00a0Minute"},"schema":{"@context":"https:\/\/schema.org","@graph":[{"@type":"WebPage","@id":"https:\/\/sodablastsystems-europe.com\/de\/allgemeine-geschaeftsbedingungen-fuer-die-website\/","url":"https:\/\/sodablastsystems-europe.com\/de\/allgemeine-geschaeftsbedingungen-fuer-die-website\/","name":"Allgemeine Gesch\u00e4ftsbedingungen f\u00fcr die Website - SodaBlast Systems","isPartOf":{"@id":"https:\/\/sodablastsystems-europe.com\/de\/#website"},"datePublished":"2023-08-27T11:22:59+00:00","dateModified":"2023-12-05T10:13:47+00:00","breadcrumb":{"@id":"https:\/\/sodablastsystems-europe.com\/de\/allgemeine-geschaeftsbedingungen-fuer-die-website\/#breadcrumb"},"inLanguage":"de","potentialAction":[{"@type":"ReadAction","target":["https:\/\/sodablastsystems-europe.com\/de\/allgemeine-geschaeftsbedingungen-fuer-die-website\/"]}]},{"@type":"BreadcrumbList","@id":"https:\/\/sodablastsystems-europe.com\/de\/allgemeine-geschaeftsbedingungen-fuer-die-website\/#breadcrumb","itemListElement":[{"@type":"ListItem","position":1,"name":"Strona g\u0142\u00f3wna","item":"https:\/\/sodablastsystems-europe.com\/de\/"},{"@type":"ListItem","position":2,"name":"Allgemeine Gesch\u00e4ftsbedingungen f\u00fcr die Website"}]},{"@type":"WebSite","@id":"https:\/\/sodablastsystems-europe.com\/de\/#website","url":"https:\/\/sodablastsystems-europe.com\/de\/","name":"SodaBlast Systems Europe","description":"SodaBlasting Machines from USA. Innovative Technology For Your Business.","publisher":{"@id":"https:\/\/sodablastsystems-europe.com\/de\/#organization"},"potentialAction":[{"@type":"SearchAction","target":{"@type":"EntryPoint","urlTemplate":"https:\/\/sodablastsystems-europe.com\/de\/?s={search_term_string}"},"query-input":"required name=search_term_string"}],"inLanguage":"de"},{"@type":"Organization","@id":"https:\/\/sodablastsystems-europe.com\/de\/#organization","name":"SodaBlast Systems Europe","url":"https:\/\/sodablastsystems-europe.com\/de\/","logo":{"@type":"ImageObject","inLanguage":"de","@id":"https:\/\/sodablastsystems-europe.com\/de\/#\/schema\/logo\/image\/","url":"https:\/\/sodablastsystems-europe.com\/wp-content\/uploads\/2023\/08\/logo-sodablastsystems-usa-1.png","contentUrl":"https:\/\/sodablastsystems-europe.com\/wp-content\/uploads\/2023\/08\/logo-sodablastsystems-usa-1.png","width":200,"height":200,"caption":"SodaBlast Systems Europe"},"image":{"@id":"https:\/\/sodablastsystems-europe.com\/de\/#\/schema\/logo\/image\/"},"sameAs":["https:\/\/www.facebook.com\/sodablastsystems\/","https:\/\/www.tiktok.com\/@sodablast.systems","https:\/\/www.instagram.com\/sodablastsystems_europe\/","https:\/\/www.youtube.com\/@Sodablastsystems"]}]}},"_links":{"self":[{"href":"https:\/\/sodablastsystems-europe.com\/de\/wp-json\/wp\/v2\/pages\/1259","targetHints":{"allow":["GET"]}}],"collection":[{"href":"https:\/\/sodablastsystems-europe.com\/de\/wp-json\/wp\/v2\/pages"}],"about":[{"href":"https:\/\/sodablastsystems-europe.com\/de\/wp-json\/wp\/v2\/types\/page"}],"author":[{"embeddable":true,"href":"https:\/\/sodablastsystems-europe.com\/de\/wp-json\/wp\/v2\/users\/1"}],"replies":[{"embeddable":true,"href":"https:\/\/sodablastsystems-europe.com\/de\/wp-json\/wp\/v2\/comments?post=1259"}],"version-history":[{"count":1,"href":"https:\/\/sodablastsystems-europe.com\/de\/wp-json\/wp\/v2\/pages\/1259\/revisions"}],"predecessor-version":[{"id":1262,"href":"https:\/\/sodablastsystems-europe.com\/de\/wp-json\/wp\/v2\/pages\/1259\/revisions\/1262"}],"wp:attachment":[{"href":"https:\/\/sodablastsystems-europe.com\/de\/wp-json\/wp\/v2\/media?parent=1259"}],"curies":[{"name":"wp","href":"https:\/\/api.w.org\/{rel}","templated":true}]}}