{"id":1254,"date":"2023-08-27T08:06:35","date_gmt":"2023-08-27T08:06:35","guid":{"rendered":"https:\/\/sodablastsystems-europe.com\/vorher-nachher-effekte\/"},"modified":"2024-11-03T01:17:13","modified_gmt":"2024-11-03T01:17:13","slug":"vorher-nachher-effekte","status":"publish","type":"page","link":"https:\/\/sodablastsystems-europe.com\/de\/vorher-nachher-effekte\/","title":{"rendered":"Vorher-Nachher-Effekte"},"content":{"rendered":"<p><\/p>\n\n<h2 class=\"wp-block-heading has-x-large-font-size\" id=\"h-amazing-transformation-with-sodablast-systems\">Erstaunliche Verwandlung mit SodaBlast Systems<\/h2>\n\n<p>Entdecken Sie die Kraft des Sodastrahlens mit unseren &#8222;Vorher-Nachher&#8220;-Umbauten. SodaBlast Systems ist nicht nur eine Technologie, sondern auch eine Kunst der Wiederherstellung von Oberfl\u00e4chen in ihrem urspr\u00fcnglichen Glanz. Nachfolgend pr\u00e4sentieren wir Ihnen eine Galerie unserer Arbeit, in der jedes Foto eine Geschichte \u00fcber die Pr\u00e4zision, Sanftheit und Effizienz unserer Sodastrahlger\u00e4te erz\u00e4hlt.<\/p>\n\n<h3 class=\"wp-block-heading has-large-font-size\">&#8222;Vorher&#8220; &#8211; Die Sauberkeits-Herausforderung<\/h3>\n\n<p>Jedes &#8222;Vorher&#8220; hielt Momente fest, in denen die Oberfl\u00e4chen unerreichbar f\u00fcr eine Erneuerung schienen. Rost, Graffiti, Umweltverschmutzung &#8211; alles M\u00e4ngel, die ein sensibles, aber effektives Vorgehen erfordern.<\/p>\n\n<h3 class=\"wp-block-heading has-large-font-size\">&#8222;Nachher&#8220; &#8211; Die Wirkung des SodaBlast-Systems<\/h3>\n\n<p>Die &#8222;Nachher&#8220;-Effekte zeigen Ergebnisse, die sowohl unsere als auch die Erwartungen unserer Kunden \u00fcbertroffen haben. Sie zeugen von der Kraft des Natriumbikarbonats, das den Oberfl\u00e4chen ihr urspr\u00fcngliches Aussehen zur\u00fcckgibt, ohne ihre Struktur zu besch\u00e4digen.<\/p>\n\n<p>Wir laden Sie ein, sich Beispiele f\u00fcr unsere Leistungen anzuschauen. Jedes Foto ist ein Beweis daf\u00fcr, dass f\u00fcr SodaBlast Systems keine Aufgabe zu schwierig ist.<\/p>\n\n<p>Schieben Sie den Schieberegler auf dem Foto und sehen Sie den Unterschied:<\/p>\n<p>[bafg id=&#8220;320&#8243;]<\/p>\n<p>[bafg id=&#8220;318&#8243;]<\/p>\n<p>[bafg id=&#8220;322&#8243;]<\/p>\n<p>[bafg id=&#8220;324&#8243;]<\/p>\n<p>[bafg id=&#8220;325&#8243;]<\/p>\n<p>[bafg id=&#8220;326&#8243;]<\/p>\n<p>[bafg id=&#8220;328&#8243;]<\/p>\n<p>[bafg id=&#8220;329&#8243;]<\/p>\n<p>[bafg id=&#8220;330&#8243;]<\/p>\n<p>[bafg id=&#8220;331&#8243;]<\/p>\n<p>[bafg id=&#8220;332&#8243;]<\/p>\n<p>[bafg id=&#8220;334&#8243;]<\/p>\n<p>[bafg id=&#8220;335&#8243;]<\/p>\n<p>[bafg id=&#8220;337&#8243;]<\/p>\n<p>[bafg id=&#8220;338&#8243;]<\/p>\n<p>[bafg id=&#8220;339&#8243;]<\/p>\n<p>[bafg id=&#8220;340&#8243;]<\/p>\n<p>[bafg id=&#8220;341&#8243;]<\/p>\n<p>[bafg id=&#8220;342&#8243;]<\/p>\n<p>[bafg id=&#8220;343&#8243;]<\/p>\n<p>[bafg id=&#8220;345&#8243;]<\/p>\n<p>[bafg id=&#8220;346&#8243;]<\/p>\n<p>[bafg id=&#8220;347&#8243;]<\/p>\n<p>[bafg id=&#8220;348&#8243;]<\/p>\n<p>[bafg id=&#8220;349&#8243;]<\/p>\n<p>[bafg id=&#8220;350&#8243;]<\/p>\n<p>[bafg id=&#8220;351&#8243;]<\/p>\n<p>[bafg id=&#8220;352&#8243;]<\/p>\n<p>[bafg id=&#8220;353&#8243;]<\/p>\n<p>[bafg id=&#8220;354&#8243;]<\/p>\n<p>[bafg id=&#8220;355&#8243;]<\/p>\n<p>[bafg id=&#8220;356&#8243;]<\/p>\n<p>[bafg id=&#8220;357&#8243;]<\/p>\n<p>[bafg id=&#8220;358&#8243;]<\/p>\n<p>[bafg id=&#8220;359&#8243;]<\/p>\n<p>[bafg id=&#8220;360&#8243;]<\/p>\n<p>[bafg id=&#8220;361&#8243;]<\/p>","protected":false},"excerpt":{"rendered":"<p>Erstaunliche Verwandlung mit SodaBlast Systems Entdecken Sie die Kraft des Sodastrahlens mit unseren &#8222;Vorher-Nachher&#8220;-Umbauten. SodaBlast Systems ist nicht nur eine Technologie, sondern auch eine Kunst der Wiederherstellung von Oberfl\u00e4chen in ihrem urspr\u00fcnglichen Glanz. Nachfolgend pr\u00e4sentieren wir Ihnen eine Galerie unserer Arbeit, in der jedes Foto eine Geschichte \u00fcber die Pr\u00e4zision, Sanftheit und Effizienz unserer Sodastrahlger\u00e4te [&hellip;]<\/p>","protected":false},"author":1,"featured_media":0,"parent":0,"menu_order":0,"comment_status":"closed","ping_status":"closed","template":"","meta":{"footnotes":""},"class_list":["post-1254","page","type-page","status-publish","hentry"],"yoast_head":"<!-- This site is optimized with the Yoast SEO Premium plugin v21.5 (Yoast SEO v21.5) - https:\/\/yoast.com\/wordpress\/plugins\/seo\/ -->\n<title>Vorher-Nachher-Effekte von Soda Blasting - SodaBlast Systems<\/title>\n<meta name=\"description\" content=\"Entdecken Sie die transformative Kraft des Sodastrahlens mit SodaBlast Systems Europe. Sehen Sie sich unsere Vorher-\/Nachher-Galerie an, die die effektive Entfernung von Farbe, Rost und die Wiederherstellung von Oberfl\u00e4chen f\u00fcr verschiedene Anwendungen zeigt\" \/>\n<meta name=\"robots\" content=\"index, follow, max-snippet:-1, max-image-preview:large, max-video-preview:-1\" \/>\n<link rel=\"canonical\" href=\"https:\/\/sodablastsystems-europe.com\/de\/vorher-nachher-effekte\/\" \/>\n<meta property=\"og:locale\" content=\"de_DE\" \/>\n<meta property=\"og:type\" content=\"article\" \/>\n<meta property=\"og:title\" content=\"Vorher-Nachher-Effekte\" \/>\n<meta property=\"og:description\" content=\"Entdecken Sie die transformative Kraft des Sodastrahlens mit SodaBlast Systems Europe. Sehen Sie sich unsere Vorher-\/Nachher-Galerie an, die die effektive Entfernung von Farbe, Rost und die Wiederherstellung von Oberfl\u00e4chen f\u00fcr verschiedene Anwendungen zeigt\" \/>\n<meta property=\"og:url\" content=\"https:\/\/sodablastsystems-europe.com\/de\/vorher-nachher-effekte\/\" \/>\n<meta property=\"og:site_name\" content=\"SodaBlast Systems\" \/>\n<meta property=\"article:publisher\" content=\"https:\/\/www.facebook.com\/sodablastsystems\/\" \/>\n<meta property=\"article:modified_time\" content=\"2024-11-03T01:17:13+00:00\" \/>\n<meta property=\"og:image\" content=\"https:\/\/sodablastsystems-europe.com\/wp-content\/uploads\/2023\/08\/logo-sodablastsystems-usa-1.png\" \/>\n\t<meta property=\"og:image:width\" content=\"200\" \/>\n\t<meta property=\"og:image:height\" content=\"200\" \/>\n\t<meta property=\"og:image:type\" content=\"image\/png\" \/>\n<meta name=\"twitter:card\" content=\"summary_large_image\" \/>\n<meta name=\"twitter:label1\" content=\"Gesch\u00e4tzte Lesezeit\" \/>\n\t<meta name=\"twitter:data1\" content=\"1\u00a0Minute\" \/>\n<script type=\"application\/ld+json\" class=\"yoast-schema-graph\">{\"@context\":\"https:\/\/schema.org\",\"@graph\":[{\"@type\":\"WebPage\",\"@id\":\"https:\/\/sodablastsystems-europe.com\/de\/vorher-nachher-effekte\/\",\"url\":\"https:\/\/sodablastsystems-europe.com\/de\/vorher-nachher-effekte\/\",\"name\":\"Vorher-Nachher-Effekte von Soda Blasting - SodaBlast Systems\",\"isPartOf\":{\"@id\":\"https:\/\/sodablastsystems-europe.com\/de\/#website\"},\"datePublished\":\"2023-08-27T08:06:35+00:00\",\"dateModified\":\"2024-11-03T01:17:13+00:00\",\"description\":\"Entdecken Sie die transformative Kraft des Sodastrahlens mit SodaBlast Systems Europe. Sehen Sie sich unsere Vorher-\/Nachher-Galerie an, die die effektive Entfernung von Farbe, Rost und die Wiederherstellung von Oberfl\u00e4chen f\u00fcr verschiedene Anwendungen zeigt\",\"breadcrumb\":{\"@id\":\"https:\/\/sodablastsystems-europe.com\/de\/vorher-nachher-effekte\/#breadcrumb\"},\"inLanguage\":\"de\",\"potentialAction\":[{\"@type\":\"ReadAction\",\"target\":[\"https:\/\/sodablastsystems-europe.com\/de\/vorher-nachher-effekte\/\"]}]},{\"@type\":\"BreadcrumbList\",\"@id\":\"https:\/\/sodablastsystems-europe.com\/de\/vorher-nachher-effekte\/#breadcrumb\",\"itemListElement\":[{\"@type\":\"ListItem\",\"position\":1,\"name\":\"Strona g\u0142\u00f3wna\",\"item\":\"https:\/\/sodablastsystems-europe.com\/de\/\"},{\"@type\":\"ListItem\",\"position\":2,\"name\":\"Vorher-Nachher-Effekte\"}]},{\"@type\":\"WebSite\",\"@id\":\"https:\/\/sodablastsystems-europe.com\/de\/#website\",\"url\":\"https:\/\/sodablastsystems-europe.com\/de\/\",\"name\":\"SodaBlast Systems Europe\",\"description\":\"SodaBlasting Machines from USA. Innovative Technology For Your Business.\",\"publisher\":{\"@id\":\"https:\/\/sodablastsystems-europe.com\/de\/#organization\"},\"potentialAction\":[{\"@type\":\"SearchAction\",\"target\":{\"@type\":\"EntryPoint\",\"urlTemplate\":\"https:\/\/sodablastsystems-europe.com\/de\/?s={search_term_string}\"},\"query-input\":\"required name=search_term_string\"}],\"inLanguage\":\"de\"},{\"@type\":\"Organization\",\"@id\":\"https:\/\/sodablastsystems-europe.com\/de\/#organization\",\"name\":\"SodaBlast Systems Europe\",\"url\":\"https:\/\/sodablastsystems-europe.com\/de\/\",\"logo\":{\"@type\":\"ImageObject\",\"inLanguage\":\"de\",\"@id\":\"https:\/\/sodablastsystems-europe.com\/de\/#\/schema\/logo\/image\/\",\"url\":\"https:\/\/sodablastsystems-europe.com\/wp-content\/uploads\/2023\/08\/logo-sodablastsystems-usa-1.png\",\"contentUrl\":\"https:\/\/sodablastsystems-europe.com\/wp-content\/uploads\/2023\/08\/logo-sodablastsystems-usa-1.png\",\"width\":200,\"height\":200,\"caption\":\"SodaBlast Systems Europe\"},\"image\":{\"@id\":\"https:\/\/sodablastsystems-europe.com\/de\/#\/schema\/logo\/image\/\"},\"sameAs\":[\"https:\/\/www.facebook.com\/sodablastsystems\/\",\"https:\/\/www.tiktok.com\/@sodablast.systems\",\"https:\/\/www.instagram.com\/sodablastsystems_europe\/\",\"https:\/\/www.youtube.com\/@Sodablastsystems\"]}]}<\/script>\n<!-- \/ Yoast SEO Premium plugin. -->","yoast_head_json":{"title":"Vorher-Nachher-Effekte von Soda Blasting - SodaBlast Systems","description":"Entdecken Sie die transformative Kraft des Sodastrahlens mit SodaBlast Systems Europe. Sehen Sie sich unsere Vorher-\/Nachher-Galerie an, die die effektive Entfernung von Farbe, Rost und die Wiederherstellung von Oberfl\u00e4chen f\u00fcr verschiedene Anwendungen zeigt","robots":{"index":"index","follow":"follow","max-snippet":"max-snippet:-1","max-image-preview":"max-image-preview:large","max-video-preview":"max-video-preview:-1"},"canonical":"https:\/\/sodablastsystems-europe.com\/de\/vorher-nachher-effekte\/","og_locale":"de_DE","og_type":"article","og_title":"Vorher-Nachher-Effekte","og_description":"Entdecken Sie die transformative Kraft des Sodastrahlens mit SodaBlast Systems Europe. Sehen Sie sich unsere Vorher-\/Nachher-Galerie an, die die effektive Entfernung von Farbe, Rost und die Wiederherstellung von Oberfl\u00e4chen f\u00fcr verschiedene Anwendungen zeigt","og_url":"https:\/\/sodablastsystems-europe.com\/de\/vorher-nachher-effekte\/","og_site_name":"SodaBlast Systems","article_publisher":"https:\/\/www.facebook.com\/sodablastsystems\/","article_modified_time":"2024-11-03T01:17:13+00:00","og_image":[{"width":200,"height":200,"url":"https:\/\/sodablastsystems-europe.com\/wp-content\/uploads\/2023\/08\/logo-sodablastsystems-usa-1.png","type":"image\/png"}],"twitter_card":"summary_large_image","twitter_misc":{"Gesch\u00e4tzte Lesezeit":"1\u00a0Minute"},"schema":{"@context":"https:\/\/schema.org","@graph":[{"@type":"WebPage","@id":"https:\/\/sodablastsystems-europe.com\/de\/vorher-nachher-effekte\/","url":"https:\/\/sodablastsystems-europe.com\/de\/vorher-nachher-effekte\/","name":"Vorher-Nachher-Effekte von Soda Blasting - SodaBlast Systems","isPartOf":{"@id":"https:\/\/sodablastsystems-europe.com\/de\/#website"},"datePublished":"2023-08-27T08:06:35+00:00","dateModified":"2024-11-03T01:17:13+00:00","description":"Entdecken Sie die transformative Kraft des Sodastrahlens mit SodaBlast Systems Europe. Sehen Sie sich unsere Vorher-\/Nachher-Galerie an, die die effektive Entfernung von Farbe, Rost und die Wiederherstellung von Oberfl\u00e4chen f\u00fcr verschiedene Anwendungen zeigt","breadcrumb":{"@id":"https:\/\/sodablastsystems-europe.com\/de\/vorher-nachher-effekte\/#breadcrumb"},"inLanguage":"de","potentialAction":[{"@type":"ReadAction","target":["https:\/\/sodablastsystems-europe.com\/de\/vorher-nachher-effekte\/"]}]},{"@type":"BreadcrumbList","@id":"https:\/\/sodablastsystems-europe.com\/de\/vorher-nachher-effekte\/#breadcrumb","itemListElement":[{"@type":"ListItem","position":1,"name":"Strona g\u0142\u00f3wna","item":"https:\/\/sodablastsystems-europe.com\/de\/"},{"@type":"ListItem","position":2,"name":"Vorher-Nachher-Effekte"}]},{"@type":"WebSite","@id":"https:\/\/sodablastsystems-europe.com\/de\/#website","url":"https:\/\/sodablastsystems-europe.com\/de\/","name":"SodaBlast Systems Europe","description":"SodaBlasting Machines from USA. Innovative Technology For Your Business.","publisher":{"@id":"https:\/\/sodablastsystems-europe.com\/de\/#organization"},"potentialAction":[{"@type":"SearchAction","target":{"@type":"EntryPoint","urlTemplate":"https:\/\/sodablastsystems-europe.com\/de\/?s={search_term_string}"},"query-input":"required name=search_term_string"}],"inLanguage":"de"},{"@type":"Organization","@id":"https:\/\/sodablastsystems-europe.com\/de\/#organization","name":"SodaBlast Systems Europe","url":"https:\/\/sodablastsystems-europe.com\/de\/","logo":{"@type":"ImageObject","inLanguage":"de","@id":"https:\/\/sodablastsystems-europe.com\/de\/#\/schema\/logo\/image\/","url":"https:\/\/sodablastsystems-europe.com\/wp-content\/uploads\/2023\/08\/logo-sodablastsystems-usa-1.png","contentUrl":"https:\/\/sodablastsystems-europe.com\/wp-content\/uploads\/2023\/08\/logo-sodablastsystems-usa-1.png","width":200,"height":200,"caption":"SodaBlast Systems Europe"},"image":{"@id":"https:\/\/sodablastsystems-europe.com\/de\/#\/schema\/logo\/image\/"},"sameAs":["https:\/\/www.facebook.com\/sodablastsystems\/","https:\/\/www.tiktok.com\/@sodablast.systems","https:\/\/www.instagram.com\/sodablastsystems_europe\/","https:\/\/www.youtube.com\/@Sodablastsystems"]}]}},"_links":{"self":[{"href":"https:\/\/sodablastsystems-europe.com\/de\/wp-json\/wp\/v2\/pages\/1254","targetHints":{"allow":["GET"]}}],"collection":[{"href":"https:\/\/sodablastsystems-europe.com\/de\/wp-json\/wp\/v2\/pages"}],"about":[{"href":"https:\/\/sodablastsystems-europe.com\/de\/wp-json\/wp\/v2\/types\/page"}],"author":[{"embeddable":true,"href":"https:\/\/sodablastsystems-europe.com\/de\/wp-json\/wp\/v2\/users\/1"}],"replies":[{"embeddable":true,"href":"https:\/\/sodablastsystems-europe.com\/de\/wp-json\/wp\/v2\/comments?post=1254"}],"version-history":[{"count":1,"href":"https:\/\/sodablastsystems-europe.com\/de\/wp-json\/wp\/v2\/pages\/1254\/revisions"}],"predecessor-version":[{"id":1258,"href":"https:\/\/sodablastsystems-europe.com\/de\/wp-json\/wp\/v2\/pages\/1254\/revisions\/1258"}],"wp:attachment":[{"href":"https:\/\/sodablastsystems-europe.com\/de\/wp-json\/wp\/v2\/media?parent=1254"}],"curies":[{"name":"wp","href":"https:\/\/api.w.org\/{rel}","templated":true}]}}