{"id":1242,"date":"2023-08-27T08:07:29","date_gmt":"2023-08-27T08:07:29","guid":{"rendered":"https:\/\/sodablastsystems-europe.com\/30-minuten-reinigungskompilation\/"},"modified":"2026-01-08T09:56:16","modified_gmt":"2026-01-08T09:56:16","slug":"30-minuten-reinigungskompilation","status":"publish","type":"page","link":"https:\/\/sodablastsystems-europe.com\/de\/30-minuten-reinigungskompilation\/","title":{"rendered":"Videos"},"content":{"rendered":"<h1 class=\"wp-block-heading\" id=\"h-30-minute-cleaning-compilation\">30-Minuten-Reinigungskompilation<\/h1>\n\n<h2 class=\"wp-block-heading has-large-font-size\" id=\"h-authentic-soda-blasting-effects-sodablast-users-in-action\">Authentische Soda Blasting Effekte &#8211; SodaBlast Benutzer in Aktion<\/h2>\n\n<p>Wir laden Sie ein, sich authentische Videos anzusehen, die von unseren Nutzern aus ganz Europa eingesandt wurden. Diese Videos demonstrieren nicht nur die Effektivit\u00e4t der SodaBlast Systems-Maschinen, sondern zeigen auch die Vielfalt der Anwendungen und Live-Soda-Strahltechniken. Sehen Sie, wie unsere Kunden die Herausforderungen der Reinigung meistern und welche spektakul\u00e4ren Ergebnisse mit unseren L\u00f6sungen erzielt werden k\u00f6nnen. Jeder Clip ist ein echtes Erlebnis und eine wahre Verwandlung &#8211; renovierte Oberfl\u00e4chen erstrahlen wieder in neuem Glanz, und die Zufriedenheit \u00fcber eine gut ausgef\u00fchrte Arbeit ist deutlich sichtbar.<\/p>\n\n<p><strong>Anklicken und anschauen<\/strong>:<\/p>\n\n<lite-vimeo videoid=\"858282701\"><\/lite-vimeo>\n\n<p><\/p>","protected":false},"excerpt":{"rendered":"<p>30-Minuten-Reinigungskompilation Authentische Soda Blasting Effekte &#8211; SodaBlast Benutzer in Aktion Wir laden Sie ein, sich authentische Videos anzusehen, die von unseren Nutzern aus ganz Europa eingesandt wurden. Diese Videos demonstrieren nicht nur die Effektivit\u00e4t der SodaBlast Systems-Maschinen, sondern zeigen auch die Vielfalt der Anwendungen und Live-Soda-Strahltechniken. Sehen Sie, wie unsere Kunden die Herausforderungen der Reinigung [&hellip;]<\/p>","protected":false},"author":1,"featured_media":0,"parent":0,"menu_order":0,"comment_status":"closed","ping_status":"closed","template":"strona-bez-tytu-u","meta":{"footnotes":""},"class_list":["post-1242","page","type-page","status-publish","hentry"],"yoast_head":"<!-- This site is optimized with the Yoast SEO Premium plugin v21.5 (Yoast SEO v21.5) - https:\/\/yoast.com\/wordpress\/plugins\/seo\/ -->\n<title>Soda Blasting Videos Zusammenstellung - SodaBlast Systems<\/title>\n<meta name=\"description\" content=\"Sehen Sie sich unsere Zusammenstellung von Soda-Strahlvideos bei SodaBlast Systems Europe an. Entdecken Sie Anwendungen aus dem wirklichen Leben, die die Entfernung von Farbe und Rost, die Wiederherstellung von Oberfl\u00e4chen und umweltfreundliche Reinigungsl\u00f6sungen zeigen.\" \/>\n<meta name=\"robots\" content=\"index, follow, max-snippet:-1, max-image-preview:large, max-video-preview:-1\" \/>\n<link rel=\"canonical\" href=\"https:\/\/sodablastsystems-europe.com\/de\/30-minuten-reinigungskompilation\/\" \/>\n<meta property=\"og:locale\" content=\"de_DE\" \/>\n<meta property=\"og:type\" content=\"article\" \/>\n<meta property=\"og:title\" content=\"Soda Blasting Videos Zusammenstellung - SodaBlast Systems\" \/>\n<meta property=\"og:description\" content=\"Sehen Sie sich unsere Zusammenstellung von Soda-Strahlvideos bei SodaBlast Systems Europe an. Entdecken Sie Anwendungen aus dem wirklichen Leben, die die Entfernung von Farbe und Rost, die Wiederherstellung von Oberfl\u00e4chen und umweltfreundliche Reinigungsl\u00f6sungen zeigen.\" \/>\n<meta property=\"og:url\" content=\"https:\/\/sodablastsystems-europe.com\/de\/30-minuten-reinigungskompilation\/\" \/>\n<meta property=\"og:site_name\" content=\"SodaBlast Systems\" \/>\n<meta property=\"article:publisher\" content=\"https:\/\/www.facebook.com\/sodablastsystems\/\" \/>\n<meta property=\"article:modified_time\" content=\"2026-01-08T09:56:16+00:00\" \/>\n<meta property=\"og:image\" content=\"https:\/\/sodablastsystems-europe.com\/wp-content\/uploads\/2024\/01\/img_6871.jpeg\" \/>\n<meta name=\"twitter:card\" content=\"summary_large_image\" \/>\n<meta name=\"twitter:title\" content=\"Soda Blasting Videos Zusammenstellung - SodaBlast Systems\" \/>\n<meta name=\"twitter:description\" content=\"Sehen Sie sich unsere Zusammenstellung von Soda-Strahlvideos bei SodaBlast Systems Europe an. Entdecken Sie Anwendungen aus dem wirklichen Leben, die die Entfernung von Farbe und Rost, die Wiederherstellung von Oberfl\u00e4chen und umweltfreundliche Reinigungsl\u00f6sungen zeigen.\" \/>\n<meta name=\"twitter:label1\" content=\"Gesch\u00e4tzte Lesezeit\" \/>\n\t<meta name=\"twitter:data1\" content=\"1\u00a0Minute\" \/>\n<script type=\"application\/ld+json\" class=\"yoast-schema-graph\">{\"@context\":\"https:\/\/schema.org\",\"@graph\":[{\"@type\":\"WebPage\",\"@id\":\"https:\/\/sodablastsystems-europe.com\/de\/30-minuten-reinigungskompilation\/\",\"url\":\"https:\/\/sodablastsystems-europe.com\/de\/30-minuten-reinigungskompilation\/\",\"name\":\"Soda Blasting Videos Zusammenstellung - SodaBlast Systems\",\"isPartOf\":{\"@id\":\"https:\/\/sodablastsystems-europe.com\/de\/#website\"},\"datePublished\":\"2023-08-27T08:07:29+00:00\",\"dateModified\":\"2026-01-08T09:56:16+00:00\",\"description\":\"Sehen Sie sich unsere Zusammenstellung von Soda-Strahlvideos bei SodaBlast Systems Europe an. Entdecken Sie Anwendungen aus dem wirklichen Leben, die die Entfernung von Farbe und Rost, die Wiederherstellung von Oberfl\u00e4chen und umweltfreundliche Reinigungsl\u00f6sungen zeigen.\",\"breadcrumb\":{\"@id\":\"https:\/\/sodablastsystems-europe.com\/de\/30-minuten-reinigungskompilation\/#breadcrumb\"},\"inLanguage\":\"de\",\"potentialAction\":[{\"@type\":\"ReadAction\",\"target\":[\"https:\/\/sodablastsystems-europe.com\/de\/30-minuten-reinigungskompilation\/\"]}]},{\"@type\":\"BreadcrumbList\",\"@id\":\"https:\/\/sodablastsystems-europe.com\/de\/30-minuten-reinigungskompilation\/#breadcrumb\",\"itemListElement\":[{\"@type\":\"ListItem\",\"position\":1,\"name\":\"Strona g\u0142\u00f3wna\",\"item\":\"https:\/\/sodablastsystems-europe.com\/de\/\"},{\"@type\":\"ListItem\",\"position\":2,\"name\":\"Videos\"}]},{\"@type\":\"WebSite\",\"@id\":\"https:\/\/sodablastsystems-europe.com\/de\/#website\",\"url\":\"https:\/\/sodablastsystems-europe.com\/de\/\",\"name\":\"SodaBlast Systems Europe\",\"description\":\"SodaBlasting Machines from USA. Innovative Technology For Your Business.\",\"publisher\":{\"@id\":\"https:\/\/sodablastsystems-europe.com\/de\/#organization\"},\"potentialAction\":[{\"@type\":\"SearchAction\",\"target\":{\"@type\":\"EntryPoint\",\"urlTemplate\":\"https:\/\/sodablastsystems-europe.com\/de\/?s={search_term_string}\"},\"query-input\":\"required name=search_term_string\"}],\"inLanguage\":\"de\"},{\"@type\":\"Organization\",\"@id\":\"https:\/\/sodablastsystems-europe.com\/de\/#organization\",\"name\":\"SodaBlast Systems Europe\",\"url\":\"https:\/\/sodablastsystems-europe.com\/de\/\",\"logo\":{\"@type\":\"ImageObject\",\"inLanguage\":\"de\",\"@id\":\"https:\/\/sodablastsystems-europe.com\/de\/#\/schema\/logo\/image\/\",\"url\":\"https:\/\/sodablastsystems-europe.com\/wp-content\/uploads\/2023\/08\/logo-sodablastsystems-usa-1.png\",\"contentUrl\":\"https:\/\/sodablastsystems-europe.com\/wp-content\/uploads\/2023\/08\/logo-sodablastsystems-usa-1.png\",\"width\":200,\"height\":200,\"caption\":\"SodaBlast Systems Europe\"},\"image\":{\"@id\":\"https:\/\/sodablastsystems-europe.com\/de\/#\/schema\/logo\/image\/\"},\"sameAs\":[\"https:\/\/www.facebook.com\/sodablastsystems\/\",\"https:\/\/www.tiktok.com\/@sodablast.systems\",\"https:\/\/www.instagram.com\/sodablastsystems_europe\/\",\"https:\/\/www.youtube.com\/@Sodablastsystems\"]}]}<\/script>\n<!-- \/ Yoast SEO Premium plugin. -->","yoast_head_json":{"title":"Soda Blasting Videos Zusammenstellung - SodaBlast Systems","description":"Sehen Sie sich unsere Zusammenstellung von Soda-Strahlvideos bei SodaBlast Systems Europe an. Entdecken Sie Anwendungen aus dem wirklichen Leben, die die Entfernung von Farbe und Rost, die Wiederherstellung von Oberfl\u00e4chen und umweltfreundliche Reinigungsl\u00f6sungen zeigen.","robots":{"index":"index","follow":"follow","max-snippet":"max-snippet:-1","max-image-preview":"max-image-preview:large","max-video-preview":"max-video-preview:-1"},"canonical":"https:\/\/sodablastsystems-europe.com\/de\/30-minuten-reinigungskompilation\/","og_locale":"de_DE","og_type":"article","og_title":"Soda Blasting Videos Zusammenstellung - SodaBlast Systems","og_description":"Sehen Sie sich unsere Zusammenstellung von Soda-Strahlvideos bei SodaBlast Systems Europe an. Entdecken Sie Anwendungen aus dem wirklichen Leben, die die Entfernung von Farbe und Rost, die Wiederherstellung von Oberfl\u00e4chen und umweltfreundliche Reinigungsl\u00f6sungen zeigen.","og_url":"https:\/\/sodablastsystems-europe.com\/de\/30-minuten-reinigungskompilation\/","og_site_name":"SodaBlast Systems","article_publisher":"https:\/\/www.facebook.com\/sodablastsystems\/","article_modified_time":"2026-01-08T09:56:16+00:00","og_image":[{"url":"https:\/\/sodablastsystems-europe.com\/wp-content\/uploads\/2024\/01\/img_6871.jpeg"}],"twitter_card":"summary_large_image","twitter_title":"Soda Blasting Videos Zusammenstellung - SodaBlast Systems","twitter_description":"Sehen Sie sich unsere Zusammenstellung von Soda-Strahlvideos bei SodaBlast Systems Europe an. Entdecken Sie Anwendungen aus dem wirklichen Leben, die die Entfernung von Farbe und Rost, die Wiederherstellung von Oberfl\u00e4chen und umweltfreundliche Reinigungsl\u00f6sungen zeigen.","twitter_misc":{"Gesch\u00e4tzte Lesezeit":"1\u00a0Minute"},"schema":{"@context":"https:\/\/schema.org","@graph":[{"@type":"WebPage","@id":"https:\/\/sodablastsystems-europe.com\/de\/30-minuten-reinigungskompilation\/","url":"https:\/\/sodablastsystems-europe.com\/de\/30-minuten-reinigungskompilation\/","name":"Soda Blasting Videos Zusammenstellung - SodaBlast Systems","isPartOf":{"@id":"https:\/\/sodablastsystems-europe.com\/de\/#website"},"datePublished":"2023-08-27T08:07:29+00:00","dateModified":"2026-01-08T09:56:16+00:00","description":"Sehen Sie sich unsere Zusammenstellung von Soda-Strahlvideos bei SodaBlast Systems Europe an. Entdecken Sie Anwendungen aus dem wirklichen Leben, die die Entfernung von Farbe und Rost, die Wiederherstellung von Oberfl\u00e4chen und umweltfreundliche Reinigungsl\u00f6sungen zeigen.","breadcrumb":{"@id":"https:\/\/sodablastsystems-europe.com\/de\/30-minuten-reinigungskompilation\/#breadcrumb"},"inLanguage":"de","potentialAction":[{"@type":"ReadAction","target":["https:\/\/sodablastsystems-europe.com\/de\/30-minuten-reinigungskompilation\/"]}]},{"@type":"BreadcrumbList","@id":"https:\/\/sodablastsystems-europe.com\/de\/30-minuten-reinigungskompilation\/#breadcrumb","itemListElement":[{"@type":"ListItem","position":1,"name":"Strona g\u0142\u00f3wna","item":"https:\/\/sodablastsystems-europe.com\/de\/"},{"@type":"ListItem","position":2,"name":"Videos"}]},{"@type":"WebSite","@id":"https:\/\/sodablastsystems-europe.com\/de\/#website","url":"https:\/\/sodablastsystems-europe.com\/de\/","name":"SodaBlast Systems Europe","description":"SodaBlasting Machines from USA. Innovative Technology For Your Business.","publisher":{"@id":"https:\/\/sodablastsystems-europe.com\/de\/#organization"},"potentialAction":[{"@type":"SearchAction","target":{"@type":"EntryPoint","urlTemplate":"https:\/\/sodablastsystems-europe.com\/de\/?s={search_term_string}"},"query-input":"required name=search_term_string"}],"inLanguage":"de"},{"@type":"Organization","@id":"https:\/\/sodablastsystems-europe.com\/de\/#organization","name":"SodaBlast Systems Europe","url":"https:\/\/sodablastsystems-europe.com\/de\/","logo":{"@type":"ImageObject","inLanguage":"de","@id":"https:\/\/sodablastsystems-europe.com\/de\/#\/schema\/logo\/image\/","url":"https:\/\/sodablastsystems-europe.com\/wp-content\/uploads\/2023\/08\/logo-sodablastsystems-usa-1.png","contentUrl":"https:\/\/sodablastsystems-europe.com\/wp-content\/uploads\/2023\/08\/logo-sodablastsystems-usa-1.png","width":200,"height":200,"caption":"SodaBlast Systems Europe"},"image":{"@id":"https:\/\/sodablastsystems-europe.com\/de\/#\/schema\/logo\/image\/"},"sameAs":["https:\/\/www.facebook.com\/sodablastsystems\/","https:\/\/www.tiktok.com\/@sodablast.systems","https:\/\/www.instagram.com\/sodablastsystems_europe\/","https:\/\/www.youtube.com\/@Sodablastsystems"]}]}},"_links":{"self":[{"href":"https:\/\/sodablastsystems-europe.com\/de\/wp-json\/wp\/v2\/pages\/1242","targetHints":{"allow":["GET"]}}],"collection":[{"href":"https:\/\/sodablastsystems-europe.com\/de\/wp-json\/wp\/v2\/pages"}],"about":[{"href":"https:\/\/sodablastsystems-europe.com\/de\/wp-json\/wp\/v2\/types\/page"}],"author":[{"embeddable":true,"href":"https:\/\/sodablastsystems-europe.com\/de\/wp-json\/wp\/v2\/users\/1"}],"replies":[{"embeddable":true,"href":"https:\/\/sodablastsystems-europe.com\/de\/wp-json\/wp\/v2\/comments?post=1242"}],"version-history":[{"count":3,"href":"https:\/\/sodablastsystems-europe.com\/de\/wp-json\/wp\/v2\/pages\/1242\/revisions"}],"predecessor-version":[{"id":6504,"href":"https:\/\/sodablastsystems-europe.com\/de\/wp-json\/wp\/v2\/pages\/1242\/revisions\/6504"}],"wp:attachment":[{"href":"https:\/\/sodablastsystems-europe.com\/de\/wp-json\/wp\/v2\/media?parent=1242"}],"curies":[{"name":"wp","href":"https:\/\/api.w.org\/{rel}","templated":true}]}}