{"id":1241,"date":"2023-08-27T08:48:12","date_gmt":"2023-08-27T08:48:12","guid":{"rendered":"https:\/\/sodablastsystems-europe.com\/datenschutzbestimmungen\/"},"modified":"2023-12-05T10:01:52","modified_gmt":"2023-12-05T10:01:52","slug":"datenschutzbestimmungen","status":"publish","type":"page","link":"https:\/\/sodablastsystems-europe.com\/de\/datenschutzbestimmungen\/","title":{"rendered":"Datenschutzbestimmungen"},"content":{"rendered":"<p>Informationen zur Datenverarbeitung<\/p>\n\n<p>Der Verwalter Ihrer personenbezogenen Daten ist &#8222;SBS SYSTEM&#8220; (nachstehend &#8222;SBS&#8220; genannt) mit Sitz in Dzia\u0142kowa 6\/12, 97-300 Piotrk\u00f3w Tryb., Polen.<\/p>\n\n<p>Bei Fragen zu Ihren Daten wenden Sie sich bitte an den Datenschutzbeauftragten, Dzia\u0142kowa 6\/12, 97-300 Piotrk\u00f3w Tryb., Polen.<\/p>\n\n<p>Die Daten werden zum Zweck der Vermarktung eigener Produkte, der Bereitstellung von Informationen \u00fcber ihr Angebot und von Aktualisierungen im Zusammenhang mit der Technologie und dem Unternehmen verarbeitet.<\/p>\n\n<p>Die Zustimmung zur Verarbeitung wird durch das Ausf\u00fcllen eines Formulars auf den Websites der Dom\u00e4ne sodablastsystems.pl erteilt.<\/p>\n\n<p>SBS sammelt nur die notwendigen Daten, darunter: &#8211; E-Mail Adresse &#8211; Inhalt der E-Mail Korrespondenz<\/p>\n\n<p>Um eine Kopie Ihrer Daten zu erhalten, wenden Sie sich bitte an den Datenschutzbeauftragten. Die Daten werden f\u00fcr einen unbestimmten Zeitraum gespeichert.<\/p>\n\n<p>Die Daten k\u00f6nnen mit dem Hosting-Unternehmen, das SBS Hosting-Dienste anbietet, im Rahmen einer unterzeichneten Vereinbarung gemeinsam genutzt werden.<\/p>\n\n<p>Sie haben das Recht, auf Ihre personenbezogenen Daten zuzugreifen, sie zu korrigieren, zu l\u00f6schen oder ihre Verarbeitung einzuschr\u00e4nken.<\/p>\n\n<p>Sie haben das Recht, der weiteren Verarbeitung zu widersprechen und im Falle einer Einwilligung in die Datenverarbeitung diese zu widerrufen. Die Inanspruchnahme des Rechts auf Widerruf der Einwilligung hat keine Auswirkungen auf die Verarbeitung, die bis zum Widerruf der Einwilligung stattgefunden hat.<\/p>\n\n<p>Sie haben das Recht, eine Beschwerde bei der Aufsichtsbeh\u00f6rde, dem Pr\u00e4sidenten des Amtes f\u00fcr den Schutz personenbezogener Daten, einzureichen.<\/p>","protected":false},"excerpt":{"rendered":"<p>Informationen zur Datenverarbeitung Der Verwalter Ihrer personenbezogenen Daten ist &#8222;SBS SYSTEM&#8220; (nachstehend &#8222;SBS&#8220; genannt) mit Sitz in Dzia\u0142kowa 6\/12, 97-300 Piotrk\u00f3w Tryb., Polen. Bei Fragen zu Ihren Daten wenden Sie sich bitte an den Datenschutzbeauftragten, Dzia\u0142kowa 6\/12, 97-300 Piotrk\u00f3w Tryb., Polen. Die Daten werden zum Zweck der Vermarktung eigener Produkte, der Bereitstellung von Informationen \u00fcber [&hellip;]<\/p>","protected":false},"author":1,"featured_media":0,"parent":0,"menu_order":0,"comment_status":"closed","ping_status":"open","template":"","meta":{"footnotes":""},"class_list":["post-1241","page","type-page","status-publish","hentry"],"yoast_head":"<!-- This site is optimized with the Yoast SEO Premium plugin v21.5 (Yoast SEO v21.5) - https:\/\/yoast.com\/wordpress\/plugins\/seo\/ -->\n<title>Datenschutzbestimmungen - SodaBlast Systems<\/title>\n<meta name=\"robots\" content=\"index, follow, max-snippet:-1, max-image-preview:large, max-video-preview:-1\" \/>\n<link rel=\"canonical\" href=\"https:\/\/sodablastsystems-europe.com\/de\/datenschutzbestimmungen\/\" \/>\n<meta property=\"og:locale\" content=\"de_DE\" \/>\n<meta property=\"og:type\" content=\"article\" \/>\n<meta property=\"og:title\" content=\"Datenschutzbestimmungen\" \/>\n<meta property=\"og:description\" content=\"Informationen zur Datenverarbeitung Der Verwalter Ihrer personenbezogenen Daten ist &#8222;SBS SYSTEM&#8220; (nachstehend &#8222;SBS&#8220; genannt) mit Sitz in Dzia\u0142kowa 6\/12, 97-300 Piotrk\u00f3w Tryb., Polen. Bei Fragen zu Ihren Daten wenden Sie sich bitte an den Datenschutzbeauftragten, Dzia\u0142kowa 6\/12, 97-300 Piotrk\u00f3w Tryb., Polen. Die Daten werden zum Zweck der Vermarktung eigener Produkte, der Bereitstellung von Informationen \u00fcber [&hellip;]\" \/>\n<meta property=\"og:url\" content=\"https:\/\/sodablastsystems-europe.com\/de\/datenschutzbestimmungen\/\" \/>\n<meta property=\"og:site_name\" content=\"SodaBlast Systems\" \/>\n<meta property=\"article:publisher\" content=\"https:\/\/www.facebook.com\/sodablastsystems\/\" \/>\n<meta property=\"article:modified_time\" content=\"2023-12-05T10:01:52+00:00\" \/>\n<meta property=\"og:image\" content=\"https:\/\/sodablastsystems-europe.com\/wp-content\/uploads\/2023\/08\/logo-sodablastsystems-usa-1.png\" \/>\n\t<meta property=\"og:image:width\" content=\"200\" \/>\n\t<meta property=\"og:image:height\" content=\"200\" \/>\n\t<meta property=\"og:image:type\" content=\"image\/png\" \/>\n<meta name=\"twitter:card\" content=\"summary_large_image\" \/>\n<meta name=\"twitter:label1\" content=\"Gesch\u00e4tzte Lesezeit\" \/>\n\t<meta name=\"twitter:data1\" content=\"1\u00a0Minute\" \/>\n<script type=\"application\/ld+json\" class=\"yoast-schema-graph\">{\"@context\":\"https:\/\/schema.org\",\"@graph\":[{\"@type\":\"WebPage\",\"@id\":\"https:\/\/sodablastsystems-europe.com\/de\/datenschutzbestimmungen\/\",\"url\":\"https:\/\/sodablastsystems-europe.com\/de\/datenschutzbestimmungen\/\",\"name\":\"Datenschutzbestimmungen - SodaBlast Systems\",\"isPartOf\":{\"@id\":\"https:\/\/sodablastsystems-europe.com\/de\/#website\"},\"datePublished\":\"2023-08-27T08:48:12+00:00\",\"dateModified\":\"2023-12-05T10:01:52+00:00\",\"breadcrumb\":{\"@id\":\"https:\/\/sodablastsystems-europe.com\/de\/datenschutzbestimmungen\/#breadcrumb\"},\"inLanguage\":\"de\",\"potentialAction\":[{\"@type\":\"ReadAction\",\"target\":[\"https:\/\/sodablastsystems-europe.com\/de\/datenschutzbestimmungen\/\"]}]},{\"@type\":\"BreadcrumbList\",\"@id\":\"https:\/\/sodablastsystems-europe.com\/de\/datenschutzbestimmungen\/#breadcrumb\",\"itemListElement\":[{\"@type\":\"ListItem\",\"position\":1,\"name\":\"Strona g\u0142\u00f3wna\",\"item\":\"https:\/\/sodablastsystems-europe.com\/de\/\"},{\"@type\":\"ListItem\",\"position\":2,\"name\":\"Datenschutzbestimmungen\"}]},{\"@type\":\"WebSite\",\"@id\":\"https:\/\/sodablastsystems-europe.com\/de\/#website\",\"url\":\"https:\/\/sodablastsystems-europe.com\/de\/\",\"name\":\"SodaBlast Systems Europe\",\"description\":\"SodaBlasting Machines from USA. Innovative Technology For Your Business.\",\"publisher\":{\"@id\":\"https:\/\/sodablastsystems-europe.com\/de\/#organization\"},\"potentialAction\":[{\"@type\":\"SearchAction\",\"target\":{\"@type\":\"EntryPoint\",\"urlTemplate\":\"https:\/\/sodablastsystems-europe.com\/de\/?s={search_term_string}\"},\"query-input\":\"required name=search_term_string\"}],\"inLanguage\":\"de\"},{\"@type\":\"Organization\",\"@id\":\"https:\/\/sodablastsystems-europe.com\/de\/#organization\",\"name\":\"SodaBlast Systems Europe\",\"url\":\"https:\/\/sodablastsystems-europe.com\/de\/\",\"logo\":{\"@type\":\"ImageObject\",\"inLanguage\":\"de\",\"@id\":\"https:\/\/sodablastsystems-europe.com\/de\/#\/schema\/logo\/image\/\",\"url\":\"https:\/\/sodablastsystems-europe.com\/wp-content\/uploads\/2023\/08\/logo-sodablastsystems-usa-1.png\",\"contentUrl\":\"https:\/\/sodablastsystems-europe.com\/wp-content\/uploads\/2023\/08\/logo-sodablastsystems-usa-1.png\",\"width\":200,\"height\":200,\"caption\":\"SodaBlast Systems Europe\"},\"image\":{\"@id\":\"https:\/\/sodablastsystems-europe.com\/de\/#\/schema\/logo\/image\/\"},\"sameAs\":[\"https:\/\/www.facebook.com\/sodablastsystems\/\",\"https:\/\/www.tiktok.com\/@sodablast.systems\",\"https:\/\/www.instagram.com\/sodablastsystems_europe\/\",\"https:\/\/www.youtube.com\/@Sodablastsystems\"]}]}<\/script>\n<!-- \/ Yoast SEO Premium plugin. -->","yoast_head_json":{"title":"Datenschutzbestimmungen - SodaBlast Systems","robots":{"index":"index","follow":"follow","max-snippet":"max-snippet:-1","max-image-preview":"max-image-preview:large","max-video-preview":"max-video-preview:-1"},"canonical":"https:\/\/sodablastsystems-europe.com\/de\/datenschutzbestimmungen\/","og_locale":"de_DE","og_type":"article","og_title":"Datenschutzbestimmungen","og_description":"Informationen zur Datenverarbeitung Der Verwalter Ihrer personenbezogenen Daten ist &#8222;SBS SYSTEM&#8220; (nachstehend &#8222;SBS&#8220; genannt) mit Sitz in Dzia\u0142kowa 6\/12, 97-300 Piotrk\u00f3w Tryb., Polen. Bei Fragen zu Ihren Daten wenden Sie sich bitte an den Datenschutzbeauftragten, Dzia\u0142kowa 6\/12, 97-300 Piotrk\u00f3w Tryb., Polen. Die Daten werden zum Zweck der Vermarktung eigener Produkte, der Bereitstellung von Informationen \u00fcber [&hellip;]","og_url":"https:\/\/sodablastsystems-europe.com\/de\/datenschutzbestimmungen\/","og_site_name":"SodaBlast Systems","article_publisher":"https:\/\/www.facebook.com\/sodablastsystems\/","article_modified_time":"2023-12-05T10:01:52+00:00","og_image":[{"width":200,"height":200,"url":"https:\/\/sodablastsystems-europe.com\/wp-content\/uploads\/2023\/08\/logo-sodablastsystems-usa-1.png","type":"image\/png"}],"twitter_card":"summary_large_image","twitter_misc":{"Gesch\u00e4tzte Lesezeit":"1\u00a0Minute"},"schema":{"@context":"https:\/\/schema.org","@graph":[{"@type":"WebPage","@id":"https:\/\/sodablastsystems-europe.com\/de\/datenschutzbestimmungen\/","url":"https:\/\/sodablastsystems-europe.com\/de\/datenschutzbestimmungen\/","name":"Datenschutzbestimmungen - SodaBlast Systems","isPartOf":{"@id":"https:\/\/sodablastsystems-europe.com\/de\/#website"},"datePublished":"2023-08-27T08:48:12+00:00","dateModified":"2023-12-05T10:01:52+00:00","breadcrumb":{"@id":"https:\/\/sodablastsystems-europe.com\/de\/datenschutzbestimmungen\/#breadcrumb"},"inLanguage":"de","potentialAction":[{"@type":"ReadAction","target":["https:\/\/sodablastsystems-europe.com\/de\/datenschutzbestimmungen\/"]}]},{"@type":"BreadcrumbList","@id":"https:\/\/sodablastsystems-europe.com\/de\/datenschutzbestimmungen\/#breadcrumb","itemListElement":[{"@type":"ListItem","position":1,"name":"Strona g\u0142\u00f3wna","item":"https:\/\/sodablastsystems-europe.com\/de\/"},{"@type":"ListItem","position":2,"name":"Datenschutzbestimmungen"}]},{"@type":"WebSite","@id":"https:\/\/sodablastsystems-europe.com\/de\/#website","url":"https:\/\/sodablastsystems-europe.com\/de\/","name":"SodaBlast Systems Europe","description":"SodaBlasting Machines from USA. Innovative Technology For Your Business.","publisher":{"@id":"https:\/\/sodablastsystems-europe.com\/de\/#organization"},"potentialAction":[{"@type":"SearchAction","target":{"@type":"EntryPoint","urlTemplate":"https:\/\/sodablastsystems-europe.com\/de\/?s={search_term_string}"},"query-input":"required name=search_term_string"}],"inLanguage":"de"},{"@type":"Organization","@id":"https:\/\/sodablastsystems-europe.com\/de\/#organization","name":"SodaBlast Systems Europe","url":"https:\/\/sodablastsystems-europe.com\/de\/","logo":{"@type":"ImageObject","inLanguage":"de","@id":"https:\/\/sodablastsystems-europe.com\/de\/#\/schema\/logo\/image\/","url":"https:\/\/sodablastsystems-europe.com\/wp-content\/uploads\/2023\/08\/logo-sodablastsystems-usa-1.png","contentUrl":"https:\/\/sodablastsystems-europe.com\/wp-content\/uploads\/2023\/08\/logo-sodablastsystems-usa-1.png","width":200,"height":200,"caption":"SodaBlast Systems Europe"},"image":{"@id":"https:\/\/sodablastsystems-europe.com\/de\/#\/schema\/logo\/image\/"},"sameAs":["https:\/\/www.facebook.com\/sodablastsystems\/","https:\/\/www.tiktok.com\/@sodablast.systems","https:\/\/www.instagram.com\/sodablastsystems_europe\/","https:\/\/www.youtube.com\/@Sodablastsystems"]}]}},"_links":{"self":[{"href":"https:\/\/sodablastsystems-europe.com\/de\/wp-json\/wp\/v2\/pages\/1241","targetHints":{"allow":["GET"]}}],"collection":[{"href":"https:\/\/sodablastsystems-europe.com\/de\/wp-json\/wp\/v2\/pages"}],"about":[{"href":"https:\/\/sodablastsystems-europe.com\/de\/wp-json\/wp\/v2\/types\/page"}],"author":[{"embeddable":true,"href":"https:\/\/sodablastsystems-europe.com\/de\/wp-json\/wp\/v2\/users\/1"}],"replies":[{"embeddable":true,"href":"https:\/\/sodablastsystems-europe.com\/de\/wp-json\/wp\/v2\/comments?post=1241"}],"version-history":[{"count":1,"href":"https:\/\/sodablastsystems-europe.com\/de\/wp-json\/wp\/v2\/pages\/1241\/revisions"}],"predecessor-version":[{"id":1244,"href":"https:\/\/sodablastsystems-europe.com\/de\/wp-json\/wp\/v2\/pages\/1241\/revisions\/1244"}],"wp:attachment":[{"href":"https:\/\/sodablastsystems-europe.com\/de\/wp-json\/wp\/v2\/media?parent=1241"}],"curies":[{"name":"wp","href":"https:\/\/api.w.org\/{rel}","templated":true}]}}