{"id":6147,"date":"2025-02-17T14:24:04","date_gmt":"2025-02-17T14:24:04","guid":{"rendered":"https:\/\/sodablastsystems-europe.com\/specifikation-af-sb-500-trailer-med-dpf\/"},"modified":"2025-02-17T14:26:41","modified_gmt":"2025-02-17T14:26:41","slug":"specifikation-af-sb-500-trailer-med-dpf","status":"publish","type":"page","link":"https:\/\/sodablastsystems-europe.com\/da\/specifikation-af-sb-500-trailer-med-dpf\/","title":{"rendered":"Specifikation af &#8220;SB-500 Trailer&#8221; med DPF"},"content":{"rendered":"<p><strong>Komplet, trekomponent, transportabelt og klar til brug-s\u00e6t:<\/strong><\/p>\n\n<p><strong>SodaBlaster-spr\u00e6ngningssektion:<\/strong><\/p>\n\n<ul class=\"wp-block-list\">\n<li>SB-500 blaster tank<\/li>\n\n\n\n<li>1 sekunds selvforseglende tragtluge<\/li>\n\n\n\n<li>Lufttryksregulator<\/li>\n\n\n\n<li>Regulator for slibemiddelm\u00e6ngde<\/li>\n\n\n\n<li>Elektrisk fjernbetjening med 15 m kabel<\/li>\n\n\n\n<li>Ren lufttilslutning til valgfrit v\u00e6rkt\u00f8j<\/li>\n\n\n\n<li>340o roterende bl\u00e6seslangeudgang<\/li>\n\n\n\n<li>Lydd\u00e6mper til luftudst\u00f8dning fra blastertank<\/li>\n<\/ul>\n\n<p><strong>Blaster-k\u00f8lesystem:<\/strong><\/p>\n\n<ul class=\"wp-block-list\">\n<li>MT-3 Selvforsynende luftt\u00f8rrer<\/li>\n\n\n\n<li>CF-125 Cyklon-luftfilter<\/li>\n\n\n\n<li>10 bar trykk\u00f8ler<\/li>\n\n\n\n<li>H\u00f8jhastighedsventilator<\/li>\n<\/ul>\n\n<p><strong>Luftkompressor med skrue:<\/strong><\/p>\n\n<ul class=\"wp-block-list\">\n<li>Kubota firecylindret turboladet motor<\/li>\n\n\n\n<li>33 kW motoreffekt<\/li>\n\n\n\n<li>1.498 liter motorkapacitet<\/li>\n\n\n\n<li>12V elektrisk installation<\/li>\n\n\n\n<li>45 liters br\u00e6ndstoftank<\/li>\n\n\n\n<li>LCD-sk\u00e6rm<\/li>\n\n\n\n<li>STOP-n\u00f8dafbryder<\/li>\n\n\n\n<li>Internt lydisoleret kompressorhus<\/li>\n\n\n\n<li>Anti-korrosionsbeskyttelse til C3-milj\u00f8er med h\u00f8j luftfugtighed<\/li>\n\n\n\n<li>Lydd\u00e6mper til udst\u00f8dning af kompressorluft<\/li>\n\n\n\n<li>Overholder EU STAGE V-standarden for forbr\u00e6ndingsmotorer<\/li>\n\n\n\n<li>I overensstemmelse med st\u00f8jemissionsstandard 2000\/14\/EF<\/li>\n<\/ul>\n\n<p><strong>Vejchassis:<\/strong><\/p>\n\n<ul class=\"wp-block-list\">\n<li>Europ\u00e6isk godkendelse af specialtrailer<\/li>\n\n\n\n<li>CNC-fremstillet konstruktion<\/li>\n\n\n\n<li>AL-KO chassis-komponenter<\/li>\n\n\n\n<li>2 aksler = 4 hjul, M+S 13C-d\u00e6k<\/li>\n\n\n\n<li>P\u00e5l\u00f8bs-, n\u00f8d- og parkeringsbremse<\/li>\n\n\n\n<li>Kuglekobling til anh\u00e6ngertr\u00e6k med kobling og slidindikator<\/li>\n\n\n\n<li>4 justerbare nivelleringsst\u00f8tter til chassiset<\/li>\n\n\n\n<li>Reservehjul i fuld st\u00f8rrelse<\/li>\n\n\n\n<li>13-pin elektrisk installation af vejbelysning<\/li>\n<\/ul>\n\n<p><strong>Inkluderet tilbeh\u00f8r &#8211; Grundpakke:<\/strong><\/p>\n\n<ul class=\"wp-block-list\">\n<li>HV-5 rund dyse (8 mm)<\/li>\n\n\n\n<li>Vandadapter til dyse<\/li>\n\n\n\n<li>Tragt til at h\u00e6lde slibemiddel<\/li>\n\n\n\n<li>15 m kontrolkabel<\/li>\n\n\n\n<li>15 m vandslange<\/li>\n\n\n\n<li>Bl\u00e6seslange 15 m<\/li>\n<\/ul>","protected":false},"excerpt":{"rendered":"<p>Komplet, trekomponent, transportabelt og klar til brug-s\u00e6t: SodaBlaster-spr\u00e6ngningssektion: Blaster-k\u00f8lesystem: Luftkompressor med skrue: Vejchassis: Inkluderet tilbeh\u00f8r &#8211; Grundpakke:<\/p>","protected":false},"author":1,"featured_media":0,"parent":0,"menu_order":0,"comment_status":"closed","ping_status":"closed","template":"","meta":{"footnotes":""},"class_list":["post-6147","page","type-page","status-publish","hentry"],"yoast_head":"<!-- This site is optimized with the Yoast SEO Premium plugin v21.5 (Yoast SEO v21.5) - https:\/\/yoast.com\/wordpress\/plugins\/seo\/ -->\n<title>Specifikation af &quot;SB-500 Trailer&quot; med DPF - SodaBlast Systems<\/title>\n<meta name=\"robots\" content=\"index, follow, max-snippet:-1, max-image-preview:large, max-video-preview:-1\" \/>\n<link rel=\"canonical\" href=\"https:\/\/sodablastsystems-europe.com\/da\/specifikation-af-sb-500-trailer-med-dpf\/\" \/>\n<meta property=\"og:locale\" content=\"da_DK\" \/>\n<meta property=\"og:type\" content=\"article\" \/>\n<meta property=\"og:title\" content=\"Specifikation af &quot;SB-500 Trailer&quot; med DPF\" \/>\n<meta property=\"og:description\" content=\"Komplet, trekomponent, transportabelt og klar til brug-s\u00e6t: SodaBlaster-spr\u00e6ngningssektion: Blaster-k\u00f8lesystem: Luftkompressor med skrue: Vejchassis: Inkluderet tilbeh\u00f8r &#8211; Grundpakke:\" \/>\n<meta property=\"og:url\" content=\"https:\/\/sodablastsystems-europe.com\/da\/specifikation-af-sb-500-trailer-med-dpf\/\" \/>\n<meta property=\"og:site_name\" content=\"SodaBlast Systems\" \/>\n<meta property=\"article:publisher\" content=\"https:\/\/www.facebook.com\/sodablastsystems\/\" \/>\n<meta property=\"article:modified_time\" content=\"2025-02-17T14:26:41+00:00\" \/>\n<meta property=\"og:image\" content=\"https:\/\/sodablastsystems-europe.com\/wp-content\/uploads\/2023\/08\/logo-sodablastsystems-usa-1.png\" \/>\n\t<meta property=\"og:image:width\" content=\"200\" \/>\n\t<meta property=\"og:image:height\" content=\"200\" \/>\n\t<meta property=\"og:image:type\" content=\"image\/png\" \/>\n<meta name=\"twitter:card\" content=\"summary_large_image\" \/>\n<meta name=\"twitter:label1\" content=\"Estimeret l\u00e6setid\" \/>\n\t<meta name=\"twitter:data1\" content=\"1 minut\" \/>\n<script type=\"application\/ld+json\" class=\"yoast-schema-graph\">{\"@context\":\"https:\/\/schema.org\",\"@graph\":[{\"@type\":\"WebPage\",\"@id\":\"https:\/\/sodablastsystems-europe.com\/da\/specifikation-af-sb-500-trailer-med-dpf\/\",\"url\":\"https:\/\/sodablastsystems-europe.com\/da\/specifikation-af-sb-500-trailer-med-dpf\/\",\"name\":\"Specifikation af \\\"SB-500 Trailer\\\" med DPF - SodaBlast Systems\",\"isPartOf\":{\"@id\":\"https:\/\/sodablastsystems-europe.com\/da\/#website\"},\"datePublished\":\"2025-02-17T14:24:04+00:00\",\"dateModified\":\"2025-02-17T14:26:41+00:00\",\"breadcrumb\":{\"@id\":\"https:\/\/sodablastsystems-europe.com\/da\/specifikation-af-sb-500-trailer-med-dpf\/#breadcrumb\"},\"inLanguage\":\"da-DK\",\"potentialAction\":[{\"@type\":\"ReadAction\",\"target\":[\"https:\/\/sodablastsystems-europe.com\/da\/specifikation-af-sb-500-trailer-med-dpf\/\"]}]},{\"@type\":\"BreadcrumbList\",\"@id\":\"https:\/\/sodablastsystems-europe.com\/da\/specifikation-af-sb-500-trailer-med-dpf\/#breadcrumb\",\"itemListElement\":[{\"@type\":\"ListItem\",\"position\":1,\"name\":\"Strona g\u0142\u00f3wna\",\"item\":\"https:\/\/sodablastsystems-europe.com\/da\/\"},{\"@type\":\"ListItem\",\"position\":2,\"name\":\"Specifikation af \u00ab\u00a0SB-500 Trailer\u00a0\u00bb med DPF\"}]},{\"@type\":\"WebSite\",\"@id\":\"https:\/\/sodablastsystems-europe.com\/da\/#website\",\"url\":\"https:\/\/sodablastsystems-europe.com\/da\/\",\"name\":\"SodaBlast Systems Europe\",\"description\":\"SodaBlasting Machines from USA. Innovative Technology For Your Business.\",\"publisher\":{\"@id\":\"https:\/\/sodablastsystems-europe.com\/da\/#organization\"},\"potentialAction\":[{\"@type\":\"SearchAction\",\"target\":{\"@type\":\"EntryPoint\",\"urlTemplate\":\"https:\/\/sodablastsystems-europe.com\/da\/?s={search_term_string}\"},\"query-input\":\"required name=search_term_string\"}],\"inLanguage\":\"da-DK\"},{\"@type\":\"Organization\",\"@id\":\"https:\/\/sodablastsystems-europe.com\/da\/#organization\",\"name\":\"SodaBlast Systems Europe\",\"url\":\"https:\/\/sodablastsystems-europe.com\/da\/\",\"logo\":{\"@type\":\"ImageObject\",\"inLanguage\":\"da-DK\",\"@id\":\"https:\/\/sodablastsystems-europe.com\/da\/#\/schema\/logo\/image\/\",\"url\":\"https:\/\/sodablastsystems-europe.com\/wp-content\/uploads\/2023\/08\/logo-sodablastsystems-usa-1.png\",\"contentUrl\":\"https:\/\/sodablastsystems-europe.com\/wp-content\/uploads\/2023\/08\/logo-sodablastsystems-usa-1.png\",\"width\":200,\"height\":200,\"caption\":\"SodaBlast Systems Europe\"},\"image\":{\"@id\":\"https:\/\/sodablastsystems-europe.com\/da\/#\/schema\/logo\/image\/\"},\"sameAs\":[\"https:\/\/www.facebook.com\/sodablastsystems\/\",\"https:\/\/www.tiktok.com\/@sodablast.systems\",\"https:\/\/www.instagram.com\/sodablastsystems_europe\/\",\"https:\/\/www.youtube.com\/@Sodablastsystems\"]}]}<\/script>\n<!-- \/ Yoast SEO Premium plugin. -->","yoast_head_json":{"title":"Specifikation af \"SB-500 Trailer\" med DPF - SodaBlast Systems","robots":{"index":"index","follow":"follow","max-snippet":"max-snippet:-1","max-image-preview":"max-image-preview:large","max-video-preview":"max-video-preview:-1"},"canonical":"https:\/\/sodablastsystems-europe.com\/da\/specifikation-af-sb-500-trailer-med-dpf\/","og_locale":"da_DK","og_type":"article","og_title":"Specifikation af \"SB-500 Trailer\" med DPF","og_description":"Komplet, trekomponent, transportabelt og klar til brug-s\u00e6t: SodaBlaster-spr\u00e6ngningssektion: Blaster-k\u00f8lesystem: Luftkompressor med skrue: Vejchassis: Inkluderet tilbeh\u00f8r &#8211; Grundpakke:","og_url":"https:\/\/sodablastsystems-europe.com\/da\/specifikation-af-sb-500-trailer-med-dpf\/","og_site_name":"SodaBlast Systems","article_publisher":"https:\/\/www.facebook.com\/sodablastsystems\/","article_modified_time":"2025-02-17T14:26:41+00:00","og_image":[{"width":200,"height":200,"url":"https:\/\/sodablastsystems-europe.com\/wp-content\/uploads\/2023\/08\/logo-sodablastsystems-usa-1.png","type":"image\/png"}],"twitter_card":"summary_large_image","twitter_misc":{"Estimeret l\u00e6setid":"1 minut"},"schema":{"@context":"https:\/\/schema.org","@graph":[{"@type":"WebPage","@id":"https:\/\/sodablastsystems-europe.com\/da\/specifikation-af-sb-500-trailer-med-dpf\/","url":"https:\/\/sodablastsystems-europe.com\/da\/specifikation-af-sb-500-trailer-med-dpf\/","name":"Specifikation af \"SB-500 Trailer\" med DPF - SodaBlast Systems","isPartOf":{"@id":"https:\/\/sodablastsystems-europe.com\/da\/#website"},"datePublished":"2025-02-17T14:24:04+00:00","dateModified":"2025-02-17T14:26:41+00:00","breadcrumb":{"@id":"https:\/\/sodablastsystems-europe.com\/da\/specifikation-af-sb-500-trailer-med-dpf\/#breadcrumb"},"inLanguage":"da-DK","potentialAction":[{"@type":"ReadAction","target":["https:\/\/sodablastsystems-europe.com\/da\/specifikation-af-sb-500-trailer-med-dpf\/"]}]},{"@type":"BreadcrumbList","@id":"https:\/\/sodablastsystems-europe.com\/da\/specifikation-af-sb-500-trailer-med-dpf\/#breadcrumb","itemListElement":[{"@type":"ListItem","position":1,"name":"Strona g\u0142\u00f3wna","item":"https:\/\/sodablastsystems-europe.com\/da\/"},{"@type":"ListItem","position":2,"name":"Specifikation af \u00ab\u00a0SB-500 Trailer\u00a0\u00bb med DPF"}]},{"@type":"WebSite","@id":"https:\/\/sodablastsystems-europe.com\/da\/#website","url":"https:\/\/sodablastsystems-europe.com\/da\/","name":"SodaBlast Systems Europe","description":"SodaBlasting Machines from USA. Innovative Technology For Your Business.","publisher":{"@id":"https:\/\/sodablastsystems-europe.com\/da\/#organization"},"potentialAction":[{"@type":"SearchAction","target":{"@type":"EntryPoint","urlTemplate":"https:\/\/sodablastsystems-europe.com\/da\/?s={search_term_string}"},"query-input":"required name=search_term_string"}],"inLanguage":"da-DK"},{"@type":"Organization","@id":"https:\/\/sodablastsystems-europe.com\/da\/#organization","name":"SodaBlast Systems Europe","url":"https:\/\/sodablastsystems-europe.com\/da\/","logo":{"@type":"ImageObject","inLanguage":"da-DK","@id":"https:\/\/sodablastsystems-europe.com\/da\/#\/schema\/logo\/image\/","url":"https:\/\/sodablastsystems-europe.com\/wp-content\/uploads\/2023\/08\/logo-sodablastsystems-usa-1.png","contentUrl":"https:\/\/sodablastsystems-europe.com\/wp-content\/uploads\/2023\/08\/logo-sodablastsystems-usa-1.png","width":200,"height":200,"caption":"SodaBlast Systems Europe"},"image":{"@id":"https:\/\/sodablastsystems-europe.com\/da\/#\/schema\/logo\/image\/"},"sameAs":["https:\/\/www.facebook.com\/sodablastsystems\/","https:\/\/www.tiktok.com\/@sodablast.systems","https:\/\/www.instagram.com\/sodablastsystems_europe\/","https:\/\/www.youtube.com\/@Sodablastsystems"]}]}},"_links":{"self":[{"href":"https:\/\/sodablastsystems-europe.com\/da\/wp-json\/wp\/v2\/pages\/6147","targetHints":{"allow":["GET"]}}],"collection":[{"href":"https:\/\/sodablastsystems-europe.com\/da\/wp-json\/wp\/v2\/pages"}],"about":[{"href":"https:\/\/sodablastsystems-europe.com\/da\/wp-json\/wp\/v2\/types\/page"}],"author":[{"embeddable":true,"href":"https:\/\/sodablastsystems-europe.com\/da\/wp-json\/wp\/v2\/users\/1"}],"replies":[{"embeddable":true,"href":"https:\/\/sodablastsystems-europe.com\/da\/wp-json\/wp\/v2\/comments?post=6147"}],"version-history":[{"count":1,"href":"https:\/\/sodablastsystems-europe.com\/da\/wp-json\/wp\/v2\/pages\/6147\/revisions"}],"predecessor-version":[{"id":6148,"href":"https:\/\/sodablastsystems-europe.com\/da\/wp-json\/wp\/v2\/pages\/6147\/revisions\/6148"}],"wp:attachment":[{"href":"https:\/\/sodablastsystems-europe.com\/da\/wp-json\/wp\/v2\/media?parent=6147"}],"curies":[{"name":"wp","href":"https:\/\/api.w.org\/{rel}","templated":true}]}}