{"id":1408,"date":"2023-08-27T08:07:29","date_gmt":"2023-08-27T08:07:29","guid":{"rendered":"https:\/\/sodablastsystems-europe.com\/30-minutters-rengoeringskompilation\/"},"modified":"2026-01-08T09:56:10","modified_gmt":"2026-01-08T09:56:10","slug":"30-minutters-rengoeringskompilation","status":"publish","type":"page","link":"https:\/\/sodablastsystems-europe.com\/da\/30-minutters-rengoeringskompilation\/","title":{"rendered":"Videoer"},"content":{"rendered":"<h1 class=\"wp-block-heading\" id=\"h-30-minute-cleaning-compilation\">30-minutters reng\u00f8ringskompilation<\/h1>\n\n<h2 class=\"wp-block-heading has-large-font-size\" id=\"h-authentic-soda-blasting-effects-sodablast-users-in-action\">Autentiske sodaspr\u00e6ngningseffekter &#8211; SodaBlast-brugere i aktion<\/h2>\n\n<p>Vi inviterer dig til at se autentiske videoer sendt af vores brugere fra hele Europa. Disse videoer demonstrerer ikke kun effektiviteten af SodaBlast Systems maskiner, men viser ogs\u00e5 de mange forskellige anvendelsesmuligheder og live sodabl\u00e6sningsteknikker. Se, hvordan vores kunder tackler reng\u00f8ringsudfordringer, og de spektakul\u00e6re resultater, der kan opn\u00e5s med vores l\u00f8sninger. Hvert klip er en \u00e6gte oplevelse og en sand forvandling &#8211; renoverede overflader genvinder deres glans, og tilfredsheden med et veludf\u00f8rt stykke arbejde er tydeligt synlig.<\/p>\n\n<p><strong>Klik og se<\/strong>:<\/p>\n\n<lite-vimeo videoid=\"858282701\"><\/lite-vimeo>\n\n<p><\/p>","protected":false},"excerpt":{"rendered":"<p>30-minutters reng\u00f8ringskompilation Autentiske sodaspr\u00e6ngningseffekter &#8211; SodaBlast-brugere i aktion Vi inviterer dig til at se autentiske videoer sendt af vores brugere fra hele Europa. Disse videoer demonstrerer ikke kun effektiviteten af SodaBlast Systems maskiner, men viser ogs\u00e5 de mange forskellige anvendelsesmuligheder og live sodabl\u00e6sningsteknikker. Se, hvordan vores kunder tackler reng\u00f8ringsudfordringer, og de spektakul\u00e6re resultater, der kan [&hellip;]<\/p>","protected":false},"author":1,"featured_media":0,"parent":0,"menu_order":0,"comment_status":"closed","ping_status":"closed","template":"strona-bez-tytu-u","meta":{"footnotes":""},"class_list":["post-1408","page","type-page","status-publish","hentry"],"yoast_head":"<!-- This site is optimized with the Yoast SEO Premium plugin v21.5 (Yoast SEO v21.5) - https:\/\/yoast.com\/wordpress\/plugins\/seo\/ -->\n<title>Soda Blasting Videos Compilation - SodaBlast Systems<\/title>\n<meta name=\"description\" content=\"Se vores samling af videoer om sodabl\u00e6sning hos SodaBlast Systems Europe. Oplev virkelige anvendelser, der viser fjernelse af maling og rust, restaurering af overflader og milj\u00f8venlige reng\u00f8ringsl\u00f8sninger.\" \/>\n<meta name=\"robots\" content=\"index, follow, max-snippet:-1, max-image-preview:large, max-video-preview:-1\" \/>\n<link rel=\"canonical\" href=\"https:\/\/sodablastsystems-europe.com\/da\/30-minutters-rengoeringskompilation\/\" \/>\n<meta property=\"og:locale\" content=\"da_DK\" \/>\n<meta property=\"og:type\" content=\"article\" \/>\n<meta property=\"og:title\" content=\"Soda Blasting Videos Compilation - SodaBlast Systems\" \/>\n<meta property=\"og:description\" content=\"Se vores samling af videoer om sodabl\u00e6sning hos SodaBlast Systems Europe. Oplev virkelige anvendelser, der viser fjernelse af maling og rust, restaurering af overflader og milj\u00f8venlige reng\u00f8ringsl\u00f8sninger.\" \/>\n<meta property=\"og:url\" content=\"https:\/\/sodablastsystems-europe.com\/da\/30-minutters-rengoeringskompilation\/\" \/>\n<meta property=\"og:site_name\" content=\"SodaBlast Systems\" \/>\n<meta property=\"article:publisher\" content=\"https:\/\/www.facebook.com\/sodablastsystems\/\" \/>\n<meta property=\"article:modified_time\" content=\"2026-01-08T09:56:10+00:00\" \/>\n<meta property=\"og:image\" content=\"https:\/\/sodablastsystems-europe.com\/wp-content\/uploads\/2024\/01\/img_6871.jpeg\" \/>\n<meta name=\"twitter:card\" content=\"summary_large_image\" \/>\n<meta name=\"twitter:title\" content=\"Soda Blasting Videos Compilation - SodaBlast Systems\" \/>\n<meta name=\"twitter:description\" content=\"Se vores samling af videoer om sodabl\u00e6sning hos SodaBlast Systems Europe. Oplev virkelige anvendelser, der viser fjernelse af maling og rust, restaurering af overflader og milj\u00f8venlige reng\u00f8ringsl\u00f8sninger.\" \/>\n<script type=\"application\/ld+json\" class=\"yoast-schema-graph\">{\"@context\":\"https:\/\/schema.org\",\"@graph\":[{\"@type\":\"WebPage\",\"@id\":\"https:\/\/sodablastsystems-europe.com\/da\/30-minutters-rengoeringskompilation\/\",\"url\":\"https:\/\/sodablastsystems-europe.com\/da\/30-minutters-rengoeringskompilation\/\",\"name\":\"Soda Blasting Videos Compilation - SodaBlast Systems\",\"isPartOf\":{\"@id\":\"https:\/\/sodablastsystems-europe.com\/da\/#website\"},\"datePublished\":\"2023-08-27T08:07:29+00:00\",\"dateModified\":\"2026-01-08T09:56:10+00:00\",\"description\":\"Se vores samling af videoer om sodabl\u00e6sning hos SodaBlast Systems Europe. Oplev virkelige anvendelser, der viser fjernelse af maling og rust, restaurering af overflader og milj\u00f8venlige reng\u00f8ringsl\u00f8sninger.\",\"breadcrumb\":{\"@id\":\"https:\/\/sodablastsystems-europe.com\/da\/30-minutters-rengoeringskompilation\/#breadcrumb\"},\"inLanguage\":\"da-DK\",\"potentialAction\":[{\"@type\":\"ReadAction\",\"target\":[\"https:\/\/sodablastsystems-europe.com\/da\/30-minutters-rengoeringskompilation\/\"]}]},{\"@type\":\"BreadcrumbList\",\"@id\":\"https:\/\/sodablastsystems-europe.com\/da\/30-minutters-rengoeringskompilation\/#breadcrumb\",\"itemListElement\":[{\"@type\":\"ListItem\",\"position\":1,\"name\":\"Strona g\u0142\u00f3wna\",\"item\":\"https:\/\/sodablastsystems-europe.com\/da\/\"},{\"@type\":\"ListItem\",\"position\":2,\"name\":\"Videoer\"}]},{\"@type\":\"WebSite\",\"@id\":\"https:\/\/sodablastsystems-europe.com\/da\/#website\",\"url\":\"https:\/\/sodablastsystems-europe.com\/da\/\",\"name\":\"SodaBlast Systems Europe\",\"description\":\"SodaBlasting Machines from USA. Innovative Technology For Your Business.\",\"publisher\":{\"@id\":\"https:\/\/sodablastsystems-europe.com\/da\/#organization\"},\"potentialAction\":[{\"@type\":\"SearchAction\",\"target\":{\"@type\":\"EntryPoint\",\"urlTemplate\":\"https:\/\/sodablastsystems-europe.com\/da\/?s={search_term_string}\"},\"query-input\":\"required name=search_term_string\"}],\"inLanguage\":\"da-DK\"},{\"@type\":\"Organization\",\"@id\":\"https:\/\/sodablastsystems-europe.com\/da\/#organization\",\"name\":\"SodaBlast Systems Europe\",\"url\":\"https:\/\/sodablastsystems-europe.com\/da\/\",\"logo\":{\"@type\":\"ImageObject\",\"inLanguage\":\"da-DK\",\"@id\":\"https:\/\/sodablastsystems-europe.com\/da\/#\/schema\/logo\/image\/\",\"url\":\"https:\/\/sodablastsystems-europe.com\/wp-content\/uploads\/2023\/08\/logo-sodablastsystems-usa-1.png\",\"contentUrl\":\"https:\/\/sodablastsystems-europe.com\/wp-content\/uploads\/2023\/08\/logo-sodablastsystems-usa-1.png\",\"width\":200,\"height\":200,\"caption\":\"SodaBlast Systems Europe\"},\"image\":{\"@id\":\"https:\/\/sodablastsystems-europe.com\/da\/#\/schema\/logo\/image\/\"},\"sameAs\":[\"https:\/\/www.facebook.com\/sodablastsystems\/\",\"https:\/\/www.tiktok.com\/@sodablast.systems\",\"https:\/\/www.instagram.com\/sodablastsystems_europe\/\",\"https:\/\/www.youtube.com\/@Sodablastsystems\"]}]}<\/script>\n<!-- \/ Yoast SEO Premium plugin. -->","yoast_head_json":{"title":"Soda Blasting Videos Compilation - SodaBlast Systems","description":"Se vores samling af videoer om sodabl\u00e6sning hos SodaBlast Systems Europe. Oplev virkelige anvendelser, der viser fjernelse af maling og rust, restaurering af overflader og milj\u00f8venlige reng\u00f8ringsl\u00f8sninger.","robots":{"index":"index","follow":"follow","max-snippet":"max-snippet:-1","max-image-preview":"max-image-preview:large","max-video-preview":"max-video-preview:-1"},"canonical":"https:\/\/sodablastsystems-europe.com\/da\/30-minutters-rengoeringskompilation\/","og_locale":"da_DK","og_type":"article","og_title":"Soda Blasting Videos Compilation - SodaBlast Systems","og_description":"Se vores samling af videoer om sodabl\u00e6sning hos SodaBlast Systems Europe. Oplev virkelige anvendelser, der viser fjernelse af maling og rust, restaurering af overflader og milj\u00f8venlige reng\u00f8ringsl\u00f8sninger.","og_url":"https:\/\/sodablastsystems-europe.com\/da\/30-minutters-rengoeringskompilation\/","og_site_name":"SodaBlast Systems","article_publisher":"https:\/\/www.facebook.com\/sodablastsystems\/","article_modified_time":"2026-01-08T09:56:10+00:00","og_image":[{"url":"https:\/\/sodablastsystems-europe.com\/wp-content\/uploads\/2024\/01\/img_6871.jpeg"}],"twitter_card":"summary_large_image","twitter_title":"Soda Blasting Videos Compilation - SodaBlast Systems","twitter_description":"Se vores samling af videoer om sodabl\u00e6sning hos SodaBlast Systems Europe. Oplev virkelige anvendelser, der viser fjernelse af maling og rust, restaurering af overflader og milj\u00f8venlige reng\u00f8ringsl\u00f8sninger.","schema":{"@context":"https:\/\/schema.org","@graph":[{"@type":"WebPage","@id":"https:\/\/sodablastsystems-europe.com\/da\/30-minutters-rengoeringskompilation\/","url":"https:\/\/sodablastsystems-europe.com\/da\/30-minutters-rengoeringskompilation\/","name":"Soda Blasting Videos Compilation - SodaBlast Systems","isPartOf":{"@id":"https:\/\/sodablastsystems-europe.com\/da\/#website"},"datePublished":"2023-08-27T08:07:29+00:00","dateModified":"2026-01-08T09:56:10+00:00","description":"Se vores samling af videoer om sodabl\u00e6sning hos SodaBlast Systems Europe. Oplev virkelige anvendelser, der viser fjernelse af maling og rust, restaurering af overflader og milj\u00f8venlige reng\u00f8ringsl\u00f8sninger.","breadcrumb":{"@id":"https:\/\/sodablastsystems-europe.com\/da\/30-minutters-rengoeringskompilation\/#breadcrumb"},"inLanguage":"da-DK","potentialAction":[{"@type":"ReadAction","target":["https:\/\/sodablastsystems-europe.com\/da\/30-minutters-rengoeringskompilation\/"]}]},{"@type":"BreadcrumbList","@id":"https:\/\/sodablastsystems-europe.com\/da\/30-minutters-rengoeringskompilation\/#breadcrumb","itemListElement":[{"@type":"ListItem","position":1,"name":"Strona g\u0142\u00f3wna","item":"https:\/\/sodablastsystems-europe.com\/da\/"},{"@type":"ListItem","position":2,"name":"Videoer"}]},{"@type":"WebSite","@id":"https:\/\/sodablastsystems-europe.com\/da\/#website","url":"https:\/\/sodablastsystems-europe.com\/da\/","name":"SodaBlast Systems Europe","description":"SodaBlasting Machines from USA. Innovative Technology For Your Business.","publisher":{"@id":"https:\/\/sodablastsystems-europe.com\/da\/#organization"},"potentialAction":[{"@type":"SearchAction","target":{"@type":"EntryPoint","urlTemplate":"https:\/\/sodablastsystems-europe.com\/da\/?s={search_term_string}"},"query-input":"required name=search_term_string"}],"inLanguage":"da-DK"},{"@type":"Organization","@id":"https:\/\/sodablastsystems-europe.com\/da\/#organization","name":"SodaBlast Systems Europe","url":"https:\/\/sodablastsystems-europe.com\/da\/","logo":{"@type":"ImageObject","inLanguage":"da-DK","@id":"https:\/\/sodablastsystems-europe.com\/da\/#\/schema\/logo\/image\/","url":"https:\/\/sodablastsystems-europe.com\/wp-content\/uploads\/2023\/08\/logo-sodablastsystems-usa-1.png","contentUrl":"https:\/\/sodablastsystems-europe.com\/wp-content\/uploads\/2023\/08\/logo-sodablastsystems-usa-1.png","width":200,"height":200,"caption":"SodaBlast Systems Europe"},"image":{"@id":"https:\/\/sodablastsystems-europe.com\/da\/#\/schema\/logo\/image\/"},"sameAs":["https:\/\/www.facebook.com\/sodablastsystems\/","https:\/\/www.tiktok.com\/@sodablast.systems","https:\/\/www.instagram.com\/sodablastsystems_europe\/","https:\/\/www.youtube.com\/@Sodablastsystems"]}]}},"_links":{"self":[{"href":"https:\/\/sodablastsystems-europe.com\/da\/wp-json\/wp\/v2\/pages\/1408","targetHints":{"allow":["GET"]}}],"collection":[{"href":"https:\/\/sodablastsystems-europe.com\/da\/wp-json\/wp\/v2\/pages"}],"about":[{"href":"https:\/\/sodablastsystems-europe.com\/da\/wp-json\/wp\/v2\/types\/page"}],"author":[{"embeddable":true,"href":"https:\/\/sodablastsystems-europe.com\/da\/wp-json\/wp\/v2\/users\/1"}],"replies":[{"embeddable":true,"href":"https:\/\/sodablastsystems-europe.com\/da\/wp-json\/wp\/v2\/comments?post=1408"}],"version-history":[{"count":3,"href":"https:\/\/sodablastsystems-europe.com\/da\/wp-json\/wp\/v2\/pages\/1408\/revisions"}],"predecessor-version":[{"id":6503,"href":"https:\/\/sodablastsystems-europe.com\/da\/wp-json\/wp\/v2\/pages\/1408\/revisions\/6503"}],"wp:attachment":[{"href":"https:\/\/sodablastsystems-europe.com\/da\/wp-json\/wp\/v2\/media?parent=1408"}],"curies":[{"name":"wp","href":"https:\/\/api.w.org\/{rel}","templated":true}]}}