{"id":1295,"date":"2023-08-27T08:06:52","date_gmt":"2023-08-27T08:06:52","guid":{"rendered":"https:\/\/sodablastsystems-europe.com\/kontakt\/"},"modified":"2026-01-08T10:19:37","modified_gmt":"2026-01-08T10:19:37","slug":"kontakt","status":"publish","type":"page","link":"https:\/\/sodablastsystems-europe.com\/da\/kontakt\/","title":{"rendered":"Kontakt os"},"content":{"rendered":"<h1 class=\"wp-block-heading\" id=\"h-contact\">Kontakt<\/h1>\n\n<h2 class=\"wp-block-heading has-x-large-font-size\" id=\"h-sodablast-systems-europe\"><strong>SodaBlast Systems Europa<\/strong><\/h2>\n\n<p>Eksklusiv distribut\u00f8r for producenten.<\/p>\n\n<figure class=\"wp-block-gallery has-nested-images columns-default is-cropped wp-block-gallery-1 is-layout-flex wp-block-gallery-is-layout-flex\">\n<figure class=\"wp-block-image size-large\"><img decoding=\"async\" width=\"1024\" height=\"927\" data-id=\"445\" src=\"https:\/\/sodablastsystems-europe.com\/wp-content\/uploads\/2023\/09\/IMG_1163-1024x927.jpg\" alt=\"Maszyna do sodowania ze swoim w&#x142;a&#x15B;cicielem\" class=\"wp-image-445\" srcset=\"https:\/\/sodablastsystems-europe.com\/wp-content\/uploads\/2023\/09\/IMG_1163-1024x927.jpg 1024w,  https:\/\/sodablastsystems-europe.com\/wp-content\/uploads\/2023\/09\/IMG_1163-300x272.jpg 300w,  https:\/\/sodablastsystems-europe.com\/wp-content\/uploads\/2023\/09\/IMG_1163-768x695.jpg 768w,  https:\/\/sodablastsystems-europe.com\/wp-content\/uploads\/2023\/09\/IMG_1163-1536x1390.jpg 1536w,  https:\/\/sodablastsystems-europe.com\/wp-content\/uploads\/2023\/09\/IMG_1163-2048x1854.jpg 2048w\" sizes=\"(max-width: 1024px) 100vw, 1024px\" \/><\/figure>\n\n\n\n<figure class=\"wp-block-image size-large\"><img decoding=\"async\" width=\"1024\" height=\"768\" data-id=\"449\" src=\"https:\/\/sodablastsystems-europe.com\/wp-content\/uploads\/2023\/09\/IMG_8765_Original-1024x768.jpg\" alt=\"Maszyna do sodowania ze swoim w&#x142;a&#x15B;cicielem\" class=\"wp-image-449\" srcset=\"https:\/\/sodablastsystems-europe.com\/wp-content\/uploads\/2023\/09\/IMG_8765_Original-1024x768.jpg 1024w,  https:\/\/sodablastsystems-europe.com\/wp-content\/uploads\/2023\/09\/IMG_8765_Original-300x225.jpg 300w,  https:\/\/sodablastsystems-europe.com\/wp-content\/uploads\/2023\/09\/IMG_8765_Original-768x576.jpg 768w,  https:\/\/sodablastsystems-europe.com\/wp-content\/uploads\/2023\/09\/IMG_8765_Original-1536x1152.jpg 1536w,  https:\/\/sodablastsystems-europe.com\/wp-content\/uploads\/2023\/09\/IMG_8765_Original-2048x1536.jpg 2048w\" sizes=\"(max-width: 1024px) 100vw, 1024px\" \/><\/figure>\n\n\n\n<figure class=\"wp-block-image size-large\"><img decoding=\"async\" width=\"1024\" height=\"664\" data-id=\"442\" src=\"https:\/\/sodablastsystems-europe.com\/wp-content\/uploads\/2023\/09\/97BEDAC4-E1E2-4B47-8E6F-AE3210FB5928_Original-1024x664.jpg\" alt=\"Maszyna do sodowania ze swoim w&#x142;a&#x15B;cicielem\" class=\"wp-image-442\" srcset=\"https:\/\/sodablastsystems-europe.com\/wp-content\/uploads\/2023\/09\/97BEDAC4-E1E2-4B47-8E6F-AE3210FB5928_Original-1024x664.jpg 1024w,  https:\/\/sodablastsystems-europe.com\/wp-content\/uploads\/2023\/09\/97BEDAC4-E1E2-4B47-8E6F-AE3210FB5928_Original-300x194.jpg 300w,  https:\/\/sodablastsystems-europe.com\/wp-content\/uploads\/2023\/09\/97BEDAC4-E1E2-4B47-8E6F-AE3210FB5928_Original-768x498.jpg 768w,  https:\/\/sodablastsystems-europe.com\/wp-content\/uploads\/2023\/09\/97BEDAC4-E1E2-4B47-8E6F-AE3210FB5928_Original-1536x996.jpg 1536w,  https:\/\/sodablastsystems-europe.com\/wp-content\/uploads\/2023\/09\/97BEDAC4-E1E2-4B47-8E6F-AE3210FB5928_Original.jpg 2016w\" sizes=\"(max-width: 1024px) 100vw, 1024px\" \/><\/figure>\n\n\n\n<figure class=\"wp-block-image size-large\"><img decoding=\"async\" width=\"1024\" height=\"576\" data-id=\"444\" src=\"https:\/\/sodablastsystems-europe.com\/wp-content\/uploads\/2023\/09\/ef9fc96e-c72e-48aa-b96d-57eb6852e01e.jpg\" alt=\"Maszyna do sodowania ze swoim w&#x142;a&#x15B;cicielem\" class=\"wp-image-444\" srcset=\"https:\/\/sodablastsystems-europe.com\/wp-content\/uploads\/2023\/09\/ef9fc96e-c72e-48aa-b96d-57eb6852e01e.jpg 1024w,  https:\/\/sodablastsystems-europe.com\/wp-content\/uploads\/2023\/09\/ef9fc96e-c72e-48aa-b96d-57eb6852e01e-300x169.jpg 300w,  https:\/\/sodablastsystems-europe.com\/wp-content\/uploads\/2023\/09\/ef9fc96e-c72e-48aa-b96d-57eb6852e01e-768x432.jpg 768w\" sizes=\"(max-width: 1024px) 100vw, 1024px\" \/><\/figure>\n\n\n\n<figure class=\"wp-block-image size-large\"><img decoding=\"async\" width=\"1024\" height=\"768\" data-id=\"441\" src=\"https:\/\/sodablastsystems-europe.com\/wp-content\/uploads\/2023\/09\/83dbe4c7-d15c-4852-831a-3b081bc9f53d-1024x768.jpg\" alt=\"Maszyna do sodowania ze swoim w&#x142;a&#x15B;cicielem\" class=\"wp-image-441\" srcset=\"https:\/\/sodablastsystems-europe.com\/wp-content\/uploads\/2023\/09\/83dbe4c7-d15c-4852-831a-3b081bc9f53d-1024x768.jpg 1024w,  https:\/\/sodablastsystems-europe.com\/wp-content\/uploads\/2023\/09\/83dbe4c7-d15c-4852-831a-3b081bc9f53d-300x225.jpg 300w,  https:\/\/sodablastsystems-europe.com\/wp-content\/uploads\/2023\/09\/83dbe4c7-d15c-4852-831a-3b081bc9f53d-768x576.jpg 768w,  https:\/\/sodablastsystems-europe.com\/wp-content\/uploads\/2023\/09\/83dbe4c7-d15c-4852-831a-3b081bc9f53d-1536x1152.jpg 1536w,  https:\/\/sodablastsystems-europe.com\/wp-content\/uploads\/2023\/09\/83dbe4c7-d15c-4852-831a-3b081bc9f53d.jpg 1600w\" sizes=\"(max-width: 1024px) 100vw, 1024px\" \/><\/figure>\n<\/figure>\n\n<p><strong>Salgsshowroom:<\/strong><br\/>Konstantynowska 34<br\/>Hal nummer 3<br\/>94-303 \u0141\u00f3d\u017a, Polen<\/p>\n\n<p><strong>Ring til os:<\/strong><\/p>\n\n<p><strong>Bestillinger<\/strong> tlf. <a href=\"tel:+48696461448\">+48 696461448<\/a> (engelsk)<br\/><strong>Teknologiinfo<\/strong> tlf. <a href=\"tel:+48422031530\">+48 422031530<\/a> (engelsk)<br\/><strong>Afrika-regionen<\/strong> tlf. <a href=\"callto:+48576973043\">+48 576973043<\/a> (kun engelsk)<\/p>\n\n<p><a data-type=\"link\" data-id=\"https:\/\/wa.me\/+48696461448\" href=\"https:\/\/wa.me\/+48696461448\" target=\"_blank\" rel=\"noreferrer noopener\"><img decoding=\"async\" width=\"150\" height=\"55\" class=\"wp-image-271\" style=\"width: 150px;\" src=\"https:\/\/sodablastsystems-europe.com\/wp-content\/uploads\/2023\/08\/Whatsapp_logo.svg_.png\" alt=\"\" srcset=\"https:\/\/sodablastsystems-europe.com\/wp-content\/uploads\/2023\/08\/Whatsapp_logo.svg_.png 1200w,  https:\/\/sodablastsystems-europe.com\/wp-content\/uploads\/2023\/08\/Whatsapp_logo.svg_-300x109.png 300w,  https:\/\/sodablastsystems-europe.com\/wp-content\/uploads\/2023\/08\/Whatsapp_logo.svg_-1024x372.png 1024w,  https:\/\/sodablastsystems-europe.com\/wp-content\/uploads\/2023\/08\/Whatsapp_logo.svg_-768x279.png 768w\" sizes=\"(max-width: 150px) 100vw, 150px\" \/><\/a><br\/><a data-type=\"link\" data-id=\"https:\/\/wa.me\/+48696461448\" href=\"https:\/\/wa.me\/+48696461448\" target=\"_blank\" rel=\"noreferrer noopener\">+48696461448<\/a> (engelsk og polsk)<\/p>\n\n<p><strong>\u00c5bningstider:<\/strong><br\/>Mandag &#8211; fredag fra 10:00 til 18:00<\/p>\n\n<p><strong>Link til placering p\u00e5 Google Maps:<\/strong><br\/><a href=\"https:\/\/goo.gl\/maps\/WfFQNiXEVfjD6boc9\" target=\"_blank\" rel=\"noreferrer noopener\">https:\/\/goo.gl\/maps\/WfFQNiXEVfjD6boc9<\/a><\/p>\n\n<p align=\"center\">\n<iframe src=\"https:\/\/www.google.com\/maps\/embed?pb=!1m18!1m12!1m3!1d2678572.457235805!2d17.032420048341304!3d51.71560253239082!2m3!1f0!2f0!3f0!3m2!1i1024!2i768!4f13.1!3m3!1m2!1s0x47198d68b8cf966d%3A0x93b408ee101a45cd!2sSodaBlast%20Systems%20Polska!5e0!3m2!1spl!2spl!4v1692879213420!5m2!1spl!2spl\" width=\"100%\" height=\"450\" style=\"border:0;\" allowfullscreen=\"\" loading=\"lazy\" referrerpolicy=\"no-referrer-when-downgrade\"><\/iframe>\n<\/p>\n\n<p><\/p>\n\n<figure class=\"wp-block-image size-full\"><img decoding=\"async\" width=\"819\" height=\"1024\" src=\"https:\/\/sodablastsystems-europe.com\/wp-content\/uploads\/2023\/09\/sodablastsystems-sb500trailer-graffiti.jpeg\" alt=\"Maszyna do sodowania prezentacja\" class=\"wp-image-600\" srcset=\"https:\/\/sodablastsystems-europe.com\/wp-content\/uploads\/2023\/09\/sodablastsystems-sb500trailer-graffiti.jpeg 819w,  https:\/\/sodablastsystems-europe.com\/wp-content\/uploads\/2023\/09\/sodablastsystems-sb500trailer-graffiti-240x300.jpeg 240w,  https:\/\/sodablastsystems-europe.com\/wp-content\/uploads\/2023\/09\/sodablastsystems-sb500trailer-graffiti-768x960.jpeg 768w\" sizes=\"(max-width: 819px) 100vw, 819px\" \/><\/figure>","protected":false},"excerpt":{"rendered":"<p>Kontakt SodaBlast Systems Europa Eksklusiv distribut\u00f8r for producenten. Salgsshowroom:Konstantynowska 34Hal nummer 394-303 \u0141\u00f3d\u017a, Polen Ring til os: Bestillinger tlf. +48 696461448 (engelsk)Teknologiinfo tlf. +48 422031530 (engelsk)Afrika-regionen tlf. +48 576973043 (kun engelsk) +48696461448 (engelsk og polsk) \u00c5bningstider:Mandag &#8211; fredag fra 10:00 til 18:00 Link til placering p\u00e5 Google Maps:https:\/\/goo.gl\/maps\/WfFQNiXEVfjD6boc9<\/p>","protected":false},"author":1,"featured_media":0,"parent":0,"menu_order":0,"comment_status":"closed","ping_status":"closed","template":"strona-bez-tytu-u","meta":{"footnotes":""},"class_list":["post-1295","page","type-page","status-publish","hentry"],"yoast_head":"<!-- This site is optimized with the Yoast SEO Premium plugin v21.5 (Yoast SEO v21.5) - https:\/\/yoast.com\/wordpress\/plugins\/seo\/ -->\n<title>Kontakt SodaBlast Systems for udstyr til sodabl\u00e6sning<\/title>\n<meta name=\"description\" content=\"Kontakt SodaBlast Systems Europe for foresp\u00f8rgsler, support og information om udstyr og tjenester til sodabl\u00e6sning. Vi er her for at hj\u00e6lpe med dine behov for overfladereng\u00f8ring\" \/>\n<meta name=\"robots\" content=\"index, follow, max-snippet:-1, max-image-preview:large, max-video-preview:-1\" \/>\n<link rel=\"canonical\" href=\"https:\/\/sodablastsystems-europe.com\/da\/kontakt\/\" \/>\n<meta property=\"og:locale\" content=\"da_DK\" \/>\n<meta property=\"og:type\" content=\"article\" \/>\n<meta property=\"og:title\" content=\"Kontakt os\" \/>\n<meta property=\"og:description\" content=\"Kontakt SodaBlast Systems Europe for foresp\u00f8rgsler, support og information om udstyr og tjenester til sodabl\u00e6sning. Vi er her for at hj\u00e6lpe med dine behov for overfladereng\u00f8ring\" \/>\n<meta property=\"og:url\" content=\"https:\/\/sodablastsystems-europe.com\/da\/kontakt\/\" \/>\n<meta property=\"og:site_name\" content=\"SodaBlast Systems\" \/>\n<meta property=\"article:publisher\" content=\"https:\/\/www.facebook.com\/sodablastsystems\/\" \/>\n<meta property=\"article:modified_time\" content=\"2026-01-08T10:19:37+00:00\" \/>\n<meta property=\"og:image\" content=\"https:\/\/sodablastsystems-europe.com\/wp-content\/uploads\/2023\/09\/IMG_1163-1024x927.jpg\" \/>\n<meta name=\"twitter:card\" content=\"summary_large_image\" \/>\n<script type=\"application\/ld+json\" class=\"yoast-schema-graph\">{\"@context\":\"https:\/\/schema.org\",\"@graph\":[{\"@type\":\"WebPage\",\"@id\":\"https:\/\/sodablastsystems-europe.com\/da\/kontakt\/\",\"url\":\"https:\/\/sodablastsystems-europe.com\/da\/kontakt\/\",\"name\":\"Kontakt SodaBlast Systems for udstyr til sodabl\u00e6sning\",\"isPartOf\":{\"@id\":\"https:\/\/sodablastsystems-europe.com\/da\/#website\"},\"datePublished\":\"2023-08-27T08:06:52+00:00\",\"dateModified\":\"2026-01-08T10:19:37+00:00\",\"description\":\"Kontakt SodaBlast Systems Europe for foresp\u00f8rgsler, support og information om udstyr og tjenester til sodabl\u00e6sning. Vi er her for at hj\u00e6lpe med dine behov for overfladereng\u00f8ring\",\"breadcrumb\":{\"@id\":\"https:\/\/sodablastsystems-europe.com\/da\/kontakt\/#breadcrumb\"},\"inLanguage\":\"da-DK\",\"potentialAction\":[{\"@type\":\"ReadAction\",\"target\":[\"https:\/\/sodablastsystems-europe.com\/da\/kontakt\/\"]}]},{\"@type\":\"BreadcrumbList\",\"@id\":\"https:\/\/sodablastsystems-europe.com\/da\/kontakt\/#breadcrumb\",\"itemListElement\":[{\"@type\":\"ListItem\",\"position\":1,\"name\":\"Strona g\u0142\u00f3wna\",\"item\":\"https:\/\/sodablastsystems-europe.com\/da\/\"},{\"@type\":\"ListItem\",\"position\":2,\"name\":\"Kontakt os\"}]},{\"@type\":\"WebSite\",\"@id\":\"https:\/\/sodablastsystems-europe.com\/da\/#website\",\"url\":\"https:\/\/sodablastsystems-europe.com\/da\/\",\"name\":\"SodaBlast Systems Europe\",\"description\":\"SodaBlasting Machines from USA. Innovative Technology For Your Business.\",\"publisher\":{\"@id\":\"https:\/\/sodablastsystems-europe.com\/da\/#organization\"},\"potentialAction\":[{\"@type\":\"SearchAction\",\"target\":{\"@type\":\"EntryPoint\",\"urlTemplate\":\"https:\/\/sodablastsystems-europe.com\/da\/?s={search_term_string}\"},\"query-input\":\"required name=search_term_string\"}],\"inLanguage\":\"da-DK\"},{\"@type\":\"Organization\",\"@id\":\"https:\/\/sodablastsystems-europe.com\/da\/#organization\",\"name\":\"SodaBlast Systems Europe\",\"url\":\"https:\/\/sodablastsystems-europe.com\/da\/\",\"logo\":{\"@type\":\"ImageObject\",\"inLanguage\":\"da-DK\",\"@id\":\"https:\/\/sodablastsystems-europe.com\/da\/#\/schema\/logo\/image\/\",\"url\":\"https:\/\/sodablastsystems-europe.com\/wp-content\/uploads\/2023\/08\/logo-sodablastsystems-usa-1.png\",\"contentUrl\":\"https:\/\/sodablastsystems-europe.com\/wp-content\/uploads\/2023\/08\/logo-sodablastsystems-usa-1.png\",\"width\":200,\"height\":200,\"caption\":\"SodaBlast Systems Europe\"},\"image\":{\"@id\":\"https:\/\/sodablastsystems-europe.com\/da\/#\/schema\/logo\/image\/\"},\"sameAs\":[\"https:\/\/www.facebook.com\/sodablastsystems\/\",\"https:\/\/www.tiktok.com\/@sodablast.systems\",\"https:\/\/www.instagram.com\/sodablastsystems_europe\/\",\"https:\/\/www.youtube.com\/@Sodablastsystems\"]}]}<\/script>\n<!-- \/ Yoast SEO Premium plugin. -->","yoast_head_json":{"title":"Kontakt SodaBlast Systems for udstyr til sodabl\u00e6sning","description":"Kontakt SodaBlast Systems Europe for foresp\u00f8rgsler, support og information om udstyr og tjenester til sodabl\u00e6sning. Vi er her for at hj\u00e6lpe med dine behov for overfladereng\u00f8ring","robots":{"index":"index","follow":"follow","max-snippet":"max-snippet:-1","max-image-preview":"max-image-preview:large","max-video-preview":"max-video-preview:-1"},"canonical":"https:\/\/sodablastsystems-europe.com\/da\/kontakt\/","og_locale":"da_DK","og_type":"article","og_title":"Kontakt os","og_description":"Kontakt SodaBlast Systems Europe for foresp\u00f8rgsler, support og information om udstyr og tjenester til sodabl\u00e6sning. Vi er her for at hj\u00e6lpe med dine behov for overfladereng\u00f8ring","og_url":"https:\/\/sodablastsystems-europe.com\/da\/kontakt\/","og_site_name":"SodaBlast Systems","article_publisher":"https:\/\/www.facebook.com\/sodablastsystems\/","article_modified_time":"2026-01-08T10:19:37+00:00","og_image":[{"url":"https:\/\/sodablastsystems-europe.com\/wp-content\/uploads\/2023\/09\/IMG_1163-1024x927.jpg"}],"twitter_card":"summary_large_image","schema":{"@context":"https:\/\/schema.org","@graph":[{"@type":"WebPage","@id":"https:\/\/sodablastsystems-europe.com\/da\/kontakt\/","url":"https:\/\/sodablastsystems-europe.com\/da\/kontakt\/","name":"Kontakt SodaBlast Systems for udstyr til sodabl\u00e6sning","isPartOf":{"@id":"https:\/\/sodablastsystems-europe.com\/da\/#website"},"datePublished":"2023-08-27T08:06:52+00:00","dateModified":"2026-01-08T10:19:37+00:00","description":"Kontakt SodaBlast Systems Europe for foresp\u00f8rgsler, support og information om udstyr og tjenester til sodabl\u00e6sning. Vi er her for at hj\u00e6lpe med dine behov for overfladereng\u00f8ring","breadcrumb":{"@id":"https:\/\/sodablastsystems-europe.com\/da\/kontakt\/#breadcrumb"},"inLanguage":"da-DK","potentialAction":[{"@type":"ReadAction","target":["https:\/\/sodablastsystems-europe.com\/da\/kontakt\/"]}]},{"@type":"BreadcrumbList","@id":"https:\/\/sodablastsystems-europe.com\/da\/kontakt\/#breadcrumb","itemListElement":[{"@type":"ListItem","position":1,"name":"Strona g\u0142\u00f3wna","item":"https:\/\/sodablastsystems-europe.com\/da\/"},{"@type":"ListItem","position":2,"name":"Kontakt os"}]},{"@type":"WebSite","@id":"https:\/\/sodablastsystems-europe.com\/da\/#website","url":"https:\/\/sodablastsystems-europe.com\/da\/","name":"SodaBlast Systems Europe","description":"SodaBlasting Machines from USA. Innovative Technology For Your Business.","publisher":{"@id":"https:\/\/sodablastsystems-europe.com\/da\/#organization"},"potentialAction":[{"@type":"SearchAction","target":{"@type":"EntryPoint","urlTemplate":"https:\/\/sodablastsystems-europe.com\/da\/?s={search_term_string}"},"query-input":"required name=search_term_string"}],"inLanguage":"da-DK"},{"@type":"Organization","@id":"https:\/\/sodablastsystems-europe.com\/da\/#organization","name":"SodaBlast Systems Europe","url":"https:\/\/sodablastsystems-europe.com\/da\/","logo":{"@type":"ImageObject","inLanguage":"da-DK","@id":"https:\/\/sodablastsystems-europe.com\/da\/#\/schema\/logo\/image\/","url":"https:\/\/sodablastsystems-europe.com\/wp-content\/uploads\/2023\/08\/logo-sodablastsystems-usa-1.png","contentUrl":"https:\/\/sodablastsystems-europe.com\/wp-content\/uploads\/2023\/08\/logo-sodablastsystems-usa-1.png","width":200,"height":200,"caption":"SodaBlast Systems Europe"},"image":{"@id":"https:\/\/sodablastsystems-europe.com\/da\/#\/schema\/logo\/image\/"},"sameAs":["https:\/\/www.facebook.com\/sodablastsystems\/","https:\/\/www.tiktok.com\/@sodablast.systems","https:\/\/www.instagram.com\/sodablastsystems_europe\/","https:\/\/www.youtube.com\/@Sodablastsystems"]}]}},"_links":{"self":[{"href":"https:\/\/sodablastsystems-europe.com\/da\/wp-json\/wp\/v2\/pages\/1295","targetHints":{"allow":["GET"]}}],"collection":[{"href":"https:\/\/sodablastsystems-europe.com\/da\/wp-json\/wp\/v2\/pages"}],"about":[{"href":"https:\/\/sodablastsystems-europe.com\/da\/wp-json\/wp\/v2\/types\/page"}],"author":[{"embeddable":true,"href":"https:\/\/sodablastsystems-europe.com\/da\/wp-json\/wp\/v2\/users\/1"}],"replies":[{"embeddable":true,"href":"https:\/\/sodablastsystems-europe.com\/da\/wp-json\/wp\/v2\/comments?post=1295"}],"version-history":[{"count":5,"href":"https:\/\/sodablastsystems-europe.com\/da\/wp-json\/wp\/v2\/pages\/1295\/revisions"}],"predecessor-version":[{"id":6583,"href":"https:\/\/sodablastsystems-europe.com\/da\/wp-json\/wp\/v2\/pages\/1295\/revisions\/6583"}],"wp:attachment":[{"href":"https:\/\/sodablastsystems-europe.com\/da\/wp-json\/wp\/v2\/media?parent=1295"}],"curies":[{"name":"wp","href":"https:\/\/api.w.org\/{rel}","templated":true}]}}