{"id":1291,"date":"2023-08-27T08:06:35","date_gmt":"2023-08-27T08:06:35","guid":{"rendered":"https:\/\/sodablastsystems-europe.com\/foer-og-efter-effekter\/"},"modified":"2024-11-03T01:16:30","modified_gmt":"2024-11-03T01:16:30","slug":"foer-og-efter-effekter","status":"publish","type":"page","link":"https:\/\/sodablastsystems-europe.com\/da\/foer-og-efter-effekter\/","title":{"rendered":"F\u00f8r- og efter-effekter"},"content":{"rendered":"<p><\/p>\n\n<h2 class=\"wp-block-heading has-x-large-font-size\" id=\"h-amazing-transformation-with-sodablast-systems\">Forbl\u00f8ffende forvandling med SodaBlast Systems<\/h2>\n\n<p>Oplev kraften i sodabl\u00e6sning med vores &#8220;f\u00f8r og efter&#8221;-forvandlinger. SodaBlast Systems er ikke bare en teknologi, men ogs\u00e5 en kunstart til at give overflader deres oprindelige glans tilbage. Nedenfor pr\u00e6senterer vi et galleri af vores arbejde, hvor hvert foto fort\u00e6ller en historie om pr\u00e6cision, sk\u00e5nsomhed og effektivitet i vores sodabl\u00e6semaskiner.<\/p>\n\n<h3 class=\"wp-block-heading has-large-font-size\">&#8220;F\u00f8r&#8221; &#8211; renlighedsudfordringen<\/h3>\n\n<p>Hvert &#8220;f\u00f8r&#8221; indfanger \u00f8jeblikke, hvor overfladerne syntes uden for r\u00e6kkevidde af fornyelse. Rust, graffiti, forurening &#8211; alle defekter, der kr\u00e6vede en delikat, men effektiv ber\u00f8ring.<\/p>\n\n<h3 class=\"wp-block-heading has-large-font-size\">&#8220;Efter&#8221; &#8211; effekten af SodaBlast-systemet<\/h3>\n\n<p>&#8220;Efter&#8221;-effekterne viser resultater, der overgik b\u00e5de vores og vores kunders forventninger. De vidner om styrken ved natriumbicarbonat, som giver overfladerne deres oprindelige udseende tilbage uden at beskadige deres struktur.<\/p>\n\n<p>Vi inviterer dig til at gennemse eksempler p\u00e5 vores resultater. Hvert foto er et bevis p\u00e5, at ingen opgave er for sv\u00e6r for SodaBlast Systems.<\/p>\n\n<p>Skub skyderen p\u00e5 billedet, og se forskellen:<\/p>\n<p>[bafg id=&#8221;320&#8243;]<\/p>\n<p>[bafg id=&#8221;318&#8243;]<\/p>\n<p>[bafg id=&#8221;322&#8243;]<\/p>\n<p>[bafg id=&#8221;324&#8243;]<\/p>\n<p>[bafg id=&#8221;325&#8243;]<\/p>\n<p>[bafg id=&#8221;326&#8243;]<\/p>\n<p>[bafg id=&#8221;328&#8243;]<\/p>\n<p>[bafg id=&#8221;329&#8243;]<\/p>\n<p>[bafg id=&#8221;330&#8243;]<\/p>\n<p>[bafg id=&#8221;331&#8243;]<\/p>\n<p>[bafg id=&#8221;332&#8243;]<\/p>\n<p>[bafg id=&#8221;334&#8243;]<\/p>\n<p>[bafg id=&#8221;335&#8243;]<\/p>\n<p>[bafg id=&#8221;337&#8243;]<\/p>\n<p>[bafg id=&#8221;338&#8243;]<\/p>\n<p>[bafg id=&#8221;339&#8243;]<\/p>\n<p>[bafg id=&#8221;340&#8243;]<\/p>\n<p>[bafg id=&#8221;341&#8243;]<\/p>\n<p>[bafg id=&#8221;342&#8243;]<\/p>\n<p>[bafg id=&#8221;343&#8243;]<\/p>\n<p>[bafg id=&#8221;345&#8243;]<\/p>\n<p>[bafg id=&#8221;346&#8243;]<\/p>\n<p>[bafg id=&#8221;347&#8243;]<\/p>\n<p>[bafg id=&#8221;348&#8243;]<\/p>\n<p>[bafg id=&#8221;349&#8243;]<\/p>\n<p>[bafg id=&#8221;350&#8243;]<\/p>\n<p>[bafg id=&#8221;351&#8243;]<\/p>\n<p>[bafg id=&#8221;352&#8243;]<\/p>\n<p>[bafg id=&#8221;353&#8243;]<\/p>\n<p>[bafg id=&#8221;354&#8243;]<\/p>\n<p>[bafg id=&#8221;355&#8243;]<\/p>\n<p>[bafg id=&#8221;356&#8243;]<\/p>\n<p>[bafg id=&#8221;357&#8243;]<\/p>\n<p>[bafg id=&#8221;358&#8243;]<\/p>\n<p>[bafg id=&#8221;359&#8243;]<\/p>\n<p>[bafg id=&#8221;360&#8243;]<\/p>\n<p>[bafg id=&#8221;361&#8243;]<\/p>","protected":false},"excerpt":{"rendered":"<p>Forbl\u00f8ffende forvandling med SodaBlast Systems Oplev kraften i sodabl\u00e6sning med vores &#8220;f\u00f8r og efter&#8221;-forvandlinger. SodaBlast Systems er ikke bare en teknologi, men ogs\u00e5 en kunstart til at give overflader deres oprindelige glans tilbage. Nedenfor pr\u00e6senterer vi et galleri af vores arbejde, hvor hvert foto fort\u00e6ller en historie om pr\u00e6cision, sk\u00e5nsomhed og effektivitet i vores sodabl\u00e6semaskiner. [&hellip;]<\/p>","protected":false},"author":1,"featured_media":0,"parent":0,"menu_order":0,"comment_status":"closed","ping_status":"closed","template":"","meta":{"footnotes":""},"class_list":["post-1291","page","type-page","status-publish","hentry"],"yoast_head":"<!-- This site is optimized with the Yoast SEO Premium plugin v21.5 (Yoast SEO v21.5) - https:\/\/yoast.com\/wordpress\/plugins\/seo\/ -->\n<title>F\u00f8r og efter effekter af sodabl\u00e6sning - SodaBlast Systems<\/title>\n<meta name=\"description\" content=\"Oplev den transformerende kraft i sodabl\u00e6sning med SodaBlast Systems Europe. Se vores f\u00f8r- og efter-galleri, der viser effektiv fjernelse af maling, fjernelse af rust og restaurering af overflader til forskellige anvendelser.\" \/>\n<meta name=\"robots\" content=\"index, follow, max-snippet:-1, max-image-preview:large, max-video-preview:-1\" \/>\n<link rel=\"canonical\" href=\"https:\/\/sodablastsystems-europe.com\/da\/foer-og-efter-effekter\/\" \/>\n<meta property=\"og:locale\" content=\"da_DK\" \/>\n<meta property=\"og:type\" content=\"article\" \/>\n<meta property=\"og:title\" content=\"F\u00f8r- og efter-effekter\" \/>\n<meta property=\"og:description\" content=\"Oplev den transformerende kraft i sodabl\u00e6sning med SodaBlast Systems Europe. Se vores f\u00f8r- og efter-galleri, der viser effektiv fjernelse af maling, fjernelse af rust og restaurering af overflader til forskellige anvendelser.\" \/>\n<meta property=\"og:url\" content=\"https:\/\/sodablastsystems-europe.com\/da\/foer-og-efter-effekter\/\" \/>\n<meta property=\"og:site_name\" content=\"SodaBlast Systems\" \/>\n<meta property=\"article:publisher\" content=\"https:\/\/www.facebook.com\/sodablastsystems\/\" \/>\n<meta property=\"article:modified_time\" content=\"2024-11-03T01:16:30+00:00\" \/>\n<meta property=\"og:image\" content=\"https:\/\/sodablastsystems-europe.com\/wp-content\/uploads\/2023\/08\/logo-sodablastsystems-usa-1.png\" \/>\n\t<meta property=\"og:image:width\" content=\"200\" \/>\n\t<meta property=\"og:image:height\" content=\"200\" \/>\n\t<meta property=\"og:image:type\" content=\"image\/png\" \/>\n<meta name=\"twitter:card\" content=\"summary_large_image\" \/>\n<meta name=\"twitter:label1\" content=\"Estimeret l\u00e6setid\" \/>\n\t<meta name=\"twitter:data1\" content=\"1 minut\" \/>\n<script type=\"application\/ld+json\" class=\"yoast-schema-graph\">{\"@context\":\"https:\/\/schema.org\",\"@graph\":[{\"@type\":\"WebPage\",\"@id\":\"https:\/\/sodablastsystems-europe.com\/da\/foer-og-efter-effekter\/\",\"url\":\"https:\/\/sodablastsystems-europe.com\/da\/foer-og-efter-effekter\/\",\"name\":\"F\u00f8r og efter effekter af sodabl\u00e6sning - SodaBlast Systems\",\"isPartOf\":{\"@id\":\"https:\/\/sodablastsystems-europe.com\/da\/#website\"},\"datePublished\":\"2023-08-27T08:06:35+00:00\",\"dateModified\":\"2024-11-03T01:16:30+00:00\",\"description\":\"Oplev den transformerende kraft i sodabl\u00e6sning med SodaBlast Systems Europe. Se vores f\u00f8r- og efter-galleri, der viser effektiv fjernelse af maling, fjernelse af rust og restaurering af overflader til forskellige anvendelser.\",\"breadcrumb\":{\"@id\":\"https:\/\/sodablastsystems-europe.com\/da\/foer-og-efter-effekter\/#breadcrumb\"},\"inLanguage\":\"da-DK\",\"potentialAction\":[{\"@type\":\"ReadAction\",\"target\":[\"https:\/\/sodablastsystems-europe.com\/da\/foer-og-efter-effekter\/\"]}]},{\"@type\":\"BreadcrumbList\",\"@id\":\"https:\/\/sodablastsystems-europe.com\/da\/foer-og-efter-effekter\/#breadcrumb\",\"itemListElement\":[{\"@type\":\"ListItem\",\"position\":1,\"name\":\"Strona g\u0142\u00f3wna\",\"item\":\"https:\/\/sodablastsystems-europe.com\/da\/\"},{\"@type\":\"ListItem\",\"position\":2,\"name\":\"F\u00f8r- og efter-effekter\"}]},{\"@type\":\"WebSite\",\"@id\":\"https:\/\/sodablastsystems-europe.com\/da\/#website\",\"url\":\"https:\/\/sodablastsystems-europe.com\/da\/\",\"name\":\"SodaBlast Systems Europe\",\"description\":\"SodaBlasting Machines from USA. Innovative Technology For Your Business.\",\"publisher\":{\"@id\":\"https:\/\/sodablastsystems-europe.com\/da\/#organization\"},\"potentialAction\":[{\"@type\":\"SearchAction\",\"target\":{\"@type\":\"EntryPoint\",\"urlTemplate\":\"https:\/\/sodablastsystems-europe.com\/da\/?s={search_term_string}\"},\"query-input\":\"required name=search_term_string\"}],\"inLanguage\":\"da-DK\"},{\"@type\":\"Organization\",\"@id\":\"https:\/\/sodablastsystems-europe.com\/da\/#organization\",\"name\":\"SodaBlast Systems Europe\",\"url\":\"https:\/\/sodablastsystems-europe.com\/da\/\",\"logo\":{\"@type\":\"ImageObject\",\"inLanguage\":\"da-DK\",\"@id\":\"https:\/\/sodablastsystems-europe.com\/da\/#\/schema\/logo\/image\/\",\"url\":\"https:\/\/sodablastsystems-europe.com\/wp-content\/uploads\/2023\/08\/logo-sodablastsystems-usa-1.png\",\"contentUrl\":\"https:\/\/sodablastsystems-europe.com\/wp-content\/uploads\/2023\/08\/logo-sodablastsystems-usa-1.png\",\"width\":200,\"height\":200,\"caption\":\"SodaBlast Systems Europe\"},\"image\":{\"@id\":\"https:\/\/sodablastsystems-europe.com\/da\/#\/schema\/logo\/image\/\"},\"sameAs\":[\"https:\/\/www.facebook.com\/sodablastsystems\/\",\"https:\/\/www.tiktok.com\/@sodablast.systems\",\"https:\/\/www.instagram.com\/sodablastsystems_europe\/\",\"https:\/\/www.youtube.com\/@Sodablastsystems\"]}]}<\/script>\n<!-- \/ Yoast SEO Premium plugin. -->","yoast_head_json":{"title":"F\u00f8r og efter effekter af sodabl\u00e6sning - SodaBlast Systems","description":"Oplev den transformerende kraft i sodabl\u00e6sning med SodaBlast Systems Europe. Se vores f\u00f8r- og efter-galleri, der viser effektiv fjernelse af maling, fjernelse af rust og restaurering af overflader til forskellige anvendelser.","robots":{"index":"index","follow":"follow","max-snippet":"max-snippet:-1","max-image-preview":"max-image-preview:large","max-video-preview":"max-video-preview:-1"},"canonical":"https:\/\/sodablastsystems-europe.com\/da\/foer-og-efter-effekter\/","og_locale":"da_DK","og_type":"article","og_title":"F\u00f8r- og efter-effekter","og_description":"Oplev den transformerende kraft i sodabl\u00e6sning med SodaBlast Systems Europe. Se vores f\u00f8r- og efter-galleri, der viser effektiv fjernelse af maling, fjernelse af rust og restaurering af overflader til forskellige anvendelser.","og_url":"https:\/\/sodablastsystems-europe.com\/da\/foer-og-efter-effekter\/","og_site_name":"SodaBlast Systems","article_publisher":"https:\/\/www.facebook.com\/sodablastsystems\/","article_modified_time":"2024-11-03T01:16:30+00:00","og_image":[{"width":200,"height":200,"url":"https:\/\/sodablastsystems-europe.com\/wp-content\/uploads\/2023\/08\/logo-sodablastsystems-usa-1.png","type":"image\/png"}],"twitter_card":"summary_large_image","twitter_misc":{"Estimeret l\u00e6setid":"1 minut"},"schema":{"@context":"https:\/\/schema.org","@graph":[{"@type":"WebPage","@id":"https:\/\/sodablastsystems-europe.com\/da\/foer-og-efter-effekter\/","url":"https:\/\/sodablastsystems-europe.com\/da\/foer-og-efter-effekter\/","name":"F\u00f8r og efter effekter af sodabl\u00e6sning - SodaBlast Systems","isPartOf":{"@id":"https:\/\/sodablastsystems-europe.com\/da\/#website"},"datePublished":"2023-08-27T08:06:35+00:00","dateModified":"2024-11-03T01:16:30+00:00","description":"Oplev den transformerende kraft i sodabl\u00e6sning med SodaBlast Systems Europe. Se vores f\u00f8r- og efter-galleri, der viser effektiv fjernelse af maling, fjernelse af rust og restaurering af overflader til forskellige anvendelser.","breadcrumb":{"@id":"https:\/\/sodablastsystems-europe.com\/da\/foer-og-efter-effekter\/#breadcrumb"},"inLanguage":"da-DK","potentialAction":[{"@type":"ReadAction","target":["https:\/\/sodablastsystems-europe.com\/da\/foer-og-efter-effekter\/"]}]},{"@type":"BreadcrumbList","@id":"https:\/\/sodablastsystems-europe.com\/da\/foer-og-efter-effekter\/#breadcrumb","itemListElement":[{"@type":"ListItem","position":1,"name":"Strona g\u0142\u00f3wna","item":"https:\/\/sodablastsystems-europe.com\/da\/"},{"@type":"ListItem","position":2,"name":"F\u00f8r- og efter-effekter"}]},{"@type":"WebSite","@id":"https:\/\/sodablastsystems-europe.com\/da\/#website","url":"https:\/\/sodablastsystems-europe.com\/da\/","name":"SodaBlast Systems Europe","description":"SodaBlasting Machines from USA. Innovative Technology For Your Business.","publisher":{"@id":"https:\/\/sodablastsystems-europe.com\/da\/#organization"},"potentialAction":[{"@type":"SearchAction","target":{"@type":"EntryPoint","urlTemplate":"https:\/\/sodablastsystems-europe.com\/da\/?s={search_term_string}"},"query-input":"required name=search_term_string"}],"inLanguage":"da-DK"},{"@type":"Organization","@id":"https:\/\/sodablastsystems-europe.com\/da\/#organization","name":"SodaBlast Systems Europe","url":"https:\/\/sodablastsystems-europe.com\/da\/","logo":{"@type":"ImageObject","inLanguage":"da-DK","@id":"https:\/\/sodablastsystems-europe.com\/da\/#\/schema\/logo\/image\/","url":"https:\/\/sodablastsystems-europe.com\/wp-content\/uploads\/2023\/08\/logo-sodablastsystems-usa-1.png","contentUrl":"https:\/\/sodablastsystems-europe.com\/wp-content\/uploads\/2023\/08\/logo-sodablastsystems-usa-1.png","width":200,"height":200,"caption":"SodaBlast Systems Europe"},"image":{"@id":"https:\/\/sodablastsystems-europe.com\/da\/#\/schema\/logo\/image\/"},"sameAs":["https:\/\/www.facebook.com\/sodablastsystems\/","https:\/\/www.tiktok.com\/@sodablast.systems","https:\/\/www.instagram.com\/sodablastsystems_europe\/","https:\/\/www.youtube.com\/@Sodablastsystems"]}]}},"_links":{"self":[{"href":"https:\/\/sodablastsystems-europe.com\/da\/wp-json\/wp\/v2\/pages\/1291","targetHints":{"allow":["GET"]}}],"collection":[{"href":"https:\/\/sodablastsystems-europe.com\/da\/wp-json\/wp\/v2\/pages"}],"about":[{"href":"https:\/\/sodablastsystems-europe.com\/da\/wp-json\/wp\/v2\/types\/page"}],"author":[{"embeddable":true,"href":"https:\/\/sodablastsystems-europe.com\/da\/wp-json\/wp\/v2\/users\/1"}],"replies":[{"embeddable":true,"href":"https:\/\/sodablastsystems-europe.com\/da\/wp-json\/wp\/v2\/comments?post=1291"}],"version-history":[{"count":1,"href":"https:\/\/sodablastsystems-europe.com\/da\/wp-json\/wp\/v2\/pages\/1291\/revisions"}],"predecessor-version":[{"id":1301,"href":"https:\/\/sodablastsystems-europe.com\/da\/wp-json\/wp\/v2\/pages\/1291\/revisions\/1301"}],"wp:attachment":[{"href":"https:\/\/sodablastsystems-europe.com\/da\/wp-json\/wp\/v2\/media?parent=1291"}],"curies":[{"name":"wp","href":"https:\/\/api.w.org\/{rel}","templated":true}]}}