{"id":6136,"date":"2025-02-17T14:24:04","date_gmt":"2025-02-17T14:24:04","guid":{"rendered":"https:\/\/sodablastsystems-europe.com\/specifikace-privesu-sb-500-s-dpf\/"},"modified":"2025-02-17T14:26:24","modified_gmt":"2025-02-17T14:26:24","slug":"specifikace-privesu-sb-500-s-dpf","status":"publish","type":"page","link":"https:\/\/sodablastsystems-europe.com\/cs\/specifikace-privesu-sb-500-s-dpf\/","title":{"rendered":"Specifikace p\u0159\u00edv\u011bsu &#8222;SB-500&#8220; s DPF"},"content":{"rendered":"<p><strong>Kompletn\u00ed, t\u0159\u00edslo\u017ekov\u00e1, p\u0159enosn\u00e1 a k pou\u017eit\u00ed p\u0159ipraven\u00e1 sada:<\/strong><\/p>\n\n<p><strong>Sekce trysk\u00e1n\u00ed SodaBlaster:<\/strong><\/p>\n\n<ul class=\"wp-block-list\">\n<li>N\u00e1dr\u017e blasteru SB-500<\/li>\n\n\n\n<li>1sekundov\u00fd samouzav\u00edrac\u00ed poklop n\u00e1sypky<\/li>\n\n\n\n<li>Regul\u00e1tor tlaku vzduchu<\/li>\n\n\n\n<li>Regul\u00e1tor mno\u017estv\u00ed abraziva<\/li>\n\n\n\n<li>Elektrick\u00e9 d\u00e1lkov\u00e9 ovl\u00e1d\u00e1n\u00ed s 15m kabelem<\/li>\n\n\n\n<li>P\u0159\u00edpojka \u010dist\u00e9ho vzduchu pro voliteln\u00e9 n\u00e1\u0159ad\u00ed<\/li>\n\n\n\n<li>340o oto\u010dn\u00fd v\u00fdstup tryskac\u00ed hadice<\/li>\n\n\n\n<li>Tlumi\u010d v\u00fdfuku vzduchu z n\u00e1dr\u017ee blasteru<\/li>\n<\/ul>\n\n<p><strong>Chladic\u00ed syst\u00e9m Blaster:<\/strong><\/p>\n\n<ul class=\"wp-block-list\">\n<li>MT-3 Samostatn\u00e1 su\u0161i\u010dka vzduchu<\/li>\n\n\n\n<li>Vzduchov\u00fd filtr CF-125 Cyclone<\/li>\n\n\n\n<li>Tlakov\u00fd chladi\u010d 10bar<\/li>\n\n\n\n<li>Vysokorychlostn\u00ed ventil\u00e1tor<\/li>\n<\/ul>\n\n<p><strong>\u0160roubov\u00fd vzduchov\u00fd kompresor:<\/strong><\/p>\n\n<ul class=\"wp-block-list\">\n<li>\u010cty\u0159v\u00e1lcov\u00fd p\u0159epl\u0148ovan\u00fd motor Kubota<\/li>\n\n\n\n<li>V\u00fdkon motoru 33 kW<\/li>\n\n\n\n<li>Objem motoru 1 498 litr\u016f<\/li>\n\n\n\n<li>Elektrick\u00e1 instalace 12V<\/li>\n\n\n\n<li>45litrov\u00e1 palivov\u00e1 n\u00e1dr\u017e<\/li>\n\n\n\n<li>LCD displej<\/li>\n\n\n\n<li>Nouzov\u00fd sp\u00edna\u010d STOP<\/li>\n\n\n\n<li>Kompresor s vnit\u0159n\u00ed zvukovou izolac\u00ed<\/li>\n\n\n\n<li>Antikorozn\u00ed ochrana pro prost\u0159ed\u00ed s vysokou vlhkost\u00ed C3<\/li>\n\n\n\n<li>Tlumi\u010d v\u00fdfuku vzduchu kompresoru<\/li>\n\n\n\n<li>Spl\u0148uje normu EU STAGE V pro spalovac\u00ed motory.<\/li>\n\n\n\n<li>V souladu s normou pro emise hluku 2000\/14\/ES<\/li>\n<\/ul>\n\n<p><strong>Silni\u010dn\u00ed podvozek:<\/strong><\/p>\n\n<ul class=\"wp-block-list\">\n<li>Evropsk\u00e1 homologace speci\u00e1ln\u00edho p\u0159\u00edv\u011bsu<\/li>\n\n\n\n<li>CNC vyr\u00e1b\u011bn\u00e1 konstrukce<\/li>\n\n\n\n<li>Komponenty podvozku AL-KO<\/li>\n\n\n\n<li>2 n\u00e1pravy = 4 kola, pneumatiky M+S 13C<\/li>\n\n\n\n<li>N\u00e1jezdov\u00e1, nouzov\u00e1 a parkovac\u00ed brzda<\/li>\n\n\n\n<li>Kulov\u00e9 z\u00e1v\u011bsn\u00e9 za\u0159\u00edzen\u00ed pro ta\u017en\u00e9 za\u0159\u00edzen\u00ed se spojkou a indik\u00e1torem opot\u0159eben\u00ed<\/li>\n\n\n\n<li>4 nastaviteln\u00e9 podp\u011bry pro vyrovn\u00e1n\u00ed podvozku<\/li>\n\n\n\n<li>Plnohodnotn\u00e9 rezervn\u00ed kolo<\/li>\n\n\n\n<li>13p\u00f3lov\u00e1 elektrick\u00e1 instalace silni\u010dn\u00edho osv\u011btlen\u00ed<\/li>\n<\/ul>\n\n<p><strong>Dod\u00e1van\u00e9 p\u0159\u00edslu\u0161enstv\u00ed &#8211; z\u00e1kladn\u00ed balen\u00ed:<\/strong><\/p>\n\n<ul class=\"wp-block-list\">\n<li>Kulat\u00e1 tryska HV-5 (8 mm)<\/li>\n\n\n\n<li>Vodn\u00ed adapt\u00e9r pro trysku<\/li>\n\n\n\n<li>Trycht\u00fd\u0159 pro nal\u00e9v\u00e1n\u00ed abraziva<\/li>\n\n\n\n<li>15m ovl\u00e1dac\u00ed kabel<\/li>\n\n\n\n<li>15m vodn\u00ed hadice<\/li>\n\n\n\n<li>Tryskac\u00ed hadice 15 m<\/li>\n<\/ul>","protected":false},"excerpt":{"rendered":"<p>Kompletn\u00ed, t\u0159\u00edslo\u017ekov\u00e1, p\u0159enosn\u00e1 a k pou\u017eit\u00ed p\u0159ipraven\u00e1 sada: Sekce trysk\u00e1n\u00ed SodaBlaster: Chladic\u00ed syst\u00e9m Blaster: \u0160roubov\u00fd vzduchov\u00fd kompresor: Silni\u010dn\u00ed podvozek: Dod\u00e1van\u00e9 p\u0159\u00edslu\u0161enstv\u00ed &#8211; z\u00e1kladn\u00ed balen\u00ed:<\/p>","protected":false},"author":1,"featured_media":0,"parent":0,"menu_order":0,"comment_status":"closed","ping_status":"closed","template":"","meta":{"footnotes":""},"class_list":["post-6136","page","type-page","status-publish","hentry"],"yoast_head":"<!-- This site is optimized with the Yoast SEO Premium plugin v21.5 (Yoast SEO v21.5) - https:\/\/yoast.com\/wordpress\/plugins\/seo\/ -->\n<title>Specifikace p\u0159\u00edv\u011bsu &quot;SB-500&quot; s DPF - SodaBlast Systems<\/title>\n<meta name=\"robots\" content=\"index, follow, max-snippet:-1, max-image-preview:large, max-video-preview:-1\" \/>\n<link rel=\"canonical\" href=\"https:\/\/sodablastsystems-europe.com\/cs\/specifikace-privesu-sb-500-s-dpf\/\" \/>\n<meta property=\"og:locale\" content=\"cs_CZ\" \/>\n<meta property=\"og:type\" content=\"article\" \/>\n<meta property=\"og:title\" content=\"Specifikace p\u0159\u00edv\u011bsu &quot;SB-500&quot; s DPF\" \/>\n<meta property=\"og:description\" content=\"Kompletn\u00ed, t\u0159\u00edslo\u017ekov\u00e1, p\u0159enosn\u00e1 a k pou\u017eit\u00ed p\u0159ipraven\u00e1 sada: Sekce trysk\u00e1n\u00ed SodaBlaster: Chladic\u00ed syst\u00e9m Blaster: \u0160roubov\u00fd vzduchov\u00fd kompresor: Silni\u010dn\u00ed podvozek: Dod\u00e1van\u00e9 p\u0159\u00edslu\u0161enstv\u00ed &#8211; z\u00e1kladn\u00ed balen\u00ed:\" \/>\n<meta property=\"og:url\" content=\"https:\/\/sodablastsystems-europe.com\/cs\/specifikace-privesu-sb-500-s-dpf\/\" \/>\n<meta property=\"og:site_name\" content=\"SodaBlast Systems\" \/>\n<meta property=\"article:publisher\" content=\"https:\/\/www.facebook.com\/sodablastsystems\/\" \/>\n<meta property=\"article:modified_time\" content=\"2025-02-17T14:26:24+00:00\" \/>\n<meta property=\"og:image\" content=\"https:\/\/sodablastsystems-europe.com\/wp-content\/uploads\/2023\/08\/logo-sodablastsystems-usa-1.png\" \/>\n\t<meta property=\"og:image:width\" content=\"200\" \/>\n\t<meta property=\"og:image:height\" content=\"200\" \/>\n\t<meta property=\"og:image:type\" content=\"image\/png\" \/>\n<meta name=\"twitter:card\" content=\"summary_large_image\" \/>\n<meta name=\"twitter:label1\" content=\"Odhadovan\u00e1 doba \u010dten\u00ed\" \/>\n\t<meta name=\"twitter:data1\" content=\"1 minuta\" \/>\n<script type=\"application\/ld+json\" class=\"yoast-schema-graph\">{\"@context\":\"https:\/\/schema.org\",\"@graph\":[{\"@type\":\"WebPage\",\"@id\":\"https:\/\/sodablastsystems-europe.com\/cs\/specifikace-privesu-sb-500-s-dpf\/\",\"url\":\"https:\/\/sodablastsystems-europe.com\/cs\/specifikace-privesu-sb-500-s-dpf\/\",\"name\":\"Specifikace p\u0159\u00edv\u011bsu \\\"SB-500\\\" s DPF - SodaBlast Systems\",\"isPartOf\":{\"@id\":\"https:\/\/sodablastsystems-europe.com\/cs\/#website\"},\"datePublished\":\"2025-02-17T14:24:04+00:00\",\"dateModified\":\"2025-02-17T14:26:24+00:00\",\"breadcrumb\":{\"@id\":\"https:\/\/sodablastsystems-europe.com\/cs\/specifikace-privesu-sb-500-s-dpf\/#breadcrumb\"},\"inLanguage\":\"cs\",\"potentialAction\":[{\"@type\":\"ReadAction\",\"target\":[\"https:\/\/sodablastsystems-europe.com\/cs\/specifikace-privesu-sb-500-s-dpf\/\"]}]},{\"@type\":\"BreadcrumbList\",\"@id\":\"https:\/\/sodablastsystems-europe.com\/cs\/specifikace-privesu-sb-500-s-dpf\/#breadcrumb\",\"itemListElement\":[{\"@type\":\"ListItem\",\"position\":1,\"name\":\"Strona g\u0142\u00f3wna\",\"item\":\"https:\/\/sodablastsystems-europe.com\/cs\/\"},{\"@type\":\"ListItem\",\"position\":2,\"name\":\"Specifikace p\u0159\u00edv\u011bsu &#8222;SB-500&#8220; s DPF\"}]},{\"@type\":\"WebSite\",\"@id\":\"https:\/\/sodablastsystems-europe.com\/cs\/#website\",\"url\":\"https:\/\/sodablastsystems-europe.com\/cs\/\",\"name\":\"SodaBlast Systems Europe\",\"description\":\"SodaBlasting Machines from USA. Innovative Technology For Your Business.\",\"publisher\":{\"@id\":\"https:\/\/sodablastsystems-europe.com\/cs\/#organization\"},\"potentialAction\":[{\"@type\":\"SearchAction\",\"target\":{\"@type\":\"EntryPoint\",\"urlTemplate\":\"https:\/\/sodablastsystems-europe.com\/cs\/?s={search_term_string}\"},\"query-input\":\"required name=search_term_string\"}],\"inLanguage\":\"cs\"},{\"@type\":\"Organization\",\"@id\":\"https:\/\/sodablastsystems-europe.com\/cs\/#organization\",\"name\":\"SodaBlast Systems Europe\",\"url\":\"https:\/\/sodablastsystems-europe.com\/cs\/\",\"logo\":{\"@type\":\"ImageObject\",\"inLanguage\":\"cs\",\"@id\":\"https:\/\/sodablastsystems-europe.com\/cs\/#\/schema\/logo\/image\/\",\"url\":\"https:\/\/sodablastsystems-europe.com\/wp-content\/uploads\/2023\/08\/logo-sodablastsystems-usa-1.png\",\"contentUrl\":\"https:\/\/sodablastsystems-europe.com\/wp-content\/uploads\/2023\/08\/logo-sodablastsystems-usa-1.png\",\"width\":200,\"height\":200,\"caption\":\"SodaBlast Systems Europe\"},\"image\":{\"@id\":\"https:\/\/sodablastsystems-europe.com\/cs\/#\/schema\/logo\/image\/\"},\"sameAs\":[\"https:\/\/www.facebook.com\/sodablastsystems\/\",\"https:\/\/www.tiktok.com\/@sodablast.systems\",\"https:\/\/www.instagram.com\/sodablastsystems_europe\/\",\"https:\/\/www.youtube.com\/@Sodablastsystems\"]}]}<\/script>\n<!-- \/ Yoast SEO Premium plugin. -->","yoast_head_json":{"title":"Specifikace p\u0159\u00edv\u011bsu \"SB-500\" s DPF - SodaBlast Systems","robots":{"index":"index","follow":"follow","max-snippet":"max-snippet:-1","max-image-preview":"max-image-preview:large","max-video-preview":"max-video-preview:-1"},"canonical":"https:\/\/sodablastsystems-europe.com\/cs\/specifikace-privesu-sb-500-s-dpf\/","og_locale":"cs_CZ","og_type":"article","og_title":"Specifikace p\u0159\u00edv\u011bsu \"SB-500\" s DPF","og_description":"Kompletn\u00ed, t\u0159\u00edslo\u017ekov\u00e1, p\u0159enosn\u00e1 a k pou\u017eit\u00ed p\u0159ipraven\u00e1 sada: Sekce trysk\u00e1n\u00ed SodaBlaster: Chladic\u00ed syst\u00e9m Blaster: \u0160roubov\u00fd vzduchov\u00fd kompresor: Silni\u010dn\u00ed podvozek: Dod\u00e1van\u00e9 p\u0159\u00edslu\u0161enstv\u00ed &#8211; z\u00e1kladn\u00ed balen\u00ed:","og_url":"https:\/\/sodablastsystems-europe.com\/cs\/specifikace-privesu-sb-500-s-dpf\/","og_site_name":"SodaBlast Systems","article_publisher":"https:\/\/www.facebook.com\/sodablastsystems\/","article_modified_time":"2025-02-17T14:26:24+00:00","og_image":[{"width":200,"height":200,"url":"https:\/\/sodablastsystems-europe.com\/wp-content\/uploads\/2023\/08\/logo-sodablastsystems-usa-1.png","type":"image\/png"}],"twitter_card":"summary_large_image","twitter_misc":{"Odhadovan\u00e1 doba \u010dten\u00ed":"1 minuta"},"schema":{"@context":"https:\/\/schema.org","@graph":[{"@type":"WebPage","@id":"https:\/\/sodablastsystems-europe.com\/cs\/specifikace-privesu-sb-500-s-dpf\/","url":"https:\/\/sodablastsystems-europe.com\/cs\/specifikace-privesu-sb-500-s-dpf\/","name":"Specifikace p\u0159\u00edv\u011bsu \"SB-500\" s DPF - SodaBlast Systems","isPartOf":{"@id":"https:\/\/sodablastsystems-europe.com\/cs\/#website"},"datePublished":"2025-02-17T14:24:04+00:00","dateModified":"2025-02-17T14:26:24+00:00","breadcrumb":{"@id":"https:\/\/sodablastsystems-europe.com\/cs\/specifikace-privesu-sb-500-s-dpf\/#breadcrumb"},"inLanguage":"cs","potentialAction":[{"@type":"ReadAction","target":["https:\/\/sodablastsystems-europe.com\/cs\/specifikace-privesu-sb-500-s-dpf\/"]}]},{"@type":"BreadcrumbList","@id":"https:\/\/sodablastsystems-europe.com\/cs\/specifikace-privesu-sb-500-s-dpf\/#breadcrumb","itemListElement":[{"@type":"ListItem","position":1,"name":"Strona g\u0142\u00f3wna","item":"https:\/\/sodablastsystems-europe.com\/cs\/"},{"@type":"ListItem","position":2,"name":"Specifikace p\u0159\u00edv\u011bsu &#8222;SB-500&#8220; s DPF"}]},{"@type":"WebSite","@id":"https:\/\/sodablastsystems-europe.com\/cs\/#website","url":"https:\/\/sodablastsystems-europe.com\/cs\/","name":"SodaBlast Systems Europe","description":"SodaBlasting Machines from USA. Innovative Technology For Your Business.","publisher":{"@id":"https:\/\/sodablastsystems-europe.com\/cs\/#organization"},"potentialAction":[{"@type":"SearchAction","target":{"@type":"EntryPoint","urlTemplate":"https:\/\/sodablastsystems-europe.com\/cs\/?s={search_term_string}"},"query-input":"required name=search_term_string"}],"inLanguage":"cs"},{"@type":"Organization","@id":"https:\/\/sodablastsystems-europe.com\/cs\/#organization","name":"SodaBlast Systems Europe","url":"https:\/\/sodablastsystems-europe.com\/cs\/","logo":{"@type":"ImageObject","inLanguage":"cs","@id":"https:\/\/sodablastsystems-europe.com\/cs\/#\/schema\/logo\/image\/","url":"https:\/\/sodablastsystems-europe.com\/wp-content\/uploads\/2023\/08\/logo-sodablastsystems-usa-1.png","contentUrl":"https:\/\/sodablastsystems-europe.com\/wp-content\/uploads\/2023\/08\/logo-sodablastsystems-usa-1.png","width":200,"height":200,"caption":"SodaBlast Systems Europe"},"image":{"@id":"https:\/\/sodablastsystems-europe.com\/cs\/#\/schema\/logo\/image\/"},"sameAs":["https:\/\/www.facebook.com\/sodablastsystems\/","https:\/\/www.tiktok.com\/@sodablast.systems","https:\/\/www.instagram.com\/sodablastsystems_europe\/","https:\/\/www.youtube.com\/@Sodablastsystems"]}]}},"_links":{"self":[{"href":"https:\/\/sodablastsystems-europe.com\/cs\/wp-json\/wp\/v2\/pages\/6136","targetHints":{"allow":["GET"]}}],"collection":[{"href":"https:\/\/sodablastsystems-europe.com\/cs\/wp-json\/wp\/v2\/pages"}],"about":[{"href":"https:\/\/sodablastsystems-europe.com\/cs\/wp-json\/wp\/v2\/types\/page"}],"author":[{"embeddable":true,"href":"https:\/\/sodablastsystems-europe.com\/cs\/wp-json\/wp\/v2\/users\/1"}],"replies":[{"embeddable":true,"href":"https:\/\/sodablastsystems-europe.com\/cs\/wp-json\/wp\/v2\/comments?post=6136"}],"version-history":[{"count":1,"href":"https:\/\/sodablastsystems-europe.com\/cs\/wp-json\/wp\/v2\/pages\/6136\/revisions"}],"predecessor-version":[{"id":6137,"href":"https:\/\/sodablastsystems-europe.com\/cs\/wp-json\/wp\/v2\/pages\/6136\/revisions\/6137"}],"wp:attachment":[{"href":"https:\/\/sodablastsystems-europe.com\/cs\/wp-json\/wp\/v2\/media?parent=6136"}],"curies":[{"name":"wp","href":"https:\/\/api.w.org\/{rel}","templated":true}]}}