{"id":1516,"date":"2023-08-27T08:07:29","date_gmt":"2023-08-27T08:07:29","guid":{"rendered":"https:\/\/sodablastsystems-europe.com\/30minutova-kompilace-uklidu\/"},"modified":"2026-01-08T09:56:10","modified_gmt":"2026-01-08T09:56:10","slug":"30minutova-kompilace-uklidu","status":"publish","type":"page","link":"https:\/\/sodablastsystems-europe.com\/cs\/30minutova-kompilace-uklidu\/","title":{"rendered":"Videa"},"content":{"rendered":"<h1 class=\"wp-block-heading\" id=\"h-30-minute-cleaning-compilation\">30minutov\u00e1 kompilace \u00faklidu<\/h1>\n\n<h2 class=\"wp-block-heading has-large-font-size\" id=\"h-authentic-soda-blasting-effects-sodablast-users-in-action\">Autentick\u00e9 efekty odst\u0159ikov\u00e1n\u00ed sody &#8211; u\u017eivatel\u00e9 SodaBlast v akci<\/h2>\n\n<p>Zveme v\u00e1s ke sledov\u00e1n\u00ed autentick\u00fdch vide\u00ed zaslan\u00fdch na\u0161imi u\u017eivateli z cel\u00e9 Evropy. Tato videa nejen demonstruj\u00ed \u00fa\u010dinnost stroj\u016f SodaBlast Systems, ale tak\u00e9 ukazuj\u00ed rozmanitost aplikac\u00ed a \u017eiv\u00fdch technik trysk\u00e1n\u00ed sodou. Pod\u00edvejte se, jak se na\u0161i klienti vypo\u0159\u00e1d\u00e1vaj\u00ed s v\u00fdzvami v oblasti \u00faklidu, a na velkolep\u00e9 v\u00fdsledky, kter\u00fdch lze dos\u00e1hnout s na\u0161imi \u0159e\u0161en\u00edmi. Ka\u017ed\u00fd klip je skute\u010dn\u00fdm z\u00e1\u017eitkem a opravdovou prom\u011bnou &#8211; renovovan\u00e9 povrchy z\u00edskaj\u00ed zp\u011bt sv\u016fj lesk a uspokojen\u00ed z dob\u0159e odveden\u00e9 pr\u00e1ce je jasn\u011b patrn\u00e9.<\/p>\n\n<p><strong>Klikn\u011bte a pod\u00edvejte se:<\/strong><\/p>\n\n<lite-vimeo videoid=\"858282701\"><\/lite-vimeo>\n\n<p><\/p>","protected":false},"excerpt":{"rendered":"<p>30minutov\u00e1 kompilace \u00faklidu Autentick\u00e9 efekty odst\u0159ikov\u00e1n\u00ed sody &#8211; u\u017eivatel\u00e9 SodaBlast v akci Zveme v\u00e1s ke sledov\u00e1n\u00ed autentick\u00fdch vide\u00ed zaslan\u00fdch na\u0161imi u\u017eivateli z cel\u00e9 Evropy. Tato videa nejen demonstruj\u00ed \u00fa\u010dinnost stroj\u016f SodaBlast Systems, ale tak\u00e9 ukazuj\u00ed rozmanitost aplikac\u00ed a \u017eiv\u00fdch technik trysk\u00e1n\u00ed sodou. Pod\u00edvejte se, jak se na\u0161i klienti vypo\u0159\u00e1d\u00e1vaj\u00ed s v\u00fdzvami v oblasti \u00faklidu, a [&hellip;]<\/p>","protected":false},"author":1,"featured_media":0,"parent":0,"menu_order":0,"comment_status":"closed","ping_status":"closed","template":"strona-bez-tytu-u","meta":{"footnotes":""},"class_list":["post-1516","page","type-page","status-publish","hentry"],"yoast_head":"<!-- This site is optimized with the Yoast SEO Premium plugin v21.5 (Yoast SEO v21.5) - https:\/\/yoast.com\/wordpress\/plugins\/seo\/ -->\n<title>Soda Blasting Videa Kompilace - SodaBlast Systems<\/title>\n<meta name=\"description\" content=\"Pod\u00edvejte se na na\u0161i kompilaci vide\u00ed o trysk\u00e1n\u00ed sodou na adrese SodaBlast Systems Europe. Objevte re\u00e1ln\u00e9 aplikace, kter\u00e9 ukazuj\u00ed odstra\u0148ov\u00e1n\u00ed n\u00e1t\u011br\u016f a rzi, obnovu povrch\u016f a ekologick\u00e1 \u010distic\u00ed \u0159e\u0161en\u00ed.\" \/>\n<meta name=\"robots\" content=\"index, follow, max-snippet:-1, max-image-preview:large, max-video-preview:-1\" \/>\n<link rel=\"canonical\" href=\"https:\/\/sodablastsystems-europe.com\/cs\/30minutova-kompilace-uklidu\/\" \/>\n<meta property=\"og:locale\" content=\"cs_CZ\" \/>\n<meta property=\"og:type\" content=\"article\" \/>\n<meta property=\"og:title\" content=\"Soda Blasting Videa Kompilace - SodaBlast Systems\" \/>\n<meta property=\"og:description\" content=\"Pod\u00edvejte se na na\u0161i kompilaci vide\u00ed o trysk\u00e1n\u00ed sodou na adrese SodaBlast Systems Europe. Objevte re\u00e1ln\u00e9 aplikace, kter\u00e9 ukazuj\u00ed odstra\u0148ov\u00e1n\u00ed n\u00e1t\u011br\u016f a rzi, obnovu povrch\u016f a ekologick\u00e1 \u010distic\u00ed \u0159e\u0161en\u00ed.\" \/>\n<meta property=\"og:url\" content=\"https:\/\/sodablastsystems-europe.com\/cs\/30minutova-kompilace-uklidu\/\" \/>\n<meta property=\"og:site_name\" content=\"SodaBlast Systems\" \/>\n<meta property=\"article:publisher\" content=\"https:\/\/www.facebook.com\/sodablastsystems\/\" \/>\n<meta property=\"article:modified_time\" content=\"2026-01-08T09:56:10+00:00\" \/>\n<meta property=\"og:image\" content=\"https:\/\/sodablastsystems-europe.com\/wp-content\/uploads\/2024\/01\/img_6871.jpeg\" \/>\n<meta name=\"twitter:card\" content=\"summary_large_image\" \/>\n<meta name=\"twitter:title\" content=\"Soda Blasting Videa Kompilace - SodaBlast Systems\" \/>\n<meta name=\"twitter:description\" content=\"Pod\u00edvejte se na na\u0161i kompilaci vide\u00ed o trysk\u00e1n\u00ed sodou na adrese SodaBlast Systems Europe. Objevte re\u00e1ln\u00e9 aplikace, kter\u00e9 ukazuj\u00ed odstra\u0148ov\u00e1n\u00ed n\u00e1t\u011br\u016f a rzi, obnovu povrch\u016f a ekologick\u00e1 \u010distic\u00ed \u0159e\u0161en\u00ed.\" \/>\n<meta name=\"twitter:label1\" content=\"Odhadovan\u00e1 doba \u010dten\u00ed\" \/>\n\t<meta name=\"twitter:data1\" content=\"1 minuta\" \/>\n<script type=\"application\/ld+json\" class=\"yoast-schema-graph\">{\"@context\":\"https:\/\/schema.org\",\"@graph\":[{\"@type\":\"WebPage\",\"@id\":\"https:\/\/sodablastsystems-europe.com\/cs\/30minutova-kompilace-uklidu\/\",\"url\":\"https:\/\/sodablastsystems-europe.com\/cs\/30minutova-kompilace-uklidu\/\",\"name\":\"Soda Blasting Videa Kompilace - SodaBlast Systems\",\"isPartOf\":{\"@id\":\"https:\/\/sodablastsystems-europe.com\/cs\/#website\"},\"datePublished\":\"2023-08-27T08:07:29+00:00\",\"dateModified\":\"2026-01-08T09:56:10+00:00\",\"description\":\"Pod\u00edvejte se na na\u0161i kompilaci vide\u00ed o trysk\u00e1n\u00ed sodou na adrese SodaBlast Systems Europe. Objevte re\u00e1ln\u00e9 aplikace, kter\u00e9 ukazuj\u00ed odstra\u0148ov\u00e1n\u00ed n\u00e1t\u011br\u016f a rzi, obnovu povrch\u016f a ekologick\u00e1 \u010distic\u00ed \u0159e\u0161en\u00ed.\",\"breadcrumb\":{\"@id\":\"https:\/\/sodablastsystems-europe.com\/cs\/30minutova-kompilace-uklidu\/#breadcrumb\"},\"inLanguage\":\"cs\",\"potentialAction\":[{\"@type\":\"ReadAction\",\"target\":[\"https:\/\/sodablastsystems-europe.com\/cs\/30minutova-kompilace-uklidu\/\"]}]},{\"@type\":\"BreadcrumbList\",\"@id\":\"https:\/\/sodablastsystems-europe.com\/cs\/30minutova-kompilace-uklidu\/#breadcrumb\",\"itemListElement\":[{\"@type\":\"ListItem\",\"position\":1,\"name\":\"Strona g\u0142\u00f3wna\",\"item\":\"https:\/\/sodablastsystems-europe.com\/cs\/\"},{\"@type\":\"ListItem\",\"position\":2,\"name\":\"Videa\"}]},{\"@type\":\"WebSite\",\"@id\":\"https:\/\/sodablastsystems-europe.com\/cs\/#website\",\"url\":\"https:\/\/sodablastsystems-europe.com\/cs\/\",\"name\":\"SodaBlast Systems Europe\",\"description\":\"SodaBlasting Machines from USA. Innovative Technology For Your Business.\",\"publisher\":{\"@id\":\"https:\/\/sodablastsystems-europe.com\/cs\/#organization\"},\"potentialAction\":[{\"@type\":\"SearchAction\",\"target\":{\"@type\":\"EntryPoint\",\"urlTemplate\":\"https:\/\/sodablastsystems-europe.com\/cs\/?s={search_term_string}\"},\"query-input\":\"required name=search_term_string\"}],\"inLanguage\":\"cs\"},{\"@type\":\"Organization\",\"@id\":\"https:\/\/sodablastsystems-europe.com\/cs\/#organization\",\"name\":\"SodaBlast Systems Europe\",\"url\":\"https:\/\/sodablastsystems-europe.com\/cs\/\",\"logo\":{\"@type\":\"ImageObject\",\"inLanguage\":\"cs\",\"@id\":\"https:\/\/sodablastsystems-europe.com\/cs\/#\/schema\/logo\/image\/\",\"url\":\"https:\/\/sodablastsystems-europe.com\/wp-content\/uploads\/2023\/08\/logo-sodablastsystems-usa-1.png\",\"contentUrl\":\"https:\/\/sodablastsystems-europe.com\/wp-content\/uploads\/2023\/08\/logo-sodablastsystems-usa-1.png\",\"width\":200,\"height\":200,\"caption\":\"SodaBlast Systems Europe\"},\"image\":{\"@id\":\"https:\/\/sodablastsystems-europe.com\/cs\/#\/schema\/logo\/image\/\"},\"sameAs\":[\"https:\/\/www.facebook.com\/sodablastsystems\/\",\"https:\/\/www.tiktok.com\/@sodablast.systems\",\"https:\/\/www.instagram.com\/sodablastsystems_europe\/\",\"https:\/\/www.youtube.com\/@Sodablastsystems\"]}]}<\/script>\n<!-- \/ Yoast SEO Premium plugin. -->","yoast_head_json":{"title":"Soda Blasting Videa Kompilace - SodaBlast Systems","description":"Pod\u00edvejte se na na\u0161i kompilaci vide\u00ed o trysk\u00e1n\u00ed sodou na adrese SodaBlast Systems Europe. Objevte re\u00e1ln\u00e9 aplikace, kter\u00e9 ukazuj\u00ed odstra\u0148ov\u00e1n\u00ed n\u00e1t\u011br\u016f a rzi, obnovu povrch\u016f a ekologick\u00e1 \u010distic\u00ed \u0159e\u0161en\u00ed.","robots":{"index":"index","follow":"follow","max-snippet":"max-snippet:-1","max-image-preview":"max-image-preview:large","max-video-preview":"max-video-preview:-1"},"canonical":"https:\/\/sodablastsystems-europe.com\/cs\/30minutova-kompilace-uklidu\/","og_locale":"cs_CZ","og_type":"article","og_title":"Soda Blasting Videa Kompilace - SodaBlast Systems","og_description":"Pod\u00edvejte se na na\u0161i kompilaci vide\u00ed o trysk\u00e1n\u00ed sodou na adrese SodaBlast Systems Europe. Objevte re\u00e1ln\u00e9 aplikace, kter\u00e9 ukazuj\u00ed odstra\u0148ov\u00e1n\u00ed n\u00e1t\u011br\u016f a rzi, obnovu povrch\u016f a ekologick\u00e1 \u010distic\u00ed \u0159e\u0161en\u00ed.","og_url":"https:\/\/sodablastsystems-europe.com\/cs\/30minutova-kompilace-uklidu\/","og_site_name":"SodaBlast Systems","article_publisher":"https:\/\/www.facebook.com\/sodablastsystems\/","article_modified_time":"2026-01-08T09:56:10+00:00","og_image":[{"url":"https:\/\/sodablastsystems-europe.com\/wp-content\/uploads\/2024\/01\/img_6871.jpeg"}],"twitter_card":"summary_large_image","twitter_title":"Soda Blasting Videa Kompilace - SodaBlast Systems","twitter_description":"Pod\u00edvejte se na na\u0161i kompilaci vide\u00ed o trysk\u00e1n\u00ed sodou na adrese SodaBlast Systems Europe. Objevte re\u00e1ln\u00e9 aplikace, kter\u00e9 ukazuj\u00ed odstra\u0148ov\u00e1n\u00ed n\u00e1t\u011br\u016f a rzi, obnovu povrch\u016f a ekologick\u00e1 \u010distic\u00ed \u0159e\u0161en\u00ed.","twitter_misc":{"Odhadovan\u00e1 doba \u010dten\u00ed":"1 minuta"},"schema":{"@context":"https:\/\/schema.org","@graph":[{"@type":"WebPage","@id":"https:\/\/sodablastsystems-europe.com\/cs\/30minutova-kompilace-uklidu\/","url":"https:\/\/sodablastsystems-europe.com\/cs\/30minutova-kompilace-uklidu\/","name":"Soda Blasting Videa Kompilace - SodaBlast Systems","isPartOf":{"@id":"https:\/\/sodablastsystems-europe.com\/cs\/#website"},"datePublished":"2023-08-27T08:07:29+00:00","dateModified":"2026-01-08T09:56:10+00:00","description":"Pod\u00edvejte se na na\u0161i kompilaci vide\u00ed o trysk\u00e1n\u00ed sodou na adrese SodaBlast Systems Europe. Objevte re\u00e1ln\u00e9 aplikace, kter\u00e9 ukazuj\u00ed odstra\u0148ov\u00e1n\u00ed n\u00e1t\u011br\u016f a rzi, obnovu povrch\u016f a ekologick\u00e1 \u010distic\u00ed \u0159e\u0161en\u00ed.","breadcrumb":{"@id":"https:\/\/sodablastsystems-europe.com\/cs\/30minutova-kompilace-uklidu\/#breadcrumb"},"inLanguage":"cs","potentialAction":[{"@type":"ReadAction","target":["https:\/\/sodablastsystems-europe.com\/cs\/30minutova-kompilace-uklidu\/"]}]},{"@type":"BreadcrumbList","@id":"https:\/\/sodablastsystems-europe.com\/cs\/30minutova-kompilace-uklidu\/#breadcrumb","itemListElement":[{"@type":"ListItem","position":1,"name":"Strona g\u0142\u00f3wna","item":"https:\/\/sodablastsystems-europe.com\/cs\/"},{"@type":"ListItem","position":2,"name":"Videa"}]},{"@type":"WebSite","@id":"https:\/\/sodablastsystems-europe.com\/cs\/#website","url":"https:\/\/sodablastsystems-europe.com\/cs\/","name":"SodaBlast Systems Europe","description":"SodaBlasting Machines from USA. Innovative Technology For Your Business.","publisher":{"@id":"https:\/\/sodablastsystems-europe.com\/cs\/#organization"},"potentialAction":[{"@type":"SearchAction","target":{"@type":"EntryPoint","urlTemplate":"https:\/\/sodablastsystems-europe.com\/cs\/?s={search_term_string}"},"query-input":"required name=search_term_string"}],"inLanguage":"cs"},{"@type":"Organization","@id":"https:\/\/sodablastsystems-europe.com\/cs\/#organization","name":"SodaBlast Systems Europe","url":"https:\/\/sodablastsystems-europe.com\/cs\/","logo":{"@type":"ImageObject","inLanguage":"cs","@id":"https:\/\/sodablastsystems-europe.com\/cs\/#\/schema\/logo\/image\/","url":"https:\/\/sodablastsystems-europe.com\/wp-content\/uploads\/2023\/08\/logo-sodablastsystems-usa-1.png","contentUrl":"https:\/\/sodablastsystems-europe.com\/wp-content\/uploads\/2023\/08\/logo-sodablastsystems-usa-1.png","width":200,"height":200,"caption":"SodaBlast Systems Europe"},"image":{"@id":"https:\/\/sodablastsystems-europe.com\/cs\/#\/schema\/logo\/image\/"},"sameAs":["https:\/\/www.facebook.com\/sodablastsystems\/","https:\/\/www.tiktok.com\/@sodablast.systems","https:\/\/www.instagram.com\/sodablastsystems_europe\/","https:\/\/www.youtube.com\/@Sodablastsystems"]}]}},"_links":{"self":[{"href":"https:\/\/sodablastsystems-europe.com\/cs\/wp-json\/wp\/v2\/pages\/1516","targetHints":{"allow":["GET"]}}],"collection":[{"href":"https:\/\/sodablastsystems-europe.com\/cs\/wp-json\/wp\/v2\/pages"}],"about":[{"href":"https:\/\/sodablastsystems-europe.com\/cs\/wp-json\/wp\/v2\/types\/page"}],"author":[{"embeddable":true,"href":"https:\/\/sodablastsystems-europe.com\/cs\/wp-json\/wp\/v2\/users\/1"}],"replies":[{"embeddable":true,"href":"https:\/\/sodablastsystems-europe.com\/cs\/wp-json\/wp\/v2\/comments?post=1516"}],"version-history":[{"count":3,"href":"https:\/\/sodablastsystems-europe.com\/cs\/wp-json\/wp\/v2\/pages\/1516\/revisions"}],"predecessor-version":[{"id":6508,"href":"https:\/\/sodablastsystems-europe.com\/cs\/wp-json\/wp\/v2\/pages\/1516\/revisions\/6508"}],"wp:attachment":[{"href":"https:\/\/sodablastsystems-europe.com\/cs\/wp-json\/wp\/v2\/media?parent=1516"}],"curies":[{"name":"wp","href":"https:\/\/api.w.org\/{rel}","templated":true}]}}